{"id":5673,"date":"2022-11-30T16:29:57","date_gmt":"2022-11-30T16:29:57","guid":{"rendered":"https:\/\/fipmed.co\/product\/injection-fiole-20mg-ml\/"},"modified":"2025-11-15T12:27:07","modified_gmt":"2025-11-15T12:27:07","slug":"6x-injection-fiole-20mg-ml","status":"publish","type":"product","link":"https:\/\/fipmed.co\/fr\/produit\/6x-injection-fiole-20mg-ml\/","title":{"rendered":"6x Fipmed Injection 7ml Flacon 20mg\/ml"},"content":{"rendered":"<p class=\"p1\"><span class=\"s1\">FipMed GS-441524 Injection est un traitement efficace de la p\u00e9ritonite infectieuse f\u00e9line (PIF). <\/span><span class=\"s1\">Chaque flacon de FipMed Injection 20mg\/ml contient 7ml.<\/span><\/p>\n<p class=\"p1\"><span class=\"s1\"><strong>Concentration :<span class=\"Apple-converted-space\"> <\/span><\/strong>20mg\/ml<\/span><\/p>\n<p class=\"p1\"><span class=\"s1\"><strong>Volume :<\/strong><span class=\"Apple-converted-space\"> <\/span>7ml par flacon<\/span><\/p>\n<p class=\"p1\"><span class=\"s1\"><strong>Quantit\u00e9 :<\/strong><span class=\"Apple-converted-space\"><strong> <\/strong> 6x<\/span> flacons<\/span><\/p>\n<p>&nbsp;<\/p>\n<p class=\"p1\"><strong><span class=\"s1\">Dosage recommand\u00e9 :<\/span><\/strong><\/p>\n<p class=\"p1\"><span class=\"s1\">10mg\/kg de poids corporel du chat<\/span><\/p>\n<p>&nbsp;<\/p>\n<p class=\"p1\"><span class=\"s1\"><strong>M\u00e9thode de traitement :<\/strong> <\/span><\/p>\n<p class=\"p1\"><span class=\"s1\">1 injection par jour, 7 jours par semaine.<\/span><\/p>\n<p class=\"p1\"><span class=\"s1\">Dur\u00e9e du traitement : minimum 4 semaines (recommand\u00e9), puis comprim\u00e9s ou injection jusqu&rsquo;\u00e0 12 semaines.<\/span><\/p>\n","protected":false},"excerpt":{"rendered":"<p class=\"p1\"><span class=\"s1\">FipMed GS-441524 Injection est un traitement efficace de la p\u00e9ritonite infectieuse f\u00e9line (PIF). <\/span><span class=\"s1\">Chaque flacon de FipMed Injection 20mg\/ml contient 7ml.<\/span><\/p>\n<p class=\"p1\"><span class=\"s1\"><strong>Concentration :<span class=\"Apple-converted-space\"> <\/span><\/strong>20mg\/ml<\/span><\/p>\n<p class=\"p1\"><span class=\"s1\"><strong>Volume :<\/strong><span class=\"Apple-converted-space\"> <\/span>7ml par flacon<\/span><\/p>\n<p class=\"p1\"><span class=\"s1\"><strong>Quantit\u00e9 :<\/strong><span class=\"Apple-converted-space\"><strong> <\/strong> 6x<\/span> flacons<\/span><\/p>\n<p>&nbsp;<\/p>\n<p class=\"p1\"><strong><span class=\"s1\">Dosage recommand\u00e9 :<\/span><\/strong><\/p>\n<p class=\"p1\"><span class=\"s1\">10mg\/kg de poids corporel du chat<\/span><\/p>\n<p class=\"p1\"><span class=\"s1\"><strong>M\u00e9thode de traitement :<\/strong> <\/span><\/p>\n<p class=\"p1\"><span class=\"s1\">1 injection par jour, 7 jours par semaine.<\/span><\/p>\n<p class=\"p1\"><span class=\"s1\">Dur\u00e9e du traitement : minimum 4 semaines (recommand\u00e9), puis suivi de comprim\u00e9s ou poursuite de l&rsquo;injection.<\/span><\/p>\n","protected":false},"featured_media":25142,"template":"","meta":{"_glsr_average":5,"_glsr_ranking":4.625,"_glsr_reviews":30},"product_cat":[374],"product_tag":[],"_links":{"self":[{"href":"https:\/\/fipmed.co\/fr\/wp-json\/wp\/v2\/product\/5673"}],"collection":[{"href":"https:\/\/fipmed.co\/fr\/wp-json\/wp\/v2\/product"}],"about":[{"href":"https:\/\/fipmed.co\/fr\/wp-json\/wp\/v2\/types\/product"}],"wp:featuredmedia":[{"embeddable":true,"href":"https:\/\/fipmed.co\/fr\/wp-json\/wp\/v2\/media\/25142"}],"wp:attachment":[{"href":"https:\/\/fipmed.co\/fr\/wp-json\/wp\/v2\/media?parent=5673"}],"wp:term":[{"taxonomy":"product_cat","embeddable":true,"href":"https:\/\/fipmed.co\/fr\/wp-json\/wp\/v2\/product_cat?post=5673"},{"taxonomy":"product_tag","embeddable":true,"href":"https:\/\/fipmed.co\/fr\/wp-json\/wp\/v2\/product_tag?post=5673"}],"curies":[{"name":"wp","href":"https:\/\/api.w.org\/{rel}","templated":true}]}}