{"id":8533,"date":"2023-08-07T13:23:51","date_gmt":"2023-08-07T13:23:51","guid":{"rendered":"https:\/\/fipmed.co\/?post_type=product&#038;p=8533"},"modified":"2024-05-18T04:56:11","modified_gmt":"2024-05-18T04:56:11","slug":"50x-bandes-fipmed-tablets-40mg-x-10-jours-pour-les-chats-pesant-4kg","status":"publish","type":"product","link":"https:\/\/fipmed.co\/fr\/produit\/50x-bandes-fipmed-tablets-40mg-x-10-jours-pour-les-chats-pesant-4kg\/","title":{"rendered":"UTILISATION V\u00c9T\u00c9RALE : 50x bandes FipMed Comprim\u00e9s x 10 jours (pour les chats de 4kg)"},"content":{"rendered":"<p class=\"p1\"><span class=\"s1\">FipMed GS-441524 comprim\u00e9s est un traitement efficace de la p\u00e9ritonite infectieuse f\u00e9line (PIF).<\/span><\/p>\n<p class=\"p1\"><span class=\"s1\">Chaque comprim\u00e9 FipMed pour chat de 4 kg contient 60 mg de GS-441524. Il est formul\u00e9 pour les chats ne pesant pas plus de 4 kg.<\/span><\/p>\n<p class=\"p1\"><span class=\"s1\">GS-441524 est m\u00e9taboliquement stable. Cependant, la quantit\u00e9 absorb\u00e9e ne sera pas enti\u00e8rement m\u00e9tabolis\u00e9e apr\u00e8s la digestion. La quantit\u00e9 m\u00e9tabolis\u00e9e estim\u00e9e est suffisante pour les PIF humides et secs. Veuillez doubler la dose pour la PIF oculaire et la PIF neurologique. Prenez deux comprim\u00e9s au lieu d&rsquo;un.<\/span><\/p>\n<p class=\"p1\"><span class=\"s1\">Chaque bande contient 10 comprim\u00e9s oraux (10 jours de traitement).<\/span><\/p>\n<p>Quantit\u00e9 : 50x bandes<\/p>\n","protected":false},"excerpt":{"rendered":"<p class=\"p1\"><span class=\"s1\">FipMed GS-441524 comprim\u00e9s est un traitement efficace de la p\u00e9ritonite infectieuse f\u00e9line (PIF).<\/span><\/p>\n<p class=\"p1\"><span class=\"s1\">Chaque comprim\u00e9 FipMed pour chat de 4 kg contient 60 mg de GS-441524. Il est formul\u00e9 pour les chats ne pesant pas plus de 4 kg.<\/span><\/p>\n<p class=\"p1\"><span class=\"s1\">GS-441524 est m\u00e9taboliquement stable. Cependant, la quantit\u00e9 absorb\u00e9e ne sera pas enti\u00e8rement m\u00e9tabolis\u00e9e apr\u00e8s la digestion. La quantit\u00e9 m\u00e9tabolis\u00e9e estim\u00e9e est suffisante pour les PIF humides et secs. Veuillez doubler la dose pour la PIF oculaire et la PIF neurologique. Prenez deux comprim\u00e9s au lieu d&rsquo;un.<\/span><\/p>\n<p class=\"p1\"><span class=\"s1\">Chaque bande contient 10 comprim\u00e9s oraux (10 jours de traitement).<\/span><\/p>\n<p>Quantit\u00e9 : 50x bandes<\/p>\n","protected":false},"featured_media":20133,"template":"","meta":{"_glsr_average":0,"_glsr_ranking":0,"_glsr_reviews":0},"product_cat":[686],"product_tag":[],"_links":{"self":[{"href":"https:\/\/fipmed.co\/fr\/wp-json\/wp\/v2\/product\/8533"}],"collection":[{"href":"https:\/\/fipmed.co\/fr\/wp-json\/wp\/v2\/product"}],"about":[{"href":"https:\/\/fipmed.co\/fr\/wp-json\/wp\/v2\/types\/product"}],"wp:featuredmedia":[{"embeddable":true,"href":"https:\/\/fipmed.co\/fr\/wp-json\/wp\/v2\/media\/20133"}],"wp:attachment":[{"href":"https:\/\/fipmed.co\/fr\/wp-json\/wp\/v2\/media?parent=8533"}],"wp:term":[{"taxonomy":"product_cat","embeddable":true,"href":"https:\/\/fipmed.co\/fr\/wp-json\/wp\/v2\/product_cat?post=8533"},{"taxonomy":"product_tag","embeddable":true,"href":"https:\/\/fipmed.co\/fr\/wp-json\/wp\/v2\/product_tag?post=8533"}],"curies":[{"name":"wp","href":"https:\/\/api.w.org\/{rel}","templated":true}]}}