{"id":8547,"date":"2023-08-07T13:29:19","date_gmt":"2023-08-07T13:29:19","guid":{"rendered":"https:\/\/fipmed.co\/?post_type=product&#038;p=8547"},"modified":"2024-05-21T10:35:02","modified_gmt":"2024-05-21T10:35:02","slug":"vet-use-100x-fipmed-injection-7ml-vial-20mg-ml","status":"publish","type":"product","link":"https:\/\/fipmed.co\/fr\/produit\/vet-use-100x-fipmed-injection-7ml-vial-20mg-ml\/","title":{"rendered":"USAGE V\u00c9T\u00c9RINAIRE : 100x Fipmed Injection 7ml Flacon 20mg\/ml"},"content":{"rendered":"<p class=\"p1\"><span class=\"s1\">FipMed GS-441524 Injection est un traitement efficace de la p\u00e9ritonite infectieuse f\u00e9line (PIF). <\/span><span class=\"s1\">Chaque flacon de FipMed Injection 20mg\/ml contient 7ml.<\/span><\/p>\n<p class=\"p1\"><span class=\"s1\"><strong>Concentration :<span class=\"Apple-converted-space\"> <\/span><\/strong>20mg\/ml<\/span><\/p>\n<p class=\"p1\"><span class=\"s1\"><strong>Volume :<\/strong><span class=\"Apple-converted-space\"> <\/span>7ml par flacon<\/span><\/p>\n<p class=\"p1\"><span class=\"s1\"><strong>Quantit\u00e9 :<\/strong><span class=\"Apple-converted-space\"><strong> <\/strong> 100x<\/span> flacons<\/span><\/p>\n<p>&nbsp;<\/p>\n<p class=\"p1\"><strong><span class=\"s1\">Dosage recommand\u00e9 :<\/span><\/strong><\/p>\n<p class=\"p1\"><span class=\"s1\">PIF humide 6mg\/kg de poids corporel du chat<\/span><\/p>\n<p class=\"p1\"><span class=\"s1\">PIF sec 6mg\/kg de poids corporel du chat<\/span><\/p>\n<p class=\"p1\"><span class=\"s1\">PIF oculaire 8mg\/kg de poids corporel du chat<\/span><\/p>\n<p class=\"p1\"><span class=\"s1\">Neurologique 10mg\/kg de poids corporel du chat<\/span><\/p>\n<p>&nbsp;<\/p>\n<p class=\"p1\"><span class=\"s1\"><strong>M\u00e9thode de traitement :<\/strong> <\/span><\/p>\n<p class=\"p1\"><span class=\"s1\">1 injection par jour, 7 jours par semaine.<\/span><\/p>\n<p class=\"p1\"><span class=\"s1\">Dur\u00e9e du traitement : minimum 4 semaines (recommand\u00e9), puis comprim\u00e9s ou injection jusqu&rsquo;\u00e0 12 semaines.<\/span><\/p>\n","protected":false},"excerpt":{"rendered":"<p class=\"p1\"><span class=\"s1\">FipMed GS-441524 Injection est un traitement efficace de la p\u00e9ritonite infectieuse f\u00e9line (PIF). <\/span><span class=\"s1\">Chaque flacon de FipMed Injection 20mg\/ml contient 7ml.<\/span><\/p>\n<p class=\"p1\"><span class=\"s1\"><strong>Concentration :<span class=\"Apple-converted-space\"> <\/span><\/strong>20mg\/ml<\/span><\/p>\n<p class=\"p1\"><span class=\"s1\"><strong>Volume :<\/strong><span class=\"Apple-converted-space\"> <\/span>7ml par flacon<\/span><\/p>\n<p class=\"p1\"><span class=\"s1\"><strong>Quantit\u00e9 :<\/strong><span class=\"Apple-converted-space\"><strong> <\/strong> 100x<\/span> flacons<\/span><\/p>\n<p>&nbsp;<\/p>\n<p class=\"p1\"><strong><span class=\"s1\">Dosage recommand\u00e9 :<\/span><\/strong><\/p>\n<p class=\"p1\"><span class=\"s1\">PIF humide 6mg\/kg de poids corporel du chat<\/span><\/p>\n<p class=\"p1\"><span class=\"s1\">PIF sec 6mg\/kg de poids corporel du chat<\/span><\/p>\n<p class=\"p1\"><span class=\"s1\">PIF oculaire 8mg\/kg de poids corporel du chat<\/span><\/p>\n<p class=\"p1\"><span class=\"s1\">Neurologique 10mg\/kg de poids corporel du chat<\/span><\/p>\n<p>&nbsp;<\/p>\n<p class=\"p1\"><span class=\"s1\"><strong>M\u00e9thode de traitement :<\/strong> <\/span><\/p>\n<p class=\"p1\"><span class=\"s1\">1 injection par jour, 7 jours par semaine.<\/span><\/p>\n<p class=\"p1\"><span class=\"s1\">Dur\u00e9e du traitement : minimum 4 semaines (recommand\u00e9), puis comprim\u00e9s ou injection jusqu&rsquo;\u00e0 12 semaines.<\/span><\/p>\n","protected":false},"featured_media":22869,"template":"","meta":{"_glsr_average":0,"_glsr_ranking":0,"_glsr_reviews":0},"product_cat":[686],"product_tag":[],"_links":{"self":[{"href":"https:\/\/fipmed.co\/fr\/wp-json\/wp\/v2\/product\/8547"}],"collection":[{"href":"https:\/\/fipmed.co\/fr\/wp-json\/wp\/v2\/product"}],"about":[{"href":"https:\/\/fipmed.co\/fr\/wp-json\/wp\/v2\/types\/product"}],"wp:featuredmedia":[{"embeddable":true,"href":"https:\/\/fipmed.co\/fr\/wp-json\/wp\/v2\/media\/22869"}],"wp:attachment":[{"href":"https:\/\/fipmed.co\/fr\/wp-json\/wp\/v2\/media?parent=8547"}],"wp:term":[{"taxonomy":"product_cat","embeddable":true,"href":"https:\/\/fipmed.co\/fr\/wp-json\/wp\/v2\/product_cat?post=8547"},{"taxonomy":"product_tag","embeddable":true,"href":"https:\/\/fipmed.co\/fr\/wp-json\/wp\/v2\/product_tag?post=8547"}],"curies":[{"name":"wp","href":"https:\/\/api.w.org\/{rel}","templated":true}]}}