{"id":8715,"date":"2023-09-18T08:36:12","date_gmt":"2023-09-18T08:36:12","guid":{"rendered":"https:\/\/fipmed.co\/?post_type=product&#038;p=8715"},"modified":"2025-11-15T12:25:58","modified_gmt":"2025-11-15T12:25:58","slug":"1x-fipmed-injection-7ml-fiole-20mg-ml","status":"publish","type":"product","link":"https:\/\/fipmed.co\/fr\/produit\/1x-fipmed-injection-7ml-fiole-20mg-ml\/","title":{"rendered":"1x Fipmed Injection 7ml Flacon 20mg\/ml"},"content":{"rendered":"<p class=\"p1\"><span class=\"s1\">FipMed GS-441524 Injection est un traitement efficace de la p\u00e9ritonite infectieuse f\u00e9line (PIF). <\/span><span class=\"s1\">Chaque flacon de FipMed Injection 20mg\/ml contient 7ml.<\/span><\/p>\n<p class=\"p1\"><span class=\"s1\"><strong>Concentration : <\/strong>20mg\/ml<\/span><\/p>\n<p class=\"p1\"><span class=\"s1\"><strong>Volume :<\/strong> 7ml par flacon<\/span><\/p>\n<p class=\"p1\"><span class=\"s1\"><strong>Quantit\u00e9 :<\/strong><span class=\"Apple-converted-space\"> 1x<\/span> flacons<\/span><\/p>\n<p>&nbsp;<\/p>\n<p class=\"p1\"><strong><span class=\"s1\">Dosage recommand\u00e9 :<\/span><\/strong><\/p>\n<p class=\"p1\"><span class=\"s1\">PIF humide 6mg\/kg de poids corporel du chat<\/span><\/p>\n<p class=\"p1\"><span class=\"s1\">PIF sec 8mg\/kg de poids corporel du chat<\/span><\/p>\n<p class=\"p1\"><span class=\"s1\">PIF oculaire 10mg\/kg de poids corporel du chat<\/span><\/p>\n<p class=\"p1\"><span class=\"s1\">Neurologique 10mg\/kg de poids corporel du chat<\/span><\/p>\n<p>&nbsp;<\/p>\n<p class=\"p1\"><span class=\"s1\"><strong>M\u00e9thode de traitement :<\/strong> <\/span><\/p>\n<p class=\"p1\"><span class=\"s1\">1 injection par jour, 7 jours par semaine.<\/span><\/p>\n<p class=\"p1\"><span class=\"s1\">Dur\u00e9e du traitement : minimum 4 semaines (recommand\u00e9), puis suivi de comprim\u00e9s ou poursuite de l&rsquo;injection.<\/span><\/p>\n","protected":false},"excerpt":{"rendered":"<p class=\"p1\"><span class=\"s1\">FipMed GS-441524 Injection est un traitement efficace de la p\u00e9ritonite infectieuse f\u00e9line (PIF). <\/span><span class=\"s1\">Chaque flacon de FipMed Injection 20mg\/ml contient 7ml.<\/span><\/p>\n<p class=\"p1\"><span class=\"s1\"><strong>Concentration : <\/strong>20mg\/ml<\/span><\/p>\n<p class=\"p1\"><span class=\"s1\"><strong>Volume :<\/strong> 7ml par flacon<\/span><\/p>\n<p class=\"p1\"><span class=\"s1\"><strong>Quantit\u00e9 :<\/strong><span class=\"Apple-converted-space\"> 1x<\/span> flacons<\/span><\/p>\n<p>&nbsp;<\/p>\n<p class=\"p1\"><strong><span class=\"s1\">Dosage recommand\u00e9 :<\/span><\/strong><\/p>\n<p class=\"p1\"><span class=\"s1\">PIF humide 6mg\/kg de poids corporel du chat<\/span><\/p>\n<p class=\"p1\"><span class=\"s1\">PIF sec 8mg\/kg de poids corporel du chat<\/span><\/p>\n<p class=\"p1\"><span class=\"s1\">PIF oculaire 10mg\/kg de poids corporel du chat<\/span><\/p>\n<p class=\"p1\"><span class=\"s1\">Neurologique 10mg\/kg de poids corporel du chat<\/span><\/p>\n<p class=\"p1\"><span class=\"s1\"><strong>M\u00e9thode de traitement :<\/strong> <\/span><\/p>\n<p class=\"p1\"><span class=\"s1\">1 injection par jour, 7 jours par semaine.<\/span><\/p>\n<p class=\"p1\"><span class=\"s1\">Dur\u00e9e du traitement : minimum 4 semaines (recommand\u00e9), puis suivi de comprim\u00e9s ou poursuite de l&rsquo;injection.<\/span><\/p>\n","protected":false},"featured_media":5319,"template":"","meta":{"_glsr_average":0,"_glsr_ranking":0,"_glsr_reviews":0},"product_cat":[374],"product_tag":[],"_links":{"self":[{"href":"https:\/\/fipmed.co\/fr\/wp-json\/wp\/v2\/product\/8715"}],"collection":[{"href":"https:\/\/fipmed.co\/fr\/wp-json\/wp\/v2\/product"}],"about":[{"href":"https:\/\/fipmed.co\/fr\/wp-json\/wp\/v2\/types\/product"}],"wp:featuredmedia":[{"embeddable":true,"href":"https:\/\/fipmed.co\/fr\/wp-json\/wp\/v2\/media\/5319"}],"wp:attachment":[{"href":"https:\/\/fipmed.co\/fr\/wp-json\/wp\/v2\/media?parent=8715"}],"wp:term":[{"taxonomy":"product_cat","embeddable":true,"href":"https:\/\/fipmed.co\/fr\/wp-json\/wp\/v2\/product_cat?post=8715"},{"taxonomy":"product_tag","embeddable":true,"href":"https:\/\/fipmed.co\/fr\/wp-json\/wp\/v2\/product_tag?post=8715"}],"curies":[{"name":"wp","href":"https:\/\/api.w.org\/{rel}","templated":true}]}}