{"id":21621,"date":"2022-11-25T15:16:30","date_gmt":"2022-11-25T15:16:30","guid":{"rendered":"https:\/\/fipmed.co\/fip-visszateresi-politika\/"},"modified":"2024-07-17T04:45:24","modified_gmt":"2024-07-17T04:45:24","slug":"fip-visszateresi-politika","status":"publish","type":"page","link":"https:\/\/fipmed.co\/hu\/fip-visszateresi-politika\/","title":{"rendered":"FIP Visszat\u00e9r\u00e9si politika"},"content":{"rendered":"\t\t<div data-elementor-type=\"wp-page\" data-elementor-id=\"21621\" class=\"elementor elementor-21621 elementor-34\">\n\t\t\t\t\t\t<section class=\"elementor-section elementor-top-section elementor-element elementor-element-c3897a7 elementor-section-boxed elementor-section-height-default elementor-section-height-default\" data-id=\"c3897a7\" data-element_type=\"section\">\n\t\t\t\t\t\t<div class=\"elementor-container elementor-column-gap-default\">\n\t\t\t\t\t<div class=\"elementor-column elementor-col-100 elementor-top-column elementor-element elementor-element-32e3bf0\" data-id=\"32e3bf0\" data-element_type=\"column\">\n\t\t\t<div class=\"elementor-widget-wrap elementor-element-populated\">\n\t\t\t\t\t\t<div class=\"elementor-element elementor-element-c7b81b6 elementor-widget elementor-widget-text-editor\" data-id=\"c7b81b6\" data-element_type=\"widget\" data-widget_type=\"text-editor.default\">\n\t\t\t\t<div class=\"elementor-widget-container\">\n\t\t\t\t\t\t\t\t\t<p><span style=\"font-kerning: none;\">Ez a FIP visszat\u00e9r\u00e9si szab\u00e1lyzatunk. Biztosak vagyunk a GS-441524 ter\u00e1pia hat\u00e9konys\u00e1g\u00e1ban. Ha a GS-441524 ter\u00e1pi\u00e1nk nem tudja megmenteni macsk\u00e1j\u00e1t a FIP-t\u0151l, akkor a fel nem haszn\u00e1lt injekci\u00f3s \u00fcvegek \u00e9s a bontatlan tablettacs\u00edkok 50%-\u00e1t visszat\u00e9r\u00edtj\u00fck. A term\u00e9keket nem tudjuk tov\u00e1bb\u00e9rt\u00e9kes\u00edteni, de macskamenhelyeknek adom\u00e1nyozzuk.  <\/span><\/p>\n<p><span style=\"font-kerning: none;\">Felh\u00edvjuk figyelm\u00e9t, hogy ez a visszat\u00e9r\u00edt\u00e9s csak azon tulajdonosoknak j\u00e1r, akiknek a macsk\u00e1ja elpusztult, \u00e9s nem siker\u00fclt megmenteni annak ellen\u00e9re, hogy legal\u00e1bb 14 napig megfelel\u0151en kezelt\u00e9k a Fipmed term\u00e9keivel.  <\/span><\/p>\n<p><span style=\"font-kerning: none;\">A megv\u00e1s\u00e1rolt term\u00e9knek nem haszn\u00e1ltnak \u00e9s ugyanolyan \u00e1llapotban kell lennie, mint ahogyan \u00e1tvette. A term\u00e9knek az eredeti csomagol\u00e1sban kell lennie.<\/span><\/p>\n<p><span style=\"font-kerning: none;\">Ez a garancia a reklam\u00e1ci\u00f3 beny\u00fajt\u00e1s\u00e1t\u00f3l sz\u00e1m\u00edtott 21 napon bel\u00fcl v\u00e1s\u00e1rolt fiol\u00e1kra vagy tablett\u00e1kra vonatkozik. A sz\u00e1ll\u00edt\u00e1si d\u00edjak, a sz\u00e1ll\u00edt\u00e1si anyagok, a munkaer\u0151 \u00e9s a tranzakci\u00f3s k\u00f6lts\u00e9gek, p\u00e9ld\u00e1ul a fizet\u00e9si \u00e1tj\u00e1r\u00f3 d\u00edjainak fedez\u00e9s\u00e9re 80 USD d\u00edjat sz\u00e1m\u00edtunk fel.<\/span><\/p>\n<p><span style=\"font-kerning: none;\">A felbontatlan \u00fcvegeket 3-8 \u00b0C-on vagy kapszul\u00e1k eset\u00e9ben szobah\u0151m\u00e9rs\u00e9kleten, k\u00f6zvetlen napf\u00e9nyt\u0151l v\u00e9dve kell t\u00e1rolni, am\u00edg vissza nem kapjuk \u0151ket.<\/span><\/p>\n<p><span style=\"color: var( --e-global-color-text ); font-weight: var( --e-global-typography-text-font-weight );\">A vissza\u00e9l\u00e9sek megel\u0151z\u00e9se \u00e9rdek\u00e9ben a k\u00f6vetkez\u0151 dokumentumokra van sz\u00fcks\u00e9g\u00fcnk (legal\u00e1bb) az \u00d6n ig\u00e9ny\u00e9nek feldolgoz\u00e1s\u00e1hoz:<\/span><\/p>\n<ol>\n<li>Csatolja a h\u00e1zi\u00e1llat FIP-diagn\u00f3zis\u00e1r\u00f3l sz\u00f3l\u00f3 jelent\u00e9st \u00e9s a v\u00e9rvizsg\u00e1latokat a FIP meger\u0151s\u00edt\u00e9s\u00e9re.<\/li>\n<\/ol>\n<ol start=\"2\">\n<li>Az \u00d6n \u00e1llatorvos\u00e1t\u00f3l sz\u00e1rmaz\u00f3 k\u00f3rt\u00f6rt\u00e9neti feljegyz\u00e9sek, aki kezelte az \u00d6n h\u00e1zi\u00e1llat\u00e1t, valamint az orvos igazol\u00e1sa arr\u00f3l, hogy a macsk\u00e1ja FIP-ben halt meg.<\/li>\n<\/ol>\n<ol start=\"3\">\n<li>Ugyanatt\u00f3l az \u00e1llatorvost\u00f3l sz\u00e1rmaz\u00f3 keltezett nyugt\u00e1k.<\/li>\n<\/ol>\n<ol start=\"4\">\n<li>Kit\u00f6lt\u00f6tt bevall\u00e1si \u0171rlap (k\u00e9rj\u00fck, t\u00f6ltse le <a href=\"http:\/\/fipmed.co\/wp-content\/uploads\/2023\/11\/FIPMed_Returns-Form.pdf\">innen<\/a>)<\/li>\n<li>Banki adatok &#8211; a kifizet\u00e9s csak \u00d6nnek vagy a kezel\u0151 \u00e1llatorvosnak t\u00f6rt\u00e9nhet.<\/li>\n<\/ol>\n<p>A fenti dokumentumok beny\u00fajt\u00e1sa az ig\u00e9nye al\u00e1t\u00e1maszt\u00e1s\u00e1ra seg\u00edt nek\u00fcnk abban, hogy k\u00e9sedelem n\u00e9lk\u00fcl feldolgozzuk \u00e9s kiadjuk a visszat\u00e9r\u00edt\u00e9st. Felvehetj\u00fck a kapcsolatot az \u00e1llatorvosi szolg\u00e1ltat\u00f3val vagy \u00d6nnel, ha tov\u00e1bbi inform\u00e1ci\u00f3kra van sz\u00fcks\u00e9g\u00fcnk az ig\u00e9nye al\u00e1t\u00e1maszt\u00e1s\u00e1hoz.<\/p>\n<p><span style=\"font-kerning: none;\">  Ennek elmulaszt\u00e1sa a k\u00f6vetel\u00e9s kifizet\u00e9s\u00e9nek megtagad\u00e1s\u00e1t eredm\u00e9nyezi, kiv\u00e9ve, ha kiv\u00e9teles k\u00f6r\u00fclm\u00e9nyek \u00e1llnak fenn.<\/span><\/p>\n<p><span style=\"font-kerning: none;\"><b>MEGJEGYZ\u00c9S:<\/b><\/span><\/p>\n<p><span style=\"font-kerning: none;\">&#8211; Ez a garancia nem vonatkozik az adom\u00e1nyoz\u00e1si programon kereszt\u00fcl t\u00f6rt\u00e9n\u0151 v\u00e1s\u00e1rl\u00e1sokra.<\/span><\/p>\n<p><span style=\"color: var( --e-global-color-text ); font-weight: var( --e-global-typography-text-font-weight );\">&#8211; A visszak\u00fcld\u00e9s k\u00f6lts\u00e9gei, valamint a kezdeti sz\u00e1ll\u00edt\u00e1s k\u00f6lts\u00e9gei az \u00fcgyfeleket terhelik.<\/span><\/p>\n<p><span style=\"font-kerning: none;\">&#8211; A term\u00e9k \u00e1tv\u00e9telekor ellen\u0151rizz\u00fck a term\u00e9ket, \u00e9s k\u00f6z\u00f6lj\u00fck \u00d6nnel, hogy megkaptuk a visszak\u00fcld\u00f6tt term\u00e9ket. A t\u00e9tel ellen\u0151rz\u00e9se ut\u00e1n gyorsan t\u00e1j\u00e9koztatjuk \u00d6nt a visszat\u00e9r\u00edt\u00e9s st\u00e1tusz\u00e1r\u00f3l.<\/span><\/p>\n<p>&#8211; K\u00e9rj\u00fck, hogy az \u00d6n sz\u00e1ml\u00e1j\u00e1ra t\u00f6rt\u00e9n\u0151 visszat\u00e9r\u00edt\u00e9sre legfeljebb 14 munkanap \u00e1lljon rendelkez\u00e9sre att\u00f3l sz\u00e1m\u00edtva, hogy a t\u00e9telek meg\u00e9rkeztek a rakt\u00e1runkba.<\/p>\n<p>&#8211; Amint befejezt\u00fck a visszat\u00e9r\u00edt\u00e9si folyamatot, k\u00fcld\u00fcnk \u00d6nnek egy e-mailt.<\/p>\n<p><span style=\"font-kerning: none;\">&#8211; Ha a visszak\u00fcld\u00e9st elfogadjuk, kezdem\u00e9nyezz\u00fck a visszat\u00e9r\u00edt\u00e9st a hitelk\u00e1rty\u00e1j\u00e1ra vagy banksz\u00e1ml\u00e1j\u00e1ra.  <\/span><\/p>\n<p><span style=\"font-kerning: none;\">&#8211; A k\u00e1rtyakibocs\u00e1t\u00f3 korl\u00e1toz\u00e1sait\u00f3l f\u00fcgg\u0151en meghat\u00e1rozott sz\u00e1m\u00fa napon bel\u00fcl megkapja a visszat\u00e9r\u00edt\u00e9st.<\/span><\/p>\n<p><span style=\"font-kerning: none;\">&#8211; \u00d6n fizeti a sz\u00e1ll\u00edt\u00e1si k\u00f6lts\u00e9geket, amikor visszak\u00fcldi nek\u00fcnk a term\u00e9ket. A sz\u00e1ll\u00edt\u00e1si k\u00f6lts\u00e9g nem visszat\u00e9r\u00edthet\u0151.<\/span><\/p>\n<p>&#8211; Addig nem tudjuk enged\u00e9lyezni vagy garant\u00e1lni, hogy az \u00d6n ig\u00e9ny\u00e9t kifizetj\u00fck, am\u00edg nem kapjuk meg a teljesen kit\u00f6lt\u00f6tt ig\u00e9nyl\u0151lapot, \u00e9s nem fejezt\u00fck be az ig\u00e9ny elb\u00edr\u00e1l\u00e1s\u00e1t.<\/p>\n<p>&#8211; Azokat a term\u00e9keket, amelyek nem felelnek meg a visszak\u00fcld\u00e9sre vonatkoz\u00f3 ir\u00e1nyelveinknek, vagy amelyeket visszak\u00fcld\u00e9si bizonylat n\u00e9lk\u00fcl k\u00fcldtek vissza, nem t\u00e9r\u00edtj\u00fck vissza.<\/p>\n<p><span style=\"font-kerning: none;\">K\u00e9rj\u00fck, vegye fel vel\u00fcnk a kapcsolatot, ha b\u00e1rmilyen k\u00e9rd\u00e9se van azzal kapcsolatban, hogyan k\u00fcldheti vissza nek\u00fcnk a v\u00e1s\u00e1rl\u00e1sait.<\/span><\/p>\n\t\t\t\t\t\t\t\t<\/div>\n\t\t\t\t<\/div>\n\t\t\t\t\t<\/div>\n\t\t<\/div>\n\t\t\t\t\t<\/div>\n\t\t<\/section>\n\t\t\t\t<\/div>\n\t\t","protected":false},"excerpt":{"rendered":"<p>Ez a FIP visszat\u00e9r\u00e9si szab\u00e1lyzatunk. Biztosak vagyunk a GS-441524 ter\u00e1pia hat\u00e9konys\u00e1g\u00e1ban. Ha a GS-441524 ter\u00e1pi\u00e1nk nem tudja megmenteni macsk\u00e1j\u00e1t a FIP-t\u0151l, akkor a fel nem haszn\u00e1lt injekci\u00f3s \u00fcvegek \u00e9s a bontatlan tablettacs\u00edkok 50%-\u00e1t visszat\u00e9r\u00edtj\u00fck. A term\u00e9keket nem tudjuk tov\u00e1bb\u00e9rt\u00e9kes\u00edteni, de macskamenhelyeknek adom\u00e1nyozzuk. Felh\u00edvjuk figyelm\u00e9t, hogy ez a visszat\u00e9r\u00edt\u00e9s csak azon tulajdonosoknak j\u00e1r, akiknek a macsk\u00e1ja [&hellip;]<\/p>\n","protected":false},"author":1,"featured_media":0,"parent":0,"menu_order":0,"comment_status":"closed","ping_status":"closed","template":"","meta":{"_glsr_average":0,"_glsr_ranking":0,"_glsr_reviews":0,"footnotes":""},"categories":[],"tags":[],"_links":{"self":[{"href":"https:\/\/fipmed.co\/hu\/wp-json\/wp\/v2\/pages\/21621"}],"collection":[{"href":"https:\/\/fipmed.co\/hu\/wp-json\/wp\/v2\/pages"}],"about":[{"href":"https:\/\/fipmed.co\/hu\/wp-json\/wp\/v2\/types\/page"}],"author":[{"embeddable":true,"href":"https:\/\/fipmed.co\/hu\/wp-json\/wp\/v2\/users\/1"}],"replies":[{"embeddable":true,"href":"https:\/\/fipmed.co\/hu\/wp-json\/wp\/v2\/comments?post=21621"}],"version-history":[{"count":2,"href":"https:\/\/fipmed.co\/hu\/wp-json\/wp\/v2\/pages\/21621\/revisions"}],"predecessor-version":[{"id":21623,"href":"https:\/\/fipmed.co\/hu\/wp-json\/wp\/v2\/pages\/21621\/revisions\/21623"}],"wp:attachment":[{"href":"https:\/\/fipmed.co\/hu\/wp-json\/wp\/v2\/media?parent=21621"}],"wp:term":[{"taxonomy":"category","embeddable":true,"href":"https:\/\/fipmed.co\/hu\/wp-json\/wp\/v2\/categories?post=21621"},{"taxonomy":"post_tag","embeddable":true,"href":"https:\/\/fipmed.co\/hu\/wp-json\/wp\/v2\/tags?post=21621"}],"curies":[{"name":"wp","href":"https:\/\/api.w.org\/{rel}","templated":true}]}}