{"id":21642,"date":"2023-11-20T03:02:35","date_gmt":"2023-11-20T03:02:35","guid":{"rendered":"https:\/\/fipmed.co\/fipmed-lemondasi-szabalyzat\/"},"modified":"2024-07-17T04:51:14","modified_gmt":"2024-07-17T04:51:14","slug":"fipmed-lemondasi-szabalyzat","status":"publish","type":"page","link":"https:\/\/fipmed.co\/hu\/fipmed-lemondasi-szabalyzat\/","title":{"rendered":"FIPMed lemond\u00e1si szab\u00e1lyzat"},"content":{"rendered":"\t\t<div data-elementor-type=\"wp-page\" data-elementor-id=\"21642\" class=\"elementor elementor-21642 elementor-14413\">\n\t\t\t\t\t\t<section class=\"elementor-section elementor-top-section elementor-element elementor-element-c3897a7 elementor-section-boxed elementor-section-height-default elementor-section-height-default\" data-id=\"c3897a7\" data-element_type=\"section\">\n\t\t\t\t\t\t<div class=\"elementor-container elementor-column-gap-default\">\n\t\t\t\t\t<div class=\"elementor-column elementor-col-100 elementor-top-column elementor-element elementor-element-32e3bf0\" data-id=\"32e3bf0\" data-element_type=\"column\">\n\t\t\t<div class=\"elementor-widget-wrap elementor-element-populated\">\n\t\t\t\t\t\t<div class=\"elementor-element elementor-element-c7b81b6 elementor-widget elementor-widget-text-editor\" data-id=\"c7b81b6\" data-element_type=\"widget\" data-widget_type=\"text-editor.default\">\n\t\t\t\t<div class=\"elementor-widget-container\">\n\t\t\t\t\t\t\t\t\t<p>Csapatunk mindent megtesz annak \u00e9rdek\u00e9ben, hogy megrendel\u00e9s\u00e9t a lehet\u0151 leggyorsabban sz\u00e1ll\u00edts\u00e1k. Ez az \u00f6sszes term\u00e9k\u00fcnk id\u0151\u00e9rz\u00e9keny jelleg\u00e9b\u0151l ad\u00f3dik, \u00e9s arra t\u00f6reksz\u00fcnk, hogy minden \u00fcgyfel\u00fcnk a lehet\u0151 leghamarabb megkapja a sz\u00e1ll\u00edt\u00e1st.<\/p>\n<p>Ez\u00e9rt a megrendel\u00e9s ut\u00e1ni lemond\u00e1s s\u00falyosan megzavarja a folyamatunkat.<\/p>\n<p>Meg\u00e9rtj\u00fck azonban, hogy el\u0151fordulhatnak olyan k\u00f6r\u00fclm\u00e9nyek, amelyek miatt a megrendel\u00e9st r\u00f6viddel annak lead\u00e1sa ut\u00e1n le kell mondania. A lemond\u00e1sok feldolgoz\u00e1s\u00e1val kapcsolatos adminisztrat\u00edv k\u00f6lts\u00e9gek fedez\u00e9s\u00e9re a k\u00f6vetkez\u0151 lemond\u00e1si d\u00edjpolitik\u00e1t vezett\u00fck be. K\u00e9rj\u00fck, figyelmesen tekintse \u00e1t az al\u00e1bbi r\u00e9szleteket:<\/p>\n<p><b>1. <\/b>Az \u00fcgyfelek a megrendel\u00e9s lead\u00e1s\u00e1t\u00f3l sz\u00e1m\u00edtott legfeljebb 3 \u00f3r\u00e1n bel\u00fcl k\u00e9rhetik a lemond\u00e1st. Az ezen id\u0151keret ut\u00e1n be\u00e9rkez\u0151 lemond\u00e1si k\u00e9relmek nem jogosultak semmilyen megrendel\u00e9s lemond\u00e1si folyamatra, hanem a visszat\u00e9r\u00edt\u00e9si szab\u00e1lyzatunk vonatkozik r\u00e1juk.<\/p>\n<p><b>2. <\/b>A megadott 3 \u00f3r\u00e1s hat\u00e1rid\u0151n bel\u00fcl t\u00f6rt\u00e9n\u0151 lemond\u00e1s eset\u00e9n 50 USD lemond\u00e1si d\u00edj ker\u00fcl felsz\u00e1m\u00edt\u00e1sra a lemond\u00e1s feldolgoz\u00e1s\u00e1val \u00e9s kezel\u00e9s\u00e9vel kapcsolatos adminisztrat\u00edv k\u00f6lts\u00e9gek fedez\u00e9s\u00e9re. Ez a d\u00edj levon\u00e1sra ker\u00fcl a teljes lemond\u00e1si visszat\u00e9r\u00edt\u00e9s \u00f6sszeg\u00e9b\u0151l.<\/p>\n<p>3. A sz\u00e1ll\u00edt\u00e1si d\u00edjak \u00e9s a digit\u00e1lis term\u00e9kek nem t\u00e9r\u00edthet\u0151k vissza, \u00e9s levon\u00e1sra ker\u00fclnek a visszat\u00e9r\u00edtett \u00f6sszegb\u0151l.<\/p>\n<p>4. Ezen k\u00edv\u00fcl 30 USD levon\u00e1sra ker\u00fcl, hogy fedezze a m\u00e1r felsz\u00e1m\u00edtott fizet\u00e9si \u00e1tj\u00e1r\u00e1si d\u00edjakat.&nbsp;<\/p>\n<p><b>5. <\/b>A lemond\u00e1s kezdem\u00e9nyez\u00e9s\u00e9hez k\u00e9rj\u00fck, hogy a lehet\u0151 leghamarabb l\u00e9pjen kapcsolatba \u00fcgyf\u00e9lszolg\u00e1lati csapatunkkal a 3 \u00f3r\u00e1s id\u0151ablakon bel\u00fcl. \u00dcgyf\u00e9lszolg\u00e1latunkat a megrendel\u00e9st visszaigazol\u00f3 e-mail v\u00e1lasz\u00e1val \u00e9rheti el.<\/p>\n<p><strong>6.&nbsp;<\/strong> A lemond\u00e1si k\u00e9relem j\u00f3v\u00e1hagy\u00e1s\u00e1t k\u00f6vet\u0151en a visszat\u00e9r\u00edt\u00e9st azonnal feldolgozz\u00e1k, \u00e9s az \u00f6sszeget visszat\u00e9r\u00edtik az eredeti fizet\u00e9si m\u00f3dra. K\u00e9rj\u00fck, v\u00e1rjon legfeljebb 14 munkanapot, am\u00edg a visszat\u00e9r\u00edt\u00e9s megjelenik a sz\u00e1ml\u00e1j\u00e1n.<\/p>\n<p>Azzal, hogy megrendel\u00e9st ad le n\u00e1lunk, \u00d6n elismeri, hogy elolvasta, meg\u00e9rtette \u00e9s elfogadta a lemond\u00e1si d\u00edj szab\u00e1lyzatunkat.<\/p>\n<p>Ha b\u00e1rmilyen k\u00e9rd\u00e9se vagy agg\u00e1lya van a lemond\u00e1si d\u00edjjal kapcsolatos szab\u00e1lyzatunkkal kapcsolatban, k\u00e9rj\u00fck, forduljon seg\u00edts\u00e9g\u00e9rt \u00fcgyf\u00e9lszolg\u00e1lati csapatunkhoz.<\/p>\n<p>K\u00f6sz\u00f6nj\u00fck, hogy a Fipmed.co-t v\u00e1lasztotta. Nagyra \u00e9rt\u00e9kelj\u00fck meg\u00e9rt\u00e9s\u00fcket \u00e9s egy\u00fcttm\u0171k\u00f6d\u00e9s\u00fcket. Minden j\u00f3t a FIP elleni k\u00fczdelemhez.&nbsp;<\/p>\t\t\t\t\t\t\t\t<\/div>\n\t\t\t\t<\/div>\n\t\t\t\t\t<\/div>\n\t\t<\/div>\n\t\t\t\t\t<\/div>\n\t\t<\/section>\n\t\t\t\t<\/div>\n\t\t","protected":false},"excerpt":{"rendered":"<p>Csapatunk mindent megtesz annak \u00e9rdek\u00e9ben, hogy megrendel\u00e9s\u00e9t a lehet\u0151 leggyorsabban sz\u00e1ll\u00edts\u00e1k. Ez az \u00f6sszes term\u00e9k\u00fcnk id\u0151\u00e9rz\u00e9keny jelleg\u00e9b\u0151l ad\u00f3dik, \u00e9s arra t\u00f6reksz\u00fcnk, hogy minden \u00fcgyfel\u00fcnk a lehet\u0151 leghamarabb megkapja a sz\u00e1ll\u00edt\u00e1st. Ez\u00e9rt a megrendel\u00e9s ut\u00e1ni lemond\u00e1s s\u00falyosan megzavarja a folyamatunkat. Meg\u00e9rtj\u00fck azonban, hogy el\u0151fordulhatnak olyan k\u00f6r\u00fclm\u00e9nyek, amelyek miatt a megrendel\u00e9st r\u00f6viddel annak lead\u00e1sa ut\u00e1n le kell [&hellip;]<\/p>\n","protected":false},"author":1,"featured_media":0,"parent":0,"menu_order":0,"comment_status":"closed","ping_status":"closed","template":"","meta":{"_glsr_average":0,"_glsr_ranking":0,"_glsr_reviews":0,"footnotes":""},"categories":[],"tags":[],"_links":{"self":[{"href":"https:\/\/fipmed.co\/hu\/wp-json\/wp\/v2\/pages\/21642"}],"collection":[{"href":"https:\/\/fipmed.co\/hu\/wp-json\/wp\/v2\/pages"}],"about":[{"href":"https:\/\/fipmed.co\/hu\/wp-json\/wp\/v2\/types\/page"}],"author":[{"embeddable":true,"href":"https:\/\/fipmed.co\/hu\/wp-json\/wp\/v2\/users\/1"}],"replies":[{"embeddable":true,"href":"https:\/\/fipmed.co\/hu\/wp-json\/wp\/v2\/comments?post=21642"}],"version-history":[{"count":2,"href":"https:\/\/fipmed.co\/hu\/wp-json\/wp\/v2\/pages\/21642\/revisions"}],"predecessor-version":[{"id":21644,"href":"https:\/\/fipmed.co\/hu\/wp-json\/wp\/v2\/pages\/21642\/revisions\/21644"}],"wp:attachment":[{"href":"https:\/\/fipmed.co\/hu\/wp-json\/wp\/v2\/media?parent=21642"}],"wp:term":[{"taxonomy":"category","embeddable":true,"href":"https:\/\/fipmed.co\/hu\/wp-json\/wp\/v2\/categories?post=21642"},{"taxonomy":"post_tag","embeddable":true,"href":"https:\/\/fipmed.co\/hu\/wp-json\/wp\/v2\/tags?post=21642"}],"curies":[{"name":"wp","href":"https:\/\/api.w.org\/{rel}","templated":true}]}}