{"id":21676,"date":"2022-12-02T07:30:30","date_gmt":"2022-12-02T07:30:30","guid":{"rendered":"https:\/\/fipmed.co\/fip-kezelesek-injekciok-vs-tablettak\/"},"modified":"2024-07-17T05:08:03","modified_gmt":"2024-07-17T05:08:03","slug":"fip-kezelesek-injekciok-vs-tablettak","status":"publish","type":"page","link":"https:\/\/fipmed.co\/hu\/fip-kezelesek-injekciok-vs-tablettak\/","title":{"rendered":"FIP kezel\u00e9sek: FIP injekci\u00f3k vs FIP tablett\u00e1k vagy tablett\u00e1k"},"content":{"rendered":"<p>A GS-441524 v\u00edrusellenes gy\u00f3gyszer kiv\u00e1laszt\u00e1sakor k\u00e9t alternat\u00edva k\u00f6z\u00fcl v\u00e1laszthat a FIP kezel\u00e9s\u00e9re: b\u0151r al\u00e1 adott injekci\u00f3k vagy sz\u00e1jon \u00e1t szedhet\u0151 kapszul\u00e1k vagy tablett\u00e1k. Hogyan v\u00e1lasszuk ki a megfelel\u0151t a macsk\u00e1nk sz\u00e1m\u00e1ra? Ebben a bejegyz\u00e9sben az egyes kezel\u00e9si m\u00f3dszerek el\u0151nyeit \u00e9s h\u00e1tr\u00e1nyait t\u00e1rgyaljuk, valamint azt, hogy mikor \u00e9s hogyan hozza meg a legjobb d\u00f6nt\u00e9st macsk\u00e1ja FIP-ter\u00e1pi\u00e1ja szempontj\u00e1b\u00f3l.<\/p>\n<p>A sz\u00e1jon \u00e1t szedhet\u0151 gy\u00f3gyszerek \u00e1ltal\u00e1ban tablett\u00e1k form\u00e1j\u00e1ban ker\u00fclnek forgalomba. Ezt a fajta GS-t sz\u00e1jon \u00e1t kell bevenni. A <a href=\"\/?page_id=895\" target=\"_blank\" rel=\"noopener\">macskatulajdonosok ma m\u00e1r<\/a> k\u00f6nnyed\u00e9n <a href=\"\/?page_id=895\" target=\"_blank\" rel=\"noopener\">kiv\u00e1laszthatj\u00e1k a<\/a> macsk\u00e1juk sz\u00e1m\u00e1ra <a href=\"\/?page_id=895\" target=\"_blank\" rel=\"noopener\">legmegfelel\u0151bb kezel\u00e9si form\u00e1t<\/a>, mivel t\u00f6bb lehet\u0151s\u00e9g \u00e1ll rendelkez\u00e9sre. A 2 GS-441524 k\u00e9sz\u00edtm\u00e9ny k\u00f6z\u00f6tti k\u00fcl\u00f6nbs\u00e9geket ebben a bejegyz\u00e9sben ismertetj\u00fck, valamint tan\u00e1csokat adunk arra vonatkoz\u00f3an, hogyan v\u00e1lassza ki a legjobbat macsk\u00e1ja FIP-ter\u00e1pi\u00e1j\u00e1hoz.<\/p>\n<h2><strong>Injekci\u00f3s FIP kezel\u00e9sek<\/strong><\/h2>\n<p>Kezdj\u00fck a GS-441524 foly\u00e9kony injekci\u00f3s v\u00e1ltozat\u00e1nak megvitat\u00e1s\u00e1val. A GS e k\u00fcl\u00f6nleges form\u00e1ja kezelhet\u0151. A k\u00fcl\u00f6nb\u00f6z\u0151 GS-441524 folyad\u00e9kok k\u00fcl\u00f6nb\u00f6z\u0151 tulajdons\u00e1gokkal rendelkeznek. A gy\u00e1rt\u00f3 \u00e1ltal alkalmazott gy\u00e1rt\u00e1si technika \u00e9s a vegyi anyagok min\u0151s\u00e9ge jelent\u0151s hat\u00e1ssal van a min\u0151s\u00e9gre. Az a t\u00e9ny, hogy a m\u00e1rk\u00e1k \u00e1rai jelent\u0151sen elt\u00e9rnek egym\u00e1st\u00f3l, csak tov\u00e1bb fokozza a bizonytalans\u00e1got.<\/p>\n<p>A GS441524 injekt\u00e1lhat\u00f3 form\u00e1ja k\u00fcl\u00f6nb\u00f6z\u0151 koncentr\u00e1ci\u00f3kban kaphat\u00f3. A jelenleg kaphat\u00f3 legn\u00e9pszer\u0171bb koncentr\u00e1ci\u00f3k a 20 mg \u00e9s a 30 mg. A GS-441524 bead\u00e1s\u00e1nak legjobb m\u00f3dja az injekci\u00f3s kezel\u00e9s. A GS441524 injekci\u00f3 b\u0151r al\u00e1 t\u00f6rt\u00e9n\u0151 bead\u00e1s\u00e1val azonnal v\u00edrusellenes gy\u00f3gyszerrel kezeli macsk\u00e1ja v\u00e9r\u00e1ram\u00e1t. Az orvosok a t\u00fcnetek \u00e9s a <a href=\"\/?page_id=885\" target=\"_blank\" rel=\"noopener\">macska tests\u00falya<\/a> alapj\u00e1n injekci\u00f3kkal meghat\u00e1rozott adagot tudnak beadni.<\/p>\n<p>Az injekci\u00f3val kezelt macsk\u00e1k gyakran m\u00e1r egy-n\u00e9gy nap alatt nyilv\u00e1nval\u00f3 v\u00e1ltoz\u00e1sokat mutatnak. Ez\u00e9rt a <a href=\"\/?page_id=899\" target=\"_blank\" rel=\"noopener\">s\u00falyos FIP-t\u00fcneteket mutat\u00f3 macsk\u00e1k<\/a> eset\u00e9ben az injekci\u00f3k jelentik a megfelel\u0151 \u00e9s egyetlen hat\u00e9kony kezel\u00e9si m\u00f3dot. Minden FIP-kezel\u00e9st injekci\u00f3val kell kezdeni. Addig adjon injekci\u00f3kat, am\u00edg a macska \u00e1llapota nem stabiliz\u00e1l\u00f3dik, \u00e9s csak akkor gondolkodjon a sz\u00e1jon \u00e1t szedhet\u0151 gy\u00f3gyszeres kezel\u00e9sre val\u00f3 \u00e1tt\u00e9r\u00e9sen, ha m\u00e1r megfelel\u0151en eszik \u00e9s \u00fcr\u00edt.<\/p>\n<h2><strong>Or\u00e1lis FIP kezel\u00e9sek (tablett\u00e1k vagy tablett\u00e1k)<\/strong><\/h2>\n<p>A t\u0171kkel \u00f6sszehasonl\u00edtva a sz\u00e1jon \u00e1t t\u00f6rt\u00e9n\u0151 kezel\u00e9s gyorsabb \u00e9s egyszer\u0171bb m\u00f3dszer a FIP kezel\u00e9s\u00e9re. A macsk\u00e1k tulajdonosai otthon is beadhatj\u00e1k a sz\u00e1jon \u00e1t szedhet\u0151 gy\u00f3gyszereket, elker\u00fclve a napi klinikai l\u00e1togat\u00e1sokat \u00e9s az injekci\u00f3k k\u00f6lts\u00e9geit. A sz\u00e1jon \u00e1t szedhet\u0151 gy\u00f3gyszerekhez tablett\u00e1k \u00e9s kapszul\u00e1k \u00e1llnak rendelkez\u00e9sre. A kapszula sima \u00e1llaga \u00e9s \u00edztelens\u00e9ge miatt a macsk\u00e1k \u00e1ltal\u00e1ban k\u00f6nnyebben lenyelik a kapszul\u00e1kat, mint a tablett\u00e1kat. \u00c1ltal\u00e1noss\u00e1gban azt tan\u00e1csoljuk, hogy a kezel\u00e9s k\u00e9s\u0151bbi szakasz\u00e1ban, amikor a macska m\u00e1r nincs vesz\u00e9lyben, azaz amikor m\u00e1r eszik \u00e9s rendszeresen j\u00e1r a mosd\u00f3ba, \u00e9s m\u00e1r nincs id\u0151szakos l\u00e1za, sz\u00e1jon \u00e1t szedhet\u0151 kapszul\u00e1kat vagy tablett\u00e1kat haszn\u00e1ljon.<\/p>\n<p>Most besz\u00e9lj\u00fcnk az or\u00e1lis ter\u00e1pia h\u00e1tr\u00e1nyair\u00f3l. Az or\u00e1lis \u00e9s az injekci\u00f3s kezel\u00e9sek k\u00f6z\u00f6tti f\u0151 k\u00fcl\u00f6nbs\u00e9g a hat\u00e1s m\u00e9rt\u00e9ke. Az or\u00e1lis ter\u00e1pi\u00e1ban haszn\u00e1lt v\u00edrusellenes gy\u00f3gyszernek, a GS-441524-nek \u00e1t kell haladnia a teljes em\u00e9szt\u0151rendszeren, miel\u0151tt a v\u00e9r\u00e1ramba ker\u00fclne.<\/p>\n<p>A sz\u00e1jon \u00e1t t\u00f6rt\u00e9n\u0151 kezel\u00e9s m\u00e1sodik f\u0151 h\u00e1tr\u00e1nya, hogy nem lehet szab\u00e1lyozni az adagol\u00e1st. Nem tudjuk megj\u00f3solni, hogy a GS-441524-b\u0151l mennyi fog felsz\u00edv\u00f3dni macsk\u00e1ja em\u00e9szt\u0151rendszer\u00e9ben, ez\u00e9rt. A macska em\u00e9szt\u0151rendszer\u00e9nek \u00e9s \u00e1ltal\u00e1nos eg\u00e9szs\u00e9gi \u00e1llapot\u00e1t\u00f3l f\u00fcgg\u0151en a sz\u00e1jon \u00e1t szedett kapszul\u00e1k \u00e1ltal adott v\u00edrusellenes gy\u00f3gyszereknek csak egy bizonyos sz\u00e1zal\u00e9k\u00e1t sz\u00edvhatja fel. A GS felsz\u00edv\u00f3d\u00e1s\u00e1nak \u00fctem\u00e9t befoly\u00e1solja a gyomor, a ves\u00e9k \u00e9s a m\u00e1j gyeng\u00fcl\u00e9se, amely a macsk\u00e1k fert\u0151z\u0151 hash\u00e1rtyagyullad\u00e1s\u00e1ban (FIP) szenved\u0151 macsk\u00e1kn\u00e1l jelentkezik.<\/p>\n<p>A t\u0171kh\u00f6z k\u00e9pest a sz\u00e1jon \u00e1t szedett tablett\u00e1k \u00e9s tablett\u00e1k kock\u00e1zatosabb kezel\u00e9si form\u00e1t jelentenek. Csak 30 napos injekci\u00f3s kezel\u00e9s ut\u00e1n, vagy miut\u00e1n macsk\u00e1ja \u00e1llapota stabiliz\u00e1l\u00f3dott, javasoljuk a sz\u00e1jon \u00e1t t\u00f6rt\u00e9n\u0151 kezel\u00e9st.<\/p>\n<h2><strong>A kapszul\u00e1kra vonatkoz\u00f3 \u00f3vint\u00e9zked\u00e9s<\/strong><\/h2>\n<p>A FIP gy\u00f3gyszeriparban vannak bizonyos form\u00e1tumok, amelyeket t\u00falnyom\u00f3r\u00e9szt haszn\u00e1lnak. A GS441524 p\u00e9ld\u00e1ul t\u00falnyom\u00f3r\u00e9szt tabletta form\u00e1j\u00e1ban, az EIDD2801 pedig kapszula form\u00e1j\u00e1ban kaphat\u00f3. Ez\u00e9rt \u00f3vakodjon a GS441524-et kapszula form\u00e1tumban \u00e9rt\u00e9kes\u00edt\u0151 elad\u00f3kt\u00f3l. A GS441524 sz\u00e1jon \u00e1t szedhet\u0151 gy\u00f3gyszerek adagj\u00e1t szint\u00e9n 15 mg\/ttkg-ra standardiz\u00e1lt\u00e1k, \u00e9s az adag dupl\u00e1j\u00e1t alkalmazz\u00e1k a szem\u00e9szeti \u00e9s neurol\u00f3giai t\u00edpusok eset\u00e9ben. K\u00e9rj\u00fck, ne l\u00e9pje t\u00fal ezt az adagot, mivel a sz\u00e1jon \u00e1t szedhet\u0151 gy\u00f3gyszerek nagyobb adagja vesz\u00e9lyezteti a felsz\u00edv\u00f3d\u00e1st.<\/p>\n<h2><strong>Az injekci\u00f3s \u00e9s a sz\u00e1jon \u00e1t t\u00f6rt\u00e9n\u0151 kezel\u00e9s \u00f6sszehasonl\u00edt\u00e1sa  <\/strong><\/h2>\n<p>Itt egy t\u00e1bl\u00e1zat, amely bemutatja a k\u00fcl\u00f6nbs\u00e9geket az <a href=\"\/?page_id=887\" target=\"_blank\" rel=\"noopener\">injekci\u00f3k \u00e9s a sz\u00e1jon \u00e1t t\u00f6rt\u00e9n\u0151 kezel\u00e9s<\/a> k\u00f6z\u00f6tt <a href=\"\/?page_id=887\" target=\"_blank\" rel=\"noopener\">a FIP eset\u00e9ben<\/a>.<\/p>\n<p><img data-opt-id=1214015753  fetchpriority=\"high\" decoding=\"async\" class=\"alignnone size-full wp-image-888\" src=\"https:\/\/ml9txs9ouv9q.i.optimole.com\/w:auto\/h:auto\/q:mauto\/f:best\/https:\/\/fipmed.co\/wp-content\/uploads\/2022\/12\/233.png\" alt=\"\" width=\"811\" height=\"719\" srcset=\"https:\/\/ml9txs9ouv9q.i.optimole.com\/w:811\/h:719\/q:mauto\/f:best\/https:\/\/fipmed.co\/wp-content\/uploads\/2022\/12\/233.png 811w, https:\/\/ml9txs9ouv9q.i.optimole.com\/w:300\/h:266\/q:mauto\/f:best\/https:\/\/fipmed.co\/wp-content\/uploads\/2022\/12\/233.png 300w, https:\/\/ml9txs9ouv9q.i.optimole.com\/w:768\/h:681\/q:mauto\/f:best\/https:\/\/fipmed.co\/wp-content\/uploads\/2022\/12\/233.png 768w, https:\/\/ml9txs9ouv9q.i.optimole.com\/w:600\/h:532\/q:mauto\/f:best\/https:\/\/fipmed.co\/wp-content\/uploads\/2022\/12\/233.png 600w\" sizes=\"(max-width: 640px) 100vw, 640px\" \/><\/p>\n<h2><strong>Melyik m\u00f3dszert v\u00e1lasszam a macsk\u00e1mnak?<\/strong><\/h2>\n<p>Aj\u00e1nlott, hogy a FIP-kezel\u00e9st az aj\u00e1nl\u00e1sunk szerint injekci\u00f3kkal kezdj\u00fck. Ha az ism\u00e9tl\u0151d\u0151 injekci\u00f3k akut f\u00e1jdalmat vagy s\u00falyos b\u0151rirrit\u00e1ci\u00f3t okoznak, \u00e1t lehet t\u00e9rni a sz\u00e1jon \u00e1t szedhet\u0151 tablett\u00e1kra, amint macsk\u00e1ja \u00e1llapota stabiliz\u00e1l\u00f3dik. Az injekci\u00f3s kezel\u00e9s 30 napja ut\u00e1n a sz\u00e1jon \u00e1t szedhet\u0151 gy\u00f3gyszerekre val\u00f3 \u00e1tt\u00e9r\u00e9s \u00e1ltal\u00e1ban biztons\u00e1gos. Ez a legmegb\u00edzhat\u00f3bb technika, amely garant\u00e1lja, hogy a FIP-kezel\u00e9s sor\u00e1n elegend\u0151 GS-441524-et adnak, \u00e9s cs\u00f6kkenti az \u00fajrafert\u0151z\u0151d\u00e9s kock\u00e1zat\u00e1t a j\u00f6v\u0151ben.<\/p>\n<h2><strong>Az or\u00e1lis vs. injekci\u00f3s bead\u00e1st befoly\u00e1sol\u00f3 t\u00e9nyez\u0151k<\/strong><\/h2>\n<p>Azok a macsk\u00e1k, amelyek jelenleg h\u00e1nynak\/h\u00e1nynak \u00e9s hasmen\u00e9s\u00fck van, \u00e1ltal\u00e1ban rossz jel\u00f6lteknek tekinthet\u0151k a GS-441524 sz\u00e1jon \u00e1t t\u00f6rt\u00e9n\u0151 alkalmaz\u00e1s\u00e1ra. Ennek eredm\u00e9nyek\u00e9ppen a s\u00falyos gyomor-b\u00e9lrendszeri betegs\u00e9gben szenved\u0151 macsk\u00e1k gyakran injekci\u00f3kat kapnak, legal\u00e1bbis addig, am\u00edg a probl\u00e9m\u00e1k meg nem old\u00f3dnak. A legt\u00f6bb ember, k\u00fcl\u00f6n\u00f6sen a m\u00faltban, injekt\u00e1lhat\u00f3 GS-441524-gyel kezdte. Az injekci\u00f3s forma olcs\u00f3bb, \u00e9s az adagol\u00e1s pontosabban szab\u00e1lyozhat\u00f3. A GS-441524 szubkut\u00e1n felsz\u00edv\u00f3d\u00e1sa megb\u00edzhat\u00f3bb, mint a sz\u00e1jon \u00e1t t\u00f6rt\u00e9n\u0151 felsz\u00edv\u00f3d\u00e1s, ami gyakran kritikus t\u00e9nyez\u0151 a kezdetben s\u00falyos beteg \u00e9s instabil macsk\u00e1k kezdeti kezel\u00e9s\u00e9ben.<\/p>\n<p>Az, hogy a macska folytatja-e a GS-441524 injekci\u00f3 bead\u00e1s\u00e1t, att\u00f3l f\u00fcgg, hogy a tulajdonos k\u00e9pes-e hat\u00e9konyan beadni az injekci\u00f3kat, a macska hajland\u00f3-e hozz\u00e1szokni az injekci\u00f3 bead\u00e1s\u00e1nak f\u00e1jdalm\u00e1hoz, valamint az injekci\u00f3 bead\u00e1s\u00e1nak hely\u00e9n keletkez\u0151 sebek el\u0151fordul\u00e1s\u00e1t\u00f3l. Ilyen esetekben a sz\u00e1jon \u00e1t szedhet\u0151 gy\u00f3gyszerek gyakran mind a tulajdonos, mind a macsk\u00e1s beteg sz\u00e1m\u00e1ra \u00f6rvendetes megk\u00f6nnyebb\u00fcl\u00e9st jelentenek.<\/p>\n<h2><strong>Az injekci\u00f3s \u00e9s az or\u00e1lis GS-441524 kezel\u00e9s sikeress\u00e9g\u00e9nek \u00f6sszehasonl\u00edt\u00e1sa  <\/strong><\/h2>\n<p>Az or\u00e1lis GS-441524 sikeress\u00e9gi ar\u00e1nya most m\u00e1r hasonl\u00edt az injekci\u00f3s v\u00e1ltozatok\u00e9hoz, felt\u00e9ve, <a href=\"\/?page_id=23\" target=\"_blank\" rel=\"noopener\">hogy az adagokat gondosan kisz\u00e1m\u00edtj\u00e1k<\/a> \u00e9s az adagol\u00e1st hat\u00e9konyan v\u00e9gzik. A GS-441524 sz\u00e1jon \u00e1t szedhet\u0151 \u00e9s beadhat\u00f3 form\u00e1i k\u00f6z\u00f6tt azonban elt\u00e9r\u0151 reakci\u00f3kr\u00f3l sz\u00e1moltak be. Csak n\u00e9h\u00e1ny macsk\u00e1n\u00e1l fordult el\u0151 visszaes\u00e9s, miut\u00e1n az injekci\u00f3kr\u00f3l \u00e1t\u00e1lltak a sz\u00e1jon \u00e1t szedhet\u0151 GS-441524-re, vagy nem reag\u00e1ltak j\u00f3l a kezdeti kezel\u00e9sre. Alternat\u00edv megold\u00e1sk\u00e9nt az injekci\u00f3kra nem j\u00f3l reag\u00e1l\u00f3 betegs\u00e9geket \u00fagy kezelt\u00e9k, hogy a macsk\u00e1kat \u00e1t\u00e1ll\u00edtott\u00e1k a GS-441524 sz\u00e1jon \u00e1t szedhet\u0151, azonos d\u00f3zis\u00fa kezel\u00e9s\u00e9re.<\/p>\n<p>Kih\u00edv\u00e1s a gy\u00f3gyszerform\u00e1nak tulajdon\u00edtani ezeket az er\u0151teljes elt\u00e9r\u00e9seket, mivel a GS-441524 ak\u00e1r sz\u00e1jon \u00e1t, ak\u00e1r szubkut\u00e1n ker\u00fcl a v\u00e9r\u00e1ramba, miel\u0151tt a sz\u00f6vetekbe jutna. Val\u00f3sz\u00edn\u0171bb, hogy az \u00e1t\u00e1ll\u00e1s el\u0151tt haszn\u00e1lt GS-441524 injekci\u00f3s vagy sz\u00e1jon \u00e1t szedhet\u0151 m\u00e1rk\u00e1k nem voltak megfelel\u0151ek. Sok esetben a sz\u00e1jon \u00e1t szedhet\u0151 vagy injekci\u00f3s m\u00e1rk\u00e1ra val\u00f3 v\u00e1lt\u00e1s azonnali javul\u00e1st eredm\u00e9nyezett a reakci\u00f3ban.<\/p>\n<p>Mivel a v\u00edrus k\u00fcl\u00f6nb\u00f6z\u0151 m\u00e9rt\u00e9k\u0171 gy\u00f3gyszerrezisztenci\u00e1t fejlesztett ki, \u00fagy gondolt\u00e1k, hogy csak a GS-441524 injekt\u00e1lhat\u00f3 form\u00e1ja k\u00e9pes el\u00e9rni a neurol\u00f3giai betegs\u00e9gek hat\u00e9kony kezel\u00e9s\u00e9hez sz\u00fcks\u00e9ges rendk\u00edv\u00fcl magas v\u00e9r- \u00e9s agy-gerincvel\u0151i folyad\u00e9kszintet. A neurol\u00f3giai FIP-ben szenved\u0151 macsk\u00e1k azonban j\u00f3l reag\u00e1ltak a <a href=\"https:\/\/fipmed.co\/\" target=\"_blank\" rel=\"noopener\">Fipmedre<\/a>. Ezen k\u00edv\u00fcl n\u00e9h\u00e1ny olyan macsk\u00e1t is bevontak ebbe a vizsg\u00e1latba, amelyek nem reag\u00e1ltak a <a href=\"\/?page_id=6163\" target=\"_blank\" rel=\"noopener\">GS- 441524<\/a> injekci\u00f3s k\u00e9sz\u00edtm\u00e9ny kiv\u00e9telesen magas d\u00f3zis\u00e1ra. Egyre t\u00f6bb neurol\u00f3giai FIP \u00e1llatot gy\u00f3gy\u00edt meg a teljesen or\u00e1lis kezel\u00e9s. Ez vagy annak az eredm\u00e9nye, hogy a <a href=\"https:\/\/fipmed.co\/fip-treatment\/\" target=\"_blank\" rel=\"noopener\">FIP<\/a> sz\u00e1jon \u00e1t t\u00f6rt\u00e9n\u0151 <a href=\"https:\/\/fipmed.co\/fip-treatment\/\" target=\"_blank\" rel=\"noopener\">kezel\u00e9s\u00e9vel<\/a> kapcsolatban t\u00f6bb tapasztalat \u00e1ll rendelkez\u00e9sre a kih\u00edv\u00e1st jelent\u0151 esetekben, vagy &#8211; ami val\u00f3sz\u00edn\u0171bb &#8211; a sz\u00e1jon \u00e1t adhat\u00f3 k\u00e9sz\u00edtm\u00e9nyek min\u0151s\u00e9g\u00e9nek javul\u00e1sa.<\/p>\n<h2><strong>Hogyan adjam be a GS injekci\u00f3kat?<\/strong><\/h2>\n<p>A szubkut\u00e1n, n\u00e9ha &#8222;sub-cu&#8221; n\u00e9ven ismert kifejez\u00e9s a k\u00f6zvetlen\u00fcl a b\u0151r al\u00e1 adott injekci\u00f3kat jelenti. Az injekci\u00f3kat legal\u00e1bb 12 h\u00e9ten kereszt\u00fcl minden nap, 24 \u00f3r\u00e1nk\u00e9nt szinte ugyanabban az id\u0151pontban kell beadni. A macska izomzat\u00e1t NEM szabad \u00e1tsz\u00farni a t\u0171vel. A GS injekci\u00f3 bead\u00e1sakor cs\u00edp, de amint az injekci\u00f3 bead\u00e1s\u00e1nak v\u00e9ge, a kellemetlen \u00e9rz\u00e9s megsz\u0171nik. Felhaszn\u00e1l\u00f3ink sz\u00e1mos hasznos filmet k\u00e9sz\u00edtettek az injekci\u00f3 bead\u00e1s\u00e1nak m\u00f3dj\u00e1r\u00f3l, \u00e9s a YouTube-on is sokan tal\u00e1lhat\u00f3k. Jobb, ha az els\u0151 egy-k\u00e9t injekci\u00f3t az \u00e1llatorvossal v\u00e9gezteti el, \u00e9s megmutatja, hogyan kell beadni. Napi l\u00e1togat\u00e1sra lehet sz\u00fcks\u00e9g az \u00e1llatorvosn\u00e1l olyan macsk\u00e1k eset\u00e9ben, amelyeket nehezebb lefogni az injekci\u00f3k bead\u00e1s\u00e1hoz.<\/p>\n<h2>K\u00f6vetkeztet\u00e9s<\/h2>\n<p>Ez\u00e9rt a macskatulajdonosoknak mindig az injekci\u00f3s m\u00f3dszerrel kell kezdeni\u00fck macsk\u00e1juk FIP-kezel\u00e9s\u00e9t, \u00e9s k\u00f6r\u00fclbel\u00fcl 30 nap eltelt\u00e9vel kell \u00e1tt\u00e9rni\u00fck a tablett\u00e1k szed\u00e9s\u00e9re, macsk\u00e1juk \u00e1llapot\u00e1t\u00f3l f\u00fcgg\u0151en. A gy\u00f3gyszeres kezel\u00e9s injekci\u00f3kkal vagy sz\u00e1jon \u00e1t t\u00f6rt\u00e9n\u0151 szed\u00e9s\u00e9nek megvannak az el\u0151nyei \u00e9s h\u00e1tr\u00e1nyai, \u00e9s az \u00e1llatorvosokon \u00e9s a macskatulajdonosokon m\u00falik, hogy a kett\u0151 k\u00f6z\u00fcl melyik a jobb megold\u00e1s a FIP-ben szenved\u0151 macsk\u00e1k sz\u00e1m\u00e1ra.<\/p>\n","protected":false},"excerpt":{"rendered":"<p>A GS-441524 v\u00edrusellenes gy\u00f3gyszer kiv\u00e1laszt\u00e1sakor k\u00e9t alternat\u00edva k\u00f6z\u00fcl v\u00e1laszthat a FIP kezel\u00e9s\u00e9re: b\u0151r al\u00e1 adott injekci\u00f3k vagy sz\u00e1jon \u00e1t szedhet\u0151 kapszul\u00e1k vagy tablett\u00e1k. Hogyan v\u00e1lasszuk ki a megfelel\u0151t a macsk\u00e1nk sz\u00e1m\u00e1ra? Ebben a bejegyz\u00e9sben az egyes kezel\u00e9si m\u00f3dszerek el\u0151nyeit \u00e9s h\u00e1tr\u00e1nyait t\u00e1rgyaljuk, valamint azt, hogy mikor \u00e9s hogyan hozza meg a legjobb d\u00f6nt\u00e9st macsk\u00e1ja FIP-ter\u00e1pi\u00e1ja [&hellip;]<\/p>\n","protected":false},"author":11,"featured_media":21678,"parent":0,"menu_order":0,"comment_status":"closed","ping_status":"closed","template":"","meta":{"_glsr_average":0,"_glsr_ranking":0,"_glsr_reviews":0,"footnotes":""},"categories":[724],"tags":[726,727],"_links":{"self":[{"href":"https:\/\/fipmed.co\/hu\/wp-json\/wp\/v2\/pages\/21676"}],"collection":[{"href":"https:\/\/fipmed.co\/hu\/wp-json\/wp\/v2\/pages"}],"about":[{"href":"https:\/\/fipmed.co\/hu\/wp-json\/wp\/v2\/types\/page"}],"author":[{"embeddable":true,"href":"https:\/\/fipmed.co\/hu\/wp-json\/wp\/v2\/users\/11"}],"replies":[{"embeddable":true,"href":"https:\/\/fipmed.co\/hu\/wp-json\/wp\/v2\/comments?post=21676"}],"version-history":[{"count":1,"href":"https:\/\/fipmed.co\/hu\/wp-json\/wp\/v2\/pages\/21676\/revisions"}],"predecessor-version":[{"id":21679,"href":"https:\/\/fipmed.co\/hu\/wp-json\/wp\/v2\/pages\/21676\/revisions\/21679"}],"wp:featuredmedia":[{"embeddable":true,"href":"https:\/\/fipmed.co\/hu\/wp-json\/wp\/v2\/media\/21678"}],"wp:attachment":[{"href":"https:\/\/fipmed.co\/hu\/wp-json\/wp\/v2\/media?parent=21676"}],"wp:term":[{"taxonomy":"category","embeddable":true,"href":"https:\/\/fipmed.co\/hu\/wp-json\/wp\/v2\/categories?post=21676"},{"taxonomy":"post_tag","embeddable":true,"href":"https:\/\/fipmed.co\/hu\/wp-json\/wp\/v2\/tags?post=21676"}],"curies":[{"name":"wp","href":"https:\/\/api.w.org\/{rel}","templated":true}]}}