{"id":21746,"date":"2022-12-02T08:10:56","date_gmt":"2022-12-02T08:10:56","guid":{"rendered":"https:\/\/fipmed.co\/wet-fip-or-dry-fip-tipusu-macska-fip\/"},"modified":"2022-12-02T08:10:56","modified_gmt":"2022-12-02T08:10:56","slug":"wet-fip-or-dry-fip-tipusu-macska-fip","status":"publish","type":"page","link":"https:\/\/fipmed.co\/hu\/wet-fip-or-dry-fip-tipusu-macska-fip\/","title":{"rendered":"A macska FIP 4 t\u00edpusa: nedves FIP, sz\u00e1raz FIP, szem\u00e9szeti FIP \u00e9s neurol\u00f3giai FIP"},"content":{"rendered":"<p>A macsk\u00e1k fert\u0151z\u0151 hash\u00e1rtyagyullad\u00e1sa (FIP) a macsk\u00e1k gyakori \u00e9s hal\u00e1los betegs\u00e9ge. Nem csak ez, hanem t\u00f6bb v\u00e1ltozata is van, \u00e9s k\u00fcl\u00f6nb\u00f6z\u0151 m\u00f3don \u00e9rintheti a macsk\u00e1t. Ebben a cikkben a FIP k\u00fcl\u00f6nb\u00f6z\u0151 t\u00edpusair\u00f3l fogunk besz\u00e9lni, amelyek megnyilv\u00e1nulhatnak.<\/p>\n<h2><strong>A macska FIP t\u00edpusai<\/strong><\/h2>\n<p>A FIP h\u00e1rom k\u00fcl\u00f6nb\u00f6z\u0151 m\u00f3don jelentkezhet: nedves, \u00f6mleng\u0151, exsudat\u00edv form\u00e1ban; sz\u00e1raz, granulomat\u00f3zus, parenchymat\u00f3zus, nem \u00f6mleng\u0151 form\u00e1ban; \u00e9s vegyes form\u00e1ban. A fibrin\u00f3zus peritonitis, pleuritisz vagy perikarditisz a has\u00fcregben, a mellkasban \u00e9s\/vagy a sz\u00edvburokban l\u00e9v\u0151 folyad\u00e9kgy\u00fclemmel az els\u0151 t\u00edpus jellemz\u0151i. A CNS \u00e9s m\u00e1s szervek, bele\u00e9rtve a szemet is, granulomatosus elv\u00e1ltoz\u00e1sokat mutatnak a m\u00e1sodik v\u00e1ltozatban, amelyn\u00e9l nincsenek nyilv\u00e1nval\u00f3 folyad\u00e9kgy\u00fclemek. Mivel minden FIP-es macska k\u00fcl\u00f6nb\u00f6z\u0151 m\u00e9rt\u00e9k\u0171 folyad\u00e9kgy\u00fclemet mutat t\u00f6bb-kevesebb granulomatosus szervi elv\u00e1ltoz\u00e1ssal egy\u00fctt, meg\u00e1llap\u00edtott\u00e1k, hogy e fajt\u00e1k megk\u00fcl\u00f6nb\u00f6ztet\u00e9se nem hasznos (\u00e9s csak a diagnosztikai m\u00f3dszer szempontj\u00e1b\u00f3l el\u0151ny\u00f6s). A form\u00e1k egym\u00e1sba is \u00e1tv\u00e1ltozhatnak. \u00cdgy a FIP egy adott macsk\u00e1n\u00e1l egy adott pillanatban egyszer\u0171en t\u00f6bb vagy kevesebb produkt\u00edv vagy exsudat\u00edv lehet.<\/p>\n<h2><strong>A sz\u00e1raz \u00e9s nedves FIP k\u00f6z\u00f6tti k\u00fcl\u00f6nbs\u00e9gek<\/strong><\/h2>\n<p><strong>Nem-affekt\u00edv &#8222;sz\u00e1raz&#8221; FIP<\/strong><\/p>\n<p>A &#8222;sz\u00e1raz&#8221; vagy nem extr\u00e9m FIP-ben egyes macsk\u00e1kn\u00e1l kev\u00e9s vagy egy\u00e1ltal\u00e1n nincs folyad\u00e9kgy\u00fclem. A sz\u00e1raz form\u00e1ban a szem, az agy, a m\u00e1j, a b\u00e9lrendszer vagy m\u00e1s szervek gyakran s\u00falyosan gyulladtak, ami sz\u00e1mos klinikai t\u00fcnetet okozhat. Sok, nem s\u00falyos FIP-ben szenved\u0151 macska eset\u00e9ben a szemprobl\u00e9m\u00e1k jelentik az egyetlen klinikai t\u00fcnetet.<\/p>\n<p>Amikor a betegs\u00e9g elhatalmasodik, az \u00e9rintettek t\u00f6bbs\u00e9ge gyorsan le\u00e9p\u00fcl, de n\u00e9h\u00e1ny macska m\u00e9g n\u00e9h\u00e1ny h\u00e9tig norm\u00e1lisan tud m\u0171k\u00f6dni. Sajnos a betegs\u00e9g szinte minden egyes esete hal\u00e1lhoz vezet.<\/p>\n<p>A macskakoronav\u00edrusnak kitett macsk\u00e1knak csak egy kis r\u00e9sze k\u00e9pes v\u00e9dekezni ellene, m\u00e9g azoknak is, amelyek k\u00e9pesek <a href=\"\/?page_id=13322\" target=\"_blank\" rel=\"noopener\">FIP-et okozni<\/a>, ami a legt\u00f6bb fert\u0151z\u00f6tt macsk\u00e1n\u00e1l klinikai megbeteged\u00e9shez vezet. Azonban, mint m\u00e1r eml\u00edtett\u00fck, azok, akik megbetegednek, szinte kiv\u00e9tel n\u00e9lk\u00fcl elhal\u00e1loznak.<\/p>\n<p><strong>\u00d6mleng\u0151 &#8222;nedves&#8221; FIP<\/strong><\/p>\n<p>A folyad\u00e9kgy\u00fclem a mellkasban vagy a hasban, amely megnehez\u00edtheti a l\u00e9gz\u00e9st, a folyad\u00e9kki\u00e1raml\u00e1sos FIP meghat\u00e1roz\u00f3 klinikai t\u00fcnete. Az \u00e9tv\u00e1gytalans\u00e1g, l\u00e1z, fogy\u00e1s, s\u00e1rgas\u00e1g \u00e9s hasmen\u00e9s tov\u00e1bbi t\u00fcnetek.<\/p>\n<h2><strong>A NEDVES \u00c9S SZ\u00c1RAZ FIP DIAGN\u00d3ZISA  <\/strong><\/h2>\n<p><strong>Az effuz\u00edv FIP diagnosztiz\u00e1l\u00e1sa<\/strong><\/p>\n<p>A betegs\u00e9g ki\u00f6ml\u0151 t\u00edpus\u00e1t ma m\u00e1r k\u00f6nnyebb diagnosztiz\u00e1lni, mint kor\u00e1bban. A FIP akkor diagnosztiz\u00e1lhat\u00f3, ha a v\u00edrus RNS-t tal\u00e1lnak a v\u00e1lad\u00e9kb\u00f3l (a testb\u0151l lefoly\u00f3 folyad\u00e9kb\u00f3l) vett mint\u00e1ban, p\u00e9ld\u00e1ul reverz transzkripci\u00f3s polimer\u00e1z l\u00e1ncreakci\u00f3 (RT-PCR) seg\u00edts\u00e9g\u00e9vel. Ehhez azonban mint\u00e1t kell k\u00fcldeni egy k\u00fcls\u0151 \u00e1llatorvosi laborat\u00f3riumba. Az \u00e1llatk\u00f3rh\u00e1zban rendelkez\u00e9sre \u00e1ll\u00f3 sz\u00e1mos diagnosztikai m\u00f3dszerrel gyorsan kiz\u00e1rhat\u00f3 a t\u00falburj\u00e1nz\u00f3 FIP diagn\u00f3zisa, t\u00f6bbek k\u00f6z\u00f6tt:<\/p>\n<ol>\n<li>Ellen\u0151rizze a v\u00e1lad\u00e9k teljes feh\u00e9rjetartalm\u00e1t; ha az kevesebb, mint 35 g\/l, a FIP nagyon val\u00f3sz\u00edn\u0171tlen.<\/li>\n<li>Meg kell hat\u00e1rozni az albumin-globulin ar\u00e1nyt a v\u00e1lad\u00e9kban; ha ez nagyobb, mint 0,8, a FIP kiz\u00e1rhat\u00f3; ha kisebb, mint 0,4, a FIP potenci\u00e1lisan diagnosztiz\u00e1lhat\u00f3, de bizonytalan \u00e1llapot.<\/li>\n<li>Vizsg\u00e1lja meg a v\u00e1lad\u00e9kban l\u00e9v\u0151 sejteket; ha ezek t\u00f6bbs\u00e9ge limfocita (a feh\u00e9rv\u00e9rsejtek egy t\u00edpusa), a FIP kiz\u00e1rhat\u00f3 diagn\u00f3zis.<\/li>\n<\/ol>\n<p><strong>A nem-effekt\u00edv FIP diagnosztiz\u00e1l\u00e1sa<\/strong><\/p>\n<p>Mivel a nem effuz\u00edv FIP klinikai t\u00fcnetei \u00e1ltal\u00e1ban k\u00e9t\u00e9rtelm\u0171bbek \u00e9s v\u00e1ltoz\u00e9konyabbak, mint az effuz\u00edv FIP eset\u00e9ben, a differenci\u00e1ldiagn\u00f3zisok list\u00e1ja l\u00e9nyegesen hosszabb. Ha a k\u00f6vetkez\u0151 felt\u00e9telek teljes\u00fclnek, a nem-aff\u00fazi\u00f3s FIP diagn\u00f3zist figyelembe kell venni..:<\/p>\n<ol>\n<li>H\u00e1tt\u00e9r: A macska fiatal (2 \u00e9v alatti) \u00e9s fajtatiszta; a FIP-esetek k\u00f6zel 70%-a t\u00f6rzsk\u00f6nyves cica.<\/li>\n<li>El\u0151z\u0151 esem\u00e9nyek: a macska stressznek volt kit\u00e9ve a k\u00f6zelm\u00faltban t\u00f6rt\u00e9nt ivartalan\u00edt\u00e1s vagy olt\u00e1s miatt.<\/li>\n<li>M\u00falt: A macsk\u00e1nak es\u00e9lye lehetett FCoV-vel fert\u0151z\u0151dni olyan t\u00e9nyez\u0151k miatt, mint p\u00e9ld\u00e1ul, hogy teny\u00e9szetb\u0151l vagy ment\u0151\u00e1llom\u00e1sr\u00f3l sz\u00e1rmazik, vagy hogy nemr\u00e9g ker\u00fclt \u00f6ssze egy fajtatiszta cic\u00e1val vagy macsk\u00e1val.<\/li>\n<li>A klinikai jelek k\u00f6z\u00e9 tartoznak a szemen bel\u00fcli t\u00fcnetek, az anorexia, a szok\u00e1sosn\u00e1l kevesebbet eszik, nem h\u00edzik, nem h\u00edzik, anorexi\u00e1s lesz, \u00e9s a s\u00e1rgas\u00e1g.<\/li>\n<li>Hypergammaglobulin\u00e9mia; emelkedett bilirubinszint emelkedett m\u00e1jenzimek n\u00e9lk\u00fcl.<\/li>\n<li>Lymphop\u00e9nia nem regenerat\u00edv, jellemz\u0151en m\u00e9rs\u00e9kelt v\u00e9rszeg\u00e9nys\u00e9ggel.<\/li>\n<li>Szerol\u00f3gia: Az FCoV magas el\u0151fordul\u00e1si gyakoris\u00e1ga miatt a teny\u00e9sz- \u00e9s ment\u0151\u00e1llatokban ezt a param\u00e9tert \u00f3vatosan kell haszn\u00e1lni. A macska magas FCoV elleni antitesttiterrel rendelkezik.<\/li>\n<\/ol>\n<p>Ha a macska szeronegat\u00edv, akkor a nem-aff\u00fazi\u00f3s FIP kiz\u00e1rhat\u00f3 diagn\u00f3zisk\u00e9nt, ha az antitestteszt nagy \u00e9rz\u00e9kenys\u00e9g\u0171. Az FCoV Immunocomb (Biogal), a Speed F-Corona gyors immunokromatogr\u00e1fi\u00e1s (RIM) teszt (Virbac) \u00e9s a leggyorsabb macsk\u00e1k fert\u0151z\u0151 hash\u00e1rtyagyullad\u00e1sa (MegaCor Diagnostic) RIM teszt mind 100%-os \u00e9rz\u00e9kenys\u00e9g\u0171nek bizonyult egy olyan vizsg\u00e1lat sor\u00e1n, amely t\u00f6bb, kereskedelmi forgalomban kaphat\u00f3, h\u00e1zon bel\u00fcli FCoV-antitestet vizsg\u00e1lt.<\/p>\n<p>A FIP k\u00e9t k\u00fcl\u00f6nb\u00f6z\u0151 f\u0151 t\u00edpusa miatt a macskatulajdonosoknak jobban kell ismerni\u00fck ezt a t\u00e9m\u00e1t, hogy tudj\u00e1k, hogyan kezelhetik jobban macsk\u00e1jukat a legrosszabb esetben. Ha nem t\u00e1j\u00e9koz\u00f3dnak megfelel\u0151en a FIP k\u00fcl\u00f6nb\u00f6z\u0151 t\u00edpusair\u00f3l, konzult\u00e1lhatnak \u00e1llatorvosukkal, hogy megtal\u00e1lj\u00e1k a <a href=\"\/?page_id=883\" target=\"_blank\" rel=\"noopener\">macsk\u00e1juk FIP-j\u00e9nek<\/a> megfelel\u0151 kezel\u00e9si m\u00f3dj\u00e1t.<\/p>\n<h1><strong>Szem\u00e9szeti FIP<\/strong><\/h1>\n<p>A FIP ezen t\u00edpusa s\u00falyos sz\u00f6v\u0151dm\u00e9nyeket okozhat a macsk\u00e1kn\u00e1l, mivel a v\u00e9r-szem-g\u00e1ton is \u00e1thatol.<\/p>\n<p>&nbsp;<\/p>\n<p><strong>V\u00e9r szemg\u00e1t<\/strong><\/p>\n<p>A macsk\u00e1kn\u00e1l a v\u00e9r-szemg\u00e1t fontos v\u00e9d\u0151g\u00e1t a FIP terjed\u00e9s\u00e9vel szemben. Ez a g\u00e1t a szem el\u00fcls\u0151 kamr\u00e1j\u00e1t b\u00e9lel\u0151 sejtekb\u0151l \u00e1ll, \u00e9s ezek a sejtek megakad\u00e1lyozz\u00e1k, hogy a k\u00f3rokoz\u00f3k bejussanak \u00e9s gyullad\u00e1st okozzanak ezen az \u00e9rz\u00e9keny ter\u00fcleten.<\/p>\n<p>B\u00e1r ez megnehez\u00edti egy olyan v\u00edrus, mint az FCoV sz\u00e1m\u00e1ra, hogy hozz\u00e1f\u00e9rjen a szem strukt\u00far\u00e1ihoz, a kr\u00f3nikus gyullad\u00e1s eset\u00e9n a g\u00e1tak leboml\u00e1sa miatt el\u0151fordulhatnak elv\u00e1ltoz\u00e1sok.<\/p>\n<p>A GC376-hoz hasonl\u00f3 prote\u00e1zg\u00e1tl\u00f3kr\u00f3l is kider\u00fclt, hogy nem hat\u00e9konyak a v\u00e9r-szem g\u00e1ton val\u00f3 \u00e1tjut\u00e1sban, ami kev\u00e9sb\u00e9 teszi \u0151ket hasznoss\u00e1 olyan esetek kezel\u00e9s\u00e9ben, amikor a FIP a szemszerkezeteket is \u00e9rintheti.<\/p>\n<p>Ahhoz, hogy a v\u00edrusr\u00e9szecsk\u00e9kkel megrakott makrof\u00e1gok bejussanak a szemszerkezetekbe, el\u0151sz\u00f6r ezt a r\u00e9teget kell \u00e1tt\u00f6rni\u00fck; ha nem siker\u00fcl \u00e1tjutniuk minden egyes egym\u00e1st k\u00f6vet\u0151 r\u00e9tegen, a betegs\u00e9g \u00e1tvitele nem t\u00f6rt\u00e9nhet meg.<\/p>\n<p>&nbsp;<\/p>\n<p><strong>Hogyan alakul \u00e1t a sz\u00e1raz FIP szem\u00e9szeti FIP-be?<\/strong><\/p>\n<p>A sz\u00e1raz FIP a betegs\u00e9g hal\u00e1losabb form\u00e1ja, \u00e9s az ebben a t\u00edpusban szenved\u0151 macsk\u00e1k k\u00f6r\u00fclbel\u00fcl egyharmad\u00e1n\u00e1l \u00e1tmehet szem\u00e9szeti FIP-be. Az Ocularis FIP vagy uveitis eset\u00e9ben a v\u00edrus okozta v\u00e9r-szem g\u00e1t meggyeng\u00fcl\u00e9se k\u00f6vetkezt\u00e9ben szemelv\u00e1ltoz\u00e1sok alakulnak ki. Ez megn\u00f6vekedett gl\u00fck\u00f3zszinthez vezet, ami duzzanatot \u00e9s gyullad\u00e1st okoz a szemekben.<\/p>\n<p>&nbsp;<\/p>\n<h1><strong>Neurol\u00f3giai FIP<\/strong><\/h1>\n<p>A sz\u00e1raz FIP a FIP legvesz\u00e9lyesebb form\u00e1j\u00e1v\u00e1, a neurol\u00f3giai FIP-v\u00e9 is alakulhat.<\/p>\n<p>&nbsp;<\/p>\n<p><strong>A v\u00e9r-agy g\u00e1t<\/strong><\/p>\n<p>A v\u00e9r-agy g\u00e1t (BBB) egy fontos v\u00e9d\u0151r\u00e9teg, amelyet az agyban \u00e9s az agyat k\u00f6r\u00fclvev\u0151 apr\u00f3 erek fal\u00e1t kib\u00e9lel\u0151 speci\u00e1lis sejtek alkotnak. Ez a rendk\u00edv\u00fcl szoros g\u00e1t alapvet\u0151 szerepet j\u00e1tszik k\u00f6zponti idegrendszer\u00fcnk k\u00e1rosod\u00e1st\u00f3l val\u00f3 v\u00e9delm\u00e9ben az\u00e1ltal, hogy blokkolja a v\u00e9r\u00e1ramban kering\u0151 potenci\u00e1lisan m\u00e9rgez\u0151 anyagokat, bele\u00e9rtve a sziszt\u00e9m\u00e1s toxinokat is.<\/p>\n<p>Ez\u00e9rt nem meglep\u0151, hogy amikor ez a g\u00e1t k\u00fcl\u00f6nb\u00f6z\u0151 \u00e1llapotok vagy fert\u0151z\u0151 \u00e1gensek miatt s\u00e9r\u00fcl, neurol\u00f3giai zavarok l\u00e9phetnek fel, mint p\u00e9ld\u00e1ul a FIP k\u00f6vetkezt\u00e9ben.<\/p>\n<p>A FIPV, amely intenz\u00edv gyullad\u00e1sos reakci\u00f3t v\u00e1lt ki a k\u00fcl\u00f6nb\u00f6z\u0151 sz\u00f6vetekben l\u00e9v\u0151 erek k\u00f6r\u00fcl, bele\u00e9rtve az agyat is, a macsk\u00e1k fert\u0151z\u00e9s okozta neurol\u00f3giai megbeteged\u00e9seivel kapcsolatos esetek 45-50%-\u00e1\u00e9rt felel\u0151s gyakori ok.<\/p>\n<p>M\u00e1s sz\u00f3val, ennek a fontos v\u00e9d\u0151pajzsnak az elveszt\u00e9se jelent\u0151sen megn\u00f6velheti a FIPV-fert\u0151z\u00e9sb\u0151l ered\u0151 neurol\u00f3giai sz\u00f6v\u0151dm\u00e9nyek kialakul\u00e1s\u00e1nak kock\u00e1zat\u00e1t, \u00e9s ez komoly hat\u00e1ssal lenne a ter\u00e1pi\u00e1s beavatkoz\u00e1sokra.<\/p>\n<p>&nbsp;<\/p>\n<p><strong>Hogyan alakul \u00e1t a sz\u00e1raz FIP neurol\u00f3giai FIP-be?<\/strong><\/p>\n<p>A sz\u00e1raz FIP bizonyos esetekben a neurol\u00f3giai FIP k\u00f6vetkez\u0151 szakasz\u00e1ba l\u00e9phet. A kering\u0151 feh\u00e9rv\u00e9rsejtek \u00e9s monocit\u00e1k s\u0171r\u0171s\u00e9ge \u00e9s szaporod\u00e1sa a sz\u00e1raz FIP el\u0151rehaladt\u00e1val n\u00f6vekszik. Ezek a sejtek tart\u00f3san bejutnak az agy-gerincvel\u0151i folyad\u00e9kba, am\u00edg gyullad\u00e1sos \u00e1llapot nem alakul ki, ami neurol\u00f3giai k\u00e1rosod\u00e1st eredm\u00e9nyez.<\/p>\n<p>A neurol\u00f3giai FIP els\u0151sorban a macsk\u00e1k idegrendszer\u00e9t \u00e9rinti, leggyakoribb t\u00fcnetei a remeg\u00e9s, a j\u00e1r\u00e1si neh\u00e9zs\u00e9g (ataxia), a szellemi zavarts\u00e1g \u00e9s az agressz\u00edv viselked\u00e9s.<\/p>\n","protected":false},"excerpt":{"rendered":"<p>A macsk\u00e1k fert\u0151z\u0151 hash\u00e1rtyagyullad\u00e1sa (FIP) a macsk\u00e1k gyakori \u00e9s hal\u00e1los betegs\u00e9ge. Nem csak ez, hanem t\u00f6bb v\u00e1ltozata is van, \u00e9s k\u00fcl\u00f6nb\u00f6z\u0151 m\u00f3don \u00e9rintheti a macsk\u00e1t. Ebben a cikkben a FIP k\u00fcl\u00f6nb\u00f6z\u0151 t\u00edpusair\u00f3l fogunk besz\u00e9lni, amelyek megnyilv\u00e1nulhatnak. A macska FIP t\u00edpusai A FIP h\u00e1rom k\u00fcl\u00f6nb\u00f6z\u0151 m\u00f3don jelentkezhet: nedves, \u00f6mleng\u0151, exsudat\u00edv form\u00e1ban; sz\u00e1raz, granulomat\u00f3zus, parenchymat\u00f3zus, nem \u00f6mleng\u0151 [&hellip;]<\/p>\n","protected":false},"author":11,"featured_media":21747,"parent":0,"menu_order":0,"comment_status":"closed","ping_status":"closed","template":"","meta":{"_glsr_average":0,"_glsr_ranking":0,"_glsr_reviews":0,"footnotes":""},"categories":[724],"tags":[726,742],"_links":{"self":[{"href":"https:\/\/fipmed.co\/hu\/wp-json\/wp\/v2\/pages\/21746"}],"collection":[{"href":"https:\/\/fipmed.co\/hu\/wp-json\/wp\/v2\/pages"}],"about":[{"href":"https:\/\/fipmed.co\/hu\/wp-json\/wp\/v2\/types\/page"}],"author":[{"embeddable":true,"href":"https:\/\/fipmed.co\/hu\/wp-json\/wp\/v2\/users\/11"}],"replies":[{"embeddable":true,"href":"https:\/\/fipmed.co\/hu\/wp-json\/wp\/v2\/comments?post=21746"}],"version-history":[{"count":0,"href":"https:\/\/fipmed.co\/hu\/wp-json\/wp\/v2\/pages\/21746\/revisions"}],"wp:featuredmedia":[{"embeddable":true,"href":"https:\/\/fipmed.co\/hu\/wp-json\/wp\/v2\/media\/21747"}],"wp:attachment":[{"href":"https:\/\/fipmed.co\/hu\/wp-json\/wp\/v2\/media?parent=21746"}],"wp:term":[{"taxonomy":"category","embeddable":true,"href":"https:\/\/fipmed.co\/hu\/wp-json\/wp\/v2\/categories?post=21746"},{"taxonomy":"post_tag","embeddable":true,"href":"https:\/\/fipmed.co\/hu\/wp-json\/wp\/v2\/tags?post=21746"}],"curies":[{"name":"wp","href":"https:\/\/api.w.org\/{rel}","templated":true}]}}