{"id":21758,"date":"2024-03-25T06:01:34","date_gmt":"2024-03-25T06:01:34","guid":{"rendered":"https:\/\/fipmed.co\/8-fip-hez-ihasonlo-betegsegek-amelyeket-elfine-infektiv-peritonitis-fip-nek-lehet-teveszteni\/"},"modified":"2024-03-25T06:01:34","modified_gmt":"2024-03-25T06:01:34","slug":"8-fip-hez-ihasonlo-betegsegek-amelyeket-elfine-infektiv-peritonitis-fip-nek-lehet-teveszteni","status":"publish","type":"page","link":"https:\/\/fipmed.co\/hu\/8-fip-hez-ihasonlo-betegsegek-amelyeket-elfine-infektiv-peritonitis-fip-nek-lehet-teveszteni\/","title":{"rendered":"8 FIP-hez hasonl\u00f3 betegs\u00e9gek, amelyeket \u00f6sszet\u00e9veszthetnek a macsk\u00e1k fert\u0151z\u0151 hash\u00e1rtyagyullad\u00e1s\u00e1val (FIP)"},"content":{"rendered":"<p><strong>A FIP t\u00fcnetei sok betegs\u00e9ghez nagyon hasonl\u00f3ak<\/strong><\/p>\n<p>A macsk\u00e1k fert\u0151z\u0151 hash\u00e1rtyagyullad\u00e1s\u00e1nak (FIP) diagnosztiz\u00e1l\u00e1sa nagy kih\u00edv\u00e1st jelenthet, mivel sz\u00e1mos t\u00fcnete k\u00f6z\u00f6s a FIP-hez hasonl\u00f3 betegs\u00e9gekkel, amelyeket t\u00e9vesen macsk\u00e1k fert\u0151z\u0151 hash\u00e1rtyagyullad\u00e1s\u00e1nak lehet tekinteni. Ide tartozik a fogy\u00e1s, gyenges\u00e9g, letargia, l\u00e1z, \u00e9tv\u00e1gytalans\u00e1g \u00e9s szems\u00e9r\u00fcl\u00e9sek.<\/p>\n<p>Mivel ezek az \u00e1llapotok term\u00e9szet\u00fckben nagyon hasonl\u00f3ak, fontos, hogy a helyes diagn\u00f3zis fel\u00e1ll\u00edt\u00e1s\u00e1hoz \u00e1llatorvoshoz forduljon. Ezenk\u00edv\u00fcl a FIP-hez k\u00f6thet\u0151 Feline Coronavirus (FCoV) \u00e1ltal\u00e1ban megtal\u00e1lhat\u00f3 a macsk\u00e1kban, m\u00e9g azokban is, amelyek eg\u00e9szs\u00e9gesek.<\/p>\n<p>A diagn\u00f3zis m\u00e1sik kih\u00edv\u00e1sa a v\u00edrus sziszt\u00e9m\u00e1s hat\u00e1sa. Gyullad\u00e1shoz vezethet az eg\u00e9sz testben, \u00e9s t\u00f6bb szervet is \u00e9rinthet. A v\u00edrus a macska immunrendszer\u00e9nek k\u00fcl\u00f6nb\u00f6z\u0151 r\u00e9szeit c\u00e9lozza meg, bele\u00e9rtve a nyiroksz\u00f6vetet, a v\u00e9rereket \u00e9s a sejtek vonal\u00e1t sz\u00e1mos szervben. Ez sziszt\u00e9m\u00e1s gyullad\u00e1shoz vezet, amely a test sz\u00e1mos ter\u00fclet\u00e9t \u00e9rinti.<\/p>\n<p>Ez a t\u00f6bb szervet \u00e9rint\u0151 \u00e9rintetts\u00e9g sz\u00e1mos jelet \u00e9s t\u00fcnetet okozhat, bele\u00e9rtve a megnagyobbodott nyirokcsom\u00f3kat vagy has\u00fcreget, \u00e9tv\u00e1gytalans\u00e1got, cs\u00f6kkent aktivit\u00e1si szintet vagy l\u00e1zat, ami rendk\u00edv\u00fcl megnehez\u00edti a pontos diagn\u00f3zist.<\/p>\n<p>A t\u00e9ves diagn\u00f3zis tov\u00e1bbi eg\u00e9szs\u00e9g\u00fcgyi komplik\u00e1ci\u00f3kat okoz\u00f3 helytelen kezel\u00e9st eredm\u00e9nyezhet. Egyes esetekben a macsk\u00e1k a FIP el\u0151rehaladottabb st\u00e1diumai el\u0151tt nem mutatnak klinikai t\u00fcneteket, ez\u00e9rt a rutinszer\u0171 fizik\u00e1lis vizsg\u00e1lat nem elegend\u0151 a kezdeti st\u00e1diumban t\u00f6rt\u00e9n\u0151 azonos\u00edt\u00e1shoz.<\/p>\n<p>&nbsp;<\/p>\n<p><strong>Az FCoV v\u00edrus szinte minden macsk\u00e1ban jelen van.<\/strong><\/p>\n<p>A macskakoronav\u00edrus (FCoV) vil\u00e1gszerte gyakori v\u00edrus, amely a macsk\u00e1kn\u00e1l fordul el\u0151, b\u00e1r a k\u00f6rnyezett\u0151l f\u00fcgg\u0151en elt\u00e9r\u0151 gyakoris\u00e1ggal. Becsl\u00e9sek szerint a macsk\u00e1k ak\u00e1r 80%-a is ki van t\u00e9ve az FCoV v\u00edrusnak, \u00e9s hordozhatja a v\u00edrust an\u00e9lk\u00fcl, hogy klinikai t\u00fcneteket mutatna.<\/p>\n<p>Ha azonban nagy sz\u00e1mban van jelen, olyan fert\u0151z\u00e9seket okozhat, mint a FIP. Ez\u00e9rt a szak\u00e9rt\u0151k egyet\u00e9rtenek abban, hogy a t\u00f6bb macsk\u00e1t tart\u00f3 macskatulajdonosok sz\u00e1m\u00e1ra fontos a v\u00edrus gondos megfigyel\u00e9se \u00e9s nyomon k\u00f6vet\u00e9se &#8211; k\u00fcl\u00f6n\u00f6sen a cicah\u00e1zakban vagy menhelyeken, ahol a betegs\u00e9g terjed\u00e9si ar\u00e1nya gyorsan magas lehet.<\/p>\n<p>Ezen k\u00edv\u00fcl megjegyzend\u0151, hogy a vadmacsk\u00e1k is hordozz\u00e1k az FCoV-t, ami arra utal, hogy a v\u00edrus glob\u00e1lisan vagy a fajok k\u00f6z\u00f6tti k\u00f6zvetlen \u00e9rintkez\u00e9s, vagy a hasonl\u00f3 ter\u00fcleteken \u00e9l\u0151 madarak \u00e9s kiseml\u0151s\u00f6k \u00e1ltal k\u00f6vetett \u00fcr\u00fcl\u00e9kb\u0151l vagy fert\u0151z\u00f6tt porszemcs\u00e9kb\u0151l sz\u00e1rmaz\u00f3 k\u00f6rnyezeti fert\u0151z\u00e9s \u00fatj\u00e1n terjed.<\/p>\n<p>&nbsp;<\/p>\n<p><strong>A FIP-hez t\u00e1rsul\u00f3 t\u00e1rsbetegs\u00e9gek szint\u00e9n nagyon gyakoriak.<\/strong><\/p>\n<p>A FIP gyakori t\u00e1rsbetegs\u00e9gei k\u00f6z\u00e9 tartozik a toxoplazm\u00f3zis, FELV, FIV, FPV, gyullad\u00e1sos b\u00e9lbetegs\u00e9g, r\u00e1k, macsk\u00e1k hemotr\u00f3fi\u00e1s mycoplasma fert\u0151z\u00e9se, limf\u00f3ma, sz\u00edvprobl\u00e9m\u00e1k \u00e9s m\u00e1jgyullad\u00e1s.<\/p>\n<p>Mivel a FIP t\u00e1rsbetegs\u00e9gei m\u00e1s fert\u0151z\u0151 betegs\u00e9gekkel egy\u00fctt jelentkezhetnek, ez tov\u00e1bb bonyol\u00edtja a pontos diagnosztikai k\u00f6vetkeztet\u00e9s elk\u00fcl\u00f6n\u00edt\u00e9s\u00e9t.<\/p>\n<p>Az al\u00e1bbiakban felsoroljuk azokat a betegs\u00e9geket, amelyek hasonl\u00f3 t\u00fcneteket mutatnak, mint a FIP, \u00e9s amelyeket gyakran \u00f6sszet\u00e9vesztenek a FIP-vel.<\/p>\n<h3><\/h3>\n<h3>Toxoplazm\u00f3zis<\/h3>\n<p>A toxoplazm\u00f3zist a Toxoplasma gondii nev\u0171 parazita okozza, amely embereket \u00e9s macsk\u00e1kat egyar\u00e1nt megfert\u0151zhet. Ez a v\u00edrus ugyanolyan gyakori, mint az FCoV a macsk\u00e1kn\u00e1l. Ez a betegs\u00e9g olyan \u00e1ltal\u00e1nos t\u00fcneteket okozhat, mint a l\u00e1z, \u00e9tv\u00e1gytalans\u00e1g \u00e9s letargia, amelyek a FIP-ben is megjelennek. A macsk\u00e1kn\u00e1l a FIP-hez hasonl\u00f3 neurol\u00f3giai t\u00fcnetek is jelentkezhetnek.<\/p>\n<p>A toxoplazm\u00f3zist a t\u00fcnetek hasonl\u00f3s\u00e1ga miatt gyakran t\u00e9vesen FIP-nek diagnosztiz\u00e1lj\u00e1k. A macsk\u00e1k l\u00e1tens toxoplazma-reaktiv\u00e1ci\u00f3ja tov\u00e1bb bonyol\u00edthatja a diagn\u00f3zist.<\/p>\n<h3><\/h3>\n<h3>FELV<\/h3>\n<p>A Feline Leukemia Virus egy retrov\u00edrus, amely immunszupresszi\u00f3hoz vezethet a macsk\u00e1kn\u00e1l, m\u00edg a FIP egy immunmedi\u00e1lt betegs\u00e9g, amelyet a Feline Coronavirus mut\u00e1ns form\u00e1ja okoz. A FeLV sz\u00e1mos m\u00e1s betegs\u00e9gre, k\u00f6zt\u00fck a FIP-re is hajlamos\u00edthatja a macsk\u00e1kat.<\/p>\n<p>Mindk\u00e9t betegs\u00e9g eset\u00e9ben a v\u00edrusok a fert\u0151z\u00f6tt macsk\u00e1k ny\u00e1l\u00e1val, orrv\u00e1lad\u00e9k\u00e1val, vizelet\u00e9vel, \u00fcr\u00fcl\u00e9k\u00e9vel \u00e9s tej\u00e9vel \u00fcr\u00fclnek. A v\u00edrus macsk\u00e1r\u00f3l macsk\u00e1ra terjedhet harapott sebb\u0151l, k\u00f6lcs\u00f6n\u00f6s \u00e1pol\u00e1s sor\u00e1n, valamint az alomt\u00e1lca \u00e9s az etet\u0151t\u00e1l k\u00f6z\u00f6s haszn\u00e1lata sor\u00e1n.<\/p>\n<p>A FeLV-vel fert\u0151z\u00f6tt macsk\u00e1k hosszabb ideig norm\u00e1lis \u00e9letet \u00e9lhetnek. A macsk\u00e1k t\u00fal\u00e9l\u00e9si ideje a FeLV diagnosztiz\u00e1l\u00e1sa ut\u00e1n \u00e1tlagosan 2,5 \u00e9v, m\u00edg a FIP kezel\u00e9s n\u00e9lk\u00fcl sokkal gyorsabban fejl\u0151dik.<\/p>\n<h3><\/h3>\n<h3>FIV<\/h3>\n<p>Az FIV-t a macska immunhi\u00e1ny v\u00edrus okozza, amely a macska immunrendszer\u00e9t k\u00e1ros\u00edtja. Sok tekintetben hasonl\u00edt az emberi HIV-re.<\/p>\n<p>Az FIV fog\u00e9konyabb\u00e1 teszi \u0151ket m\u00e1s fert\u0151z\u00e9sekre, \u00e9s els\u0151sorban harap\u00e1ssal \u00e9s fert\u0151z\u00f6tt macsk\u00e1kkal val\u00f3 szoros \u00e9rintkez\u00e9ssel terjed. Mindk\u00e9t betegs\u00e9g sziszt\u00e9m\u00e1san \u00e9rinti a macsk\u00e1t. Az FIV a macsk\u00e1k immunrendszer\u00e9t vesz\u00e9lyezteti, m\u00edg a FIP a gyullad\u00e1s \u00fatj\u00e1n t\u00e1madja meg a szervezetet.<\/p>\n<p>Mindk\u00e9t betegs\u00e9g fert\u0151z\u0151 is. M\u00edg a FIV nem gy\u00f3gy\u00edthat\u00f3, a FIP a GS441524-gyel gy\u00f3gy\u00edthat\u00f3.<\/p>\n<h3><\/h3>\n<h3>FPV<\/h3>\n<p>A Feline Panleukopenia Virus (FPV) \u00e9s a Feline Infectious Peritonitis (FIP) egyar\u00e1nt v\u00edrusos betegs\u00e9gek, amelyek a macsk\u00e1kat \u00e9rinthetik. Mint ilyen, klinikai megjelen\u00e9s\u00fck is hasonl\u00f3 lehet.<\/p>\n<p>Az FPV-fert\u0151z\u00e9ssel kapcsolatos t\u00fcnetek k\u00f6z\u00e9 tartozhat a l\u00e1z, a letargia, a h\u00e1ny\u00e1s vagy a hasmen\u00e9s, ak\u00e1rcsak a FIP eset\u00e9ben. Az egyes v\u00edrusok \u00e1tviteli m\u00f3dja azonban elt\u00e9r\u0151.<\/p>\n<p>Az FPV csak a fert\u0151z\u00f6tt \u00fcr\u00fcl\u00e9kkel val\u00f3 \u00e9rintkez\u00e9s \u00fatj\u00e1n terjedhet, m\u00edg a FIP-hez kapcsol\u00f3d\u00f3 fert\u0151z\u00e9sekhez a jelek szerint a macsk\u00e1k k\u00f6z\u00f6tti k\u00f6zvetlen \u00e9rintkez\u00e9s vagy k\u00f6zvetett \u00e1tvitel sz\u00fcks\u00e9ges az alom vagy az \u00e9telt\u00e1lak \u00fatj\u00e1n.<\/p>\n<h3><\/h3>\n<h3>Gyullad\u00e1sos b\u00e9lbetegs\u00e9g<\/h3>\n<p>A gyullad\u00e1sos b\u00e9lbetegs\u00e9g (IBD) \u00e9s a FIP egyar\u00e1nt s\u00falyos macskabetegs\u00e9gek, amelyek hasonl\u00f3 t\u00fcnetekkel j\u00e1rhatnak, de okuk, diagn\u00f3zisuk \u00e9s kezel\u00e9s\u00fck elt\u00e9r\u0151.<\/p>\n<p>Az IBD az em\u00e9szt\u0151rendszer gyullad\u00e1s\u00e1val j\u00e1r\u00f3 kr\u00f3nikus betegs\u00e9g, amelyet immunmedi\u00e1lt folyamat okoz. Felsz\u00edv\u00f3d\u00e1si zavarokat, h\u00e1ny\u00e1st, hasmen\u00e9st \u00e9s fogy\u00e1st okoz a v\u00e9konyb\u00e9l ny\u00e1lkah\u00e1rtya k\u00e1rosod\u00e1sa vagy irrit\u00e1ci\u00f3ja miatt.<\/p>\n<p>M\u00e1sr\u00e9szt a FIP-et a macsk\u00e1k koronav\u00edrus\u00e1nak bizonyos t\u00f6rzsei, p\u00e9ld\u00e1ul a FeCV fert\u0151z\u00e9se okozza. A FIP em\u00e9szt\u00e9si probl\u00e9m\u00e1kat is okoz a b\u00e9lrendszerben, ez\u00e9rt az IBD-hez hasonl\u00f3 t\u00fcneteket produk\u00e1l.<\/p>\n<h3><\/h3>\n<h3>R\u00e1k<\/h3>\n<p>A macsk\u00e1k r\u00e1kj\u00e1t a k\u00f3ros sejtek ellen\u0151rizetlen n\u00f6veked\u00e9se okozza, ellent\u00e9tben a FIP-vel, amelyet a macsk\u00e1k koronav\u00edrus\u00e1nak mut\u00e1ci\u00f3ja okoz. A r\u00e1k t\u00fcnetei t\u00edpusonk\u00e9nt elt\u00e9r\u0151ek lehetnek, \u00e9s l\u00e1that\u00f3 csom\u00f3kat, elv\u00e1ltoz\u00e1sokat vagy v\u00e1lad\u00e9koz\u00e1st okozhatnak; m\u00edg a FIP az eg\u00e9sz testben kialakul\u00f3 gyullad\u00e1s miatt t\u00f6bb testr\u00e9szt \u00e9rint, \u00e9s \u00e9tv\u00e1gytalans\u00e1got, l\u00e1zat, l\u00e9gz\u00e9si probl\u00e9m\u00e1kat \u00e9s egyes esetekben folyad\u00e9kgy\u00fclemet okoz.<\/p>\n<h3><\/h3>\n<h3>Macsk\u00e1k hemotr\u00f3fi\u00e1s mikoplazm\u00f3zisa<\/h3>\n<p>A macsk\u00e1k hemotr\u00f3fi\u00e1s mikoplazm\u00f3zisa (FHM) \u00e9s a FIP k\u00e9t olyan betegs\u00e9g, amely hasonl\u00f3 k\u00f6r\u00fclm\u00e9nyek k\u00f6z\u00f6tt \u00e9rinti a macsk\u00e1kat. Mindkett\u0151 gyullad\u00e1st okozhat a szervezetben, ami gyenges\u00e9ghez, fogy\u00e1shoz, l\u00e1zhoz, s\u00e1rgas\u00e1ghoz, kisz\u00e1rad\u00e1shoz \u00e9s \u00e1ltal\u00e1nos rossz k\u00f6z\u00e9rzethez vezet.<\/p>\n<p>A FIP-et azonban a macsk\u00e1k FCoV nev\u0171 koronav\u00edrus\u00e1nak fert\u0151z\u00e9se okozza, m\u00edg az FHM-t a sok macska tork\u00e1ban term\u00e9szetes m\u00f3don el\u0151fordul\u00f3 mikoplazma nev\u0171 fert\u0151z\u0151 bakt\u00e9rium okozza.<\/p>\n<h3><\/h3>\n<h3>Limf\u00f3ma<\/h3>\n<p>A limf\u00f3ma \u00e9s a FIP k\u00e9t olyan, macsk\u00e1kn\u00e1l gyakran el\u0151fordul\u00f3 betegs\u00e9g, amelyek t\u00fcnetei nagyon hasonl\u00f3ak lehetnek, mivel mindkett\u0151 t\u00f6bb testr\u00e9sz gyullad\u00e1s\u00e1t okozza.<\/p>\n<p>A limf\u00f3ma a nyirokrendszerb\u0151l kiindul\u00f3, rosszindulat\u00fa mut\u00e1ci\u00f3 \u00e1ltal okozott r\u00e1kos megbeteged\u00e9s, m\u00edg a FIP a Corona-v\u00edrussal \u00f6sszef\u00fcgg\u0151 immunol\u00f3giai betegs\u00e9g, amely a peritone\u00e1lis membr\u00e1n sziv\u00e1rg\u00e1s\u00e1hoz vezet.<\/p>\n<p>A kezel\u00e9sek nagym\u00e9rt\u00e9kben elt\u00e9rnek att\u00f3l f\u00fcgg\u0151en, hogy a lymphoma vagy a FIP.<\/p>\n<h3><\/h3>\n<h3>Sz\u00edvprobl\u00e9m\u00e1k<\/h3>\n<p>Ha macsk\u00e1kr\u00f3l van sz\u00f3, a sz\u00edv eg\u00e9szs\u00e9g\u00e9t nem szabad figyelmen k\u00edv\u00fcl hagyni, mivel ezek az \u00e1llatok sz\u00e1mos sz\u00edv- \u00e9s \u00e9rrendszeri probl\u00e9m\u00e1t\u00f3l szenvedhetnek. Mivel a FIP jellemz\u0151en sziszt\u00e9m\u00e1s gyullad\u00e1st okoz a szervezetben, k\u00f6zvetve hat\u00e1ssal lehet a sz\u00edvre, mint m\u00e1s sz\u00edvbetegs\u00e9gek, p\u00e9ld\u00e1ul a hipertr\u00f3fi\u00e1s kardiomiop\u00e1tia vagy a pang\u00e1sos sz\u00edvel\u00e9gtelens\u00e9g.<\/p>\n<p>Fontos felismerni, hogy b\u00e1r mindk\u00e9t betegs\u00e9gnek vannak k\u00f6z\u00f6s t\u00fcnetei &#8211; t\u00f6bbek k\u00f6z\u00f6tt \u00e9tv\u00e1gytalans\u00e1g, fogy\u00e1s \u00e9s l\u00e1z -, m\u0171k\u00f6d\u00e9s\u00fck el\u00e9gg\u00e9 k\u00fcl\u00f6nb\u00f6zik ahhoz, hogy k\u00fcl\u00f6nb\u00f6z\u0151 diagnosztikai vizsg\u00e1latokat ig\u00e9nyeljen a v\u00e9gleges diagn\u00f3zis fel\u00e1ll\u00edt\u00e1s\u00e1hoz.<\/p>\n<p>Sz\u00e1mos tov\u00e1bbi vizsg\u00e1latra is sz\u00fcks\u00e9g lehet egy esetleges sz\u00edvprobl\u00e9ma eset\u00e9n, bele\u00e9rtve a r\u00f6ntgenvizsg\u00e1latot \u00e9s az elektrokardiogr\u00e1fi\u00e1t.<\/p>\n<h3><\/h3>\n<h3>M\u00e1jgyullad\u00e1s<\/h3>\n<p>A m\u00e1jgyullad\u00e1s a szervezet term\u00e9szetes v\u00e9dekez\u0151 mechanizmusa a betegs\u00e9gekkel \u00e9s v\u00edrusokkal szemben, amelyek hosszabb t\u00e1v\u00fa sz\u00f6v\u0151dm\u00e9nyekhez vezethetnek.<\/p>\n<p>Fontos, hogy a macskatulajdonosok tiszt\u00e1ban legyenek a m\u00e1jgyullad\u00e1s \u00e9s a FIP k\u00f6z\u00f6tti k\u00fcl\u00f6nbs\u00e9ggel, mivel gyakran hasonl\u00f3 t\u00fcnetekkel jelentkeznek, bele\u00e9rtve a rossz \u00e9tv\u00e1gyat, a letargi\u00e1t, a s\u00e1rgas\u00e1got \u00e9s a cs\u00f6kkent energiaszintet.<\/p>\n<p>A FIP m\u00e1jgyullad\u00e1st is eredm\u00e9nyez, valamint m\u00e1jprobl\u00e9m\u00e1kat okoz. T\u00fal k\u00f6nny\u0171 azt gondolni, hogy ez csak egy m\u00e1jprobl\u00e9ma, pedig nem az.<\/p>\n<h3><\/h3>\n<h3>Bakteri\u00e1lis hash\u00e1rtyagyullad\u00e1s<\/h3>\n<p>A FIP-hez hasonl\u00f3an a bakteri\u00e1lis hash\u00e1rtyagyullad\u00e1s is s\u00falyos \u00e9s potenci\u00e1lisan \u00e9letvesz\u00e9lyes \u00e1llapot a macsk\u00e1kn\u00e1l. Ez a has\u00fcreg bakt\u00e9riumok \u00e1ltal okozott gyullad\u00e1sa, amelynek t\u00fcnetei nagyon hasonl\u00f3ak lehetnek a FIP-hez, att\u00f3l f\u00fcgg\u0151en, hogy a betegs\u00e9g milyen el\u0151rehaladott \u00e1llapotban van.<\/p>\n<p>A bakteri\u00e1lis hash\u00e1rtyagyullad\u00e1st leggyakrabban olyan b\u00e9lbakt\u00e9riumok okozz\u00e1k, mint az E. coli vagy a szalmonella, amelyek r\u00e1k, m\u00e1jbetegs\u00e9g, a szervezeten bel\u00fcli v\u00e9d\u0151r\u00e9tegek k\u00e1rosod\u00e1sa, p\u00e9ld\u00e1ul trauma (pl. aut\u00f3baleset), parazit\u00e1k, t\u00e1pl\u00e1lkoz\u00e1si probl\u00e9m\u00e1k, p\u00e9ld\u00e1ul \u00e9telallergia vagy intolerancia, valamint egy\u00e9b v\u00edrusfert\u0151z\u00e9sek (bele\u00e9rtve a macsk\u00e1k immunhi\u00e1nyos v\u00edrus\u00e1t) miatt ker\u00fclnek a belekbe vagy a v\u00e9r\u00e1ramba, amelyek kor\u00e1bban meggyeng\u00edtett\u00e9k a macsk\u00e1k immunrendszer\u00e9t.<\/p>\n<h3><\/h3>\n<h3>Bakteri\u00e1lis mellh\u00e1rtyagyullad\u00e1s<\/h3>\n<p>A bakteri\u00e1lis mellh\u00e1rtyagyullad\u00e1s a mellh\u00e1rtya fert\u0151z\u00e9se, amely egy v\u00e9kony sz\u00f6vetr\u00e9teg, amely egy zs\u00e1kot alkot az egyes t\u00fcd\u0151k k\u00f6r\u00fcl. A FIP-hez hasonl\u00f3 t\u00fcneteket okozhat. Mindk\u00e9t betegs\u00e9g k\u00f6h\u00f6g\u00e9st, l\u00e9gz\u00e9si neh\u00e9zs\u00e9get vagy ak\u00e1r \u00f6sszeoml\u00e1st is okozhat, ha nem kezelik.<\/p>\n<p>M\u00edg azonban a FIP \u00e1ltal\u00e1ban egyszerre t\u00f6bb szerv gyullad\u00e1s\u00e1hoz vezet, a bakteri\u00e1lis mellh\u00e1rtyagyullad\u00e1s kifejezetten az als\u00f3 l\u00e9gutakat \u00e9rinti, \u00e9s \u00f6sszess\u00e9g\u00e9ben er\u0151sen lokaliz\u00e1lt lehet, b\u00e1r agressz\u00edv jellege miatt azonnali kezel\u00e9st ig\u00e9nyel.<\/p>\n<p>A fert\u0151z\u00e9s diagnosztiz\u00e1l\u00e1s\u00e1hoz \u00e1ltal\u00e1ban folyad\u00e9kmint\u00e1t kell gy\u0171jteni a t\u00fcd\u0151 \u00e9s a test\u00fcregek tal\u00e1lkoz\u00e1s\u00e1nak hely\u00e9r\u0151l, vagy a m\u0171t\u00e9t sor\u00e1n vett sz\u00f6vetmint\u00e1k vizsg\u00e1lat\u00e1t kell elv\u00e9gezni.<\/p>\n<p>A bakteri\u00e1lis mellh\u00e1rtyagyullad\u00e1s kezel\u00e9se gyakran intrav\u00e9n\u00e1san adott antibiotikumokb\u00f3l \u00e1ll, ha lehets\u00e9ges, valamint kieg\u00e9sz\u00edt\u0151 oxig\u00e9nter\u00e1pi\u00e1b\u00f3l \u00e9s egy\u00e9b t\u00e1mogat\u00f3 kezel\u00e9sekb\u0151l, a beteg s\u00falyoss\u00e1g\u00e1t\u00f3l f\u00fcgg\u0151en.<\/p>\n<h3><\/h3>\n<h3>Cryptococcosis<\/h3>\n<p>A kriptococcosis vagy kriptococcus betegs\u00e9g egy gombafert\u0151z\u00e9s, amelyet a talajban \u00e9s a mad\u00e1r\u00fcr\u00fcl\u00e9kben megtal\u00e1lhat\u00f3 Cryptococcus neoformans gombafaj okoz. A k\u00e9t betegs\u00e9g t\u00fcnetei meglehet\u0151sen hasonl\u00f3ak, bele\u00e9rtve a fogy\u00e1st, l\u00e1zat, \u00e9tv\u00e1gytalans\u00e1got \u00e9s letargi\u00e1t.<\/p>\n<p>A neurol\u00f3giai probl\u00e9m\u00e1k jelei, mint p\u00e9ld\u00e1ul a fejbillent\u00e9s \u00e9s ataxia, szint\u00e9n megjelenhetnek a kriptococcosis eset\u00e9ben.<\/p>\n","protected":false},"excerpt":{"rendered":"<p>A FIP t\u00fcnetei sok betegs\u00e9ghez nagyon hasonl\u00f3ak A macsk\u00e1k fert\u0151z\u0151 hash\u00e1rtyagyullad\u00e1s\u00e1nak (FIP) diagnosztiz\u00e1l\u00e1sa nagy kih\u00edv\u00e1st jelenthet, mivel sz\u00e1mos t\u00fcnete k\u00f6z\u00f6s a FIP-hez hasonl\u00f3 betegs\u00e9gekkel, amelyeket t\u00e9vesen macsk\u00e1k fert\u0151z\u0151 hash\u00e1rtyagyullad\u00e1s\u00e1nak lehet tekinteni. Ide tartozik a fogy\u00e1s, gyenges\u00e9g, letargia, l\u00e1z, \u00e9tv\u00e1gytalans\u00e1g \u00e9s szems\u00e9r\u00fcl\u00e9sek. Mivel ezek az \u00e1llapotok term\u00e9szet\u00fckben nagyon hasonl\u00f3ak, fontos, hogy a helyes diagn\u00f3zis fel\u00e1ll\u00edt\u00e1s\u00e1hoz \u00e1llatorvoshoz [&hellip;]<\/p>\n","protected":false},"author":1,"featured_media":21759,"parent":0,"menu_order":0,"comment_status":"closed","ping_status":"closed","template":"","meta":{"_glsr_average":0,"_glsr_ranking":0,"_glsr_reviews":0,"footnotes":""},"categories":[748],"tags":[],"_links":{"self":[{"href":"https:\/\/fipmed.co\/hu\/wp-json\/wp\/v2\/pages\/21758"}],"collection":[{"href":"https:\/\/fipmed.co\/hu\/wp-json\/wp\/v2\/pages"}],"about":[{"href":"https:\/\/fipmed.co\/hu\/wp-json\/wp\/v2\/types\/page"}],"author":[{"embeddable":true,"href":"https:\/\/fipmed.co\/hu\/wp-json\/wp\/v2\/users\/1"}],"replies":[{"embeddable":true,"href":"https:\/\/fipmed.co\/hu\/wp-json\/wp\/v2\/comments?post=21758"}],"version-history":[{"count":0,"href":"https:\/\/fipmed.co\/hu\/wp-json\/wp\/v2\/pages\/21758\/revisions"}],"wp:featuredmedia":[{"embeddable":true,"href":"https:\/\/fipmed.co\/hu\/wp-json\/wp\/v2\/media\/21759"}],"wp:attachment":[{"href":"https:\/\/fipmed.co\/hu\/wp-json\/wp\/v2\/media?parent=21758"}],"wp:term":[{"taxonomy":"category","embeddable":true,"href":"https:\/\/fipmed.co\/hu\/wp-json\/wp\/v2\/categories?post=21758"},{"taxonomy":"post_tag","embeddable":true,"href":"https:\/\/fipmed.co\/hu\/wp-json\/wp\/v2\/tags?post=21758"}],"curies":[{"name":"wp","href":"https:\/\/api.w.org\/{rel}","templated":true}]}}