{"id":21803,"date":"2024-03-28T05:15:08","date_gmt":"2024-03-28T05:15:08","guid":{"rendered":"https:\/\/fipmed.co\/a-legjobb-szajon-at-szedheto-gyogyszerek-a-fip-fip-fip-tablettakhoz-es-kapszulakhoz\/"},"modified":"2024-03-28T05:15:08","modified_gmt":"2024-03-28T05:15:08","slug":"a-legjobb-szajon-at-szedheto-gyogyszerek-a-fip-fip-fip-tablettakhoz-es-kapszulakhoz","status":"publish","type":"page","link":"https:\/\/fipmed.co\/hu\/a-legjobb-szajon-at-szedheto-gyogyszerek-a-fip-fip-fip-tablettakhoz-es-kapszulakhoz\/","title":{"rendered":"A legjobb sz\u00e1jon \u00e1t szedhet\u0151 gy\u00f3gyszer a FIP-re &#8211; FIP tablett\u00e1k \u00e9s kapszul\u00e1k"},"content":{"rendered":"<p>B\u00e1r az injekci\u00f3kat \u00e1ltal\u00e1ban megb\u00edzhat\u00f3bbnak tartj\u00e1k, mint a GS-441524 or\u00e1lis form\u00e1j\u00e1t a FIP kezel\u00e9s\u00e9re, sz\u00e1mos macskatulajdonos a sz\u00e1jon \u00e1t t\u00f6rt\u00e9n\u0151 szed\u00e9st v\u00e1lasztja, hogy elker\u00fclje az injekci\u00f3kkal j\u00e1r\u00f3 esetleges kellemetlens\u00e9geket. Egyes macsk\u00e1k kellemetlen \u00e9rz\u00e9seket \u00e9rezhetnek, vagy a hosszabb kezel\u00e9st k\u00f6vet\u0151en ellenszenvet fejleszthetnek ki az injekci\u00f3kkal szemben, \u00e9s vannak olyanok is, amelyek hat\u00e1rozottan ellenzik az elj\u00e1r\u00e1st. Ezenk\u00edv\u00fcl fenn\u00e1ll a lehet\u0151s\u00e9ge annak, hogy a gy\u00f3gyszer savass\u00e1ga miatt az injekci\u00f3 bead\u00e1s\u00e1nak hely\u00e9n sebek keletkeznek. Ezekben a helyzetekben a sz\u00e1jon \u00e1t szedhet\u0151 kapszul\u00e1k vagy FIP tablett\u00e1k helyettes\u00edthetik az injekci\u00f3kat. Or\u00e1lis alkalmaz\u00e1s eset\u00e9n nem kell agg\u00f3dni a gy\u00f3gyszerrezisztencia miatt. A GS-441524 hat\u00e9konys\u00e1ga mind a nedves, mind a sz\u00e1raz FIP kezel\u00e9s\u00e9ben konzisztens, f\u00fcggetlen\u00fcl att\u00f3l, hogy milyen form\u00e1ban alkalmazz\u00e1k.<\/p>\n<p>A GS-441524-nek a FIP kezel\u00e9s\u00e9re v\u00e9gzett els\u0151 terepi tesztjei sor\u00e1n a b\u0151r al\u00e1 injekci\u00f3zt\u00e1k. Mind az intrav\u00e9n\u00e1s, mind a szubkut\u00e1n injekci\u00f3k magas v\u00e9rszintet eredm\u00e9nyeztek, amely t\u00f6bb mint 24 \u00f3r\u00e1n kereszt\u00fcl olyan szinten maradt, hogy meg\u00e1ll\u00edtotta a v\u00edrust. A kutat\u00f3k azt is meg\u00e1llap\u00edtott\u00e1k, hogy a gy\u00f3gyszer sz\u00e1jon \u00e1t t\u00f6rt\u00e9n\u0151 bead\u00e1sa emelte a v\u00e9rszintet, de ez egy kicsit k\u00e9s\u0151bb \u00e9s csak a szubkut\u00e1n \u00e9s intrav\u00e9n\u00e1s \u00faton tapasztalt cs\u00facsszintek k\u00f6r\u00fclbel\u00fcl 40%-\u00e1n\u00e1l t\u00f6rt\u00e9nt (Pedersen NC, priv\u00e1t adatok, 2018). A hosszabb b\u00e9lrendszerrel rendelkez\u0151 kuty\u00e1k azonban, amelyek \u00fagy fejl\u0151dtek ki, hogy h\u00fast \u00e9s n\u00f6v\u00e9nyeket egyar\u00e1nt fogyasszanak, a GS441524 ak\u00e1r 85%-\u00e1t is felvehetik a t\u00e1pl\u00e1l\u00e9kukkal [1, 5]. A sz\u00e1jfelsz\u00edv\u00f3d\u00e1si tanulm\u00e1nyokban gyakran haszn\u00e1ltak kuty\u00e1kat az emberek helyettes\u00edt\u0151jek\u00e9nt. Ez azt jelenti, hogy az emberekn\u00e9l a sz\u00e1jon \u00e1t t\u00f6rt\u00e9n\u0151 felsz\u00edv\u00f3d\u00e1s is val\u00f3sz\u00edn\u0171leg nagyobb, mint a macsk\u00e1kn\u00e1l.<\/p>\n<p>Ez\u00e9rt a macsk\u00e1kon v\u00e9gzett helysz\u00edni vizsg\u00e1latokhoz a szubkut\u00e1n m\u00f3dszert v\u00e1lasztott\u00e1k, mivel az k\u00f6nnyen haszn\u00e1lhat\u00f3 volt, \u00e9s magas v\u00e9rszintet eredm\u00e9nyezett.<\/p>\n<p>A GS-441524 k\u00ednai forgalmaz\u00f3i lem\u00e1solt\u00e1k a k\u00f6zz\u00e9tett terepvizsg\u00e1lat h\u00edg\u00edt\u00f3j\u00e1t, a gy\u00f3gyszerkoncentr\u00e1ci\u00f3t \u00e9s a szubkut\u00e1n bead\u00e1s m\u00f3dj\u00e1t. Ezt k\u00f6vet\u0151en tanulm\u00e1nyozz\u00e1k a gy\u00f3gyszert, \u00e9s tabletta form\u00e1j\u00e1ban k\u00edn\u00e1lj\u00e1k. A k\u00ednai kutat\u00f3k felfedezt\u00e9k, hogy a GS-441524 hat\u00e9kony v\u00e9rszintj\u00e9t \u00fagy \u00e9rhetik el, hogy a sz\u00e1jon \u00e1t szedhet\u0151 v\u00e1ltozataikban t\u00f6bb hat\u00f3anyagot tartalmaznak.<\/p>\n<p>Ezt k\u00f6vet\u0151en m\u00e1s c\u00e9gek is megjelentek a GS-441524 saj\u00e1t, sz\u00e1jon \u00e1t bevehet\u0151 v\u00e1ltozataival. A fogyaszt\u00f3k m\u00e1r most megv\u00e1s\u00e1rolhatj\u00e1k a kapszul\u00e1kat \u00e9s a tablett\u00e1kat. A c\u00edmk\u00e9k sz\u00e1mos n\u00e9pszer\u0171, biztons\u00e1gos vegyi anyagot \u00e9s gy\u00f3gyn\u00f6v\u00e9nyt neveznek meg \u00f6sszetev\u0151k\u00e9nt, de a GS-441524 nem tartozik k\u00f6z\u00e9j\u00fck. A v\u00e1mtisztvisel\u0151k val\u00f3sz\u00edn\u0171leg nem n\u00e9zik meg ezt alaposan. A GS-441524 minden sz\u00e1jon \u00e1t szedhet\u0151 term\u00e9k hat\u00f3anyaga, f\u00fcggetlen\u00fcl att\u00f3l, hogy mi van m\u00e9g benne. A szublingv\u00e1lis term\u00e9keket forgalmaz\u00f3 c\u00e9gek nem mondj\u00e1k meg, hogy mennyi GS-441524 van benn\u00fck, de egy\u00e9rtelm\u0171, hogy sokkal t\u00f6bb, mint amennyire sz\u00fcks\u00e9g lenne, ha a gy\u00f3gyszert a b\u0151r al\u00e1 adn\u00e1k.<\/p>\n<p>\u00dagy t\u0171nik, hogy egyre t\u00f6bb \u00e1llattart\u00f3 \u00e9s \u00e1llatorvos haszn\u00e1lja a GS-441524 sz\u00e1jon \u00e1t szedhet\u0151 k\u00e9sz\u00edtm\u00e9nyt a kezel\u00e9s r\u00e9szek\u00e9nt vagy teljes eg\u00e9sz\u00e9ben. Az elm\u00falt k\u00e9t \u00e9vben a sz\u00f3beli GS-441524 term\u00e9kek min\u0151s\u00e9ge emelkedett, m\u00edg az \u00e1r lassan cs\u00f6kkent. Az injekci\u00f3 bead\u00e1s\u00e1nak hely\u00e9n fell\u00e9p\u0151 reakci\u00f3k probl\u00e9m\u00e1ja \u00e9s az a t\u00e9ny, hogy a GS-441524 sz\u00e1jon \u00e1t szedhet\u0151 k\u00e9sz\u00edtm\u00e9nyei jobban hatnak, miatt a sz\u00e1jon \u00e1t t\u00f6rt\u00e9n\u0151 kezel\u00e9s egyre n\u00e9pszer\u0171bb\u00e9 v\u00e1lt. Egyre t\u00f6bb macsk\u00e1t kezelnek olyan gy\u00f3gyszerekkel, amelyeket sz\u00e1jon \u00e1t vesznek be, ak\u00e1r a kezel\u00e9s egy r\u00e9sz\u00e9ben, ak\u00e1r az eg\u00e9sz kezel\u00e9s sor\u00e1n.<\/p>\n<h1>FIP tablett\u00e1k vs. kapszul\u00e1k: \u00d6sszet\u00e9tel \u00e9s adagol\u00e1s<\/h1>\n<p>A GS-441524 sz\u00e1jon \u00e1t t\u00f6rt\u00e9n\u0151 alkalmaz\u00e1sra sokkal t\u00f6bb GS441524 hat\u00f3anyagot tartalmaz, hogy ellens\u00falyozza a felsz\u00edv\u00f3d\u00e1si vesztes\u00e9get. A j\u00f3l ismert sz\u00e1jon \u00e1t szedhet\u0151 term\u00e9kek mindegyike tabletta. A FIPMed tablett\u00e1i azonban kisebb m\u00e9ret\u0171ek, \u00edgy k\u00f6nnyebben fogyaszthat\u00f3k. Egyes sz\u00e1jon \u00e1t szedhet\u0151 gy\u00f3gyszerek FIP kapszul\u00e1k, amelyek szint\u00e9n folyad\u00e9kkal vagy porral vannak t\u00f6ltve, \u00e9s ha a macsk\u00e1k megharapj\u00e1k \u0151ket, elvesz\u00edthetik a benn\u00fck l\u00e9v\u0151 gy\u00f3gyszert. Amikor a macsk\u00e1k felt\u00f6rik a tablett\u00e1kat, ismert, hogy rossz reakci\u00f3kat v\u00e1ltanak ki.<\/p>\n<p>A tablett\u00e1k vagy tablett\u00e1k szed\u00e9si utas\u00edt\u00e1sai minden sz\u00e1jon \u00e1t szedhet\u0151 t\u00edpus eset\u00e9ben azonosak. \u00c1ltal\u00e1ban az a legjobb, ha a gy\u00f3gyszer bead\u00e1sa el\u0151tt \u00e9s ut\u00e1n 30 percig semmit sem eszik vagy iszik. N\u00e9h\u00e1ny macska hajland\u00f3 lehet bevenni \u0151ket, ha adsz nekik egy kis jutalomfalatot, \u00e9s sok macska megeszi \u0151ket, ha egy t\u00e1ny\u00e9rra teszed \u0151ket egy fed\u0151 jutalomfalattal egy\u00fctt (mint Churu).<\/p>\n<p>B\u00e1r a sz\u00e1jon \u00e1t szedhet\u0151 kapszul\u00e1k \u00e9s a tablett\u00e1k egyar\u00e1nt hat\u00e9konyak, a kapszul\u00e1k bead\u00e1sa \u00e1ltal\u00e1ban nehezebb, mint a tablett\u00e1k\u00e9. A kapszul\u00e1k nagyobbak, \u00edgy a macsk\u00e1k nehezen tudj\u00e1k k\u00f6nnyed\u00e9n lenyelni \u0151ket. A por alak\u00fa k\u00e9sz\u00edtm\u00e9nyek tablett\u00e1kk\u00e1 t\u00f6m\u00f6r\u00edt\u00e9s\u00e9hez nagyobb gy\u00e1rt\u00e1si kapacit\u00e1sra van sz\u00fcks\u00e9g, m\u00edg a h\u00e1ts\u00f3 ajt\u00f3kon t\u00f6rt\u00e9n\u0151 amat\u0151r gy\u00e1rt\u00e1s emberi munkaer\u0151vel teszi a port kapszul\u00e1kba.<\/p>\n<p>A FIPMED sz\u00e1jon \u00e1t szedhet\u0151 tablett\u00e1k a piacon kaphat\u00f3khoz k\u00e9pest kisebb m\u00e9ret\u0171ek, m\u00e9gis nagy mennyis\u00e9g\u0171 GS441524-et tartalmaznak. 30mg \u00e9s 40mg koncentr\u00e1ci\u00f3ban ker\u00fclnek forgalomba, nem \u00fagy, mint a piacon l\u00e9v\u0151 5mg-osok, amelyeknek t\u00f6bb tablett\u00e1t kell biztos\u00edtaniuk ugyanahhoz a hat\u00e1shoz. Kompaktak \u00e9s a legt\u00f6bb helyzetben k\u00f6nnyen beadhat\u00f3k.<\/p>\n<h1>A FIP tablett\u00e1k k\u00f6lts\u00e9ge<\/h1>\n<p>Az elm\u00falt \u00e9vben a sz\u00f3beli GS \u00e1ra sokat cs\u00f6kkent. Ha m\u00e1r az \u00e1rakr\u00f3l besz\u00e9l\u00fcnk, a sz\u00e1jon \u00e1t szedhet\u0151 GS-441524 20-40%-kal dr\u00e1g\u00e1bb, mint injekci\u00f3s t\u00e1rsa, azonban a FIPMed tablett\u00e1i a legolcs\u00f3bbak a piacon, \u00e9s szinte az injekci\u00f3s k\u00e9sz\u00edtm\u00e9nyekhez hasonl\u00f3an ker\u00fclnek.<\/p>\n<h1>Miben k\u00fcl\u00f6nb\u00f6zik a sz\u00e1j vs. l\u00f6v\u00e9s<\/h1>\n<p>Az or\u00e1lis GS-441524 \u00e1ltal\u00e1ban nem j\u00f3 \u00f6tlet olyan macsk\u00e1knak, amelyek m\u00e1r h\u00e1nynak vagy \u00f6klendeznek \u00e9s hasmen\u00e9s\u00fck van. Az emberek gyakran adnak a s\u00falyos em\u00e9szt\u00e9si probl\u00e9m\u00e1kkal k\u00fczd\u0151 macsk\u00e1knak injekci\u00f3kat, am\u00edg a probl\u00e9m\u00e1k meg nem sz\u0171nnek. A GS-441524 szubkut\u00e1n bead\u00e1sa szint\u00e9n megb\u00edzhat\u00f3bb, mint a sz\u00e1jon \u00e1t t\u00f6rt\u00e9n\u0151 bead\u00e1s. Ez gyakran nagyon fontos t\u00e9nyez\u0151 a nagyon beteg \u00e9s bizonytalan macsk\u00e1k kezdeti ell\u00e1t\u00e1sa sor\u00e1n. Annak eld\u00f6nt\u00e9se, hogy tov\u00e1bbra is adjunk-e GS-441524 injekci\u00f3t a macsk\u00e1nak, gyakran att\u00f3l f\u00fcgg, hogy a tulajdonos mennyire j\u00f3l tudja elv\u00e9gezni az injekci\u00f3kat, mennyire k\u00e9sz a macska megszokni a f\u00e1jdalmat, \u00e9s milyen gyakran jelentkeznek sebek az injekci\u00f3 bead\u00e1s\u00e1nak hely\u00e9n. Ilyenkor a sz\u00e1jon \u00e1t szedhet\u0151 gy\u00f3gyszerek gyakran kellemes kikapcsol\u00f3d\u00e1st jelentenek mind a gazdi, mind a macska sz\u00e1m\u00e1ra.<\/p>\n<h1>Mennyire hat\u00e9kony a GS-441524 sz\u00e1jon \u00e1t t\u00f6rt\u00e9n\u0151 sz\u00e1jon \u00e1t t\u00f6rt\u00e9n\u0151 alkalmaz\u00e1sa a FIP kezel\u00e9s\u00e9re?<\/h1>\n<p>Ha a megfelel\u0151 id\u0151ben \u00e9s adagol\u00e1sban adj\u00e1k be, a sz\u00e1jon \u00e1t t\u00f6rt\u00e9n\u0151 FIP-kezel\u00e9s ugyanolyan hat\u00e9kony lehet a macsk\u00e1k fert\u0151z\u0151 hash\u00e1rtyagyullad\u00e1s\u00e1nak kezel\u00e9s\u00e9ben, mint a szubkut\u00e1n injekci\u00f3k. M\u00e1sr\u00e9szt a FIP kezel\u00e9s\u00e9vel foglalkoz\u00f3 szak\u00e9rt\u0151k \u00e1ltal\u00e1ban egyet\u00e9rtenek abban, hogy a sz\u00e1jon \u00e1t kezelt macsk\u00e1kn\u00e1l nagyobb az es\u00e9ly a visszaes\u00e9sre, mint az injekci\u00f3kkal kezeltekn\u00e9l a kezel\u00e9s teljes id\u0151tartama alatt. A sz\u00e1jon \u00e1t szedhet\u0151 kapszul\u00e1k \u00e9s tablett\u00e1k nem biztos, hogy optim\u00e1lis kezel\u00e9st ny\u00fajtanak a FIP neurol\u00f3giai form\u00e1iban szenved\u0151 macsk\u00e1k, illetve a gyakori h\u00e1ny\u00e1ssal vagy hasmen\u00e9ssel k\u00fczd\u0151 macsk\u00e1k sz\u00e1m\u00e1ra. Jelenleg sem az injekci\u00f3s, sem a sz\u00e1jon \u00e1t t\u00f6rt\u00e9n\u0151 FIP-kezel\u00e9ssel kapcsolatban nem sz\u00e1moltak be mell\u00e9khat\u00e1sokr\u00f3l.<\/p>\n<p>Egyes macsk\u00e1k nem reag\u00e1ltak j\u00f3l a GS-441524 els\u0151 kezel\u00e9sk\u00e9nt t\u00f6rt\u00e9n\u0151 sz\u00e1jon \u00e1t t\u00f6rt\u00e9n\u0151 szed\u00e9s\u00e9re, vagy visszaes\u00e9s\u00fck volt, amikor az injekci\u00f3r\u00f3l tablett\u00e1ra v\u00e1ltottak. M\u00e1s esetekben a macsk\u00e1knak ugyanekkora mennyis\u00e9g\u0171 GS-441524 sz\u00e1jon \u00e1t t\u00f6rt\u00e9n\u0151 ad\u00e1sa olyan betegs\u00e9geket gy\u00f3gy\u00edtott meg, amelyek nem reag\u00e1ltak j\u00f3l az injekci\u00f3kra. A GS-441524 injekt\u00e1lhat\u00f3 form\u00e1j\u00e1t javasoljuk, amely el\u00e9rheti a Neuro FIP betegs\u00e9g kezel\u00e9s\u00e9hez sz\u00fcks\u00e9ges pontos mennyis\u00e9get, k\u00fcl\u00f6n\u00f6sen akkor, ha a v\u00edrus rezisztenss\u00e9 v\u00e1lt a k\u00fcl\u00f6nb\u00f6z\u0151 gy\u00f3gyszerekkel szemben.<\/p>\n<p>&nbsp;<\/p>\n<p>A GS-441524-gyel \u00e9s a GS-441524-gyel kapcsolatos nukleozidok GI-felsz\u00edv\u00f3d\u00e1s\u00e1ra vonatkoz\u00f3 hivatkozott tanulm\u00e1nyok<\/p>\n<p>1. Thomas L. A remdesivir prekurzora ter\u00e1pi\u00e1s potenci\u00e1lt mutat a COVID-19 eset\u00e9ben.<br \/>\nhttps:\/\/www.news-medical.net\/news\/20210209\/A-precursor-to-remdesivir-showstherapeuticpotential-for-COVID-19.aspx.<\/p>\n<p>2. Painter GR, Bowen RA, Bluemling GR, et al. A profilaktikus \u00e9s ter\u00e1pi\u00e1s hat\u00e1s\u00fa egy<br \/>\nsz\u00e9lesk\u00f6r\u0171en akt\u00edv ribonukleozid anal\u00f3g az intranaz\u00e1lis venezuelai l\u00f3 intranaz\u00e1lis modellj\u00e9nek eg\u00e9r modellj\u00e9ben.<br \/>\nencephalitis v\u00edrusfert\u0151z\u00e9s. Antiviral Res. 2019;171:104597.<br \/>\ndoi:10.1016\/j.antiviral.2019.104597<\/p>\n<p>Az EIDD-1931 sz\u00e1jon \u00e1t t\u00f6rt\u00e9n\u0151 bead\u00e1st k\u00f6vet\u0151en gyorsan felsz\u00edv\u00f3dik, amit a plazma T-max \u00e9rt\u00e9kei is bizony\u00edtanak.<br \/>\n0,5 \u00e9s 1,0 \u00f3ra k\u00f6z\u00f6tt.Az expoz\u00edci\u00f3k magasak (a C-ma-x \u00e9rt\u00e9kek 30 \u00e9s 40\u03bcM k\u00f6z\u00f6tt mozognak).<br \/>\n\u00e9s d\u00f3zisf\u00fcgg\u0151ek, de l\u00e9nyegesen kisebbek, mint a d\u00f3zisar\u00e1nyosak. A megfigyel\u00e9s<br \/>\na biohasznosul\u00e9konys\u00e1g cs\u00f6kken\u00e9se a d\u00f3zis n\u00f6vel\u00e9s\u00e9vel a kapacit\u00e1s korl\u00e1tozott felsz\u00edv\u00f3d\u00e1s\u00e1t jelezheti, egy<br \/>\njelens\u00e9g, amelyr\u0151l m\u00e1s nukleozidok eset\u00e9ben is besz\u00e1moltak (de Miranda \u00e9s mtsai., 1981). EIDD-1931,<br \/>\na legt\u00f6bb endog\u00e9n nukleozidhoz \u00e9s xenobiotikus nukleozid-anal\u00f3ghoz hasonl\u00f3an er\u0151sen pol\u00e1ris,<br \/>\nhidrofil molekula (cLog P =-2,2), \u00e9s ez\u00e9rt val\u00f3sz\u00edn\u0171leg funkcion\u00e1lis transzportereket ig\u00e9nyel, hogy<br \/>\n\u00e1thaladnak a sejtmembr\u00e1nokon. Ez a f\u00fcgg\u0151s\u00e9g megmagyar\u00e1zn\u00e1 a kapacit\u00e1s korl\u00e1tozott felv\u00e9tel\u00e9t, amelyet a<br \/>\na CD-1 egereken v\u00e9gzett farmakokinetikai vizsg\u00e1latok. Kor\u00e1bbi jelent\u00e9sek azt is jelezt\u00e9k, hogy a nukleozidok<br \/>\nfelv\u00e9tele az eg\u00e9r b\u00e9lh\u00e1msejtekbe els\u0151sorban a n\u00e1triumf\u00fcgg\u0151<br \/>\nkoncentrat\u00edv nukleozid transzporterek (Cass \u00e9s mtsai., 1999; Vijayalakshmi \u00e9s Belt, 1988).<\/p>\n<p>3. Cass, C.E., Young, J.D., Baldwin, S.A., Cabrita, M.A., Graham, K.A., Griffiths, M.,Jennings,<br \/>\nL.L., Mackey, J.R., Ng, A.M., Ritzel, M.W., Vickers, M.F., Yao, S.Y., 1999.Nucleoside<br \/>\neml\u0151s sejtek transzporterei. Pharm. Biotechnol. 12313-12352<\/p>\n<p>4. de Miranda, P., Krasny, H.C., Page, D.A., Elion, G.B., 1981. Az aciklovir diszpoz\u00edci\u00f3ja<br \/>\nk\u00f6z\u00f6mb\u00f6s fajok. J. Pharmacol. Exp. Ther. 219 (2), 309-315<\/p>\n<p>5. Vijayalakshmi, D., Belt, J.A., 1988. N\u00e1trium-f\u00fcgg\u0151 nukleozid transzport eg\u00e9rben<br \/>\nb\u00e9lh\u00e1msejtek. K\u00e9t k\u00fcl\u00f6nb\u00f6z\u0151 szubsztr\u00e1tspecifit\u00e1s\u00fa transzportrendszer. Biol.<br \/>\nChem. 263 (36), 19419-19423.<\/p>\n<p>6. Yan VC, Khadka S, Arthur K, Ackroyd JJ, Georgiou DK, Muller FL. Az or\u00e1lisan alkalmazott gy\u00f3gyszerek farmakokinetik\u00e1ja<br \/>\nBeadott GS-441524 kuty\u00e1kn\u00e1l. bioRxiv, doi: https:\/\/doi.org\/10.1101\/2021.02.04.429674<\/p>\n<p>7. https:\/\/ccah.vetmed.ucdavis.edu\/<\/p>\n","protected":false},"excerpt":{"rendered":"<p>B\u00e1r az injekci\u00f3kat \u00e1ltal\u00e1ban megb\u00edzhat\u00f3bbnak tartj\u00e1k, mint a GS-441524 or\u00e1lis form\u00e1j\u00e1t a FIP kezel\u00e9s\u00e9re, sz\u00e1mos macskatulajdonos a sz\u00e1jon \u00e1t t\u00f6rt\u00e9n\u0151 szed\u00e9st v\u00e1lasztja, hogy elker\u00fclje az injekci\u00f3kkal j\u00e1r\u00f3 esetleges kellemetlens\u00e9geket. Egyes macsk\u00e1k kellemetlen \u00e9rz\u00e9seket \u00e9rezhetnek, vagy a hosszabb kezel\u00e9st k\u00f6vet\u0151en ellenszenvet fejleszthetnek ki az injekci\u00f3kkal szemben, \u00e9s vannak olyanok is, amelyek hat\u00e1rozottan ellenzik az elj\u00e1r\u00e1st. Ezenk\u00edv\u00fcl [&hellip;]<\/p>\n","protected":false},"author":1,"featured_media":21804,"parent":0,"menu_order":0,"comment_status":"closed","ping_status":"closed","template":"","meta":{"_glsr_average":0,"_glsr_ranking":0,"_glsr_reviews":0,"footnotes":""},"categories":[724],"tags":[],"_links":{"self":[{"href":"https:\/\/fipmed.co\/hu\/wp-json\/wp\/v2\/pages\/21803"}],"collection":[{"href":"https:\/\/fipmed.co\/hu\/wp-json\/wp\/v2\/pages"}],"about":[{"href":"https:\/\/fipmed.co\/hu\/wp-json\/wp\/v2\/types\/page"}],"author":[{"embeddable":true,"href":"https:\/\/fipmed.co\/hu\/wp-json\/wp\/v2\/users\/1"}],"replies":[{"embeddable":true,"href":"https:\/\/fipmed.co\/hu\/wp-json\/wp\/v2\/comments?post=21803"}],"version-history":[{"count":0,"href":"https:\/\/fipmed.co\/hu\/wp-json\/wp\/v2\/pages\/21803\/revisions"}],"wp:featuredmedia":[{"embeddable":true,"href":"https:\/\/fipmed.co\/hu\/wp-json\/wp\/v2\/media\/21804"}],"wp:attachment":[{"href":"https:\/\/fipmed.co\/hu\/wp-json\/wp\/v2\/media?parent=21803"}],"wp:term":[{"taxonomy":"category","embeddable":true,"href":"https:\/\/fipmed.co\/hu\/wp-json\/wp\/v2\/categories?post=21803"},{"taxonomy":"post_tag","embeddable":true,"href":"https:\/\/fipmed.co\/hu\/wp-json\/wp\/v2\/tags?post=21803"}],"curies":[{"name":"wp","href":"https:\/\/api.w.org\/{rel}","templated":true}]}}