{"id":21878,"date":"2024-03-25T07:31:47","date_gmt":"2024-03-25T07:31:47","guid":{"rendered":"https:\/\/fipmed.co\/9-gyakori-fip-tarsbetegsegek\/"},"modified":"2024-03-25T07:31:47","modified_gmt":"2024-03-25T07:31:47","slug":"9-gyakori-fip-tarsbetegsegek","status":"publish","type":"page","link":"https:\/\/fipmed.co\/hu\/9-gyakori-fip-tarsbetegsegek\/","title":{"rendered":"9 Gyakori FIP t\u00e1rsbetegs\u00e9gek"},"content":{"rendered":"<h2>Mi\u00e9rt fordul el\u0151 a FIP gyakran m\u00e1s betegs\u00e9gekkel egy\u00fctt?<\/h2>\n<p>A FIP-t\u0151l elt\u00e9r\u0151 betegs\u00e9gben szenved\u0151 macsk\u00e1k gyakran egyidej\u0171leg pozit\u00edvak az FCoV-antitestekre vagy a v\u00edrusra. \u00cdme 9 gyakori FIP-komorbidit\u00e1s.<\/p>\n<p>A FIP lehet az immunrendszer gyeng\u00fcl\u00e9s\u00e9nek k\u00f6vetkezm\u00e9nye, amelyet m\u00e1r megl\u00e9v\u0151 \u00e1llapotok, v\u00edrusmut\u00e1ci\u00f3 vagy tov\u00e1bbi sz\u00f6v\u0151dm\u00e9nyeket okoz\u00f3 kezdeti betegs\u00e9g okozhat.<\/p>\n<h3>Megl\u00e9v\u0151 \u00e1llapot<\/h3>\n<p>A m\u00e1r megl\u00e9v\u0151 betegs\u00e9g miatt a macsk\u00e1k hajlamosabbak lehetnek a FIP-re &#8211; ez kihat az \u00e1ltal\u00e1nos eg\u00e9szs\u00e9gi \u00e1llapotukra \u00e9s \u00e9letmin\u0151s\u00e9g\u00fckre. Ez az\u00e9rt van \u00edgy, mert m\u00e1s betegs\u00e9gek vagy legyeng\u00fclt immunrendszerek is okozhatj\u00e1k a v\u00edrus mut\u00e1ci\u00f3j\u00e1t, amely a FIP-et okozza.<\/p>\n<p>A m\u00e1r megl\u00e9v\u0151 \u00e1llapotok nem mindig nyilv\u00e1nval\u00f3ak, b\u00e1r n\u00e9h\u00e1ny gyakori jel lehet a l\u00e1z, a fogy\u00e1s, a letargia, az \u00e9tv\u00e1gytalans\u00e1g \u00e9s a kisz\u00e1rad\u00e1s &#8211; ezek mind a bakteri\u00e1lis fert\u0151z\u00e9sre utal\u00f3 jelek.<\/p>\n<p>Ha id\u0151ben \u00e9szreveszik, antibiotikumok vagy kieg\u00e9sz\u00edt\u0151 t\u00e1pl\u00e1l\u00e1s seg\u00edthet enyh\u00edteni a macska am\u00fagy is legyeng\u00fclt \u00e1llapot\u00e1b\u00f3l ered\u0151 tov\u00e1bbi k\u00e1rokat. Emellett fontos, hogy a v\u00e9d\u0151olt\u00e1sokat naprak\u00e9szen tartsuk, mivel ez v\u00e9delmet ny\u00fajthat a m\u00e1r megl\u00e9v\u0151 betegs\u00e9gek, p\u00e9ld\u00e1ul a FIP okozta esetleges m\u00e1sodlagos fejl\u0151d\u00e9s ellen is.<\/p>\n<h3>A v\u00edrus mut\u00e1ci\u00f3ja<\/h3>\n<p>A macskakoronav\u00edrus f\u0151 r\u00e9sz\u00e9t k\u00e9pez\u0151 v\u00edrus spike feh\u00e9rje mut\u00e1ci\u00f3i v\u00e1ltoz\u00e1sokat okozhatnak a v\u00edrus terjed\u00e9s\u00e9nek \u00e9s szaporod\u00e1s\u00e1nak m\u00f3dj\u00e1ban. Ha ebben a bizonyos feh\u00e9rj\u00e9ben mut\u00e1ci\u00f3k vannak jelen, az n\u00f6veli a FIP macsk\u00e1k fert\u0151z\u0151k\u00e9pess\u00e9g\u00e9t, valamint a betegs\u00e9g s\u00falyoss\u00e1g\u00e1t, ha a betegs\u00e9get elkapj\u00e1k.<\/p>\n<p>Ezen t\u00falmen\u0151en ezek a t\u00fcsk\u00e9k m\u00e1s, az immunrendszer sejtm\u0171k\u00f6d\u00e9s\u00e9vel leggyakrabban \u00f6sszef\u00fcgg\u0151 folyamatokat is zavarhatnak, ami a rendszeres betegs\u00e9gfejl\u0151d\u00e9sek abnorm\u00e1lis kimenetel\u00e9hez vezethet.<\/p>\n<p>Ennek eredm\u00e9nyek\u00e9nt a FIP-hez kapcsol\u00f3d\u00f3 k\u00fcl\u00f6nb\u00f6z\u0151 t\u00e1rsbetegs\u00e9gek, mint p\u00e9ld\u00e1ul t\u00fcd\u0151gyullad\u00e1s, kr\u00f3nikus vesebetegs\u00e9g (CKD), macskaleuk\u00e9mia v\u00edrus (FeLV), r\u00e1k vagy autoimmun betegs\u00e9gek a v\u00e1rtn\u00e1l nagyobb ar\u00e1nyban alakulhatnak ki a sejtekben m\u00e1r megl\u00e9v\u0151 v\u00edrusmut\u00e1ci\u00f3k \u00e1ltal okozott gyeng\u00e9bb immunv\u00e1lasz miatt.<\/p>\n<h3>A kezdeti betegs\u00e9g gyenge immunrendszert okozott<\/h3>\n<p>Ha a macsk\u00e1nak alapfert\u0151z\u00e9se van, az immunrendszer legyeng\u00fclhet. Ez a legyeng\u00fclt immunit\u00e1s azt\u00e1n a FIP kialakul\u00e1s\u00e1nak nagyobb kock\u00e1zat\u00e1hoz vezet. A k\u00f6rnyezeti stressz szint\u00e9n gyeng\u00edtheti az immunrendszert \u00e9s n\u00f6velheti a FIPV-fert\u0151z\u00e9sekre val\u00f3 fog\u00e9konys\u00e1got.<\/p>\n<p>K\u00fcl\u00f6n\u00f6sen a FeLV (Feline Leukemia Virus) fert\u0151z\u00e9sben szenved\u0151 macsk\u00e1k fog\u00e9konyabbak a FIP v\u00edrusra, mint m\u00e1s eg\u00e9szs\u00e9ges macsk\u00e1k, mivel legyeng\u00fclt immunrendszer\u00fck nem k\u00e9pes hat\u00e9konyan felvenni a harcot az \u00faj v\u00edrusokkal.<\/p>\n<p>A fiatal \u00e9s a m\u00e1r legyeng\u00fclt immunrendszer\u0171 macsk\u00e1knak neh\u00e9zs\u00e9get okozhat a katasztrof\u00e1lis v\u00edrusfert\u0151z\u00e9sek, p\u00e9ld\u00e1ul a FIPV lek\u00fczd\u00e9se.<\/p>\n<p>&nbsp;<\/p>\n<h2>T\u00fcd\u0151gyullad\u00e1s \u00e9s FIP<\/h2>\n<p>A t\u00fcd\u0151gyullad\u00e1s gyakori t\u00e1rsbetegs\u00e9g a macsk\u00e1k FIP-je kapcs\u00e1n. Ez azt jelenti, hogy ha macsk\u00e1ja FIP-ben szenved, akkor a fert\u0151z\u00e9s r\u00e9szek\u00e9nt val\u00f3sz\u00edn\u0171leg t\u00fcd\u0151gyullad\u00e1sa is lesz. A t\u00fcd\u0151gyullad\u00e1s akkor k\u00f6vetkezik be, amikor a gyullad\u00e1s elz\u00e1rja a t\u00fcd\u0151be vezet\u0151 l\u00e9gutakat, \u00e9s b\u00e1rmilyen kor\u00fa vagy fajt\u00e1j\u00fa macsk\u00e1t \u00e9rinthet.<\/p>\n<p>A FIP-ben szenved\u0151 macsk\u00e1kn\u00e1l t\u00fcd\u0151gyullad\u00e1s alakulhat ki, mivel az FCoV v\u00edrusr\u00e9szecsk\u00e9i gyullad\u00e1sos reakci\u00f3t v\u00e1ltanak ki, ami a t\u00fcd\u0151ben \u00e9s a mellh\u00e1rtya-, illetve hash\u00e1rtya\u00fcregben felgy\u00fclemlett folyad\u00e9k miatt l\u00e9gz\u00e9si neh\u00e9zs\u00e9ghez \u00e9s k\u00f6h\u00f6g\u00e9shez vezethet.<\/p>\n<p>A t\u00fcd\u0151gyullad\u00e1s t\u00fcnetei \u00e1ltal\u00e1ban a macskakoronav\u00edrusnak val\u00f3 kitetts\u00e9get k\u00f6vet\u0151 k\u00e9t h\u00e9ten bel\u00fcl jelentkeznek, bele\u00e9rtve az \u00e9tv\u00e1gytalans\u00e1got, letargi\u00e1t, l\u00e1zat, gyors l\u00e9gz\u00e9st, megn\u00f6vekedett sz\u00edvver\u00e9st, neh\u00e9zl\u00e9gz\u00e9st (\u00fan. dyspnoe), s\u00falyveszt\u00e9st \u00e9s v\u00e9res v\u00e1lad\u00e9k felk\u00f6h\u00f6g\u00e9s\u00e9t.<\/p>\n<h2><strong>CKD \u00e9s FIP<\/strong><\/h2>\n<p>A kr\u00f3nikus vesebetegs\u00e9gben (CKD) szenved\u0151 macsk\u00e1kn\u00e1l fokozottan fenn\u00e1ll a FIP, egy potenci\u00e1lisan hal\u00e1los v\u00edrusfert\u0151z\u00e9s kialakul\u00e1s\u00e1nak kock\u00e1zata. Tanulm\u00e1nyok kimutatt\u00e1k, hogy a nem diagnosztiz\u00e1lt vagy rosszul kezelt CKD-ben szenved\u0151 macsk\u00e1k a kor\u00e1bbi betegs\u00e9g okozta legyeng\u00fclt immunrendszer\u00fck miatt nagyobb val\u00f3sz\u00edn\u0171s\u00e9ggel kaphatnak FIP-et.<\/p>\n<p>Val\u00f3j\u00e1ban a CKD \u00e1ltal\u00e1ban akkor der\u00fcl ki, amikor a FIP megjelenik az \u00e9rintett \u00e1llatn\u00e1l &#8211; ami azt jelzi, hogy a CKD m\u00e1r a FIP t\u00fcneteinek megjelen\u00e9se el\u0151tt is jelen volt. Ez azt sugallja, hogy a k\u00e9t betegs\u00e9g k\u00f6z\u00f6tt kapcsolat van, \u00e9s hogy negat\u00edvan befoly\u00e1solhatj\u00e1k egym\u00e1st.<\/p>\n<p>Szerencs\u00e9re a CKS \u00e9s a FIP korai diagnosztiz\u00e1l\u00e1sa jobb eredm\u00e9nyeket biztos\u00edthat a macsk\u00e1k sz\u00e1m\u00e1ra, mivel mindk\u00e9t betegs\u00e9g azonnali kezel\u00e9se lelass\u00edthatja a betegs\u00e9g el\u0151rehalad\u00e1s\u00e1t, \u00e9s jav\u00edthatja a vel\u00fck j\u00e1r\u00f3 t\u00fcneteket, p\u00e9ld\u00e1ul a veseel\u00e9gtelens\u00e9get vagy a l\u00e1zat.<\/p>\n<h2>A FELV \u00e9s a FIP megl\u00e9te<\/h2>\n<p>A macskaleuk\u00e9miav\u00edrus (FeLV) fert\u0151z\u00e9s a FIP gyakori t\u00e1rsbetegs\u00e9ge. A legt\u00f6bb macsk\u00e1nak, amelyn\u00e9l FIP alakul ki, van valamilyen m\u00e1r megl\u00e9v\u0151 betegs\u00e9ge vagy fert\u0151z\u00e9se, p\u00e9ld\u00e1ul FeLV, ami hajlamosabb\u00e1 teszi \u0151ket a v\u00edrusokra \u00e9s m\u00e1s fert\u0151z\u0151 \u00e1gensekre.<\/p>\n<p>A v\u00edrus mut\u00e1ci\u00f3ja a legyeng\u00fclt immunrendszerben opportunista fert\u0151z\u00e9sekhez vezethet, ami betegs\u00e9g kialakul\u00e1s\u00e1hoz vezethet. Ha a FeLV-fert\u0151z\u00e9s FIP-vel j\u00e1r, sok fert\u0151z\u00f6tt macsk\u00e1n\u00e1l m\u00e9ly panleukop\u00e9nia &#8211; a feh\u00e9rv\u00e9rsejtek sz\u00e1m\u00e1nak cs\u00f6kken\u00e9se, ami g\u00e1tolja a macska immunit\u00e1s\u00e1t.<\/p>\n<p>Ez a fajta v\u00e9rszeg\u00e9nys\u00e9g a v\u00e9rlemezkeszint drasztikus cs\u00f6kken\u00e9s\u00e9t okozza, \u00e9s n\u00f6veli a v\u00e9n\u00e1k \u00e9s art\u00e9ri\u00e1k t\u00f6r\u00e9kenys\u00e9g\u00e9t, ami v\u00e9rz\u00e9si probl\u00e9m\u00e1khoz vezet az eg\u00e9sz szervezetben. A FeLV-vel kapcsolatos egy\u00e9b betegs\u00e9gek k\u00f6z\u00e9 tartoznak a rosszindulat\u00fa daganatok, az immunszuppresszi\u00f3 \u00e9s az \u00e9rintett macsk\u00e1k megn\u00f6vekedett v\u00edrusterhel\u00e9se, amelyek mind olyan t\u00e9nyez\u0151k, amelyek hozz\u00e1j\u00e1rulnak az eg\u00e9szs\u00e9gi \u00e1llapotuk jelent\u0151s roml\u00e1s\u00e1hoz a FIP diagn\u00f3zisakor.<\/p>\n<h2>R\u00e1k \u00e9s FIP<\/h2>\n<p>Azok a macsk\u00e1k, amelyekn\u00e9l r\u00e1k vagy macska daganatos megbeteged\u00e9s alakul ki, ugyan\u00fagy hajlamosak lehetnek m\u00e1s, egyidej\u0171leg el\u0151fordul\u00f3 betegs\u00e9gek, p\u00e9ld\u00e1ul a FIP kialakul\u00e1s\u00e1ra. B\u00e1r nincs bizony\u00edt\u00e9k arra, hogy a macsk\u00e1k r\u00e1kos megbeteged\u00e9se \u00e9s a FIP k\u00f6z\u00f6tt k\u00f6zvetlen kapcsolat \u00e1llna fenn, a szak\u00e9rt\u0151k elismerik, hogy a r\u00e1kos macsk\u00e1k egy r\u00e9sze fokozottan vesz\u00e9lyeztetett a FIP-ben.<\/p>\n<p>A gyeng\u00e9bb immunrendszer a fert\u0151z\u00f6ttekn\u00e9l val\u00f3sz\u00edn\u0171leg hozz\u00e1j\u00e1rul ahhoz, hogy mindk\u00e9t betegs\u00e9g egyszerre forduljon el\u0151.<\/p>\n<p>A t\u00fcnetek n\u00e9mileg \u00e1tfedhetik egym\u00e1st a r\u00e1kos megbeteged\u00e9sek \u00e9s a FIP v\u00edrust\u00f6rzse f\u00fcggv\u00e9ny\u00e9ben, p\u00e9ld\u00e1ul a kr\u00f3nikus s\u00falyveszt\u00e9s\/s\u00falygyarapod\u00e1s, a letargia, az \u00e1ltal\u00e1nos eg\u00e9szs\u00e9gi \u00e1llapot gyenges\u00e9ge, a visszat\u00e9r\u0151 l\u00e1zas epiz\u00f3dok vagy a l\u00e9gz\u00e9si probl\u00e9m\u00e1k mindk\u00e9t betegs\u00e9gben \u00e9rintett macsk\u00e1kn\u00e1l egyszerre jelentkeznek.<\/p>\n<p>Mivel e k\u00e9t betegs\u00e9gnek van n\u00e9h\u00e1ny k\u00f6z\u00f6s mutat\u00f3ja, a biztos diagn\u00f3zis fel\u00e1ll\u00edt\u00e1s\u00e1hoz \u00e1ltal\u00e1ban teljes v\u00e9rvizsg\u00e1latra van sz\u00fcks\u00e9g, amely lehet\u0151v\u00e9 teszi az \u00e1llatorvosok sz\u00e1m\u00e1ra a fert\u0151z\u00e9sek jelleg\u00e9nek \u00e9s m\u00e9rt\u00e9k\u00e9nek jobb elemz\u00e9s\u00e9t.<\/p>\n<h2>Autoimmun betegs\u00e9gek \u00e9s FIP<\/h2>\n<p>A macskatulajdonosoknak tiszt\u00e1ban kell lenni\u00fck a FIP-hez kapcsol\u00f3d\u00f3 lehets\u00e9ges kock\u00e1zati t\u00e9nyez\u0151kkel, amelyek k\u00f6z\u00fcl az egyik az autoimmun betegs\u00e9gek lehetnek. Autoimmun betegs\u00e9gek akkor fordulnak el\u0151 a macsk\u00e1kn\u00e1l, amikor a szervezet antitestjei saj\u00e1t sz\u00f6veteit \u00e9s szerveit t\u00e1madj\u00e1k meg az idegen anyagok, p\u00e9ld\u00e1ul bakt\u00e9riumok \u00e9s v\u00edrusok helyett.<\/p>\n<p>Az immunrendszer e legyeng\u00fclt \u00e1llapota miatt a kuty\u00e1k s\u00e9r\u00fcl\u00e9kenyebbek az olyan fert\u0151z\u00e9sekkel szemben, mint a FIP. Ezenk\u00edv\u00fcl az autoimmun betegs\u00e9gekb\u0151l ered\u0151, m\u00e1r megl\u00e9v\u0151 \u00e1llapotok olyan k\u00f6rnyezetet teremthetnek a koronav\u00edrusok mut\u00e1ci\u00f3j\u00e1hoz, amelyek eredetileg \u00e1rtalmatlanok, de FIP-v\u00e9 alakulhatnak, \u00e9s k\u00e1ros\u00edthatj\u00e1k a l\u00e9tfontoss\u00e1g\u00fa szervek sejtjeit.<\/p>\n<p>Mivel a betegs\u00e9g leveg\u0151 \u00fatj\u00e1n terjed, m\u00e9g az eg\u00e9szs\u00e9ges macsk\u00e1k is vesz\u00e9lyeztetettek lehetnek, akiknek nincs semmilyen el\u0151zetesen fenn\u00e1ll\u00f3 betegs\u00e9g\u00fck, ha fert\u0151z\u00f6tt macsk\u00e1t l\u00e1tnak, amely az orrukat tapogatja vagy t\u00fcssz\u00f6g a k\u00f6zel\u00fckben.<\/p>\n<h2>Bakteri\u00e1lis fert\u0151z\u00e9s \u00e9s FIP<\/h2>\n<p>A macskatulajdonosoknak tiszt\u00e1ban kell lenni\u00fck azzal, hogy a bakteri\u00e1lis fert\u0151z\u00e9sek szerepet j\u00e1tszhatnak a FIP kialakul\u00e1s\u00e1ban \u00e9s el\u0151rehalad\u00e1s\u00e1ban.<\/p>\n<p>Ezenk\u00edv\u00fcl a kezeletlen bakteri\u00e1lis fert\u0151z\u00e9s tov\u00e1bb gyeng\u00edtheti a macsk\u00e1k immunrendszer\u00e9t, ami a FIP fert\u0151z\u00e9s eset\u00e9n gyorsabb\u00e1 teheti \u0151ket.<\/p>\n<h2>FHV \u00e9s FIP<\/h2>\n<p>Ha egy macska a Feline Herpesvirus (FHV) \u00e9s a FIP v\u00edrussal is fert\u0151z\u00f6tt, ez k\u00fcl\u00f6n\u00f6sen s\u00falyos eset lehet. Az FHV gyeng\u00edti a szervezet m\u00e1s betegs\u00e9gek elleni v\u00e9dekez\u0151 k\u00e9pess\u00e9g\u00e9t, \u00edgy a macsk\u00e1k hajlamosabbak m\u00e1s fert\u0151z\u00e9sek, p\u00e9ld\u00e1ul a FIP okozta megbeteged\u00e9sre.<\/p>\n<p>Ezenk\u00edv\u00fcl a betegs\u00e9g jelei gyorsabban el\u0151rehaladhatnak a legyeng\u00fclt immunrendszer miatt. Ennek az az oka, hogy a g\u00e9nmut\u00e1ci\u00f3 \u00e1ltal kiv\u00e1lasztott t\u00f6rzst\u0151l f\u00fcgg\u0151en, ha k\u00e9t k\u00f3rokoz\u00f3, mint jelen esetben az FHV \u00e9s a FIP egyszerre van jelen, akkor egyszerre j\u00e1rulnak hozz\u00e1 a gyullad\u00e1shoz, \u00e9s saj\u00e1t szaporod\u00e1si ciklusukkal tov\u00e1bbi k\u00e1ros k\u00f6zvetlen hat\u00e1sokat okoznak a sejtekben.<\/p>\n<h2>FIV \u00e9s FIP<\/h2>\n<p>A FIV (Feline Immunodeficiency Virus) \u00e9s a FIP (Feline Immunodeficiency Virus) egy\u00fcttes jelenl\u00e9te jelent\u0151sen megn\u00f6velheti a macsk\u00e1k eg\u00e9szs\u00e9g\u00fcgyi kock\u00e1zat\u00e1t, mivel fenn\u00e1ll a kett\u0151s fert\u0151z\u00e9s es\u00e9lye.<\/p>\n<p>Ez sajnos n\u00f6veli a s\u00falyos sz\u00f6v\u0151dm\u00e9nyek, p\u00e9ld\u00e1ul a szervi el\u00e9gtelens\u00e9g, a fogy\u00e1s \u00e9s ak\u00e1r a hal\u00e1l kock\u00e1zat\u00e1t. Ez\u00e9rt fontos, hogy a macskatulajdonosok kivizsg\u00e1ltass\u00e1k kedvenc\u00fcket, ha b\u00e1rmelyik betegs\u00e9gre gyanakodnak.<\/p>\n<p>A f\u0151 probl\u00e9ma, amely a macsk\u00e1k FIV \u00e9s FPV fert\u0151z\u00e9s\u00e9vel kapcsolatban felmer\u00fcl, az, hogy az \u00e1llat immunrendszere jelent\u0151sen gyeng\u00fcl, \u00e9s ez\u00e1ltal fog\u00e9konyabb\u00e1 v\u00e1lik a bakt\u00e9riumok vagy v\u00edrusok okozta betegs\u00e9gekre vagy fert\u0151z\u00e9sekre.<\/p>\n<p>Ha a macsk\u00e1kat egyszerre k\u00e9t betegs\u00e9g is megfert\u0151zi, az s\u00falyosb\u00edthatja a t\u00fcneteket \u00e9s bonyol\u00edthatja a kezel\u00e9si lehet\u0151s\u00e9geket. Egyes esetekben el\u0151fordulhat, hogy a macska el\u0151sz\u00f6r csak az egyik betegs\u00e9g jeleit mutatja &#8211; de k\u00e9s\u0151bb az id\u0151 m\u00fal\u00e1s\u00e1val meggyeng\u00fclt immunit\u00e1s miatt mindkett\u0151 egy\u00fcttesen alakul ki -, ez\u00e9rt kulcsfontoss\u00e1g\u00fa, hogy figyelj\u00fcnk az olyan korai figyelmeztet\u0151 jelekre, mint a l\u00e1z, a f\u00e1radts\u00e1g \u00e9s a megn\u00f6vekedett l\u00e9gz\u00e9ssz\u00e1m.<\/p>\n<h2>FIP a terhess\u00e9g alatt<\/h2>\n<p>A vemhess\u00e9g alatti FIP k\u00fcl\u00f6n\u00f6sen aggaszt\u00f3 egy macska \u00e9s a cic\u00e1k sz\u00e1m\u00e1ra. A FIP kis sz\u00e1m\u00fa vemhes macsk\u00e1ban is el\u0151fordulhat, ami komoly hal\u00e1loz\u00e1si ar\u00e1nyhoz vezet mind az anya\u00e1llat, mind a sz\u00fcletend\u0151 kiscic\u00e1k alomban.<\/p>\n<p>Ez a betegs\u00e9g gyorsan el\u0151rehalad, \u00e9s a gy\u00f3gyul\u00e1sra kev\u00e9s es\u00e9ly van, mivel a v\u00edrussal fert\u0151z\u00f6tt macsk\u00e1k test\u00fcreg\u00e9ben folyad\u00e9k gy\u0171lik fel, a b\u00e9lrendszer\u00fck mozdulatlann\u00e1 v\u00e1lik, veseel\u00e9gtelens\u00e9g, m\u00e1jk\u00e1rosod\u00e1s vagy m\u00e1s szervi gyullad\u00e1s l\u00e9p fel.<\/p>\n<p>A helyzetet tov\u00e1bb s\u00falyosb\u00edtja, hogy m\u00e9g ha a magzat m\u00e9g \u00e9letben is van a terhess\u00e9g k\u00e9s\u0151bbi szakasz\u00e1ban, amikor az anyja FIP-ben megbetegszik, akkor is elpusztulhat a megfelel\u0151 t\u00e1pl\u00e1lkoz\u00e1s hi\u00e1nya miatt, amit az anya legyeng\u00fclt \u00e1llapota okoz.<\/p>\n<p>Tekintettel arra, hogy a vemhess\u00e9g alatti FIP-fert\u0151z\u00e9s milyen kritikus lehet mind az anya\u00e1llat, mind az \u00e9rintett csecsem\u0151k sz\u00e1m\u00e1ra, a tulajdonosoknak gyorsan orvoshoz kell fordulniuk, ha a betegs\u00e9ggel kapcsolatos t\u00fcneteket \u00e9szlelnek, am\u00edg a macsk\u00e1juk vemhes.<\/p>\n","protected":false},"excerpt":{"rendered":"<p>Mi\u00e9rt fordul el\u0151 a FIP gyakran m\u00e1s betegs\u00e9gekkel egy\u00fctt? A FIP-t\u0151l elt\u00e9r\u0151 betegs\u00e9gben szenved\u0151 macsk\u00e1k gyakran egyidej\u0171leg pozit\u00edvak az FCoV-antitestekre vagy a v\u00edrusra. \u00cdme 9 gyakori FIP-komorbidit\u00e1s. A FIP lehet az immunrendszer gyeng\u00fcl\u00e9s\u00e9nek k\u00f6vetkezm\u00e9nye, amelyet m\u00e1r megl\u00e9v\u0151 \u00e1llapotok, v\u00edrusmut\u00e1ci\u00f3 vagy tov\u00e1bbi sz\u00f6v\u0151dm\u00e9nyeket okoz\u00f3 kezdeti betegs\u00e9g okozhat. Megl\u00e9v\u0151 \u00e1llapot A m\u00e1r megl\u00e9v\u0151 betegs\u00e9g miatt a macsk\u00e1k [&hellip;]<\/p>\n","protected":false},"author":1,"featured_media":21879,"parent":0,"menu_order":0,"comment_status":"closed","ping_status":"closed","template":"","meta":{"_glsr_average":0,"_glsr_ranking":0,"_glsr_reviews":0,"footnotes":""},"categories":[748],"tags":[],"_links":{"self":[{"href":"https:\/\/fipmed.co\/hu\/wp-json\/wp\/v2\/pages\/21878"}],"collection":[{"href":"https:\/\/fipmed.co\/hu\/wp-json\/wp\/v2\/pages"}],"about":[{"href":"https:\/\/fipmed.co\/hu\/wp-json\/wp\/v2\/types\/page"}],"author":[{"embeddable":true,"href":"https:\/\/fipmed.co\/hu\/wp-json\/wp\/v2\/users\/1"}],"replies":[{"embeddable":true,"href":"https:\/\/fipmed.co\/hu\/wp-json\/wp\/v2\/comments?post=21878"}],"version-history":[{"count":0,"href":"https:\/\/fipmed.co\/hu\/wp-json\/wp\/v2\/pages\/21878\/revisions"}],"wp:featuredmedia":[{"embeddable":true,"href":"https:\/\/fipmed.co\/hu\/wp-json\/wp\/v2\/media\/21879"}],"wp:attachment":[{"href":"https:\/\/fipmed.co\/hu\/wp-json\/wp\/v2\/media?parent=21878"}],"wp:term":[{"taxonomy":"category","embeddable":true,"href":"https:\/\/fipmed.co\/hu\/wp-json\/wp\/v2\/categories?post=21878"},{"taxonomy":"post_tag","embeddable":true,"href":"https:\/\/fipmed.co\/hu\/wp-json\/wp\/v2\/tags?post=21878"}],"curies":[{"name":"wp","href":"https:\/\/api.w.org\/{rel}","templated":true}]}}