{"id":21890,"date":"2024-03-25T07:24:09","date_gmt":"2024-03-25T07:24:09","guid":{"rendered":"https:\/\/fipmed.co\/minden-a-fip-relapszusrol-megelozes-okok-es-kezeles\/"},"modified":"2024-03-25T07:24:09","modified_gmt":"2024-03-25T07:24:09","slug":"minden-a-fip-relapszusrol-megelozes-okok-es-kezeles","status":"publish","type":"page","link":"https:\/\/fipmed.co\/hu\/minden-a-fip-relapszusrol-megelozes-okok-es-kezeles\/","title":{"rendered":"Minden a FIP relapszusr\u00f3l: Megel\u0151z\u00e9s, okok \u00e9s kezel\u00e9s"},"content":{"rendered":"<p>&nbsp;<\/p>\n<h2>Mi\u00e9rt fordul el\u0151 a FIP visszaes\u00e9se?<\/h2>\n<p>A FIP-et v\u00edrus okozza, \u00edgy a betegs\u00e9g a kezdeti kezel\u00e9st k\u00f6vet\u0151en m\u00e9g egy ideig l\u00e1tens (inakt\u00edv) maradhat a fert\u0151z\u00f6tt macska szervezet\u00e9ben. A FIP ki\u00fajulhat ak\u00e1r h\u00f3napokkal vagy hetekkel a kezel\u00e9s befejez\u00e9se ut\u00e1n is, ha a v\u00edrus \u00fajra aktiv\u00e1l\u00f3dik.<\/p>\n<p>Ezenk\u00edv\u00fcl meg\u00e1llap\u00edtott\u00e1k, hogy a neurol\u00f3giai FIP-t\u00fcneteket mutat\u00f3 macsk\u00e1kn\u00e1l a betegs\u00e9g m\u00e1s form\u00e1ihoz k\u00e9pest gyakrabban fordulnak el\u0151 visszaes\u00e9sek, ami k\u00fcl\u00f6n\u00f6sen \u00e9rz\u00e9kenny\u00e9 teszi \u0151ket erre a probl\u00e9m\u00e1ra.<\/p>\n<p>A szem, az agy \u00e9s a gerinc fert\u0151z\u00e9s\u00e9vel j\u00e1r\u00f3, j\u00f3l kialakult esetekben a FIP teljes gy\u00f3gyul\u00e1s\u00e1hoz \u00e9s a teljes gy\u00f3gyul\u00e1shoz legal\u00e1bb 12 hetes kezel\u00e9sre lehet sz\u00fcks\u00e9g.<\/p>\n<h2>Hogyan el\u0151zhet\u0151 meg a FIP ki\u00fajul\u00e1sa GS441524-gyel t\u00f6rt\u00e9n\u0151 kezel\u00e9s eset\u00e9n?<\/h2>\n<h3>Ne haszn\u00e1ljon immunszuppressz\u00e1nsokat<\/h3>\n<p>Az immunszuppressz\u00e1nsok olyan gy\u00f3gyszerek, amelyeket \u00e1ltal\u00e1ban a gyullad\u00e1s okozta k\u00e1rok cs\u00f6kkent\u00e9s\u00e9re \u00edrnak fel a macsk\u00e1k fert\u0151z\u0151 hash\u00e1rtyagyullad\u00e1s\u00e1nak (FIP) kezdeti id\u0151szak\u00e1ban.<\/p>\n<p>Az immunszuppressz\u00e1ns gy\u00f3gyszerek befoly\u00e1solhatj\u00e1k a szervezet FIP-b\u0151l val\u00f3 fel\u00e9p\u00fcl\u00e9s\u00e9t, mivel a gyullad\u00e1s cs\u00f6kkent\u00e9s\u00e9vel \u00e9s az immunit\u00e1s elnyom\u00e1s\u00e1val gyeng\u00edtik a term\u00e9szetes v\u00e9dekez\u0151 rendszereket. Ez a visszaes\u00e9s vagy tov\u00e1bbi sz\u00f6v\u0151dm\u00e9nyek, p\u00e9ld\u00e1ul fert\u0151z\u00e9s kialakul\u00e1s\u00e1nak fokozott kock\u00e1zat\u00e1hoz vezethet.<\/p>\n<h3>Folytassa a kezel\u00e9st legal\u00e1bb 84 napig<\/h3>\n<p>A FIP-relapszusban szenved\u0151 macsk\u00e1kGS441524 84 napos kezel\u00e9s\u00e9nek aj\u00e1nl\u00e1s\u00e1t kutat\u00e1sok t\u00e1masztj\u00e1k al\u00e1, amelyek szerint ez n\u00f6veli a kezel\u00e9s hat\u00e9konys\u00e1g\u00e1t. A 393 beteg k\u00f6z\u00fcl 90%-nak siker\u00fclt a GS441524 12 h\u00e9ten kereszt\u00fcl t\u00f6rt\u00e9n\u0151 alkalmaz\u00e1sa, \u00e9s 11,4%-uk 84 napon t\u00fal is meghosszabb\u00edtotta a kezel\u00e9st, ami m\u00e9g jobb eredm\u00e9nyeket hozott.<\/p>\n<p>Ez tov\u00e1bb er\u0151s\u00edti annak fontoss\u00e1g\u00e1t, hogy a sikerar\u00e1nyok optimaliz\u00e1l\u00e1sa \u00e9rdek\u00e9ben a teljes aj\u00e1nlott adagot be kell t\u00f6lteni.<\/p>\n<p>A GS441524 aluladagol\u00e1sa n\u00f6veli a visszaes\u00e9s, valamint a gy\u00f3gyszerrezisztencia kock\u00e1zat\u00e1t, ami v\u00e9gs\u0151 soron sikertelen kezel\u00e9st eredm\u00e9nyezhet macsk\u00e1ja t\u00e1rs\u00e1nak.<\/p>\n<h3>Elegend\u0151 folyad\u00e9kp\u00f3tl\u00e1s \u00e9s t\u00e1pl\u00e1lkoz\u00e1si t\u00e1mogat\u00e1s biztos\u00edt\u00e1sa<\/h3>\n<p>L\u00e9nyeges a megfelel\u0151 folyad\u00e9kp\u00f3tl\u00e1s \u00e9s t\u00e1pl\u00e1lkoz\u00e1si t\u00e1mogat\u00e1s biztos\u00edt\u00e1sa a FIP visszaes\u00e9s\u00e9nek kezel\u00e9se sor\u00e1n. A folyad\u00e9kp\u00f3tl\u00e1s rendk\u00edv\u00fcl fontos a FIP-ben szenved\u0151 macsk\u00e1k kezel\u00e9s\u00e9ben, mivel seg\u00edt fenntartani a norm\u00e1lis szervm\u0171k\u00f6d\u00e9st \u00e9s t\u00e1mogatja az immunrendszer v\u00edrus elleni v\u00e1lasz\u00e1t.<\/p>\n<p>R\u00e1ad\u00e1sul seg\u00edthet cs\u00f6kkenteni a betegs\u00e9ggel j\u00e1r\u00f3 v\u00e9ralvad\u00e1si probl\u00e9m\u00e1k egy r\u00e9sz\u00e9t. Ek\u00f6zben a megfelel\u0151 t\u00e1pl\u00e1lkoz\u00e1s alapvet\u0151 szerepet j\u00e1tszik a gy\u00f3gyul\u00e1s \u00e9s a fel\u00e9p\u00fcl\u00e9s t\u00e1mogat\u00e1s\u00e1ban.<\/p>\n<p>Megfelel\u0151 feh\u00e9rjebevitelre van sz\u00fcks\u00e9g a fert\u0151z\u00e9s \u00e1ltal \u00e9rintett izmok fel\u00e9p\u00edt\u00e9s\u00e9hez \u00e9s a legyeng\u00fclt \u00e1llapot vagy a gy\u00f3gyszerek mell\u00e9khat\u00e1sai miatt elvesztett energiaszint helyre\u00e1ll\u00edt\u00e1s\u00e1hoz, m\u00edg bizonyos \u00e9trend-kieg\u00e9sz\u00edt\u0151k seg\u00edthetnek a macska immunit\u00e1s\u00e1nak tov\u00e1bbi er\u0151s\u00edt\u00e9s\u00e9ben a v\u00edrus elleni k\u00fczdelemben.<\/p>\n<h2>Hogyan kezelj\u00fck a visszaes\u00e9st, ha bek\u00f6vetkezik?<\/h2>\n<h3>N\u00f6velje a GS441524 adagj\u00e1t<\/h3>\n<p>Ha a FIP macsk\u00e1kn\u00e1l t\u00f6rt\u00e9n\u0151 kezel\u00e9se ut\u00e1n visszaes\u00e9s k\u00f6vetkezik be, a GS441524 adagj\u00e1nak 50%-kal t\u00f6rt\u00e9n\u0151 emel\u00e9se sz\u00fcks\u00e9ges. A magasabb d\u00f3zis hat\u00e9konyabb lehet a FIP ki\u00fajul\u00e1sainak kezel\u00e9s\u00e9ben.<\/p>\n<p>Ha macsk\u00e1ja magas rezisztenci\u00e1t fejlesztett ki a GS441524-re, a kezel\u00e9st kombin\u00e1lhatja a GC376-tal. Ha azonban a betegs\u00e9g ki\u00fajul, a macska t\u00fal\u00e9l\u00e9si es\u00e9lyei \u00e1ltal\u00e1ban csek\u00e9lyek.<\/p>\n","protected":false},"excerpt":{"rendered":"<p>&nbsp; Mi\u00e9rt fordul el\u0151 a FIP visszaes\u00e9se? A FIP-et v\u00edrus okozza, \u00edgy a betegs\u00e9g a kezdeti kezel\u00e9st k\u00f6vet\u0151en m\u00e9g egy ideig l\u00e1tens (inakt\u00edv) maradhat a fert\u0151z\u00f6tt macska szervezet\u00e9ben. A FIP ki\u00fajulhat ak\u00e1r h\u00f3napokkal vagy hetekkel a kezel\u00e9s befejez\u00e9se ut\u00e1n is, ha a v\u00edrus \u00fajra aktiv\u00e1l\u00f3dik. Ezenk\u00edv\u00fcl meg\u00e1llap\u00edtott\u00e1k, hogy a neurol\u00f3giai FIP-t\u00fcneteket mutat\u00f3 macsk\u00e1kn\u00e1l a betegs\u00e9g [&hellip;]<\/p>\n","protected":false},"author":1,"featured_media":21891,"parent":0,"menu_order":0,"comment_status":"closed","ping_status":"closed","template":"","meta":{"_glsr_average":0,"_glsr_ranking":0,"_glsr_reviews":0,"footnotes":""},"categories":[748],"tags":[],"_links":{"self":[{"href":"https:\/\/fipmed.co\/hu\/wp-json\/wp\/v2\/pages\/21890"}],"collection":[{"href":"https:\/\/fipmed.co\/hu\/wp-json\/wp\/v2\/pages"}],"about":[{"href":"https:\/\/fipmed.co\/hu\/wp-json\/wp\/v2\/types\/page"}],"author":[{"embeddable":true,"href":"https:\/\/fipmed.co\/hu\/wp-json\/wp\/v2\/users\/1"}],"replies":[{"embeddable":true,"href":"https:\/\/fipmed.co\/hu\/wp-json\/wp\/v2\/comments?post=21890"}],"version-history":[{"count":0,"href":"https:\/\/fipmed.co\/hu\/wp-json\/wp\/v2\/pages\/21890\/revisions"}],"wp:featuredmedia":[{"embeddable":true,"href":"https:\/\/fipmed.co\/hu\/wp-json\/wp\/v2\/media\/21891"}],"wp:attachment":[{"href":"https:\/\/fipmed.co\/hu\/wp-json\/wp\/v2\/media?parent=21890"}],"wp:term":[{"taxonomy":"category","embeddable":true,"href":"https:\/\/fipmed.co\/hu\/wp-json\/wp\/v2\/categories?post=21890"},{"taxonomy":"post_tag","embeddable":true,"href":"https:\/\/fipmed.co\/hu\/wp-json\/wp\/v2\/tags?post=21890"}],"curies":[{"name":"wp","href":"https:\/\/api.w.org\/{rel}","templated":true}]}}