{"id":21898,"date":"2022-12-02T08:18:10","date_gmt":"2022-12-02T08:18:10","guid":{"rendered":"https:\/\/fipmed.co\/b12-vitaminok-macskaknak-fip-vel-fontosak-az-gyogyulashoz\/"},"modified":"2022-12-02T08:18:10","modified_gmt":"2022-12-02T08:18:10","slug":"b12-vitaminok-macskaknak-fip-vel-fontosak-az-gyogyulashoz","status":"publish","type":"page","link":"https:\/\/fipmed.co\/hu\/b12-vitaminok-macskaknak-fip-vel-fontosak-az-gyogyulashoz\/","title":{"rendered":"A B12-vitaminok a FIP-es macsk\u00e1k sz\u00e1m\u00e1ra fontosak a gy\u00f3gyul\u00e1shoz"},"content":{"rendered":"<p>A fert\u0151z\u0151 hash\u00e1rtyagyullad\u00e1ssal (FIP) fert\u0151z\u00f6tt macsk\u00e1k gondoz\u00e1sa sor\u00e1n nagyon fontos t\u00e9nyez\u0151 az eg\u00e9szs\u00e9g\u00fck megfelel\u0151 karbantart\u00e1sa. Ez kib\u0151v\u00fcl a macsk\u00e1k vitaminjaival, \u00e9s egy fontos vitamin, amellyel a macsk\u00e1k is rendelkeznek, a B12-vitamin. Ebben a cikkben a B12-vitamin fontoss\u00e1g\u00e1t ismertetj\u00fck a macsk\u00e1k sz\u00e1m\u00e1ra.<\/p>\n<h2><strong>Mi a B12?<\/strong><\/h2>\n<p>A kobalamin a B12-vitamin m\u00e1sik elnevez\u00e9se, amely a B12-vitamin hat\u00e1s\u00fa anyagok egy oszt\u00e1ly\u00e1nak gy\u0171jt\u0151neve. Ezek az anyagok 4,5%-os kobaltkoncentr\u00e1ci\u00f3jukkal t\u0171nnek ki, ez\u00e9rt kapt\u00e1k a &#8222;kobalamin&#8221; (kobalt + vitamin) nevet.<\/p>\n<h2><strong>Honnan sz\u00e1rmazik?<\/strong><\/h2>\n<p>Az \u00e1llati eredet\u0171 \u00e9lelmiszerek, mint p\u00e9ld\u00e1ul a h\u00fas, a hal, a toj\u00e1s \u00e9s a m\u00e1j, B12-forr\u00e1sok. A <a href=\"\/?page_id=893\">FIP-ben szenved\u0151 macsk\u00e1nak azonban val\u00f3sz\u00edn\u0171leg t\u00e1pl\u00e1l\u00e9kkieg\u00e9sz\u00edt\u0151kre van sz\u00fcks\u00e9ge<\/a>.<\/p>\n<h2><strong>Mit csin\u00e1l a B12?<\/strong><\/h2>\n<p>A B12 sz\u00e1mos c\u00e9lt szolg\u00e1l, amelyek mindegyike elengedhetetlen az er\u0151s immunrendszerhez:<\/p>\n<ul>\n<li>A B12 el\u0151seg\u00edti a v\u00f6r\u00f6sv\u00e9rtestek termel\u0151d\u00e9s\u00e9t (a v\u00f6r\u00f6sv\u00e9rtestek kialakul\u00e1s\u00e1t \u00e9s fenntart\u00e1s\u00e1t). A v\u00e9rszeg\u00e9nys\u00e9g meg\u00e1ll\u00edt\u00e1s\u00e1hoz a B12-szintnek megfelel\u0151nek kell lennie.<\/li>\n<li>A B12 meg\u0151rzi az idegrendszer eg\u00e9szs\u00e9g\u00e9t (az idegsejtek \u00e9s a norm\u00e1l myeliniz\u00e1ci\u00f3 &#8211; az idegv\u00e9gz\u0151d\u00e9seket bor\u00edt\u00f3 \u00e9s v\u00e9d\u0151 zs\u00edrh\u00fcvelyek). Az idegi \u00e9s a kognit\u00edv folyamatok szempontj\u00e1b\u00f3l kulcsfontoss\u00e1g\u00fa.<\/li>\n<li>A B12 fenntartja a belek eg\u00e9szs\u00e9g\u00e9t, hogy biztos\u00edtsa a t\u00e1pl\u00e1l\u00e9k megfelel\u0151 em\u00e9szt\u00e9s\u00e9t \u00e9s felsz\u00edv\u00f3d\u00e1s\u00e1t, valamint a zs\u00edrok \u00e9s sz\u00e9nhidr\u00e1tok anyagcser\u00e9j\u00e9t. A beleknek sz\u00fcks\u00e9g\u00fck van a B12-re, hogy a lehet\u0151 legjobban m\u0171k\u00f6djenek, de nem tudj\u00e1k felsz\u00edvni (az \u00e9telb\u0151l), ha s\u00e9r\u00fcltek vagy betegek, \u00edgy ez egy kicsit a 22-es csapd\u00e1j\u00e1ba esik.<\/li>\n<\/ul>\n<h2><strong>Mik a B12-hi\u00e1ny jelei?<\/strong><\/h2>\n<p>A B12-hi\u00e1ny klinikai t\u00fcnetei k\u00f6z\u00e9 tartozik a hasmen\u00e9s, hasi diszkomfort\u00e9rz\u00e9s, h\u00e1nyinger, h\u00e1ny\u00e1s, \u00e9tv\u00e1gytalans\u00e1g, felsz\u00edv\u00f3d\u00e1si zavar, sz\u00e9kreked\u00e9s, g\u00e1zok, fogy\u00e1s, kimer\u00fclts\u00e9g \u00e9s letargia. Az itt felsorolt t\u00fcnetek n\u00e9melyike meglehet\u0151sen gyakori FIP mell\u00e9khat\u00e1s, \u00e9s nagyon j\u00f3l ismert. Macsk\u00e1ja eg\u00e9szs\u00e9g\u00e9t jav\u00edthatja, ha elegend\u0151 B12-t fogyaszt.<\/p>\n<p>Emellett a kognit\u00edv zavarok \u00e9s a v\u00e9gtaggyenges\u00e9g is \u00f6sszef\u00fcgg a B12-hi\u00e1nyoss\u00e1ggal. Amikor a FIP a neurol\u00f3giai rendszert \u00e9rinti, \u00e1ltal\u00e1ban hasonl\u00f3 t\u00fcnetek jelentkeznek.<\/p>\n<ol>\n<li><strong>A kimer\u00fcl\u00e9s k\u00f6rforg\u00e1sa.<\/strong><\/li>\n<\/ol>\n<p>A GI (gyomor-b\u00e9lrendszeri) traktus egyike a szervezet sz\u00e1mos olyan folyamat\u00e1nak, amelyet a FIP gyullad\u00e1sos betegs\u00e9g \u00e9rint. A hasny\u00e1lmirigy, a l\u00e9p \u00e9s a m\u00e1j gyakran \u00e9rintett. A m\u00e1j B12-k\u00e9szletei gyorsan kimer\u00fclnek, ha immunrendszere k\u00e1rosodott. A B12-hi\u00e1ny roml\u00f3 ciklusa a m\u00e1j B12-hi\u00e1ny\u00e1b\u00f3l ered, ami a b\u00e9lsejtek zsugorod\u00e1s\u00e1t \u00e9s a t\u00e1panyagok (bele\u00e9rtve mag\u00e1t a B12-t is) elveszt\u00e9s\u00e9t is okozza. Ez az a dilemma, amelyet kor\u00e1bban m\u00e1r \u00e9rintett\u00fcnk a cikkben.<\/p>\n<ol start=\"2\">\n<li><strong>A v\u00e9rszeg\u00e9nys\u00e9g fenyeget\u0151 kock\u00e1zata.<\/strong><\/li>\n<\/ol>\n<p>Macsk\u00e1ja v\u00f6r\u00f6sv\u00e9rsejttermel\u00e9se akad\u00e1lyozott, ami v\u00e9rszeg\u00e9nys\u00e9get okoz. A B12 hi\u00e1nya g\u00e1tolja \u00e9s cs\u00f6kkenti a szervezet v\u00e9rk\u00e9pz\u0151 k\u00e9pess\u00e9g\u00e9t, \u00e9s n\u00f6veli a v\u00e9rsejtek apopt\u00f3zis\u00e1t. M\u00e1s sz\u00f3val, a macska v\u00e9rszeg\u00e9ny lesz, ha a B12 szintje lecs\u00f6kken. Macsk\u00e1d ellen\u00e1ll\u00f3 k\u00e9pess\u00e9ge a betegs\u00e9ggel (vagy b\u00e1rmi m\u00e1ssal) szemben jelent\u0151sen cs\u00f6kken, ha v\u00e9rszeg\u00e9ny lesz.<\/p>\n<ol start=\"3\">\n<li><strong>A FIP elleni immunrendszer ellen\u00e1ll\u00f3 k\u00e9pess\u00e9g\u00e9nek tov\u00e1bbi gyeng\u00fcl\u00e9se.<\/strong><\/li>\n<\/ol>\n<p>Fontos hangs\u00falyozni, hogy az alacsony B12-vitamin-szint fog\u00e9konyabb\u00e1 teszi az embert a fert\u0151z\u00e9sekre \u00e9s betegs\u00e9gekre, \u00e9s rendk\u00edv\u00fcl k\u00e1ros az idegrendszerre, ami neurol\u00f3giai probl\u00e9m\u00e1khoz \u00e9s s\u00falyos, esetleg visszaford\u00edthatatlan idegk\u00e1rosod\u00e1shoz vezethet. A val\u00f3s\u00e1gban a kobalaminhi\u00e1ny gyakori oka a metabolikus enkefalop\u00e1ti\u00e1nak, amely egyike a t\u00f6bbf\u00e9le, els\u0151dleges betegs\u00e9ghez (p\u00e9ld\u00e1ul FIP) kapcsol\u00f3d\u00f3 enkefalop\u00e1ti\u00e1nak, amely k\u00e1ros\u00edtja a v\u00e9r-agy g\u00e1t folyamatokat \u00e9s a norm\u00e1lis agym\u0171k\u00f6d\u00e9st. Letargia, szomor\u00fas\u00e1g, ataxia, \u00e9tv\u00e1gytalans\u00e1g \u00e9s id\u0151nk\u00e9nti h\u00e1ny\u00e1s csak n\u00e9h\u00e1ny a hom\u00e1lyos klinikai jelek k\u00f6z\u00fcl, amelyek s\u00falyos esetben neurol\u00f3giai betegs\u00e9get \u00e9s vaks\u00e1got okozhatnak a macsk\u00e1kn\u00e1l.<\/p>\n<p>\u00c1ltal\u00e1nosan ismert, hogy a FIP-es macsk\u00e1k gyakran v\u00e9rszeg\u00e9nyek vagy a v\u00e9rszeg\u00e9nys\u00e9g hat\u00e1r\u00e1n vannak, \u00e9s n\u00e9h\u00e1nyukn\u00e1l az \u00e1llapot neurol\u00f3giai t\u00fcnetei is jelentkeznek. A 22-es csapda m\u00e1sik eleme, hogy a macska a FIP k\u00f6vetkezt\u00e9ben kev\u00e9sb\u00e9 k\u00e9pes elegend\u0151 mennyis\u00e9g\u0171 B12-t t\u00e1rolni, ami s\u00falyosb\u00edthatja az \u00e1llapot t\u00fcneteit. Ha nem \u00e1ll\u00edtod meg ezt a ciklust, \u00e9s nem adod hozz\u00e1 a kritikus vitaminokat, akkor nincs m\u00f3d a gy\u0151zelemre.<\/p>\n<h2><strong>A macska mesters\u00e9ges B12-hez jut\u00e1s\u00e1nak m\u00f3djai<\/strong><\/h2>\n<p><strong>B12 injekci\u00f3k.<\/strong><\/p>\n<p>A legt\u00f6bb orsz\u00e1gban a kobalamin k\u00f6nnyen hozz\u00e1f\u00e9rhet\u0151 recept n\u00e9lk\u00fcl. Legfeljebb 5 kg testt\u00f6meg\u0171 macsk\u00e1k eset\u00e9ben 250 g kobalamin szubkut\u00e1n injekci\u00f3 bead\u00e1sa javasolt. A FIP-es macsk\u00e1knak heti injekci\u00f3kat javasolunk, am\u00edg a v\u00e9rszeg\u00e9nys\u00e9g meg nem sz\u0171nik, \u00e9s a v\u00f6r\u00f6sv\u00e9rtestek \u00e9rt\u00e9kei nem stabiliz\u00e1l\u00f3dnak. Ezenk\u00edv\u00fcl a B12 adhat\u00f3 b\u0151r alatti folyad\u00e9kkezel\u00e9ssel. A macsk\u00e1ja sz\u00e1m\u00e1ra ez az elj\u00e1r\u00e1s k\u00e9nyelmesebb lehet, mert a B12 injekci\u00f3k f\u00e1jdalmasak!<\/p>\n<p><strong>B12 sz\u00e1jon \u00e1t szedhet\u0151 \u00e9trend-kieg\u00e9sz\u00edt\u0151k.<\/strong><\/p>\n<p>A metilkobalamint az\u00e9rt kell szedni, mert jelent\u0151sen jav\u00edtja a m\u00e1j teljes\u00edtm\u00e9ny\u00e9t. A macsk\u00e1k szedhetik az emberek sz\u00e1m\u00e1ra forgalmazott B12-kieg\u00e9sz\u00edt\u0151ket. A napi 500mcg (0,5mg) kiv\u00e1l\u00f3 kezd\u0151 adag lenne, azonban ennek ak\u00e1r a dupl\u00e1j\u00e1t is adhatja. B\u00e1r magasnak t\u0171nhet, val\u00f3j\u00e1ban csak egy kis r\u00e9sz sz\u00edv\u00f3dik fel. Gondoljon arra, hogy olyan macsk\u00e1k sz\u00e1m\u00e1ra kifejlesztett multivitamin-kieg\u00e9sz\u00edt\u0151t szedjen, amely vasat is tartalmaz (v\u00e9rszeg\u00e9nys\u00e9g ellen).<\/p>\n<p><strong>T\u00e1pl\u00e1lkoz\u00e1s.<\/strong><\/p>\n<p>Ne becs\u00fclje al\u00e1 a term\u00e9szetes B12-forr\u00e1sokat; ha teheti, adjon macsk\u00e1j\u00e1nak naponta nagyj\u00e1b\u00f3l egy kan\u00e1l friss h\u00fast, m\u00e1jat vagy halat. A r\u00e1gcs\u00e1lnival\u00f3kat m\u00e9g a macsk\u00e1ja is \u00e9lvezheti, \u00e9s egy kicsi is sok\u00e1ig el\u00e9g.<\/p>\n<h2><strong>A B12 el\u0151nyei: vitaminok macsk\u00e1knak<\/strong><\/h2>\n<p>A B12 seg\u00edti a v\u00f6r\u00f6sv\u00e9rsejtk\u00e9pz\u0151d\u00e9st (a v\u00f6r\u00f6sv\u00e9rtestek kialakul\u00e1s\u00e1t \u00e9s fenntart\u00e1s\u00e1t).<\/p>\n<p>A v\u00e9rszeg\u00e9nys\u00e9g meg\u00e1ll\u00edt\u00e1s\u00e1hoz a B12-szintnek megfelel\u0151nek kell lennie.<\/p>\n<p>A B12 meg\u0151rzi az idegrendszer eg\u00e9szs\u00e9g\u00e9t (az idegsejtek \u00e9s a norm\u00e1lis mieliniz\u00e1ci\u00f3 &#8211; az idegv\u00e9gz\u0151d\u00e9seket bor\u00edt\u00f3 \u00e9s v\u00e9d\u0151 zs\u00edrh\u00fcvelyek).<\/p>\n<p>Az idegi \u00e9s kognit\u00edv folyamatok szempontj\u00e1b\u00f3l kulcsfontoss\u00e1g\u00fa.<\/p>\n<p>A B12 el\u0151seg\u00edti a b\u00e9lrendszer eg\u00e9szs\u00e9g\u00e9t a jobb em\u00e9szt\u00e9s \u00e9s felsz\u00edv\u00f3d\u00e1s, valamint a zs\u00edrok \u00e9s sz\u00e9nhidr\u00e1tok anyagcser\u00e9je \u00e9rdek\u00e9ben.<\/p>\n<h2><strong>A B12 hi\u00e1ny 10 jele<\/strong><\/h2>\n<ol>\n<li>H\u00e1nyinger<\/li>\n<li>H\u00e1ny\u00e1s<\/li>\n<li>\u00c9tv\u00e1gytalans\u00e1g<\/li>\n<li>Az \u00e9lelmiszer-felsz\u00edv\u00f3d\u00e1ssal kapcsolatos probl\u00e9m\u00e1k<\/li>\n<li>Sz\u00e9kreked\u00e9s<\/li>\n<li>G\u00e1z<\/li>\n<li>Fogy\u00e1s<\/li>\n<li>F\u00e1radts\u00e1g\/ Letargia<\/li>\n<li>Gyomorf\u00e1jdalom<\/li>\n<li>Hasmen\u00e9s<\/li>\n<\/ol>\n<h2><strong>Vitaminok adagol\u00e1sa macsk\u00e1knak B12 a FIP-kezel\u00e9s sor\u00e1n<\/strong><\/h2>\n<p>Hetente legfeljebb 250-500 mikrogramm (mcg) \u00e9rett, nem v\u00e9rszeg\u00e9ny macsk\u00e1knak.<\/p>\n<p>A cic\u00e1k sz\u00e1m\u00e1ra megfelel\u0151 adagol\u00e1ssal kapcsolatban k\u00e9rj\u00fck, konzult\u00e1ljon \u00e1llatorvos\u00e1val.<\/p>\n<p>S\u00falyos v\u00e9rszeg\u00e9nys\u00e9gben szenved\u0151 macsk\u00e1knak ak\u00e1r heti 1000 mcg ad\u00e1sa is sz\u00fcks\u00e9ges lehet. A GS-441524 \u00e9s a B12-vitamin \u00f6nmag\u00e1ban nem felt\u00e9tlen\u00fcl megfelel\u0151 s\u00falyos v\u00e9rszeg\u00e9nys\u00e9g eset\u00e9n. Elengedhetetlen lehet tov\u00e1bbi heti B12-injekci\u00f3k bead\u00e1sa. Besz\u00e9ljen \u00e1llatorvos\u00e1val.<\/p>\n<h2><strong>Adagol\u00e1s kisz\u00e1m\u00edt\u00e1sa GS-441524 + B12 alkalmaz\u00e1sakor<\/strong><\/h2>\n<p>B12-vitaminnal vagy an\u00e9lk\u00fcl, a GS-441524 adagja ugyanaz.<\/p>\n<p><strong>P\u00e9lda: Egy 3 kg-os macska, amelyn\u00e9l a FIP <a href=\"\/?page_id=897\">WET form\u00e1j\u00e1t<\/a> diagnosztiz\u00e1lt\u00e1k.  <\/strong><\/p>\n<p>A FIP adagja nedves form\u00e1ban 6 mg\/kg. A 0,9 ml GS-441524 napi bead\u00e1sa 3 kg x 6 mg\/kg 20 mg\/ml-nek felel meg. A B12-vitamin aj\u00e1nlott napi adagja 45mcg (0,9ml x 50mcg\/ml). Ez a macska hetente 315 mcg B12-vitaminhoz jut.<\/p>\n<h2><strong>Mi\u00e9rt van sz\u00fcks\u00e9ge a FIP-es macsk\u00e1knak B12-vitaminra?  <\/strong><\/h2>\n<p><strong>Nagy a v\u00e9rszeg\u00e9nys\u00e9g kock\u00e1zata.<\/strong><\/p>\n<p>A FIP betegs\u00e9g sor\u00e1n a macsk\u00e1kn\u00e1l gyakran alakul ki v\u00e9rszeg\u00e9nys\u00e9g. A B12-hi\u00e1ny felgyors\u00edtja a v\u00e9rsejtek pusztul\u00e1s\u00e1t, \u00e9s korl\u00e1tozza a szervezet term\u00e9szetes k\u00e9pess\u00e9g\u00e9t az \u00faj v\u00e9r l\u00e9trehoz\u00e1s\u00e1ra. Az alacsony B12-szint\u0171 macsk\u00e1k v\u00e9rszeg\u00e9nyek lesznek. A macsk\u00e1k ellen\u00e1ll\u00f3 k\u00e9pess\u00e9ge a FIP-v\u00edrussal \u00e9s m\u00e1s fert\u0151z\u00e9sekkel szemben jelent\u0151sen cs\u00f6kken, ha v\u00e9rszeg\u00e9nyekk\u00e9 v\u00e1lnak.<\/p>\n<p><strong>Gyeng\u00fclt immunrendszer.<\/strong><\/p>\n<p>A nem megfelel\u0151 B12-szint n\u00f6veli a szervezet fert\u0151z\u00e9sekkel \u00e9s betegs\u00e9gekkel szembeni sebezhet\u0151s\u00e9g\u00e9t, \u00e9s k\u00fcl\u00f6n\u00f6sen k\u00e1ros a macsk\u00e1k idegrendszer\u00e9re. Ennek k\u00f6vetkezt\u00e9ben a neurol\u00f3giai t\u00fcnetek gyorsabban jelentkeznek, \u00e9s s\u00falyos vagy helyrehozhatatlan idegk\u00e1rosod\u00e1shoz vezethetnek. A norm\u00e1lis agym\u0171k\u00f6d\u00e9st \u00e9s a v\u00e9r-agy g\u00e1trendszereket zavar\u00f3 els\u0151dleges betegs\u00e9g (mint a FIP) az enkefalop\u00e1tia gyakori oka, amely mag\u00e1ban foglalja a metabolikus enkefalop\u00e1ti\u00e1t, az enkefalop\u00e1tia sz\u00e1mos t\u00edpus\u00e1nak egyik\u00e9t. A B12-hi\u00e1ny az egyik f\u0151 oka ennek az enkefalop\u00e1ti\u00e1nak. Letargia, szomor\u00fas\u00e1g, ataxia, \u00e9tv\u00e1gytalans\u00e1g \u00e9s id\u0151nk\u00e9nti h\u00e1ny\u00e1s csak n\u00e9h\u00e1ny a hom\u00e1lyos klinikai jelek k\u00f6z\u00fcl, amelyek s\u00falyos esetben neurol\u00f3giai betegs\u00e9get \u00e9s vaks\u00e1got okozhatnak a macsk\u00e1kn\u00e1l.<\/p>\n<p>J\u00f3l dokument\u00e1lt, hogy a FIPV-vel fert\u0151z\u00f6tt macsk\u00e1k gyakran mutatnak v\u00e9rszeg\u00e9nys\u00e9get vagy v\u00e9rszeg\u00e9nys\u00e9ghez hasonl\u00f3 t\u00fcneteket. Sok embernek vannak neurol\u00f3giai t\u00fcnetei. Ez a klasszikus negat\u00edv visszacsatol\u00e1s p\u00e9ld\u00e1ja: A FIP-fert\u0151z\u00e9s gyorsabban alakul ki, ha a B12-szint nem megfelel\u0151. A FIP megnehez\u00edti a macsk\u00e1k sz\u00e1m\u00e1ra, hogy elegend\u0151 B12-t tartsanak fenn a szervezet\u00fckben.<\/p>\n<p><strong>A t\u00e1panyagok gyors kimer\u00fcl\u00e9se<\/strong><\/p>\n<p>Mivel a FIP egy gyullad\u00e1sos betegs\u00e9g, a diagn\u00f3zis eset\u00e9n a macsk\u00e1n\u00e1l k\u00e1rosodhat a m\u00e1j, a GI (gyomor-b\u00e9lrendszeri) traktus, a hasny\u00e1lmirigy \u00e9s a l\u00e9p. Az immunrendszer k\u00e1rosod\u00e1sakor a m\u00e1j gyorsan elhaszn\u00e1lja a t\u00e1rolt B12-t. Ha a m\u00e1j B12-szintje alacsony, a b\u00e9lsejtek \u00f6sszezsugorodnak, \u00e9s a szervezet nehezen tudja felsz\u00edvni a t\u00e1pl\u00e1l\u00e9kot. Ez egy olyan hurkot ind\u00edt el, amely s\u00falyosb\u00edtja a B12 hi\u00e1nyt.<\/p>\n<h2><strong>GYAKRAN ISM\u00c9TELT K\u00c9RD\u00c9SEK<\/strong><\/h2>\n<p><strong>Hogyan jav\u00edthatja a B12 a macsk\u00e1m \u00e1ltal\u00e1nos k\u00f6z\u00e9rzet\u00e9t?<\/strong><\/p>\n<p>A hematol\u00f3giai, k\u00e9miai \u00e9s\/vagy v\u00e9rvizsg\u00e1latok seg\u00edts\u00e9g\u00e9vel felm\u00e9rhet\u0151 a macska eg\u00e9szs\u00e9gi \u00e1llapota. Ugyanakkor meg kell figyelnie a macska rutinszer\u0171 viselked\u00e9s\u00e9ben bek\u00f6vetkez\u0151 v\u00e1ltoz\u00e1sokat, p\u00e9ld\u00e1ul nagyobb \u00e9letkedvet, kevesebb letargikus hajlamot \u00e9s jobb \u00e9hs\u00e9g\u00e9rzetet. Nagyon fontos szem el\u0151tt tartani, hogy a macsk\u00e1k nem k\u00e9pesek meg\u00e9rteni a betegs\u00e9g\u00fcket vagy annak okait. Mind\u00f6ssze egy \u00e1ltal\u00e1nos betegs\u00e9g\u00e9rzetr\u0151l van tudom\u00e1suk. Kezel\u00e9si rendj\u00fckben el\u0151ny\u00f6s lehet a B12 alkalmaz\u00e1sa, hogy cs\u00f6kkentse szenved\u00e9s\u00fcket \u00e9s jav\u00edtsa \u00e9letmin\u0151s\u00e9g\u00fcket.<\/p>\n<p><strong>Seg\u00edthet a B12 a FIP gy\u00f3gy\u00edt\u00e1s\u00e1ban?<\/strong><\/p>\n<p>Nem. Nincs. A B12 NEM a <a href=\"https:\/\/fipmed.co\/\">FIP kezel\u00e9s\u00e9re<\/a> szolg\u00e1l. De seg\u00edt a macska immunrendszer\u00e9nek l\u00e9tfontoss\u00e1g\u00fa feladatokat ell\u00e1tni. Minden seg\u00edts\u00e9gre sz\u00fcks\u00e9ged van, ha es\u00e9lyt akarsz adni a macsk\u00e1dnak, hogy megk\u00fczdj\u00f6n a v\u00edrussal. Ha nem tesz meg minden \u00f3vint\u00e9zked\u00e9st a siker es\u00e9ly\u00e9nek n\u00f6vel\u00e9se \u00e9rdek\u00e9ben, nem sz\u00e1m\u00edthat arra, hogy az els\u0151dleges kezel\u00e9ssel el\u00e9ri a kit\u0171z\u00f6tt c\u00e9lokat.<\/p>\n<p>\u00d6sszefoglalva, a FIP kezel\u00e9se t\u00f6bbr\u0151l sz\u00f3l, mint az els\u0151dleges kezel\u00e9sr\u0151l, mint p\u00e9ld\u00e1ul a PI, FOI stb. Mint a macska gondoz\u00f3ja, az \u00d6n felel\u0151ss\u00e9ge az immunrendszer fenntart\u00e1sa \u00e9s jav\u00edt\u00e1sa, hogy macsk\u00e1j\u00e1nak a legjobb es\u00e9lyt biztos\u00edtsa a t\u00fal\u00e9l\u00e9sre. A FIP m\u00e9ret\u00e9t \u00e9s s\u00falyoss\u00e1g\u00e1t tekintve ez nem k\u00f6nny\u0171 feladat. Mi, tulajdonosok csak annyit tehet\u00fcnk, hogy minden rendelkez\u00e9s\u00fcnkre \u00e1ll\u00f3 fegyvert bevet\u00fcnk, hogy olyan sok\u00e1ig \u00e9s olyan kem\u00e9nyen harcoljunk, amennyire csak tudunk. Ebben a konfliktusban minden el\u0151ny sz\u00e1m\u00edt, \u00e9s a B12 kulcsfontoss\u00e1g\u00fa fegyver. Soha nem lehet tudni, hogy milyen jelent\u00e9ktelennek t\u0171n\u0151, de v\u00e9g\u00fcl is fontos l\u00e9p\u00e9s hozhat v\u00e9g\u00fcl jelent\u0151s v\u00e1ltoz\u00e1st. Adjon es\u00e9lyt a macsk\u00e1j\u00e1nak a sikerre.<\/p>\n<p><strong>Mi\u00e9rt lehet sz\u00fcks\u00e9ge egy cic\u00e1nak B12 injekci\u00f3ra?<\/strong><\/p>\n<p>A B12-vitamint a macsk\u00e1k term\u00e9szetes \u00faton, a t\u00e1pl\u00e1l\u00e9kkal veszik fel. Sajnos sok cic\u00e1nak gondot okoz a t\u00e1panyagok megfelel\u0151 felsz\u00edv\u00f3d\u00e1sa a b\u00e9lben, \u00e9s gyorsan B12-hi\u00e1nyoss\u00e1 v\u00e1lhat. Emiatt a cic\u00e1knak nem biztos, hogy el\u0151ny\u00f6s a sz\u00e1jon \u00e1t szedett \u00e9trend-kieg\u00e9sz\u00edt\u0151k alkalmaz\u00e1sa; ehelyett az injekci\u00f3s vitaminok megb\u00edzhat\u00f3bb megold\u00e1st jelentenek.<\/p>\n<p>A B12-vitamin injekci\u00f3 az al\u00e1bbiakban felsorolt betegs\u00e9gekben szenved\u0151 cic\u00e1k sz\u00e1m\u00e1ra hasznos lehet a t\u00e1mogat\u00f3 kezel\u00e9s r\u00e9szek\u00e9nt:<\/p>\n<ul>\n<li>Hasi diszkomfort\u00e9rz\u00e9s<\/li>\n<li>Felsz\u00edv\u00f3d\u00e1si zavar<\/li>\n<li>Boldogtalans\u00e1g<\/li>\n<li>Hasmen\u00e9s<\/li>\n<li>Sz\u00e9kreked\u00e9s<\/li>\n<li>Letargikus \u00e1llapot<\/li>\n<li>Fogy\u00e1s<\/li>\n<li>H\u00e1ny\u00e1s<\/li>\n<li>V\u00e9rszeg\u00e9nys\u00e9g<\/li>\n<li>FIP<\/li>\n<li>Panleukopenia<\/li>\n<\/ul>\n<p>B\u00e1r a B12 \u00f6nmag\u00e1ban nem k\u00e9pes kezelni ezeket a probl\u00e9m\u00e1kat, seg\u00edthet fenntartani a cica immunrendszer\u00e9t \u00e9s em\u00e9szt\u0151rendszer\u00e9t a kezel\u00e9s \u00e9s a fel\u00e9p\u00fcl\u00e9s sor\u00e1n.<\/p>\n<p><strong>Sz\u00fcks\u00e9ges kell\u00e9kek<\/strong><\/p>\n<ul>\n<li>\u00c1llatorvos \u00e1ltal biztos\u00edtott injekt\u00e1lhat\u00f3 B12<\/li>\n<li>Sterilez 1cc fecskend\u0151<\/li>\n<li>25g t\u0171k<\/li>\n<li>\u00c9les adagol\u00f3<\/li>\n<\/ul>\n<p>B\u00e1r a B12 k\u00f6zvetlen\u00fcl nem seg\u00edt a macsk\u00e1knak a FIP-\u00e1llapot javul\u00e1s\u00e1ban, a macska immunrendszer\u00e9nek t\u00e1mogat\u00e1s\u00e1val seg\u00edthet, \u00e9s k\u00f6zvetve seg\u00edthet a macsk\u00e1knak a beteges \u00e1llapotb\u00f3l val\u00f3 fel\u00e9p\u00fcl\u00e9sben. Ezzel egy\u00fctt t\u00f6bb macskatulajdonosnak kellene tudnia err\u0151l, \u00e9s gyakran kellene B12-t adnia macsk\u00e1j\u00e1nak, hogy jav\u00edtsa a macsk\u00e1k \u00e1llapot\u00e1t, ak\u00e1r eg\u00e9szs\u00e9gesek, ak\u00e1r betegek.<\/p>\n","protected":false},"excerpt":{"rendered":"<p>A fert\u0151z\u0151 hash\u00e1rtyagyullad\u00e1ssal (FIP) fert\u0151z\u00f6tt macsk\u00e1k gondoz\u00e1sa sor\u00e1n nagyon fontos t\u00e9nyez\u0151 az eg\u00e9szs\u00e9g\u00fck megfelel\u0151 karbantart\u00e1sa. Ez kib\u0151v\u00fcl a macsk\u00e1k vitaminjaival, \u00e9s egy fontos vitamin, amellyel a macsk\u00e1k is rendelkeznek, a B12-vitamin. Ebben a cikkben a B12-vitamin fontoss\u00e1g\u00e1t ismertetj\u00fck a macsk\u00e1k sz\u00e1m\u00e1ra. Mi a B12? A kobalamin a B12-vitamin m\u00e1sik elnevez\u00e9se, amely a B12-vitamin hat\u00e1s\u00fa anyagok [&hellip;]<\/p>\n","protected":false},"author":11,"featured_media":21899,"parent":0,"menu_order":0,"comment_status":"closed","ping_status":"closed","template":"","meta":{"_glsr_average":0,"_glsr_ranking":0,"_glsr_reviews":0,"footnotes":""},"categories":[724],"tags":[770,726,771,769,768],"_links":{"self":[{"href":"https:\/\/fipmed.co\/hu\/wp-json\/wp\/v2\/pages\/21898"}],"collection":[{"href":"https:\/\/fipmed.co\/hu\/wp-json\/wp\/v2\/pages"}],"about":[{"href":"https:\/\/fipmed.co\/hu\/wp-json\/wp\/v2\/types\/page"}],"author":[{"embeddable":true,"href":"https:\/\/fipmed.co\/hu\/wp-json\/wp\/v2\/users\/11"}],"replies":[{"embeddable":true,"href":"https:\/\/fipmed.co\/hu\/wp-json\/wp\/v2\/comments?post=21898"}],"version-history":[{"count":0,"href":"https:\/\/fipmed.co\/hu\/wp-json\/wp\/v2\/pages\/21898\/revisions"}],"wp:featuredmedia":[{"embeddable":true,"href":"https:\/\/fipmed.co\/hu\/wp-json\/wp\/v2\/media\/21899"}],"wp:attachment":[{"href":"https:\/\/fipmed.co\/hu\/wp-json\/wp\/v2\/media?parent=21898"}],"wp:term":[{"taxonomy":"category","embeddable":true,"href":"https:\/\/fipmed.co\/hu\/wp-json\/wp\/v2\/categories?post=21898"},{"taxonomy":"post_tag","embeddable":true,"href":"https:\/\/fipmed.co\/hu\/wp-json\/wp\/v2\/tags?post=21898"}],"curies":[{"name":"wp","href":"https:\/\/api.w.org\/{rel}","templated":true}]}}