{"id":21911,"date":"2022-12-02T07:59:53","date_gmt":"2022-12-02T07:59:53","guid":{"rendered":"https:\/\/fipmed.co\/cat-fip-10-dolgok-amiket-meg-kell-tennie-ha-a-macskajat-fip-es-macskakent-diagnosztizaltak\/"},"modified":"2022-12-02T07:59:53","modified_gmt":"2022-12-02T07:59:53","slug":"cat-fip-10-dolgok-amiket-meg-kell-tennie-ha-a-macskajat-fip-es-macskakent-diagnosztizaltak","status":"publish","type":"page","link":"https:\/\/fipmed.co\/hu\/cat-fip-10-dolgok-amiket-meg-kell-tennie-ha-a-macskajat-fip-es-macskakent-diagnosztizaltak\/","title":{"rendered":"FIP macska: 10 dolog, amit azonnal meg kell tennie, ha macsk\u00e1j\u00e1n\u00e1l FIP macsk\u00e1t diagnosztiz\u00e1lnak"},"content":{"rendered":"<p>Ideges\u00edt\u0151 lehet, ha \u00e9ppen most der\u00fcl ki, hogy macsk\u00e1ja FIP-es. Ha ez \u00d6nt \u00e9rinti, meg\u00e9rtj\u00fck, de az\u00e9rt vagyunk itt, hogy seg\u00edts\u00fcnk. Ha macsk\u00e1j\u00e1n\u00e1l FIP-et diagnosztiz\u00e1ltak, az al\u00e1bbi 10 dolgot teheti meg.<\/p>\n<h2>1. Keresse meg a macska FIP szak\u00e9rt\u0151 \u00e1llatorvosi tan\u00e1cs\u00e1t<\/h2>\n<p>A macskatulajdonosok sz\u00e1m\u00e1ra a FIP diagn\u00f3zisa ijeszt\u0151 lehet. B\u00e1r ez az \u00e1llapot \u00f6sszetett \u00e9s s\u00falyos, az id\u0151ben t\u00f6rt\u00e9n\u0151 beavatkoz\u00e1s \u00e9s a szak\u00e9rt\u0151i ell\u00e1t\u00e1s mindent megv\u00e1ltoztathat szeretett kedvence j\u00f3l\u00e9t\u00e9ben.<\/p>\n<p>\u00c1llatorvosa t\u00e1j\u00e9koztatni fogja arr\u00f3l, hogyan biztos\u00edthatja, hogy macsk\u00e1ja a lehet\u0151 legjobb es\u00e9lyt kapja a t\u00fal\u00e9l\u00e9sre. M\u00e9g a megfelel\u0151 kezel\u00e9s mellett is sok mindent megtehet, hogy jav\u00edtsa macsk\u00e1ja t\u00fal\u00e9l\u00e9si es\u00e9lyeit.<\/p>\n<p>Egyes macsk\u00e1knak nem lesz baja, ha hazamennek \u00d6nnel, m\u00edg a s\u00falyosabb esetekn\u00e9l el\u0151fordulhat, hogy k\u00f3rh\u00e1zi kezel\u00e9sre van sz\u00fcks\u00e9g a jobb orvosi ell\u00e1t\u00e1s \u00e9rdek\u00e9ben.<\/p>\n<h2>2. Kezdje meg a kezel\u00e9st GS441524-gyel<\/h2>\n<p>A macsk\u00e1k fert\u0151z\u0151 hash\u00e1rtyagyullad\u00e1s\u00e1nak (FIP) GS441524-gyel t\u00f6rt\u00e9n\u0151 kezel\u00e9se az els\u0151 l\u00e9p\u00e9s a macsk\u00e1k t\u00fal\u00e9l\u00e9s\u00e9nek el\u0151seg\u00edt\u00e9se \u00e9rdek\u00e9ben. A GS441524 egy sz\u00e1jon \u00e1t szedhet\u0151 v\u00edrusellenes <a href=\"\/de?page_id=887\" target=\"_blank\" rel=\"noopener\">kezel\u00e9s a FIP-re<\/a>, amely rendk\u00edv\u00fcl hat\u00e9konynak \u00e9s rendk\u00edv\u00fcl biztons\u00e1gosnak bizonyult az ezzel a s\u00falyos betegs\u00e9ggel k\u00fczd\u0151 macsk\u00e1k sz\u00e1m\u00e1ra.<\/p>\n<p>A <a href=\"\/de?page_id=6163\" target=\"_blank\" rel=\"noopener\">GS 441524<\/a> az orvos utas\u00edt\u00e1sait k\u00f6vetve, id\u0151ben elkezdve \u00e9letment\u0151 lehet; a tanulm\u00e1nyok 90%-os sikeress\u00e9gi ar\u00e1nyt mutatnak.<\/p>\n<p>A lehets\u00e9ges mell\u00e9khat\u00e1sok viszonylag alacsonyak, de az \u00e9tv\u00e1gy, a t\u00e1pl\u00e1lkoz\u00e1si preferenci\u00e1k \u00e9s a viselked\u00e9s megv\u00e1ltoz\u00e1sa, valamint az adagol\u00e1s els\u0151 napjaiban jelentkez\u0151 \u00e1tmeneti hasmen\u00e9s vagy h\u00e1ny\u00e1s k\u00f6nnyen kezelhet\u0151, ha az \u00e1llatorvos szoros fel\u00fcgyelete mellett t\u00f6rt\u00e9nik.<\/p>\n<p>S\u00falyos esetekben a kortikoszteroidok autoinjekci\u00f3s kezel\u00e9s\u00e9nek els\u0151bbs\u00e9get kell \u00e9lveznie a hossz\u00fa t\u00e1v\u00fa or\u00e1lis ter\u00e1pia megkezd\u00e9s\u00e9vel, mik\u00f6zben az optim\u00e1lis t\u00fcneti t\u00e1mogat\u00e1s, p\u00e9ld\u00e1ul a t\u00e1pl\u00e1lkoz\u00e1si t\u00e1mogat\u00e1s \u00e9s a gondos higi\u00e9niai protokollok fenntart\u00e1sa mindv\u00e9gig jelent\u0151sen seg\u00edti a macska gy\u00f3gyul\u00e1s\u00e1t.<\/p>\n<h2>3. A t\u00fcnetek kezel\u00e9se \u00e9s a macska FIP f\u00e1jdalom enyh\u00edt\u00e9se<\/h2>\n<p>Ha egy macsk\u00e1n\u00e1l FIP-et diagnosztiz\u00e1ltak, fontos, hogy azonnal int\u00e9zkedj\u00fcnk a t\u00fcnetek kezel\u00e9se \u00e9s a f\u00e1jdalom enyh\u00edt\u00e9se \u00e9rdek\u00e9ben. A FIP egy \u00f6sszetett betegs\u00e9g, amely kellemetlens\u00e9geket okozhat a macsk\u00e1knak, ez\u00e9rt a kr\u00f3nikus \u00e1llapot kezel\u00e9s\u00e9hez elengedhetetlen a t\u00fcnetkezel\u00e9s.<\/p>\n<p>N\u00e9ha sz\u00fcks\u00e9g van f\u00e1jdalomcsillap\u00edt\u00f3k alkalmaz\u00e1s\u00e1ra, ha a macska kellemetlennek \u00e9s f\u00e1jdalmasnak t\u0171nik. Az antibiotikumok is seg\u00edthetnek bizonyos bakteri\u00e1lis fert\u0151z\u00e9seken, amelyeket a FIP okozhat. Bizonyos esetekben, amikor a <a href=\"\/de?page_id=903\" target=\"_blank\" rel=\"noopener\">macsk\u00e1nak el\u0151rehaladott FIP-je van<\/a>, a gyullad\u00e1s cs\u00f6kkent\u00e9s\u00e9hez kezdetben szteroidokra lehet sz\u00fcks\u00e9g. A szteroidokat azonban azonnal abba kell hagyni, amint a macska stabiliz\u00e1l\u00f3dott, mivel azok befoly\u00e1solj\u00e1k a FIP v\u00edrusellenes kezel\u00e9s\u00e9t.<\/p>\n<h2>4. Hidrat\u00e1l\u00e1s b\u0151r alatti folyad\u00e9kokkal<\/h2>\n<p>A macsk\u00e1k fert\u0151z\u0151 hash\u00e1rtyagyullad\u00e1sa (FIP) s\u00falyos \u00e9s gyakran hal\u00e1los kimenetel\u0171 betegs\u00e9g. A kezel\u00e9si terv r\u00e9szek\u00e9nt a FIP-es macska \u00e1llapot\u00e1nak kezel\u00e9s\u00e9hez javasolt lehet a szubkut\u00e1n folyad\u00e9kbevitel.<\/p>\n<p>Ez mag\u00e1ban foglalja a folyad\u00e9kok b\u0151r al\u00e1 juttat\u00e1s\u00e1t a v\u00e9r\u00e1ramba \u00e9s a szervezetbe val\u00f3 lass\u00fa felsz\u00edv\u00f3d\u00e1s \u00e9rdek\u00e9ben, hogy biztos\u00edtsa a megfelel\u0151 hidrat\u00e1lts\u00e1gi szintet \u00e9s jav\u00edtsa az \u00e1ltal\u00e1nos eg\u00e9szs\u00e9gi \u00e1llapotot. Az otthoni folyad\u00e9kter\u00e1pia hasznos lehet, mivel seg\u00edt a kieg\u00e9sz\u00edt\u0151 folyad\u00e9kp\u00f3tl\u00e1st ig\u00e9nyl\u0151 betegs\u00e9gben szenved\u0151 macsk\u00e1knak &#8211; p\u00e9ld\u00e1ul a FIP macsk\u00e1nak -, hogy hidrat\u00e1ltak maradjanak an\u00e9lk\u00fcl, hogy gyakran kellene elmenni\u00fck az \u00e1llatorvoshoz intrav\u00e9n\u00e1s kezel\u00e9sre.<\/p>\n<p>A szubkut\u00e1n folyad\u00e9kadagol\u00e1st (SQF) folyamatosan kell v\u00e9gezni; azonban van n\u00e9h\u00e1ny ir\u00e1nyelv arra vonatkoz\u00f3an, hogy milyen gyakran kell beadni. A legt\u00f6bb macsk\u00e1nak heti egyszeri \u00e9s napi rendszeress\u00e9g\u0171 SQF-kezel\u00e9sre van sz\u00fcks\u00e9ge, az \u00e1ltal\u00e1nos eg\u00e9szs\u00e9gi \u00e1llapott\u00f3l, a kisz\u00e1rad\u00e1s aktu\u00e1lis szintj\u00e9t\u0151l \u00e9s az \u00e1llatorvos vagy az \u00e1llatorvosi eg\u00e9szs\u00e9g\u00fcgyi csoport \u00e1ltal meghat\u00e1rozott egy\u00e9b t\u00e9nyez\u0151kt\u0151l f\u00fcgg\u0151en.<\/p>\n<p>Annak meghat\u00e1roz\u00e1s\u00e1hoz, hogy sz\u00fcks\u00e9gesek-e a SQF-ek, \u00e9s milyen gyakran kell \u0151ket v\u00e9gezni, besz\u00e9lje meg ezt a k\u00e9rd\u00e9st k\u00f6zvetlen\u00fcl \u00e1llatorvos\u00e1val a megfelel\u0151 \u00fatmutat\u00e1s\u00e9rt, miel\u0151tt elkezden\u00e9 az otthoni kezel\u00e9st.<\/p>\n<p>Ha megfelel\u0151en, az \u00e1llatorvos utas\u00edt\u00e1sai szerint steril t\u0171ket \u00e9s felszerel\u00e9st haszn\u00e1l, az SQF-ek otthoni bead\u00e1sa nagy sz\u00fcks\u00e9glet\u0171 megk\u00f6nnyebb\u00fcl\u00e9st ny\u00fajthat, mik\u00f6zben elker\u00fclhet\u0151 a felesleges stressz az \u00e1llatorvosi rendel\u0151ben t\u00f6rt\u00e9n\u0151 rendszeres ellen\u0151rz\u00e9sek sor\u00e1n az olyan alkalmi betegs\u00e9gek miatt, mint a <a href=\"\/de?page_id=6094\" target=\"_blank\" rel=\"noopener\">macsk\u00e1k<\/a> \u00e9s cic\u00e1k <a href=\"\/de?page_id=6094\" target=\"_blank\" rel=\"noopener\">FIP-je<\/a>.<\/p>\n<p>&nbsp;<\/p>\n<h2>5. T\u00e1pl\u00e1lkoz\u00e1si t\u00e1mogat\u00e1s a macska FIP eset\u00e9ben<\/h2>\n<p>A <a href=\"\/de?page_id=893\" target=\"_blank\" rel=\"noopener\">t\u00e1pl\u00e1lkoz\u00e1si t\u00e1mogat\u00e1s<\/a> a macsk\u00e1k FIP kezel\u00e9s\u00e9nek alapvet\u0151 r\u00e9sze. A t\u00e1panyagok l\u00e9tfontoss\u00e1g\u00fa szerepet j\u00e1tszanak \u00e1ltal\u00e1nos eg\u00e9szs\u00e9g\u00fck t\u00e1mogat\u00e1s\u00e1ban \u00e9s a betegs\u00e9get okoz\u00f3 v\u00edrus elleni k\u00fczdelemben.<\/p>\n<p>A macsk\u00e1k FIP-je eset\u00e9n speci\u00e1lis \u00e9trendi sz\u00fcks\u00e9gleteket kell figyelembe venni a macska j\u00f3l\u00e9te \u00e9rdek\u00e9ben. Val\u00f3j\u00e1ban n\u00e9h\u00e1ny macsk\u00e1n\u00e1l a FIP a rossz t\u00e1pl\u00e1lkoz\u00e1s miatt alakult ki, ami hozz\u00e1j\u00e1rul a gyenge immunrendszerhez.<\/p>\n<p>Az immunrendszer fontos szerepet j\u00e1tszik a FIP \u00e1ltal okozott fert\u0151z\u00e9sek megf\u00e9kez\u00e9s\u00e9ben \u00e9s lek\u00fczd\u00e9s\u00e9ben, ez\u00e9rt a megfelel\u0151 t\u00e1pl\u00e1l\u00e1s kulcsfontoss\u00e1g\u00fa az optim\u00e1lis eg\u00e9szs\u00e9g el\u0151seg\u00edt\u00e9se \u00e9s e komplex betegs\u00e9g ki\u00fajul\u00e1s\u00e1nak vagy kit\u00f6r\u00e9s\u00e9nek minimaliz\u00e1l\u00e1sa szempontj\u00e1b\u00f3l.<\/p>\n<p>V\u00e1ltoztassa meg macsk\u00e1ja \u00e9trendj\u00e9t nyers marhah\u00fasos \u00e9trendre, valamint adjon csontlevest a t\u00f6bb folyad\u00e9k\u00e9rt. Ezeket a vitaminokat is kieg\u00e9sz\u00edtheti:<\/p>\n<p><strong>Omega-3 zs\u00edrsavak:<\/strong> A halolaj-kieg\u00e9sz\u00edt\u0151kben gyakran el\u0151fordul\u00f3 omega-3 zs\u00edrsavak seg\u00edthetnek cs\u00f6kkenteni a gyullad\u00e1st \u00e9s jav\u00edthatj\u00e1k macsk\u00e1ja \u00e1ltal\u00e1nos eg\u00e9szs\u00e9gi \u00e1llapot\u00e1t. Seg\u00edthetnek a FIP-hez kapcsol\u00f3d\u00f3 probl\u00e9m\u00e1k, p\u00e9ld\u00e1ul a folyad\u00e9kgy\u00fclem \u00e9s a gyullad\u00e1s kezel\u00e9s\u00e9ben.<\/p>\n<p><strong>Antioxid\u00e1nsok<\/strong>: mint p\u00e9ld\u00e1ul a C- \u00e9s E-vitamin, seg\u00edthetnek az oxidat\u00edv stressz cs\u00f6kkent\u00e9s\u00e9ben \u00e9s az immunrendszer t\u00e1mogat\u00e1s\u00e1ban. \u00c1llatorvosa tan\u00e1csot tud adni a macsk\u00e1ja sz\u00e1m\u00e1ra legmegfelel\u0151bb adagot illet\u0151en.<\/p>\n<p><strong>Probiotikumok:<\/strong> A probiotikumok seg\u00edthetik macsk\u00e1ja gyomor-b\u00e9lrendszer\u00e9nek eg\u00e9szs\u00e9g\u00e9t \u00e9s immunrendszer\u00e9t. Mivel a FIP hat\u00e1ssal lehet az em\u00e9szt\u0151rendszerre, a probiotikumok hasznosak lehetnek.<\/p>\n<p><strong>Az immunrendszer t\u00e1mogat\u00e1sa:<\/strong> Az \u00e1llatorvossal egy\u00fcttm\u0171k\u00f6dve fontolja meg az immunrendszer kieg\u00e9sz\u00edt\u0151inek, p\u00e9ld\u00e1ul a b\u00e9ta-gl\u00fck\u00e1noknak vagy immunmodul\u00e1toroknak a haszn\u00e1lat\u00e1t.<\/p>\n<p><strong>B-vitaminok:<\/strong> A B-vitaminok, k\u00fcl\u00f6n\u00f6sen a B-12, j\u00f3t\u00e9kony hat\u00e1ssal vannak az \u00e1ltal\u00e1nos eg\u00e9szs\u00e9gre \u00e9s j\u00f3l\u00e9tre. Ritka esetekben tan\u00e1csos lehet B-vitamin-komplex kieg\u00e9sz\u00edt\u00e9st adni.<\/p>\n<p><strong>Ker\u00fclje az L-lizint:<\/strong> A lizin egy aminosav, amely seg\u00edthet a FIP \u00e1ltal okozott fels\u0151 l\u00e9g\u00fati t\u00fcneteken, de nem kezeli k\u00f6zvetlen\u00fcl az \u00e1llapotot. A <a href=\"\/de?page_id=895\" target=\"_blank\" rel=\"noopener\">FIP kezel\u00e9s\u00e9t<\/a> is akad\u00e1lyozza.<\/p>\n<p>&nbsp;<\/p>\n<h2>6. K\u00e9nyelmes \u00e9s tiszta k\u00f6rnyezet kialak\u00edt\u00e1sa<\/h2>\n<p>A FIP-ben szenved\u0151 macsk\u00e1k sz\u00e1m\u00e1ra k\u00e9nyelmes \u00e9s tiszta k\u00f6rnyezet kialak\u00edt\u00e1sa \u00e9s fenntart\u00e1sa alapvet\u0151 fontoss\u00e1g\u00fa az \u00e1ltal\u00e1nos eg\u00e9szs\u00e9gi \u00e1llapotuk szempontj\u00e1b\u00f3l. A tiszta \u00e9lett\u00e9r seg\u00edthet cs\u00f6kkenteni a gyullad\u00e1s okozta kellemetlen t\u00fcneteket \u00e9s a FIP-hez t\u00e1rsul\u00f3 immunszupresszi\u00f3 s\u00falyoss\u00e1g\u00e1t.<\/p>\n<p>A macskatulajdonosok t\u00f6bbek k\u00f6z\u00f6tt \u00fagy teremthetnek ilyen l\u00e9gk\u00f6rt, hogy az alomt\u00e1lc\u00e1kat, a vizes- \u00e9s az etet\u0151t\u00e1lakat tiszt\u00e1n tartj\u00e1k a t\u00f6rmel\u00e9kekt\u0151l \u00e9s a rendetlens\u00e9gt\u0151l, amelyek tov\u00e1bbi stresszt jelenthetnek a macska legyeng\u00fclt immunrendszer\u00e9nek.<\/p>\n<p>Emellett fontos, hogy megel\u0151zz\u00fck a t\u00falzs\u00fafolts\u00e1got az otthon\u00e1ban, mivel ez hozz\u00e1j\u00e1rulhat a macsk\u00e1k tov\u00e1bbi fert\u0151z\u00e9seinek kialakul\u00e1s\u00e1hoz. Ez tov\u00e1bb n\u00f6velheti a macska FIP kialakul\u00e1s\u00e1nak kock\u00e1zat\u00e1t, vagy s\u00falyosb\u00edthatja a megl\u00e9v\u0151 \u00e1llapotokat, p\u00e9ld\u00e1ul a coronav\u00edrus-fert\u0151z\u00e9shez kapcsol\u00f3d\u00f3 gyomor-b\u00e9lrendszeri probl\u00e9m\u00e1kat.<\/p>\n<p>&nbsp;<\/p>\n<h2>7. Szigor\u00fa higi\u00e9niai int\u00e9zked\u00e9sek v\u00e9grehajt\u00e1sa<\/h2>\n<p>Ha egy macsk\u00e1n\u00e1l FIP-et diagnosztiz\u00e1lnak, a tulajdonosoknak gyorsan kell cselekedni\u00fck, hogy megv\u00e9dj\u00e9k a t\u00f6bbi <a href=\"\/de?page_id=891\" target=\"_blank\" rel=\"noopener\">macsk\u00e1t \u00e9s megakad\u00e1lyozz\u00e1k<\/a> a betegs\u00e9g terjed\u00e9s\u00e9t. Alapvet\u0151 fontoss\u00e1g\u00fa szigor\u00fa higi\u00e9niai int\u00e9zked\u00e9sek bevezet\u00e9se, bele\u00e9rtve a <a href=\"\/de?page_id=899\" target=\"_blank\" rel=\"noopener\">fert\u0151z\u00f6tt macska<\/a> elk\u00fcl\u00f6n\u00edt\u00e9s\u00e9t, a k\u00f6rnyezet tiszt\u00edt\u00e1s\u00e1t \u00e9s fert\u0151tlen\u00edt\u00e9s\u00e9t, a macsk\u00e1k k\u00f6z\u00f6tti \u00e9rintkez\u00e9s minimaliz\u00e1l\u00e1s\u00e1t \u00e9s a fert\u0151z\u00f6tt \u00e1llat kezel\u00e9se ut\u00e1ni k\u00e9zmos\u00e1st.<\/p>\n<p>E protokollok v\u00e9grehajt\u00e1s\u00e1nak c\u00e9lja kett\u0151s: el\u0151sz\u00f6r is cs\u00f6kkenti a kock\u00e1zatot az\u00e1ltal, hogy megakad\u00e1lyozza a FIP tov\u00e1bbi \u00e1tvitel\u00e9t a h\u00e1ztart\u00e1son bel\u00fcl vagy k\u00edv\u00fcl. M\u00e1sodszor, seg\u00edt k\u00e9nyelmes k\u00f6rnyezetet teremteni az \u00e9rintett macsk\u00e1k sz\u00e1m\u00e1ra, mik\u00f6zben cs\u00f6kkenti a fizikai t\u00fcnetek, p\u00e9ld\u00e1ul l\u00e1z vagy em\u00e9szt\u00e9si probl\u00e9m\u00e1k miatt esetlegesen fell\u00e9p\u0151 kellemetlens\u00e9geket.<\/p>\n<p>A h\u00e1ztart\u00e1sokban minden fel\u00fcletet rendszeresen, naponta legal\u00e1bb 10 percig kell tiszt\u00edtani az \u00e1llatorvosok \u00e1ltal j\u00f3v\u00e1hagyott fert\u0151tlen\u00edt\u0151szerekkel, hogy cs\u00f6kkents\u00fck a macsk\u00e1k k\u00f6h\u00f6g\u00e9sekor vagy t\u00fcsszent\u00e9sekor keletkez\u0151 aeroszolos cseppek \u00e1ltal okozott bakteri\u00e1lis szennyez\u0151d\u00e9st.<\/p>\n<p>Ezenk\u00edv\u00fcl a j\u00f3 k\u00e9zhigi\u00e9nia &#8211; a fert\u0151z\u00f6tt \u00e1llattal val\u00f3 \u00e9rintkez\u00e9s ut\u00e1n azonnal elv\u00e9gzett alapos k\u00e9zmos\u00e1s &#8211; jelent\u0151sen cs\u00f6kkenti a szem\u00e9lyr\u0151l szem\u00e9lyre t\u00f6rt\u00e9n\u0151 \u00e1tvitel kock\u00e1zat\u00e1t.<\/p>\n<p>A macskatulajdonosoknak azt tan\u00e1csoljuk, hogy ne csak sz\u00fcks\u00e9g eset\u00e9n viseljenek keszty\u0171t, hanem a rendszeres mos\u00e1si gyakorlatok is seg\u00edts\u00e9k az expoz\u00edci\u00f3 korl\u00e1toz\u00e1s\u00e1t. Azzal, hogy minden egyes l\u00e9p\u00e9st komolyan vesznek a diagn\u00f3zis \u00e9s a szak\u00e9rt\u0151k \u00e1ltal javasolt v\u00e9grehajt\u00e1si f\u00e1zisok sor\u00e1n, a h\u00e1zi\u00e1llat-sz\u00fcl\u0151k mindent megtesznek, hogy jav\u00edts\u00e1k az ezzel az \u00e1llapottal \u00e9l\u0151 h\u00e1zi\u00e1llatok \u00e9letmin\u0151s\u00e9g\u00e9t.<\/p>\n<p>&nbsp;<\/p>\n<h2>8. A macsk\u00e1k FIP elk\u00fcl\u00f6n\u00edt\u00e9s\u00e9re vonatkoz\u00f3 protokollok betartat\u00e1sa t\u00f6bb macsk\u00e1val rendelkez\u0151 h\u00e1ztart\u00e1sokban.<\/h2>\n<p>Ha egy <a href=\"\/de?page_id=870\" target=\"_blank\" rel=\"noopener\">macsk\u00e1n\u00e1l diagnosztiz\u00e1lj\u00e1k a macsk\u00e1k fert\u0151z\u0151 hash\u00e1rtyagyullad\u00e1s\u00e1t<\/a> (FIP) egy t\u00f6bb macsk\u00e1val rendelkez\u0151 h\u00e1ztart\u00e1sban, az \u00e9rintett FIP-es macska elk\u00fcl\u00f6n\u00edt\u00e9se a t\u00f6bbi macsk\u00e1t\u00f3l kulcsfontoss\u00e1g\u00fa a tov\u00e1bbi terjed\u00e9s megel\u0151z\u00e9se \u00e9s a t\u00f6bbi macska v\u00e9delme \u00e9rdek\u00e9ben. B\u00e1r neh\u00e9z teljesen megakad\u00e1lyozni, hogy kedvence m\u00e1s macsk\u00e1kkal \u00e9rintkezzen, vannak olyan int\u00e9zked\u00e9sek, amelyekkel jelent\u0151sen cs\u00f6kkentheti a fert\u0151z\u00e9s kock\u00e1zat\u00e1t.<\/p>\n<p>A FIP els\u0151sorban a fert\u0151z\u00f6tt \u00fcr\u00fcl\u00e9kkel val\u00f3 \u00e9rintkez\u00e9s \u00fatj\u00e1n terjed a k\u00f6z\u00f6s alomt\u00e1lc\u00e1ban vagy a fel\u00fcleteken. Ha a macsk\u00e1k k\u00f6zel ker\u00fclnek egym\u00e1shoz, vagy durv\u00e1n j\u00e1tszanak, potenci\u00e1lisan \u00e1tadhatnak olyan betegs\u00e9geket, mint a FIP, ez\u00e9rt az ilyen tev\u00e9kenys\u00e9gek cs\u00f6kkent\u00e9s\u00e9nek els\u0151dleges fontoss\u00e1g\u00fanak kell lennie azon tulajdonosok sz\u00e1m\u00e1ra, akiknek macsk\u00e1j\u00e1n\u00e1l diagnosztiz\u00e1lt\u00e1k a betegs\u00e9get.<\/p>\n<p>Fontos, hogy \u00fcgyelj\u00fcnk a k\u00f6z\u00f6s t\u00e1lakra \u00e9s alomra is, \u00e9s lehet\u0151s\u00e9g szerint tart\u00f3zkodjunk a t\u00f6bb macska k\u00f6z\u00f6tti k\u00f6zvetlen \u00e9rintkez\u00e9st\u0151l. A FIPV az \u00fcr\u00fcl\u00e9k \u00fatj\u00e1n terjed, ez\u00e9rt ide\u00e1lis esetben minden macsk\u00e1nak k\u00fcl\u00f6n alomt\u00e1lc\u00e1t kell tartania. N\u00e9h\u00e1ny hetente k\u00e9sz\u00edtsen sz\u00f3rakoztat\u00f3 j\u00e1t\u00e9kokat, kapar\u00f3deszk\u00e1kat \u00e9s b\u00fav\u00f3helyeket kifejezetten a saj\u00e1t macsk\u00e1j\u00e1nak, hogy ne legyen f\u00e9lt\u00e9keny arra, ami m\u00e1sok\u00e9.<\/p>\n<p>Tov\u00e1bb\u00e1, ha megval\u00f3s\u00edthat\u00f3, minden \u00e1llatot k\u00fcl\u00f6n-k\u00fcl\u00f6n helyezzen el &#8211; ha a lak\u00e1s k\u00fcl\u00f6nb\u00f6z\u0151 helyis\u00e9geiben tartja \u0151ket, nemcsak a stresszt cs\u00f6kkenti, de a betegs\u00e9geket is t\u00e1vol tartja! A megfelel\u0151 izol\u00e1ci\u00f3s protokollok alkalmaz\u00e1sa seg\u00edt cs\u00f6kkenteni a macskakoronav\u00edrus \u00e1tvitel\u00e9nek kock\u00e1zat\u00e1t a nem oltott vagy immunhi\u00e1nyos FIP macsk\u00e1kra.<\/p>\n<p>Ez mag\u00e1ban foglalja a k\u00f6z\u00f6s k\u00fcls\u0151 ter\u00fcletek, az \u00e9telt\u00e1lakkal val\u00f3 tal\u00e1lkoz\u00e1sok \u00e9s az olyan ruh\u00e1zat lev\u00e1g\u00e1s\u00e1t is, amelyek ny\u00e1lon, sz\u0151r\u00f6n stb. kereszt\u00fcl bakt\u00e9riumokat terjeszthetnek. Azt is meg kell fontolnia, hogy az egy h\u00e1ztart\u00e1sban \u00e9l\u0151 \u00f6sszes eg\u00e9szs\u00e9ges macsk\u00e1nak legal\u00e1bb \u00e9vente k\u00e9tszer aj\u00e1nlja a FIV\/FeLV komplex v\u00edrusos betegs\u00e9gek, p\u00e9ld\u00e1ul a FIP elleni olt\u00e1st.<\/p>\n<p>Ha a fert\u0151z\u0151 betegs\u00e9g b\u00e1rmilyen jel\u00e9t \u00e9szleli, vagy ha a vizsg\u00e1lati eredm\u00e9nyek pozit\u00edvak FeLV-re, akkor tartsa t\u00e1vol ezeket az \u00e1llatokat a karant\u00e9nter\u00fcletr\u0151l &#8211; ezek a v\u00edrusok nem csak s\u00falyos betegs\u00e9ghez vezethetnek, de a folyamatos kitetts\u00e9g \u00faj fert\u0151z\u00e9seket is behozhat az elszigetelt k\u00f6rnyezetbe, ami gyorsabban s\u00falyosb\u00edthatja kedvence \u00e1llapot\u00e1t, miel\u0151tt a kezel\u00e9s megkezd\u0151dne.<\/p>\n<p>&nbsp;<\/p>\n<h2>9. Figyelje a macska \u00e1llapot\u00e1t<\/h2>\n<p>Nagyon fontos, hogy szorosan figyelemmel k\u00eds\u00e9rje macsk\u00e1ja \u00e1llapot\u00e1t, \u00e9s ha FIP-et diagnosztiz\u00e1ltak, azonnal forduljon \u00e1llatorvoshoz. A macska FIP t\u00fcnetei esetr\u0151l esetre jelent\u0151sen elt\u00e9rhetnek, \u00e9s a macska viselked\u00e9s\u00e9ben vagy eg\u00e9szs\u00e9gi \u00e1llapot\u00e1ban bek\u00f6vetkez\u0151 b\u00e1rmilyen v\u00e1ltoz\u00e1st azonnal meg kell besz\u00e9lni tapasztalt szakemberekkel, p\u00e9ld\u00e1ul \u00e1llatorvossal.<\/p>\n<p>A v\u00edrus korai diagnosztiz\u00e1l\u00e1s\u00e1hoz \u00e9s kezel\u00e9s\u00e9hez kulcsfontoss\u00e1g\u00fa a rendszeres \u00e1llatorvosi ellen\u0151rz\u00e9s; ez lehet\u0151v\u00e9 teszi a hat\u00e9kony kezel\u00e9si strat\u00e9gi\u00e1kat, a t\u00fcnetek enyh\u00edt\u00e9s\u00e9t \u00e9s a h\u00e1zi\u00e1llat \u00e9let\u00e9nek meghosszabb\u00edt\u00e1s\u00e1t.<\/p>\n<p>Ha t\u00f6bb macsk\u00e1val rendelkez\u0151, z\u00e1rt h\u00e1ztart\u00e1sban \u00e9l, ahol a macsk\u00e1k \u00e9rintkezhetnek egym\u00e1ssal, akkor aj\u00e1nlott az elk\u00fcl\u00f6n\u00edt\u00e9si protokollok betart\u00e1sa, am\u00edg a fert\u0151z\u00f6tt macska betegs\u00e9g\u00e9nek lefoly\u00e1s\u00e1t szakszer\u0171 \u00e1llatorvos nem tudja nyomon k\u00f6vetni.<\/p>\n<p>A figyelmeztet\u0151 jelek k\u00f6z\u00e9 tartozik a drasztikus fogy\u00e1s, a rendk\u00edv\u00fcli f\u00e1radts\u00e1g\/letargia, a l\u00e1z, a zavarts\u00e1g vagy a t\u00e1j\u00e9koz\u00f3d\u00e1si zavar &#8211; ezek mind s\u00fcrg\u0151s orvosi ell\u00e1t\u00e1st ig\u00e9nyelnek.<\/p>\n<h2>10. Korl\u00e1tozza a m\u00e1s macsk\u00e1knak val\u00f3 kitetts\u00e9get<\/h2>\n<p>V\u00e9g\u00fcl a k\u00fclt\u00e9ri hozz\u00e1f\u00e9r\u00e9st is korl\u00e1tozni kell, mivel a vadon \u00e9l\u0151 \u00e1llatok olyan betegs\u00e9geket hordozhatnak, amelyek tov\u00e1bb vesz\u00e9lyeztethetik a FIP-pozit\u00edv cic\u00e1t &#8211; az ilyen esetek elleni v\u00e9delem az\u00e1ltal, hogy elker\u00fclj\u00fck az olyan borotv\u00e1lt ter\u00fcleteket a szabadban, ahol a madarak \u00e9s a kis\u00e1llatok k\u00f6nnyen bet\u00e9vedhetnek, nagyban cs\u00f6kkenti annak es\u00e9ly\u00e9t, hogy a megl\u00e9v\u0151 diagn\u00f3zison k\u00edv\u00fcl b\u00e1rmi m\u00e1st is elkapjanak.<\/p>\n<p>A fizikai interakci\u00f3k cs\u00f6kkent\u00e9se a f\u0151 b\u0171n\u00f6s\u00f6k az \u00e1tviteli ar\u00e1nyok m\u00f6g\u00f6tt, seg\u00edt a maxim\u00e1lis biztons\u00e1got biztos\u00edtani a sz\u00fcks\u00e9ges \u00f3vint\u00e9zked\u00e9sek meghozatal\u00e1ban a fert\u0151z\u0151 hash\u00e1rtyagyullad\u00e1s (FIP) kezel\u00e9se sor\u00e1n.<\/p>\n<p>A biztons\u00e1g fel\u00e9 tett takaros l\u00e9p\u00e9sek, mint p\u00e9ld\u00e1ul a figyelmes figyel\u00e9s figyeli a szem\u00e9lyes higi\u00e9niai int\u00e9zked\u00e9seket, mik\u00f6zben tudat\u00e1ban van a szennyezett k\u00f6rnyezetnek val\u00f3 kitetts\u00e9gnek, fontos v\u00e9delmet ny\u00fajtanak a hasonl\u00f3 k\u00f6r\u00fclm\u00e9nyek k\u00f6z\u00f6tt, k\u00fcl\u00f6n\u00f6sen a t\u00f6bb macsk\u00e1s h\u00e1ztart\u00e1sok drasztikusabb\u00e1 v\u00e1l\u00e1s\u00e1val kapcsolatos potenci\u00e1lis koronav\u00edrus terjed\u00e9se ellen &#8211; n\u00e9lk\u00fcl\u00f6zhetetlen gyakorlat, amelyet az orvosi kutat\u00e1sok \u00fajra \u00e9s \u00fajra al\u00e1t\u00e1masztanak, k\u00fcl\u00f6n\u00f6sen az adott betegs\u00e9g \u00f6sszef\u00fcgg\u00e9s\u00e9ben, hat\u00e9konyan.<\/p>\n","protected":false},"excerpt":{"rendered":"<p>Ideges\u00edt\u0151 lehet, ha \u00e9ppen most der\u00fcl ki, hogy macsk\u00e1ja FIP-es. Ha ez \u00d6nt \u00e9rinti, meg\u00e9rtj\u00fck, de az\u00e9rt vagyunk itt, hogy seg\u00edts\u00fcnk. Ha macsk\u00e1j\u00e1n\u00e1l FIP-et diagnosztiz\u00e1ltak, az al\u00e1bbi 10 dolgot teheti meg. 1. Keresse meg a macska FIP szak\u00e9rt\u0151 \u00e1llatorvosi tan\u00e1cs\u00e1t A macskatulajdonosok sz\u00e1m\u00e1ra a FIP diagn\u00f3zisa ijeszt\u0151 lehet. B\u00e1r ez az \u00e1llapot \u00f6sszetett \u00e9s s\u00falyos, [&hellip;]<\/p>\n","protected":false},"author":11,"featured_media":21912,"parent":0,"menu_order":0,"comment_status":"closed","ping_status":"closed","template":"","meta":{"_glsr_average":0,"_glsr_ranking":0,"_glsr_reviews":0,"footnotes":""},"categories":[724],"tags":[726,781],"_links":{"self":[{"href":"https:\/\/fipmed.co\/hu\/wp-json\/wp\/v2\/pages\/21911"}],"collection":[{"href":"https:\/\/fipmed.co\/hu\/wp-json\/wp\/v2\/pages"}],"about":[{"href":"https:\/\/fipmed.co\/hu\/wp-json\/wp\/v2\/types\/page"}],"author":[{"embeddable":true,"href":"https:\/\/fipmed.co\/hu\/wp-json\/wp\/v2\/users\/11"}],"replies":[{"embeddable":true,"href":"https:\/\/fipmed.co\/hu\/wp-json\/wp\/v2\/comments?post=21911"}],"version-history":[{"count":0,"href":"https:\/\/fipmed.co\/hu\/wp-json\/wp\/v2\/pages\/21911\/revisions"}],"wp:featuredmedia":[{"embeddable":true,"href":"https:\/\/fipmed.co\/hu\/wp-json\/wp\/v2\/media\/21912"}],"wp:attachment":[{"href":"https:\/\/fipmed.co\/hu\/wp-json\/wp\/v2\/media?parent=21911"}],"wp:term":[{"taxonomy":"category","embeddable":true,"href":"https:\/\/fipmed.co\/hu\/wp-json\/wp\/v2\/categories?post=21911"},{"taxonomy":"post_tag","embeddable":true,"href":"https:\/\/fipmed.co\/hu\/wp-json\/wp\/v2\/tags?post=21911"}],"curies":[{"name":"wp","href":"https:\/\/api.w.org\/{rel}","templated":true}]}}