{"id":21935,"date":"2022-12-02T08:05:01","date_gmt":"2022-12-02T08:05:01","guid":{"rendered":"https:\/\/fipmed.co\/macska-fip-kezeles-a-fip-orvosi-fejlesztese-megmenti-a-macskakat\/"},"modified":"2022-12-02T08:05:01","modified_gmt":"2022-12-02T08:05:01","slug":"macska-fip-kezeles-a-fip-orvosi-fejlesztese-megmenti-a-macskakat","status":"publish","type":"page","link":"https:\/\/fipmed.co\/hu\/macska-fip-kezeles-a-fip-orvosi-fejlesztese-megmenti-a-macskakat\/","title":{"rendered":"Macska FIP kezel\u00e9s: A FIP orvosi fejleszt\u00e9se megmenti a macsk\u00e1kat"},"content":{"rendered":"<p>A macsk\u00e1k sz\u00e1m\u00e1ra m\u00e1r el\u00e9rhet\u0151 egy bev\u00e1lt FIP-kezel\u00e9s. A p\u00e9nz\u00fcgyi motiv\u00e1ci\u00f3 hi\u00e1nya miatt azonban jelenleg nincs hivatalosan j\u00f3v\u00e1hagyott, a <a href=\"\/?page_id=883\" target=\"_blank\" rel=\"noopener\">macsk\u00e1k FIP-je<\/a> ellen enged\u00e9lyezett gy\u00f3gyszeres kezel\u00e9s. A t\u00e1mogat\u00f3 ter\u00e1pia enyh\u00edtheti a kellemetlens\u00e9geket, de nem n\u00f6veli a t\u00fal\u00e9l\u00e9si es\u00e9lyeket, p\u00e9ld\u00e1ul a gyullad\u00e1scs\u00f6kkent\u0151 gy\u00f3gyszerek \u00e9s a folyad\u00e9k elvezet\u00e9se a mellkasb\u00f3l \u00e9s a hasb\u00f3l. A betegs\u00e9g gyors \u00e9s magas hal\u00e1loz\u00e1si ar\u00e1nya miatt a m\u00faltban az eutan\u00e1zia volt a legjobb megold\u00e1s, de ma m\u00e1r a kezel\u00e9s nagy sikerrel elv\u00e9gezhet\u0151.<\/p>\n<p>Jelenleg is vizsg\u00e1lnak n\u00e9h\u00e1ny k\u00eds\u00e9rleti gy\u00f3gyszert, k\u00f6zt\u00fck a GS441524-et, a GC376-ot, a CL-Pro-t \u00e9s a Remdesivirt. Ezek a gy\u00f3gyszerek jelenleg nem \u00e1llnak leg\u00e1lisan rendelkez\u00e9sre klinikai haszn\u00e1latra macsk\u00e1k sz\u00e1m\u00e1ra.<\/p>\n<h2><\/h2>\n<p><strong>ANTIVIR\u00c1LISOK (prote\u00e1z g\u00e1tl\u00f3k, polimer\u00e1z g\u00e1tl\u00f3k, nukleozid anal\u00f3gok)<\/strong><\/p>\n<p>Az egyetlen <a href=\"https:\/\/fipmed.co\/\" target=\"_blank\" rel=\"noopener\">kezel\u00e9s, amely jelenleg rem\u00e9nyt ad a FIP-ben szenved\u0151 macsk\u00e1knak<\/a>, a GS441524, amely egy nukleozid anal\u00f3g, \u00e9s a GC376, egy prote\u00e1z inhibitor.<\/p>\n<p>A GS441524 tov\u00e1bbra is a legjobb lehet\u0151s\u00e9g a FIP kezel\u00e9s\u00e9re, mivel a GC376-hoz k\u00e9pest alacsonyabb a visszaes\u00e9si ar\u00e1ny. A Remdesivirhez k\u00e9pest gyorsabban hat. Val\u00f3j\u00e1ban a Remdesivir a GS441524 el\u0151fut\u00e1ra, \u00edgy a Remdesivirnek egy tov\u00e1bbi l\u00e9p\u00e9sre van sz\u00fcks\u00e9ge ahhoz, hogy GS441524-\u00e9 alakuljon \u00e1t, hogy m\u0171k\u00f6dni tudjon.<\/p>\n<p>&nbsp;<\/p>\n<p><strong>GS-441524<\/strong><\/p>\n<p>Bizony\u00edtott, hogy ez a gy\u00f3gyszer sz\u00e1mos helyzetben j\u00f3l m\u0171k\u00f6dik. A megszerz\u00e9se neh\u00e9z volt. A remdesivir, amint azt kor\u00e1bban eml\u00edtett\u00fck, a protid vagy prodrug, amelyet a szervezet k\u00e9s\u0151bb GS-441524-v\u00e9 alak\u00edt \u00e1t. A gy\u00f3gyszer protid vagy prodrug form\u00e1ban t\u00f6rt\u00e9n\u0151 bead\u00e1sa el\u0151seg\u00edti, hogy az immunrendszer immunszuppressz\u00edv koronav\u00edrusokat tartalmaz\u00f3 sejtjeibe jusson. N\u00e9h\u00e1ny gy\u00f3gyszer macskateszt sor\u00e1n a GS-441524-et eredeti \u00f6sszet\u00e9tel\u00e9ben adt\u00e1k, \u00e9s nem tapasztaltak sikeres FIP gy\u00f3gyul\u00e1si ar\u00e1nyt.<\/p>\n<p>&nbsp;<\/p>\n<p>A GS441524 jelenleg m\u00e9g mindig a legjobb kezel\u00e9si lehet\u0151s\u00e9g\u00fcnk. A magas k\u00f6lts\u00e9gek \u00e9s a gy\u00f3gyszerhez val\u00f3 hozz\u00e1f\u00e9r\u00e9s hi\u00e1nya miatt azonban a macskatulajdonosoknak jobban kellene t\u00f6rekedni\u00fck arra, hogy megel\u0151zz\u00e9k, hogy macsk\u00e1juk eleve elkapja a betegs\u00e9get.<\/p>\n<p>&nbsp;<\/p>\n<p><strong>GC376<\/strong><\/p>\n<p>A GC376 sz\u00e9les spektrum\u00fa v\u00edrusellenes gy\u00f3gyszernek tekinthet\u0151, amely sz\u00e1mos v\u00edrus <sup>Mpro-j\u00e1t<\/sup> g\u00e1tolja, bele\u00e9rtve az olyan koronav\u00edrusokat, mint az FCoV, a sert\u00e9s j\u00e1rv\u00e1nyos hasmen\u00e9s v\u00edrusa (PEDV), a SARS-CoV, a MERS-CoV, a SARS-CoV-2, a g\u00f6r\u00e9ny \u00e9s a ny\u00e9rc koronav\u00edrus. A GC376 a GC373, egy m\u00e1sik dipeptid alap\u00fa prote\u00e1zg\u00e1tl\u00f3 prodrugja.<\/p>\n<p>A FIP macsk\u00e1k GC376-tal t\u00f6rt\u00e9n\u0151 kezel\u00e9se olyan mell\u00e9khat\u00e1sokkal j\u00e1rt, mint \u00e1tmeneti sz\u00far\u00e1s az injekci\u00f3 bead\u00e1s\u00e1nak hely\u00e9n, b\u0151r alatti fibr\u00f3zis, sz\u0151rhull\u00e1s \u00e9s az \u00e1lland\u00f3 fogak rendellenes kit\u00f6r\u00e9se fiatal macsk\u00e1kn\u00e1l<span class=\"anchor-text\">[4<\/span>]. Ez\u00e9rt tov\u00e1bbi vizsg\u00e1latokra van sz\u00fcks\u00e9g a GC376 \u00e1llatmodellekben t\u00f6rt\u00e9n\u0151 alkalmaz\u00e1s\u00e1val kapcsolatos lehets\u00e9ges mell\u00e9khat\u00e1sok \u00e9rt\u00e9kel\u00e9s\u00e9hez, miel\u0151tt klinikai vizsg\u00e1latokban alkalmazn\u00e1k.<\/p>\n<p>A GC376 m\u00e1s mechanizmussal akad\u00e1lyozza meg az FCoV v\u00edrus szaporod\u00e1s\u00e1t. A GC376-tal kezelt macsk\u00e1kn\u00e1l azonban a visszaes\u00e9si ar\u00e1ny jelent\u0151sen magasabb, mint a GS441524-n\u00e9l. A GC376 akkor t\u0171nik ki, amikor a macsk\u00e1k rezisztenci\u00e1t alak\u00edtottak ki a GS441524-gyel szemben, k\u00fcl\u00f6n\u00f6sen a relapszusos esetekben. Ekkor aj\u00e1nlatos helyette a GC376-ot haszn\u00e1lni.<\/p>\n<p>Vannak olyan kutat\u00e1sok is, amelyek azt mutatj\u00e1k, hogy a GS441524 \u00e9s a GC376 kombin\u00e1ci\u00f3ja jobb eredm\u00e9nyeket hoz, \u00e9s a szok\u00e1sos 12 h\u00e9t helyett r\u00f6videbb, 6 hetes kezel\u00e9st tesz lehet\u0151v\u00e9.<\/p>\n<p>&nbsp;<\/p>\n<p class=\"p1\"><b>Feline Interferon<\/b><\/p>\n<p>Az interferont a szervezet a v\u00edrusfert\u0151z\u00e9sre adott term\u00e9szetes v\u00e1laszk\u00e9nt termeli. Az \u00e1llatorvosok sz\u00e1m\u00e1ra k\u00e9tf\u00e9le interferon \u00e1ll rendelkez\u00e9sre: a macska interferon omega (Virbagen Omega,\u00ae a francia Virbac \u00e1ltal gy\u00e1rtott Virbagen Omega) \u00e9s a hum\u00e1n interferon alfa, amely t\u00f6bb m\u00e1rkan\u00e9v alatt is kaphat\u00f3. El\u0151ny\u00f6sebb macskainterferont haszn\u00e1lni, mivel az interferonok fajspecifikusak: a sz\u00e1rmaz\u00e1si fajban m\u0171k\u00f6dnek a legjobban.<\/p>\n<p>Az Interferon-omega egy FIP-ben szenved\u0151 macsk\u00e1k sz\u00e1m\u00e1ra forgalmazott injekci\u00f3. Egy kis korai tanulm\u00e1ny \u00edg\u00e9retes eredm\u00e9nyeket mutatott, ez\u00e9rt r\u00f6vid id\u0151re a standard kezel\u00e9s r\u00e9sz\u00e9v\u00e9 v\u00e1lt. Ez volt az egyik legkor\u00e1bbi <a href=\"\/?page_id=887\" target=\"_blank\" rel=\"noopener\">kezel\u00e9s a FIP kezel\u00e9s\u00e9re<\/a>, azonban a sikeress\u00e9gi ar\u00e1ny alacsony volt.<\/p>\n<p>Egy nagyobb, kett\u0151s vak, placebo-kontroll\u00e1lt vizsg\u00e1lat nem tal\u00e1lt az interferon el\u0151ny\u00e9re. Ezzel az \u00fcgynek v\u00e9get kellett volna \u00e9rnie, de a gy\u00f3gyszer m\u00e9g mindig kaphat\u00f3, \u00e9s az emberek m\u00e9g mindig a kor\u00e1bbi dokumentumot er\u0151ltetik, an\u00e9lk\u00fcl, hogy hivatkozn\u00e1nak a k\u00e9s\u0151bbiekre.<\/p>\n<p>&nbsp;<\/p>\n<p><strong>KORTIKOSZTEROIDOK (CSAK PALLIALITIVE ESET\u00c9N)<\/strong><\/p>\n<p class=\"p1\"><span class=\"s1\">A betegs\u00e9g korai szakasz\u00e1ban szupport\u00edv (t\u00fcneti) gy\u00f3gyszeres kezel\u00e9sre lehet sz\u00fcks\u00e9g, hogy a macsk\u00e1k \u00e9letben maradjanak, am\u00edg a v\u00edrusellenes szerek hatni tudnak. A gy\u00f3gyszerek k\u00f6z\u00f6tt gyakran szerepelnek gyullad\u00e1scs\u00f6kkent\u0151k (kortikoszteroidok, NSAID-ok). Lehet\u0151leg ker\u00fclni kell e gy\u00f3gyszerek t\u00falzott m\u00e9rt\u00e9k\u0171 alkalmaz\u00e1s\u00e1t, kiv\u00e9ve, ha r\u00f6vid id\u0151n bel\u00fcl \u00e9s csak akkor, ha erre k\u00e9nyszer\u00edt\u0151 indok van, k\u00fcl\u00f6n\u00f6sen a rendk\u00edv\u00fcl rosszul l\u00e9v\u0151 macsk\u00e1k eset\u00e9ben az els\u0151 n\u00e9h\u00e1ny napban.<\/span><\/p>\n<p class=\"p1\"><span class=\"s1\">A FIP kezel\u00e9s\u00e9nek els\u0151dleges c\u00e9lja a v\u00edrus szaporod\u00e1s\u00e1nak megakad\u00e1lyoz\u00e1sa a makrof\u00e1gokban, ami azonnal le\u00e1ll\u00edtja a k\u00fcl\u00f6nb\u00f6z\u0151 gyullad\u00e1sos \u00e9s immunszuppressz\u00edv citokinek termel\u0151d\u00e9s\u00e9t, amelyek a FIP t\u00fcneteit okozz\u00e1k. M\u00edg bizonyos gy\u00f3gyszerek, p\u00e9ld\u00e1ul a kortikoszteroidok (prednizolon) \u00e9s a NSAID-ok (meloxik\u00e1m) cs\u00f6kkenthetik a gyullad\u00e1sos citokinek mennyis\u00e9g\u00e9t, a GS-441524 teljesen blokkolja ezeket a k\u00e1ros\u00edt\u00f3 citokineket. A FipMed 24-48 \u00f3r\u00e1n bel\u00fcl jelent\u0151s javul\u00e1st id\u00e9z el\u0151 a h\u0151m\u00e9rs\u00e9klet, az aktivit\u00e1s, az \u00e9hs\u00e9g\u00e9rzet \u00e9s m\u00e1s t\u00fcnetek tekintet\u00e9ben. Ez a javul\u00e1s l\u00e9nyegesen nagyobb lesz, mint amit b\u00e1rmely m\u00e1s gy\u00f3gyszer biztos\u00edthat. Ennek eredm\u00e9nyek\u00e9ppen, hacsak nincs nyom\u00f3s ok m\u00e1s gy\u00f3gyszerek tov\u00e1bbi alkalmaz\u00e1s\u00e1ra, azokat abba kell hagyni, amint a FIP t\u00fcneteiben \u00e9szrevehet\u0151 \u00e9s k\u00f6vetkezetes javul\u00e1s k\u00f6vetkezik be.<\/span><\/p>\n<p class=\"p1\"><span class=\"s1\">A szteroidok a FIP-hez kapcsol\u00f3d\u00f3 t\u00fcnetek elfed\u00e9se mellett a GS-441524 v\u00e9r-agy g\u00e1ton kereszt\u00fcli eloszl\u00e1s\u00e1t is befoly\u00e1solhatj\u00e1k. Sz\u00e1mos vizsg\u00e1lat kimutatta, hogy a szteroidok cs\u00f6kkenthetik a v\u00e9r-agy g\u00e1ton kereszt\u00fcli \u00e1tereszt\u0151k\u00e9pess\u00e9get. Macsk\u00e1k eset\u00e9ben a cs\u00f6kkent permeabilit\u00e1s cs\u00f6kkentheti a GS-441524 hat\u00e9konys\u00e1g\u00e1t \u00e9s n\u00f6velheti a visszaes\u00e9s val\u00f3sz\u00edn\u0171s\u00e9g\u00e9t.<\/span><\/p>\n<p>&nbsp;<\/p>\n<p class=\"p1\"><span class=\"s1\"><b>GS 441524 Biztons\u00e1g mint FIP kezel\u00e9s<\/b><\/span><\/p>\n<p class=\"p1\"><span class=\"s1\">A GS-441524 biztons\u00e1gos \u00e9s hat\u00e9kony kezel\u00e9si lehet\u0151s\u00e9gnek bizonyult. A gy\u00f3gyszert eredetileg v\u00edrusellenes kezel\u00e9sk\u00e9nt fejlesztett\u00e9k ki emberek sz\u00e1m\u00e1ra, de az\u00f3ta macsk\u00e1k sz\u00e1m\u00e1ra is alkalmazz\u00e1k.<span class=\"Apple-converted-space\"> <\/span><\/span><\/p>\n<p class=\"p1\"><span class=\"s1\">T\u00f6bb vizsg\u00e1lat is kimutatta, hogy a gy\u00f3gyszer nem okoz jelent\u0151s mell\u00e9khat\u00e1sokat vagy toxicit\u00e1st, ha rendeltet\u00e9sszer\u0171en alkalmazz\u00e1k.<\/span><\/p>\n<p class=\"p1\"><span class=\"s1\">Egyes macsk\u00e1kn\u00e1l a kezel\u00e9s sor\u00e1n enyhe mell\u00e9khat\u00e1sok, p\u00e9ld\u00e1ul h\u00e1nyinger vagy letargia jelentkezhet. Ezek a t\u00fcnetek \u00e1ltal\u00e1ban gyorsan megsz\u0171nnek, \u00e9s nem ig\u00e9nyelnek \u00e1llatorvosi beavatkoz\u00e1st.<span class=\"Apple-converted-space\"> <\/span><\/span><\/p>\n<p>&nbsp;<\/p>\n","protected":false},"excerpt":{"rendered":"<p>A macsk\u00e1k sz\u00e1m\u00e1ra m\u00e1r el\u00e9rhet\u0151 egy bev\u00e1lt FIP-kezel\u00e9s. A p\u00e9nz\u00fcgyi motiv\u00e1ci\u00f3 hi\u00e1nya miatt azonban jelenleg nincs hivatalosan j\u00f3v\u00e1hagyott, a macsk\u00e1k FIP-je ellen enged\u00e9lyezett gy\u00f3gyszeres kezel\u00e9s. A t\u00e1mogat\u00f3 ter\u00e1pia enyh\u00edtheti a kellemetlens\u00e9geket, de nem n\u00f6veli a t\u00fal\u00e9l\u00e9si es\u00e9lyeket, p\u00e9ld\u00e1ul a gyullad\u00e1scs\u00f6kkent\u0151 gy\u00f3gyszerek \u00e9s a folyad\u00e9k elvezet\u00e9se a mellkasb\u00f3l \u00e9s a hasb\u00f3l. A betegs\u00e9g gyors \u00e9s magas [&hellip;]<\/p>\n","protected":false},"author":11,"featured_media":21939,"parent":0,"menu_order":0,"comment_status":"closed","ping_status":"closed","template":"","meta":{"_glsr_average":0,"_glsr_ranking":0,"_glsr_reviews":0,"footnotes":""},"categories":[724],"tags":[726,727],"_links":{"self":[{"href":"https:\/\/fipmed.co\/hu\/wp-json\/wp\/v2\/pages\/21935"}],"collection":[{"href":"https:\/\/fipmed.co\/hu\/wp-json\/wp\/v2\/pages"}],"about":[{"href":"https:\/\/fipmed.co\/hu\/wp-json\/wp\/v2\/types\/page"}],"author":[{"embeddable":true,"href":"https:\/\/fipmed.co\/hu\/wp-json\/wp\/v2\/users\/11"}],"replies":[{"embeddable":true,"href":"https:\/\/fipmed.co\/hu\/wp-json\/wp\/v2\/comments?post=21935"}],"version-history":[{"count":0,"href":"https:\/\/fipmed.co\/hu\/wp-json\/wp\/v2\/pages\/21935\/revisions"}],"wp:featuredmedia":[{"embeddable":true,"href":"https:\/\/fipmed.co\/hu\/wp-json\/wp\/v2\/media\/21939"}],"wp:attachment":[{"href":"https:\/\/fipmed.co\/hu\/wp-json\/wp\/v2\/media?parent=21935"}],"wp:term":[{"taxonomy":"category","embeddable":true,"href":"https:\/\/fipmed.co\/hu\/wp-json\/wp\/v2\/categories?post=21935"},{"taxonomy":"post_tag","embeddable":true,"href":"https:\/\/fipmed.co\/hu\/wp-json\/wp\/v2\/tags?post=21935"}],"curies":[{"name":"wp","href":"https:\/\/api.w.org\/{rel}","templated":true}]}}