{"id":21959,"date":"2024-03-25T07:19:57","date_gmt":"2024-03-25T07:19:57","guid":{"rendered":"https:\/\/fipmed.co\/fip-a-macskaknal-tunetek-a-fip-tipusai-alapjan\/"},"modified":"2024-03-25T07:19:57","modified_gmt":"2024-03-25T07:19:57","slug":"fip-a-macskaknal-tunetek-a-fip-tipusai-alapjan","status":"publish","type":"page","link":"https:\/\/fipmed.co\/hu\/fip-a-macskaknal-tunetek-a-fip-tipusai-alapjan\/","title":{"rendered":"FIP a macsk\u00e1kn\u00e1l T\u00fcnetek a FIP t\u00edpusai alapj\u00e1n"},"content":{"rendered":"<p>B\u00f6lcs dolog, ha a FIP macsk\u00e1kn\u00e1l a FIP t\u00fcneteit a FIP t\u00edpusai alapj\u00e1n vizsg\u00e1ljuk.<br \/>\nEzek a pontosabb diagn\u00f3zis \u00e9rdek\u00e9ben szerepelnek.<br \/>\nA FIP t\u00edpus\u00e1nak ismerete seg\u00edthet megj\u00f3solni a s\u00falyoss\u00e1got, valamint a FIP \u00f6sszes lehets\u00e9ges form\u00e1j\u00e1t, hogy egy\u00e1ltal\u00e1n ne hagyjon ki semmilyen t\u00fcnetet.    &nbsp;<\/p>\n<h1><strong>A nem t\u00fcneti sz\u00e1raz FIP klinikai jelei<\/strong><\/h1>\n<p>  A FIP ezen form\u00e1j\u00e1nak tipikus t\u00fcnetei a letargia, l\u00e1z, \u00e9tv\u00e1gytalans\u00e1g, fogy\u00e1s \u00e9s s\u00e1rgas\u00e1g.  &nbsp;<\/p>\n<h2><strong>Letargia<\/strong><strong> <\/strong><\/h2>\n<p>  A letargi\u00e1t gyakran jelentik a macsk\u00e1k fert\u0151z\u0151 hash\u00e1rtyagyullad\u00e1s\u00e1val kapcsolatos klinikai t\u00fcnetek egyikek\u00e9nt.<br \/>\nEz a macsk\u00e1kn\u00e1l megjelenhet nem-elf\u00fazi\u00f3s, elf\u00fazi\u00f3s vagy szemmel l\u00e1that\u00f3 m\u00f3don, \u00e9s lehet annak a jele, hogy valami komolyabb dolog t\u00f6rt\u00e9nik.<br \/>\nSok macsk\u00e1n\u00e1l az ap\u00e1tia e t\u00fcnete m\u00e9g azel\u0151tt jelentkezik, hogy m\u00e1s t\u00fcnetek jelentkezn\u00e9nek, ami jelzi, mi\u00e9rt fontos a letargia miel\u0151bbi megfigyel\u00e9se, miel\u0151tt m\u00e1s el\u0151rehaladott st\u00e1diumok kialakuln\u00e1nak.<br \/>\nAz egyik t\u00fcnet, amely a legt\u00f6bb esetben jelentkezik, a t\u00falzott f\u00e1radts\u00e1g vagy kedvetlens\u00e9g lenne, amely mag\u00e1ban foglalhatja a hossz\u00fa ideig tart\u00f3 mozdulatlans\u00e1got vagy a szok\u00e1sos szok\u00e1sokon k\u00edv\u00fcli, hosszan tart\u00f3 alv\u00e1si viselked\u00e9st.<br \/>\nEz az energiahi\u00e1ny a macska tev\u00e9kenys\u00e9geiben v\u00e9g\u00fcl s\u00falycs\u00f6kken\u00e9shez vezethet annak ellen\u00e9re, hogy a macska legyeng\u00fclt \u00e1llapota miatt fokozott \u00e9tv\u00e1gya van &#8211; ez tov\u00e1bb korl\u00e1tozza aktivit\u00e1si szintj\u00e9t, ami id\u0151vel nagyobb f\u00e1radts\u00e1ghoz vezet.<br \/>\nA FIP m\u00e1sik gyakori jelz\u0151je a viselked\u00e9sbeli v\u00e1ltoz\u00e1sok, mint p\u00e9ld\u00e1ul az antiszocializ\u00e1l\u00f3d\u00e1s, az emberek teljes ker\u00fcl\u00e9se (m\u00e9g akkor is, ha kor\u00e1bban bar\u00e1ts\u00e1gosak voltak).       &nbsp;<\/p>\n<h2><strong>L\u00e1z<\/strong><\/h2>\n<p>  A l\u00e1z a FIP-hez t\u00e1rsul\u00f3 gyakori klinikai t\u00fcnet, azonban nem specifikus, \u00e9s k\u00fcl\u00f6nb\u00f6z\u0151 betegs\u00e9gekben szenved\u0151 macsk\u00e1kn\u00e1l is el\u0151fordulhat.<br \/>\nFontos megjegyezni, hogy a l\u00e1z lehet az egyetlen klinikai t\u00fcnet, amelyet a nem sz\u00e9ls\u0151s\u00e9gesen sz\u00e1raz FIP-ben szenved\u0151 macsk\u00e1k mutatnak, ez\u00e9rt az \u00e1llatorvosok sz\u00e1m\u00e1ra fontos t\u00fcnet, amelyet figyelembe kell venni\u00fck, amikor a macsk\u00e1kat e betegs\u00e9g szempontj\u00e1b\u00f3l vizsg\u00e1lj\u00e1k.<br \/>\nHa egy macsk\u00e1ban egyszer a FIP \u00e1ltal okozott l\u00e1z jelentkezik, a betegs\u00e9g gyorsan el\u0151rehalad, \u00e9s szinte mindig hal\u00e1los kimenetel\u0171.<br \/>\nA FIP diagnosztiz\u00e1l\u00e1sa a hom\u00e1lyos t\u00fcnetek miatt is kih\u00edv\u00e1st jelenthet, mivel sok m\u00e1s betegs\u00e9gnek is hasonl\u00f3 a megnyilv\u00e1nul\u00e1sa, bele\u00e9rtve a l\u00e9g\u00fati fert\u0151z\u00e9seket \u00e9s a gyullad\u00e1sos rendelleness\u00e9geket.     &nbsp;<\/p>\n<h2><strong>Anorexia<\/strong><\/h2>\n<p>  Az \u00e9tv\u00e1gytalans\u00e1got \u00e1ltal\u00e1ban a FIP egyik nem specifikus \u00e9s nem lokaliz\u00e1l\u00f3 jelek\u00e9nt ismerik el a macsk\u00e1kn\u00e1l.<br \/>\nAz anorexia az \u00e9tv\u00e1gytalans\u00e1got vagy \u00e9tv\u00e1gytalans\u00e1got jelenti, amely a f\u00e1jdalom, betegs\u00e9g vagy s\u00e9r\u00fcl\u00e9s miatt cs\u00f6kkent \u00e9tv\u00e1gyb\u00f3l eredhet.<br \/>\nA FIP-ben szenved\u0151 macsk\u00e1k rossz \u00e9tv\u00e1gyt\u00f3l szenvednek, \u00e9s az ebb\u0151l ered\u0151 t\u00e1panyaghi\u00e1ny miatt v\u00e9rszeg\u00e9nys\u00e9g alakul ki, ami kihat az \u00e1ltal\u00e1nos eg\u00e9szs\u00e9gi \u00e1llapotukra \u00e9s akad\u00e1lyozza a norm\u00e1lis m\u0171k\u00f6d\u00e9st.<br \/>\nAz olyan t\u00fcnetek, mint a kedvetlens\u00e9g, letargia, s\u00falyveszt\u00e9s \u00e9s l\u00e1z gyakran j\u00e1rnak anorexi\u00e1val az olyan \u00e9letvesz\u00e9lyes v\u00edrussal k\u00fczd\u0151 macsk\u00e1kn\u00e1l, mint a FIP.     &nbsp;<\/p>\n<h2><strong>Fogy\u00e1s<\/strong><\/h2>\n<p>  A fogy\u00e1s a FIP gyakori klinikai t\u00fcnete, k\u00fcl\u00f6n\u00f6sen a sz\u00e1raz FIP eset\u00e9ben.<br \/>\nA fogy\u00e1ssal j\u00e1r\u00f3 t\u00fcnetek a betegs\u00e9g s\u00falyoss\u00e1g\u00e1t\u00f3l f\u00fcgg\u0151en v\u00e1ltozhatnak.<br \/>\nA korai t\u00fcnetek k\u00f6z\u00e9 tartozhat a cs\u00f6kkent t\u00e1pl\u00e1l\u00e9kfelv\u00e9tel \u00e9s a norm\u00e1lisn\u00e1l lassabb n\u00f6veked\u00e9si \u00fctem, m\u00edg az el\u0151rehaladottabb st\u00e1diumokban a testt\u00f6meg r\u00f6vid id\u0151 alatt bek\u00f6vetkez\u0151 jelent\u0151s cs\u00f6kken\u00e9se, valamint az energiaszint cs\u00f6kken\u00e9se \u00e9s az izomsorvad\u00e1s.<br \/>\nA megmagyar\u00e1zhatatlan vagy gyors s\u00falycs\u00f6kken\u00e9s jelenl\u00e9t\u00e9t nem szabad figyelmen k\u00edv\u00fcl hagyni, ha a macsk\u00e1k FIP-re utal\u00f3 jeleket mutatnak.<br \/>\nHa macsk\u00e1ja magyar\u00e1zat n\u00e9lk\u00fcl a szok\u00e1sosn\u00e1l sov\u00e1nyabbnak t\u0171nik, vagy \u00fagy t\u0171nik, hogy \u00e9szlelhet\u0151 ok n\u00e9lk\u00fcl t\u00falzott mennyis\u00e9g\u0171 sz\u0151rzetet vesz\u00edt, akkor fontos, hogy azonnal forduljon szakszer\u0171 \u00e1llatorvosi seg\u00edts\u00e9g\u00e9rt.      &nbsp;<\/p>\n<h2><strong>S\u00e1rgas\u00e1g<\/strong><\/h2>\n<p>  A s\u00e1rgas\u00e1g a FIP-ben szenved\u0151 macsk\u00e1kn\u00e1l megfigyelhet\u0151 jel, jellemz\u0151en a m\u00e1jel\u00e9gtelens\u00e9g vagy hepatomeg\u00e1lia (megnagyobbodott m\u00e1j) egy\u00e9b jeleivel, p\u00e9ld\u00e1ul letargi\u00e1val \u00e9s s\u00falyveszt\u00e9ssel egy\u00fctt.<br \/>\nA fizik\u00e1lis vizsg\u00e1lat sor\u00e1n a macska b\u0151re s\u00e1rg\u00e1s sz\u00edn\u0171 lehet, ami k\u00fcl\u00f6n\u00f6sen a has\u00e1n \u00e9s a szem\u00e9n l\u00e1that\u00f3.<br \/>\nEgyes esetekben a s\u00e1rgas\u00e1g a macska eg\u00e9sz test\u00e9t bebor\u00edthatja.<br \/>\nA s\u00e1rgas\u00e1g a bilirubinszint (a lebomlott v\u00f6r\u00f6sv\u00e9rtestek \u00e1ltal a v\u00e9rkering\u00e9sbe kibocs\u00e1tott fest\u00e9kanyag-molekul\u00e1k) emelked\u00e9s\u00e9b\u0151l, majd felhalmoz\u00f3d\u00e1s\u00e1b\u00f3l ered.<br \/>\nValahol az epeutakban bek\u00f6vetkezett zavarra utal, amely mag\u00e1ban foglalja az epeh\u00f3lyagot \u00e9s a m\u00e1j \u00e9s a v\u00e9konyb\u00e9l k\u00f6z\u00f6tti, az em\u00e9szt\u00e9shez sz\u00fcks\u00e9ges, kapcsol\u00f3d\u00f3 strukt\u00far\u00e1kat.      &nbsp;<\/p>\n<h1><strong>A nedves FIP klinikai t\u00fcnetei<\/strong><\/h1>\n<p>  A mellkas, a has \u00e9s a herezacsk\u00f3 duzzanata a nedves FIP-hez t\u00e1rsul\u00f3 t\u00fcnetek k\u00f6z\u00e9 tartozik.  &nbsp;<\/p>\n<h2><strong>Mellkasi duzzanat<\/strong><\/h2>\n<p>  A mellkasi duzzanat a nedves FIP-hez t\u00e1rsul\u00f3 klinikai t\u00fcnet, amikor a folyad\u00e9k felhalmoz\u00f3dik a mellkasban.<br \/>\nEz l\u00e9gz\u00e9si neh\u00e9zs\u00e9gekhez vezethet, \u00e9s befoly\u00e1solhatja a szervek norm\u00e1lis m\u0171k\u00f6d\u00e9s\u00e9t, p\u00e9ld\u00e1ul a sz\u00edvfrekvenci\u00e1t, a h\u0151m\u00e9rs\u00e9kletszab\u00e1lyoz\u00e1st \u00e9s a g\u00e1zcser\u00e9t.<br \/>\nEz\u00e9rt ez az egyik olyan folyad\u00e9kgy\u00fclem, amelyet lehet\u0151s\u00e9g szerint javasolt lecsapolni.<br \/>\nA mellkasi duzzanat a FIP el\u0151rehaladott st\u00e1dium\u00e1t jelzi, \u00e9s \u00e1ltal\u00e1ban a l\u00e9gz\u00e9ssz\u00e1m n\u00f6veked\u00e9s\u00e9vel vagy a macska l\u00e9gz\u00e9s k\u00f6zbeni gurgul\u00e1z\u00f3 hangokkal jelentkezik.<br \/>\nHa a mellkasi duzzanat hossz\u00fa ideig fenn\u00e1ll, az a bels\u0151 szervekre nehezed\u0151 fokozott nyom\u00e1st eredm\u00e9nyezhet, ami a cs\u00f6kkent v\u00e9r\u00e1raml\u00e1s \u00e9s oxig\u00e9nell\u00e1t\u00e1s miatt alult\u00e1pl\u00e1lts\u00e1got okozhat.<br \/>\nEzenk\u00edv\u00fcl, ha nem kezelik a tart\u00f3s mellkasi duzzanatot, az \u00e9letfontoss\u00e1g\u00fa szervek maradand\u00f3 k\u00e1rosod\u00e1s\u00e1t okozhatja, ami v\u00e9g\u00fcl hal\u00e1lhoz vezethet, ha hosszabb ideig nem kezelik.       &nbsp;<\/p>\n<h2><strong>Hasi duzzanat<\/strong><\/h2>\n<p>  A hasi duzzanat szint\u00e9n az Effusive FIP egyik klinikai t\u00fcnete.<br \/>\nA FIP ezen form\u00e1j\u00e1ra jellemz\u0151 a has\u00fcregben kialakul\u00f3 folyad\u00e9k, m\u00e1s n\u00e9ven hasi folyad\u00e9kgy\u00fclem.<br \/>\nA gyomor-b\u00e9lrendszert \u00e9s annak szerveit k\u00f6r\u00fclveszi ez az extra, k\u00f3ros folyad\u00e9k.<br \/>\nA r\u00f6ntgenvizsg\u00e1lat, az ultrahangvizsg\u00e1lat \u00e9s a hasi cent\u00e9zis olyan diagnosztikai elj\u00e1r\u00e1sok, amelyekkel meg\u00e1llap\u00edthat\u00f3, hogy a FIP gyan\u00faja miatt hasi folyad\u00e9kgy\u00fclem keletkezett-e a macsk\u00e1kn\u00e1l.<br \/>\nEzenk\u00edv\u00fcl a folyad\u00e9kvizsg\u00e1lat is igen indikat\u00edv eredm\u00e9nyeket adhat a FIP okozta hasi folyad\u00e9kgy\u00fclem pontos diagnosztiz\u00e1l\u00e1s\u00e1hoz.<br \/>\nA hasi duzzanat kev\u00e9sb\u00e9 fenyeget\u0151 a macsk\u00e1ra n\u00e9zve, b\u00e1r k\u00e9nyelmetlen\u00fcl \u00e9rezheti mag\u00e1t.<br \/>\nHa \u00fagy d\u00f6nt, hogy lecsapolja ezt a folyad\u00e9kgy\u00fclemet, akkor a folyad\u00e9k legfeljebb 30%-\u00e1nak lecsapol\u00e1sa mellett d\u00f6nts\u00f6n.        &nbsp;<\/p>\n<h2><strong>Herezacsk\u00f3 duzzanat<\/strong><\/h2>\n<p>  A h\u00edm macsk\u00e1k herezacsk\u00f3j\u00e1nak duzzanat\u00e1t a gazdik akkor ismerhetik fel, ha a herezacsk\u00f3 m\u00e9rete megmagyar\u00e1zhatatlanul megv\u00e1ltozik, k\u00fcl\u00f6n\u00f6sen, ha az gyorsan jelentkezik, vagy m\u00e1s t\u00fcnetekkel, p\u00e9ld\u00e1ul letargi\u00e1val \u00e9s l\u00e1zzal j\u00e1r egy\u00fctt.<br \/>\nA FIP ezen form\u00e1ja leggyakrabban fiatal macsk\u00e1kat \u00e9rint, \u00e9s gyorsan kezd\u0151dik, olyan t\u00fcnetekkel, mint a hasi folyad\u00e9k felhalmoz\u00f3d\u00e1sa, a mellkas megnagyobbod\u00e1sa, s\u00falyveszt\u00e9s, s\u00e1rgas\u00e1g \u00e9s tart\u00f3san magas l\u00e1z.<br \/>\nA herezacsk\u00f3 duzzanata a f\u0151 klinikai t\u00fcnetek k\u00f6z\u00e9 tartozik, amelyeket az \u00e1llatorvosok arra haszn\u00e1lnak, hogy ezt az \u00e1llapotot kor\u00e1n, \u00e1ltal\u00e1ban m\u00e9g a t\u00f6bbi t\u00fcnet megjelen\u00e9se el\u0151tt felismerj\u00e9k.    &nbsp;<\/p>\n<h1><strong>Az Ocular FIP klinikai t\u00fcnetei<\/strong><\/h1>\n<p>  Tartsa nyitva a szem\u00e9t a FIP olyan jeleire, mint a sziv\u00e1rv\u00e1nyh\u00e1rtya elsz\u00ednez\u0151d\u00e9se, l\u00e1t\u00e1sveszt\u00e9s, szaruh\u00e1rtya megvastagod\u00e1s \u00e9s hipopion.  &nbsp;<\/p>\n<h2><strong>\u00cdrisz elsz\u00ednez\u0151d\u00e9se<\/strong><\/h2>\n<p>  A sziv\u00e1rv\u00e1nyh\u00e1rtya elsz\u00ednez\u0151d\u00e9se olyan klinikai t\u00fcnet, amely a FIP szem\u00e9szeti form\u00e1j\u00e1ra utalhat.<br \/>\nJellemz\u0151en az \u00edrisz sz\u00edn\u00e9nek megv\u00e1ltoz\u00e1sak\u00e9nt, a szem rendellenes elhom\u00e1lyosod\u00e1sak\u00e9nt vagy a pupilla ter\u00fclet\u00e9n bel\u00fcl a FIP-v\u00edrus \u00e1ltal okozott fert\u0151z\u00e9sb\u0151l ered\u0151 gyullad\u00e1s miatt kialakul\u00f3, fodros megjelen\u00e9s\u0171 (feh\u00e9r foltok) form\u00e1j\u00e1ban jelentkezik.<br \/>\nA szaruh\u00e1rtya megvastagod\u00e1sa \u00e9s hipopion is k\u00eds\u00e9rheti ezt a jelet, amely \u00e1ltal\u00e1ban, ha nem kezelik, v\u00e9g\u00fcl v\u00e9gleges l\u00e1t\u00e1sveszt\u00e9shez vezethet.<br \/>\nEnnek az \u00e1llapotnak a korai felismer\u00e9se \u00e9s diagnosztiz\u00e1l\u00e1sa fontos ahhoz, hogy a vele j\u00e1r\u00f3 tov\u00e1bbi kock\u00e1zatok cs\u00f6kkent\u00e9se \u00e9rdek\u00e9ben azonnal megkezd\u0151dhessen a kezel\u00e9s olyan antiprotozo\u00e1s szerekkel, mint a kl\u00f3ramfenikol \u00e9s a tiamfenikol.     &nbsp;<\/p>\n<h2><strong>L\u00e1t\u00e1sveszt\u00e9s<\/strong><\/h2>\n<p>  A l\u00e1t\u00e1s elveszt\u00e9se az egyik legszembet\u0171n\u0151bb jele annak, hogy macsk\u00e1ja szem\u00e9szeti FIP-ben szenvedhet.<br \/>\nEz egy el\u0151rehaladott t\u00fcnet, \u00e9s azt jelezheti, hogy a v\u00edrus egy s\u00falyosabb form\u00e1ja m\u00e1r akt\u00edv a h\u00e1zi\u00e1llat\u00e1ban.<br \/>\nA pyogranulomatosus anterior uveitis (gyullad\u00e1s) az egyik ilyen megnyilv\u00e1nul\u00e1s, amely olyan jeleket fektet le, mint a Handlight Sign (s\u00e1rg\u00e1s sz\u00f3r\u00f3d\u00e1s, amikor a szemet f\u00f3kusz\u00e1lt f\u00e9nysug\u00e1rnak, p\u00e9ld\u00e1ul zsebl\u00e1mp\u00e1nak teszik ki).<br \/>\nEz a szindr\u00f3ma a l\u00e1t\u00e1s jelent\u0151s cs\u00f6kken\u00e9s\u00e9vel, valamint az el\u00e9gtelen be\u00e1raml\u00e1ssal\/ki\u00e1raml\u00e1ssal j\u00e1r\u00f3 ciszt\u00e1s strukt\u00far\u00e1kkal \u00e9s az \u00edriszben l\u00e9v\u0151 elv\u00e1ltoz\u00e1sokkal j\u00e1r, amelyek a szem\u00fcregben is pusztul\u00e1st okoznak, ha id\u0151vel kezeletlen\u00fcl maradnak.     &nbsp;<\/p>\n<h2><strong>Szaruh\u00e1rtya megvastagod\u00e1s<\/strong><\/h2>\n<p>  Ez az \u00e1llapot akkor fordul el\u0151, amikor a szem k\u00fcls\u0151 r\u00e9sze, a szaruh\u00e1rtya a gyullad\u00e1s miatt a norm\u00e1lisn\u00e1l vastagabb\u00e1 v\u00e1lik.<br \/>\nMacsk\u00e1kn\u00e1l ezt v\u00edrus vagy bakt\u00e9rium okozhatja, \u00e9s hetekig is eltarthat, am\u00edg a hat\u00e1s \u00e9szrevehet\u0151v\u00e9 v\u00e1lik.<br \/>\n\u00c1ltal\u00e1ban az teszi k\u00f6nnyebben azonos\u00edthat\u00f3v\u00e1 ezt a t\u00fcnetet, ha m\u00e1s jelek, p\u00e9ld\u00e1ul a l\u00e1t\u00e1s elhom\u00e1lyosod\u00e1sa vagy f\u00e1jdalom is jelentkezik vele egyidej\u0171leg.<br \/>\nA szaruh\u00e1rtya megvastagod\u00e1s\u00e1t tapasztal\u00f3 macska neh\u00e9zs\u00e9get mutathat a tiszta l\u00e1t\u00e1sban, \u00e9s esetleg n\u00e9mi kellemetlens\u00e9get vagy f\u00e1jdalmat \u00e9rezhet a l\u00e1t\u00e1s min\u0151s\u00e9g\u00e9nek roml\u00e1sa miatt.     &nbsp;<\/p>\n<h2><strong>Hypopyon<\/strong><\/h2>\n<p>  A hipopion orvosi kifejez\u00e9s a feh\u00e9rv\u00e9rsejtek felhalmoz\u00f3d\u00e1s\u00e1t \u00edrja le a szaruh\u00e1rtya alj\u00e1n, amely gyakran akkor jelenik meg, amikor gyullad\u00e1s vagy fert\u0151z\u00e9s \u00e9rinti a szemet.<br \/>\nLeggyakrabban uveitishez, a szem belsej\u00e9ben l\u00e9v\u0151 gyullad\u00e1shoz t\u00e1rsul, amely a macsk\u00e1kn\u00e1l a FIP k\u00f6vetkezt\u00e9ben alakul ki.<br \/>\nA hypopyont az okozza, hogy a leukocit\u00e1k (feh\u00e9rv\u00e9rsejtek) az \u00edriszen kereszt\u00fcl jutnak be, \u00e9s felhalmoz\u00f3dnak a szem bels\u0151 kamr\u00e1j\u00e1ban.<br \/>\nEz azt\u00e1n a fizikai vizsg\u00e1lat sor\u00e1n olyan k\u00f6zvetlen megfigyel\u00e9sekhez vezet, mint a szemgoly\u00f3 egy vagy t\u00f6bb r\u00e9sz\u00e9n l\u00e1that\u00f3 zavaross\u00e1g, vagy az \u00e1llatorvosok \u00e1ltal v\u00e9gzett f\u00e9nyvizsg\u00e1latok sor\u00e1n a pupilla megv\u00e1ltoz\u00e1sa.     &nbsp;<\/p>\n<h2><strong>Retina lev\u00e1l\u00e1s<\/strong><\/h2>\n<p>  Ez egy olyan \u00e1llapot, amely akkor k\u00f6vetkezik be, amikor a retina elszakad az alatta l\u00e9v\u0151 t\u00e1maszt\u00f3sz\u00f6vetekt\u0151l \u00e9s a v\u00e9rell\u00e1t\u00e1st\u00f3l.<br \/>\nEzt sz\u00e1mos betegs\u00e9g okozhatja, p\u00e9ld\u00e1ul magas v\u00e9rnyom\u00e1s, pajzsmirigy-t\u00falm\u0171k\u00f6d\u00e9s vagy vesebetegs\u00e9g.<br \/>\nA FIP-ben szenved\u0151 macsk\u00e1kn\u00e1l a retina bev\u00e9rz\u00e9se \u00e9s lev\u00e1l\u00e1sa mellett granulomat\u00f3zus elv\u00e1ltoz\u00e1sok is el\u0151fordulhatnak.<br \/>\nA retinalev\u00e1l\u00e1ssal j\u00e1r\u00f3 vezet\u0151 t\u00fcnet a l\u00e1t\u00e1sveszt\u00e9s, amely a k\u00e1rosod\u00e1s m\u00e9rt\u00e9k\u00e9t\u0151l \u00e9s a fert\u0151z\u00e9s s\u00falyoss\u00e1g\u00e1t\u00f3l f\u00fcgg\u0151en hirtelen vagy fokozatosan jelentkezhet.<br \/>\nTov\u00e1bbi t\u00fcnetek k\u00f6z\u00e9 tartozik a szem f\u00e1tyolosod\u00e1sa vagy elhom\u00e1lyosod\u00e1sa, a megl\u00e9v\u0151 l\u00e1t\u00f3mez\u0151 zavarai vagy torzul\u00e1sai, valamint az er\u0151s f\u00e9nyk\u00f6rnyezethez val\u00f3 alkalmazkod\u00e1s neh\u00e9zs\u00e9ge, bele\u00e9rtve az \u00e9jszakai vaks\u00e1got is.<br \/>\nEgyes macsk\u00e1kn\u00e1l a szemszerkezet b\u00e1rmely r\u00e9sz\u00e9be sziv\u00e1rg\u00f3 \u00fcvegtesti folyad\u00e9kb\u00f3l ered\u0151 \u00fasz\u00f3k\u00e9pek is el\u0151fordulhatnak, amelyek a norm\u00e1l l\u00e1t\u00f3vonal teljes\u00edtm\u00e9ny\u00e9nek zavar\u00e1sa miatt torz k\u00e9peket okoznak.       &nbsp;<\/p>\n<h1><strong>A neurol\u00f3giai FIP klinikai t\u00fcnetei<\/strong><\/h1>\n<p>  Figyeljen az olyan jelekre, mint az egyens\u00falyzavar, fejbillen\u00e9s, rohamok \u00e9s viselked\u00e9sv\u00e1ltoz\u00e1s.  &nbsp;<\/p>\n<h2><strong>Egyens\u00falyhi\u00e1ny<\/strong><\/h2>\n<p>  Az egyens\u00falyhi\u00e1ny a FIP gyakori t\u00fcnete, \u00e9s gyakran az els\u0151 jele annak, hogy valami nincs rendben.<br \/>\nA FIP-ben szenved\u0151 macsk\u00e1kn\u00e1l az egyens\u00falyzavar a j\u00e1r\u00e1si neh\u00e9zs\u00e9gekben vagy a koordin\u00e1ci\u00f3 elveszt\u00e9s\u00e9ben nyilv\u00e1nulhat meg &#8211; az \u00e1llapot s\u00falyoss\u00e1g\u00e1t\u00f3l f\u00fcgg\u0151en.<br \/>\nAmikor fekv\u0151 helyzetb\u0151l \u00e1ll\u00f3 helyzetbe v\u00e1ltanak, egyes macsk\u00e1k el\u0151re-h\u00e1tra ingadozhatnak, mivel k\u00e9ptelenek gyorsan visszanyerni egyens\u00falyukat.<br \/>\nEnnek a t\u00fcnetnek az oka att\u00f3l f\u00fcgg\u0151en v\u00e1ltozhat, hogy az \u00d6n macsk\u00e1j\u00e1n\u00e1l milyen t\u00edpus\u00fa FIP alakult ki.<br \/>\nEnnek oka lehet neurol\u00f3giai k\u00e1rosod\u00e1s vagy folyad\u00e9kgy\u00fclem a has- vagy mell\u00fcregben.<br \/>\nA macsk\u00e1k egyens\u00falyzavar\u00e1t nem szabad f\u00e9lv\u00e1llr\u00f3l venni, \u00e9s fel kell hozni \u00e1llatorvos\u00e1nak, mivel a korai diagn\u00f3zis jelent\u0151sen jav\u00edtja a progn\u00f3zist, amikor ennek az \u00e1llapotnak a kezel\u00e9s\u00e9r\u0151l van sz\u00f3.<br \/>\n\u00c1llatorvosa el\u0151sz\u00f6r fizikai vizsg\u00e1latokat v\u00e9gez, p\u00e9ld\u00e1ul megvizsg\u00e1lja a motoros funkci\u00f3kat \u00e9s a reflexeket, hogy felm\u00e9rje, \u00f6sszehangoltnak t\u0171nik-e a macska j\u00e1r\u00e1sa.        &nbsp;<\/p>\n<h2><strong>A fej d\u0151l\u00e9se<\/strong><\/h2>\n<p>  A fejbillen\u00e9s a neurol\u00f3giai FIP fontos klinikai t\u00fcnete, mivel gyakran vestibul\u00e1ris szindr\u00f3m\u00e1ra utal.<br \/>\nA vestibularis szindr\u00f3ma akkor jelentkezik, ha az agy egyens\u00faly\u00e9rt felel\u0151s r\u00e9sze nem m\u0171k\u00f6dik megfelel\u0151en, ami egyens\u00falyzavart \u00e9s koordin\u00e1ci\u00f3s neh\u00e9zs\u00e9geket okoz.<br \/>\nA macsk\u00e1kn\u00e1l ez a fej egyik vagy m\u00e1sik oldalra val\u00f3 kifejezett billen\u00e9s\u00e9ben nyilv\u00e1nul meg.<br \/>\nEzt olyan szemek k\u00eds\u00e9rhetik, amelyek nem mozognak egy\u00fctt norm\u00e1lisan.<br \/>\nAz egyik gyorsan ide-oda sz\u00f6kd\u00e9cselhet, m\u00edg a m\u00e1sik mozdulatlan marad, valamint a gravit\u00e1ci\u00f3 okozta g\u00f6rd\u00fcl\u0151 mozg\u00e1sok, amelyek megnehez\u00edtik a macska egyenes tart\u00e1s\u00e1t.      &nbsp;<\/p>\n<h2><strong>Rohamok<\/strong><\/h2>\n<p>  A g\u00f6rcsrohamok a FIP klinikai jelei lehetnek, ha a neurol\u00f3giai \u00e9rintetts\u00e9g jelen van.<br \/>\nN\u00e9h\u00e1ny \u00e1rulkod\u00f3 jel arra, hogy a macsk\u00e1ja FIP miatt rohamot kaphat, a k\u00f6vetkez\u0151k: nem megfelel\u0151 \u00fcr\u00edt\u00e9s, demenci\u00e1hoz hasonl\u00f3 viselked\u00e9s, mint p\u00e9ld\u00e1ul k\u00f6r\u00f6z\u00e9s vagy agresszivit\u00e1s, cs\u00f6kkent koordin\u00e1ci\u00f3 \u00e9s egyens\u00faly, furcsa hangok vagy eszm\u00e9letveszt\u00e9s.<br \/>\nB\u00e1rmikor, amikor macsk\u00e1ja rohamot tapasztal, azonnal vigye \u00e1llatorvoshoz tov\u00e1bbi \u00e9rt\u00e9kel\u00e9s \u00e9s diagn\u00f3zis fel\u00e1ll\u00edt\u00e1sa c\u00e9lj\u00e1b\u00f3l.    &nbsp;<\/p>\n<h2><strong>Viselked\u00e9sv\u00e1ltoz\u00e1s<\/strong><\/h2>\n<p>  A viselked\u00e9sben bek\u00f6vetkez\u0151 v\u00e1ltoz\u00e1sok a FIP korai jelz\u0151i lehetnek.<br \/>\nAz egyik gyakori t\u00fcnet, amely aggasztja a tulajdonosokat, a macsk\u00e1juk viselked\u00e9si mint\u00e1zat\u00e1nak hirtelen megv\u00e1ltoz\u00e1sa.<br \/>\nEl\u0151fordulhat, hogy a macsk\u00e1k a szok\u00e1sosn\u00e1l gyakrabban b\u00fajnak el, vagy agresszi\u00f3t mutatnak, amikor norm\u00e1lis esetben nem tenn\u00e9k.<\/p>\n","protected":false},"excerpt":{"rendered":"<p>B\u00f6lcs dolog, ha a FIP macsk\u00e1kn\u00e1l a FIP t\u00fcneteit a FIP t\u00edpusai alapj\u00e1n vizsg\u00e1ljuk. Ezek a pontosabb diagn\u00f3zis \u00e9rdek\u00e9ben szerepelnek. A FIP t\u00edpus\u00e1nak ismerete seg\u00edthet megj\u00f3solni a s\u00falyoss\u00e1got, valamint a FIP \u00f6sszes lehets\u00e9ges form\u00e1j\u00e1t, hogy egy\u00e1ltal\u00e1n ne hagyjon ki semmilyen t\u00fcnetet. &nbsp; A nem t\u00fcneti sz\u00e1raz FIP klinikai jelei A FIP ezen form\u00e1j\u00e1nak tipikus t\u00fcnetei [&hellip;]<\/p>\n","protected":false},"author":1,"featured_media":21960,"parent":0,"menu_order":0,"comment_status":"closed","ping_status":"closed","template":"","meta":{"_glsr_average":0,"_glsr_ranking":0,"_glsr_reviews":0,"footnotes":""},"categories":[748],"tags":[],"_links":{"self":[{"href":"https:\/\/fipmed.co\/hu\/wp-json\/wp\/v2\/pages\/21959"}],"collection":[{"href":"https:\/\/fipmed.co\/hu\/wp-json\/wp\/v2\/pages"}],"about":[{"href":"https:\/\/fipmed.co\/hu\/wp-json\/wp\/v2\/types\/page"}],"author":[{"embeddable":true,"href":"https:\/\/fipmed.co\/hu\/wp-json\/wp\/v2\/users\/1"}],"replies":[{"embeddable":true,"href":"https:\/\/fipmed.co\/hu\/wp-json\/wp\/v2\/comments?post=21959"}],"version-history":[{"count":0,"href":"https:\/\/fipmed.co\/hu\/wp-json\/wp\/v2\/pages\/21959\/revisions"}],"wp:featuredmedia":[{"embeddable":true,"href":"https:\/\/fipmed.co\/hu\/wp-json\/wp\/v2\/media\/21960"}],"wp:attachment":[{"href":"https:\/\/fipmed.co\/hu\/wp-json\/wp\/v2\/media?parent=21959"}],"wp:term":[{"taxonomy":"category","embeddable":true,"href":"https:\/\/fipmed.co\/hu\/wp-json\/wp\/v2\/categories?post=21959"},{"taxonomy":"post_tag","embeddable":true,"href":"https:\/\/fipmed.co\/hu\/wp-json\/wp\/v2\/tags?post=21959"}],"curies":[{"name":"wp","href":"https:\/\/api.w.org\/{rel}","templated":true}]}}