{"id":22014,"date":"2024-03-25T05:50:49","date_gmt":"2024-03-25T05:50:49","guid":{"rendered":"https:\/\/fipmed.co\/macska-fertozo-hashartyagyulladas-peritonitis-fip-kockazati-tenyezok\/"},"modified":"2024-03-25T05:50:49","modified_gmt":"2024-03-25T05:50:49","slug":"macska-fertozo-hashartyagyulladas-peritonitis-fip-kockazati-tenyezok","status":"publish","type":"page","link":"https:\/\/fipmed.co\/hu\/macska-fertozo-hashartyagyulladas-peritonitis-fip-kockazati-tenyezok\/","title":{"rendered":"Macsk\u00e1k fert\u0151z\u0151 hash\u00e1rtyagyullad\u00e1sa: FIP kock\u00e1zati t\u00e9nyez\u0151k"},"content":{"rendered":"<p><strong>Melyek a FIP kock\u00e1zati t\u00e9nyez\u0151i?<\/strong>  Egyes macsk\u00e1k hajlamosabbak a FIP-re, mint m\u00e1sok, b\u00e1r az ez\u00e9rt felel\u0151s koronav\u00edrus mindenhol megtal\u00e1lhat\u00f3.<br \/>\nAz al\u00e1bbiakban n\u00e9h\u00e1ny olyan kock\u00e1zati t\u00e9nyez\u0151t mutatunk be, amelyek n\u00f6velik a macska FIP megbeteged\u00e9s\u00e9nek kock\u00e1zat\u00e1t. &nbsp;<strong>\u00c9letkor<\/strong> A FIP-ben megbeteged\u0151 macsk\u00e1k 50%-a 2 \u00e9vesn\u00e9l fiatalabb, \u00edgy val\u00f3sz\u00edn\u0171leg cicak\u00e9nt fert\u0151z\u0151dtek meg, amikor immunrendszer\u00fck m\u00e9g t\u00fal fiatal volt ahhoz, hogy megbirk\u00f3zzon az FCoV-fert\u0151z\u00e9ssel.<br \/>\nA fiatalabb macsk\u00e1k \u00e9s az id\u0151sebb macsk\u00e1k immunrendszere gyakran \u00e9retlen vagy legyeng\u00fclt, ami nagyobb kock\u00e1zatot jelenthet sz\u00e1mukra a FIP kialakul\u00e1s\u00e1ra.<br \/>\nA fiatal cic\u00e1k szint\u00e9n ki lehetnek t\u00e9ve a v\u00edrusnak, amikor kennelben vagy menhelyen voltak. &nbsp;<strong>A fajta mint FIP kock\u00e1zati t\u00e9nyez\u0151<\/strong> Bizonyos fajt\u00e1k, p\u00e9ld\u00e1ul a fajtatiszta macsk\u00e1k vagy a kennelb\u0151l sz\u00e1rmaz\u00f3 macsk\u00e1k eset\u00e9ben nagyobb lehet a FIP kock\u00e1zata.<br \/>\nA perzsa macsk\u00e1k \u00e9s a rokon fajt\u00e1k hajlamosabbnak t\u0171nnek.<br \/>\nBizony\u00edt\u00e9kok utalnak arra, hogy a perzsa macsk\u00e1k &#8222;hajlamos\u00edt\u00f3 all\u00e9lokat&#8221; hordoznak erre a betegs\u00e9gre, ami a FIP-et okoz\u00f3 v\u00edrusnak val\u00f3 kitetts\u00e9g\u00fck eset\u00e9n sebezhet\u0151v\u00e9 teszi \u0151ket.<br \/>\nA cic\u00e1k, illetve a fajtatiszta vonalakb\u00f3l sz\u00e1rmaz\u00f3 macsk\u00e1k k\u00fcl\u00f6n\u00f6sen hajlamosak lehetnek a FIP kialakul\u00e1s\u00e1ra.<br \/>\nAz abessz\u00edniaiak, beng\u00e1lok, birm\u00e1k, himal\u00e1jaiak, ragdollok \u00e9s rexek eset\u00e9ben a betegs\u00e9g kock\u00e1zata jelent\u0151sen magasabb, mint m\u00e1s macsk\u00e1k eset\u00e9ben.<br \/>\nM\u00e1s macskafajt\u00e1k, k\u00f6zt\u00fck a burmaiak, az egzotikus r\u00f6vidsz\u0151r\u0171ek, a manxok, a perzs\u00e1k \u00e9s az orosz k\u00e9k macsk\u00e1k szint\u00e9n hajlamosabbak a FIP-re a genetika \u00e9s a teny\u00e9szt\u00e9si programokban val\u00f3 fokozott kitetts\u00e9g\u00fck miatt.<br \/>\n\u00dagy gondolj\u00e1k, hogy a perzsa macsk\u00e1k (\u00e9s a hozz\u00e1juk kapcsol\u00f3d\u00f3 fajt\u00e1k) bizonyos genetikai t\u00e9nyez\u0151i miatt a t\u00f6bbi macskafajt\u00e1hoz k\u00e9pest valamivel kev\u00e9sb\u00e9 k\u00e9pesek a FIP-et okoz\u00f3 v\u00edrus megf\u00e9kez\u00e9s\u00e9re &#8211; \u00edgy hajlamosabbak a fert\u0151z\u00e9sre, ha kapcsolatba ker\u00fclnek vele.           &nbsp;<\/p>\n<p><strong>Zs\u00fafolt \u00e9letk\u00f6r\u00fclm\u00e9nyek<\/strong><strong> <\/strong>  A zs\u00fafolt vagy stresszes k\u00f6rnyezetben, p\u00e9ld\u00e1ul t\u00f6bb macsk\u00e1val rendelkez\u0151 h\u00e1ztart\u00e1sokban vagy menhelyeken \u00e9l\u0151 macsk\u00e1kn\u00e1l nagyobb lehet a macskakoronav\u00edrusnak val\u00f3 kitetts\u00e9g kock\u00e1zata, ami n\u00f6velheti a FIP kialakul\u00e1s\u00e1nak val\u00f3sz\u00edn\u0171s\u00e9g\u00e9t.<br \/>\nA zs\u00fafolt k\u00f6r\u00fclm\u00e9nyek k\u00f6z\u00f6tt \u00e9l\u00e9ssel kapcsolatos n\u00e9h\u00e1ny FIP kock\u00e1zati t\u00e9nyez\u0151 k\u00f6z\u00e9 tartozik a t\u00f6bbi macsk\u00e1val val\u00f3 szoros k\u00f6zels\u00e9g, a k\u00f6z\u00f6s er\u0151forr\u00e1sok (p\u00e9ld\u00e1ul az eles\u00e9gt\u00e1lak, az alomt\u00e1lc\u00e1k \u00e9s az \u00e1gyak), valamint a stressz miatt legyeng\u00fclt immunrendszer.<br \/>\nA m\u00e1s macsk\u00e1kkal val\u00f3 \u00e9rintkez\u00e9s fontos t\u00e9nyez\u0151 az \u00e1tvitel szempontj\u00e1b\u00f3l, mivel a fert\u0151z\u00f6tt macsk\u00e1k ny\u00e1lukkal vagy \u00fcr\u00fcl\u00e9k\u00fckkel \u00fcr\u00edtik a v\u00edrust.<br \/>\nA macsk\u00e1k k\u00f6z\u00f6tti szoros kapcsolat lehet\u0151v\u00e9 teszi a v\u00edrus k\u00f6nnyebb terjed\u00e9s\u00e9t.<br \/>\nA t\u00f6bb macsk\u00e1val rendelkez\u0151 h\u00e1ztart\u00e1sokban \u00e9s menhelyeken fontos cs\u00f6kkenteni az \u00e1tvitel es\u00e9ly\u00e9t a helyes higi\u00e9niai gyakorlatok el\u0151mozd\u00edt\u00e1s\u00e1val, p\u00e9ld\u00e1ul a fel\u00fcletek h\u00e1ztart\u00e1si tiszt\u00edt\u00f3szerrel t\u00f6rt\u00e9n\u0151 fert\u0151tlen\u00edt\u00e9s\u00e9vel \u00e9s a k\u00fcl\u00f6nb\u00f6z\u0151 macsk\u00e1k simogat\u00e1sa k\u00f6z\u00f6tti rendszeres k\u00e9zmos\u00e1ssal.<br \/>\nAz is fontos, hogy a macsk\u00e1k eg\u00e9szs\u00e9ges viselked\u00e9s\u00e9t \u00f6szt\u00f6n\u00f6zz\u00fck, bele\u00e9rtve a macsk\u00e1nk\u00e9nt elegend\u0151 hely biztos\u00edt\u00e1s\u00e1t, hogy ne verekedjenek a ter\u00fclet\u00e9rt.<br \/>\nSz\u00fcks\u00e9g eset\u00e9n alkalmazzon k\u00e1rtev\u0151irt\u00f3 int\u00e9zked\u00e9seket, p\u00e9ld\u00e1ul bolhairt\u00f3 kezel\u00e9st, \u00e9s k\u00edn\u00e1ljon gazdag\u00edt\u00f3 tev\u00e9kenys\u00e9geket, p\u00e9ld\u00e1ul j\u00e1t\u00e9kokat\/\u00e9tkezd\u00e9ket\/m\u00e1sz\u00f3tornyokat stb.<br \/>\nGondoskodjon arr\u00f3l, hogy a macsk\u00e1k egyform\u00e1n kapjanak enni, an\u00e9lk\u00fcl, hogy &#8222;harcoln\u00e1nak&#8221; az \u00e9tel\u00e9rt, \u00e9s biztos\u00edtson k\u00e9nyelmes pihen\u0151helyeket. &nbsp;<strong>Genetika<\/strong> Egyes macsk\u00e1kn\u00e1l el\u0151fordulhat olyan genetikai hajlam, amely hajlamosabb\u00e1 teszi \u0151ket a FIP kialakul\u00e1s\u00e1ra.<br \/>\nEz \u00f6sszef\u00fcgg\u00e9sben lehet az immunrendszer\u00fckkel vagy a macskakoronav\u00edrus megf\u00e9kez\u00e9s\u00e9re val\u00f3 k\u00e9pess\u00e9g\u00fckkel.<br \/>\nA macsk\u00e1t genetikai adotts\u00e1gai sebezhet\u0151bb\u00e9 tehetik a fert\u0151z\u00e9ssel szemben, vagy az\u00e1ltal, hogy k\u00e9ptelenn\u00e9 teszi a behatol\u00f3 v\u00edrusr\u00e9szecsk\u00e9k felismer\u00e9s\u00e9re \u00e9s elh\u00e1r\u00edt\u00e1s\u00e1ra, vagy az\u00e1ltal, hogy a sejtmembr\u00e1njuk kev\u00e9sb\u00e9 ellen\u00e1ll\u00f3 a v\u00edrussal szemben.<br \/>\nEmellett a macsk\u00e1k bizonyos sejtjeit fog\u00e9konny\u00e1 tehetik az immunv\u00e1laszra, amely gyullad\u00e1st v\u00e1lt ki, ami tov\u00e1bbi sz\u00f6vetk\u00e1rosod\u00e1shoz vezet.<br \/>\nEzenk\u00edv\u00fcl egyes macsk\u00e1kn\u00e1l hi\u00e1nyozhat a FIP-hez t\u00e1rs\u00edtott vesz\u00e9lyes macskakoronav\u00edrus-t\u00f6rzs szaporod\u00e1s\u00e1nak szab\u00e1lyoz\u00e1s\u00e1ra val\u00f3 k\u00e9pess\u00e9g, \u00edgy n\u00f6velve a betegs\u00e9g kialakul\u00e1s\u00e1ra val\u00f3 fog\u00e9konys\u00e1gukat. &nbsp;<strong>Stressz<\/strong> A stressz negat\u00edvan befoly\u00e1solja a macsk\u00e1k immunrendszer\u00e9t, cs\u00f6kkentve a fert\u0151z\u00e9sek elleni v\u00e9dekez\u0151 k\u00e9pess\u00e9g\u00fcket.<br \/>\nA macsk\u00e1k stresszesek lehetnek, ha k\u00f6rnyezet\u00fckben vagy rutinjukban b\u00e1rmilyen jelent\u0151s v\u00e1ltoz\u00e1st tapasztalnak, p\u00e9ld\u00e1ul ha elk\u00f6lt\u00f6znek, vagy ha \u00faj h\u00e1zi\u00e1llattal ismerkednek meg.<br \/>\nAmikor a macska stresszhat\u00e1snak van kit\u00e9ve, a szervezete olyan hormonokat bocs\u00e1t ki, amelyek elnyomj\u00e1k bizonyos immunsejtek termel\u00e9s\u00e9t \u00e9s m\u0171k\u00f6d\u00e9s\u00e9t.<br \/>\nEz\u00e1ltal a macska \u00e1ltal\u00e1nos immunrendszer\u00e9nek teljes\u00edtm\u00e9nye cs\u00f6kken, \u00e9s \u00edgy nem csak a FIP-re, hanem m\u00e1s betegs\u00e9gekre, p\u00e9ld\u00e1ul parazit\u00e1k \u00e9s bakt\u00e9riumok \u00e1ltal okozott betegs\u00e9gekre is fog\u00e9konyabb\u00e1 v\u00e1lik.<br \/>\nA legt\u00f6bb macsk\u00e1n\u00e1l, akikn\u00e9l FIP alakul ki, a FIP kialakul\u00e1sa el\u0151tt n\u00e9h\u00e1ny h\u00e9ttel vagy h\u00f3nappal m\u00e1r el\u0151fordult stressz.<br \/>\nEz\u00e9rt a k\u00f6rnyezet gazdag\u00edt\u00e1s\u00e1val \u00e9s a lehets\u00e9ges stresszforr\u00e1sok minimaliz\u00e1l\u00e1s\u00e1val cs\u00f6kkenthet\u0151 a betegs\u00e9gre val\u00f3 hajlamuk.                  &nbsp;<\/p>\n<p><strong>Az immunrendszer \u00e1llapota<\/strong><strong> <\/strong>  A legyeng\u00fclt immunrendszer\u0171 macsk\u00e1k, p\u00e9ld\u00e1ul a Feline Leukemia Virus (FeLV) vagy a Feline Immunodeficiency Virus (FIV) v\u00edrusban szenved\u0151 macsk\u00e1k eset\u00e9ben nagyobb a FIP kialakul\u00e1s\u00e1nak kock\u00e1zata.<br \/>\nA FeLV \u00e9s a FIV a macsk\u00e1kat \u00e9rint\u0151 v\u00edrusfert\u0151z\u00e9sek, amelyek mindkett\u0151 a macska immunrendszer\u00e9t t\u00e1madja meg.<br \/>\nEnnek eredm\u00e9nyek\u00e9ppen a v\u00edrus miatt legyeng\u00fclt immunrendszerrel rendelkez\u0151 macsk\u00e1k gyakran nehezen tudnak m\u00e1s betegs\u00e9gekkel vagy betegs\u00e9gekkel, k\u00f6zt\u00fck a FIP-vel is megk\u00fczdeni.<br \/>\nAz olyan alapbetegs\u00e9gekben szenved\u0151 macsk\u00e1k, mint a FeLV vagy a FIV, kev\u00e9sb\u00e9 k\u00e9pesek hat\u00e9kony v\u00e1laszt adni a coronav\u00edrusfert\u0151z\u00e9ssel szemben, amikor annak kiteszik \u0151ket, \u00e9s nagyobb val\u00f3sz\u00edn\u0171s\u00e9ggel esnek \u00e1t a betegs\u00e9g kialakul\u00e1s\u00e1n.<br \/>\nA h\u00e1zi\u00e1llat-sz\u00fcl\u0151k \u00fagy tudj\u00e1k a legjobban minimaliz\u00e1lni macsk\u00e1juk FIP kialakul\u00e1s\u00e1nak kock\u00e1zat\u00e1t, ha ismerik a macska eg\u00e9szs\u00e9g\u00fcgyi el\u0151zm\u00e9nyeit.<br \/>\nAz \u00e1llatorvosn\u00e1l tett rendszeres l\u00e1togat\u00e1sok sor\u00e1n alaposan ellen\u0151rizni kell kedvence \u00e1ltal\u00e1nos eg\u00e9szs\u00e9gi \u00e1llapot\u00e1t, bele\u00e9rtve az eml\u00edtett v\u00edrusokra vonatkoz\u00f3 vizsg\u00e1latokat is, hogy id\u0151ben felismerhesse a t\u00fcneteket, \u00e9s sz\u00fcks\u00e9g eset\u00e9n megfelel\u0151 ell\u00e1t\u00e1sban \u00e9s kezel\u00e9sben r\u00e9szes\u00edtse macsk\u00e1j\u00e1t.<\/p>\n","protected":false},"excerpt":{"rendered":"<p>Melyek a FIP kock\u00e1zati t\u00e9nyez\u0151i? Egyes macsk\u00e1k hajlamosabbak a FIP-re, mint m\u00e1sok, b\u00e1r az ez\u00e9rt felel\u0151s koronav\u00edrus mindenhol megtal\u00e1lhat\u00f3. Az al\u00e1bbiakban n\u00e9h\u00e1ny olyan kock\u00e1zati t\u00e9nyez\u0151t mutatunk be, amelyek n\u00f6velik a macska FIP megbeteged\u00e9s\u00e9nek kock\u00e1zat\u00e1t. &nbsp;\u00c9letkor A FIP-ben megbeteged\u0151 macsk\u00e1k 50%-a 2 \u00e9vesn\u00e9l fiatalabb, \u00edgy val\u00f3sz\u00edn\u0171leg cicak\u00e9nt fert\u0151z\u0151dtek meg, amikor immunrendszer\u00fck m\u00e9g t\u00fal fiatal volt ahhoz, [&hellip;]<\/p>\n","protected":false},"author":1,"featured_media":22015,"parent":0,"menu_order":0,"comment_status":"closed","ping_status":"closed","template":"","meta":{"_glsr_average":0,"_glsr_ranking":0,"_glsr_reviews":0,"footnotes":""},"categories":[748],"tags":[],"_links":{"self":[{"href":"https:\/\/fipmed.co\/hu\/wp-json\/wp\/v2\/pages\/22014"}],"collection":[{"href":"https:\/\/fipmed.co\/hu\/wp-json\/wp\/v2\/pages"}],"about":[{"href":"https:\/\/fipmed.co\/hu\/wp-json\/wp\/v2\/types\/page"}],"author":[{"embeddable":true,"href":"https:\/\/fipmed.co\/hu\/wp-json\/wp\/v2\/users\/1"}],"replies":[{"embeddable":true,"href":"https:\/\/fipmed.co\/hu\/wp-json\/wp\/v2\/comments?post=22014"}],"version-history":[{"count":0,"href":"https:\/\/fipmed.co\/hu\/wp-json\/wp\/v2\/pages\/22014\/revisions"}],"wp:featuredmedia":[{"embeddable":true,"href":"https:\/\/fipmed.co\/hu\/wp-json\/wp\/v2\/media\/22015"}],"wp:attachment":[{"href":"https:\/\/fipmed.co\/hu\/wp-json\/wp\/v2\/media?parent=22014"}],"wp:term":[{"taxonomy":"category","embeddable":true,"href":"https:\/\/fipmed.co\/hu\/wp-json\/wp\/v2\/categories?post=22014"},{"taxonomy":"post_tag","embeddable":true,"href":"https:\/\/fipmed.co\/hu\/wp-json\/wp\/v2\/tags?post=22014"}],"curies":[{"name":"wp","href":"https:\/\/api.w.org\/{rel}","templated":true}]}}