{"id":22037,"date":"2022-12-02T07:39:47","date_gmt":"2022-12-02T07:39:47","guid":{"rendered":"https:\/\/fipmed.co\/amikor-a-fip-oltas-nem-hasznal-elovigyazatossag-a-macskak-szamara-akik-megkapjak-a-fip-et\/"},"modified":"2022-12-02T07:39:47","modified_gmt":"2022-12-02T07:39:47","slug":"amikor-a-fip-oltas-nem-hasznal-elovigyazatossag-a-macskak-szamara-akik-megkapjak-a-fip-et","status":"publish","type":"page","link":"https:\/\/fipmed.co\/hu\/amikor-a-fip-oltas-nem-hasznal-elovigyazatossag-a-macskak-szamara-akik-megkapjak-a-fip-et\/","title":{"rendered":"FIP vakcina \u00e9s egy\u00e9b m\u00f3dszerek a macsk\u00e1k FIP fert\u0151z\u00e9s\u00e9nek megel\u0151z\u00e9s\u00e9re"},"content":{"rendered":"<p>A macsk\u00e1k fert\u0151z\u0151 hash\u00e1rtyagyullad\u00e1sa (FIP) egy gy\u00f3gy\u00edthatatlan \u00e9s gyakran hal\u00e1los kimenetel\u0171 v\u00edrus, amely a macsk\u00e1k kevesebb mint egy sz\u00e1zal\u00e9k\u00e1t \u00e9rinti.<br \/>\nA betegs\u00e9gre jelenleg nincs hat\u00e9kony kezel\u00e9s, ez\u00e9rt a t\u00fcnetek megjelen\u00e9se el\u0151tti megel\u0151z\u00e9s kulcsfontoss\u00e1g\u00fa.<br \/>\nJelenleg nem ismert olyan FIP-vakcina, amely tart\u00f3san hat\u00e1sos lenne.<br \/>\nEmiatt nagyon fontos, hogy a macsk\u00e1k ne kapj\u00e1k el a betegs\u00e9get, mivel nincs k\u00f6vetkezetes gy\u00f3gyszeres kezel\u00e9s.<br \/>\nA macskatulajdonosoknak \u00e9bernek kell lenni\u00fck, mivel \u0151k felel\u0151sek macsk\u00e1ik eg\u00e9szs\u00e9g\u00e9\u00e9rt, k\u00fcl\u00f6n\u00f6sen, ha egyszerre sok macsk\u00e1juk van.<br \/>\nAz egyik legnehezebben felfoghat\u00f3 betegs\u00e9g a FIP.<br \/>\nA betegs\u00e9g diagn\u00f3zisa, kezel\u00e9se \u00e9s megel\u0151z\u00e9se tov\u00e1bbra is vita t\u00e1rgy\u00e1t k\u00e9pezi.<br \/>\nK\u00e9ts\u00e9ges, hogy elker\u00fclhetj\u00fck a <a href=\"\/?page_id=6094\" target=\"_blank\" rel=\"noopener\">FIP-et<\/a>, mert m\u00e9g mindig sok mindent nem tudunk r\u00f3la, \u00e9s mert a koronav\u00edrus vil\u00e1gszerte sok macsk\u00e1ra k\u00f6nnyen \u00e1tvihet\u0151.<br \/>\nB\u00e1r l\u00e9tezik FIP elleni v\u00e9d\u0151olt\u00e1s, nincs bizony\u00edt\u00e9k arra, hogy az k\u00e9pes lenne megel\u0151zni a betegs\u00e9get, ez\u00e9rt jelenleg nem javasolt.          <\/p>\n<h1>A FIP \u00e9s a v\u00e9d\u0151olt\u00e1sok sz\u00fcks\u00e9gess\u00e9g\u00e9nek meg\u00e9rt\u00e9se<\/h1>\n<p>  A FIP egy vesz\u00e9lyes v\u00edrus, amely s\u00falyos betegs\u00e9get okozhat a macsk\u00e1kn\u00e1l, \u00e9s a terjed\u00e9s\u00e9nek megel\u0151z\u00e9se \u00e9rdek\u00e9ben v\u00e9d\u0151olt\u00e1st ig\u00e9nyel.  <\/p>\n<h2>Mi az a FIP?<\/h2>\n<p>  A FIP vagy macsk\u00e1k fert\u0151z\u0151 hash\u00e1rtyagyullad\u00e1sa a macsk\u00e1kat \u00e9rint\u0151 v\u00edrusfert\u0151z\u00e9s, amelyet a macsk\u00e1k coronav\u00edrus\u00e1nak bizonyos t\u00f6rzsei okoznak.<br \/>\nRendk\u00edv\u00fcl fert\u0151z\u0151 betegs\u00e9g a macsk\u00e1k k\u00f6r\u00e9ben, \u00e9s gyorsan terjed a <a href=\"\/?page_id=899\" target=\"_blank\" rel=\"noopener\">fert\u0151z\u00f6tt macsk\u00e1k<\/a> ny\u00e1l\u00e1val, vizelet\u00e9vel, \u00fcr\u00fcl\u00e9k\u00e9vel \u00e9s alommal val\u00f3 k\u00f6zvetlen \u00e9rintkez\u00e9s \u00fatj\u00e1n.<br \/>\nMivel \u00f6sszetetts\u00e9ge miatt gyakran neh\u00e9z diagnosztiz\u00e1lni, a FIP mind a fajtatiszta, mind a v\u00e9letlenszer\u0171en teny\u00e9sztett macsk\u00e1kat &#8211; k\u00fcl\u00f6n\u00f6sen a fiatal cic\u00e1kat &#8211; figyelmeztet\u00e9s n\u00e9lk\u00fcl \u00e9rintheti.<br \/>\nA t\u00fcnetek s\u00falyoss\u00e1g\u00e1t\u00f3l f\u00fcgg\u0151en a <a href=\"\/?page_id=887\" target=\"_blank\" rel=\"noopener\">FIP kezel\u00e9se<\/a> mag\u00e1ban foglalhat t\u00e1mogat\u00f3 kezel\u00e9st, p\u00e9ld\u00e1ul antibiotikumokat \u00e9s f\u00e1jdalomcsillap\u00edt\u00f3kat, valamint sz\u00fcks\u00e9g eset\u00e9n intenz\u00edvebb int\u00e9zked\u00e9seket, p\u00e9ld\u00e1ul intrav\u00e9n\u00e1san vagy k\u00f6zvetlen\u00fcl a has\u00fcregbe juttatott folyad\u00e9kot.<br \/>\nB\u00e1r a FIP-re m\u00e9g nincs garant\u00e1lt gy\u00f3gym\u00f3d, a betegs\u00e9g elleni v\u00e9d\u0151olt\u00e1s cs\u00f6kkentheti a betegs\u00e9g kock\u00e1zat\u00e1t az arra fog\u00e9kony macsk\u00e1k eset\u00e9ben.      <\/p>\n<h2>Mi\u00e9rt fontos a FIP elleni v\u00e9d\u0151olt\u00e1s?<\/h2>\n<p>A <a href=\"\/?page_id=13322\" target=\"_blank\" rel=\"noopener\">FIP a macsk\u00e1k potenci\u00e1lisan hal\u00e1los v\u00edrusos betegs\u00e9ge, amelyet<\/a> az FCoV coronav\u00edrus <a href=\"\/?page_id=13322\" target=\"_blank\" rel=\"noopener\">okoz<\/a>.<br \/>\nHa egy macsk\u00e1ban egyszer kialakul a FIP, szinte biztos a hal\u00e1loz\u00e1s.<br \/>\nA v\u00edrus elleni v\u00e9d\u0151olt\u00e1s seg\u00edthet megv\u00e9deni a macsk\u00e1kat a fert\u0151z\u00e9st\u0151l \u00e9s a FIP-ben bek\u00f6vetkez\u0151 hal\u00e1lesett\u0151l.<br \/>\nA kezel\u00e9shez jelenleg rendelkez\u00e9sre \u00e1ll\u00f3 vakcin\u00e1k korl\u00e1tozott hat\u00e9konys\u00e1ga ellen\u00e9re a macsk\u00e1k e hal\u00e1los v\u00edrus elleni vakcin\u00e1z\u00e1sa jelent\u0151sen cs\u00f6kkentheti a betegs\u00e9g el\u0151fordul\u00e1s\u00e1t, ha megfelel\u0151en, a vakcina hat\u00e9kony bead\u00e1s\u00e1val \u00e9s a standard protokoll szerinti ut\u00f3olt\u00e1sokkal t\u00f6rt\u00e9nik.<br \/>\nA macsk\u00e1kat rendszeresen oltani kell, \u00e9s szorosan figyelemmel kell k\u00eds\u00e9rni, hogy az immuniz\u00e1l\u00e1st figyelembe vegy\u00e9k a fert\u0151z\u00e9sekkel kapcsolatos kock\u00e1zati t\u00e9nyez\u0151k \u00e9rt\u00e9kel\u00e9s\u00e9n\u00e9l, illetve a k\u00fcl\u00f6nb\u00f6z\u0151 k\u00f6rnyezeti felt\u00e9telek miatti kitetts\u00e9gn\u00e9l, amelyekkel mindennapi \u00e9let\u00fck sor\u00e1n tal\u00e1lkozhatnak, mik\u00f6zben cs\u00f6kkentik a v\u00edrusellenes gy\u00f3gyszerek bead\u00e1s\u00e1t, amelyre egy\u00e9bk\u00e9nt sz\u00fcks\u00e9g lenne, ha a macsk\u00e1t egy\u00e1ltal\u00e1n nem oltott\u00e1k volna be.      <\/p>\n<h1>A FIP vakcin\u00e1k t\u00edpusai<\/h1>\n<p>  Jelenleg az egyetlen FIP vakcina a piacon a Vanguard\u00ae Feline FIP Intranasal.  <\/p>\n<h2>Vanguard\u00ae Feline FIP Intranaz\u00e1lis<\/h2>\n<p>  egy nem adjuv\u00e1ns intranaz\u00e1lis vakcina, amelyet a 16 hetes vagy id\u0151sebb macsk\u00e1knak a macsk\u00e1k fert\u0151z\u0151 hash\u00e1rtyagyullad\u00e1s\u00e1val (FIP) szembeni v\u00e9delm\u00e9re fejlesztettek ki.<br \/>\nA FIP-et a macsk\u00e1k fert\u0151z\u0151 hash\u00e1rtyagyullad\u00e1s\u00e1nak v\u00edrusa (FIPV) okozza, \u00e9s s\u00falyos sz\u00f6v\u0151dm\u00e9nyeket, ak\u00e1r hal\u00e1lt is okozhat.<br \/>\nEzt a vakcin\u00e1t intranaz\u00e1lisan kell beadni, k\u00e9t adagot 3-4 h\u00e9t k\u00fcl\u00f6nbs\u00e9ggel, hogy a FIP elleni optim\u00e1lis v\u00e9delmet biztos\u00edts\u00e1k.<br \/>\nTanulm\u00e1nyok azt tal\u00e1lt\u00e1k, hogy azok a macsk\u00e1k, amelyeket a FIPV h\u0151m\u00e9rs\u00e9klet-\u00e9rz\u00e9keny form\u00e1j\u00e1val oltottak be, m\u00e9rhet\u0151 v\u00e9detts\u00e9get mutattak a betegs\u00e9ggel szemben, mint azok, akiket nem oltottak be.<br \/>\nEzen k\u00edv\u00fcl a Vanguard\u00ae ennek a vakcin\u00e1nak egy injekt\u00e1lhat\u00f3 form\u00e1j\u00e1t is k\u00edn\u00e1lja, amely 16 hetes kort\u00f3l kezd\u0151d\u0151en mind az alom-, mind a feln\u0151tt macsk\u00e1k megel\u0151z\u00e9s\u00e9re szolg\u00e1l.<br \/>\nA FIP elleni v\u00e9d\u0151olt\u00e1s alapvet\u0151 v\u00e9delmet ny\u00fajt macsk\u00e1j\u00e1nak egy \u00e9letvesz\u00e9lyes v\u00edrus ellen &#8211; ez azonban csak egy \u00f6sszetev\u0151je macsk\u00e1ja eg\u00e9szs\u00e9g\u00e9nek v\u00e9delm\u00e9nek, ez\u00e9rt egy\u00e9b \u00f3vint\u00e9zked\u00e9seket is meg kell tenni j\u00f3l\u00e9t\u00e9nek meg\u0151rz\u00e9se \u00e9rdek\u00e9ben, mint p\u00e9ld\u00e1ul a stresszszint cs\u00f6kkent\u00e9se, a megfelel\u0151 t\u00e1pl\u00e1l\u00e1s \u00e9s extra \u00f3vint\u00e9zked\u00e9sek megt\u00e9tele, ha olyan kennelekben vagy menhelyeken sz\u00e1ll\u00e1solja el, ahol m\u00e1s, fert\u0151z\u0151 betegs\u00e9geket hordoz\u00f3 \u00e1llatokkal ker\u00fclhet kapcsolatba.       <\/p>\n<h1>A FIP elleni v\u00e9d\u0151olt\u00e1s el\u0151nyei \u00e9s kock\u00e1zatai<\/h1>\n<p>  A FIP elleni v\u00e9d\u0151olt\u00e1s hat\u00e9kony m\u00f3dja lehet a macska v\u00e9delm\u00e9nek a vesz\u00e9lyes v\u00edrus ellen, de fontos, hogy tiszt\u00e1ban legyen a vakcin\u00e1val kapcsolatos lehets\u00e9ges el\u0151ny\u00f6kkel \u00e9s kock\u00e1zatokkal.  <\/p>\n<h2>A FIP vakcin\u00e1z\u00e1s el\u0151nyei<\/h2>\n<ul>\n<li>V\u00e9delem a macsk\u00e1k koronav\u00edrusai \u00e1ltal okozott betegs\u00e9gekkel, p\u00e9ld\u00e1ul a FIP \u00e9s FCoV fert\u0151z\u00e9sekkel szemben.<\/li>\n<li>Cs\u00f6kkenti a betegs\u00e9g macsk\u00e1r\u00f3l macsk\u00e1ra t\u00f6rt\u00e9n\u0151 \u00e1tvitel\u00e9nek kock\u00e1zat\u00e1t.<\/li>\n<li>A FIP \u00e9s FCoV fert\u0151z\u00e9sek \u00e1ltal \u00e9rintett macsk\u00e1k \u00e9letmin\u0151s\u00e9g\u00e9nek jav\u00edt\u00e1sa a megel\u0151z\u00e9s r\u00e9v\u00e9n.<\/li>\n<li>N\u00f6veli a hossz\u00fa \u00e9lettartamot, k\u00f6sz\u00f6nhet\u0151en a FIP-esetek cs\u00f6kkentett s\u00falyoss\u00e1g\u00e1nak, s\u0151t vakcin\u00e1z\u00e1s eset\u00e9n a lehets\u00e9ges gy\u00f3gyul\u00e1snak.<\/li>\n<\/ul>\n<h2>A FIP vakcin\u00e1z\u00e1s kock\u00e1zatai (antitest-f\u00fcgg\u0151 fokoz\u00f3d\u00e1s)<\/h2>\n<p>  A FIP vakcin\u00e1z\u00e1s kock\u00e1zatot jelenthet az antitest-f\u00fcgg\u0151 fokoz\u00f3d\u00e1ssal (ADE) kapcsolatban, amely folyamat sor\u00e1n a v\u00edrus-antitest komplexek fokozz\u00e1k a fert\u0151z\u00e9st.<br \/>\nMag\u00e1r\u00f3l a FIPV-r\u0151l kimutatt\u00e1k, hogy FIPV-ellenes antitestek jelenl\u00e9t\u00e9ben ADE-hat\u00e1st fejt ki, \u00e9s ez aggodalmat keltett a kapcsol\u00f3d\u00f3 vakcin\u00e1k kifejleszt\u00e9se sor\u00e1n.   <\/p>\n<ol>\n<li>A hal\u00e1lhoz vezet\u0151 abnorm\u00e1lis viszcerotrop reakci\u00f3k<\/li>\n<li>Olyan tart\u00f3s fert\u0151z\u00e9sek, amelyek az \u00fajraolt\u00e1s ut\u00e1n nem sz\u0171ntek meg hat\u00e9konyan.<\/li>\n<li>Az olt\u00e1s ut\u00e1ni hal\u00e1loz\u00e1si ar\u00e1ny n\u00f6veked\u00e9se az olt\u00e1s el\u0151tti ar\u00e1nyokhoz k\u00e9pest<\/li>\n<li>A k\u00f3rokoz\u00f3k megv\u00e1ltozott eloszl\u00e1sa a nem fert\u0151z\u00f6tt \u00e9s a vakcin\u00e1zott \u00e1llatok \u00f6sszehasonl\u00edt\u00e1sakor<\/li>\n<\/ol>\n<h1>Egy\u00e9b m\u00f3dok a macska FIP elleni v\u00e9delm\u00e9re<\/h1>\n<p>  Vannak egyszer\u0171 l\u00e9p\u00e9sek, amelyeket minden nap megtehet macsk\u00e1ja biztons\u00e1ga \u00e9s eg\u00e9szs\u00e9ge \u00e9rdek\u00e9ben, p\u00e9ld\u00e1ul cs\u00f6kkentheti a stressz-szintet, megfelel\u0151 t\u00e1pl\u00e1lkoz\u00e1st biztos\u00edthat \u00e9s extra \u00f3vint\u00e9zked\u00e9seket tehet, amikor panzi\u00f3ba megy.<br \/>\nAz American Association of Feline Practitioners nem javasolja a FIP vakcin\u00e1t, annak ellen\u00e9re, hogy l\u00e9tezik.<br \/>\nMire el\u00e9g id\u0151sek lesznek (16 hetesek) ahhoz, hogy megkapj\u00e1k az olt\u00e1st, a macsk\u00e1k t\u00f6bbs\u00e9ge m\u00e1r ki van t\u00e9ve a macsk\u00e1k koronav\u00edrus\u00e1nak, \u00edgy a vakcina kev\u00e9sb\u00e9 hat\u00e9kony.<br \/>\nAz al\u00e1bbiakban n\u00e9h\u00e1ny p\u00e9ld\u00e1t mutatunk be a megel\u0151z\u00e9si taktik\u00e1kra, amelyekkel cs\u00f6kkenthet\u0151 a macskakoronav\u00edrusnak val\u00f3 kitetts\u00e9g kock\u00e1zata, de ne feledje, hogy ezek nem fogj\u00e1k meg\u00e1ll\u00edtani a FIP-et.     <\/p>\n<ul>\n<li>Tartsa a v\u00edz- \u00e9s az eles\u00e9gt\u00e1lakat az alomt\u00e1lc\u00e1t\u00f3l t\u00e1vol.<\/li>\n<li>Haszn\u00e1ljon egyedi alomdobozokat minden macsk\u00e1nak, valamint egy tov\u00e1bbi alomdobozt.<\/li>\n<li>H\u00edg\u00edtott feh\u00e9r\u00edt\u0151szert haszn\u00e1ljon a lak\u00f3terek, valamint az \u00e9tel- \u00e9s itat\u00f3t\u00e1lak tiszt\u00edt\u00e1s\u00e1hoz (1 r\u00e9sz feh\u00e9r\u00edt\u0151szer 32 r\u00e9sz v\u00edzhez).<\/li>\n<li>A fesz\u00fclts\u00e9g cs\u00f6kkent\u00e9se \u00e9rdek\u00e9ben k\u00edn\u00e1ljon k\u00f6rnyezet\u00e9nek gazdag\u00edt\u00e1s\u00e1t (p\u00e9ld\u00e1ul kirak\u00f3s j\u00e1t\u00e9kokat \u00e9s \u00fcl\u0151k\u00e9ket).<\/li>\n<li>Ha sok macsk\u00e1ja van, ne tartson h\u00e1romn\u00e1l t\u00f6bb macsk\u00e1t egy szob\u00e1ban, hogy elker\u00fclje a t\u00falzs\u00fafolts\u00e1got.<\/li>\n<\/ul>\n<p>  A FIP-ben szenved\u0151 macsk\u00e1k ritka, bonyolult \u00e9s s\u00falyosan hal\u00e1los betegs\u00e9gben szenvednek.<br \/>\nVigye macsk\u00e1j\u00e1t min\u00e9l hamarabb \u00e1llatorvoshoz, ha a betegs\u00e9g t\u00fcneteit kezdi mutatni.<br \/>\nHa a cic\u00e1kat elt\u00e1vol\u00edtj\u00e1k a fert\u0151z\u00e9s forr\u00e1s\u00e1t\u00f3l, az anyai \u00faton termelt antitestek megv\u00e9dik \u0151ket a fert\u0151z\u00e9ssel szemben az elv\u00e1laszt\u00e1sig, ami \u00e1ltal\u00e1ban 5-7 hetes koruk k\u00f6r\u00fcl k\u00f6vetkezik be.<br \/>\nAz FCoV nagyon fert\u0151z\u0151 v\u00edrus, ez\u00e9rt az ilyen v\u00e9delem szigor\u00fa tisztas\u00e1got ig\u00e9nyel.     <\/p>\n<h2>A stressz cs\u00f6kkent\u00e9se<\/h2>\n<p>  A macsk\u00e1k stressz\u00e9nek cs\u00f6kkent\u00e9se az egyik leghat\u00e9konyabb m\u00f3dja annak, hogy megv\u00e9dj\u00fck \u0151ket a fert\u0151z\u0151 hash\u00e1rtyagyullad\u00e1s (FIP) kialakul\u00e1s\u00e1t\u00f3l.<br \/>\nA stressz gyeng\u00edtheti az immunrendszer\u00fcket, \u00e9s n\u00f6velheti a FIP-hez hasonl\u00f3 betegs\u00e9gek kialakul\u00e1s\u00e1nak kock\u00e1zat\u00e1t.<br \/>\nA zs\u00fafolt vagy kaotikus k\u00f6rnyezetben val\u00f3 \u00e9let, a rutin sz\u00e9ls\u0151s\u00e9ges megv\u00e1ltoz\u00e1sa, az ismeretlen emberek vagy \u00e1llatok k\u00f6zels\u00e9ge, a fizikai f\u00e1jdalom \u00e9s a k\u00e9nyelmetlens\u00e9g mind a macsk\u00e1k stressz\u00e9nek gyakori forr\u00e1sai.<br \/>\nA t\u00f6bbmacsk\u00e1s h\u00e1ztart\u00e1sokban vagy menhelyeken \u00e9l\u0151 macsk\u00e1k hajlamosabbak arra, hogy a t\u00falzs\u00fafolts\u00e1g miatt magasabb szint\u0171 stresszben szenvedjenek.<br \/>\nEz\u00e9rt fontos, hogy a tulajdonosok gazdag\u00edtott \u00e9letk\u00f6r\u00fclm\u00e9nyeket biztos\u00edtsanak, sok b\u00fav\u00f3helyet \u00e9s nyugodt, a gyerekekt\u0151l \u00e9s m\u00e1s h\u00e1zi\u00e1llatokt\u00f3l t\u00e1vol es\u0151 id\u0151t.<br \/>\nEmellett a macsk\u00e1t interakt\u00edv j\u00e1t\u00e9kba vonni, p\u00e9ld\u00e1ul labd\u00e1kkal vagy p\u00e1lc\u00e1s j\u00e1t\u00e9kokkal, seg\u00edt akt\u00edvan tartani an\u00e9lk\u00fcl, hogy feleslegesen megterheln\u00e9 a test\u00e9t vagy az elm\u00e9j\u00e9t.<br \/>\nA feromon diff\u00fazorok felszerel\u00e9se a h\u00e1z k\u00f6r\u00fcl szint\u00e9n seg\u00edthet a kifejezetten a macsk\u00e1k szorong\u00e1s\u00e1nak cs\u00f6kkent\u00e9s\u00e9re tervezett nyugtat\u00f3 l\u00e9gk\u00f6r megteremt\u00e9s\u00e9ben, eml\u00e9keztetve \u0151ket arra, hogy otthon biztons\u00e1gban vannak.        <\/p>\n<h2>Megfelel\u0151 t\u00e1pl\u00e1lkoz\u00e1s biztos\u00edt\u00e1sa<\/h2>\n<p>  A <a href=\"\/?page_id=885\" target=\"_blank\" rel=\"noopener\">macska eg\u00e9szs\u00e9g\u00e9nek<\/a> meg\u0151rz\u00e9s\u00e9hez \u00e9s a FIP kock\u00e1zat\u00e1nak cs\u00f6kkent\u00e9s\u00e9hez kulcsfontoss\u00e1g\u00fa a kiegyens\u00falyozott, t\u00e1panyagokban gazdag \u00e9trend biztos\u00edt\u00e1sa.<br \/>\nA macskat\u00e1pnak tartalmaznia kell az esszenci\u00e1lis zs\u00edrsavakat, feh\u00e9rj\u00e9ket, rostokat, vizet \u00e9s vitaminokat, egy\u00e9b \u00e1sv\u00e1nyi anyagok \u00e9s mikrot\u00e1panyagok mellett.<br \/>\nE l\u00e9tfontoss\u00e1g\u00fa t\u00e1panyagok n\u00e9melyik\u00e9t olyan t\u00e1pl\u00e1l\u00e9kokkal lehet bevinni, mint a szem eg\u00e9szs\u00e9g\u00e9t szolg\u00e1l\u00f3 A-vitamint tartalmaz\u00f3 z\u00f6lds\u00e9gek, p\u00e9ld\u00e1ul brokkoli vagy s\u00e1rgar\u00e9pa, vagy az immunrendszer t\u00e1mogat\u00e1s\u00e1t el\u0151seg\u00edt\u0151 omega-3 zs\u00edrsavakat tartalmaz\u00f3 lencse \u00e9s halolaj, mik\u00f6zben ker\u00fclj\u00fck az adal\u00e9kanyagokkal teli, feldolgozott macskat\u00e1pokat.<br \/>\nHa lehet\u0151s\u00e9g szerint bioterm\u00e9keket fogyasztunk, az nagyban hozz\u00e1j\u00e1rul a napi t\u00e1pl\u00e1l\u00e9ksz\u00fcks\u00e9glet biztos\u00edt\u00e1s\u00e1hoz, \u00e9s megakad\u00e1lyozza a hozz\u00e1adott m\u00e9rgez\u0151 vegy\u00fcletek haszn\u00e1lat\u00e1t, amelyek befoly\u00e1solhatj\u00e1k a macsk\u00e1k \u00e1ltal\u00e1nos k\u00f6z\u00e9rzet\u00e9t.<br \/>\nEgy\u00e9b kieg\u00e9sz\u00edt\u0151kre is sz\u00fcks\u00e9g lehet, ha a macsk\u00e1k napi t\u00e1pl\u00e1l\u00e9ksz\u00fcks\u00e9glet\u00e9t a rendszeres \u00e9tkez\u00e9ssel \u00f6nmag\u00e1ban nem tudj\u00e1k kiel\u00e9g\u00edteni.<br \/>\nHa p\u00e9ld\u00e1ul a macsk\u00e1k hajlamosak az alacsony energiaszintre, sz\u00fcks\u00e9g lehet egy vaskieg\u00e9sz\u00edt\u0151re, hogy a f\u00e1radts\u00e1got elker\u00fclj\u00e9k, \u00e9s \u00edgy t\u00f6bb energi\u00e1t kapjanak ahhoz, hogy eg\u00e9sz nap akt\u00edvak maradjanak.       &nbsp;<\/p>\n<h2>A besz\u00e1ll\u00e1ssal kapcsolatos \u00f3vint\u00e9zked\u00e9sek<\/h2>\n<p>  A megfelel\u0151 higi\u00e9nia \u00e9s a t\u00falzs\u00fafolts\u00e1g elker\u00fcl\u00e9se kulcsfontoss\u00e1g\u00fa strat\u00e9gi\u00e1k a FIP \u00e1tvitel\u00e9nek minimaliz\u00e1l\u00e1s\u00e1ra a bentlak\u00e1sos helyzetekben.<br \/>\nMacsk\u00e1ja v\u00e9delme \u00e9rdek\u00e9ben gy\u0151z\u0151dj\u00f6n meg arr\u00f3l, hogy a panzi\u00f3 tiszta \u00e9s j\u00f3l karbantartott.<br \/>\nA higi\u00e9ni\u00e1nak rendszeres r\u00e9sz\u00e9t kell k\u00e9peznie a takar\u00edt\u00e1si protokolljuknak, bele\u00e9rtve az \u00f6sszes fel\u00fclet rendszeres fert\u0151tlen\u00edt\u00e9s\u00e9t \u00e9s az alkalmazottak k\u00e9zmos\u00e1si protokollj\u00e1nak szigor\u00fa betart\u00e1s\u00e1t.<br \/>\nEmellett fontos, hogy elker\u00fclj\u00e9k a t\u00falzs\u00fafolts\u00e1got; a macsk\u00e1kat egyedileg vagy kis csoportokban kell elhelyezni tart\u00f3zkod\u00e1suk alatt, hogy cs\u00f6kkents\u00e9k a v\u00edrus egyik \u00e1llatr\u00f3l a m\u00e1sikra t\u00f6rt\u00e9n\u0151 \u00e1tvitel\u00e9nek es\u00e9ly\u00e9t.<br \/>\nAmikor egy panzi\u00f3 kiv\u00e1laszt\u00e1s\u00e1t fontolgatja, \u00e9rdekl\u0151dj\u00f6n arr\u00f3l, hogyan kezelik ezeket az \u00f3vint\u00e9zked\u00e9seket a helysz\u00ednen &#8211; ez jelentheti a k\u00fcl\u00f6nbs\u00e9get ak\u00f6z\u00f6tt, hogy eg\u00e9szs\u00e9ges h\u00e1zi\u00e1llat\u00e1t biztons\u00e1gban tartja-e, vagy pedig egy rendk\u00edv\u00fcl fert\u0151z\u0151 betegs\u00e9gnek van kit\u00e9ve.      <\/p>\n<h2><strong>Extra el\u0151vigy\u00e1zatoss\u00e1g t\u00f6bb macsk\u00e1s h\u00e1ztart\u00e1s eset\u00e9n<\/strong><\/h2>\n<p>  Mivel a FIP-es macsk\u00e1k gyakran t\u00f6bbmacsk\u00e1s csal\u00e1dokb\u00f3l (t\u00f6bb mint 5 macska), \u00e1llatmenhelyekr\u0151l vagy teny\u00e9szetb\u0151l sz\u00e1rmaznak, a stressz is hozz\u00e1j\u00e1rulhat a betegs\u00e9g kialakul\u00e1s\u00e1hoz.<br \/>\nA FIP-pozit\u00edv macsk\u00e1kat k\u00fcl\u00f6n\u00edtse el a t\u00f6bbi macsk\u00e1t\u00f3l, \u00e9s gyakran mosson kezet, k\u00fcl\u00f6n\u00f6sen a beteg macska alomt\u00e1lc\u00e1j\u00e1nak s\u00f6pr\u00e9se vagy tiszt\u00edt\u00e1sa ut\u00e1n.<br \/>\nAz \u00e1llatorvosok azt tan\u00e1csolj\u00e1k a tulajdonosoknak, hogy a FIP-pozit\u00edv macska elhal\u00e1loz\u00e1sa ut\u00e1n k\u00f6r\u00fclbel\u00fcl egy h\u00f3napot v\u00e1rjanak, miel\u0151tt \u00faj macsk\u00e1t hozn\u00e1nak haza, hogy cs\u00f6kkents\u00e9k az FCoV-nak val\u00f3 kitetts\u00e9g kock\u00e1zat\u00e1t.<br \/>\nAz \u00e1llatorvosok azt tan\u00e1csolj\u00e1k, hogy t\u00f6bb macsk\u00e1val rendelkez\u0151 h\u00e1ztart\u00e1sban a FIP-pozit\u00edv macska hal\u00e1la ut\u00e1n legal\u00e1bb h\u00e1rom h\u00f3napot kell v\u00e1rni, hogy kider\u00fclj\u00f6n, a t\u00f6bbi macsk\u00e1n is jelentkeznek-e a FIP t\u00fcnetei.<br \/>\nEzek a macsk\u00e1k ki voltak t\u00e9ve az FCoV-nek, \u00e9s hordozhatj\u00e1k a v\u00edrust, \u00edgy kock\u00e1zatot jelentenek a h\u00e1zba \u00e9rkez\u0151 \u00faj macsk\u00e1kra n\u00e9zve.<br \/>\nAz FCoV h\u00edg\u00edtott feh\u00e9r\u00edt\u0151vel (1 r\u00e9sz feh\u00e9r\u00edt\u0151 32 r\u00e9sz v\u00edzhez) t\u00f6rt\u00e9n\u0151 tiszt\u00edt\u00e1ssal megsz\u00fcntethet\u0151.<br \/>\nMindig tartson a h\u00e1zban minden macsk\u00e1nak 1 extra alomt\u00e1lat.<br \/>\nHa p\u00e9ld\u00e1ul h\u00e1rom macsk\u00e1ja van, legal\u00e1bb n\u00e9gy alomdobozra van sz\u00fcks\u00e9ge.<br \/>\nBizony\u00edtott, hogy a macska \u00e9l\u0151hely\u00e9nek jav\u00edt\u00e1sa cs\u00f6kkentheti a stresszt.<br \/>\nIde tartoznak a cati\u00f3k, a belt\u00e9ri macskaf\u00e1k \u00e9s -\u00fcl\u0151k\u00e9k, az ablakon elhelyezett \u00fcl\u0151k\u00e9k, a Feliwayhez hasonl\u00f3 feromon haszn\u00e1lata, a v\u00edzsz\u00f6k\u0151kutak, a macskaj\u00e1t\u00e9kok, az eledelrejtv\u00e9nyek \u00e9s m\u00e9g sok m\u00e1s.           <\/p>\n<h2><\/h2>\n<h2>K\u00f6vetkeztet\u00e9s<\/h2>\n<p>  A FIP koronav\u00edrusnak kitett macsk\u00e1k k\u00f6z\u00fcl nem minden macska kapja meg a betegs\u00e9get.<br \/>\nBecsl\u00e9sek szerint a v\u00edrusnak kitett macsk\u00e1k 8-20%-\u00e1n\u00e1l, illetve olyan macskakol\u00f3ni\u00e1kban, ahol ez a betegs\u00e9g ismert, a FIP klinikai t\u00fcnetei jelentkeznek.<br \/>\nA fennmarad\u00f3 macsk\u00e1kn\u00e1l kialakulhat immunit\u00e1s a betegs\u00e9ggel szemben, vagy egyszer\u0171en nem reag\u00e1lnak r\u00e1.<br \/>\nNem tudni, hogy a v\u00edrusnak kitett macsk\u00e1knak mi\u00e9rt csak egy kis sz\u00e1zal\u00e9ka betegszik meg.<br \/>\nJ\u00f3l ismert, hogy a macska szervezet\u00e9nek a FIP elleni f\u0151 v\u00e9dekez\u0151 mechanizmusa a sejtk\u00f6zvet\u00edtett immunv\u00e1lasz.<br \/>\nA gyenge sejtk\u00f6zvet\u00edtett immunit\u00e1ssal rendelkez\u0151 macsk\u00e1k hajlamosabbak lehetnek a betegs\u00e9gre.<br \/>\n\u00dagy t\u0171nik, hogy a humor\u00e1lis (antitest) v\u00e9dekez\u00e9si mechanizmus szerepet j\u00e1tszik n\u00e9h\u00e1ny macska hal\u00e1l\u00e1ban, mivel val\u00f3j\u00e1ban feler\u0151s\u00edti a FIP-v\u00edrus \u00e1ltal okozott k\u00e1rt.<br \/>\nA FIP ellen rendelkez\u00e9sre \u00e1ll\u00f3 egyetlen vakcina nem bizonyult 100%-os hat\u00e9konys\u00e1g\u00fanak, \u00e9s \u00e1ltal\u00e1ban nem aj\u00e1nlott macsk\u00e1k sz\u00e1m\u00e1ra megel\u0151z\u00e9sre.<br \/>\nEz\u00e9rt a FIP megel\u0151z\u00e9s\u00e9hez a stressz minimaliz\u00e1l\u00e1s\u00e1ra \u00e9s a megfelel\u0151 higi\u00e9niai gyakorlatra kell t\u00f6rekedni mind az otthon, mind a macsk\u00e1k elhelyez\u00e9se\/utaz\u00e1sa sor\u00e1n.<br \/>\nB\u00e1r az orvosi \u00e1tt\u00f6r\u00e9sek \u00faj lehet\u0151s\u00e9geket teremtettek, amelyek rem\u00e9nyt adnak a FIP elleni k\u00fczdelemben, a felel\u0151s \u00e1llattart\u00f3knak tov\u00e1bbra is \u00e9bernek kell maradniuk, hogy korl\u00e1tozz\u00e1k h\u00e1zi\u00e1llataik kitetts\u00e9g\u00e9t a v\u00edrussal kapcsolatos kock\u00e1zatoknak.           &nbsp;<\/p>\n","protected":false},"excerpt":{"rendered":"<p>A macsk\u00e1k fert\u0151z\u0151 hash\u00e1rtyagyullad\u00e1sa (FIP) egy gy\u00f3gy\u00edthatatlan \u00e9s gyakran hal\u00e1los kimenetel\u0171 v\u00edrus, amely a macsk\u00e1k kevesebb mint egy sz\u00e1zal\u00e9k\u00e1t \u00e9rinti. A betegs\u00e9gre jelenleg nincs hat\u00e9kony kezel\u00e9s, ez\u00e9rt a t\u00fcnetek megjelen\u00e9se el\u0151tti megel\u0151z\u00e9s kulcsfontoss\u00e1g\u00fa. Jelenleg nem ismert olyan FIP-vakcina, amely tart\u00f3san hat\u00e1sos lenne. Emiatt nagyon fontos, hogy a macsk\u00e1k ne kapj\u00e1k el a betegs\u00e9get, mivel nincs [&hellip;]<\/p>\n","protected":false},"author":11,"featured_media":22038,"parent":0,"menu_order":0,"comment_status":"closed","ping_status":"closed","template":"","meta":{"_glsr_average":0,"_glsr_ranking":0,"_glsr_reviews":0,"footnotes":""},"categories":[724],"tags":[726,781,805,804],"_links":{"self":[{"href":"https:\/\/fipmed.co\/hu\/wp-json\/wp\/v2\/pages\/22037"}],"collection":[{"href":"https:\/\/fipmed.co\/hu\/wp-json\/wp\/v2\/pages"}],"about":[{"href":"https:\/\/fipmed.co\/hu\/wp-json\/wp\/v2\/types\/page"}],"author":[{"embeddable":true,"href":"https:\/\/fipmed.co\/hu\/wp-json\/wp\/v2\/users\/11"}],"replies":[{"embeddable":true,"href":"https:\/\/fipmed.co\/hu\/wp-json\/wp\/v2\/comments?post=22037"}],"version-history":[{"count":0,"href":"https:\/\/fipmed.co\/hu\/wp-json\/wp\/v2\/pages\/22037\/revisions"}],"wp:featuredmedia":[{"embeddable":true,"href":"https:\/\/fipmed.co\/hu\/wp-json\/wp\/v2\/media\/22038"}],"wp:attachment":[{"href":"https:\/\/fipmed.co\/hu\/wp-json\/wp\/v2\/media?parent=22037"}],"wp:term":[{"taxonomy":"category","embeddable":true,"href":"https:\/\/fipmed.co\/hu\/wp-json\/wp\/v2\/categories?post=22037"},{"taxonomy":"post_tag","embeddable":true,"href":"https:\/\/fipmed.co\/hu\/wp-json\/wp\/v2\/tags?post=22037"}],"curies":[{"name":"wp","href":"https:\/\/api.w.org\/{rel}","templated":true}]}}