{"id":22097,"date":"2022-12-02T07:50:40","date_gmt":"2022-12-02T07:50:40","guid":{"rendered":"https:\/\/fipmed.co\/taplalek-kiegeszitok-macskaknak-ip-vel\/"},"modified":"2022-12-02T07:50:40","modified_gmt":"2022-12-02T07:50:40","slug":"taplalek-kiegeszitok-macskaknak-ip-vel","status":"publish","type":"page","link":"https:\/\/fipmed.co\/hu\/taplalek-kiegeszitok-macskaknak-ip-vel\/","title":{"rendered":"T\u00e1pl\u00e1l\u00e9kkieg\u00e9sz\u00edt\u0151k FIP-es macsk\u00e1k sz\u00e1m\u00e1ra"},"content":{"rendered":"<p>Aj\u00e1nlott vitaminokat \u00e9s \u00e9trend-kieg\u00e9sz\u00edt\u0151ket adni a macsk\u00e1nak, hogy a <a href=\"https:\/\/fipmed.co\/fip-treatment\/\" target=\"_blank\" rel=\"noopener\">FIP-kezel\u00e9s<\/a> sor\u00e1n a vese \u00e9s a m\u00e1j eg\u00e9szs\u00e9ges \u00e9s er\u0151s maradjon.<br \/>\nAz eg\u00e9szs\u00e9ges bels\u0151 szervek n\u00f6velik a szervezet ellen\u00e1ll\u00f3 k\u00e9pess\u00e9g\u00e9t a fert\u0151z\u00e9sekkel szemben \u00e9s a betegs\u00e9gb\u0151l val\u00f3 fel\u00e9p\u00fcl\u00e9st.<br \/>\nJelenleg nem ismertek k\u00e1ros mell\u00e9khat\u00e1sok, ha a macsk\u00e1knak sz\u00e1nt vitaminokat \u00e9s t\u00e1pl\u00e1l\u00e9kkieg\u00e9sz\u00edt\u0151ket a GS-441524 mellett adj\u00e1k a FIP-kezel\u00e9s sor\u00e1n.    <\/p>\n<h2><strong>Vitaminok macsk\u00e1knak<\/strong><\/h2>\n<p><a href=\"\/?page_id=907\" target=\"_blank\" rel=\"noopener\">B12-vitamin<\/a>: A rendk\u00edv\u00fcl biztons\u00e1gos B12-injekci\u00f3t hetente lehet adni a macsk\u00e1knak, hogy seg\u00edtsen a v\u00e9rszeg\u00e9nys\u00e9g lek\u00fczd\u00e9s\u00e9ben \u00e9s az immunrendszer t\u00e1mogat\u00e1s\u00e1ban.<br \/>\nA Pet Tinic vagy egy hasonl\u00f3 term\u00e9kkel naponta adhat\u00f3 vitamint\u00e1mogat\u00e1s.<br \/>\nA B12 jellemz\u0151en \u00e1llati eredet\u0171 \u00e9lelmiszerekben, p\u00e9ld\u00e1ul h\u00fasban, halban, toj\u00e1sban \u00e9s m\u00e1jban tal\u00e1lhat\u00f3.<br \/>\nA <a href=\"\/?page_id=14932\" target=\"_blank\" rel=\"noopener\">FIP-ben<\/a> szenved\u0151 macska azonban gyorsan kimer\u00edti a k\u00e9szleteit, \u00edgy sz\u00fcks\u00e9gess\u00e9 v\u00e1lik a p\u00f3tl\u00e1sa.<br \/>\nA v\u00f6r\u00f6sv\u00e9rtestek termel\u00e9s\u00e9t \u00e9s fenntart\u00e1s\u00e1t a B12-vitamin seg\u00edti.      <\/p>\n<ul>\n<li>A B12 meg\u0151rzi az idegrendszer eg\u00e9szs\u00e9g\u00e9t (az idegsejtek \u00e9s a norm\u00e1lis mieliniz\u00e1ci\u00f3 &#8211; az idegv\u00e9gz\u0151d\u00e9seket bor\u00edt\u00f3 \u00e9s v\u00e9d\u0151 zs\u00edrh\u00fcvelyek).<br \/>\nAz idegi \u00e9s kognit\u00edv folyamatok szempontj\u00e1b\u00f3l l\u00e9tfontoss\u00e1g\u00fa. <\/li>\n<li>A B12 fenntartja a belek eg\u00e9szs\u00e9g\u00e9t, hogy biztos\u00edtsa a t\u00e1pl\u00e1l\u00e9k megfelel\u0151 em\u00e9szt\u00e9s\u00e9t \u00e9s felsz\u00edv\u00f3d\u00e1s\u00e1t, valamint a zs\u00edrok \u00e9s sz\u00e9nhidr\u00e1tok anyagcser\u00e9j\u00e9t.<\/li>\n<\/ul>\n<h2><strong>T\u00e1pl\u00e1l\u00e9kkieg\u00e9sz\u00edt\u0151k FIP-es macsk\u00e1k sz\u00e1m\u00e1ra<\/strong><\/h2>\n<p><strong>Gabapentin<\/strong>: 60-90 perccel az injekci\u00f3k el\u0151tt sz\u00e1jon \u00e1t bevehet\u0151 enyhe f\u00e1jdalomcsillap\u00edt\u00f3.<br \/>\nMegfelel\u0151 adagol\u00e1s eset\u00e9n ez csak \u00e1tmenetileg cs\u00f6kkenti az injekci\u00f3 kellemetlens\u00e9g\u00e9t, an\u00e9lk\u00fcl, hogy macsk\u00e1ja \u00e1lmosnak vagy nyugtat\u00f3nak \u00e9rezn\u00e9 mag\u00e1t. <strong>Lidocain kr\u00e9m<\/strong>: Ezt a GS441 injekci\u00f3 bead\u00e1sa el\u0151tt 30 perccel a macska b\u0151r\u00e9re lehet kenni, hogy enyh\u00edtse a cs\u00edp\u00e9st.<br \/>\nCsak az aloe n\u00e9lk\u00fcli kr\u00e9met haszn\u00e1lja, mivel a macsk\u00e1k rendk\u00edv\u00fcl m\u00e9rgez\u0151ek az aloe-ra.<br \/>\n<strong>Cs\u00fasz\u00f3s szilfak\u00e9reg<\/strong>: A cs\u00fasz\u00f3s szilva k\u00e9rg\u00e9b\u0151l k\u00e9sz\u00fclt szirup teljesen term\u00e9szetes gy\u00f3gym\u00f3d h\u00e1nyinger, h\u00e1ny\u00e1s \u00e9s egy\u00e9b \u00e1llapotok kezel\u00e9s\u00e9re.<br \/>\n<strong>Denamarin<\/strong>: A macskam\u00e1jat kieg\u00e9sz\u00edt\u0151 Denamarin tabletta n\u00f6veli az antioxid\u00e1ns-szintet.<br \/>\n<strong>Silymarin (m\u00e1riat\u00f6vis):<\/strong> Haszn\u00e1lja ezt a term\u00e9szetes t\u00e1pl\u00e1l\u00e9kkieg\u00e9sz\u00edt\u0151t, amely a m\u00e1jat er\u0151s\u00edt\u0151 \u00e9s meg\u0151rz\u0151 k\u00e9pess\u00e9g\u00e9r\u0151l ismert, hogy jav\u00edtsa macsk\u00e1ja m\u00e1j\u00e1nak eg\u00e9szs\u00e9g\u00e9t.       <u>Javasoljuk, hogy a FIP GS411-gyel t\u00f6rt\u00e9n\u0151 kezel\u00e9se sor\u00e1n Denamarin vagy Silymarin k\u00e9sz\u00edtm\u00e9nyt adjon macsk\u00e1j\u00e1nak a m\u00e1j maxim\u00e1lis t\u00e1mogat\u00e1sa \u00e9rdek\u00e9ben.<\/u><\/p>\n<h2><strong>Ne adjon L-lizint a FIP-es macsk\u00e1knak<\/strong><\/h2>\n<p>  B\u00e1r az L-lizint gyakran haszn\u00e1lj\u00e1k macsk\u00e1k herpeszv\u00edrus\u00e1nak kezel\u00e9s\u00e9re \u00e9s immunrendszer-er\u0151s\u00edt\u0151k\u00e9nt, \u00faj kutat\u00e1sok kimutatt\u00e1k, hogy nincs egy\u00e9rtelm\u0171 el\u0151nye.<br \/>\nEzenk\u00edv\u00fcl az FCoV+ macsk\u00e1knak, a FIP kialakul\u00e1s\u00e1nak kock\u00e1zat\u00e1nak kitett macsk\u00e1knak \u00e9s a FIP-ben szenved\u0151 macsk\u00e1knak nem szabad L-lizint szedni\u00fck.   <\/p>\n<h2><strong>Moducare \u00e9s az immunrendszer<\/strong><\/h2>\n<p>  A v\u00e9detts\u00e9g kulcsfontoss\u00e1g\u00fa.<br \/>\nA legjobb v\u00e9dekez\u00e9si vonal minden betegs\u00e9g ellen az er\u0151s immunrendszer.<br \/>\nAlapvet\u0151 fontoss\u00e1g\u00fa az er\u0151s immunrendszer ki\u00e9p\u00edt\u00e9se \u00e9s fenntart\u00e1sa.<br \/>\nSz\u00fcks\u00e9g eset\u00e9n a Moducare seg\u00edt az immunrendszer v\u00e1lasz\u00e1nak be\u00e1ll\u00edt\u00e1s\u00e1ban.     <\/p>\n<h2><strong>T\u00e1pl\u00e1lkoz\u00e1s FIP-es macsk\u00e1nak<\/strong><\/h2>\n<p>  Etetni FIP macsk\u00e1knak n\u00e9h\u00e1ny szardella, lazac, szard\u00ednia vagy m\u00e1s omega-3 zs\u00edrsavakban gazdag halat N\u00f6velje a macska \u00e9trendj\u00e9be a gyullad\u00e1scs\u00f6kkent\u0151 omega-3 zs\u00edrsavak bevitel\u00e9t.<br \/>\nA val\u00f3di hal az Applaws \u00e9s az Almo Nature konzervekben kaphat\u00f3.<br \/>\nFigyeljen azonban a hipervitamin\u00f3zis A (t\u00falzott csontlerak\u00f3d\u00e1s az \u00edz\u00fcletekben) lehet\u0151s\u00e9g\u00e9re, \u00e9s 6 h\u00e9t ut\u00e1n n\u00e9zze meg \u00fajra a helyzetet, ha t\u00fal sok val\u00f3di halat etet.<br \/>\nNe feledje, hogy a macska gondoz\u00f3ja utas\u00edt\u00e1sokat adjon a t\u00e1pl\u00e1l\u00e9k fokozatos, hetekig tart\u00f3 \u00e1t\u00e1ll\u00edt\u00e1s\u00e1ra; ellenkez\u0151 esetben a macska n\u00e9h\u00e1ny napig zab\u00e1lja az \u00faj t\u00e1pl\u00e1l\u00e9kot, miel\u0151tt megunja, \u00e9s soha t\u00f6bb\u00e9 nem ny\u00fal hozz\u00e1!<br \/>\nAdjon egy \u00faj eledelt egy \u00e9tkez\u00e9sre, t\u00e9rjen vissza a macska szok\u00e1sos \u00e9trendj\u00e9hez a k\u00f6vetkez\u0151 n\u00e9h\u00e1ny \u00e9tkez\u00e9sre, majd k\u00edn\u00e1ljon m\u00e9g egyszer egy kis mennyis\u00e9get az \u00faj eledelb\u0151l, \u00e9s \u00edgy tov\u00e1bb, fokozatosan n\u00f6velve az \u00faj eledelek gyakoris\u00e1g\u00e1t, am\u00edg a macska sz\u00e1m\u00e1ra rutinn\u00e1 nem v\u00e1lik minden \u00e9tkez\u00e9skor m\u00e1s eledel felszolg\u00e1l\u00e1sa.<br \/>\nAz \u00faj \u00e9telek hat\u00e9kony bevezet\u00e9se legal\u00e1bb egy h\u00f3napot vesz ig\u00e9nybe.<br \/>\nA nyers t\u00e1pl\u00e1l\u00e9k, p\u00e9ld\u00e1ul a nyers marhah\u00fas is tele van t\u00e1panyagokkal, amelyekre a macsk\u00e1nak sz\u00fcks\u00e9ge van.<br \/>\nMinden \u00e9tkez\u00e9skor adjon nyers h\u00fast (a marhah\u00fas a legjobb).<br \/>\nSok gyullad\u00e1scs\u00f6kkent\u0151 tulajdons\u00e1got tartalmaz, \u00e9s er\u0151s\u00edti a macska immunrendszer\u00e9t.          <\/p>\n<h2><strong>Extra VITAMINOK, amelyeket a FIP-es macsk\u00e1nak adhatunk<\/strong><\/h2>\n<p><strong>A-vitamin (nem k\u00f6telez\u0151) <\/strong> Az A-vitamin antioxid\u00e1ns.<br \/>\nAz A-vitaminnal val\u00f3 kieg\u00e9sz\u00edt\u00e9s nem sz\u00fcks\u00e9ges a gyakori t\u00e9nyleges hal\u00e9teleket kap\u00f3 macsk\u00e1k eset\u00e9ben.<br \/>\nA b\u00e9ta-karotint a macsk\u00e1k nem tudj\u00e1k metaboliz\u00e1lni, ez\u00e9rt az A-vitamint hal vagy halolaj, p\u00e9ld\u00e1ul laposhalm\u00e1jolaj form\u00e1j\u00e1ban kell nekik adni.<br \/>\nA t\u00e1pl\u00e1l\u00e9kba ink\u00e1bb val\u00f3di halat kell beilleszteni, mint puszt\u00e1n kieg\u00e9sz\u00edt\u0151ket.<br \/>\nA hipervitamin\u00f3zis A azonban t\u00falzott csontfekv\u00e9st eredm\u00e9nyez az \u00edz\u00fcletekben, ez\u00e9rt 4-6 h\u00e9tn\u00e9l hosszabb ideig ne alkalmazzuk k\u00f6vetkezetesen. <strong>B-vitamin komplex (opcion\u00e1lis) <\/strong> A B-vitamin multivitamin j\u00f3 \u00e9tv\u00e1gygerjeszt\u0151, amely gy\u00f3gyszert\u00e1rakban vagy bioboltokban kaphat\u00f3.<br \/>\nTiamin, B1-vitamin (opcion\u00e1lis &#8211; ha nem adunk B-komplexet) sz\u00e1jon \u00e1t (azaz sz\u00e1jon \u00e1t vagy az \u00e9telben) adagolva. <strong>C-vitamin (aszkorbinsav) (nem k\u00f6telez\u0151 <\/strong> ) A C-vitamin antioxid\u00e1ns.<br \/>\nA C-vitamint csak n\u00e9h\u00e1ny h\u00e9tig szabad alkalmazni, mert hosszabb ideig t\u00f6rt\u00e9n\u0151 szed\u00e9se oxal\u00e1tkrist\u00e1lyokhoz vezethet a vizeletben.<br \/>\nAdagol\u00e1s: 125 milligramm naponta k\u00e9tszer sz\u00e1jon \u00e1t vagy \u00e9tellel beadva.<br \/>\nMindezeket szem el\u0151tt tartva a macskatulajdonosoknak nyitottabbnak kell lenni\u00fck arra, hogy a FIP kezel\u00e9si folyamat\u00e1ban seg\u00edt\u0151 \u00e9trend-kieg\u00e9sz\u00edt\u0151ket adjanak macsk\u00e1juknak, mivel ezek a k\u00fcl\u00f6nb\u00f6z\u0151 kieg\u00e9sz\u00edt\u0151k seg\u00edthetnek macsk\u00e1juk eg\u00e9szs\u00e9g\u00e9nek meg\u0151rz\u00e9s\u00e9ben.<br \/>\nAzonban mindenk\u00e9ppen tartsa szem el\u0151tt, hogy nem minden \u00e9trend-kieg\u00e9sz\u00edt\u0151 teljesen kock\u00e1zatmentes, mivel a kieg\u00e9sz\u00edt\u0151 adagol\u00e1s\u00e1t\u00f3l \u00e9s az adott macska testalkat\u00e1t\u00f3l f\u00fcgg\u0151en elt\u00e9r\u0151 eredm\u00e9nyekkel j\u00e1rhat.<\/p>\n","protected":false},"excerpt":{"rendered":"<p>Aj\u00e1nlott vitaminokat \u00e9s \u00e9trend-kieg\u00e9sz\u00edt\u0151ket adni a macsk\u00e1nak, hogy a FIP-kezel\u00e9s sor\u00e1n a vese \u00e9s a m\u00e1j eg\u00e9szs\u00e9ges \u00e9s er\u0151s maradjon. Az eg\u00e9szs\u00e9ges bels\u0151 szervek n\u00f6velik a szervezet ellen\u00e1ll\u00f3 k\u00e9pess\u00e9g\u00e9t a fert\u0151z\u00e9sekkel szemben \u00e9s a betegs\u00e9gb\u0151l val\u00f3 fel\u00e9p\u00fcl\u00e9st. Jelenleg nem ismertek k\u00e1ros mell\u00e9khat\u00e1sok, ha a macsk\u00e1knak sz\u00e1nt vitaminokat \u00e9s t\u00e1pl\u00e1l\u00e9kkieg\u00e9sz\u00edt\u0151ket a GS-441524 mellett adj\u00e1k a FIP-kezel\u00e9s [&hellip;]<\/p>\n","protected":false},"author":11,"featured_media":22098,"parent":0,"menu_order":0,"comment_status":"closed","ping_status":"closed","template":"","meta":{"_glsr_average":0,"_glsr_ranking":0,"_glsr_reviews":0,"footnotes":""},"categories":[724],"tags":[818,726],"_links":{"self":[{"href":"https:\/\/fipmed.co\/hu\/wp-json\/wp\/v2\/pages\/22097"}],"collection":[{"href":"https:\/\/fipmed.co\/hu\/wp-json\/wp\/v2\/pages"}],"about":[{"href":"https:\/\/fipmed.co\/hu\/wp-json\/wp\/v2\/types\/page"}],"author":[{"embeddable":true,"href":"https:\/\/fipmed.co\/hu\/wp-json\/wp\/v2\/users\/11"}],"replies":[{"embeddable":true,"href":"https:\/\/fipmed.co\/hu\/wp-json\/wp\/v2\/comments?post=22097"}],"version-history":[{"count":0,"href":"https:\/\/fipmed.co\/hu\/wp-json\/wp\/v2\/pages\/22097\/revisions"}],"wp:featuredmedia":[{"embeddable":true,"href":"https:\/\/fipmed.co\/hu\/wp-json\/wp\/v2\/media\/22098"}],"wp:attachment":[{"href":"https:\/\/fipmed.co\/hu\/wp-json\/wp\/v2\/media?parent=22097"}],"wp:term":[{"taxonomy":"category","embeddable":true,"href":"https:\/\/fipmed.co\/hu\/wp-json\/wp\/v2\/categories?post=22097"},{"taxonomy":"post_tag","embeddable":true,"href":"https:\/\/fipmed.co\/hu\/wp-json\/wp\/v2\/tags?post=22097"}],"curies":[{"name":"wp","href":"https:\/\/api.w.org\/{rel}","templated":true}]}}