{"id":22118,"date":"2022-11-25T09:19:05","date_gmt":"2022-11-25T09:19:05","guid":{"rendered":"https:\/\/fipmed.co\/adatvedelmi-politika\/"},"modified":"2024-07-24T09:30:10","modified_gmt":"2024-07-24T09:30:10","slug":"adatvedelmi-politika","status":"publish","type":"page","link":"https:\/\/fipmed.co\/hu\/adatvedelmi-politika\/","title":{"rendered":"Adatv\u00e9delmi ir\u00e1nyelvek"},"content":{"rendered":"\t\t<div data-elementor-type=\"wp-page\" data-elementor-id=\"22118\" class=\"elementor elementor-22118 elementor-3\">\n\t\t\t\t\t\t<section class=\"elementor-section elementor-top-section elementor-element elementor-element-8b2513f elementor-section-boxed elementor-section-height-default elementor-section-height-default\" data-id=\"8b2513f\" data-element_type=\"section\">\n\t\t\t\t\t\t<div class=\"elementor-container elementor-column-gap-default\">\n\t\t\t\t\t<div class=\"elementor-column elementor-col-100 elementor-top-column elementor-element elementor-element-cb4fbe6\" data-id=\"cb4fbe6\" data-element_type=\"column\">\n\t\t\t<div class=\"elementor-widget-wrap elementor-element-populated\">\n\t\t\t\t\t\t<div class=\"elementor-element elementor-element-4603e09 elementor-widget elementor-widget-text-editor\" data-id=\"4603e09\" data-element_type=\"widget\" data-widget_type=\"text-editor.default\">\n\t\t\t\t<div class=\"elementor-widget-container\">\n\t\t\t\t\t\t\t\t\t<p class=\"p1\"><span class=\"s1\">A FipMed.co sz\u00e1m\u00e1ra az adatv\u00e9delem kiemelten fontos, \u00e9s szeretn\u00e9nk ny\u00edltan \u00e9s \u00e1tl\u00e1that\u00f3an kezelni az \u00d6n szem\u00e9lyes adatait.<br \/>\nElk\u00f6telezettek vagyunk \u00fcgyfeleink \u00e9s webhely\u00fcnk l\u00e1togat\u00f3inak mag\u00e1n\u00e9let\u00e9nek \u00e9s biztons\u00e1g\u00e1nak v\u00e9delme ir\u00e1nt. <span class=\"Apple-converted-space\">  <\/span>Ez\u00e9rt van egy szab\u00e1lyzatunk, amely meghat\u00e1rozza, hogy milyen c\u00e9lb\u00f3l gy\u0171jtj\u00fck az \u00d6n szem\u00e9lyes adatait, valamint hogyan dolgozzuk fel \u00e9s v\u00e9dj\u00fck azokat.<span class=\"Apple-converted-space\">  <\/span>Lehet\u0151s\u00e9ge lesz arra is, hogy figyelemmel k\u00eds\u00e9rje az adatgy\u0171jt\u00e9s folyamat\u00e1t, \u00e9s kezelje a vel\u00fcnk val\u00f3 kommunik\u00e1ci\u00f3 k\u00edv\u00e1nt szintj\u00e9t.<\/span><\/p>\n<p class=\"p1\">\n<p class=\"p1\"><span class=\"s1\">&#8211; Az \u00d6n adatait kiz\u00e1r\u00f3lag arra haszn\u00e1ljuk fel, hogy jav\u00edtsuk az \u00d6nnek ny\u00fajtott szolg\u00e1ltat\u00e1sainkat \u00e9s az \u00d6n \u00e1ltal vel\u00fcnk szerzett tapasztalatokat.<\/span><\/p>\n<p class=\"p1\"><span class=\"s1\">&#8211; Az \u00d6n adatainak v\u00e9delme a jogosulatlan hozz\u00e1f\u00e9r\u00e9st\u0151l az els\u0151 sz\u00e1m\u00fa priorit\u00e1sunk, ez mag\u00e1ban foglalja az adatok jogosulatlan hozz\u00e1f\u00e9r\u00e9s\u00e9nek, szerkeszt\u00e9s\u00e9nek vagy megoszt\u00e1s\u00e1nak megakad\u00e1lyoz\u00e1s\u00e1t.<\/span><\/p>\n<p class=\"p1\"><span class=\"s1\">&#8211; Elk\u00f6telezz\u00fck magunkat amellett, hogy minden sz\u00fcks\u00e9ges inform\u00e1ci\u00f3t a lehet\u0151 legvil\u00e1gosabban \u00e9s legt\u00f6m\u00f6rebben k\u00f6zl\u00fcnk.<\/span><\/p>\n<p class=\"p1\"><span class=\"s1\">&#8211; \u00d6n d\u00f6nthet arr\u00f3l, hogy mit \u00e9s hogyan halljon t\u0151l\u00fcnk.<\/span><\/p>\n<p class=\"p1\"><span class=\"s1\">&#8211; Minden olyan szem\u00e9lyes adatot, amely nem n\u00e9lk\u00fcl\u00f6zhetetlen az elemz\u00e9sekhez, t\u00f6r\u00f6lni kell, hogy megakad\u00e1lyozzuk a rendszer\u00fcnkben t\u00e1rolt felesleges inform\u00e1ci\u00f3k t\u00e1rol\u00e1s\u00e1t.<\/span><\/p>\n<\/p>\n<h3 class=\"p1\"><span class=\"s1\">A feldolgoz\u00e1s jogalapja<\/span><\/h3>\n<p class=\"p1\"><span class=\"s1\">Az \u00d6n szem\u00e9lyes adatait a k\u00f6vetkez\u0151 okokb\u00f3l fogjuk feldolgozni:<\/span><\/p>\n<p class=\"p1\"><span class=\"s1\">&#8211; Az \u00d6n \u00e1ltal k\u00f6t\u00f6tt szerz\u0151d\u00e9sek teljes\u00edt\u00e9se<\/span><\/p>\n<p class=\"p1\"><span class=\"s1\">&#8211; Jogi k\u00f6telezetts\u00e9geink teljes\u00edt\u00e9se<\/span><\/p>\n<p class=\"p1\"><span class=\"s1\">&#8211; Marketing \u00e9s egy\u00e9b jogos \u00e9rdekek<\/span><\/p>\n<p class=\"p2\">\n<h3 class=\"p1\"><span class=\"s1\">Jogos \u00e9rdekek<\/span><\/h3>\n<p class=\"p1\"><span class=\"s1\">Ezek k\u00f6z\u00e9 tartoznak a k\u00f6vetkez\u0151k:  <\/span><\/p>\n<p class=\"p1\"><span class=\"s1\">&#8211; Szem\u00e9lyes adatok gy\u0171jt\u00e9se annak \u00e9rdek\u00e9ben, hogy a lehet\u0151 legjobb \u00fcgyf\u00e9l\u00e9lm\u00e9nyt ny\u00fajthassuk \u00d6nnek<\/span><\/p>\n<p class=\"p1\"><span class=\"s1\">&#8211; A bels\u0151 folyamatokhoz sz\u00fcks\u00e9ges m\u0171k\u00f6d\u00e9si k\u00f6vetelm\u00e9nyek<\/span><\/p>\n<p class=\"p1\"><span class=\"s1\">&#8211; Az \u00d6n ig\u00e9nyeinek teljes\u00edt\u00e9se szolg\u00e1ltat\u00e1sainkkal \u00e9s term\u00e9keinkkel kapcsolatban<\/span><\/p>\n<p class=\"p1\"><span class=\"s1\">&#8211; Csal\u00e1smegel\u0151z\u00e9s<\/span><\/p>\n<p class=\"p1\"><span class=\"s1\">&#8211; Kiz\u00e1r\u00f3lag a saj\u00e1t bels\u0151 marketing, kutat\u00e1s \u00e9s term\u00e9kfejleszt\u00e9s c\u00e9ljaira<\/span><\/p>\n<p class=\"p2\">\n<h3 class=\"p1\"><span class=\"s1\">  Hogyan gy\u0171jt\u00fcnk inform\u00e1ci\u00f3kat \u00d6nr\u0151l  <\/span><\/h3>\n<p class=\"p1\"><span class=\"s1\">&#8211; Online v\u00e1s\u00e1rl\u00e1sokon kereszt\u00fcl (megrendel\u00e9s lead\u00e1sakor)  <\/span><\/p>\n<p class=\"p1\"><span class=\"s1\">&#8211; Direkt marketing (amikor feliratkozik h\u00edrlevel\u00fcnkre)<\/span><\/p>\n<p class=\"p1\"><span class=\"s1\">&#8211; Amikor regisztr\u00e1l egy FipMed.co fi\u00f3kra<\/span><\/p>\n<p class=\"p1\"><span class=\"s1\">&#8211; \u00dcgyf\u00e9lszolg\u00e1latunkon kereszt\u00fcl t\u00f6rt\u00e9n\u0151 kommunik\u00e1ci\u00f3n kereszt\u00fcl<\/span><\/p>\n<p class=\"p1\"><span class=\"s1\">&#8211; Az \u00d6n adatait a weboldalunkon tett l\u00e1togat\u00e1sok sor\u00e1n automatikusan is gy\u0171jthetj\u00fck, ezek k\u00f6z\u00e9 tartoznak az \u00d6n eszk\u00f6zeire \u00e9s b\u00f6ng\u00e9sz\u00e9s\u00e9re vonatkoz\u00f3 inform\u00e1ci\u00f3k.<br \/>\nEzeket az inform\u00e1ci\u00f3kat s\u00fctik \u00e9s hasonl\u00f3 technol\u00f3gi\u00e1k haszn\u00e1lat\u00e1val gy\u0171jtj\u00fck.   <\/span><\/p>\n<p class=\"p2\">\n<h3 class=\"p1\"><span class=\"s1\">Mi\u00e9rt haszn\u00e1ljuk az \u00d6n szem\u00e9lyes adatait:<\/span><\/h3>\n<p class=\"p1\"><span class=\"s1\">&#8211; V\u00e1s\u00e1rl\u00e1sainak feldolgoz\u00e1sa \u00e9s kisz\u00e1ll\u00edt\u00e1sa<\/span><\/p>\n<p class=\"p1\"><span class=\"s1\">&#8211; Fizet\u00e9sek fogad\u00e1sa \u00e9s visszat\u00e9r\u00edt\u00e9sek teljes\u00edt\u00e9se<\/span><\/p>\n<p class=\"p1\"><span class=\"s1\">&#8211; Szolg\u00e1ltat\u00e1si \u00fczenetek k\u00fcld\u00e9se SMS-ben, e-mailben vagy m\u00e1s m\u00f3don<\/span><\/p>\n<p class=\"p1\"><span class=\"s1\">&#8211; \u00dcgyf\u00e9lszolg\u00e1lati szolg\u00e1ltat\u00e1sok \u00e9s t\u00e1mogat\u00e1s ny\u00fajt\u00e1sa, visszak\u00fcld\u00e9sek kezel\u00e9se, garanci\u00e1lis ig\u00e9nyek kezel\u00e9se.<\/span><\/p>\n<p class=\"p1\"><span class=\"s1\">&#8211; A csal\u00e1sok felder\u00edt\u00e9s\u00e9nek \u00e9s megel\u0151z\u00e9s\u00e9nek minden form\u00e1ja<\/span><\/p>\n<p class=\"p1\"><span class=\"s1\">&#8211; Biztons\u00e1g \u00e9s weboldalunk v\u00e9delme<\/span><\/p>\n<p class=\"p1\"><span class=\"s1\">&#8211; Hirdet\u00e9seink megjelen\u00edt\u00e9se az \u00d6n sz\u00e1m\u00e1ra, mik\u00f6zben b\u00f6ng\u00e9szik az interneten<\/span><\/p>\n<p class=\"p1\"><span class=\"s1\">&#8211; Inform\u00e1ci\u00f3k ny\u00fajt\u00e1sa term\u00e9keinkr\u0151l \u00e9s szolg\u00e1ltat\u00e1sainkr\u00f3l, prom\u00f3ci\u00f3kr\u00f3l, kedvezm\u00e9nyekr\u0151l \u00e9s h\u00edrekr\u0151l az \u00d6n preferenci\u00e1ival \u00e9s k\u00edv\u00e1ns\u00e1gaival kapcsolatban.<\/span><\/p>\n<p class=\"p1\"><span class=\"s1\">&#8211; Weboldalunk fejleszt\u00e9se<\/span><\/p>\n<p class=\"p2\">\n<h3 class=\"p1\"><span class=\"s1\">Milyen t\u00edpus\u00fa adatokat gy\u0171jt\u00fcnk<\/span><\/h3>\n<p class=\"p1\"><span class=\"s1\">&#8211; Szem\u00e9lyazonoss\u00e1g \u00e9s el\u00e9rhet\u0151s\u00e9gi adatok (e-mail c\u00edm, keresztn\u00e9v, vezet\u00e9kn\u00e9v, c\u00edm, telefonsz\u00e1m)<\/span><\/p>\n<p class=\"p1\"><span class=\"s1\">&#8211; P\u00e9nz\u00fcgyi \u00e9s tranzakci\u00f3s inform\u00e1ci\u00f3k (hitelk\u00e1rtyaadatok, a harmadik f\u00e9l \u00e1ltal biztos\u00edtott fizet\u00e9si folyamatok r\u00e9szletei)<\/span><\/p>\n<p class=\"p1\"><span class=\"s1\">&#8211; Profiladatok (keresztn\u00e9v, vezet\u00e9kn\u00e9v, e-mail c\u00edm, jelsz\u00f3 \u00e9s tov\u00e1bbi, nem k\u00f6telez\u0151 felhaszn\u00e1l\u00f3i adatok: nem, id\u0151z\u00f3na, sz\u00fclet\u00e9si d\u00e1tum).<\/span><\/p>\n<p class=\"p1\"><span class=\"s1\">&#8211; Technikai inform\u00e1ci\u00f3k (internetprotokoll (IP) c\u00edm, az \u00d6n bejelentkez\u00e9si adatai, b\u00f6ng\u00e9sz\u00e9si adatok, id\u0151z\u00f3na, nyelv, b\u00f6ng\u00e9sz\u0151 plug-in t\u00edpusok \u00e9s verzi\u00f3k, oper\u00e1ci\u00f3s rendszer \u00e9s egy\u00e9b technol\u00f3gi\u00e1k a FipMed.co weboldal vagy mobilalkalmaz\u00e1s el\u00e9r\u00e9s\u00e9hez haszn\u00e1lt eszk\u00f6z\u00f6k\u00f6n).<\/span><\/p>\n<p class=\"p1\"><span class=\"s1\">&#8211; Marketing \u00e9s kommunik\u00e1ci\u00f3s adatok (e-mail c\u00edm, keresztn\u00e9v, vezet\u00e9kn\u00e9v, nem, id\u0151z\u00f3na, r\u00e9gi\u00f3, orsz\u00e1g, v\u00e1s\u00e1rl\u00e1s d\u00e1tuma, IP-c\u00edm, rendel\u00e9s d\u00e1tuma, megv\u00e1s\u00e1rolt term\u00e9k, el\u0151fizet\u00e9s forr\u00e1sa, nyelv, rendel\u00e9s azonos\u00edt\u00f3ja, felhaszn\u00e1l\u00f3i azonos\u00edt\u00f3, el\u0151fizet\u00e9s d\u00e1tuma, utols\u00f3 m\u00f3dos\u00edt\u00e1s d\u00e1tuma).<\/span><\/p>\n<p class=\"p2\">\n<h3 class=\"p1\"><span class=\"s1\">Mennyi ideig t\u00e1roljuk az \u00d6n szem\u00e9lyes adatait<\/span><\/h3>\n<p class=\"p1\"><span class=\"s1\">Az \u00d6n adatait addig \u0151rizz\u00fck meg, am\u00edg \u00d6n fi\u00f3kkal rendelkezik, vagy am\u00edg sz\u00fcks\u00e9ges ahhoz, hogy szolg\u00e1ltat\u00e1sokat tudjunk ny\u00fajtani \u00d6nnek, bele\u00e9rtve a legfeljebb 10 \u00e9vig tart\u00f3 term\u00e9kgaranci\u00e1t, vagy (az \u00fcgyf\u00e9lszolg\u00e1lati csapatunkkal val\u00f3 kapcsolatfelv\u00e9tel eset\u00e9n) am\u00edg sz\u00fcks\u00e9ges a t\u00e1mogat\u00e1ssal kapcsolatos jelent\u00e9sek \u00e9s trendelemz\u00e9sek elk\u00e9sz\u00edt\u00e9s\u00e9hez.<\/span><\/p>\n<p class=\"p1\"><span class=\"s1\">Az \u00d6n egyes adatait, ha a t\u00f6rv\u00e9ny el\u0151\u00edrja, m\u00e9g azut\u00e1n is meg\u0151rizhetj\u00fck, hogy a sz\u00e1ml\u00e1j\u00e1t megsz\u00fcntett\u00fck, \u00e9s m\u00e1r nem kell semmilyen szolg\u00e1ltat\u00e1st ny\u00fajtanunk \u00d6nnek.<\/span><\/p>\n<p class=\"p1\"><span class=\"s1\">A direkt marketing c\u00e9lj\u00e1ra haszn\u00e1lt adatokat addig t\u00e1roljuk, am\u00edg a felhaszn\u00e1l\u00f3 le nem iratkozik, vagy egy \u00e9vn\u00e9l hosszabb ideig inakt\u00edvv\u00e1 nem v\u00e1lik.<\/span><\/p>\n<p class=\"p2\">\n<p class=\"p1\"><span class=\"s1\">Nem adunk \u00e9s nem is fogunk eladni semmilyen szem\u00e9lyes adatot harmadik f\u00e9lnek &#8211; bele\u00e9rtve a nev\u00e9t, c\u00edm\u00e9t, e-mail c\u00edm\u00e9t vagy hitelk\u00e1rtyaadatait.<span class=\"Apple-converted-space\">  <\/span>Szeretn\u00e9nk elnyerni \u00e9s fenntartani az \u00d6n bizalm\u00e1t, \u00e9s \u00fagy gondoljuk, hogy ez elengedhetetlen\u00fcl fontos ehhez.<\/span><\/p>\n<p class=\"p1\"><span class=\"s1\">Az \u00d6n adatait azonban a k\u00f6vetkez\u0151 kateg\u00f3ri\u00e1kba tartoz\u00f3 v\u00e1llalatokkal osztjuk meg, mivel ez elengedhetetlen ahhoz, hogy a jelen nyilatkozatban meghat\u00e1rozottak szerint ny\u00fajthassuk \u00d6nnek szolg\u00e1ltat\u00e1sainkat:<\/span><\/p>\n<p class=\"p1\"><span class=\"s1\">&#8211; kapcsolt v\u00e1llalkoz\u00e1sok \u00e9s adatfeldolgoz\u00f3k az ad\u00e1sv\u00e9teli szerz\u0151d\u00e9s teljes\u00edt\u00e9se vagy bels\u0151 folyamatok \u00e9s elj\u00e1r\u00e1sok v\u00e9grehajt\u00e1sa \u00e9rdek\u00e9ben.<\/span><\/p>\n<p class=\"p1\"><span class=\"s1\">&#8211; Hitelk\u00e1rty\u00e1kat kibocs\u00e1t\u00f3 v\u00e1llalatok, fizet\u00e9si szolg\u00e1ltat\u00e1sokat ny\u00fajt\u00f3 szolg\u00e1ltat\u00f3k a fizet\u00e9sek feldolgoz\u00e1s\u00e1hoz \u00e9s bankok, az \u00d6n megrendel\u00e9se alapj\u00e1n, az ad\u00e1sv\u00e9teli szerz\u0151d\u00e9s teljes\u00edt\u00e9se \u00e9rdek\u00e9ben.<\/span><\/p>\n<p class=\"p1\"><span class=\"s1\">&#8211; Az \u00d6n megrendel\u00e9s\u00e9nek vagy szolg\u00e1ltat\u00e1sainak kisz\u00e1ll\u00edt\u00e1s\u00e1t v\u00e9gz\u0151 fuvaroz\u00f3k  <\/span><\/p>\n<p class=\"p1\"><span class=\"s1\">&#8211; Egy\u00e9b szolg\u00e1ltat\u00f3k \u00e9s az adatfeldolgoz\u00e1sban r\u00e9szt vev\u0151 harmadik felek<\/span><\/p>\n<p class=\"p1\"><span class=\"s1\">&#8211; Harmadik felek, p\u00e9ld\u00e1ul b\u0171n\u00fcld\u00f6z\u0151 szervek, m\u00e1s korm\u00e1nyzati szervek \u00e9s kapcsol\u00f3d\u00f3 felek, ha erre t\u00f6rv\u00e9ny k\u00f6telez minket.<\/span><\/p>\n<\/p>\n<p class=\"p1\"><span class=\"s1\">El\u0151fordulhat, hogy harmadik feleknek \u00f6sszes\u00edtett, de anonimiz\u00e1lt inform\u00e1ci\u00f3kat \u00e9s elemz\u00e9si adatokat adunk \u00e1t \u00fcgyfeleinkr\u0151l, \u00e9s miel\u0151tt ezt megtenn\u00e9nk, meggy\u0151z\u0151d\u00fcnk arr\u00f3l, hogy ezek nem azonos\u00edtj\u00e1k \u00d6nt.<\/span><\/p>\n<p class=\"p2\">\n<p class=\"p2\">\n<h3 class=\"p1\"><span class=\"s1\">Mik az \u00d6n jogai<\/span><\/h3>\n<p class=\"p1\"><span class=\"s1\">&#8211; Az \u00d6nr\u0151l t\u00e1rolt szem\u00e9lyes adatokhoz val\u00f3 hozz\u00e1f\u00e9r\u00e9s joga.<span class=\"Apple-converted-space\">  <\/span>\u00d6n b\u00e1rmikor jogosult t\u00e1j\u00e9koztat\u00e1st k\u00e9rni az \u00d6nr\u0151l t\u00e1rolt szem\u00e9lyes adatokr\u00f3l.<br \/>\nHa kapcsolatba l\u00e9p vel\u00fcnk, e-mailben k\u00fcldj\u00fck el \u00d6nnek a szem\u00e9lyes adatait. <\/span><\/p>\n<p class=\"p1\"><span class=\"s1\">&#8211; A hordozhat\u00f3s\u00e1ghoz val\u00f3 jog.<span class=\"Apple-converted-space\">  <\/span>\u00d6n jogosult arra, hogy adatainak m\u00e1solat\u00e1t struktur\u00e1lt, \u00e1ltal\u00e1nosan haszn\u00e1lt \u00e9s g\u00e9ppel olvashat\u00f3 form\u00e1tumban megkapja, \u00e9s azt \u00e1tadjuk \u00d6nnek vagy egy m\u00e1sik f\u00e9lnek.<span class=\"Apple-converted-space\">  <\/span>Ez csak azokra a szem\u00e9lyes adatokra vonatkozik, amelyeket \u00d6n megadott nek\u00fcnk.<span class=\"Apple-converted-space\">  <\/span>\u00d6nnek joga van arra is, hogy k\u00e9rje, hogy az \u00d6n adatainak egyes elemeit tov\u00e1bb\u00edtsuk vagy \u00e1thelyezz\u00fck \u00d6nnek vagy egy m\u00e1sik szolg\u00e1ltat\u00f3nak.<\/span><\/p>\n<p class=\"p1\"><span class=\"s1\">&#8211; A helyesb\u00edt\u00e9shez val\u00f3 jog.<span class=\"Apple-converted-space\">  <\/span>\u00d6n jogosult arra, hogy k\u00e9rje szem\u00e9lyes adatainak helyesb\u00edt\u00e9s\u00e9t, ha azok helytelenek, bele\u00e9rtve a hi\u00e1nyos szem\u00e9lyes adatok kieg\u00e9sz\u00edt\u00e9s\u00e9hez val\u00f3 jogot is.<\/span><\/p>\n<p class=\"p1\"><span class=\"s1\">&#8211; A t\u00f6rl\u00e9shez val\u00f3 jog.<span class=\"Apple-converted-space\">  <\/span>\u00d6n b\u00e1rmikor jogosult k\u00e9rni, hogy t\u00f6r\u00f6lj\u00fck, le\u00e1ll\u00edtsuk a szem\u00e9lyes adatok feldolgoz\u00e1s\u00e1t vagy gy\u0171jt\u00e9s\u00e9t.<\/span><\/p>\n<p class=\"p1\"><span class=\"s1\">&#8211; A szem\u00e9lyes adatok jogos \u00e9rdeken alapul\u00f3 feldolgoz\u00e1sa elleni tiltakoz\u00e1s joga.<span class=\"Apple-converted-space\">  <\/span>Az \u00d6n k\u00e9r\u00e9s\u00e9re a FipMed.co nem folytatja az \u00d6n szem\u00e9lyes adatainak feldolgoz\u00e1s\u00e1t, kiv\u00e9ve, ha bizony\u00edtani tudjuk, hogy az \u00d6n \u00e9rdekeit \u00e9s jogait fel\u00fcl\u00edr\u00f3, vagy jogi k\u00f6telezetts\u00e9gek vagy k\u00f6vetel\u00e9sek miatt jogos okunk van az ellenkez\u0151j\u00e9re.<\/span><\/p>\n<p class=\"p1\"><span class=\"s1\">&#8211; A k\u00f6zvetlen marketinggel szembeni tiltakoz\u00e1s joga.<span class=\"Apple-converted-space\">  <\/span>\u00d6nnek joga van tiltakozni a k\u00f6zvetlen \u00fczletszerz\u00e9s ellen, bele\u00e9rtve a k\u00f6zvetlen \u00fczletszerz\u00e9s c\u00e9lj\u00e1b\u00f3l v\u00e9gzett profilelemz\u00e9st is.<\/span><\/p>\n<p class=\"p1\"><span class=\"s1\">\u00dcgyfel\u00fcnkk\u00e9nt vagy honlapunk l\u00e1togat\u00f3jak\u00e9nt \u00d6n jogosult a szem\u00e9lyes adatai gy\u0171jt\u00e9s\u00e9vel \u00e9s feldolgoz\u00e1s\u00e1val kapcsolatos teljes k\u00f6r\u0171 t\u00e1j\u00e9koztat\u00e1sra.<span class=\"Apple-converted-space\">  <\/span>Ha \u00e9lni szeretne jogaival, seg\u00edts\u00e9gre van sz\u00fcks\u00e9ge, panasza van, vagy csak k\u00e9rd\u00e9se van, k\u00e9rj\u00fck, forduljon hozz\u00e1nk bizalommal.<\/span><\/p>\n<p class=\"p2\">\n<h3 class=\"p1\"><span class=\"s1\">A s\u00fctikr\u0151l<\/span><\/h3>\n<p class=\"p1\"><span class=\"s1\">A s\u00fctik kis sz\u00f6veges f\u00e1jlok, amelyeket egy weboldal k\u00fcld, \u00e9s a felhaszn\u00e1l\u00f3 b\u00f6ng\u00e9sz\u0151je t\u00e1rolja \u0151ket, mik\u00f6zben a felhaszn\u00e1l\u00f3 egy weboldalon b\u00f6ng\u00e9szik.<span class=\"Apple-converted-space\">  <\/span>Amikor a felhaszn\u00e1l\u00f3 a j\u00f6v\u0151ben ugyanazt a weboldalt b\u00f6ng\u00e9szi, a cookie-ban t\u00e1rolt adatokat a weboldal lek\u00e9rdezheti, hogy \u00e9rtes\u00edtse a weboldalt a felhaszn\u00e1l\u00f3 kor\u00e1bbi tev\u00e9kenys\u00e9g\u00e9r\u0151l, \u00e9s ez\u00e1ltal megk\u00fcl\u00f6nb\u00f6ztesse a felhaszn\u00e1l\u00f3t az oldalt haszn\u00e1l\u00f3 t\u00f6bbi felhaszn\u00e1l\u00f3t\u00f3l.<\/span><\/p>\n<p class=\"p2\">\n<p class=\"p1\"><span class=\"s1\">S\u00fctiket haszn\u00e1lunk, hogy seg\u00edts\u00fck \u00d6nt a weboldalunkon val\u00f3 hat\u00e9kony navig\u00e1l\u00e1sban \u00e9s bizonyos funkci\u00f3k, t\u00f6bbek k\u00f6z\u00f6tt a weboldal forgalm\u00e1nak elemz\u00e9se \u00e9rdek\u00e9ben.<br \/>\nA cookie-k a k\u00f6vetkez\u0151 bejelentkez\u00e9skor is felismerhetik \u00d6nt, \u00e9s az \u00d6n preferenci\u00e1inak \u00e9s \u00e9rdekl\u0151d\u00e9si k\u00f6r\u00e9nek megfelel\u0151 tartalmat k\u00edn\u00e1lhatnak \u00d6nnek. <\/span><\/p>\n<p class=\"p1\"><span class=\"s1\">A cookie-kat akkor t\u00e1rolhatjuk az \u00d6n eszk\u00f6z\u00e9n, ha azok felt\u00e9tlen\u00fcl sz\u00fcks\u00e9gesek a weboldal m\u0171k\u00f6d\u00e9s\u00e9hez.<br \/>\nMinden m\u00e1s t\u00edpus\u00fa cookie-hoz az \u00d6n enged\u00e9lye sz\u00fcks\u00e9ges.<br \/>\nEz az oldal k\u00fcl\u00f6nb\u00f6z\u0151 t\u00edpus\u00fa cookie-kat haszn\u00e1l.<br \/>\nEgyes cookie-kat harmadik f\u00e9lt\u0151l sz\u00e1rmaz\u00f3, az oldalainkon megjelen\u0151 szolg\u00e1ltat\u00e1sok helyeznek el.<br \/>\n\u00d6n b\u00e1rmikor megv\u00e1ltoztathatja vagy visszavonhatja hozz\u00e1j\u00e1rul\u00e1s\u00e1t a weboldalunkon tal\u00e1lhat\u00f3 *Cookie Managerben.    <\/span><\/p>\n<p class=\"p2\">\n<p class=\"p1\"><span class=\"s1\">Az \u00e1ltalunk haszn\u00e1lt s\u00fctik t\u00edpusai:<\/span><\/p>\n<p class=\"p1\"><span class=\"s1\">&#8211; A sz\u00fcks\u00e9ges s\u00fctik seg\u00edtenek a weboldal haszn\u00e1lhat\u00f3s\u00e1g\u00e1ban az\u00e1ltal, hogy olyan alapvet\u0151 funkci\u00f3kat tesznek lehet\u0151v\u00e9, mint az oldal navig\u00e1ci\u00f3ja \u00e9s a weboldal biztons\u00e1gos ter\u00fcleteinek el\u00e9r\u00e9se.<br \/>\nA weboldal e s\u00fctik n\u00e9lk\u00fcl nem tud megfelel\u0151en m\u0171k\u00f6dni. <\/span><\/p>\n<p class=\"p1\"><span class=\"s1\">&#8211; A preferencias\u00fctik lehet\u0151v\u00e9 teszik, hogy a webhely megjegyezze azokat az inform\u00e1ci\u00f3kat, amelyek megv\u00e1ltoztatj\u00e1k a webhely viselked\u00e9s\u00e9t vagy megjelen\u00e9s\u00e9t, p\u00e9ld\u00e1ul az \u00d6n \u00e1ltal prefer\u00e1lt nyelvet vagy a r\u00e9gi\u00f3t, amelyben tart\u00f3zkodik.<\/span><\/p>\n<p class=\"p1\"><span class=\"s1\">&#8211; A statisztikai s\u00fctik seg\u00edtenek a weboldal tulajdonosainak abban, hogy meg\u00e9rts\u00e9k, hogyan l\u00e9pnek kapcsolatba a l\u00e1togat\u00f3k a weboldalakkal az\u00e1ltal, hogy n\u00e9vtelen\u00fcl gy\u0171jtik \u00e9s jelentik az inform\u00e1ci\u00f3kat.<\/span><\/p>\n<p class=\"p1\"><span class=\"s1\">&#8211; A marketing cookie-kat a l\u00e1togat\u00f3k nyomon k\u00f6vet\u00e9s\u00e9re haszn\u00e1lj\u00e1k a weboldalakon kereszt\u00fcl.<br \/>\nA c\u00e9l az, hogy olyan hirdet\u00e9seket jelen\u00edtsenek meg, amelyek relev\u00e1nsak \u00e9s vonz\u00f3ak az egyes felhaszn\u00e1l\u00f3k sz\u00e1m\u00e1ra, \u00e9s ez\u00e1ltal \u00e9rt\u00e9kesebbek a kiad\u00f3k \u00e9s a harmadik f\u00e9l hirdet\u0151k sz\u00e1m\u00e1ra. <\/span><\/p>\n\t\t\t\t\t\t\t\t<\/div>\n\t\t\t\t<\/div>\n\t\t\t\t\t<\/div>\n\t\t<\/div>\n\t\t\t\t\t<\/div>\n\t\t<\/section>\n\t\t\t\t<\/div>\n\t\t","protected":false},"excerpt":{"rendered":"<p>A FipMed.co sz\u00e1m\u00e1ra az adatv\u00e9delem kiemelten fontos, \u00e9s szeretn\u00e9nk ny\u00edltan \u00e9s \u00e1tl\u00e1that\u00f3an kezelni az \u00d6n szem\u00e9lyes adatait. Elk\u00f6telezettek vagyunk \u00fcgyfeleink \u00e9s webhely\u00fcnk l\u00e1togat\u00f3inak mag\u00e1n\u00e9let\u00e9nek \u00e9s biztons\u00e1g\u00e1nak v\u00e9delme ir\u00e1nt. Ez\u00e9rt van egy szab\u00e1lyzatunk, amely meghat\u00e1rozza, hogy milyen c\u00e9lb\u00f3l gy\u0171jtj\u00fck az \u00d6n szem\u00e9lyes adatait, valamint hogyan dolgozzuk fel \u00e9s v\u00e9dj\u00fck azokat. Lehet\u0151s\u00e9ge lesz arra is, hogy figyelemmel [&hellip;]<\/p>\n","protected":false},"author":1,"featured_media":0,"parent":0,"menu_order":0,"comment_status":"closed","ping_status":"open","template":"","meta":{"_glsr_average":0,"_glsr_ranking":0,"_glsr_reviews":0,"footnotes":""},"categories":[],"tags":[],"_links":{"self":[{"href":"https:\/\/fipmed.co\/hu\/wp-json\/wp\/v2\/pages\/22118"}],"collection":[{"href":"https:\/\/fipmed.co\/hu\/wp-json\/wp\/v2\/pages"}],"about":[{"href":"https:\/\/fipmed.co\/hu\/wp-json\/wp\/v2\/types\/page"}],"author":[{"embeddable":true,"href":"https:\/\/fipmed.co\/hu\/wp-json\/wp\/v2\/users\/1"}],"replies":[{"embeddable":true,"href":"https:\/\/fipmed.co\/hu\/wp-json\/wp\/v2\/comments?post=22118"}],"version-history":[{"count":1,"href":"https:\/\/fipmed.co\/hu\/wp-json\/wp\/v2\/pages\/22118\/revisions"}],"predecessor-version":[{"id":22122,"href":"https:\/\/fipmed.co\/hu\/wp-json\/wp\/v2\/pages\/22118\/revisions\/22122"}],"wp:attachment":[{"href":"https:\/\/fipmed.co\/hu\/wp-json\/wp\/v2\/media?parent=22118"}],"wp:term":[{"taxonomy":"category","embeddable":true,"href":"https:\/\/fipmed.co\/hu\/wp-json\/wp\/v2\/categories?post=22118"},{"taxonomy":"post_tag","embeddable":true,"href":"https:\/\/fipmed.co\/hu\/wp-json\/wp\/v2\/tags?post=22118"}],"curies":[{"name":"wp","href":"https:\/\/api.w.org\/{rel}","templated":true}]}}