{"id":22155,"date":"2024-03-25T06:20:25","date_gmt":"2024-03-25T06:20:25","guid":{"rendered":"https:\/\/fipmed.co\/meg-kell-e-kezdenem-a-fip-cats-kezelest-megerositett-egyertelmu-diagnozis-nelkul\/"},"modified":"2024-03-25T06:20:25","modified_gmt":"2024-03-25T06:20:25","slug":"meg-kell-e-kezdenem-a-fip-cats-kezelest-megerositett-egyertelmu-diagnozis-nelkul","status":"publish","type":"page","link":"https:\/\/fipmed.co\/hu\/meg-kell-e-kezdenem-a-fip-cats-kezelest-megerositett-egyertelmu-diagnozis-nelkul\/","title":{"rendered":"El kell kezdenem a FIP macsk\u00e1k kezel\u00e9s\u00e9t an\u00e9lk\u00fcl, hogy meger\u0151s\u00edtett, v\u00e9gleges diagn\u00f3zis \u00e1llna rendelkez\u00e9sre?"},"content":{"rendered":"<p>El kell kezdenem a FIP macsk\u00e1k kezel\u00e9s\u00e9t an\u00e9lk\u00fcl, hogy meger\u0151s\u00edtett, v\u00e9gleges diagn\u00f3zis \u00e1llna rendelkez\u00e9sre?<br \/>\nA r\u00f6vid v\u00e1lasz: igen.<br \/>\nDe mindig folytatni kell a meger\u0151s\u00edtett diagn\u00f3zis fel\u00e1ll\u00edt\u00e1s\u00e1t, m\u00e9g akkor is, ha m\u00e1r megkezdte a kezel\u00e9st.<br \/>\nEnnek az az oka, hogy nem akarunk id\u0151t vesztegetni, hanem min\u00e9l hamarabb meg akarjuk tudni, hogy mi a t\u00e9nyleges betegs\u00e9g.<br \/>\nA FIP vagy Feline Infectious Peritonitis hihetetlen\u00fcl nehezen diagnosztiz\u00e1lhat\u00f3 betegs\u00e9g.<br \/>\nMivel nincs r\u00e1 egyetlen specifikus teszt, az \u00e1llatorvosoknak t\u00f6bb mutat\u00f3ra kell t\u00e1maszkodniuk, hogy felm\u00e9rj\u00e9k, hogy a macska reag\u00e1l-e a szervezet\u00e9ben l\u00e9v\u0151 FCov t\u00e1mad\u00e1sra.<br \/>\nNincs olyan FIP diagn\u00f3zis, amely 100%-ban bizony\u00edt\u00f3 erej\u0171 lenne.<br \/>\nEz az\u00e9rt van \u00edgy, mert a FIP t\u00fal sok t\u00fcnetet oszt meg m\u00e1s betegs\u00e9gekkel, \u00e9s 1 mutat\u00f3 nem jelenti azt, hogy a macska FIP-es.<br \/>\nMin\u00e9l t\u00f6bb indik\u00e1tor van a v\u00e9rvizsg\u00e1latokban, folyad\u00e9kgy\u00fclem vizsg\u00e1latokban, antitest vizsg\u00e1latokban stb. ann\u00e1l nagyobb biztons\u00e1got ad az \u00e1llatorvosoknak annak meg\u00e1llap\u00edt\u00e1s\u00e1ban, hogy FIP-r\u0151l van-e sz\u00f3.<br \/>\nTeh\u00e1t j\u00f3, ha az \u00e1llatorvosok akkor kezelik a FIP-et, ha 50%-ban biztos benne, hogy FIP-r\u0151l van sz\u00f3, \u00e9s a kezel\u00e9s sor\u00e1n tov\u00e1bbra is v\u00e9geznek m\u00e1s vizsg\u00e1latokat, hogy kiz\u00e1rjanak m\u00e1s betegs\u00e9geket.<br \/>\nEz az\u00e9rt van, mert a GS441524 nem okoz s\u00falyos mell\u00e9khat\u00e1sokat.            <\/p>\n<h1><\/h1>\n<h1><strong>Diagnosztikai kih\u00edv\u00e1sok \u00e9s korl\u00e1tok<\/strong><\/h1>\n<p><strong> <\/strong><\/p>\n<p><strong>Hamis pozit\u00edv \u00e9s negat\u00edv eredm\u00e9nyek<\/strong> Hamis pozit\u00edv \u00e9s hamis negat\u00edv eredm\u00e9nyek fordulhatnak el\u0151 a FIP-tesztekn\u00e9l. A hamis pozit\u00edv eredm\u00e9ny akkor fordul el\u0151, amikor a teszt azt jelzi, hogy a macska v\u00edrussal fert\u0151z\u00f6tt, holott val\u00f3j\u00e1ban nem. Ez t\u00e9ves diagn\u00f3zishoz vagy nem megfelel\u0151 kezel\u00e9si protokollokhoz vezethet olyan macsk\u00e1k eset\u00e9ben, amelyek val\u00f3j\u00e1ban nem fert\u0151z\u00f6ttek a v\u00edrussal. A hamis negat\u00edv eredm\u00e9ny akkor fordul el\u0151, ha a teszt t\u00e9vesen \u00e1llap\u00edtja meg, hogy a mint\u00e1ban nincs nyoma a v\u00edrus jelenl\u00e9t\u00e9nek, ami k\u00e9sleltetett vagy nem megfelel\u0151 kezel\u00e9shez vezethet azon macsk\u00e1k eset\u00e9ben, amelyek val\u00f3ban FIP-fert\u0151z\u00f6ttek.<br \/>\nBizonyos esetekben a hib\u00e1s eredm\u00e9nyt a rossz min\u0151s\u00e9g\u0171 mint\u00e1k okozhatj\u00e1k.<br \/>\nNem haszn\u00e1l p\u00e9ld\u00e1ul, ha a vizsg\u00e1lathoz haszn\u00e1lt sz\u00f6vetet vagy v\u00e9rt a gy\u0171jt\u00e9s \u00e9s sz\u00e1ll\u00edt\u00e1s sor\u00e1n rosszul kezelt\u00e9k.<br \/>\nEz\u00e9rt hihetetlen\u00fcl fontos, hogy a mint\u00e1kat gondosan vegy\u00fck le \u00e9s t\u00e1roljuk, amint azokat a FIP-re vizsg\u00e1lt \u00e1llatb\u00f3l vett\u00fck.     &nbsp;<\/p>\n<h1><strong>Mi van, ha nem tud diagnosztiz\u00e1lni?<br \/>\nKezdje el a FIP macsk\u00e1k kezel\u00e9s\u00e9t a diagn\u00f3zis fel\u00e1ll\u00edt\u00e1s\u00e1hoz. <\/strong><\/h1>\n<p>  Az \u00e1llatorvosl\u00e1sban, t\u00f6bbek k\u00f6z\u00f6tt a macsk\u00e1k eset\u00e9ben is, bizonyos k\u00f6r\u00fclm\u00e9nyek k\u00f6z\u00f6tt n\u00e9ha alkalmazz\u00e1k a &#8222;diagn\u00f3zis fel\u00e1ll\u00edt\u00e1sa \u00e9rdek\u00e9ben t\u00f6rt\u00e9n\u0151 kezel\u00e9s&#8221; m\u00f3dszert.<br \/>\nEz a megk\u00f6zel\u00edt\u00e9s mag\u00e1ban foglalja egy ter\u00e1pi\u00e1s kezel\u00e9si k\u00eds\u00e9rlet elv\u00e9gz\u00e9s\u00e9t, hogy l\u00e1ssuk, a beteg pozit\u00edvan reag\u00e1l-e a v\u00e9gleges diagn\u00f3zis fel\u00e1ll\u00edt\u00e1sa el\u0151tt.<br \/>\nB\u00e1r vannak korl\u00e1tai, bizonyos helyzetekben el\u0151ny\u00f6s lehet: &nbsp; Azokban az esetekben, amikor a macska s\u00falyos vagy gyorsan<strong>el\u0151rehalad\u00f3<\/strong> t\u00fcnetekkel jelentkezik, nem biztos, hogy c\u00e9lszer\u0171 megv\u00e1rni a kiterjedt diagnosztikai vizsg\u00e1latokat egy adott betegs\u00e9g meger\u0151s\u00edt\u00e9s\u00e9re.<br \/>\nA kezel\u00e9s azonnali megkezd\u00e9se d\u00f6nt\u0151 fontoss\u00e1g\u00fa lehet, k\u00fcl\u00f6n\u00f6sen akkor, ha a kezel\u00e9s k\u00e9sleltet\u00e9se az \u00e1llapot roml\u00e1s\u00e1hoz vezethet. &nbsp;<strong>Korl\u00e1tozott er\u0151forr\u00e1sok vagy a diagnosztikai eszk\u00f6z\u00f6kh\u00f6z val\u00f3 hozz\u00e1f\u00e9r\u00e9s<\/strong> Bizonyos helyzetekben az \u00e1llatorvosi l\u00e9tes\u00edtm\u00e9nyek korl\u00e1tozottak lehetnek a rendelkez\u00e9sre \u00e1ll\u00f3 diagnosztikai eszk\u00f6z\u00f6k, p\u00e9ld\u00e1ul a speci\u00e1lis k\u00e9palkot\u00f3 vagy laborat\u00f3riumi vizsg\u00e1latok tekintet\u00e9ben.<br \/>\nA kezel\u00e9s megkezd\u00e9se pragmatikus megk\u00f6zel\u00edt\u00e9s lehet, am\u00edg a sz\u00e9lesebb k\u00f6r\u0171 diagnosztikai l\u00e9tes\u00edtm\u00e9nyek eredm\u00e9ny\u00e9re v\u00e1runk. &nbsp;<strong>Diagnosztikai bizonytalans\u00e1g<\/strong> Ha a macska t\u00fcnetei nem egy\u00e9rtelm\u0171ek, \u00e9s bizonytalan a kiv\u00e1lt\u00f3 ok, akkor ter\u00e1pi\u00e1s k\u00eds\u00e9rletet lehet ind\u00edtani a v\u00e1laszreakci\u00f3 megfigyel\u00e9s\u00e9re.<br \/>\nHa a macska javul a kezel\u00e9s hat\u00e1s\u00e1ra, az \u00e9rt\u00e9kes inform\u00e1ci\u00f3val szolg\u00e1lhat a t\u00fcnetek lehets\u00e9ges ok\u00e1r\u00f3l. &nbsp;<strong>\u00dcgyf\u00e9lkorl\u00e1tok<\/strong> Egyes macskatulajdonosok p\u00e9nz\u00fcgyi korl\u00e1tok miatt nem tudnak kiterjedt diagnosztikai vizsg\u00e1latot v\u00e9gezni.<br \/>\nIlyen helyzetekben a kezel\u00e9s megkezd\u00e9se megval\u00f3s\u00edthat\u00f3bb megold\u00e1s lehet, k\u00fcl\u00f6n\u00f6sen, ha a kezel\u00e9s viszonylag alacsony kock\u00e1zat\u00fa \u00e9s \u00e9sszer\u0171 es\u00e9lye van a sikerre.        &nbsp;<\/p>\n<h1><strong>A kezel\u00e9st meghat\u00e1roz\u00f3 t\u00e9nyez\u0151k \u00e9s param\u00e9terek<\/strong><\/h1>\n<p>  Amikor egy \u00e1llatorvos olyan macsk\u00e1val ker\u00fcl szembe, amely hom\u00e1lyos t\u00fcnetekkel vagy t\u00f6bb lehets\u00e9ges betegs\u00e9ggel jelentkezik, szisztematikus megk\u00f6zel\u00edt\u00e9st alkalmaz a lehets\u00e9ges diagn\u00f3zisok lesz\u0171k\u00edt\u00e9s\u00e9re \u00e9s a megfelel\u0151 cselekv\u00e9si m\u00f3d meghat\u00e1roz\u00e1s\u00e1ra.<br \/>\nA d\u00f6nt\u00e9shozatali folyamat sor\u00e1n k\u00fcl\u00f6nb\u00f6z\u0151 t\u00e9nyez\u0151ket \u00e9s param\u00e9tereket vesznek figyelembe, p\u00e9ld\u00e1ul ezeket. &nbsp;<strong>\u00c9letkor \u00e9s fajta<\/strong>: Bizonyos betegs\u00e9gek bizonyos korcsoportokban vagy fajt\u00e1kban gyakoribbak.<br \/>\nA macska kor\u00e1nak \u00e9s fajt\u00e1j\u00e1nak ismerete seg\u00edthet az \u00e1llatorvosnak bizonyos \u00e1llapotok rangsorol\u00e1s\u00e1ban vagy kiz\u00e1r\u00e1s\u00e1ban.<br \/>\n<strong>Olt\u00e1si el\u0151zm\u00e9nyek<\/strong>: A macska olt\u00e1si el\u0151zm\u00e9nyei t\u00e1mpontokat adhatnak bizonyos fert\u0151z\u0151 betegs\u00e9gek val\u00f3sz\u00edn\u0171s\u00e9g\u00e9r\u0151l.<br \/>\n<strong>A t\u00fcnetek mint\u00e1zata \u00e9s id\u0151tartama:<\/strong> A t\u00fcnetek mint\u00e1zat\u00e1nak \u00e9s id\u0151tartam\u00e1nak meg\u00e9rt\u00e9se seg\u00edt a betegs\u00e9gek akut vagy kr\u00f3nikus kateg\u00f3ri\u00e1ba sorol\u00e1s\u00e1ban, \u00e9s ir\u00e1nyt mutathat a diagnosztikai folyamatban.<br \/>\n<strong>A t\u00fcnetek s\u00falyoss\u00e1ga:<\/strong> A klinikai t\u00fcnetek s\u00falyoss\u00e1ga betekint\u00e9st ny\u00fajthat a beavatkoz\u00e1s s\u00fcrg\u0151ss\u00e9g\u00e9be \u00e9s a macska \u00e1ltal\u00e1nos k\u00f6z\u00e9rzet\u00e9re gyakorolt lehets\u00e9ges hat\u00e1sba.<br \/>\n<strong>Diagnosztikai vizsg\u00e1latok:<\/strong> Az elv\u00e9gzett el\u0151zetes FIP-vizsg\u00e1latok eredm\u00e9nyei.<br \/>\n<strong>Kezdeti sz\u0171r\u0151vizsg\u00e1latok:<\/strong> Az alapvet\u0151 FIP-vizsg\u00e1latok, mint p\u00e9ld\u00e1ul a teljes v\u00e9rk\u00e9p (CBC) \u00e9s a sz\u00e9rum biok\u00e9mia, \u00e9rt\u00e9kes inform\u00e1ci\u00f3kkal szolg\u00e1lhatnak a macska \u00e1ltal\u00e1nos eg\u00e9szs\u00e9gi \u00e1llapot\u00e1r\u00f3l, \u00e9s felfedhetnek bizonyos betegs\u00e9gekre utal\u00f3 rendelleness\u00e9geket.<br \/>\n<strong>Speci\u00e1lis vizsg\u00e1latok:<\/strong> A felt\u00e9telezett betegs\u00e9gekt\u0151l f\u00fcgg\u0151en speci\u00e1lisabb vizsg\u00e1latok, p\u00e9ld\u00e1ul k\u00e9palkot\u00f3 vizsg\u00e1latok (r\u00f6ntgen, ultrahang), PCR-vizsg\u00e1latok \u00e9s antitest-titerek aj\u00e1nlhat\u00f3k.<br \/>\n<strong>Ellen\u0151rz\u0151 v\u00e1lasz:<\/strong> A macska kezel\u00e9sre adott v\u00e1lasz\u00e1nak szoros nyomon k\u00f6vet\u00e9se elengedhetetlen.<br \/>\nJavul\u00e1s eset\u00e9n az \u00e1llatorvos folytathatja a kezel\u00e9st, vagy a megfigyelt v\u00e1lasz alapj\u00e1n m\u00f3dos\u00edthatja azt. <strong>A kezel\u00e9s biztons\u00e1ga:<\/strong> Figyelembe kell venni a v\u00e1lasztott kezel\u00e9s biztons\u00e1gi profilj\u00e1t.<br \/>\nAz alacsony kock\u00e1zat\u00fa kezel\u00e9sek vagy a nagy val\u00f3sz\u00edn\u0171s\u00e9ggel el\u0151ny\u00f6s beavatkoz\u00e1sok el\u0151nyben r\u00e9szes\u00edthet\u0151k, k\u00fcl\u00f6n\u00f6sen akkor, ha a v\u00e9gleges diagn\u00f3zis azonnali fel\u00e1ll\u00edt\u00e1sa kih\u00edv\u00e1st jelent. <strong>P\u00e9nz\u00fcgyi megfontol\u00e1sok:<\/strong> A macskatulajdonos p\u00e9nz\u00fcgyi korl\u00e1tai befoly\u00e1solhatj\u00e1k a diagnosztikai megk\u00f6zel\u00edt\u00e9st.<br \/>\nAz \u00e1llatorvosok \u00e9s a tulajdonosok a priorit\u00e1sok alapj\u00e1n k\u00f6z\u00f6sen d\u00f6nthetnek egy fokozatos diagnosztikai tervr\u0151l.              &nbsp;  Fontos megjegyezni, hogy a &#8222;kezelj\u00fck a diagn\u00f3zist&#8221; megk\u00f6zel\u00edt\u00e9snek \u00e9s a FIP macsk\u00e1k kezel\u00e9s\u00e9nek megkezd\u00e9s\u00e9nek megvannak a maga h\u00e1tr\u00e1nyai.<br \/>\nMeger\u0151s\u00edtett diagn\u00f3zis n\u00e9lk\u00fcl fenn\u00e1ll a nem megfelel\u0151 vagy hat\u00e1stalan kezel\u00e9s kock\u00e1zata.<br \/>\nEzenk\u00edv\u00fcl k\u00e9sleltetheti a specifikus beavatkoz\u00e1sokat ig\u00e9nyl\u0151 alapbetegs\u00e9gek azonos\u00edt\u00e1s\u00e1t.<br \/>\nAz \u00e1llatorvosok gondosan m\u00e9rlegelik a lehets\u00e9ges el\u0151ny\u00f6ket \u00e9s kock\u00e1zatokat, miel\u0151tt ezt a megk\u00f6zel\u00edt\u00e9st v\u00e1lasztj\u00e1k, \u00e9s a macska kezel\u00e9sre adott v\u00e1lasz\u00e1nak szoros nyomon k\u00f6vet\u00e9se elengedhetetlen a tov\u00e1bbi diagnosztikai er\u0151fesz\u00edt\u00e9sek ir\u00e1ny\u00edt\u00e1s\u00e1hoz.<br \/>\nAz \u00e1llatorvosok sz\u00e1m\u00e1ra alapvet\u0151 fontoss\u00e1g\u00fa, hogy \u00e1tl\u00e1that\u00f3an kommunik\u00e1ljanak az \u00e1llattart\u00f3kkal e m\u00f3dszer indokl\u00e1s\u00e1r\u00f3l \u00e9s a folyamatos diagnosztika sz\u00fcks\u00e9gess\u00e9g\u00e9r\u0151l, hogy a macska sz\u00e1m\u00e1ra a lehet\u0151 legjobb ell\u00e1t\u00e1st biztos\u00edts\u00e1k.<\/p>\n","protected":false},"excerpt":{"rendered":"<p>El kell kezdenem a FIP macsk\u00e1k kezel\u00e9s\u00e9t an\u00e9lk\u00fcl, hogy meger\u0151s\u00edtett, v\u00e9gleges diagn\u00f3zis \u00e1llna rendelkez\u00e9sre? A r\u00f6vid v\u00e1lasz: igen. De mindig folytatni kell a meger\u0151s\u00edtett diagn\u00f3zis fel\u00e1ll\u00edt\u00e1s\u00e1t, m\u00e9g akkor is, ha m\u00e1r megkezdte a kezel\u00e9st. Ennek az az oka, hogy nem akarunk id\u0151t vesztegetni, hanem min\u00e9l hamarabb meg akarjuk tudni, hogy mi a t\u00e9nyleges betegs\u00e9g. A [&hellip;]<\/p>\n","protected":false},"author":1,"featured_media":22156,"parent":0,"menu_order":0,"comment_status":"closed","ping_status":"closed","template":"","meta":{"_glsr_average":0,"_glsr_ranking":0,"_glsr_reviews":0,"footnotes":""},"categories":[748],"tags":[],"_links":{"self":[{"href":"https:\/\/fipmed.co\/hu\/wp-json\/wp\/v2\/pages\/22155"}],"collection":[{"href":"https:\/\/fipmed.co\/hu\/wp-json\/wp\/v2\/pages"}],"about":[{"href":"https:\/\/fipmed.co\/hu\/wp-json\/wp\/v2\/types\/page"}],"author":[{"embeddable":true,"href":"https:\/\/fipmed.co\/hu\/wp-json\/wp\/v2\/users\/1"}],"replies":[{"embeddable":true,"href":"https:\/\/fipmed.co\/hu\/wp-json\/wp\/v2\/comments?post=22155"}],"version-history":[{"count":0,"href":"https:\/\/fipmed.co\/hu\/wp-json\/wp\/v2\/pages\/22155\/revisions"}],"wp:featuredmedia":[{"embeddable":true,"href":"https:\/\/fipmed.co\/hu\/wp-json\/wp\/v2\/media\/22156"}],"wp:attachment":[{"href":"https:\/\/fipmed.co\/hu\/wp-json\/wp\/v2\/media?parent=22155"}],"wp:term":[{"taxonomy":"category","embeddable":true,"href":"https:\/\/fipmed.co\/hu\/wp-json\/wp\/v2\/categories?post=22155"},{"taxonomy":"post_tag","embeddable":true,"href":"https:\/\/fipmed.co\/hu\/wp-json\/wp\/v2\/tags?post=22155"}],"curies":[{"name":"wp","href":"https:\/\/api.w.org\/{rel}","templated":true}]}}