{"id":22173,"date":"2024-03-25T07:02:30","date_gmt":"2024-03-25T07:02:30","guid":{"rendered":"https:\/\/fipmed.co\/fip-stadiumok-es-tunetek-alapu-fip-stadiumok\/"},"modified":"2024-03-25T07:02:30","modified_gmt":"2024-03-25T07:02:30","slug":"fip-stadiumok-es-tunetek-alapu-fip-stadiumok","status":"publish","type":"page","link":"https:\/\/fipmed.co\/hu\/fip-stadiumok-es-tunetek-alapu-fip-stadiumok\/","title":{"rendered":"A FIP szakaszai \u00e9s a FIP szakaszain alapul\u00f3 t\u00fcnetek"},"content":{"rendered":"<p>A v\u00edrusfert\u0151z\u00e9s n\u00e9gy k\u00fcl\u00f6nb\u00f6z\u0151 f\u00e1zisa van: a kezdeti expoz\u00edci\u00f3 \u00e9s lappang\u00e1s, az els\u0151dleges viremia, a m\u00e1sodlagos viremia \u00e9s a klinikai FIP.  &nbsp;<\/p>\n<h1><strong>A FIP szakasza: kezdeti expoz\u00edci\u00f3 \u00e9s lappang\u00e1s<\/strong><\/h1>\n<p>  A macsk\u00e1k koronav\u00edrusa (FCoV) sz\u00e1mos k\u00f6rnyezetben jelen van, \u00edgy a macsk\u00e1k nagy val\u00f3sz\u00edn\u0171s\u00e9ggel \u00e9let\u00fck sor\u00e1n valamikor ki vannak t\u00e9ve a v\u00edrusnak.<br \/>\nEz a kezdeti fert\u0151z\u00e9s \u00e1ltal\u00e1ban j\u00f3indulat\u00fa, de sajnos fenn\u00e1ll a vesz\u00e9lye annak, hogy a v\u00edrus mut\u00e1l\u00f3dik, \u00e9s egyes macsk\u00e1kn\u00e1l FIP-et okoz.<br \/>\nEnnek a mut\u00e1ci\u00f3nak a lappang\u00e1si ideje n\u00e9h\u00e1ny h\u00e9tt\u0151l ak\u00e1r t\u00f6bb \u00e9vig is terjedhet, de a macsk\u00e1k a v\u00edrussal val\u00f3 kezdeti fert\u0151z\u00e9st k\u00f6vet\u0151 els\u0151 6 h\u00e9ten bel\u00fcl vannak legink\u00e1bb kit\u00e9ve a klinikai FIP kialakul\u00e1s\u00e1nak.<br \/>\nK\u00eds\u00e9rletek arra a k\u00f6vetkeztet\u00e9sre jutottak, hogy m\u00e1r hat h\u00e9t is elegend\u0151 id\u0151 lehet ahhoz, hogy a fert\u0151z\u00f6tt macska teljes betegs\u00e9gg\u00e9 v\u00e1ljon.<br \/>\nA kezdeti expoz\u00edci\u00f3 \u00e9s a lappang\u00e1si id\u0151szak alatt fontos megjegyezni, hogy a fert\u0151z\u00f6tt macsk\u00e1k szokatlanul nagy mennyis\u00e9g\u0171 v\u00edrusr\u00e9szecsk\u00e9t \u00fcr\u00edtenek, ami gyorsan ahhoz vezethet, hogy a t\u00f6bbi h\u00e1zi\u00e1llat is megfert\u0151z\u0151dik.      &nbsp;<\/p>\n<h1><strong>A FIP st\u00e1diuma: <\/strong>els\u0151dleges v\u00edrusfert\u0151z\u00e9s<\/h1>\n<p>  Az els\u0151dleges v\u00edrusfert\u0151z\u00e9s a macsk\u00e1k fert\u0151z\u0151 hash\u00e1rtyagyullad\u00e1s v\u00edrus\u00e1nak (FIP) fert\u0151z\u00e9se sor\u00e1n az a szakasz, amikor a macsk\u00e1k immunrendszere elkezd reag\u00e1lni az idegen betolakod\u00f3ra.<br \/>\nEbben a szakaszban az FCoV magas szintje mutathat\u00f3 ki a v\u00e9r\u00fckben.<br \/>\nEz jelzi a macska szervezete \u00e9s a v\u00edrus k\u00f6z\u00f6tti harc kezdet\u00e9t, \u00e9s egyben azt is, amikor a mut\u00e1ci\u00f3k val\u00f3sz\u00edn\u0171bb\u00e9 v\u00e1lnak a cs\u00f6kkent ellen\u00e1ll\u00f3 k\u00e9pess\u00e9g miatt.<br \/>\nA primer viremi\u00e1ban szenved\u0151 macsk\u00e1k fokozott reakci\u00f3t mutatnak az immunrendszer\u00fck r\u00e9sz\u00e9r\u0151l, amely kem\u00e9nyen pr\u00f3b\u00e1lja megv\u00e9deni \u0151ket a szervezet\u00fckbe behatol\u00f3 k\u00f3rokoz\u00f3 \u00e1ltal okozott k\u00e1rokt\u00f3l.<br \/>\nN\u00e9h\u00e1ny macska er\u0151s immunv\u00e1lasz seg\u00edts\u00e9g\u00e9vel k\u00e9pes lesz megszabadulni a v\u00edrust\u00f3l.      &nbsp;<\/p>\n<h1><strong>A FIP st\u00e1diuma: <\/strong><strong>M\u00e1sodlagos v\u00edrusfert\u0151z\u00e9s<\/strong><\/h1>\n<p>  A m\u00e1sodlagos v\u00edrusfert\u0151z\u00e9s egy k\u00e9s\u0151bbi st\u00e1diumot jelent, amely azokat a macsk\u00e1kat \u00e9rinti, amelyek az els\u0151dleges st\u00e1diumban nem voltak k\u00e9pesek lek\u00fczdeni a v\u00edrust.<br \/>\nEbben a szakaszban a v\u00edrus m\u00e1r a csontvel\u0151t \u00e9s m\u00e1s sz\u00f6veteket is megt\u00e1madta.<br \/>\nA v\u00edrus ekkor m\u00e9g j\u00f3 ideig passz\u00edv \u00e1llapotban maradhat a csontvel\u0151ben.<br \/>\nDe emellett a FIPV szintje a v\u00e9rben elkezd n\u00f6vekedni, \u00e9s v\u00e9g\u00fcl el\u00e9ri azt a pontot, amikor a macsk\u00e1k m\u00e1r nem k\u00e9pesek azt kord\u00e1ban tartani.<br \/>\nSajnos ekkorra m\u00e1r sz\u00e1mos sziszt\u00e9m\u00e1s gyullad\u00e1sos folyamat indult be, mivel a FIPV \u00e9letfontoss\u00e1g\u00fa szerveket \u00e9s sz\u00f6veteket vett birtokba.<br \/>\nAhogy a neve is mutatja, a m\u00e1sodlagos viremia sor\u00e1n a v\u00edrus elkezd terjedni m\u00e1s szervekben, ami s\u00falyosabb t\u00fcnetekhez vezet, amelyek gyorsan \u00e9letvesz\u00e9lyess\u00e9 v\u00e1lhatnak, ha nem kezelik \u0151ket azonnal.<br \/>\nAz els\u0151dleges immunv\u00e1lasz s\u00falyoss\u00e1ga vagy az, hogy a macska szervezete mennyire k\u00e9pes kontroll\u00e1lni a fert\u0151z\u00e9st, fontos szerepet j\u00e1tszik annak meghat\u00e1roz\u00e1s\u00e1ban, hogy a v\u00edrus milyen szinten kezd el terjedni egyetlen szervrendszeren t\u00fal.<br \/>\nEbben a kritikus id\u0151szakban a macsk\u00e1kn\u00e1l tart\u00f3s l\u00e1z (103\u00b0F f\u00f6l\u00f6tt), cs\u00f6kkent \u00e9tv\u00e1gy \u00e9s \u00e1ltal\u00e1nos \u00e1llapotroml\u00e1s tapasztalhat\u00f3, ami a gyeng\u00fcl\u0151 immunrendszer\u00fcknek k\u00f6sz\u00f6nhet\u0151, amely rendk\u00edv\u00fcl kem\u00e9nyen pr\u00f3b\u00e1lja megf\u00e9kezni a mut\u00e1l\u00f3dott v\u00edrusokat, de nem k\u00e9pes erre, \u00edgy a macsk\u00e1knak m\u00e1s gy\u00f3gyszerek mellett v\u00edrusellenes szereket tartalmaz\u00f3 kezel\u00e9si tervekre kell t\u00e1maszkodniuk.         &nbsp;<\/p>\n<h1><strong>A FIP st\u00e1diuma: <\/strong><strong>Klinikai FIP<\/strong><\/h1>\n<p>  A FIP klinikai st\u00e1dium\u00e1ban a macsk\u00e1k m\u00e1r nem k\u00e9pesek megf\u00e9kezni a v\u00edrust.<br \/>\nEz r\u00e9szben az FCoV egyes t\u00edpusaiban tal\u00e1lhat\u00f3 egyik feh\u00e9rje, az \u00fagynevezett FIPV megv\u00e1ltoz\u00e1s\u00e1nak k\u00f6sz\u00f6nhet\u0151.<br \/>\nA FIPV vaszkulitiszt okoz, ami gyullad\u00e1st \u00e9s duzzanatot jelent egy sejtcsoport vagy szerv k\u00f6r\u00fcl.<br \/>\nEbben a szakaszban a test\u00fcregekben folyad\u00e9k felhalmoz\u00f3d\u00e1sa is el\u0151fordulhat, ami folyad\u00e9k felhalmoz\u00f3d\u00e1s\u00e1hoz \u00e9s a l\u00e9tfontoss\u00e1g\u00fa szervekre nehezed\u0151 t\u00falnyom\u00e1shoz vezet.<br \/>\nA FIP-ben szenved\u0151 macsk\u00e1kn\u00e1l olyan t\u00fcnetek jelentkezhetnek, mint a s\u00falyveszt\u00e9s, l\u00e1z, kisz\u00e1rad\u00e1s, duzzadt has vagy fejter\u00fclet \u00e9s a mellkasi torl\u00f3d\u00e1s miatti l\u00e9gz\u00e9si neh\u00e9zs\u00e9gek.<br \/>\nA l\u00e9tfontoss\u00e1g\u00fa szervekben l\u00e9v\u0151 fert\u0151z\u00e9sekb\u0151l ered\u0151 pusztul\u00e1s ekkor kezd\u0151dik, ami a rendszer szervi el\u00e9gtelens\u00e9g\u00e9hez vezethet.<br \/>\nEz \u00e1ltal\u00e1ban k\u00e9s\u0151bb vesebetegs\u00e9gben vagy az agysz\u00f6vet\u00fckben l\u00e9v\u0151 gyullad\u00e1s okozta neurol\u00f3giai k\u00e1rosod\u00e1sban nyilv\u00e1nul meg.        &nbsp;<\/p>\n<h1><strong>A FIP st\u00e1diuma: <\/strong><strong>Szervk\u00e1rosod\u00e1s <\/strong> <\/h1>\n<p>  Ez a FIP utols\u00f3 szakasza, amikor a gyullad\u00e1s m\u00e1r k\u00e1ros\u00edtja a szerveket, \u00e9s a macska egy\u00e9b k\u00e9s\u0151bbi probl\u00e9m\u00e1kat mutat.<br \/>\nA leggyakrabban \u00e9rintett szervek k\u00f6z\u00e9 tartoznak a k\u00f6vetkez\u0151k: <strong>Hasi szervek:<\/strong> A FIP gyakran granul\u00f3m\u00e1k (gyullad\u00e1sos sz\u00f6vetek kis csom\u00f3i) kialakul\u00e1s\u00e1hoz vezet a hasi szervekben, p\u00e9ld\u00e1ul a m\u00e1jban, a l\u00e9pben \u00e9s a ves\u00e9kben.<br \/>\nEz ezen szervek m\u0171k\u00f6d\u00e9si zavar\u00e1hoz \u00e9s meghib\u00e1sod\u00e1s\u00e1hoz vezethet. <strong>Vese:<\/strong> A ves\u00e9ket is \u00e9rinthetik a granulomat\u00f3zus elv\u00e1ltoz\u00e1sok, ami veseel\u00e9gtelens\u00e9ghez vezethet. <strong>K\u00f6zponti idegrendszer (CNS):<\/strong> A FIP neurol\u00f3giai t\u00fcneteket okozhat, ha a CNS-t \u00e9rinti.<br \/>\nA neurol\u00f3giai FIP-ben szenved\u0151 macsk\u00e1k viselked\u00e9sv\u00e1ltoz\u00e1st, rohamokat \u00e9s j\u00e1r\u00e1si neh\u00e9zs\u00e9geket mutathatnak. <strong>Szem<\/strong>: A FIP-ben gyakori a szem (szem) \u00e9rintetts\u00e9ge, ami gyullad\u00e1shoz, hom\u00e1lyoss\u00e1ghoz \u00e9s n\u00e9ha vaks\u00e1ghoz vezet.<br \/>\nEzt nevezik szem\u00e9szeti vagy sz\u00e1raz FIP-nek. <strong>Sz\u00edv- \u00e9s \u00e9rrendszer:<\/strong> Egyes esetekben a FIP a sz\u00edvet \u00e9s az ereket is \u00e9rintheti, ami sz\u00edv- \u00e9s \u00e9rrendszeri probl\u00e9m\u00e1khoz vezethet.<br \/>\nEzek folyamatos roml\u00e1sa a macsk\u00e1ban v\u00e9g\u00fcl b\u00e9nul\u00e1shoz, v\u00e9g\u00fcl hal\u00e1lhoz vezet.       &nbsp;<\/p>\n<p>&nbsp;<\/p>\n<h1><strong>T\u00fcnetek a FIP szakaszai alapj\u00e1n<\/strong><\/h1>\n<h2><strong>Jelz\u00e9s a FIP korai szakasz\u00e1ban<\/strong><strong> <\/strong><\/h2>\n<p>  A macsk\u00e1k korai, nem specifikus t\u00fcnetekkel jelentkezhetnek, mint p\u00e9ld\u00e1ul viselked\u00e9sbeli v\u00e1ltoz\u00e1sok, fogy\u00e1s \u00e9s \u00e9tv\u00e1gytalans\u00e1g, valamint ingadoz\u00f3 l\u00e1z.  <strong> <\/strong><\/p>\n<p><strong>Nem specifikus t\u00fcnetek<\/strong> A FIP-nek sz\u00e1mos nem specifikus t\u00fcnete van, amelyek k\u00f6nnyen \u00f6sszet\u00e9veszthet\u0151k m\u00e1s betegs\u00e9gekkel.<br \/>\nEzek a kezdeti t\u00fcnetek \u00e1ltal\u00e1ban hom\u00e1lyosak, \u00e9s k\u00f6z\u00e9j\u00fck tartozik a kedvetlens\u00e9g, a letargia, a cs\u00f6kkent \u00e9tv\u00e1gy, a fogy\u00e1s \u00e9s az ingadoz\u00f3 l\u00e1z.<br \/>\nBizonyos esetekben a macsk\u00e1k viselked\u00e9sbeli v\u00e1ltoz\u00e1sokat mutatnak a fizikai t\u00fcnetek mellett.<br \/>\nNagyon fontos, hogy odafigyeljen a macsk\u00e1ja eg\u00e9szs\u00e9gi \u00e1llapot\u00e1ban bek\u00f6vetkez\u0151 apr\u00f3 v\u00e1ltoz\u00e1sokra, p\u00e9ld\u00e1ul a megn\u00f6vekedett vagy cs\u00f6kkent energiaszintre, mivel ez lehet a FIP els\u0151 jele.<br \/>\nAnnak ellen\u00e9re, hogy a macsk\u00e1kn\u00e1l nagyon gyakori, a finom ok miatt neh\u00e9z felismerni a kezdeti st\u00e1diumban, hacsak nem figyelsz oda szorosan az olyan tov\u00e1bbi jelekre, mint az anorexia vagy a pica (olyan \u00e1llapot, amikor olyan dolgokat esznek, amiket nem kellene), amelyek gyakran megfigyelhet\u0151k a FIP fert\u0151z\u00e9s sor\u00e1n.<br \/>\nA l\u00e1z ingadoz\u00e1sa azt is jelentheti, hogy valami baj van a macsk\u00e1j\u00e1val, ez\u00e9rt k\u00e9rj\u00fck, figyeljen oda a nap folyam\u00e1n rendszeresen v\u00e9gzett ellen\u0151rz\u00e9sek sor\u00e1n, ha a l\u00e1za nagyobb m\u00e9rt\u00e9kben v\u00e1ltozik, p\u00e9ld\u00e1ul ha az \u00e1llatorvos \u00e1ltal adott kezel\u00e9sek ellen\u00e9re t\u00f6bb mint 24 \u00f3r\u00e1n \u00e1t tart a l\u00e1z. &nbsp;<strong>Hasmen\u00e9s<\/strong> Amikor a Feline Coronavirus (FCoV) el\u0151sz\u00f6r ker\u00fcl a macsk\u00e1ba, megfert\u0151zi a v\u00e9konybelet, \u00e9s n\u00e9ha hasmen\u00e9st okoz.<br \/>\nA v\u00edrus m\u00e1r a fert\u0151z\u00e9st k\u00f6vet\u0151 k\u00e9t napt\u00f3l kezdve, majd n\u00e9h\u00e1ny h\u00e9ten \u00e9s h\u00f3napokon kereszt\u00fcl a sz\u00e9kletben \u00fcr\u00fcl.<br \/>\nA b\u00e9lb\u0151l a v\u00edrus a v\u00e9r\u00e1ramba ker\u00fcl, ami n\u00e9h\u00e1ny szerencs\u00e9tlen macsk\u00e1n\u00e1l FIP-et eredm\u00e9nyez, de a legt\u00f6bb macska sikeres immunv\u00e1laszt ad, \u00e9s megszabadul a v\u00edrust\u00f3l &#8211; \u00e9s teljesen eg\u00e9szs\u00e9ges \u00e9s norm\u00e1lis \u00e9letet \u00e9l.<br \/>\nAz FCoV-vel val\u00f3 kezdeti fert\u0151z\u00e9s b\u00e1rmely \u00e9letkorban, nem csak a cic\u00e1kn\u00e1l hasmen\u00e9st okozhat, \u00e9s a betegs\u00e9g s\u00falyoss\u00e1ga az enyh\u00e9t\u0151l a kr\u00f3nikuson \u00e1t a s\u00falyos \u00e9s \u00e9letvesz\u00e9lyesig terjedhet.<br \/>\nA v\u00edrus kezdetben a v\u00e9konyb\u00e9l ny\u00e1lkah\u00e1rty\u00e1j\u00e1t k\u00e1ros\u00edtja.<br \/>\nSajnos egyes macsk\u00e1kn\u00e1l az FCoV igen s\u00falyosan k\u00e1ros\u00edthatja a v\u00e9konybelet, ami \u00e1lland\u00f3 h\u00e1ny\u00e1shoz vagy hasmen\u00e9shez \u00e9s \u00fagynevezett &#8222;felsz\u00edv\u00f3d\u00e1si zavar szindr\u00f3m\u00e1hoz&#8221; vezet, amikor az \u00e9rintett macska nem tudja hasznos\u00edtani az \u00e1ltala elfogyasztott t\u00e1panyagokat, \u00edgy nem tud megfelel\u0151en h\u00edzni \u00e9s gyarapodni. &nbsp;<strong>Viselked\u00e9sbeli v\u00e1ltoz\u00e1sok<\/strong> A FIP-pel fert\u0151z\u00f6tt macsk\u00e1kn\u00e1l a tulajdonosok el\u0151sz\u00f6r kev\u00e9sb\u00e9 nyilv\u00e1nval\u00f3 t\u00fcneteket \u00e9szlelhetnek, p\u00e9ld\u00e1ul cs\u00f6kkent aktivit\u00e1st, kedvetlens\u00e9get \u00e9s \u00e9tv\u00e1gytalans\u00e1got.<br \/>\nEl\u0151fordulhat, hogy a macska sokkal kev\u00e9sb\u00e9 lesz interakt\u00edv, mint kor\u00e1bban volt, \u00e9s ink\u00e1bb mag\u00e1nyos helyeken tart\u00f3zkodik, vagy eg\u00e9sz nap alszik.<br \/>\nAz is el\u0151fordulhat, hogy elkezdi ker\u00fclni a m\u00e1s h\u00e1zi\u00e1llatokkal vagy emberekkel val\u00f3 \u00e9rintkez\u00e9st.<br \/>\nA pica egy m\u00e1sik, a v\u00edrussal \u00f6sszef\u00fcgg\u0151 viselked\u00e9sbeli v\u00e1ltoz\u00e1s &#8211; ha kedvence nem t\u00e1pl\u00e1l\u00e9kot kezd enni, az a FIP jele lehet.<br \/>\nAz \u00e9tv\u00e1gytalans\u00e1g (teljes \u00e9tv\u00e1gytalans\u00e1g) mellett megfigyelheti, hogy macsk\u00e1ja nehezen pr\u00f3b\u00e1lja mag\u00e1t etetni, vagy a felaj\u00e1nl\u00e1skor teljesen \u00e9rdektelennek mutatkozik az \u00e9tel ir\u00e1nt &#8211; mindkett\u0151 jelezheti, hogy valami nincs rendben. &nbsp;<strong>S\u00falyveszt\u00e9s \u00e9s \u00e9tv\u00e1gytalans\u00e1g<\/strong> A s\u00falyveszt\u00e9s \u00e9s az \u00e9tv\u00e1gytalans\u00e1g a FIP k\u00e9t legkor\u00e1bbi jele.<br \/>\nAmikor a macsk\u00e1k el\u0151sz\u00f6r fert\u0151z\u0151dnek meg, el\u0151fordulhat, hogy hetekig vagy h\u00f3napokig nem mutatnak t\u00fcneteket.<br \/>\nA lass\u00fa fogy\u00e1s \u00e9s az \u00e9tv\u00e1gycs\u00f6kken\u00e9s azonban jelezheti, hogy valami nincs rendben.<br \/>\nA macsk\u00e1k s\u00falyveszt\u00e9se \u00e1ltal\u00e1ban finom, de a gazdiknak nem szabad \u00e9szrev\u00e9tlen\u00fcl maradnia &#8211; a n\u00e9h\u00e1ny nap alatt bek\u00f6vetkez\u0151 hirtelen 15-20%-os s\u00falycs\u00f6kken\u00e9s jelezheti a FIP jelenl\u00e9t\u00e9t.<br \/>\nHasonl\u00f3k\u00e9ppen, az \u00e9tv\u00e1gycs\u00f6kken\u00e9s m\u00e9g akkor is, ha kedvez\u0151 \u00e9telt kapnak, a betegs\u00e9g kezdet\u00e9t jelezheti.                   Ez a fajta t\u00fcnetegy\u00fcttes utalhat a FIP \u00e1ltal okozott szervi el\u00e9gtelens\u00e9gre vagy m\u00e1s s\u00falyos betegs\u00e9gekre, p\u00e9ld\u00e1ul kr\u00f3nikus vesebetegs\u00e9gre, amely kezeletlen\u00fcl gyorsan el\u0151rehaladhat \u00e9s \u00e9letvesz\u00e9lyess\u00e9 v\u00e1lhat a macsk\u00e1k sz\u00e1m\u00e1ra, ha nem fedezik fel id\u0151ben.<br \/>\nSok macskatulajdonos sz\u00e1molt be arr\u00f3l, hogy az energiaszint \u00e9s az aktivit\u00e1s dr\u00e1mai v\u00e1ltoz\u00e1sait figyelt\u00e9k meg e t\u00fcnetekkel kapcsolatban, ami m\u00e9g ink\u00e1bb kiemeli ezek fontoss\u00e1g\u00e1t az \u00e1llatorvosok \u00e9s a kis\u00e1llat-tulajdonosok \u00e1ltal a diagn\u00f3zis fel\u00e1ll\u00edt\u00e1s\u00e1ban \u00e9s a kezel\u00e9ssel kapcsolatos d\u00f6nt\u00e9sek meghozatal\u00e1ban. &nbsp;<strong>Ingadoz\u00f3 l\u00e1z<\/strong> A macsk\u00e1k ingadoz\u00f3 l\u00e1za \u00e1ltal\u00e1ban a magas \u00e9s alacsony h\u0151m\u00e9rs\u00e9klet v\u00e1ltakoz\u00f3 epiz\u00f3djait jelenti.<br \/>\nEz az egyik legkor\u00e1bbi, a FIP-hez kapcsol\u00f3d\u00f3 klinikai t\u00fcnet.<br \/>\nEz a fajta l\u00e1z naponta v\u00e1ltozhat, a norm\u00e1l testh\u0151m\u00e9rs\u00e9klet \u00e9s a vesz\u00e9lyesen magas h\u0151m\u00e9rs\u00e9klet k\u00f6z\u00f6tt ingadozva.<br \/>\nMivel ez hirtelen t\u00f6rt\u00e9nhet, fontos, hogy a macskatulajdonosok rendszeresen figyelemmel k\u00eds\u00e9rj\u00e9k kedvenc\u00fck h\u0151m\u00e9rs\u00e9klet\u00e9t, mivel b\u00e1rmilyen hirtelen v\u00e1ltoz\u00e1s a FIP vagy m\u00e1s s\u00falyos eg\u00e9szs\u00e9g\u00fcgyi probl\u00e9ma jele lehet.<br \/>\nK\u00f6nny\u0171 \u00f6sszekeverni az ingadoz\u00f3 l\u00e1zat a tart\u00f3san magas l\u00e1zzal, amelyet a macsk\u00e1k betegs\u00e9ge eset\u00e9n tapasztalhatnak, de a k\u00e9t betegs\u00e9g teljesen k\u00fcl\u00f6nb\u00f6z\u0151, \u00e9s k\u00fcl\u00f6nb\u00f6z\u0151 kezel\u00e9si form\u00e1kat ig\u00e9nyel.       &nbsp;<\/p>\n<h2><strong>Jelek a FIP el\u0151rehaladott szakasz\u00e1ban<\/strong><\/h2>\n<p>&nbsp;  A t\u00fcnetek s\u00falyosabb hat\u00e1sokhoz, p\u00e9ld\u00e1ul szervi el\u00e9gtelens\u00e9ghez \u00e9s folyad\u00e9kfelhalmoz\u00f3d\u00e1shoz vezethetnek.<br \/>\nOlvasson tov\u00e1bb, hogy t\u00f6bbet megtudjon! <strong>Szervi el\u00e9gtelens\u00e9g<\/strong> A szervi el\u00e9gtelens\u00e9g a FIP egyik legs\u00falyosabb k\u00f6vetkezm\u00e9nye.<br \/>\nEz sz\u00e1mos szervet \u00e9rinthet, p\u00e9ld\u00e1ul a ves\u00e9t, a m\u00e1jat \u00e9s sok m\u00e1st.<br \/>\nHa a betegs\u00e9g el\u00e9ri a legel\u0151rehaladottabb st\u00e1diumot, szervi m\u0171k\u00f6d\u00e9si zavar vagy le\u00e1ll\u00e1s k\u00f6vetkezhet be.<br \/>\nEz a szervk\u00e1rosod\u00e1s a t\u00fcnetek sz\u00e9les sk\u00e1l\u00e1j\u00e1t okozhatja, amelyek a szervezetben \u00e9rintett konkr\u00e9t helyekt\u0151l f\u00fcgg\u0151en v\u00e1ltoznak.<br \/>\nHa t\u00fal sok\u00e1ig nem kezelik, akkor az \u00e9rintett \u00e1llat \u00e1ltal\u00e1nos fizikai eg\u00e9szs\u00e9gi \u00e1llapot\u00e1ra \u00f3ri\u00e1si terhet r\u00f3, m\u00edg v\u00e9g\u00fcl katasztrof\u00e1lis betegs\u00e9gg\u00e9 v\u00e1lik, vagy hal\u00e1lhoz vezet, ha nem \u00e9szlelik el\u00e9g kor\u00e1n \u00e9s nem kezelik megfelel\u0151en. &nbsp;<strong>Tart\u00f3san magas l\u00e1z<\/strong> A sz\u0171nni nem akar\u00f3 l\u00e1z a macsk\u00e1k fert\u0151z\u0151 hash\u00e1rtyagyullad\u00e1s\u00e1nak (FIP) el\u0151rehaladott st\u00e1dium\u00e1hoz t\u00e1rsul\u00f3 gyakori klinikai t\u00fcnet.<br \/>\nEz a l\u00e1z el\u00e9rheti a 102 \u00b0F \u00e9s 105 \u00b0F k\u00f6z\u00f6tti h\u0151m\u00e9rs\u00e9kletet, \u00e9s hetekig vagy h\u00f3napokig tarthat.<br \/>\nFontos a korai diagn\u00f3zis fel\u00e1ll\u00edt\u00e1sa, mivel ez seg\u00edt m\u00e1s betegs\u00e9gek kiz\u00e1r\u00e1s\u00e1ban \u00e9s a kezel\u00e9s megkezd\u00e9s\u00e9ben.<br \/>\nA l\u00e1zat a kiterjedt fert\u0151z\u00e9sb\u0151l ered\u0151 gyullad\u00e1s okozza, amelyet olyan t\u00fcnetek k\u00eds\u00e9rhetnek, mint a letargia, hasi duzzanat, \u00e9tv\u00e1gytalans\u00e1g, fogy\u00e1s \u00e9s s\u00e1rgas\u00e1g.<br \/>\nHa a l\u00e1z az antibiotikus kezel\u00e9s vagy a gyullad\u00e1scs\u00f6kkent\u0151 gy\u00f3gyszerek ellen\u00e9re is fenn\u00e1ll, az FIP-re utalhat.<br \/>\nA magas l\u00e1z a megfelel\u0151 kezel\u00e9s megkezd\u00e9s\u00e9vel gyakran normaliz\u00e1l\u00f3dik. &nbsp;<strong>Folyad\u00e9k felhalmoz\u00f3d\u00e1sa<\/strong> A folyad\u00e9k felhalmoz\u00f3d\u00e1sa a FIP egyik legfontosabb jele a macsk\u00e1kn\u00e1l, \u00e9s a test k\u00fcl\u00f6nb\u00f6z\u0151 ter\u00fcletein jelentkezhet.<br \/>\nA mellkasban a folyad\u00e9k a sz\u00edv \u00e9s a t\u00fcd\u0151 k\u00f6r\u00fcl gy\u0171lik fel, ami mozg\u00e1skorl\u00e1tozotts\u00e1ghoz \u00e9s l\u00e9gz\u00e9si neh\u00e9zs\u00e9ghez vezet.<br \/>\nEzenk\u00edv\u00fcl a nyirokcsom\u00f3k megduzzadhatnak a feh\u00e9rj\u00e9ben gazdag folyad\u00e9ksejtek, az \u00fagynevezett mellh\u00e1rtyagyullad\u00e1s t\u00falzott k\u00e9pz\u0151d\u00e9se \u00e1ltal okozott elz\u00e1r\u00f3d\u00e1s miatt.<br \/>\nA folyad\u00e9k m\u00e1s szervekben, p\u00e9ld\u00e1ul a hasban vagy a herezacsk\u00f3ban is felhalmoz\u00f3dhat, ami miatt ezek a ter\u00fcletek megduzzadnak \u00e9s f\u00e1jdalmasak lehetnek macsk\u00e1ja sz\u00e1m\u00e1ra.<br \/>\nTov\u00e1bb\u00e1 a macska szeme is mutathat jeleket a folyad\u00e9k felgy\u00fcleml\u00e9s\u00e9nek k\u00f6vetkezt\u00e9ben, bele\u00e9rtve a sz\u00ednv\u00e1ltoz\u00e1s vagy a hom\u00e1lyoss\u00e1g megv\u00e1ltoz\u00e1s\u00e1t, a szaruh\u00e1rtya megvastagod\u00e1s\u00e1t (szaruh\u00e1rtya \u00f6d\u00e9ma), a hipopiont (feh\u00e9r hab a szem h\u00e1ts\u00f3 r\u00e9sz\u00e9n) vagy a retina lev\u00e1l\u00e1s\u00e1t a FIP fert\u0151z\u00e9s okozta intraokul\u00e1ris nyom\u00e1sn\u00f6veked\u00e9s miatt. &nbsp;<strong>Szemprobl\u00e9m\u00e1k<\/strong> A szemprobl\u00e9m\u00e1k a FIP gyakori jelz\u0151i.<br \/>\nA FIP-ben szenved\u0151 macsk\u00e1kn\u00e1l el\u0151fordulhatnak pyogranulomatosus anterior uveitisszel jellemezhet\u0151 szemelv\u00e1ltoz\u00e1sok.<br \/>\nA t\u00fcnetek k\u00f6z\u00e9 tartozhat a szemgoly\u00f3 gyullad\u00e1sa, kancsals\u00e1g, duzzadt harmadik szemh\u00e9j \u00e9s megnagyobbodott szemek, amelyek ronthatj\u00e1k a l\u00e1t\u00e1st, vagy kezeletlen\u00fcl ak\u00e1r vaks\u00e1ghoz is vezethetnek.<br \/>\nAz ilyen t\u00edpus\u00fa szembetegs\u00e9gben szenved\u0151 \u00e1llatokn\u00e1l fokozott k\u00f6nnytermel\u00e9s, valamint a fert\u0151z\u00e9s okozta fek\u00e9lyesed\u00e9s miatt a szemb\u0151l sz\u00e1rmaz\u00f3 v\u00e9rz\u00e9s is el\u0151fordulhat.<br \/>\nEzenk\u00edv\u00fcl a FIP-hez kapcsol\u00f3d\u00f3 neurol\u00f3giai t\u00fcnetek is \u00e9rinthetik az idegrendszert &#8211; bele\u00e9rtve a l\u00e1t\u00e1st \u00e9s a szemprobl\u00e9m\u00e1kat, p\u00e9ld\u00e1ul az \u00f6sszeh\u00faz\u00f3dott pupill\u00e1kat, amelyek nem reag\u00e1lnak megfelel\u0151en a f\u00e9nyv\u00e1ltoz\u00e1sokra.<br \/>\nV\u00e9gezet\u00fcl, a nedves, \u00f6ml\u0151 FIP egyes eseteiben szaruh\u00e1rtya megvastagod\u00e1ssal j\u00e1r\u00f3 szemnyom\u00e1s-emelked\u00e9st figyeltek meg, ami id\u0151vel a l\u00e1t\u00e1s elveszt\u00e9s\u00e9hez vezethet, ha nem kezelik megfelel\u0151en vagy nem el\u00e9g gyorsan.<\/p>\n","protected":false},"excerpt":{"rendered":"<p>A v\u00edrusfert\u0151z\u00e9s n\u00e9gy k\u00fcl\u00f6nb\u00f6z\u0151 f\u00e1zisa van: a kezdeti expoz\u00edci\u00f3 \u00e9s lappang\u00e1s, az els\u0151dleges viremia, a m\u00e1sodlagos viremia \u00e9s a klinikai FIP. &nbsp; A FIP szakasza: kezdeti expoz\u00edci\u00f3 \u00e9s lappang\u00e1s A macsk\u00e1k koronav\u00edrusa (FCoV) sz\u00e1mos k\u00f6rnyezetben jelen van, \u00edgy a macsk\u00e1k nagy val\u00f3sz\u00edn\u0171s\u00e9ggel \u00e9let\u00fck sor\u00e1n valamikor ki vannak t\u00e9ve a v\u00edrusnak. Ez a kezdeti fert\u0151z\u00e9s \u00e1ltal\u00e1ban [&hellip;]<\/p>\n","protected":false},"author":1,"featured_media":22174,"parent":0,"menu_order":0,"comment_status":"closed","ping_status":"closed","template":"","meta":{"_glsr_average":0,"_glsr_ranking":0,"_glsr_reviews":0,"footnotes":""},"categories":[748],"tags":[],"_links":{"self":[{"href":"https:\/\/fipmed.co\/hu\/wp-json\/wp\/v2\/pages\/22173"}],"collection":[{"href":"https:\/\/fipmed.co\/hu\/wp-json\/wp\/v2\/pages"}],"about":[{"href":"https:\/\/fipmed.co\/hu\/wp-json\/wp\/v2\/types\/page"}],"author":[{"embeddable":true,"href":"https:\/\/fipmed.co\/hu\/wp-json\/wp\/v2\/users\/1"}],"replies":[{"embeddable":true,"href":"https:\/\/fipmed.co\/hu\/wp-json\/wp\/v2\/comments?post=22173"}],"version-history":[{"count":0,"href":"https:\/\/fipmed.co\/hu\/wp-json\/wp\/v2\/pages\/22173\/revisions"}],"wp:featuredmedia":[{"embeddable":true,"href":"https:\/\/fipmed.co\/hu\/wp-json\/wp\/v2\/media\/22174"}],"wp:attachment":[{"href":"https:\/\/fipmed.co\/hu\/wp-json\/wp\/v2\/media?parent=22173"}],"wp:term":[{"taxonomy":"category","embeddable":true,"href":"https:\/\/fipmed.co\/hu\/wp-json\/wp\/v2\/categories?post=22173"},{"taxonomy":"post_tag","embeddable":true,"href":"https:\/\/fipmed.co\/hu\/wp-json\/wp\/v2\/tags?post=22173"}],"curies":[{"name":"wp","href":"https:\/\/api.w.org\/{rel}","templated":true}]}}