{"id":22199,"date":"2022-12-02T01:55:02","date_gmt":"2022-12-02T01:55:02","guid":{"rendered":"https:\/\/fipmed.co\/mit-tehetek-az-nedves-vagy-kiaramlo-macska-hasi-folyadek-okozta-nedves-vagy-kiaramlo-macska-gyomornyalkahartya-miatt\/"},"modified":"2022-12-02T01:55:02","modified_gmt":"2022-12-02T01:55:02","slug":"mit-tehetek-az-nedves-vagy-kiaramlo-macska-hasi-folyadek-okozta-nedves-vagy-kiaramlo-macska-gyomornyalkahartya-miatt","status":"publish","type":"page","link":"https:\/\/fipmed.co\/hu\/mit-tehetek-az-nedves-vagy-kiaramlo-macska-hasi-folyadek-okozta-nedves-vagy-kiaramlo-macska-gyomornyalkahartya-miatt\/","title":{"rendered":"Mi a teend\u0151 a nedves vagy \u00f6ml\u0151 FIP \u00e1ltal okozott macska hasi folyad\u00e9kkal kapcsolatban?"},"content":{"rendered":"<h2>A FIP \u00e9s a hasi folyad\u00e9k k\u00f6z\u00f6tti kapcsolat<\/h2>\n<p>  A FIP a macsk\u00e1k has\u00fcreg\u00e9ben felgy\u00fcleml\u0151 hasi folyad\u00e9kot okoz, ez\u00e9rt fontos, hogy meg\u00e9rts\u00fck mind a t\u00fcneteket, mind a k\u00f6vetkezm\u00e9nyeket.  <\/p>\n<h3>Hogyan \u00e9p\u00fcl fel a folyad\u00e9k a FIP-n\u00e9l<\/h3>\n<p>  A macsk\u00e1k fert\u0151z\u0151 hash\u00e1rtyagyullad\u00e1sa (FIP) egy s\u00falyos \u00e9s \u00e1ltal\u00e1ban hal\u00e1los kimenetel\u0171 v\u00edrus a macsk\u00e1kn\u00e1l.<br \/>\nAkkor l\u00e9p fel, amikor a coronav\u00edrus, amely m\u00e1r a macska b\u00e9lrendszer\u00e9ben \u00e9l, agressz\u00edvebben kezd el szaporodni, \u00e9s \u00e1tterjed a test m\u00e1s ter\u00fcleteire.<br \/>\nAmikor ez megt\u00f6rt\u00e9nik, az immunrendszer gyullad\u00e1sos v\u00e1laszreakci\u00f3t v\u00e1lt ki, amely folyad\u00e9k felhalmoz\u00f3d\u00e1s\u00e1hoz vezet k\u00fcl\u00f6nb\u00f6z\u0151 szervekben, p\u00e9ld\u00e1ul a hasban vagy a mellkasban.<br \/>\nA folyad\u00e9k visszatart\u00e1sa a v\u00e9rerek fokozott \u00e1tereszt\u0151k\u00e9pess\u00e9ge \u00e9s a cs\u00f6kkent nyirokelvezet\u00e9s miatt k\u00f6vetkezik be.<br \/>\nEz a folyamat a sz\u00f6vetek k\u00e1rosod\u00e1s\u00e1t is \u00e9rinti, ami a kr\u00f3nikus gyullad\u00e1sb\u00f3l ered\u0151 fibr\u00f3zis \u00e9s kollag\u00e9nk\u00e9pz\u0151d\u00e9s miatt tov\u00e1bbi sejtk\u00e1rosod\u00e1shoz vezet.<br \/>\nA FIP \u00e1ltal okozott hasi duzzanat j\u00f3l l\u00e1that\u00f3an megnagyobbod\u00e1sk\u00e9nt jelentkezhet a gyomor k\u00f6rny\u00e9k\u00e9n, amely a viszk\u00f3zus text\u00fara miatt id\u0151nk\u00e9nt puh\u00e1nak, de szil\u00e1rdnak t\u0171nik &#8211; \u00e9rint\u00e9skor a gumicementhez hasonl\u00edt; a fibrin foltjai, sz\u00e1lai vagy r\u00f6g\u00f6k is l\u00e1that\u00f3k, att\u00f3l f\u00fcgg\u0151en, hogy mennyi ideje van jelen.<br \/>\nAmellett, hogy a vizu\u00e1lis megjelen\u00e9s megk\u00fcl\u00f6nb\u00f6zteti az \u00e1llatokban tal\u00e1lhat\u00f3 m\u00e1s t\u00edpus\u00fa folyad\u00e9kokt\u00f3l, a tud\u00f3sok k\u00e9pesek voltak azonos\u00edtani az alfa-1 savas glikoproteint (AGP), amely gyakran emelkedett a sz\u00e9rummint\u00e1kban, amelyeket mind a boncol\u00e1s el\u0151tti vizsg\u00e1latok sor\u00e1n a norm\u00e1lis k\u00f6r\u00fclm\u00e9nyek k\u00f6z\u00f6tt nem \u00e9rintett macsk\u00e1khoz k\u00e9pest a v\u00e1rtn\u00e1l nagyobb m\u00e9rt\u00e9kben vettek.        <\/p>\n<h3>A FIP l\u00e1that\u00f3 jelei Eff\u00fazi\u00f3<\/h3>\n<p>  A FIP-ben szenved\u0151 macsk\u00e1knak megnagyobbodhat a hasuk, ellen\u00e1llhatnak a l\u00e1zm\u00e9r\u00e9snek, \u00e9s kellemetlen\u00fcl \u00e9rezhetik magukat, ha az oldaluk ment\u00e9n meg\u00e9rintik \u0151ket.<br \/>\nA hidrat\u00e1lts\u00e1gi \u00e1llapotot is meg kell vizsg\u00e1lni, mivel a FIP Eff\u00fazi\u00f3val j\u00e1r\u00f3 s\u00falyos hasi duzzanat k\u00f6vetkezt\u00e9ben kisz\u00e1rad\u00e1s l\u00e9phet fel.<br \/>\nA fizik\u00e1lis vizsg\u00e1lat sor\u00e1n tapinthat\u00f3, a FIP-hez t\u00e1rsul\u00f3 folyad\u00e9k gyakran viszk\u00f3zusnak, ragad\u00f3snak, ragad\u00f3snak, habosnak \u00e9s vil\u00e1goss\u00e1rga sz\u00edn\u0171nek t\u0171nik.<br \/>\nEgyes esetekben a folyad\u00e9kban m\u00e9g p\u00f6tty\u00f6k vagy sz\u00e1lak is l\u00e1that\u00f3k, amelyek az erre a betegs\u00e9gre jellemz\u0151 fibrinlerak\u00f3d\u00e1sokhoz kapcsol\u00f3dnak; azonban a kezel\u00e9s megkezd\u00e9se el\u0151tt pontos diagn\u00f3zisra van sz\u00fcks\u00e9g az olyan laborat\u00f3riumi vizsg\u00e1lati m\u00f3dszerekkel, mint a citol\u00f3gia \u00e9s a szerol\u00f3gia, az \u00e1llapot megfelel\u0151 meger\u0151s\u00edt\u00e9s\u00e9hez.     <\/p>\n<h3>Szerep a diagn\u00f3zisban \u00e9s a kezel\u00e9sben<\/h3>\n<p>  Ha <a href=\"\/de?page_id=870\" target=\"_blank\" rel=\"noopener\">macsk\u00e1kn\u00e1l FIP gyan\u00faja mer\u00fcl fel<\/a>, a hasi folyad\u00e9knak fontos szerepe van a diagn\u00f3zis fel\u00e1ll\u00edt\u00e1s\u00e1ban.<br \/>\nA pozit\u00edv diagn\u00f3zis fel\u00e1ll\u00edt\u00e1s\u00e1t seg\u00edtheti t\u00f6bbek k\u00f6z\u00f6tt a &#8222;cent\u00e9zisnek&#8221; nevezett elj\u00e1r\u00e1s elv\u00e9gz\u00e9se, vagyis e folyad\u00e9k egy r\u00e9sz\u00e9nek \u00f6sszegy\u0171jt\u00e9se \u00e9s elemz\u00e9se a FIP-re jellemz\u0151 fert\u0151z\u00e9st okoz\u00f3 k\u00f3rokoz\u00f3k kimutat\u00e1s\u00e1ra.<br \/>\nEz pontosabb\u00e1 teszi a diagn\u00f3zist, mintha csak az olyan vizsg\u00e1latokra, mint a CT vagy az ultrahang hagyatkozn\u00e1nak, amelyeket \u00e1ltal\u00e1ban ennek az \u00e1llapotnak a diagnosztiz\u00e1l\u00e1sakor haszn\u00e1lnak.<br \/>\nA folyad\u00e9kelemz\u00e9s lehet\u0151v\u00e9 teszi az \u00e1llatorvosok sz\u00e1m\u00e1ra, hogy kimutass\u00e1k a macskakoronav\u00edrus (FCoV) antig\u00e9n n\u00e9ven ismert antitest felhalmoz\u00f3d\u00e1s\u00e1t, amely a FIP kialakul\u00e1sa eset\u00e9n az ascitesszel egy\u00fctt hajlamos felhalmoz\u00f3dni.     <\/p>\n<h2>Mikor kell elt\u00e1vol\u00edtani a hasi folyad\u00e9kot a FIP Cats effusive-b\u00f3l.<\/h2>\n<p>  El kell t\u00e1vol\u00edtania ezt a folyad\u00e9kot most, hogy tiszt\u00e1ban van az ok\u00e1val?<br \/>\nAtt\u00f3l f\u00fcgg.<br \/>\nAz al\u00e1bbiakban k\u00e9t fikt\u00edv helyzetet mutatunk be, valamint az \u00e1ltalunk javasolt l\u00e9p\u00e9seket mindkett\u0151re vonatkoz\u00f3an.    <strong>I. forgat\u00f3k\u00f6nyv  <\/strong><\/p>\n<p><u>A has megnagyobbod\u00e1sa j\u00f3l l\u00e1that\u00f3.<br \/>\nA macsk\u00e1ja azonban k\u00e9nyelmesen eszik, iszik \u00e9s l\u00e9legzik. <\/u>  Ebben az esetben nem javasoljuk a folyad\u00e9k kiv\u00e9tel\u00e9t.<br \/>\nGyorsan kezdje el a GS-441524 ter\u00e1pi\u00e1t, \u00e9s l\u00e1tni fogja a hasi duzzanat m\u00e9ret\u00e9nek cs\u00f6kken\u00e9s\u00e9t.<br \/>\nA FIP-v\u00edrusok folyamatosan t\u00e1voznak a szervezetb\u0151l, amikor a hasi folyad\u00e9k fokozatosan visszasz\u00edv\u00f3dik a szervezetb\u0151l.<br \/>\nMivel ebben a helyzetben nagyobb az \u00e1rtalom kock\u00e1zata, mint a j\u00f3, nem javasoljuk a hasi folyad\u00e9k lecsapol\u00e1s\u00e1t.<br \/>\nAz elvesztett folyad\u00e9k gyorsan visszat\u00e9r, gyakran a feh\u00e9rjebevitel \u00e9s a kisz\u00e1rad\u00e1s rov\u00e1s\u00e1ra.<br \/>\nKer\u00fclje el, hogy m\u00e9g nagyobb k\u00e1rt okozzon macsk\u00e1ja am\u00fagy is \u00e9rz\u00e9keny szervezet\u00e9nek, ha rendszeresen eszik \u00e9s iszik, \u00e9s nem neh\u00e9zkes a l\u00e9gz\u00e9se. <strong>II. forgat\u00f3k\u00f6nyv <\/strong><u>A megnagyobbod\u00e1s l\u00e9gz\u00e9si vagy ev\u00e9si neh\u00e9zs\u00e9geket okoz. <\/u> Ebben a forgat\u00f3k\u00f6nyvben a folyad\u00e9k egy r\u00e9sz\u00e9t, de nem az eg\u00e9szet el kell t\u00e1vol\u00edtani.<br \/>\nA l\u00e9gz\u00e9si neh\u00e9zs\u00e9gek sz\u00edvterhel\u00e9shez vezetnek, ami emelkedett pulzussz\u00e1mban \u00e9s neh\u00e9zkes sz\u00edvver\u00e9sben nyilv\u00e1nul meg.<br \/>\nSz\u00e9ls\u0151s\u00e9ges k\u00f6r\u00fclm\u00e9nyek k\u00f6z\u00f6tt ez a stressz sz\u00edvel\u00e9gtelens\u00e9get okozhat.<br \/>\nA hasi folyad\u00e9k elt\u00e1vol\u00edt\u00e1sa k\u00f6vetkezt\u00e9ben dehidrat\u00e1ci\u00f3 \u00e9s feh\u00e9rjeveszt\u00e9s k\u00f6vetkezik be.<br \/>\nEbben az esetben a folyad\u00e9k\u00fcr\u00edt\u00e9s el\u0151nyei meghaladj\u00e1k a h\u00e1tr\u00e1nyokat.<br \/>\nMeg kell jegyezni, hogy a t\u00falzott folyad\u00e9kelt\u00e1vol\u00edt\u00e1s vesz\u00e9lyes sokkot okozhat a macska szervezet\u00e9ben, \u00e9s ak\u00e1r hal\u00e1lhoz is vezethet.<br \/>\n\u00c1ltal\u00e1ban azt tan\u00e1csoljuk, hogy a teljes hasi folyad\u00e9k legfeljebb 30%-\u00e1t t\u00e1vol\u00edtsuk el.<br \/>\nA feln\u0151tt macsk\u00e1k f\u00e9nykorukban t\u00f6rt\u00e9n\u0151 kezel\u00e9s\u00e9hez k\u00e9pest legyen k\u00f6r\u00fcltekint\u0151bb a nedves FIP-ben szenved\u0151 cic\u00e1k \u00e9s id\u0151sebb macsk\u00e1k kezel\u00e9se sor\u00e1n, kevesebb folyad\u00e9k elt\u00e1vol\u00edt\u00e1s\u00e1val.<br \/>\nNe feledje, hogy ha macsk\u00e1ja nem kap GS-441524 v\u00edrusellenes gy\u00f3gyszert, a folyad\u00e9k vissza fog t\u00e9rni. <strong>Megjegyz\u00e9sek az elt\u00e1vol\u00edt\u00e1shoz:<\/strong> Az \u00f6ml\u0151 FIP-pel diagnosztiz\u00e1lt macsk\u00e1k hasi folyad\u00e9k\u00e1nak elt\u00e1vol\u00edt\u00e1sa a hasi duzzanat cs\u00f6kkent\u00e9se \u00e9s a macska megk\u00f6nnyebb\u00fcl\u00e9s\u00e9nek biztos\u00edt\u00e1sa \u00e9rdek\u00e9ben javallott.<br \/>\n\u00c1ltal\u00e1ban egy-k\u00e9t h\u00e9t kezel\u00e9s ut\u00e1n a hasi duzzanat cs\u00f6kken\u00e9se l\u00e1that\u00f3, felt\u00e9ve, hogy a folyad\u00e9kot elt\u00e1vol\u00edtott\u00e1k.<br \/>\nHa a folyad\u00e9kgy\u00fclem el\u00e9g nagy, meg kell fontolni az elt\u00e1vol\u00edt\u00e1s\u00e1t olyan k\u00fapos technik\u00e1kkal, mint a has\u0171ri\/torakocent\u00e9zis vagy bordak\u00f6zi dren\u00e1zs, amelyet k\u00f6vet\u0151en dexametazon adhat\u00f3 be a mellkasi vagy hasi \u00fcregbe.<br \/>\nEz seg\u00edt cs\u00f6kkenteni a FIP-hez t\u00e1rsul\u00f3 gyullad\u00e1st, ami a macska komfort\u00e9rzet\u00e9nek javul\u00e1s\u00e1hoz \u00e9s jobb progn\u00f3zishoz vezet.<br \/>\nA folyad\u00e9kgy\u00fclemek elt\u00e1vol\u00edt\u00e1s\u00e1val j\u00e1r\u00f3 remisszi\u00f3s id\u0151szakok azonban \u00e1ltal\u00e1ban id\u0151legesek, \u00e9s a macsk\u00e1k jellemz\u0151en gyorsan visszaesnek, ha nem k\u00f6vetik nyomon az \u00e1tfog\u00f3 kezel\u00e9st, miut\u00e1n a beavatkoz\u00e1s ut\u00e1n jelent\u0151sen cs\u00f6kkentek a t\u00fcneteik.                   <\/p>\n<h2>M\u00f3dszerek a folyad\u00e9k felhalmoz\u00f3d\u00e1s\u00e1nak cs\u00f6kkent\u00e9s\u00e9re<\/h2>\n<p>  A macsk\u00e1k fert\u0151z\u0151 hash\u00e1rtyagyullad\u00e1sa eset\u00e9n a hash\u00e1rtya folyad\u00e9k\u00e1nak elvezet\u00e9se gyakran a k\u00f6vetkez\u0151 elj\u00e1r\u00e1sokkal j\u00e1r: \u00c1llatorvosi \u00e9rt\u00e9kel\u00e9s: A m\u0171t\u00e9tet mindig \u00e1llatorvosnak vagy a fel\u00fcgyelete alatt dolgoz\u00f3 szem\u00e9lynek kell elv\u00e9geznie.<br \/>\nAz \u00e1llatorvos fizikailag megvizsg\u00e1lja a macsk\u00e1t, ultrahangot haszn\u00e1l, vagy m\u00e1s diagnosztikai elj\u00e1r\u00e1st v\u00e9gez, hogy meger\u0151s\u00edtse a hash\u00e1rtyagyullad\u00e1sos folyad\u00e9k jelenl\u00e9t\u00e9t, miel\u0151tt a kezel\u00e9st folytatn\u00e1.<br \/>\nA beavatkoz\u00e1s el\u0151tti el\u0151k\u00e9sz\u00edt\u00e9s: A m\u0171t\u00e9t el\u0151tti el\u0151k\u00e9sz\u00fcletek k\u00f6z\u00e9 tartozik a macska nyugtat\u00e1sa vagy altat\u00e1sa, hogy k\u00e9nyelmesebb\u00e9 tegye \u00e9s cs\u00f6kkentse a szorong\u00e1s szintj\u00e9t.<br \/>\nA hasi ter\u00fclet borotv\u00e1l\u00e1sa \u00e9s steriliz\u00e1l\u00e1sa a fert\u0151z\u00e9sek megel\u0151z\u00e9se \u00e9rdek\u00e9ben bevett gyakorlat.<br \/>\nT\u0171 vagy kat\u00e9ter behelyez\u00e9se: Az \u00e1llatorvos egy v\u00e9kony t\u0171t vagy kat\u00e9tert vezet be a hasfalon kereszt\u00fcl a has\u00fcregbe.<br \/>\n\u00c1ltal\u00e1nos gyakorlat az ultrahangos vezet\u00e9s alkalmaz\u00e1sa, hogy seg\u00edtse a behelyez\u00e9st \u00e9s megel\u0151zze a bels\u0151 szervek nem sz\u00e1nd\u00e9kos s\u00e9r\u00fcl\u00e9s\u00e9t.<br \/>\nFolyad\u00e9k elvezet\u00e9se: A has\u00fcregb\u0151l \u00f3vatosan \u00e9s lassan steril tart\u00e1lyba \u00fcr\u00edtik a hash\u00e1rty\u00e1n l\u00e9v\u0151 folyad\u00e9kot.<br \/>\nA macska betegs\u00e9g\u00e9nek s\u00falyoss\u00e1ga \u00e9s az ascites mennyis\u00e9ge hat\u00e1rozza meg, hogy mennyi folyad\u00e9kot kell elvezetni.<br \/>\nA haspuffad\u00e1s \u00e9s a hasi f\u00e1jdalom enyh\u00edt\u00e9se \u00e9rdek\u00e9ben a kezel\u00e9st gyakran addig folytatj\u00e1k, am\u00edg elegend\u0151 mennyis\u00e9g\u0171 folyad\u00e9kot nem \u00fcr\u00edtettek ki.<br \/>\nMegfigyel\u00e9s: A macsk\u00e1k sz\u00edvritmus\u00e1t \u00e9s l\u00e9gz\u00e9ssz\u00e1m\u00e1t a m\u0171t\u0151ben val\u00f3 tart\u00f3zkod\u00e1suk teljes ideje alatt monitorozz\u00e1k.<br \/>\nA m\u0171t\u00e9t ut\u00e1ni ell\u00e1t\u00e1s: A lecsapol\u00e1st k\u00f6vet\u0151 gondoz\u00e1s Az \u00e1llatorvos szorosan megfigyeli a macsk\u00e1t, am\u00edg az a beavatkoz\u00e1sb\u00f3l fel\u00e9p\u00fcl.<br \/>\nA m\u0171t\u00e9t ut\u00e1n egyes macsk\u00e1knak f\u00e1jdalomcsillap\u00edt\u00e1sra, folyad\u00e9kp\u00f3tl\u00e1sra \u00e9s antibiotikumokra lesz sz\u00fcks\u00e9g\u00fck a fert\u0151z\u00e9sek megel\u0151z\u00e9se \u00e9rdek\u00e9ben.<br \/>\nLehet\u0151s\u00e9g van a has bek\u00f6t\u00f6z\u00e9s\u00e9re vagy \u00f6sszevarr\u00e1s\u00e1ra a sz\u00fart lyuk lez\u00e1r\u00e1sa \u00e9rdek\u00e9ben.              &nbsp;<\/p>\n<h2>T\u00e1mogat\u00f3 ell\u00e1t\u00e1s a macska k\u00e9nyelmesebb\u00e9 t\u00e9tel\u00e9re<\/h2>\n<p>  A FIP-vel diagnosztiz\u00e1lt macsk\u00e1k t\u00e1mogat\u00f3 ell\u00e1t\u00e1sa elengedhetetlen ahhoz, hogy a macska k\u00e9nyelmesebb\u00e9 v\u00e1ljon, \u00e9s javuljon az \u00e9letmin\u0151s\u00e9ge.<br \/>\nA sz\u00e9les spektrum\u00fa antibiotikumok \u00e1ltal\u00e1nosan aj\u00e1nlott <a href=\"\/de?page_id=895\" target=\"_blank\" rel=\"noopener\">kezel\u00e9sek a FIP-es macsk\u00e1k t\u00e1mogat\u00e1s\u00e1ra<\/a>, mivel seg\u00edthetnek a gyullad\u00e1s cs\u00f6kkent\u00e9s\u00e9ben \u00e9s a m\u00e1sodlagos fert\u0151z\u00e9sek kezel\u00e9s\u00e9ben.<br \/>\nA b\u0151r alatti folyad\u00e9kp\u00f3tl\u00e1s szint\u00e9n fontos, hogy a macska hidrat\u00e1lt maradjon, \u00e9s seg\u00edtsen fenntartani az optim\u00e1lis test\u00e1llapotot.<br \/>\nAz olyan h\u00e1zi gy\u00f3gym\u00f3dok, mint a s\u00fct\u0151t\u00f6kp\u00fcr\u00e9 vagy a probiotikumok alkalmazhat\u00f3k a FIP-esetekkel j\u00e1r\u00f3 egyes <a href=\"\/de?page_id=899\" target=\"_blank\" rel=\"noopener\">t\u00fcnetek<\/a>, p\u00e9ld\u00e1ul a hasmen\u00e9s enyh\u00edt\u00e9s\u00e9re.<br \/>\nFontos a t\u00e1mogat\u00f3 ell\u00e1t\u00e1s biztos\u00edt\u00e1sa akkor is, ha a diagnosztikai elj\u00e1r\u00e1s sor\u00e1n nem tal\u00e1ltak folyad\u00e9kgy\u00fclemet, ami gyakran el\u0151fordul a macsk\u00e1k fert\u0151z\u0151 hash\u00e1rtyagyullad\u00e1s\u00e1nak egyes eseteiben.<br \/>\nEz mag\u00e1ban foglalhatja az intrav\u00e9n\u00e1s folyad\u00e9kok alkalmaz\u00e1s\u00e1t a hidrat\u00e1lts\u00e1gi szint fenntart\u00e1sa \u00e9rdek\u00e9ben, ha a sz\u00e1jon \u00e1t t\u00f6rt\u00e9n\u0151 rehidr\u00e1l\u00e1s nem siker\u00fcl, valamint \u00e9tv\u00e1gyserkent\u0151ket vagy t\u00e1pl\u00e1l\u00e9kkieg\u00e9sz\u00edt\u0151ket, amelyeket az \u00e1llatorvosi t\u00e1pl\u00e1lkoz\u00e1si szakember \u00edrhat fel az egy\u00e9ni sz\u00fcks\u00e9gletekt\u0151l f\u00fcgg\u0151en Ezen k\u00edv\u00fcl egy tapasztalt \u00e1llatorvos szakember figyelemmel k\u00eds\u00e9ri a macska has\u00e1ban jelen l\u00e9v\u0151 duzzanatokat, mivel ez a FIP-hez kapcsol\u00f3d\u00f3 alapbetegs\u00e9gek miatt kialakul\u00f3 folyad\u00e9kgy\u00fclemre utalhat.       &nbsp;<\/p>\n","protected":false},"excerpt":{"rendered":"<p>A FIP \u00e9s a hasi folyad\u00e9k k\u00f6z\u00f6tti kapcsolat A FIP a macsk\u00e1k has\u00fcreg\u00e9ben felgy\u00fcleml\u0151 hasi folyad\u00e9kot okoz, ez\u00e9rt fontos, hogy meg\u00e9rts\u00fck mind a t\u00fcneteket, mind a k\u00f6vetkezm\u00e9nyeket. Hogyan \u00e9p\u00fcl fel a folyad\u00e9k a FIP-n\u00e9l A macsk\u00e1k fert\u0151z\u0151 hash\u00e1rtyagyullad\u00e1sa (FIP) egy s\u00falyos \u00e9s \u00e1ltal\u00e1ban hal\u00e1los kimenetel\u0171 v\u00edrus a macsk\u00e1kn\u00e1l. Akkor l\u00e9p fel, amikor a coronav\u00edrus, amely [&hellip;]<\/p>\n","protected":false},"author":11,"featured_media":22200,"parent":0,"menu_order":0,"comment_status":"closed","ping_status":"closed","template":"","meta":{"_glsr_average":0,"_glsr_ranking":0,"_glsr_reviews":0,"footnotes":""},"categories":[724],"tags":[726,830],"_links":{"self":[{"href":"https:\/\/fipmed.co\/hu\/wp-json\/wp\/v2\/pages\/22199"}],"collection":[{"href":"https:\/\/fipmed.co\/hu\/wp-json\/wp\/v2\/pages"}],"about":[{"href":"https:\/\/fipmed.co\/hu\/wp-json\/wp\/v2\/types\/page"}],"author":[{"embeddable":true,"href":"https:\/\/fipmed.co\/hu\/wp-json\/wp\/v2\/users\/11"}],"replies":[{"embeddable":true,"href":"https:\/\/fipmed.co\/hu\/wp-json\/wp\/v2\/comments?post=22199"}],"version-history":[{"count":0,"href":"https:\/\/fipmed.co\/hu\/wp-json\/wp\/v2\/pages\/22199\/revisions"}],"wp:featuredmedia":[{"embeddable":true,"href":"https:\/\/fipmed.co\/hu\/wp-json\/wp\/v2\/media\/22200"}],"wp:attachment":[{"href":"https:\/\/fipmed.co\/hu\/wp-json\/wp\/v2\/media?parent=22199"}],"wp:term":[{"taxonomy":"category","embeddable":true,"href":"https:\/\/fipmed.co\/hu\/wp-json\/wp\/v2\/categories?post=22199"},{"taxonomy":"post_tag","embeddable":true,"href":"https:\/\/fipmed.co\/hu\/wp-json\/wp\/v2\/tags?post=22199"}],"curies":[{"name":"wp","href":"https:\/\/api.w.org\/{rel}","templated":true}]}}