{"id":23735,"date":"2023-05-08T07:39:24","date_gmt":"2023-05-08T07:39:24","guid":{"rendered":"https:\/\/fipmed.co\/kapcsolatfelvetel\/"},"modified":"2024-11-06T07:01:32","modified_gmt":"2024-11-06T07:01:32","slug":"kapcsolatfelvetel","status":"publish","type":"page","link":"https:\/\/fipmed.co\/hu\/kapcsolatfelvetel\/","title":{"rendered":"Kapcsolatfelv\u00e9tel"},"content":{"rendered":"\t\t<div data-elementor-type=\"wp-page\" data-elementor-id=\"23735\" class=\"elementor elementor-23735 elementor-7274\">\n\t\t\t\t\t\t<section class=\"elementor-section elementor-top-section elementor-element elementor-element-a0c711f elementor-section-boxed elementor-section-height-default elementor-section-height-default\" data-id=\"a0c711f\" data-element_type=\"section\">\n\t\t\t\t\t\t<div class=\"elementor-container elementor-column-gap-default\">\n\t\t\t\t\t<div class=\"elementor-column elementor-col-100 elementor-top-column elementor-element elementor-element-935b070\" data-id=\"935b070\" data-element_type=\"column\">\n\t\t\t<div class=\"elementor-widget-wrap elementor-element-populated\">\n\t\t\t\t\t\t<div class=\"elementor-element elementor-element-213ae02 elementor-widget elementor-widget-text-editor\" data-id=\"213ae02\" data-element_type=\"widget\" data-widget_type=\"text-editor.default\">\n\t\t\t\t<div class=\"elementor-widget-container\">\n\t\t\t\t\t\t\t\t\t<p class=\"p1\">\n<p class=\"p1\"><span class=\"s1\">Az\u00e9rt vagyunk itt, hogy seg\u00edts\u00fcnk! Vegye fel vel\u00fcnk a kapcsolatot. Ha b\u00e1rmilyen k\u00e9rd\u00e9se, agg\u00e1lya vagy visszajelz\u00e9se van, k\u00e9rj\u00fck, ne habozzon kapcsolatba l\u00e9pni vel\u00fcnk. Elk\u00f6telezett \u00fcgyf\u00e9lszolg\u00e1lati csapatunk k\u00e9szen \u00e1ll arra, hogy b\u00e1rmilyen m\u00f3don seg\u00edtsen \u00d6nnek.   <\/span><\/p>\n<p class=\"p1\"><strong><span class=\"s1\">Hogyan \u00e9rhet el minket<\/span><\/strong><\/p>\n<p class=\"p1\"><strong><span class=\"s1\">E-mail:<\/span><\/strong><\/p>\n<p class=\"p1\"><span class=\"s1\">\u00cdrjon nek\u00fcnk b\u00e1tran a support@fipmed.co e-mail c\u00edmre. C\u00e9lunk, hogy minden megkeres\u00e9sre 2 \u00f3r\u00e1n bel\u00fcl v\u00e1laszoljunk, bele\u00e9rtve a h\u00e9tv\u00e9g\u00e9ket \u00e9s az \u00fcnnepnapokat is. Ak\u00e1r a term\u00e9keinkkel kapcsolatos k\u00e9rd\u00e9se van, ak\u00e1r a megrendel\u00e9s\u00e9vel kapcsolatos probl\u00e9m\u00e1ja van, vagy seg\u00edts\u00e9gre van sz\u00fcks\u00e9ge a visszak\u00fcld\u00e9ssel kapcsolatban, csapatunk itt van, hogy gyors \u00e9s seg\u00edt\u0151k\u00e9sz v\u00e1laszt adjon \u00d6nnek.  <\/span><\/p>\n<p class=\"p1\"><strong><span class=\"s1\">\u00c9l\u0151 chatbot:<\/span><\/strong><\/p>\n<p class=\"p1\"><span class=\"s1\">A val\u00f3s idej\u0171 seg\u00edts\u00e9gny\u00fajt\u00e1s \u00e9rdek\u00e9ben weboldalunkon k\u00e9nyelmes \u00e9l\u0151 chat funkci\u00f3t k\u00edn\u00e1lunk. Keresse a k\u00e9perny\u0151 jobb als\u00f3 sark\u00e1ban a chat ikonj\u00e1t, \u00e9s kattintson r\u00e1, hogy besz\u00e9lget\u00e9st kezdem\u00e9nyezzen chatbotunkkal, Clawdi\u00e1val. Ak\u00e1r seg\u00edts\u00e9gre van sz\u00fcks\u00e9ge az oldalunkon val\u00f3 navig\u00e1l\u00e1sban, ak\u00e1r k\u00e9rd\u00e9sei vannak k\u00edn\u00e1latunkkal kapcsolatban, vagy t\u00e1mogat\u00e1sra van sz\u00fcks\u00e9ge a v\u00e1s\u00e1rl\u00e1si folyamat sor\u00e1n, \u0151 itt van, hogy azonnal seg\u00edtsen \u00d6nnek. Sz\u00edvesen v\u00e1laszol a k\u00e9rd\u00e9seire, term\u00e9kaj\u00e1nl\u00e1sokat ad, vagy seg\u00edt az esetlegesen felmer\u00fcl\u0151 probl\u00e9m\u00e1ival kapcsolatban.   <\/span><\/p>\n<p class=\"p1\"><strong><span class=\"s1\">K\u00f6z\u00f6ss\u00e9gi m\u00e9dia:<\/span><\/strong><\/p>\n<p class=\"p1\"><span class=\"s1\">L\u00e9pjen kapcsolatba vel\u00fcnk a k\u00f6z\u00f6ss\u00e9gi m\u00e9di\u00e1ban. Akt\u00edvak vagyunk a Facebookon. K\u00f6vessen minket, hogy naprak\u00e9szen \u00e9rtes\u00fclj\u00f6n a leg\u00fajabb term\u00e9kbemutat\u00f3kr\u00f3l, exkluz\u00edv prom\u00f3ci\u00f3kr\u00f3l \u00e9s egyebekr\u0151l. Nyugodtan keressen meg minket k\u00f6zvetlen \u00fczeneteken kereszt\u00fcl, vagy jel\u00f6lj\u00f6n meg minket a posztjaiban. Szeretj\u00fck hallani \u00fcgyfeleink v\u00e9lem\u00e9ny\u00e9t, \u00e9s szeret\u00fcnk kapcsolatba l\u00e9pni k\u00f6z\u00f6ss\u00e9g\u00fcnkkel.    <\/span><\/p>\n<p class=\"p1\"><span class=\"s1\">Az \u00d6n el\u00e9gedetts\u00e9ge a legfontosabb sz\u00e1munkra, \u00e9s elk\u00f6telezettek vagyunk a kiv\u00e9teles \u00fcgyf\u00e9lszolg\u00e1lat biztos\u00edt\u00e1sa mellett. Nagyra \u00e9rt\u00e9kelj\u00fck visszajelz\u00e9seit, \u00e9s nagyra \u00e9rt\u00e9kelj\u00fck, hogy id\u0151t sz\u00e1nt r\u00e1nk. Arra t\u00f6reksz\u00fcnk, hogy folyamatosan jav\u00edtsuk az \u00d6n tapasztalatait, \u00e9s ebben a folyamatban az \u00d6n v\u00e9lem\u00e9nye d\u00f6nt\u0151 szerepet j\u00e1tszik.  <\/span><\/p>\n<p class=\"p1\"><span class=\"s1\">K\u00f6sz\u00f6nj\u00fck, hogy a FipMedet v\u00e1lasztotta. V\u00e1rjuk, hogy seg\u00edthess\u00fcnk \u00d6nnek! <\/span><\/p>\n\t\t\t\t\t\t\t\t<\/div>\n\t\t\t\t<\/div>\n\t\t\t\t\t<\/div>\n\t\t<\/div>\n\t\t\t\t\t<\/div>\n\t\t<\/section>\n\t\t\t\t<\/div>\n\t\t","protected":false},"excerpt":{"rendered":"<p>Az\u00e9rt vagyunk itt, hogy seg\u00edts\u00fcnk! Vegye fel vel\u00fcnk a kapcsolatot. Ha b\u00e1rmilyen k\u00e9rd\u00e9se, agg\u00e1lya vagy visszajelz\u00e9se van, k\u00e9rj\u00fck, ne habozzon kapcsolatba l\u00e9pni vel\u00fcnk. Elk\u00f6telezett \u00fcgyf\u00e9lszolg\u00e1lati csapatunk k\u00e9szen \u00e1ll arra, hogy b\u00e1rmilyen m\u00f3don seg\u00edtsen \u00d6nnek. Hogyan \u00e9rhet el minket E-mail: \u00cdrjon nek\u00fcnk b\u00e1tran a support@fipmed.co e-mail c\u00edmre. C\u00e9lunk, hogy minden megkeres\u00e9sre 2 \u00f3r\u00e1n bel\u00fcl v\u00e1laszoljunk, bele\u00e9rtve [&hellip;]<\/p>\n","protected":false},"author":1,"featured_media":0,"parent":0,"menu_order":0,"comment_status":"closed","ping_status":"closed","template":"","meta":{"_glsr_average":0,"_glsr_ranking":0,"_glsr_reviews":0,"footnotes":""},"categories":[],"tags":[],"_links":{"self":[{"href":"https:\/\/fipmed.co\/hu\/wp-json\/wp\/v2\/pages\/23735"}],"collection":[{"href":"https:\/\/fipmed.co\/hu\/wp-json\/wp\/v2\/pages"}],"about":[{"href":"https:\/\/fipmed.co\/hu\/wp-json\/wp\/v2\/types\/page"}],"author":[{"embeddable":true,"href":"https:\/\/fipmed.co\/hu\/wp-json\/wp\/v2\/users\/1"}],"replies":[{"embeddable":true,"href":"https:\/\/fipmed.co\/hu\/wp-json\/wp\/v2\/comments?post=23735"}],"version-history":[{"count":1,"href":"https:\/\/fipmed.co\/hu\/wp-json\/wp\/v2\/pages\/23735\/revisions"}],"predecessor-version":[{"id":23736,"href":"https:\/\/fipmed.co\/hu\/wp-json\/wp\/v2\/pages\/23735\/revisions\/23736"}],"wp:attachment":[{"href":"https:\/\/fipmed.co\/hu\/wp-json\/wp\/v2\/media?parent=23735"}],"wp:term":[{"taxonomy":"category","embeddable":true,"href":"https:\/\/fipmed.co\/hu\/wp-json\/wp\/v2\/categories?post=23735"},{"taxonomy":"post_tag","embeddable":true,"href":"https:\/\/fipmed.co\/hu\/wp-json\/wp\/v2\/tags?post=23735"}],"curies":[{"name":"wp","href":"https:\/\/api.w.org\/{rel}","templated":true}]}}