{"id":23960,"date":"2023-09-18T08:36:12","date_gmt":"2023-09-18T08:36:12","guid":{"rendered":"https:\/\/fipmed.co\/product\/1x-fipmed-injekcio-7ml-vial-20mg-ml\/"},"modified":"2023-09-18T08:36:12","modified_gmt":"2023-09-18T08:36:12","slug":"1x-fipmed-injekcio-7ml-vial-20mg-ml","status":"publish","type":"product","link":"https:\/\/fipmed.co\/hu\/termek\/1x-fipmed-injekcio-7ml-vial-20mg-ml\/","title":{"rendered":"1x Fipmed injekci\u00f3 7ml injekci\u00f3s \u00fcveg 20mg\/ml"},"content":{"rendered":"<p class=\"p1\"><span class=\"s1\">A FipMed GS-441524 injekci\u00f3 a macsk\u00e1k fert\u0151z\u0151 hash\u00e1rtyagyullad\u00e1s\u00e1nak (FIP) hat\u00e9kony kezel\u00e9se.  <\/span><span class=\"s1\">Minden egyes FipMed injekci\u00f3s \u00fcveg 20 mg\/ml 7 ml-t tartalmaz.<\/span><\/p>\n<p class=\"p1\"><span class=\"s1\"><strong>Koncentr\u00e1ci\u00f3:<span class=\"Apple-converted-space\">  <\/span><\/strong>20mg\/ml<\/span><\/p>\n<p class=\"p1\"><span class=\"s1\"><strong>T\u00e9rfogat:<\/strong><span class=\"Apple-converted-space\">  <\/span>7ml injekci\u00f3s \u00fcvegenk\u00e9nt<\/span><\/p>\n<p class=\"p1\"><span class=\"s1\"><strong>Mennyis\u00e9g:<\/strong><span class=\"Apple-converted-space\"><strong> <\/strong> <\/span> Mennyis\u00e9g:<span class=\"Apple-converted-space\">1x<\/span> fiola<\/span><\/p>\n<p>&nbsp;<\/p>\n<p class=\"p1\"><strong><span class=\"s1\">Aj\u00e1nlott adagol\u00e1s:<\/span><\/strong><\/p>\n<p class=\"p1\"><span class=\"s1\">Nedves FIP 6mg\/kg macska testt\u00f6megre sz\u00e1m\u00edtva<\/span><\/p>\n<p class=\"p1\"><span class=\"s1\">Sz\u00e1raz FIP 8mg\/kg macska testt\u00f6megre sz\u00e1m\u00edtva<\/span><\/p>\n<p class=\"p1\"><span class=\"s1\">Szem\u00e9szeti FIP 10mg\/kg macska testt\u00f6megre sz\u00e1m\u00edtva<\/span><\/p>\n<p class=\"p1\"><span class=\"s1\">Neurol\u00f3giai 10mg\/kg macska testt\u00f6megre sz\u00e1m\u00edtva<\/span><\/p>\n<p>&nbsp;<\/p>\n<p class=\"p1\"><span class=\"s1\"><strong>Kezel\u00e9si m\u00f3dszer:<\/strong> <\/span><\/p>\n<p class=\"p1\"><span class=\"s1\">Naponta 1 injekci\u00f3, heti 7 napon \u00e1t.<\/span><\/p>\n<p class=\"p1\"><span class=\"s1\">A kezel\u00e9s id\u0151tartama: legal\u00e1bb 4 h\u00e9t (aj\u00e1nlott), majd tablett\u00e1k vagy injekci\u00f3 k\u00f6veti.<\/span><\/p>\n","protected":false},"excerpt":{"rendered":"<p class=\"p1\"><span class=\"s1\">A FipMed GS-441524 injekci\u00f3 a macsk\u00e1k fert\u0151z\u0151 hash\u00e1rtyagyullad\u00e1s\u00e1nak (FIP) hat\u00e9kony kezel\u00e9se.  <\/span><span class=\"s1\">Minden egyes FipMed injekci\u00f3s \u00fcveg 20 mg\/ml 7 ml-t tartalmaz.<\/span><\/p>\n<p class=\"p1\"><span class=\"s1\"><strong>Koncentr\u00e1ci\u00f3:<span class=\"Apple-converted-space\">  <\/span><\/strong>20mg\/ml<\/span><\/p>\n<p class=\"p1\"><span class=\"s1\"><strong>T\u00e9rfogat:<\/strong><span class=\"Apple-converted-space\">  <\/span>7ml injekci\u00f3s \u00fcvegenk\u00e9nt<\/span><\/p>\n<p class=\"p1\"><span class=\"s1\"><strong>Mennyis\u00e9g:<\/strong><span class=\"Apple-converted-space\"><strong> <\/strong> <\/span> Mennyis\u00e9g:<span class=\"Apple-converted-space\">1x<\/span> fiola<\/span><\/p>\n<p>&nbsp;<\/p>\n<p class=\"p1\"><strong><span class=\"s1\">Aj\u00e1nlott adagol\u00e1s:<\/span><\/strong><\/p>\n<p class=\"p1\"><span class=\"s1\">Nedves FIP 6mg\/kg macska testt\u00f6megre sz\u00e1m\u00edtva<\/span><\/p>\n<p class=\"p1\"><span class=\"s1\">Sz\u00e1raz FIP 8mg\/kg macska testt\u00f6megre sz\u00e1m\u00edtva<\/span><\/p>\n<p class=\"p1\"><span class=\"s1\">Szem\u00e9szeti FIP 10mg\/kg macska testt\u00f6megre sz\u00e1m\u00edtva<\/span><\/p>\n<p class=\"p1\"><span class=\"s1\">Neurol\u00f3giai 10mg\/kg macska testt\u00f6megre sz\u00e1m\u00edtva<\/span><\/p>\n<p class=\"p1\"><span class=\"s1\"><strong>Kezel\u00e9si m\u00f3dszer:<\/strong> <\/span><\/p>\n<p class=\"p1\"><span class=\"s1\">Naponta 1 injekci\u00f3, heti 7 napon \u00e1t.<\/span><\/p>\n<p class=\"p1\"><span class=\"s1\">A kezel\u00e9s id\u0151tartama: legal\u00e1bb 4 h\u00e9t (aj\u00e1nlott), majd tablett\u00e1k vagy injekci\u00f3 k\u00f6veti.<\/span><\/p>\n","protected":false},"featured_media":23961,"template":"","meta":{"_glsr_average":0,"_glsr_ranking":0,"_glsr_reviews":0},"product_cat":[1076],"product_tag":[],"_links":{"self":[{"href":"https:\/\/fipmed.co\/hu\/wp-json\/wp\/v2\/product\/23960"}],"collection":[{"href":"https:\/\/fipmed.co\/hu\/wp-json\/wp\/v2\/product"}],"about":[{"href":"https:\/\/fipmed.co\/hu\/wp-json\/wp\/v2\/types\/product"}],"wp:featuredmedia":[{"embeddable":true,"href":"https:\/\/fipmed.co\/hu\/wp-json\/wp\/v2\/media\/23961"}],"wp:attachment":[{"href":"https:\/\/fipmed.co\/hu\/wp-json\/wp\/v2\/media?parent=23960"}],"wp:term":[{"taxonomy":"product_cat","embeddable":true,"href":"https:\/\/fipmed.co\/hu\/wp-json\/wp\/v2\/product_cat?post=23960"},{"taxonomy":"product_tag","embeddable":true,"href":"https:\/\/fipmed.co\/hu\/wp-json\/wp\/v2\/product_tag?post=23960"}],"curies":[{"name":"wp","href":"https:\/\/api.w.org\/{rel}","templated":true}]}}