{"id":24039,"date":"2022-11-30T16:38:07","date_gmt":"2022-11-30T16:38:07","guid":{"rendered":"https:\/\/fipmed.co\/product\/3x-strips-fipmed-tabletta-x-10-nap-3kg-os-macskaknak\/"},"modified":"2022-11-30T16:38:07","modified_gmt":"2022-11-30T16:38:07","slug":"3x-strips-fipmed-tabletta-x-10-nap-3kg-os-macskaknak","status":"publish","type":"product","link":"https:\/\/fipmed.co\/hu\/termek\/3x-strips-fipmed-tabletta-x-10-nap-3kg-os-macskaknak\/","title":{"rendered":"3x Strips FipMed tabletta x 10 nap (3kg-os macsk\u00e1knak)"},"content":{"rendered":"<p class=\"p1\"><span class=\"s1\">A FipMed GS-441524 tabletta a macsk\u00e1k fert\u0151z\u0151 hash\u00e1rtyagyullad\u00e1s\u00e1nak (FIP) hat\u00e9kony kezel\u00e9se.<\/span><\/p>\n<p class=\"p1\"><span class=\"s1\">Minden FipMed tabletta 3 kg-os macsk\u00e1nak 45 mg GS-441524-et tartalmaz.<\/span><\/p>\n<p class=\"p1\"><span class=\"s1\">A k\u00e9sz\u00edtm\u00e9nyt 3 kg-n\u00e1l nem nehezebb macsk\u00e1k sz\u00e1m\u00e1ra fejlesztett\u00e9k ki.<\/span><\/p>\n<p class=\"p1\"><span class=\"s1\">A GS-441524 metabolikusan stabil.<br \/>\nA felsz\u00edv\u00f3dott mennyis\u00e9g azonban az em\u00e9szt\u00e9st k\u00f6vet\u0151en nem metaboliz\u00e1l\u00f3dik teljesen.<br \/>\nA becs\u00fclt metaboliz\u00e1lt mennyis\u00e9g elegend\u0151 mind a nedves, mind a sz\u00e1raz FIP eset\u00e9ben.<br \/>\nSzem\u00e9szeti FIP \u00e9s neurol\u00f3giai FIP eset\u00e9n k\u00e9rj\u00fck, dupl\u00e1zza meg az adagot.<br \/>\nEgy tabletta helyett vegyen be k\u00e9t tablett\u00e1t.    <\/span><\/p>\n<p>&nbsp;<\/p>\n<p class=\"p1\"><span class=\"s1\">A FIPMed tablett\u00e1k \u00e9s az adagol\u00e1s Dr. Niels Pedersen aj\u00e1nl\u00e1sai alapj\u00e1n ker\u00fcltek \u00f6ssze\u00e1ll\u00edt\u00e1sra:<\/span><\/p>\n<p><strong>Nedves \/ sz\u00e1raz FIP adagol\u00e1s tablett\u00e1khoz:<\/strong><\/p>\n<p>Tablet T\u00e9nyleges GS441524 Tartalom: 15mg\/kg Az em\u00e9szt\u00e9s \u00e9s metaboliz\u00e1ci\u00f3 okozta 60%-os vesztes\u00e9g ut\u00e1n*: 6mg\/kg<\/p>\n<p><strong>Szem\u00e9szeti \/ neurol\u00f3giai FIP tabletta adagol\u00e1sa:<\/strong><\/p>\n<p>Tablet T\u00e9nyleges GS441524 Tartalom: 30mg\/kg Az em\u00e9szt\u00e9s \u00e9s metaboliz\u00e1ci\u00f3 okozta 60%-os vesztes\u00e9g ut\u00e1n*: 12mg\/kg<\/p>\n<p>&nbsp;<\/p>\n<p>* A sz\u00e1jon \u00e1t t\u00f6rt\u00e9n\u0151 bead\u00e1s szint\u00e9n v\u00e9rszintet eredm\u00e9nyezett, de n\u00e9mileg k\u00e9sve \u00e9s csak a szubkut\u00e1n \u00e9s intrav\u00e9n\u00e1s bead\u00e1s 40%-\u00e1nak megfelel\u0151 cs\u00facs\u00e9rt\u00e9kekkel. A GS-441424 a b\u00e9lb\u0151l k\u00f6r\u00fclbel\u00fcl 50%-os hat\u00e9konys\u00e1ggal sz\u00edv\u00f3dik fel, mint a szubkut\u00e1n vagy intrav\u00e9n\u00e1s adagol\u00e1s. Tekintettel az or\u00e1lis GS-441524 felsz\u00edv\u00f3d\u00e1si korl\u00e1taira, az or\u00e1lis d\u00f3zis k\u00f6r\u00fclbel\u00fcl k\u00e9tszerese v\u00e1rhat\u00f3 az injekci\u00f3khoz k\u00e9pest. (Niels Pedersen NC, 2018).   <\/p>\n<p>https:\/\/www.vetmed.ucdavis.edu\/sites\/g\/files\/dgvnsk4586\/files\/inline-files\/Use%20of%20oral%20GS-441524%20for%20FIP%20treatmemt_0.pdf<\/p>\n<p>&nbsp;<\/p>\n<p class=\"p1\"><span class=\"s1\">Minden szalag 10 sz\u00e1jon \u00e1t szedhet\u0151 tablett\u00e1t tartalmaz (10 napos kezel\u00e9s).<\/span><\/p>\n","protected":false},"excerpt":{"rendered":"<p class=\"p1\"><span class=\"s1\">A FipMed GS-441524 tabletta a macsk\u00e1k fert\u0151z\u0151 hash\u00e1rtyagyullad\u00e1s\u00e1nak (FIP) hat\u00e9kony kezel\u00e9se.<\/span><\/p>\n<p class=\"p1\"><span class=\"s1\">Minden FipMed tabletta 3 kg-os macsk\u00e1nak 45 mg GS-441524-et tartalmaz. A k\u00e9sz\u00edtm\u00e9nyt 3 kg-n\u00e1l nem nagyobb testt\u00f6meg\u0171 macsk\u00e1k sz\u00e1m\u00e1ra \u00e1ll\u00edtott\u00e1k \u00f6ssze. <\/span><\/p>\n<p class=\"p1\"><span class=\"s1\">A GS-441524 metabolikusan stabil.<br \/>\nA felsz\u00edv\u00f3dott mennyis\u00e9g azonban az em\u00e9szt\u00e9st k\u00f6vet\u0151en nem metaboliz\u00e1l\u00f3dik teljesen.<br \/>\nA becs\u00fclt metaboliz\u00e1lt mennyis\u00e9g elegend\u0151 mind a nedves, mind a sz\u00e1raz FIP eset\u00e9ben.<br \/>\nSzem\u00e9szeti FIP \u00e9s neurol\u00f3giai FIP eset\u00e9n k\u00e9rj\u00fck, dupl\u00e1zza meg az adagot.<br \/>\nEgy tabletta helyett vegyen be k\u00e9t tablett\u00e1t.    <\/span><\/p>\n<p class=\"p1\"><span class=\"s1\">Minden szalag 10 sz\u00e1jon \u00e1t szedhet\u0151 tablett\u00e1t tartalmaz (10 napos kezel\u00e9s).<\/span><\/p>\n","protected":false},"featured_media":25099,"template":"","meta":{"_glsr_average":0,"_glsr_ranking":0,"_glsr_reviews":0},"product_cat":[1031],"product_tag":[],"_links":{"self":[{"href":"https:\/\/fipmed.co\/hu\/wp-json\/wp\/v2\/product\/24039"}],"collection":[{"href":"https:\/\/fipmed.co\/hu\/wp-json\/wp\/v2\/product"}],"about":[{"href":"https:\/\/fipmed.co\/hu\/wp-json\/wp\/v2\/types\/product"}],"wp:featuredmedia":[{"embeddable":true,"href":"https:\/\/fipmed.co\/hu\/wp-json\/wp\/v2\/media\/25099"}],"wp:attachment":[{"href":"https:\/\/fipmed.co\/hu\/wp-json\/wp\/v2\/media?parent=24039"}],"wp:term":[{"taxonomy":"product_cat","embeddable":true,"href":"https:\/\/fipmed.co\/hu\/wp-json\/wp\/v2\/product_cat?post=24039"},{"taxonomy":"product_tag","embeddable":true,"href":"https:\/\/fipmed.co\/hu\/wp-json\/wp\/v2\/product_tag?post=24039"}],"curies":[{"name":"wp","href":"https:\/\/api.w.org\/{rel}","templated":true}]}}