{"id":24281,"date":"2023-11-27T06:45:29","date_gmt":"2023-11-27T06:45:29","guid":{"rendered":"https:\/\/fipmed.co\/product\/a-teljes-utiterv-a-fip-legyozesehez-a-diagnozistol-a-gyogyulasig-konyv\/"},"modified":"2025-01-21T08:11:51","modified_gmt":"2025-01-21T08:11:51","slug":"a-teljes-utiterv-a-fip-legyozesehez-a-diagnozistol-a-gyogyulasig-konyv","status":"publish","type":"product","link":"https:\/\/fipmed.co\/hu\/termek\/a-teljes-utiterv-a-fip-legyozesehez-a-diagnozistol-a-gyogyulasig-konyv\/","title":{"rendered":"A teljes \u00fatiterv a FIP legy\u0151z\u00e9s\u00e9hez: a diagn\u00f3zist\u00f3l a gy\u00f3gyul\u00e1sig EBOOK"},"content":{"rendered":"<p><span class=\"s1\">154 oldalas \u00e1tfog\u00f3 \u00fatmutat\u00f3 a FIP-r\u0151l, a diagn\u00f3zist\u00f3l a gy\u00f3gyul\u00e1sig. Minden, amit a FIP-r\u0151l tudni kell, itt tal\u00e1lhat\u00f3. <\/span><\/p>\n<p>&nbsp;<\/p>\n<p><strong>Tartalomjegyz\u00e9k:<\/strong><\/p>\n<p>&nbsp;<\/p>\n<p><strong>MI AZ A FIP?<\/strong><\/p>\n<p>Hogyan alakul ki a FIP?<\/p>\n<p>&nbsp;<\/p>\n<p><strong>A MACSK\u00c1K KORONAV\u00cdRUSAI<\/strong><\/p>\n<p>Az FCov v\u00edrus<\/p>\n<p>FECV<\/p>\n<p>FIPV<\/p>\n<p>&nbsp;<\/p>\n<p><strong>HOGYAN TERJEDNEK A V\u00cdRUSOK?<\/strong><\/p>\n<p>K\u00f6zvetlen kapcsolat<\/p>\n<p>K\u00f6zvetett kapcsolat<\/p>\n<p>Sz\u00e9klet-or\u00e1lis \u00fatvonal<\/p>\n<p>L\u00e9gz\u0151szervi cseppek<\/p>\n<p>Vemhes n\u0151st\u00e9ny macska fert\u0151z\u00e9se<\/p>\n<p>&nbsp;<\/p>\n<p><strong>FIP<\/strong> <strong>KOCK\u00c1ZAT<\/strong> <strong>T\u00c9NYEZ\u0150K<\/strong><\/p>\n<p>Kor<\/p>\n<p>Fajta<\/p>\n<p>Zs\u00fafolt \u00e9letk\u00f6r\u00fclm\u00e9nyek<\/p>\n<p>Genetika<\/p>\n<p>Stressz<\/p>\n<p>Az immunrendszer \u00e1llapota<\/p>\n<p>&nbsp;<\/p>\n<p><strong>MILYEN VIZSG\u00c1LATOKKAL LEHET A MACSK\u00c1K FIP-J\u00c9T MEG\u00c1LLAP\u00cdTANI?<\/strong><\/p>\n<p>Antitestvizsg\u00e1lat V\u00e9rvizsg\u00e1lat V\u00e9rvizsg\u00e1lat FIP-re utal\u00f3 \u00e9rt\u00e9kek Rivalta Eff\u00fazi\u00f3s vizsg\u00e1lat R\u00f6ntgen Ultrahang Biopszia \u00e9s citol\u00f3gia Sz\u00e9kletvizsg\u00e1lat<\/p>\n<p>&nbsp;<\/p>\n<p><strong>13 OLYAN BETEGS\u00c9G, AMELYET T\u00c9VESEN FIP-NEK LEHET N\u00c9ZNI<\/strong><\/p>\n<p>Toxoplazm\u00f3zis<\/p>\n<p>FELV<\/p>\n<p>FIV<\/p>\n<p>FPV<\/p>\n<p>Gyullad\u00e1sos b\u00e9lbetegs\u00e9g<\/p>\n<p>R\u00e1k<\/p>\n<p>Macsk\u00e1k hemotr\u00f3fi\u00e1s mikoplazm\u00f3zisa<\/p>\n<p>Limf\u00f3ma<\/p>\n<p>Sz\u00edvprobl\u00e9m\u00e1k<\/p>\n<p>Gyulladt m\u00e1j<\/p>\n<p>Bakteri\u00e1lis hash\u00e1rtyagyullad\u00e1s<\/p>\n<p>Bakteri\u00e1lis mellh\u00e1rtyagyullad\u00e1s<\/p>\n<p>Cryptococcosis<\/p>\n<p>&nbsp;<\/p>\n<p><strong>DIAGNOSZTIKAI KIH\u00cdV\u00c1SOK \u00c9S KORL\u00c1TOK<\/strong><\/p>\n<p>Mi van, ha nem tud diagnosztiz\u00e1lni? 10 t\u00e9nyez\u0151 \u00e9s param\u00e9ter, hogy mit kell kezelni<\/p>\n<p>&nbsp;<\/p>\n<p><strong>GYAKORI T\u00c1RSBETEGS\u00c9GEK<\/strong><\/p>\n<p>Mi\u00e9rt fordul el\u0151 a FIP gyakran m\u00e1s betegs\u00e9gekkel egy\u00fctt?<\/p>\n<p>T\u00fcd\u0151gyullad\u00e1s CKD<\/p>\n<p>FELV<\/p>\n<p>R\u00e1k<\/p>\n<p>Autoimmun betegs\u00e9gek \u00e9s FIP<\/p>\n<p>Bakteri\u00e1lis fert\u0151z\u00e9s \u00e9s FIP<\/p>\n<p>FHV<\/p>\n<p>FIV<\/p>\n<p>FIP a terhess\u00e9g alatt<\/p>\n<p>&nbsp;<\/p>\n<p><strong>A FIP T\u00cdPUSAI<\/strong><\/p>\n<p>Eff\u00fazi\u00f3s vagy nedves FIP Nem eff\u00fazi\u00f3s vagy sz\u00e1raz FIP<\/p>\n<p>Szem\u00e9szeti FIP<\/p>\n<p>Neurol\u00f3giai FIP<\/p>\n<p>&nbsp;<\/p>\n<p><strong>A FIP ST\u00c1DIUMAI<\/strong><\/p>\n<p>Kezdeti expoz\u00edci\u00f3 \u00e9s inkub\u00e1ci\u00f3 Els\u0151dleges v\u00edrusfert\u0151z\u00e9s M\u00e1sodlagos v\u00edrusfert\u0151z\u00e9s Klinikai FIP szervi k\u00e1rosod\u00e1s<\/p>\n<p>&nbsp;<\/p>\n<p><strong>T\u00dcNETEK A FIP ST\u00c1DIUMAI ALAPJ\u00c1N<\/strong><\/p>\n<p>A FIP korai jelei<\/p>\n<p>Az el\u0151rehaladott FIP t\u00fcnetei<\/p>\n<p>&nbsp;<\/p>\n<p><strong>T\u00dcNETEK A FIP T\u00cdPUSAI ALAPJ\u00c1N<\/strong><\/p>\n<p>A nem ki\u00e1raml\u00f3 sz\u00e1raz FIP klinikai t\u00fcnetei A ki\u00e1raml\u00f3 nedves FIP klinikai t\u00fcnetei A szem\u00e9szeti FIP klinikai t\u00fcnetei A neurol\u00f3giai FIP klinikai t\u00fcnetei<\/p>\n<p>&nbsp;<\/p>\n<p><strong>10 FONTOS TEEND\u0150, HA MACSK\u00c1DN\u00c1L FIP-ET DIAGNOSZTIZ\u00c1LTAK<\/strong><\/p>\n<p>K\u00e9sz\u00fclj\u00f6n fel \u00e9s szerelje fel mag\u00e1t ezekkel a t\u00e9telekkel Keressen fel szak\u00e9rt\u0151 \u00e1llatorvosi tan\u00e1csot Kezdje meg a kezel\u00e9st GS441524-gyel Kezelje a t\u00fcneteket \u00e9s enyh\u00edtse a f\u00e1jdalmat Hidrat\u00e1l\u00e1s \u00e9s folyad\u00e9kkezel\u00e9s T\u00e1pl\u00e1lkoz\u00e1si t\u00e1mogat\u00e1s &#8211; \u00e9trend \u00e9s kieg\u00e9sz\u00edt\u0151k K\u00e9nyelmes \u00e9s tiszta k\u00f6rnyezet kialak\u00edt\u00e1sa Szigor\u00fa higi\u00e9niai int\u00e9zked\u00e9sek v\u00e9grehajt\u00e1sa Izol\u00e1ci\u00f3s protokollok alkalmaz\u00e1sa t\u00f6bb macsk\u00e1val rendelkez\u0151 h\u00e1ztart\u00e1sokban Figyelje a macska \u00e1llapot\u00e1t Korl\u00e1tozza a m\u00e1s macsk\u00e1knak val\u00f3 kitetts\u00e9get.<\/p>\n<p>&nbsp;<\/p>\n<p><strong>FIPMED KEZEL\u00c9SI PROTOKOLL<\/strong><\/p>\n<p>Hogyan kell meghat\u00e1rozni macsk\u00e1ja adagj\u00e1t A m\u00f3dos\u00edt\u00e1sok figyelembev\u00e9tele A kezel\u00e9s id\u0151tartama Az injekci\u00f3k \u00e9s a tablett\u00e1k k\u00f6z\u00f6tti k\u00fcl\u00f6nbs\u00e9g GS-441524 FIP injekci\u00f3k FIP tablett\u00e1k Sz\u00e1jon \u00e1t szedhet\u0151 GS-441524 Kombin\u00e1lt kezel\u00e9s<\/p>\n<p>&nbsp;<\/p>\n<p><strong>HOGYAN KELL BEADNI A GS441524-ET<\/strong><\/p>\n<p>Szubkut\u00e1n GS441524 Injekci\u00f3k Az injekci\u00f3s \u00fcvegek megfelel\u0151 t\u00e1rol\u00e1sa Fecskend\u0151k \u00e9s t\u0171k T\u0171m\u00e9r\u0151t\u00e1bl\u00e1zat A fecskend\u0151 el\u0151k\u00e9sz\u00edt\u00e9se L\u00e9p\u00e9sr\u0151l l\u00e9p\u00e9sre \u00fatmutat\u00f3 az injekci\u00f3k bead\u00e1s\u00e1hoz Injekci\u00f3s sebek Hogyan kell beadni a tablett\u00e1kat vagy tablett\u00e1kat?<\/p>\n<p>&nbsp;<\/p>\n<p><strong>A KEZEL\u00c9S EL\u0150REHALAD\u00c1S\u00c1NAK NYOMON K\u00d6VET\u00c9SE<\/strong><\/p>\n<p>FIP kezel\u00e9s \u00e9s megfigyel\u00e9si id\u0151szak Mit kell figyelni? Mi t\u00f6rt\u00e9nik, ha a macsk\u00e1ja nem javul Lehets\u00e9ges okok<\/p>\n<p>&nbsp;<\/p>\n<p><strong>MIT KELL KER\u00dcLNI A KEZEL\u00c9S ALATT<\/strong><\/p>\n<p>Immunszuppressz\u00e1nsok vagy kortikoszteroidok Antibiotikumok Gy\u00f3gyszerek, amelyek hat\u00e1ssal lehetnek a k\u00f6zponti idegrendszerre F\u00e1jdalomcsillap\u00edt\u00f3k Lizin<\/p>\n<p>&nbsp;<\/p>\n<p><strong>HASZNOS DOLGOK A KEZEL\u00c9S ALATT<\/strong><\/p>\n<p>Eff\u00fazi\u00f3 kezel\u00e9se<\/p>\n<p>T\u00e1mogat\u00f3 ell\u00e1t\u00e1s a macska k\u00e9nyelmesebb\u00e9 t\u00e9tel\u00e9re<\/p>\n<p>A m\u00e1sodlagos fert\u0151z\u00e9sek kezel\u00e9se<\/p>\n<p>&nbsp;<\/p>\n<p><strong>EGY\u00c9B GY\u00d3GYSZEREK VAGY ELJ\u00c1R\u00c1SOK A FIP KEZEL\u00c9S ALATT<\/strong><\/p>\n<p>Fert\u0151tlen\u00edt\u0151szerek Bolha- vagy kullancskezel\u00e9sek Ivartalan\u00edt\u00e1s Olt\u00e1sok L\u00e1zcsillap\u00edt\u00e1s<\/p>\n<p>&nbsp;<\/p>\n<p><strong>FIP RELAPSE<\/strong><\/p>\n<p>Mi\u00e9rt fordul el\u0151 a FIP visszaes\u00e9se? Hogyan el\u0151zhet\u0151 meg a FIP visszaes\u00e9se? Hogyan kezelj\u00fck a visszaes\u00e9st, ha bek\u00f6vetkezik?<\/p>\n","protected":false},"excerpt":{"rendered":"<p class=\"p1\"><span class=\"s1\">154 oldalas \u00e1tfog\u00f3 \u00fatmutat\u00f3 a FIP-r\u0151l, a diagn\u00f3zist\u00f3l a gy\u00f3gyul\u00e1sig. Minden, amit a FIP-r\u0151l tudni kell, itt tal\u00e1lhat\u00f3. <\/span><\/p>\n","protected":false},"featured_media":28391,"template":"","meta":{"_glsr_average":0,"_glsr_ranking":0,"_glsr_reviews":0},"product_cat":[1093],"product_tag":[1095,1094],"_links":{"self":[{"href":"https:\/\/fipmed.co\/hu\/wp-json\/wp\/v2\/product\/24281"}],"collection":[{"href":"https:\/\/fipmed.co\/hu\/wp-json\/wp\/v2\/product"}],"about":[{"href":"https:\/\/fipmed.co\/hu\/wp-json\/wp\/v2\/types\/product"}],"wp:featuredmedia":[{"embeddable":true,"href":"https:\/\/fipmed.co\/hu\/wp-json\/wp\/v2\/media\/28391"}],"wp:attachment":[{"href":"https:\/\/fipmed.co\/hu\/wp-json\/wp\/v2\/media?parent=24281"}],"wp:term":[{"taxonomy":"product_cat","embeddable":true,"href":"https:\/\/fipmed.co\/hu\/wp-json\/wp\/v2\/product_cat?post=24281"},{"taxonomy":"product_tag","embeddable":true,"href":"https:\/\/fipmed.co\/hu\/wp-json\/wp\/v2\/product_tag?post=24281"}],"curies":[{"name":"wp","href":"https:\/\/api.w.org\/{rel}","templated":true}]}}