{"id":27530,"date":"2024-12-19T13:11:46","date_gmt":"2024-12-19T13:11:46","guid":{"rendered":"https:\/\/fipmed.co\/product\/1x-bottle-fipmed-eidd2801-30x-capsules-for-3kg-cats\/"},"modified":"2024-12-19T13:11:46","modified_gmt":"2024-12-19T13:11:46","slug":"1x-bottle-fipmed-eidd2801-30x-capsules-for-3kg-cats","status":"publish","type":"product","link":"https:\/\/fipmed.co\/hu\/termek\/1x-bottle-fipmed-eidd2801-30x-capsules-for-3kg-cats\/","title":{"rendered":"FIPMed EIDD2801 30x kapszula (3kg macsk\u00e1k) Magas toxicit\u00e1s. Csak GS441525-rezisztens macsk\u00e1knak."},"content":{"rendered":"<p>A FIPMed EIDD2801 kapszul\u00e1t olyan macsk\u00e1k sz\u00e1m\u00e1ra k\u00edn\u00e1ljuk, amelyekn\u00e9l a GS441524-re rezisztencia alakult ki, \u00e9s m\u00e1r nem haszn\u00e1l. Ebben az esetben az EIDD2801 lehet a v\u00e9gs\u0151 megold\u00e1s. A molnupiravir (EIDD-2801) magas toxicit\u00e1st mutat, \u00edgy nem alkalmas a FIP kezel\u00e9s\u00e9ben sz\u00fcks\u00e9ges hossz\u00fa t\u00e1v\u00fa haszn\u00e1latra. A hosszan tart\u00f3 alkalmaz\u00e1s RNS-mut\u00e1ci\u00f3khoz vezethet, ami n\u00f6veli a r\u00e1k kialakul\u00e1s\u00e1nak kock\u00e1zat\u00e1t. <\/p>\n<p>A molnupiravir csak olyan r\u00f6vid t\u00e1v\u00fa kezel\u00e9sekre alkalmas, mint a COVID-19, ahol az 5 napos k\u00fara nem el\u00e9g hossz\u00fa ahhoz, hogy k\u00e1ros mutag\u00e9n hat\u00e1sokat okozzon.<\/p>\n<p><strong>A Molnupiravirrel vagy EIDD2801-gyel kezelt FIP macsk\u00e1kn\u00e1l megn\u0151het a r\u00e1kos megbeteged\u00e9sek es\u00e9lye 3 \u00e9ven bel\u00fcl. A FIP EIDD2801-gyel t\u00f6rt\u00e9n\u0151 kezel\u00e9se nem aj\u00e1nlott, k\u00fcl\u00f6n\u00f6sen fiatal macsk\u00e1k eset\u00e9ben. <\/strong><\/p>\n<p>Ez csak akkor jelent alternat\u00edv\u00e1t, ha macsk\u00e1ja m\u00e1r nem reag\u00e1l a GS441524-re.<\/p>\n<p>Mi\u00e9rt kell a FIP-kezel\u00e9snek 84 napig tartania? A FIPV v\u00edrus ak\u00e1r 90 napig is a macska szervezet\u00e9ben marad. Az olyan antivir\u00e1lis szerek, mint a GS-441524, a Molnupiravir \u00e9s a GC376 ink\u00e1bb g\u00e1tolj\u00e1k a v\u00edrus szaporod\u00e1s\u00e1t, minthogy k\u00f6zvetlen\u00fcl elpuszt\u00edtan\u00e1k a v\u00edrust, ez\u00e9rt meg kell v\u00e1rnunk, am\u00edg a v\u00edrus term\u00e9szetes \u00faton elpusztul. Jelenleg nincs olyan gy\u00f3gyszer a piacon, amely sikeresen elpuszt\u00edtan\u00e1 a v\u00edrust, hogy ler\u00f6vid\u00edtse a kezel\u00e9si id\u0151t. &#8211; Adagol\u00e1s: A v\u00edrus nem okozhat v\u00edrusfert\u0151z\u00e9st: Napi 1 kapszula &#8211; Minden kapszula 100 mg Molnupiravirt (EIDD2801) tartalmaz 5 kg-os macsk\u00e1k sz\u00e1m\u00e1ra &#8211; Minden \u00fcveg 30 kapszul\u00e1t tartalmaz.   <\/p>\n<p><strong>Hogyan lehet kisz\u00farni a GS441524 n\u00e9ven \u00e9rt\u00e9kes\u00edtett EIDD2801-et?<\/strong><\/p>\n<p><span style=\"font-size: 12pt;\">&#8211; Ha az \u00e1r sokkal alacsonyabb a GS441524 ipari szabv\u00e1nyaihoz k\u00e9pest<\/span><\/p>\n<p><span style=\"font-size: 12pt;\">&#8211; Ha kapszula form\u00e1j\u00e1ban ker\u00fcl forgalomba. A GS-441524-et egyetlen gy\u00e1rt\u00f3 sem gy\u00e1rtja kapszula form\u00e1j\u00e1ban. De az \u00f6sszes EIDD2801 kezel\u00e9s kapszula form\u00e1j\u00e1ban k\u00e9sz\u00fcl.  <\/span><\/p>\n<p><span style=\"font-size: 12pt;\">&#8211; Ha az adagol\u00e1s vagy a kezel\u00e9s id\u0151tartama elt\u00e9r Dr. Niels Pedersen aj\u00e1nl\u00e1s\u00e1t\u00f3l<\/span><\/p>\n","protected":false},"excerpt":{"rendered":"<p>A FIPMed EIDD2801 kapszul\u00e1t olyan macsk\u00e1k sz\u00e1m\u00e1ra k\u00edn\u00e1ljuk, amelyekn\u00e9l a GS441524-re rezisztencia alakult ki, \u00e9s m\u00e1r nem haszn\u00e1l. Ebben az esetben az EIDD2801 lehet a v\u00e9gs\u0151 megold\u00e1s. A molnupiravir (EIDD-2801) magas toxicit\u00e1st mutat, \u00edgy nem alkalmas a FIP kezel\u00e9s\u00e9ben sz\u00fcks\u00e9ges hossz\u00fa t\u00e1v\u00fa haszn\u00e1latra. A hosszan tart\u00f3 alkalmaz\u00e1s RNS-mut\u00e1ci\u00f3khoz vezethet, ami n\u00f6veli a r\u00e1k kialakul\u00e1s\u00e1nak kock\u00e1zat\u00e1t. <\/p>\n<p>A molnupiravir csak olyan r\u00f6vid t\u00e1v\u00fa kezel\u00e9sekre alkalmas, mint a COVID-19, ahol az 5 napos k\u00fara nem el\u00e9g hossz\u00fa ahhoz, hogy k\u00e1ros mutag\u00e9n hat\u00e1sokat okozzon.<\/p>\n<p>A Molnupiravirrel vagy EIDD2801-gyel kezelt FIP macsk\u00e1kn\u00e1l megn\u0151het a r\u00e1kos megbeteged\u00e9sek es\u00e9lye 3 \u00e9ven bel\u00fcl. A FIP EIDD2801-gyel t\u00f6rt\u00e9n\u0151 kezel\u00e9se nem aj\u00e1nlott, k\u00fcl\u00f6n\u00f6sen fiatal macsk\u00e1k eset\u00e9ben. <\/p>\n<p>Ez csak akkor jelent alternat\u00edv\u00e1t, ha macsk\u00e1ja m\u00e1r nem reag\u00e1l a GS441524-re.<\/p>\n<p>Mi\u00e9rt kell a FIP-kezel\u00e9snek 84 napig tartania? A FIPV v\u00edrus ak\u00e1r 90 napig is a macska szervezet\u00e9ben marad. Az olyan antivir\u00e1lis szerek, mint a GS-441524, a Molnupiravir \u00e9s a GC376 ink\u00e1bb g\u00e1tolj\u00e1k a v\u00edrus szaporod\u00e1s\u00e1t, minthogy k\u00f6zvetlen\u00fcl elpuszt\u00edtan\u00e1k a v\u00edrust, ez\u00e9rt meg kell v\u00e1rnunk, am\u00edg a v\u00edrus term\u00e9szetes \u00faton elhal. Jelenleg nincs olyan gy\u00f3gyszer a piacon, amely sikeresen elpuszt\u00edtan\u00e1 a v\u00edrust, hogy ler\u00f6vid\u00edtse a kezel\u00e9si id\u0151t. &#8211; Adagol\u00e1s: A v\u00edrus nem okozhat v\u00edrusfert\u0151z\u00e9st: Napi 1 kapszula &#8211; Minden kapszula 60 mg Molnupiravirt (EIDD2801) tartalmaz 3 kg-os macsk\u00e1k sz\u00e1m\u00e1ra &#8211; Minden \u00fcveg 30 kapszul\u00e1t tartalmaz.   <\/p>\n","protected":false},"featured_media":26842,"template":"","meta":{"_glsr_average":0,"_glsr_ranking":0,"_glsr_reviews":0},"product_cat":[1149],"product_tag":[],"_links":{"self":[{"href":"https:\/\/fipmed.co\/hu\/wp-json\/wp\/v2\/product\/27530"}],"collection":[{"href":"https:\/\/fipmed.co\/hu\/wp-json\/wp\/v2\/product"}],"about":[{"href":"https:\/\/fipmed.co\/hu\/wp-json\/wp\/v2\/types\/product"}],"wp:featuredmedia":[{"embeddable":true,"href":"https:\/\/fipmed.co\/hu\/wp-json\/wp\/v2\/media\/26842"}],"wp:attachment":[{"href":"https:\/\/fipmed.co\/hu\/wp-json\/wp\/v2\/media?parent=27530"}],"wp:term":[{"taxonomy":"product_cat","embeddable":true,"href":"https:\/\/fipmed.co\/hu\/wp-json\/wp\/v2\/product_cat?post=27530"},{"taxonomy":"product_tag","embeddable":true,"href":"https:\/\/fipmed.co\/hu\/wp-json\/wp\/v2\/product_tag?post=27530"}],"curies":[{"name":"wp","href":"https:\/\/api.w.org\/{rel}","templated":true}]}}