{"id":14427,"date":"2023-11-20T03:02:35","date_gmt":"2023-11-20T03:02:35","guid":{"rendered":"https:\/\/fipmed.co\/fip-return-policy-2\/"},"modified":"2026-04-29T08:31:18","modified_gmt":"2026-04-29T08:31:18","slug":"politica-di-cancellazione-fipmed","status":"publish","type":"page","link":"https:\/\/fipmed.co\/it\/politica-di-cancellazione-fipmed\/","title":{"rendered":"Politica di cancellazione FIPMed"},"content":{"rendered":"\t\t<div data-elementor-type=\"wp-page\" data-elementor-id=\"14427\" class=\"elementor elementor-14427 elementor-14413\">\n\t\t\t\t\t\t<section class=\"elementor-section elementor-top-section elementor-element elementor-element-c3897a7 elementor-section-boxed elementor-section-height-default elementor-section-height-default\" data-id=\"c3897a7\" data-element_type=\"section\">\n\t\t\t\t\t\t<div class=\"elementor-container elementor-column-gap-default\">\n\t\t\t\t\t<div class=\"elementor-column elementor-col-100 elementor-top-column elementor-element elementor-element-32e3bf0\" data-id=\"32e3bf0\" data-element_type=\"column\">\n\t\t\t<div class=\"elementor-widget-wrap elementor-element-populated\">\n\t\t\t\t\t\t<div class=\"elementor-element elementor-element-c7b81b6 elementor-widget elementor-widget-text-editor\" data-id=\"c7b81b6\" data-element_type=\"widget\" data-widget_type=\"text-editor.default\">\n\t\t\t\t<div class=\"elementor-widget-container\">\n\t\t\t\t\t\t\t\t\t<p>Il nostro team si impegna al massimo per garantire che il vostro ordine venga spedito il pi\u00f9 rapidamente possibile. Ci\u00f2 \u00e8 dovuto alla natura sensibile al tempo di tutti i nostri prodotti e ci impegniamo affinch\u00e9 tutti i nostri clienti ricevano la consegna il prima possibile. <\/p><p>Pertanto, qualsiasi cancellazione dopo l&#8217;ordine interrompe gravemente il nostro processo.<\/p><p><b>Pertanto, i clienti<\/b>non possono richiedere la cancellazione dopo aver effettuato l&#8217;ordine. I clienti non potranno richiedere alcun tipo di annullamento dell&#8217;ordine e noi consegneremo i prodotti ed evaderemo l&#8217;ordine. Inoltre, non \u00e8 previsto alcun rimborso nel caso in cui venga fornito un indirizzo incompleto o nel caso in cui la consegna sia ostacolata da informazioni incomplete.    <\/p><p>Effettuando un ordine con noi, dichiari di aver letto, compreso e accettato la nostra politica di cancellazione.<\/p><p>In caso di domande o dubbi sulla nostra politica di cancellazione, non esitate a contattare il nostro team di assistenza clienti per ricevere assistenza.<\/p><p>Grazie per aver scelto Fipmed.co. Apprezziamo la vostra comprensione e collaborazione. Auguri per il vostro viaggio nella lotta alla FIP.   <\/p>\t\t\t\t\t\t\t\t<\/div>\n\t\t\t\t<\/div>\n\t\t\t\t\t<\/div>\n\t\t<\/div>\n\t\t\t\t\t<\/div>\n\t\t<\/section>\n\t\t\t\t<\/div>\n\t\t","protected":false},"excerpt":{"rendered":"<p>Il nostro team si impegna al massimo per garantire che il vostro ordine venga spedito il pi\u00f9 rapidamente possibile. Ci\u00f2 \u00e8 dovuto alla natura sensibile al tempo di tutti i nostri prodotti e ci impegniamo affinch\u00e9 tutti i nostri clienti ricevano la consegna il prima possibile. Pertanto, qualsiasi cancellazione dopo l&#8217;ordine interrompe gravemente il nostro [&hellip;]<\/p>\n","protected":false},"author":1,"featured_media":0,"parent":0,"menu_order":0,"comment_status":"closed","ping_status":"closed","template":"","meta":{"_glsr_average":0,"_glsr_ranking":0,"_glsr_reviews":0,"footnotes":""},"categories":[],"tags":[],"_links":{"self":[{"href":"https:\/\/fipmed.co\/it\/wp-json\/wp\/v2\/pages\/14427"}],"collection":[{"href":"https:\/\/fipmed.co\/it\/wp-json\/wp\/v2\/pages"}],"about":[{"href":"https:\/\/fipmed.co\/it\/wp-json\/wp\/v2\/types\/page"}],"author":[{"embeddable":true,"href":"https:\/\/fipmed.co\/it\/wp-json\/wp\/v2\/users\/1"}],"replies":[{"embeddable":true,"href":"https:\/\/fipmed.co\/it\/wp-json\/wp\/v2\/comments?post=14427"}],"version-history":[{"count":2,"href":"https:\/\/fipmed.co\/it\/wp-json\/wp\/v2\/pages\/14427\/revisions"}],"predecessor-version":[{"id":31762,"href":"https:\/\/fipmed.co\/it\/wp-json\/wp\/v2\/pages\/14427\/revisions\/31762"}],"wp:attachment":[{"href":"https:\/\/fipmed.co\/it\/wp-json\/wp\/v2\/media?parent=14427"}],"wp:term":[{"taxonomy":"category","embeddable":true,"href":"https:\/\/fipmed.co\/it\/wp-json\/wp\/v2\/categories?post=14427"},{"taxonomy":"post_tag","embeddable":true,"href":"https:\/\/fipmed.co\/it\/wp-json\/wp\/v2\/tags?post=14427"}],"curies":[{"name":"wp","href":"https:\/\/api.w.org\/{rel}","templated":true}]}}