{"id":15268,"date":"2022-12-02T08:18:10","date_gmt":"2022-12-02T08:18:10","guid":{"rendered":"https:\/\/fipmed.co\/le-vitamine-b12-per-i-gatti-con-fip-sono-importanti-per-la-guarigione\/"},"modified":"2023-12-11T06:47:33","modified_gmt":"2023-12-11T06:47:33","slug":"le-vitamine-b12-per-i-gatti-con-fip-sono-importanti-per-la-guarigione","status":"publish","type":"page","link":"https:\/\/fipmed.co\/it\/le-vitamine-b12-per-i-gatti-con-fip-sono-importanti-per-la-guarigione\/","title":{"rendered":"Le vitamine B12 per i gatti con FIP sono importanti per la guarigione"},"content":{"rendered":"<p>Quando ci si prende cura di un gatto affetto da peritonite infettiva felina (FIP), il mantenimento di un&#8217;adeguata salute \u00e8 un fattore molto importante. Questo si estende alle vitamine per gatti, e una importante che anche i gatti hanno \u00e8 la vitamina B12. In questo articolo spiegheremo l&#8217;importanza della vitamina B12 per i gatti.<\/p>\n<h2><strong>Che cos&#8217;\u00e8 la B12?<\/strong><\/h2>\n<p>Cobalamina \u00e8 un altro termine per indicare la vitamina B12, che \u00e8 il nome collettivo di una classe di sostanze ad azione vitaminica B12. Queste sostanze si distinguono per la loro concentrazione di cobalto del 4,5%, che d\u00e0 loro il nome di &#8220;cobalamina&#8221; (cobalto + vitamina).<\/p>\n<h2><strong>Da dove viene?<\/strong><\/h2>\n<p>Gli alimenti di origine animale, come carne, pesce, uova e fegato, sono fonti di B12. Tuttavia, un <a href=\"\/?p=893\">gatto con FIP ha probabilmente bisogno di integratori<\/a>.<\/p>\n<h2><strong>Che cosa fa la B12?<\/strong><\/h2>\n<p>La B12 svolge una serie di funzioni, tutte fondamentali per un sistema immunitario forte:<\/p>\n<ul>\n<li>La B12 favorisce la produzione di globuli rossi (lo sviluppo e il mantenimento dei globuli rossi). Per arrestare l&#8217;anemia, i livelli di B12 devono essere adeguati.<\/li>\n<li>La B12 preserva la salute del sistema nervoso (cellule nervose e mielinizzazione normale &#8211; le guaine grasse che ricoprono e proteggono le terminazioni nervose). Per i processi nervosi e cognitivi \u00e8 fondamentale.<\/li>\n<li>La B12 mantiene la salute dell&#8217;intestino per garantire un&#8217;adeguata digestione e assorbimento degli alimenti e il metabolismo di grassi e carboidrati. L&#8217;intestino ha bisogno di B12 per funzionare al meglio, ma non pu\u00f2 assorbirla (dal cibo) se \u00e8 danneggiato o malato, per cui si crea un po&#8217; di confusione.<\/li>\n<\/ul>\n<h2><strong>Quali sono i segni della carenza di B12?<\/strong><\/h2>\n<p>I sintomi clinici di una carenza di B12 comprendono diarrea, disturbi addominali, nausea, vomito, perdita di appetito, sindrome da malassorbimento, costipazione, gas, perdita di peso, spossatezza e letargia. Alcuni dei sintomi qui elencati sono effetti collaterali della FIP piuttosto comuni e molto noti. La salute del gatto pu\u00f2 essere migliorata se consuma una quantit\u00e0 sufficiente di B12.<\/p>\n<p>Inoltre, il deterioramento cognitivo e la debolezza degli arti sono legati all&#8217;insufficienza di B12. Anche in questo caso, quando la FIP colpisce il sistema neurologico, di solito si osservano sintomi simili.<\/p>\n<ol>\n<li><strong>Il ciclo dell&#8217;esaurimento.<\/strong><\/li>\n<\/ol>\n<p>Il tratto gastrointestinale \u00e8 uno dei tanti processi dell&#8217;organismo che vengono colpiti dalla malattia infiammatoria FIP. Il pancreas, la milza e il fegato sono spesso colpiti. Le scorte di B12 del fegato si esauriscono rapidamente se il sistema immunitario \u00e8 compromesso. Un ciclo di deterioramento della carenza di B12 deriva dalla carenza di B12 nel fegato, che causa anche il restringimento delle cellule intestinali e la perdita di nutrienti (compresa la stessa B12). Questo \u00e8 il dilemma a cui abbiamo accennato in precedenza nel pezzo.<\/p>\n<ol start=\"2\">\n<li><strong>Il rischio incombente di anemia.<\/strong><\/li>\n<\/ol>\n<p>La produzione di RBC del gatto \u00e8 ostacolata e ci\u00f2 causa l&#8217;anemia. La mancanza di B12 inibisce e riduce la capacit\u00e0 dell&#8217;organismo di produrre sangue e aumenta l&#8217;apoptosi delle cellule del sangue. In altre parole, il gatto diventa anemico quando i livelli di B12 si abbassano. La capacit\u00e0 del gatto di resistere alla malattia (o a qualsiasi altra cosa) diminuisce notevolmente quando diventa anemico.<\/p>\n<ol start=\"3\">\n<li><strong>Ulteriore indebolimento della resistenza immunitaria contro la FIP.<\/strong><\/li>\n<\/ol>\n<p>\u00c8 fondamentale sottolineare che bassi livelli di vitamina B12 rendono le persone pi\u00f9 suscettibili alle infezioni e alle malattie e sono altamente dannosi per il sistema nervoso, il che pu\u00f2 portare a problemi neurologici e a danni gravi e forse irreversibili ai nervi. In realt\u00e0, la carenza di cobalamina \u00e8 una causa frequente di encefalopatia metabolica, uno dei diversi tipi di encefalopatia legati a una malattia primaria (come la FIP) che compromette i processi della barriera emato-encefalica e la normale funzione cerebrale. Letargia, tristezza, atassia, anoressia e vomito occasionale sono alcune delle vaghe indicazioni cliniche che, in situazioni gravi, possono causare malattie neurologiche e cecit\u00e0 nei gatti.<\/p>\n<p>\u00c8 comunemente noto che i gatti affetti da FIP hanno spesso l&#8217;anemia o sono sul punto di averla, e alcuni mostrano i sintomi neurologici della condizione. Un&#8217;altra componente del &#8220;catch-22&#8221; \u00e8 che il gatto potrebbe essere meno in grado di immagazzinare quantit\u00e0 sufficienti di B12 a causa della FIP, il che potrebbe peggiorare i sintomi della condizione. Se non si interrompe questo ciclo e non si aggiungono le vitamine critiche, non c&#8217;\u00e8 modo di vincere.<\/p>\n<h2><strong>Modi in cui il gatto pu\u00f2 ottenere artificialmente la B12<\/strong><\/h2>\n<p><strong>Iniezioni di B12.<\/strong><\/p>\n<p>Nella maggior parte dei Paesi, la cobalamina \u00e8 facilmente accessibile senza prescrizione medica. Per i gatti fino a 5 kg di peso corporeo, si consiglia un&#8217;iniezione sottocutanea di 250 g di cobalamina. Si consigliano iniezioni settimanali per i gatti con FIP fino a quando l&#8217;anemia non si risolve e i valori RBC si stabilizzano. Inoltre, la B12 pu\u00f2 essere somministrata attraverso il trattamento con fluidi sottocutanei. Il gatto potrebbe trovare questa procedura pi\u00f9 confortevole, perch\u00e9 le iniezioni di B12 fanno male!<\/p>\n<p><strong>Integratori orali di B12.<\/strong><\/p>\n<p>\u00c8 opportuno assumere metilcobalamina, che migliora notevolmente le prestazioni del fegato. I gatti possono assumere gli integratori di B12 commercializzati per le persone. 500mcg (0,5mg) al giorno sarebbe un&#8217;ottima dose iniziale, ma si pu\u00f2 arrivare fino al doppio di questa quantit\u00e0. Anche se pu\u00f2 sembrare elevata, in realt\u00e0 ne viene assorbita solo una piccola parte. Pensate di assumere un integratore multivitaminico studiato per i gatti che contenga anche ferro (per l&#8217;anemia).<\/p>\n<p><strong>Nutrizione.<\/strong><\/p>\n<p>Non sottovalutate le fonti naturali di B12; se potete, date al gatto circa un cucchiaio di carne fresca, fegato o pesce ogni giorno. Gli snack potrebbero essere graditi anche al gatto, e un po&#8217; di cibo \u00e8 sufficiente.<\/p>\n<h2><strong>Benefici della B12: vitamine per gatti<\/strong><\/h2>\n<p>La B12 contribuisce alla formazione dei globuli rossi (sviluppo e mantenimento dei globuli rossi).<\/p>\n<p>Per arrestare l&#8217;anemia, i livelli di B12 devono essere adeguati.<\/p>\n<p>La B12 preserva la salute del sistema neurologico (cellule nervose e mielinizzazione normale &#8211; le guaine grasse che rivestono e proteggono le terminazioni nervose).<\/p>\n<p>Per i processi nervosi e cognitivi \u00e8 fondamentale.<\/p>\n<p>La B12 favorisce la salute dell&#8217;intestino per migliorare la digestione e l&#8217;assorbimento degli alimenti e il metabolismo di grassi e carboidrati.<\/p>\n<h2><strong>10 segni di carenza di B12<\/strong><\/h2>\n<ol>\n<li>Nausea<\/li>\n<li>Vomito<\/li>\n<li>Mancanza di appetito<\/li>\n<li>Problemi di assorbimento degli alimenti<\/li>\n<li>Costipazione<\/li>\n<li>Gas<\/li>\n<li>Perdita di peso<\/li>\n<li>Stanchezza\/ Letargia<\/li>\n<li>Dolore allo stomaco<\/li>\n<li>Diarrea<\/li>\n<\/ol>\n<h2><strong>Dosaggio delle vitamine per gatti B12 durante il trattamento della FIP<\/strong><\/h2>\n<p>Ogni settimana, fino a 250-500 microgrammi (mcg) per i gatti adulti non anemici.<\/p>\n<p>Per il dosaggio corretto per i gattini, consultare il veterinario.<\/p>\n<p>Pu\u00f2 essere necessario somministrare ai gatti con anemia grave fino a 1000 mcg ogni settimana. GS-441524 con la sola vitamina B12 potrebbe non essere adeguato nei casi di anemia grave. Potrebbe essere essenziale somministrare ulteriori iniezioni settimanali di B12. Parlate con il vostro veterinario.<\/p>\n<h2><strong>Calcolo del dosaggio in caso di utilizzo di GS-441524 + B12<\/strong><\/h2>\n<p>Con o senza vitamina B12, il dosaggio di GS-441524 \u00e8 lo stesso.<\/p>\n<p><strong>Esempio: Un gatto di 3 kg a cui \u00e8 stata diagnosticata la <a href=\"\/?p=897\">forma WET<\/a> della FIP.  <\/strong><\/p>\n<p>La dose per la FIP in forma umida \u00e8 di 6 mg\/kg. L&#8217;iniezione giornaliera di 0,9 ml di GS-441524 equivale a 3 kg x 6 mg\/kg 20 mg\/ml. La dose giornaliera raccomandata di vitamina B12 \u00e8 di 45mcg (0,9ml x 50mcg\/ml). Questo gatto ricever\u00e0 315 mcg di vitamina B12 ogni settimana.<\/p>\n<h2><strong>Perch\u00e9 i gatti con FIP hanno bisogno di vitamina B12  <\/strong><\/h2>\n<p><strong>Alto rischio di anemia.<\/strong><\/p>\n<p>Durante una malattia di FIP, i gatti sviluppano spesso anemia. Una carenza di B12 accelera il deterioramento delle cellule del sangue e limita la capacit\u00e0 naturale dell&#8217;organismo di creare nuovo sangue. I gatti con bassi livelli di B12 diventano anemici. La capacit\u00e0 dei gatti di resistere al virus della FIP e ad altre infezioni si riduce significativamente quando diventano anemici.<\/p>\n<p><strong>Sistema immunitario indebolito.<\/strong><\/p>\n<p>Livelli inadeguati di B12 aumentano la vulnerabilit\u00e0 dell&#8217;organismo alle infezioni e alle malattie e sono particolarmente dannosi per il sistema nervoso dei gatti. Questo fa s\u00ec che i sintomi neurologici si manifestino pi\u00f9 rapidamente e possono provocare danni gravi o irreparabili ai nervi. Una malattia primaria (come la FIP) che interferisce con il normale funzionamento del cervello e con i sistemi di barriera emato-encefalica \u00e8 una causa comune di encefalopatia, che include l&#8217;encefalopatia metabolica, uno dei diversi tipi di encefalopatia. La carenza di B12 \u00e8 una delle cause principali di questa encefalopatia. Letargia, tristezza, atassia, anoressia e vomito occasionale sono alcune delle vaghe indicazioni cliniche che, in situazioni gravi, possono causare malattie neurologiche e cecit\u00e0 nei gatti.<\/p>\n<p>\u00c8 ben documentato che i gatti infettati dal FIPV presentano spesso anemia o sintomi simili all&#8217;anemia. Molte persone presentano segni neurologici. Questo \u00e8 un esempio di un classico ciclo di feedback negativo: L&#8217;infezione da FIP si sviluppa pi\u00f9 rapidamente quando i livelli di B12 sono inadeguati. La FIP rende pi\u00f9 difficile per i gatti mantenere una quantit\u00e0 sufficiente di B12 nel loro organismo.<\/p>\n<p><strong>Rapido esaurimento dei nutrienti<\/strong><\/p>\n<p>Poich\u00e9 la FIP \u00e8 una condizione infiammatoria, quando viene diagnosticata a un gatto pu\u00f2 danneggiare il fegato, il tratto gastrointestinale, il pancreas e la milza. Il fegato consuma rapidamente la B12 immagazzinata quando il sistema immunitario \u00e8 compromesso. Quando i livelli di B12 nel fegato sono bassi, le cellule intestinali si restringono e l&#8217;organismo ha difficolt\u00e0 ad assorbire il nutrimento. In questo modo si innesca un circolo vizioso che peggiora la carenza di B12.<\/p>\n<h2><strong>DOMANDE FREQUENTI<\/strong><\/h2>\n<p><strong>Come pu\u00f2 la B12 migliorare il benessere generale del mio gatto?<\/strong><\/p>\n<p>Gli esami ematologici, chimici e\/o del sangue possono essere utilizzati per valutare i progressi della salute del gatto. Tuttavia, si dovrebbero osservare degli aggiustamenti nel comportamento abituale del gatto, come un maggior vigore, una minore tendenza al letargo e un miglioramento della fame. \u00c8 fondamentale tenere presente che i gatti non sono in grado di comprendere la loro malattia o le ragioni che l&#8217;hanno determinata. Tutto ci\u00f2 di cui sono consapevoli \u00e8 un senso generalizzato di malattia. Il loro regime terapeutico pu\u00f2 beneficiare dell&#8217;uso della B12 per ridurre le loro sofferenze e migliorare la loro qualit\u00e0 di vita.<\/p>\n<p><strong>La B12 pu\u00f2 aiutare a curare la FIP?<\/strong><\/p>\n<p>No. Non c&#8217;\u00e8. La B12 NON \u00e8 un <a href=\"https:\/\/fipmed.co\/\">trattamento per la FIP<\/a>. Ma aiuta il sistema immunitario del gatto a svolgere compiti vitali. Avete bisogno di tutta l&#8217;assistenza possibile se volete dare al vostro gatto una possibilit\u00e0 di combattere il virus. Se non si prendono tutte le precauzioni per aumentare le probabilit\u00e0 di successo, non si pu\u00f2 pensare di raggiungere gli obiettivi prefissati con il trattamento primario.<\/p>\n<p>In conclusione, la gestione della FIP non si limita a fornire un trattamento primario, come la PI, la FOI, ecc. In qualit\u00e0 di custode del gatto, \u00e8 vostra responsabilit\u00e0 mantenere e migliorare il sistema immunitario per offrire al vostro gatto le migliori possibilit\u00e0 di sopravvivenza. Non \u00e8 un compito facile, date le dimensioni e la gravit\u00e0 della FIP. Tutto ci\u00f2 che noi proprietari possiamo fare \u00e8 usare tutte le armi a nostra disposizione per combattere il pi\u00f9 a lungo e il pi\u00f9 duramente possibile. In questo conflitto, ogni vantaggio conta e la B12 \u00e8 un&#8217;arma fondamentale. Non si sa mai quale azione apparentemente insignificante, ma alla fine importante, potrebbe fare una differenza sostanziale. Date al vostro gatto la possibilit\u00e0 di avere successo.<\/p>\n<p><strong>Perch\u00e9 un gattino potrebbe aver bisogno di un&#8217;iniezione di B12?<\/strong><\/p>\n<p>La vitamina B12 viene ingerita naturalmente dai gatti attraverso il cibo. Purtroppo, molti gattini hanno problemi a livello intestinale nell&#8217;assorbire correttamente i nutrienti e possono diventare rapidamente carenti di B12. Per questo motivo, i gattini non possono trarre beneficio dagli integratori orali; al contrario, una vitamina iniettabile sar\u00e0 un modo pi\u00f9 affidabile per garantire questo aspetto.<\/p>\n<p>Un&#8217;iniezione di vitamina B12 pu\u00f2 essere utile per i gattini affetti dalle condizioni elencate di seguito, come componente del regime di cure di supporto:<\/p>\n<ul>\n<li>Disturbi addominali<\/li>\n<li>Malassorbimento<\/li>\n<li>Inappetenza<\/li>\n<li>Diarrea<\/li>\n<li>Costipazione<\/li>\n<li>Stato letargico<\/li>\n<li>Perdita di peso<\/li>\n<li>Vomito<\/li>\n<li>Anemia<\/li>\n<li>FIP<\/li>\n<li>Panleucopenia<\/li>\n<\/ul>\n<p>Sebbene la B12 non sia in grado di risolvere questi problemi da sola, pu\u00f2 aiutare a mantenere il sistema immunologico e digestivo del gattino durante il trattamento e il recupero.<\/p>\n<p><strong>Materiali necessari<\/strong><\/p>\n<ul>\n<li>B12 iniettabile fornita dal veterinario<\/li>\n<li>Siringa Sterilez da 1 cc<\/li>\n<li>Aghi da 25 g<\/li>\n<li>Distributore di oggetti taglienti<\/li>\n<\/ul>\n<p>Anche se la B12 non aiuta direttamente un gatto a migliorare la sua condizione di FIP, pu\u00f2 aiutare a sostenere il sistema immunitario del gatto e pu\u00f2 aiutare indirettamente un gatto a recuperare dalla condizione di malattia. Per questo motivo, un maggior numero di proprietari di gatti dovrebbe essere a conoscenza di questo aspetto e somministrare spesso la B12 ai propri gatti per migliorare le loro condizioni, siano esse sane o malate.<\/p>\n","protected":false},"excerpt":{"rendered":"<p>Quando ci si prende cura di un gatto affetto da peritonite infettiva felina (FIP), il mantenimento di un&#8217;adeguata salute \u00e8 un fattore molto importante. Questo si estende alle vitamine per gatti, e una importante che anche i gatti hanno \u00e8 la vitamina B12. In questo articolo spiegheremo l&#8217;importanza della vitamina B12 per i gatti. Che [&hellip;]<\/p>\n","protected":false},"author":11,"featured_media":2451,"parent":0,"menu_order":0,"comment_status":"closed","ping_status":"closed","template":"","meta":{"_glsr_average":0,"_glsr_ranking":0,"_glsr_reviews":0,"footnotes":""},"categories":[650],"tags":[447,553,551,552,550],"_links":{"self":[{"href":"https:\/\/fipmed.co\/it\/wp-json\/wp\/v2\/pages\/15268"}],"collection":[{"href":"https:\/\/fipmed.co\/it\/wp-json\/wp\/v2\/pages"}],"about":[{"href":"https:\/\/fipmed.co\/it\/wp-json\/wp\/v2\/types\/page"}],"author":[{"embeddable":true,"href":"https:\/\/fipmed.co\/it\/wp-json\/wp\/v2\/users\/11"}],"replies":[{"embeddable":true,"href":"https:\/\/fipmed.co\/it\/wp-json\/wp\/v2\/comments?post=15268"}],"version-history":[{"count":0,"href":"https:\/\/fipmed.co\/it\/wp-json\/wp\/v2\/pages\/15268\/revisions"}],"wp:featuredmedia":[{"embeddable":true,"href":"https:\/\/fipmed.co\/it\/wp-json\/wp\/v2\/media\/2451"}],"wp:attachment":[{"href":"https:\/\/fipmed.co\/it\/wp-json\/wp\/v2\/media?parent=15268"}],"wp:term":[{"taxonomy":"category","embeddable":true,"href":"https:\/\/fipmed.co\/it\/wp-json\/wp\/v2\/categories?post=15268"},{"taxonomy":"post_tag","embeddable":true,"href":"https:\/\/fipmed.co\/it\/wp-json\/wp\/v2\/tags?post=15268"}],"curies":[{"name":"wp","href":"https:\/\/api.w.org\/{rel}","templated":true}]}}