{"id":15270,"date":"2022-12-02T08:05:01","date_gmt":"2022-12-02T08:05:01","guid":{"rendered":"https:\/\/fipmed.co\/trattamento-della-fip-del-gatto-i-progressi-della-medicina-per-la-fip-salvano-i-gatti\/"},"modified":"2024-04-27T08:12:00","modified_gmt":"2024-04-27T08:12:00","slug":"trattamento-della-fip-nei-gatti-i-progressi-della-medicina-per-la-fip-salvano-i-gatti","status":"publish","type":"page","link":"https:\/\/fipmed.co\/it\/trattamento-della-fip-nei-gatti-i-progressi-della-medicina-per-la-fip-salvano-i-gatti\/","title":{"rendered":"Trattamento della FIP nei gatti: I progressi della medicina per la FIP salvano i gatti"},"content":{"rendered":"<p>Per i gatti \u00e8 gi\u00e0 disponibile un trattamento di provata efficacia contro la FIP. Tuttavia, a causa della mancanza di motivazioni finanziarie, attualmente non esiste un farmaco approvato ufficialmente per la FIP nei gatti. La terapia di supporto pu\u00f2 alleviare il disagio ma non aumentare il tasso di sopravvivenza, come i farmaci antinfiammatori e il drenaggio di liquidi dal torace e dall&#8217;addome. L&#8217;eutanasia \u00e8 stata l&#8217;opzione migliore in passato, data la rapidit\u00e0 e l&#8217;alto tasso di mortalit\u00e0 della malattia, ma oggi il trattamento pu\u00f2 essere fornito con un alto tasso di successo.<\/p>\n<p>Attualmente sono in fase di studio alcuni farmaci sperimentali, tra cui GS441524, GC376, CL-Pro e Remdesivir. Questi farmaci non sono attualmente accessibili legalmente per l&#8217;uso clinico nei gatti.<\/p>\n<h2><\/h2>\n<p><strong>ANTIVIRALI (inibitori delle proteasi, inibitori delle polimerasi, analoghi dei nucleosidi)<\/strong><\/p>\n<p>Gli unici trattamenti che oggi danno speranza ai gatti con FIP sono il GS441524, un analogo nucleosidico, e il GC376, un inibitore della proteasi.<\/p>\n<p>GS441524 rimane l&#8217;opzione migliore per il trattamento della FIP grazie ai tassi di ricaduta pi\u00f9 bassi rispetto a GC376. Ha inoltre un&#8217;azione pi\u00f9 rapida rispetto al Remdesivir. In effetti, il Remdesivir \u00e8 un precursore del GS441524, quindi \u00e8 necessario un passaggio in pi\u00f9 per convertire il Remdesivir in GS441524 affinch\u00e9 possa funzionare.<\/p>\n<p>&nbsp;<\/p>\n<p><strong>GS-441524<\/strong><\/p>\n<p>\u00c8 stato dimostrato che questo farmaco funziona bene in numerose situazioni. Ottenere \u00e8 stato difficile. Il remdesivir, come gi\u00e0 detto, \u00e8 il protide o prodrug che l&#8217;organismo trasforma successivamente in GS-441524. La somministrazione del farmaco nella sua forma di protide o di prodrug aiuta a raggiungere le cellule del sistema immunitario che contengono i coronavirus immunosoppressori. In alcuni test sui gatti, il GS-441524 \u00e8 stato somministrato nella sua formulazione originale, senza che si siano riscontrate percentuali di guarigione dalla FIP nei gatti.<\/p>\n<p>&nbsp;<\/p>\n<p>GS441524 \u00e8 ancora la nostra migliore opzione di trattamento al momento. Tuttavia, a causa del costo elevato e della mancanza di accesso a questi farmaci, i proprietari di gatti dovrebbero impegnarsi maggiormente per evitare che il loro gatto contragga la malattia in primo luogo.<\/p>\n<p>&nbsp;<\/p>\n<p><strong>GC376<\/strong><\/p>\n<p>Il GC376 pu\u00f2 essere considerato un farmaco antivirale ad ampio spettro che inibisce la <sup>Mpro<\/sup> di diversi virus, tra cui i coronavirus come FCoV, virus della diarrea epidemica suina (PEDV), SARS-CoV, MERS-CoV, SARS-CoV-2, coronavirus del furetto e del visone. GC376 \u00e8 il prodrug di GC373, un altro inibitore delle proteasi a base dipeptidica.<\/p>\n<p>Il trattamento della FIP nei gatti con GC376 \u00e8 stato associato a effetti collaterali quali bruciore transitorio nei siti di iniezione, fibrosi sottocutanea, perdita di pelo e eruzione anomala dei denti permanenti nei gatti giovani<span class=\"anchor-text\">[4<\/span>]. Pertanto, sono necessari ulteriori studi per valutare i possibili effetti collaterali associati all&#8217;uso di GC376 nei modelli animali, prima del suo utilizzo negli studi clinici.<\/p>\n<p>GC376 impedisce la replicazione del virus FCoV con un meccanismo diverso. Tuttavia, il tasso di ricaduta nei gatti trattati con GC376 \u00e8 significativamente pi\u00f9 alto rispetto a GS441524. Il GC376 si distingue quando i gatti hanno sviluppato una resistenza al GS441524, soprattutto nei casi di recidiva. Si consiglia di utilizzare invece il GC376.<\/p>\n<p>Esistono anche studi di ricerca che dimostrano che la combinazione di GS441524 e GC376 produce risultati migliori e ha permesso una durata del trattamento pi\u00f9 breve, pari a 6 settimane, invece delle consuete 12 settimane.<\/p>\n<p>&nbsp;<\/p>\n<p class=\"p1\"><b>Interferone felino<\/b><\/p>\n<p>L&#8217;interferone \u00e8 ci\u00f2 che l&#8217;organismo produce naturalmente in risposta a un&#8217;infezione virale. Esistono due tipi di interferoni a disposizione dei veterinari: l&#8217;interferone omega felino (Virbagen Omega,\u00ae prodotto da Virbac in Francia) e l&#8217;interferone alfa umano, disponibile con diversi marchi. \u00c8 preferibile utilizzare l&#8217;interferone felino, perch\u00e9 gli interferoni sono specie specifici: funzionano meglio nella specie di origine.<\/p>\n<p>L&#8217;interferone-omega \u00e8 un&#8217;iniezione commercializzata per i gatti affetti da FIP. Un piccolo studio iniziale ha mostrato risultati promettenti e per un breve periodo \u00e8 entrato a far parte del trattamento standard. \u00c8 stato uno dei primi trattamenti disponibili per la FIP, ma il tasso di successo era basso.<\/p>\n<p>Uno studio pi\u00f9 ampio, in doppio cieco e controllato con placebo, non ha rilevato alcun beneficio dell&#8217;interferone. La questione sarebbe dovuta finire l\u00ec, ma il farmaco \u00e8 ancora disponibile e le persone continuano a spingere il documento precedente senza fare riferimento a quello successivo.<\/p>\n<p>&nbsp;<\/p>\n<p><strong>CORTICOSTEROIDI (SOLO PER IL PALLIATIVO)<\/strong><\/p>\n<p class=\"p1\"><span class=\"s1\">Durante la fase iniziale della malattia, possono essere necessari farmaci di supporto (sintomatici) per mantenere i gatti in vita abbastanza a lungo da permettere agli antivirali di agire. Tra i farmaci sono spesso inclusi gli antinfiammatori (corticosteroidi, FANS). \u00c8 preferibile evitare di usare questi farmaci in modo eccessivo, se non per brevi periodi e solo se esiste un motivo valido per farlo, soprattutto nei gatti estremamente malati nei primi giorni.<\/span><\/p>\n<p class=\"p1\"><span class=\"s1\">L&#8217;obiettivo primario del trattamento della FIP nei gatti \u00e8 quello di impedire la replicazione virale nei macrofagi, che interromper\u00e0 immediatamente la generazione delle varie citochine infiammatorie e immunosoppressive che producono i sintomi della FIP. Mentre alcuni farmaci, come i corticosteroidi (prednisolone) e i FANS (meloxicam), possono ridurre le citochine infiammatorie, il GS-441524 blocca totalmente queste citochine dannose. Entro 24-48 ore, FipMed induce miglioramenti significativi della temperatura, dell&#8217;attivit\u00e0, della fame e di altri sintomi. Questo miglioramento sar\u00e0 significativamente maggiore di quello che pu\u00f2 fornire qualsiasi altro farmaco. Di conseguenza, a meno che non ci sia una ragione impellente per continuare a usare altri farmaci, questi dovrebbero essere sospesi non appena si verifica un miglioramento evidente e costante dei sintomi della FIP nei gatti.<\/span><\/p>\n<p class=\"p1\"><span class=\"s1\">Oltre a mascherare i sintomi correlati alla FIP, gli steroidi possono interferire con la distribuzione di GS-441524 attraverso la barriera emato-encefalica. Diverse ricerche hanno dimostrato che gli steroidi possono ridurre la permeabilit\u00e0 attraverso la barriera emato-encefalica. Nei gatti, la diminuzione della permeabilit\u00e0 pu\u00f2 ridurre l&#8217;efficacia di GS-441524 e aumentare la probabilit\u00e0 di ricaduta.<\/span><\/p>\n<p>&nbsp;<\/p>\n<p class=\"p1\"><span class=\"s1\"><b>GS 441524 Sicurezza come trattamento FIP nei gatti<\/b><\/span><\/p>\n<p class=\"p1\"><span class=\"s1\">GS-441524 has been shown to be a safe and effective treatment option. The drug was originally developed as an antiviral treatment for humans but has since been repurposed for feline use. <\/span><\/p>\n<p class=\"p1\"><span class=\"s1\">Multiple studies have demonstrated that the drug does not cause significant adverse effects or toxicity when administered as directed.<\/span><\/p>\n<p class=\"p1\"><span class=\"s1\">Some cats may experience mild side effects such as nausea or lethargy during treatment. These symptoms typically resolve quickly and do not require intervention from a veterinarian. <\/span><\/p>\n<p>&nbsp;<\/p>\n","protected":false},"excerpt":{"rendered":"<p>Per i gatti \u00e8 gi\u00e0 disponibile un trattamento di provata efficacia contro la FIP. Tuttavia, a causa della mancanza di motivazioni finanziarie, attualmente non esiste un farmaco approvato ufficialmente per la FIP nei gatti. La terapia di supporto pu\u00f2 alleviare il disagio ma non aumentare il tasso di sopravvivenza, come i farmaci antinfiammatori e il [&hellip;]<\/p>\n","protected":false},"author":11,"featured_media":2394,"parent":0,"menu_order":0,"comment_status":"closed","ping_status":"closed","template":"","meta":{"_glsr_average":0,"_glsr_ranking":0,"_glsr_reviews":0,"footnotes":""},"categories":[650],"tags":[447,497],"_links":{"self":[{"href":"https:\/\/fipmed.co\/it\/wp-json\/wp\/v2\/pages\/15270"}],"collection":[{"href":"https:\/\/fipmed.co\/it\/wp-json\/wp\/v2\/pages"}],"about":[{"href":"https:\/\/fipmed.co\/it\/wp-json\/wp\/v2\/types\/page"}],"author":[{"embeddable":true,"href":"https:\/\/fipmed.co\/it\/wp-json\/wp\/v2\/users\/11"}],"replies":[{"embeddable":true,"href":"https:\/\/fipmed.co\/it\/wp-json\/wp\/v2\/comments?post=15270"}],"version-history":[{"count":0,"href":"https:\/\/fipmed.co\/it\/wp-json\/wp\/v2\/pages\/15270\/revisions"}],"wp:featuredmedia":[{"embeddable":true,"href":"https:\/\/fipmed.co\/it\/wp-json\/wp\/v2\/media\/2394"}],"wp:attachment":[{"href":"https:\/\/fipmed.co\/it\/wp-json\/wp\/v2\/media?parent=15270"}],"wp:term":[{"taxonomy":"category","embeddable":true,"href":"https:\/\/fipmed.co\/it\/wp-json\/wp\/v2\/categories?post=15270"},{"taxonomy":"post_tag","embeddable":true,"href":"https:\/\/fipmed.co\/it\/wp-json\/wp\/v2\/tags?post=15270"}],"curies":[{"name":"wp","href":"https:\/\/api.w.org\/{rel}","templated":true}]}}