{"id":15272,"date":"2022-12-02T07:59:53","date_gmt":"2022-12-02T07:59:53","guid":{"rendered":"https:\/\/fipmed.co\/fip-del-gatto-10-cose-da-fare-nel-momento-in-cui-al-vostro-felino-viene-diagnosticata-la-fip-del-gatto\/"},"modified":"2024-04-27T06:56:41","modified_gmt":"2024-04-27T06:56:41","slug":"fip-felina-10-cose-da-fare-nel-momento-in-cui-al-vostro-felino-viene-diagnosticata-la-fip-felina","status":"publish","type":"page","link":"https:\/\/fipmed.co\/it\/fip-felina-10-cose-da-fare-nel-momento-in-cui-al-vostro-felino-viene-diagnosticata-la-fip-felina\/","title":{"rendered":"FIP felina: 10 cose da fare nel momento in cui al vostro felino viene diagnosticata la FIP felina"},"content":{"rendered":"<p>Pu\u00f2 essere snervante se avete appena scoperto che il vostro gatto ha la FIP. Se questo \u00e8 il vostro caso, vi capiamo, ma siamo qui per aiutarvi. Se al vostro gatto \u00e8 stata diagnosticata la FIP, ecco 10 cose che potete fare.<\/p>\n<h2>1. Consultare un veterinario esperto in FIP felina<\/h2>\n<p>Per i proprietari di gatti, la diagnosi di FIP pu\u00f2 essere una prospettiva spaventosa. Sebbene questa patologia sia complessa e grave, un intervento tempestivo e cure esperte possono fare la differenza per il benessere del vostro amato animale domestico.<\/p>\n<p>Il veterinario sar\u00e0 in grado di indicarvi come garantire al vostro gatto le migliori possibilit\u00e0 di sopravvivenza. Anche con un trattamento adeguato, ci sono molte cose che si possono fare per migliorare le possibilit\u00e0 di sopravvivenza del gatto.<\/p>\n<p>Alcuni gatti non avranno problemi a tornare a casa con voi, mentre i casi pi\u00f9 gravi potrebbero dover essere ricoverati in ospedale per ricevere cure mediche migliori.<\/p>\n<h2>2. Inizio del trattamento con GS441524<\/h2>\n<p>Il trattamento della peritonite infettiva felina (FIP felina) con GS441524 \u00e8 il primo passo per aiutare i gatti a sopravvivere. GS441524 \u00e8 un trattamento antivirale orale per la FIP che si \u00e8 rivelato altamente efficace e straordinariamente sicuro per i gatti che lottano contro questa grave patologia.<\/p>\n<p>Se iniziato tempestivamente e seguendo le istruzioni del medico, GS 441524 pu\u00f2 rivelarsi un salvavita; gli studi rivelano una percentuale di successo del 90%.<\/p>\n<p>I potenziali effetti avversi sono relativamente bassi, ma comprendono variazioni dell&#8217;appetito, delle preferenze alimentari e del comportamento, nonch\u00e9 episodi temporanei di diarrea o vomito nei primi giorni di somministrazione, tutti facilmente gestibili sotto la stretta sorveglianza di un veterinario.<\/p>\n<p>Il trattamento prioritario con corticosteroidi autoiniettabili dovrebbe accompagnare l&#8217;inizio di una terapia orale a lungo termine nei casi pi\u00f9 gravi, mentre il mantenimento di un supporto sintomatico ottimale, come un&#8217;alimentazione adeguata e protocolli igienici accurati, aiuter\u00e0 notevolmente il recupero del gatto.<\/p>\n<h2>3. Gestire i sintomi e alleviare i dolori della FIP felina<\/h2>\n<p>Quando a un felino viene diagnosticata la FIP, \u00e8 importante intervenire immediatamente per gestire i sintomi e alleviare il dolore. La FIP \u00e8 una malattia complessa che pu\u00f2 causare disagio ai gatti, pertanto la gestione dei sintomi per gestire la condizione cronica \u00e8 essenziale.<\/p>\n<p>L&#8217;uso di antidolorifici \u00e8 talvolta necessario se il gatto sembra essere a disagio e dolorante. Anche gli antibiotici possono aiutare a risolvere alcune infezioni batteriche che potrebbero essere causate dalla FIP. In alcuni casi, quando il gatto ha una FIP avanzata, potrebbero essere necessari degli steroidi per ridurre l&#8217;infiammazione iniziale. Tuttavia, gli steroidi devono essere interrotti immediatamente una volta che il gatto si \u00e8 stabilizzato, poich\u00e9 interferiscono con il trattamento antivirale della FIP.<\/p>\n<h2>4. Idratazione con liquidi sottocutanei<\/h2>\n<p>La peritonite infettiva felina (FIP) \u00e8 una patologia grave e spesso fatale. Come parte del piano di trattamento, pu\u00f2 essere raccomandata la somministrazione di liquidi sottocutanei per aiutare a gestire le condizioni del gatto affetto da FIP.<\/p>\n<p>Si tratta di fornire liquidi sotto la pelle per un lento assorbimento nel flusso sanguigno e nell&#8217;organismo, per garantire livelli di idratazione adeguati e migliorare la salute generale. La fluidoterapia domiciliare pu\u00f2 essere utile perch\u00e9 aiuta i gatti con condizioni mediche che richiedono un supplemento di liquidi, come nel caso della FIP, a rimanere idratati senza dover ricorrere a frequenti viaggi dal veterinario per trattamenti endovenosi.<\/p>\n<p>Le somministrazioni di fluidi sottocutanei (SQF) dovrebbero essere effettuate in modo continuativo; tuttavia, esistono alcune linee guida sulla frequenza con cui dovrebbero essere effettuate. La maggior parte dei gatti necessita di SQF di routine da una volta alla settimana fino a tutti i giorni, a seconda dello stato di salute generale, del livello attuale di disidratazione e di altri fattori determinati dal veterinario o dal team sanitario veterinario.<\/p>\n<p>Per stabilire se gli SQF sono necessari o meno e con quale frequenza, \u00e8 bene parlarne direttamente con il veterinario per avere una guida adeguata prima di iniziare le sessioni di cura a domicilio.<\/p>\n<p>Se eseguita correttamente, utilizzando aghi e attrezzature sterili secondo le indicazioni del veterinario, la somministrazione di SQF a casa pu\u00f2 fornire il sollievo necessario, evitando inutili stress durante i regolari controlli dal veterinario a causa di malattie occasionali come la FIP nei gatti e nei gattini.<\/p>\n<p>&nbsp;<\/p>\n<h2>5. Supporto nutrizionale per la FIP felina<\/h2>\n<p>Il supporto nutrizionale \u00e8 una parte essenziale della gestione della FIP felina. I nutrienti svolgono un ruolo fondamentale nel sostenere la loro salute generale e nell&#8217;aiutare a combattere il virus che causa la malattia.<\/p>\n<p>Quando si parla di FIP del gatto, ci sono esigenze alimentari specifiche che devono essere prese in considerazione per il benessere del gatto. In realt\u00e0, alcuni gatti hanno sviluppato la FIP a causa di un&#8217;alimentazione scorretta che contribuisce alla debolezza del sistema immunitario.<\/p>\n<p>Il sistema immunitario svolge un ruolo importante nel controllare e combattere le infezioni causate dalla FIP, pertanto un&#8217;alimentazione adeguata \u00e8 fondamentale per promuovere una salute ottimale e ridurre al minimo le recidive o i focolai di questa complessa malattia.<\/p>\n<p>Modificare l&#8217;alimentazione del gatto con una dieta a base di carne cruda, oltre a fornire brodo d&#8217;ossa per aumentare i liquidi. Si pu\u00f2 anche integrare con queste vitamine:<\/p>\n<p><strong>Acidi grassi Omega-3:<\/strong> Gli acidi grassi omega-3, presenti negli integratori di olio di pesce, possono contribuire a ridurre l&#8217;infiammazione e a migliorare la salute generale del gatto. Possono aiutare a risolvere i problemi legati alla FIP, come l&#8217;accumulo di liquidi e l&#8217;infiammazione.<\/p>\n<p><strong>Antiossidanti<\/strong>: come le vitamine C ed E, possono contribuire alla riduzione dello stress ossidativo e al sostegno del sistema immunitario. Il veterinario potr\u00e0 consigliarvi la dose migliore per il vostro gatto.<\/p>\n<p><strong>Probiotici:<\/strong> I probiotici possono aiutare la salute gastrointestinale e il sistema immunologico del gatto. Poich\u00e9 la FIP pu\u00f2 avere un impatto sull&#8217;apparato digerente, possono essere utili i probiotici.<\/p>\n<p><strong>Supporto del sistema immunitario:<\/strong> In collaborazione con il veterinario, prendere in considerazione integratori per il sistema immunitario come i beta-glucani o gli immunomodulatori.<\/p>\n<p><strong>Vitamine del gruppo B:<\/strong> Le vitamine del gruppo B, in particolare la B-12, sono utili per la salute e il benessere generale. In rari casi si pu\u00f2 consigliare un integratore di vitamina B complessa.<\/p>\n<p><strong>EVITARE la L-lisina:<\/strong> La lisina \u00e8 un aminoacido che pu\u00f2 aiutare a contrastare i sintomi delle vie respiratorie superiori causati dalla FIP, ma non pu\u00f2 trattare direttamente la patologia. Inoltre, ostacola il trattamento della FIP felina.<\/p>\n<p>&nbsp;<\/p>\n<h2>6. Creare un ambiente confortevole e pulito<\/h2>\n<p>Creare e mantenere un ambiente confortevole e pulito per i gatti affetti da FIP \u00e8 essenziale per la loro salute generale. Uno spazio vitale pulito pu\u00f2 contribuire a ridurre i sintomi di disagio causati dall&#8217;infiammazione e a diminuire la gravit\u00e0 dell&#8217;immunosoppressione associata alla FIP felina.<\/p>\n<p>Un modo in cui i proprietari di gatti possono creare questo tipo di atmosfera \u00e8 mantenere le lettiere, le ciotole dell&#8217;acqua e i piatti del cibo liberi da detriti o disordine che potrebbero mettere sotto stress il sistema immunitario indebolito del gatto.<\/p>\n<p>Inoltre, \u00e8 importante evitare il sovraffollamento in casa, perch\u00e9 pu\u00f2 contribuire a ulteriori infezioni tra i gatti. Questo potrebbe aumentare ulteriormente il rischio di sviluppare la FIP del gatto o esacerbare condizioni gi\u00e0 esistenti, come i problemi gastrointestinali legati all&#8217;infezione da coronavirus.<\/p>\n<p>&nbsp;<\/p>\n<h2>7. Attuare misure igieniche rigorose<\/h2>\n<p>Quando a un gatto viene diagnosticata la FIP felina, i proprietari devono agire rapidamente per proteggere gli altri gatti e prevenire la diffusione della malattia. \u00c8 essenziale mettere in atto misure igieniche rigorose, tra cui l&#8217;isolamento del gatto infetto, la pulizia e la disinfezione dell&#8217;ambiente, la riduzione al minimo dei contatti tra i gatti e il lavaggio delle mani dopo aver maneggiato un animale infetto.<\/p>\n<p>L&#8217;obiettivo dell&#8217;attuazione di questi protocolli \u00e8 duplice: in primo luogo, ridurre il rischio impedendo l&#8217;ulteriore trasmissione della FIP all&#8217;interno o all&#8217;esterno della famiglia. In secondo luogo, contribuisce a creare un ambiente confortevole per i gatti affetti e a ridurre il disagio che possono provare a causa di sintomi fisici come febbre o problemi digestivi.<\/p>\n<p>Tutte le superfici delle abitazioni devono essere pulite regolarmente con disinfettanti approvati da medici veterinari per almeno 10 minuti al giorno per ridurre la contaminazione batterica causata dalle goccioline aerosolizzate prodotte quando i gatti tossiscono o starnutiscono.<\/p>\n<p>Inoltre, una buona igiene delle mani, ovvero un lavaggio accurato delle stesse subito dopo il contatto con un animale infetto, riduce significativamente il rischio di trasmissione da persona a persona.<\/p>\n<p>Ai proprietari di gatti si consiglia non solo di indossare i guanti quando \u00e8 necessario, ma anche di fare regolarmente il bucato per limitare l&#8217;esposizione. Prendendo sul serio ogni passo durante la diagnosi e le fasi di attuazione raccomandate dagli esperti, i genitori di animali domestici faranno tutto il possibile per migliorare la qualit\u00e0 della vita degli animali domestici affetti da questa patologia.<\/p>\n<p>&nbsp;<\/p>\n<h2>8. Applicare i protocolli di isolamento FIP per le famiglie con pi\u00f9 gatti.<\/h2>\n<p>Quando viene diagnosticata la peritonite infettiva felina (FIP) in una famiglia con pi\u00f9 gatti, \u00e8 fondamentale isolare il gatto affetto da FIP dagli altri gatti per evitare un&#8217;ulteriore diffusione e proteggere gli altri gatti. Sebbene sia difficile evitare completamente che il vostro animale interagisca con altri felini, ci sono misure che potete adottare per ridurre significativamente il rischio di infezione.<\/p>\n<p>La FIP si diffonde principalmente attraverso il contatto con le feci infette nelle lettiere condivise o sulle superfici. Quando i gatti si avvicinano o giocano in modo violento, possono potenzialmente trasmettere malattie come la FIP, per cui ridurre queste attivit\u00e0 dovrebbe essere una priorit\u00e0 assoluta per i proprietari ai quali \u00e8 stata diagnosticata la FIP felina.<\/p>\n<p>\u00c8 importante fare attenzione anche alle ciotole e alle lettiere condivise ed evitare, quando possibile, il contatto diretto tra pi\u00f9 gatti. La FIPV si diffonde attraverso la materia fecale, quindi l&#8217;ideale sarebbe avere lettiere separate per ogni gatto. Ogni tanto create giocattoli divertenti, tiragraffi e nascondigli specifici per il vostro gatto, in modo che non si ingelosisca per ci\u00f2 che appartiene ad altri.<\/p>\n<p>Inoltre, se \u00e8 possibile ospitare ogni animale separatamente, tenerli in stanze diverse della casa non solo riduce lo stress, ma tiene anche lontane le malattie! L&#8217;implementazione di protocolli di isolamento appropriati aiuta a ridurre il rischio di trasmissione del coronavirus felino ai gatti FIP non vaccinati o immunocompromessi.<\/p>\n<p>Ci\u00f2 include anche l&#8217;eliminazione delle aree esterne condivise, delle ciotole per il cibo e degli indumenti che potrebbero diffondere i germi attraverso la saliva, il pelo, ecc. Dovreste anche considerare la possibilit\u00e0 di raccomandare a tutti i gatti sani che vivono nello stesso nucleo familiare di fare il vaccino contro le malattie virali complesse FIV\/FeLV, come la FIP, almeno due volte all&#8217;anno.<\/p>\n<p>Se notate segni di malattia infettiva o se i risultati dei test risultano positivi per la FeLV, tenete questi animali lontani dall&#8217;area di quarantena: non solo questi virus possono portare a malattie gravi, ma l&#8217;esposizione continua pu\u00f2 introdurre nuove infezioni anche in un ambiente isolato, che potrebbe peggiorare le condizioni del vostro animale pi\u00f9 rapidamente prima dell&#8217;inizio del trattamento.<\/p>\n<p>&nbsp;<\/p>\n<h2>9. Monitorare le condizioni del gatto<\/h2>\n<p>\u00c8 molto importante monitorare attentamente le condizioni del gatto e rivolgersi immediatamente al veterinario se \u00e8 stata diagnosticata la FIP felina. I sintomi della FIP del gatto possono variare in modo significativo da un caso all&#8217;altro e qualsiasi cambiamento nel comportamento o nella salute del gatto deve essere discusso immediatamente con professionisti esperti come un veterinario.<\/p>\n<p>Visite veterinarie regolari sono fondamentali per la diagnosi e il trattamento precoci del virus; ci\u00f2 consente di adottare strategie di gestione efficaci, di alleviare i sintomi e di prolungare la vita dell&#8217;animale.<\/p>\n<p>Se la famiglia \u00e8 composta da pi\u00f9 gatti e i gatti possono entrare in contatto tra loro, si raccomanda di applicare protocolli di isolamento fino a quando la progressione della malattia del gatto infetto pu\u00f2 essere monitorata da un veterinario professionista.<\/p>\n<p>I segnali di allarme includono una drastica perdita di peso, estrema stanchezza\/letargia, picchi di febbre, confusione o disorientamento, tutti fattori che richiedono un intervento medico urgente.<\/p>\n<h2>10. Limitare l&#8217;esposizione ad altri gatti<\/h2>\n<p>Infine, anche l&#8217;accesso all&#8217;esterno dovrebbe essere limitato, poich\u00e9 gli animali selvatici possono essere portatori di malattie che possono mettere ulteriormente a rischio il vostro micio positivo alla FIP: proteggerlo da questi casi evitando aree rasate all&#8217;aperto in cui gli uccelli e gli animali possano aggirarsi facilmente ridurrebbe notevolmente le possibilit\u00e0 di contrarre qualcos&#8217;altro oltre alla diagnosi esistente.<\/p>\n<p>La riduzione delle interazioni fisiche, principali responsabili dei tassi di trasmissione, contribuir\u00e0 a garantire la massima sicurezza nell&#8217;adozione delle precauzioni necessarie nella gestione della peritonite infettiva felina (FIP felina).<\/p>\n<p>Adottare misure di sicurezza, come ad esempio prestare molta attenzione alle misure di igiene personale e prestare attenzione all&#8217;esposizione di ambienti contaminati, fornir\u00e0 un&#8217;importante protezione contro la potenziale diffusione del virus della corona associata a circostanze simili, soprattutto se si tratta di famiglie con pi\u00f9 gatti.<\/p>\n","protected":false},"excerpt":{"rendered":"<p>Pu\u00f2 essere snervante se avete appena scoperto che il vostro gatto ha la FIP. Se questo \u00e8 il vostro caso, vi capiamo, ma siamo qui per aiutarvi. Se al vostro gatto \u00e8 stata diagnosticata la FIP, ecco 10 cose che potete fare. 1. Consultare un veterinario esperto in FIP felina Per i proprietari di gatti, [&hellip;]<\/p>\n","protected":false},"author":11,"featured_media":2337,"parent":0,"menu_order":0,"comment_status":"closed","ping_status":"closed","template":"","meta":{"_glsr_average":0,"_glsr_ranking":0,"_glsr_reviews":0,"footnotes":""},"categories":[650],"tags":[447,448],"_links":{"self":[{"href":"https:\/\/fipmed.co\/it\/wp-json\/wp\/v2\/pages\/15272"}],"collection":[{"href":"https:\/\/fipmed.co\/it\/wp-json\/wp\/v2\/pages"}],"about":[{"href":"https:\/\/fipmed.co\/it\/wp-json\/wp\/v2\/types\/page"}],"author":[{"embeddable":true,"href":"https:\/\/fipmed.co\/it\/wp-json\/wp\/v2\/users\/11"}],"replies":[{"embeddable":true,"href":"https:\/\/fipmed.co\/it\/wp-json\/wp\/v2\/comments?post=15272"}],"version-history":[{"count":0,"href":"https:\/\/fipmed.co\/it\/wp-json\/wp\/v2\/pages\/15272\/revisions"}],"wp:featuredmedia":[{"embeddable":true,"href":"https:\/\/fipmed.co\/it\/wp-json\/wp\/v2\/media\/2337"}],"wp:attachment":[{"href":"https:\/\/fipmed.co\/it\/wp-json\/wp\/v2\/media?parent=15272"}],"wp:term":[{"taxonomy":"category","embeddable":true,"href":"https:\/\/fipmed.co\/it\/wp-json\/wp\/v2\/categories?post=15272"},{"taxonomy":"post_tag","embeddable":true,"href":"https:\/\/fipmed.co\/it\/wp-json\/wp\/v2\/tags?post=15272"}],"curies":[{"name":"wp","href":"https:\/\/api.w.org\/{rel}","templated":true}]}}