{"id":15276,"date":"2022-12-02T07:30:30","date_gmt":"2022-12-02T07:30:30","guid":{"rendered":"https:\/\/fipmed.co\/trattamenti-fip-iniezioni-di-fip-vs-compresse-o-pillole-di-fip\/"},"modified":"2023-12-11T06:50:36","modified_gmt":"2023-12-11T06:50:36","slug":"trattamenti-fip-iniezioni-di-fip-vs-compresse-o-pillole-di-fip","status":"publish","type":"page","link":"https:\/\/fipmed.co\/it\/trattamenti-fip-iniezioni-di-fip-vs-compresse-o-pillole-di-fip\/","title":{"rendered":"Trattamenti FIP: Iniezioni di FIP vs compresse o pillole di FIP"},"content":{"rendered":"<p>Quando si sceglie un farmaco antivirale GS-441524 per il trattamento della FIP, si possono avere due alternative: iniezioni sottocutanee o capsule o pillole orali. Come si fa a scegliere quello adatto al proprio gatto? In questo articolo discuteremo i vantaggi e gli svantaggi di ciascun metodo di trattamento, nonch\u00e9 quando e come prendere la decisione migliore per la terapia della FIP del vostro gatto.<\/p>\n<p>In genere, i farmaci orali si presentano sotto forma di pillole. Questo tipo di GS viene assunto per via orale. I proprietari di gatti possono ora scegliere con facilit\u00e0 la forma di trattamento migliore per il loro gatto, perch\u00e9 ci sono pi\u00f9 opzioni accessibili. Le differenze tra queste due formulazioni di GS-441524 saranno illustrate in questo post, insieme ai consigli su come scegliere la migliore per la terapia della FIP del vostro gatto.<\/p>\n<h2><strong>Trattamenti FIP per iniezione<\/strong><\/h2>\n<p>Cominciamo a parlare della versione a iniezione liquida di GS-441524. Questa particolare forma di GS \u00e8 curabile. I diversi fluidi GS-441524 hanno propriet\u00e0 diverse. La tecnica di fabbricazione e la qualit\u00e0 chimica utilizzata dal produttore hanno un impatto significativo sulla qualit\u00e0. Il fatto che i prezzi differiscano significativamente tra i vari marchi non fa che aumentare l&#8217;incertezza.<\/p>\n<p>La forma iniettabile di GS441524 \u00e8 disponibile in varie concentrazioni. Le concentrazioni pi\u00f9 popolari attualmente disponibili sono 20 mg e 30 mg. Il modo migliore per somministrare GS-441524 \u00e8 il trattamento per iniezione. Le iniezioni sottocutanee di GS441524 trattano immediatamente il flusso sanguigno del gatto con un farmaco antivirale. I medici possono somministrare un dosaggio specifico tramite iniezioni in base ai sintomi e al peso corporeo del gatto.<\/p>\n<p>I gatti trattati con l&#8217;iniezione spesso mostrano cambiamenti evidenti in un periodo che va da uno a quattro giorni. Pertanto, per i gatti che presentano sintomi gravi di FIP, le iniezioni sono l&#8217;unico mezzo di trattamento appropriato ed efficace. Ogni trattamento della FIP deve iniziare con un&#8217;iniezione. Continuate a somministrare le iniezioni fino a quando le condizioni del gatto non si saranno stabilizzate e solo quando avr\u00e0 mangiato ed eliminato correttamente dovrete pensare di passare ai farmaci per via orale.<\/p>\n<h2><strong>Trattamenti orali per la FIP (compresse, pillole o capsule)<\/strong><\/h2>\n<p>Rispetto agli aghi, il trattamento orale \u00e8 una tecnica pi\u00f9 rapida e semplice per trattare la FIP. I proprietari di gatti possono somministrare i farmaci per via orale a casa, evitando le visite giornaliere in clinica e le spese per le iniezioni. Per la somministrazione orale sono disponibili compresse e capsule. Grazie alla consistenza liscia e all&#8217;assenza di sapore della capsula, i gatti possono generalmente ingoiare le capsule pi\u00f9 facilmente delle pillole. In generale, si consiglia di utilizzare capsule o pillole orali nelle ultime fasi del trattamento, quando il gatto non \u00e8 pi\u00f9 in pericolo, cio\u00e8 quando mangia e va in bagno regolarmente e non ha pi\u00f9 febbri intermittenti.<\/p>\n<p>Parliamo ora degli svantaggi della terapia orale. La differenza principale tra i trattamenti orali e quelli iniettabili \u00e8 la velocit\u00e0 d&#8217;azione. Il farmaco antivirale utilizzato nella terapia orale, GS-441524, deve attraversare l&#8217;intero tratto digestivo prima di entrare nel flusso sanguigno.<\/p>\n<p>L&#8217;impossibilit\u00e0 di controllare il dosaggio \u00e8 il secondo svantaggio principale del trattamento orale. Non possiamo prevedere la quantit\u00e0 di GS-441524 che verr\u00e0 assorbita dal tratto digestivo del gatto. Il gatto pu\u00f2 assorbire solo una percentuale del farmaco antivirale fornito dalle capsule orali, a seconda dello stato del suo sistema digestivo e della sua salute generale. Il ritmo di assorbimento della GS sar\u00e0 influenzato dall&#8217;indebolimento dello stomaco, dei reni e del fegato che si verifica nei gatti affetti da peritonite infettiva felina (FIP).<\/p>\n<p>Rispetto agli aghi, le capsule e le compresse orali sono una forma di trattamento pi\u00f9 rischiosa. Solo dopo 30 giorni di terapia iniettiva o dopo che le condizioni del gatto si sono stabilizzate, suggeriamo un trattamento orale.<\/p>\n<h2><strong>Un confronto tra trattamento iniettivo e orale  <\/strong><\/h2>\n<p>Ecco una tabella che mostra le differenze tra le iniezioni e l&#8217;assunzione per via orale del trattamento per la FIP.<\/p>\n<p><img data-opt-id=1214015753  fetchpriority=\"high\" decoding=\"async\" class=\"alignnone size-full wp-image-888\" src=\"https:\/\/ml9txs9ouv9q.i.optimole.com\/w:auto\/h:auto\/q:mauto\/f:best\/https:\/\/fipmed.co\/wp-content\/uploads\/2022\/12\/233.png\" alt=\"\" width=\"811\" height=\"719\" srcset=\"https:\/\/ml9txs9ouv9q.i.optimole.com\/w:811\/h:719\/q:mauto\/f:best\/https:\/\/fipmed.co\/wp-content\/uploads\/2022\/12\/233.png 811w, https:\/\/ml9txs9ouv9q.i.optimole.com\/w:300\/h:266\/q:mauto\/f:best\/https:\/\/fipmed.co\/wp-content\/uploads\/2022\/12\/233.png 300w, https:\/\/ml9txs9ouv9q.i.optimole.com\/w:768\/h:681\/q:mauto\/f:best\/https:\/\/fipmed.co\/wp-content\/uploads\/2022\/12\/233.png 768w, https:\/\/ml9txs9ouv9q.i.optimole.com\/w:600\/h:532\/q:mauto\/f:best\/https:\/\/fipmed.co\/wp-content\/uploads\/2022\/12\/233.png 600w\" sizes=\"(max-width: 640px) 100vw, 640px\" \/><\/p>\n<h2><strong>Quale metodo scegliere per il mio gatto?<\/strong><\/h2>\n<p>Si raccomanda di iniziare il trattamento della FIP con iniezioni, secondo le nostre raccomandazioni. \u00c8 possibile passare alle capsule orali non appena le condizioni del gatto si stabilizzano se le iniezioni ricorrenti causano dolore acuto o gravi irritazioni cutanee. Dopo 30 giorni di trattamento iniettabile, il passaggio al farmaco orale \u00e8 in genere sicuro. Questa \u00e8 la tecnica pi\u00f9 affidabile per garantire che venga somministrata una quantit\u00e0 sufficiente di GS-441524 durante il trattamento della FIP e ridurre il rischio di reinfezione in futuro.<\/p>\n<h2><strong>Fattori che influenzano la somministrazione orale rispetto a quella iniettiva<\/strong><\/h2>\n<p>I gatti che attualmente vomitano\/rigurgitano e hanno la diarrea sono generalmente considerati candidati insufficienti per GS-441524 orale. Di conseguenza, i gatti che soffrono di gravi malattie gastrointestinali iniziano spesso a fare iniezioni, almeno fino a quando i problemi non si risolvono. La maggior parte delle persone, soprattutto in passato, ha iniziato con GS-441524 iniettabile. La forma iniettiva \u00e8 meno costosa e il dosaggio \u00e8 controllato con maggiore precisione. L&#8217;assorbimento sottocutaneo di GS-441524 \u00e8 anche pi\u00f9 affidabile di quello orale, che \u00e8 spesso un fattore critico nel trattamento iniziale di gatti gravemente malati e instabili all&#8217;inizio.<\/p>\n<p>Il fatto che un gatto continui ad iniettarsi il GS-441524 dipende dalla capacit\u00e0 del proprietario di somministrare le iniezioni in modo efficiente, dalla volont\u00e0 del gatto di abituarsi al dolore dell&#8217;iniezione e dall&#8217;insorgenza di piaghe nel sito di iniezione. In questi casi, i farmaci per via orale sono spesso un gradito sollievo sia per il proprietario che per il paziente felino.<\/p>\n<h2><strong>Confronto del successo del trattamento con GS-441524 iniettabile vs orale  <\/strong><\/h2>\n<p>Il tasso di successo di GS-441524 per via orale \u00e8 ora simile a quello delle versioni iniettabili, a condizione che i dosaggi siano calcolati con attenzione e che il dosaggio sia effettuato in modo efficace. Tuttavia, sono state segnalate variazioni nelle reazioni tra la forma orale e quella iniettabile di GS-441524. Solo alcuni gatti hanno avuto ricadute dopo il passaggio dalle iniezioni al GS-441524 orale o non hanno risposto bene al trattamento iniziale. In alternativa, la malattia che non rispondeva bene alle iniezioni \u00e8 stata trattata trasferendo i gatti a GS-441524 orale a un dosaggio equivalente.<\/p>\n<p>\u00c8 difficile attribuire queste forti disparit\u00e0 di risposta alla forma del farmaco perch\u00e9 GS-441524 per via orale o sottocutanea entra nel flusso sanguigno prima di raggiungere i tessuti. \u00c8 pi\u00f9 probabile che le marche di GS-441524 iniettabili o orali utilizzate prima di questo passaggio fossero di qualit\u00e0 inferiore. In molti casi, il passaggio a un&#8217;altra marca orale o iniettabile ha portato a un miglioramento immediato della reazione.<\/p>\n<p>Poich\u00e9 il virus ha sviluppato vari gradi di resistenza ai farmaci, si pensava che solo la forma iniettabile di GS-441524 potesse raggiungere i livelli straordinariamente elevati di sangue e liquido cerebrospinale necessari per trattare efficacemente la malattia neurologica. Tuttavia, i gatti con FIP neurologica hanno risposto bene al Fipmed. Inoltre, sono stati inclusi anche alcuni gatti che non rispondevano a un dosaggio eccezionalmente elevato di GS- 441524 iniettabile. Un regime completamente orale sta curando un numero crescente di animali con FIP neurologica. Questo \u00e8 il risultato di una maggiore esperienza nell&#8217;uso del trattamento orale della FIP in casi difficili o, pi\u00f9 probabilmente, del miglioramento della qualit\u00e0 della formulazione orale.<\/p>\n<h2><strong>Come si fanno le iniezioni di GS?<\/strong><\/h2>\n<p>Sottocutanea, talvolta nota come &#8220;sub-cu&#8221;, \u00e8 un termine che indica la somministrazione di iniezioni direttamente sotto la pelle. Ogni giorno per almeno 12 settimane, le iniezioni devono essere somministrate quasi alla stessa ora ogni 24 ore. Il muscolo del gatto NON deve essere perforato con l&#8217;ago. Quando il GS viene iniettato, brucia, ma non appena l&#8217;iniezione \u00e8 terminata, il fastidio cessa. I nostri utenti hanno prodotto una serie di utili filmati che dimostrano come avviene l&#8217;iniezione, e molti altri sono disponibili su YouTube. \u00c8 meglio che sia il veterinario a somministrare le prime due iniezioni e a mostrarvi come farle. Una visita giornaliera dal veterinario pu\u00f2 essere necessaria per i gatti che sono pi\u00f9 difficili da trattenere per le iniezioni.<\/p>\n<h2>Conclusione<\/h2>\n<p>Per questo motivo, i proprietari di gatti dovrebbero sempre iniziare a utilizzare il metodo delle iniezioni come trattamento della FIP per i loro gatti e passare all&#8217;assunzione di pillole dopo circa 30 giorni, a seconda delle condizioni del gatto. L&#8217;assunzione di farmaci per via iniettiva o orale ha i suoi pro e i suoi contro e spetta ai veterinari e ai proprietari dei gatti scegliere la soluzione migliore tra le due da fornire ai gatti affetti da FIP.<\/p>\n","protected":false},"excerpt":{"rendered":"<p>Quando si sceglie un farmaco antivirale GS-441524 per il trattamento della FIP, si possono avere due alternative: iniezioni sottocutanee o capsule o pillole orali. Come si fa a scegliere quello adatto al proprio gatto? In questo articolo discuteremo i vantaggi e gli svantaggi di ciascun metodo di trattamento, nonch\u00e9 quando e come prendere la decisione [&hellip;]<\/p>\n","protected":false},"author":11,"featured_media":2261,"parent":0,"menu_order":0,"comment_status":"closed","ping_status":"closed","template":"","meta":{"_glsr_average":0,"_glsr_ranking":0,"_glsr_reviews":0,"footnotes":""},"categories":[650],"tags":[447,497],"_links":{"self":[{"href":"https:\/\/fipmed.co\/it\/wp-json\/wp\/v2\/pages\/15276"}],"collection":[{"href":"https:\/\/fipmed.co\/it\/wp-json\/wp\/v2\/pages"}],"about":[{"href":"https:\/\/fipmed.co\/it\/wp-json\/wp\/v2\/types\/page"}],"author":[{"embeddable":true,"href":"https:\/\/fipmed.co\/it\/wp-json\/wp\/v2\/users\/11"}],"replies":[{"embeddable":true,"href":"https:\/\/fipmed.co\/it\/wp-json\/wp\/v2\/comments?post=15276"}],"version-history":[{"count":0,"href":"https:\/\/fipmed.co\/it\/wp-json\/wp\/v2\/pages\/15276\/revisions"}],"wp:featuredmedia":[{"embeddable":true,"href":"https:\/\/fipmed.co\/it\/wp-json\/wp\/v2\/media\/2261"}],"wp:attachment":[{"href":"https:\/\/fipmed.co\/it\/wp-json\/wp\/v2\/media?parent=15276"}],"wp:term":[{"taxonomy":"category","embeddable":true,"href":"https:\/\/fipmed.co\/it\/wp-json\/wp\/v2\/categories?post=15276"},{"taxonomy":"post_tag","embeddable":true,"href":"https:\/\/fipmed.co\/it\/wp-json\/wp\/v2\/tags?post=15276"}],"curies":[{"name":"wp","href":"https:\/\/api.w.org\/{rel}","templated":true}]}}