{"id":15278,"date":"2022-12-02T07:39:47","date_gmt":"2022-12-02T07:39:47","guid":{"rendered":"https:\/\/fipmed.co\/vaccino-fip-e-altri-modi-per-prevenire-la-fip-nei-gatti\/"},"modified":"2023-12-11T06:55:21","modified_gmt":"2023-12-11T06:55:21","slug":"vaccino-fip-e-altri-modi-per-prevenire-la-fip-nei-gatti","status":"publish","type":"page","link":"https:\/\/fipmed.co\/it\/vaccino-fip-e-altri-modi-per-prevenire-la-fip-nei-gatti\/","title":{"rendered":"Vaccino FIP e altri modi per prevenire la FIP nei gatti"},"content":{"rendered":"<p>La peritonite infettiva felina (FIP) \u00e8 un virus incurabile e spesso fatale che colpisce meno dell&#8217;1% dei gatti. Attualmente non esiste un trattamento efficace per la malattia, quindi \u00e8 fondamentale prevenirla prima che si manifestino i sintomi.<\/p>\n<p>Attualmente non esiste un vaccino contro la FIP che funzioni in modo costante. Per questo motivo, prevenire che i gatti prendano la malattia \u00e8 molto importante, vista la mancanza di farmaci coerenti. I proprietari di gatti devono essere vigili perch\u00e9 sono responsabili della loro salute, soprattutto se ne possiedono molti contemporaneamente.<\/p>\n<p>Una delle malattie pi\u00f9 difficili da comprendere \u00e8 la FIP. La diagnosi, la gestione e la prevenzione di questa malattia continueranno a essere oggetto di dibattito.<\/p>\n<p>Non \u00e8 certo che si possa evitare la FIP, perch\u00e9 ci sono ancora molte cose che non conosciamo e perch\u00e9 il coronavirus si trasferisce facilmente a molti gatti in tutto il mondo. Sebbene esista una vaccinazione contro la FIP, non \u00e8 dimostrato che sia in grado di prevenire la malattia, quindi attualmente non \u00e8 consigliata.<\/p>\n<h1>Capire la FIP e la necessit\u00e0 delle vaccinazioni<\/h1>\n<p>La FIP \u00e8 un virus pericoloso che pu\u00f2 causare gravi malattie nei gatti e richiede vaccinazioni per prevenirne la diffusione.<\/p>\n<h2>Che cos&#8217;\u00e8 la FIP?<\/h2>\n<p>La FIP, o peritonite infettiva felina, \u00e8 un&#8217;infezione virale che colpisce i gatti ed \u00e8 causata da alcuni ceppi del coronavirus felino. \u00c8 una malattia estremamente contagiosa tra i gatti e si diffonde rapidamente attraverso il contatto diretto con la saliva, l&#8217;urina, le feci e le lettiere dei gatti infetti.<\/p>\n<p>Essendo spesso difficile da diagnosticare a causa della sua complessit\u00e0, la FIP pu\u00f2 colpire senza preavviso sia i gatti di razza che quelli di razza, in particolare i gattini giovani. A seconda della gravit\u00e0 dei sintomi, il trattamento della FIP pu\u00f2 prevedere cure di supporto come antibiotici e antidolorifici, ma anche misure pi\u00f9 intensive come la somministrazione di liquidi per via endovenosa o direttamente nell&#8217;addome, se necessario.<\/p>\n<p>Sebbene non esista ancora una cura garantita per la FIP, la vaccinazione contro la malattia pu\u00f2 ridurre il rischio nei gatti predisposti.<\/p>\n<h2>Perch\u00e9 \u00e8 importante vaccinarsi contro la FIP?<\/h2>\n<p>La FIP \u00e8 una malattia virale potenzialmente mortale nei gatti causata dal coronavirus FCoV. Quando un gatto sviluppa la FIP, il tasso di mortalit\u00e0 \u00e8 quasi certo. La vaccinazione contro questo virus pu\u00f2 aiutare a proteggere i gatti dall&#8217;infezione e dalla morte per FIP.<\/p>\n<p>Nonostante l&#8217;efficacia limitata dei vaccini attualmente disponibili per il trattamento, la vaccinazione dei gatti contro questo virus letale potrebbe ridurne significativamente l&#8217;incidenza se effettuata in modo appropriato con una somministrazione efficace del vaccino e con vaccinazioni di follow-up secondo il protocollo standard.<\/p>\n<p>I gatti devono essere vaccinati regolarmente e monitorati attentamente per garantire che l&#8217;immunizzazione sia presa in considerazione nella valutazione dei fattori di rischio associati alle infezioni o all&#8217;esposizione dovuta alle diverse condizioni ambientali che possono incontrare nella loro vita quotidiana, riducendo le iniezioni di antivirali che sarebbero altrimenti necessarie se il gatto non fosse stato vaccinato.<\/p>\n<h1>Tipi di vaccini contro la FIP<\/h1>\n<p>Attualmente, l&#8217;unico vaccino contro la FIP disponibile sul mercato \u00e8 il Vanguard\u00ae Feline FIP Intranasal.<\/p>\n<h2>Vanguard\u00ae FIP felina intranasale<\/h2>\n<p>\u00e8 un vaccino intranasale non adiuvato sviluppato per aiutare a proteggere i gatti di 16 settimane o pi\u00f9 dalla peritonite infettiva felina (FIP). La FIP \u00e8 causata dal virus della peritonite infettiva felina (FIPV) e pu\u00f2 causare gravi complicazioni, compresa la morte.<\/p>\n<p>Questo vaccino viene somministrato per via intranasale con due dosi a distanza di 3-4 settimane l&#8217;una dall&#8217;altra per una protezione ottimale contro la FIP. Alcuni studi hanno rilevato che i gatti vaccinati con la forma sensibile alla temperatura del FIPV avevano una protezione misurabile dalla malattia rispetto a quelli non vaccinati.<\/p>\n<p>Inoltre, Vanguard\u00ae offre anche una forma iniettabile di questo vaccino per la prevenzione sia dei cuccioli che dei gatti adulti a partire dalle 16 settimane di et\u00e0. La vaccinazione contro la FIP fornisce al gatto una protezione essenziale contro un virus potenzialmente letale, ma \u00e8 solo una componente della protezione della salute del gatto, per cui \u00e8 necessario prendere altre precauzioni per salvaguardare il suo benessere, come ridurre i livelli di stress, fornire un&#8217;alimentazione adeguata e prendere ulteriori precauzioni quando viene ospitato in gattili o rifugi dove potrebbe entrare in contatto con altri animali portatori di malattie trasmissibili.<\/p>\n<h1>Benefici e rischi della vaccinazione contro la FIP<\/h1>\n<p>Vaccinare il gatto contro la FIP pu\u00f2 essere un modo efficace per proteggerlo da questo pericoloso virus, ma \u00e8 importante comprendere sia i potenziali benefici che i rischi associati al vaccino.<\/p>\n<h2>Vantaggi della vaccinazione FIP<\/h2>\n<ul>\n<li>Protezione dalle malattie causate dai coronavirus felini, come le infezioni da FIP e FCoV.<\/li>\n<li>Riduzione del rischio di trasmissione di malattie da gatto a gatto.<\/li>\n<li>Miglioramento della qualit\u00e0 di vita dei gatti affetti da FIP e infezioni da FCoV attraverso la prevenzione.<\/li>\n<li>Aumenta la longevit\u00e0 grazie alla riduzione della gravit\u00e0 o addirittura alla potenziale guarigione dei casi di FIP se vaccinati.<\/li>\n<\/ul>\n<h2>Rischi della vaccinazione FIP (potenziamento anticorpo-dipendente)<\/h2>\n<p>La vaccinazione contro la FIP pu\u00f2 comportare rischi associati all&#8217;ADE (Antibody-Dependent Enhancement), un processo in cui i complessi anticorpo-virali potenziano l&#8217;infezione. \u00c8 stato dimostrato che il FIPV stesso produce un effetto ADE in presenza di anticorpi anti-FIPV e questo ha sollevato preoccupazioni durante lo sviluppo di vaccini correlati.<\/p>\n<ol>\n<li>Reazioni viscerotropiche anomale che hanno portato al decesso<\/li>\n<li>Infezioni persistenti che non sono state eliminate efficacemente con la rivaccinazione<\/li>\n<li>Aumento del tasso di mortalit\u00e0 post-vaccino rispetto ai tassi pre-vaccino<\/li>\n<li>Distribuzione alterata degli agenti patogeni nel confronto tra animali non infetti e vaccinati<\/li>\n<\/ol>\n<h1>Altri modi per proteggere il gatto dalla FIP<\/h1>\n<p>Ci sono semplici misure che si possono adottare ogni giorno per mantenere il gatto sano e al sicuro, tra cui la riduzione dei livelli di stress, il mantenimento di un&#8217;alimentazione corretta e l&#8217;adozione di ulteriori precauzioni durante la pensione.<\/p>\n<p>L&#8217;American Association of Feline Practitioners non consiglia il vaccino FIP, nonostante la sua esistenza. Quando sono abbastanza grandi (16 settimane di et\u00e0) per ricevere la vaccinazione, la maggior parte dei gatti \u00e8 gi\u00e0 stata esposta al coronavirus felino, rendendo il vaccino meno efficace.<\/p>\n<p>Di seguito sono riportati alcuni esempi di tattiche di prevenzione per ridurre il rischio di essere esposti al coronavirus felino, ma tenete presente che non fermeranno la FIP.<\/p>\n<ul>\n<li>Tenete le ciotole dell&#8217;acqua e del cibo ben lontane dalla lettiera.<\/li>\n<li>Utilizzate lettiere uniche per ogni gatto, pi\u00f9 una aggiuntiva.<\/li>\n<li>Utilizzare candeggina diluita per pulire gli spazi abitativi e le ciotole per il cibo e l&#8217;acqua (1 parte di candeggina per 32 parti di acqua).<\/li>\n<li>Per diminuire la tensione, offrire un arricchimento ambientale (come giocattoli puzzle e posatoi per gatti).<\/li>\n<li>Se avete molti gatti, non tenetene pi\u00f9 di tre in ogni stanza per evitare il sovraffollamento.<\/li>\n<\/ul>\n<p>I gatti affetti da FIP soffrono di una patologia rara, complicata e gravemente letale. Portate il gatto dal veterinario il prima possibile se inizia a manifestare i sintomi della malattia.<\/p>\n<p>Quando i gattini vengono allontanati dalle fonti di infezione, gli anticorpi prodotti dalla madre li proteggono dall&#8217;infezione fino allo svezzamento, che avviene in genere a circa 5-7 settimane di et\u00e0. L&#8217;FCoV \u00e8 un virus molto contagioso, pertanto tale protezione richiede una pulizia rigorosa.<\/p>\n<h2>Ridurre lo stress<\/h2>\n<p>Ridurre lo stress nei gatti \u00e8 uno dei modi pi\u00f9 efficaci per proteggerli dallo sviluppo della peritonite infettiva felina (FIP). Lo stress pu\u00f2 indebolire il loro sistema immunitario e aumentare il rischio di contrarre malattie come la FIP.<\/p>\n<p>Vivere in un ambiente affollato o caotico, un cambiamento estremo nella routine, la presenza di persone o animali sconosciuti, il dolore fisico e il disagio sono tutte fonti comuni di stress felino.<\/p>\n<p>I gatti che vivono in famiglie con pi\u00f9 gatti o in rifugi sono pi\u00f9 inclini ad avere livelli di stress pi\u00f9 elevati a causa del sovraffollamento. \u00c8 quindi importante che i proprietari offrano un ambiente di vita arricchito, con molti nascondigli e momenti di pace e tranquillit\u00e0 lontano da bambini e altri animali domestici.<\/p>\n<p>Inoltre, coinvolgere il gatto in giochi interattivi utilizzando giocattoli come palline o bacchette aiuta a mantenerlo attivo senza causare inutili tensioni al suo corpo o alla sua mente. L&#8217;installazione di diffusori di feromoni in tutta la casa pu\u00f2 anche contribuire a creare un&#8217;atmosfera rilassante specificamente progettata per ridurre l&#8217;ansia nei gatti, ricordando loro che sono al sicuro a casa.<\/p>\n<h2>Fornire un&#8217;alimentazione adeguata<\/h2>\n<p>Il segreto per mantenere il gatto in salute e ridurre il rischio di FIP \u00e8 fornire una dieta equilibrata e ricca di sostanze nutritive. L&#8217;alimentazione del gatto deve includere acidi grassi essenziali, proteine, fibre, acqua e vitamine, oltre ad altri minerali e micronutrienti.<\/p>\n<p>Alcuni di questi nutrienti vitali possono essere ottenuti attraverso gli alimenti, ad esempio verdure come i broccoli o le carote, che contengono vitamina A per la salute degli occhi, oppure lenticchie e olio di pesce, che contengono omega-3 che aiutano a sostenere il sistema immunitario, evitando al contempo gli alimenti per gatti elaborati e pieni di additivi.<\/p>\n<p>Mangiare biologico, quando \u00e8 possibile, contribuisce a fornire tutto il fabbisogno dietetico giornaliero necessario e a evitare l&#8217;aggiunta di composti tossici che potrebbero influire sul benessere generale dei felini.<\/p>\n<p>Possono essere necessari anche altri integratori se i gatti non soddisfano il loro fabbisogno nutrizionale giornaliero con i soli pasti regolari. Ad esempio, se i gatti sono soggetti a bassi livelli di energia, pu\u00f2 essere necessario un integratore di ferro per evitare la stanchezza e dare loro pi\u00f9 energia per rimanere attivi durante la giornata.<\/p>\n<p>&nbsp;<\/p>\n<h2>Precauzioni per l&#8217;imbarco<\/h2>\n<p>Un&#8217;igiene adeguata e l&#8217;evitare il sovraffollamento sono strategie fondamentali per ridurre al minimo la trasmissione della FIP nelle situazioni di ricovero. Per proteggere il vostro gatto, assicuratevi che la pensione sia pulita e ben tenuta.<\/p>\n<p>La sanificazione deve essere una parte regolare del protocollo di pulizia, compresa la disinfezione regolare di tutte le superfici e il rispetto rigoroso dei protocolli di lavaggio delle mani per i dipendenti. Inoltre, \u00e8 importante evitare il sovraffollamento; i gatti dovrebbero essere alloggiati singolarmente o in piccoli gruppi durante il loro soggiorno per ridurre le possibilit\u00e0 di trasmissione del virus da un animale all&#8217;altro.<\/p>\n<p>Quando prendete in considerazione una struttura di pensione, informatevi su come vengono gestite queste precauzioni in loco: potrebbe fare la differenza tra tenere al sicuro il vostro animale sano o esporlo a una malattia altamente contagiosa.<\/p>\n<h2><strong>Precauzioni supplementari per le famiglie con pi\u00f9 gatti<\/strong><\/h2>\n<p>Poich\u00e9 i gatti affetti da FIP provengono spesso da famiglie con pi\u00f9 gatti (pi\u00f9 di 5 gatti), da rifugi o da allevamenti, lo stress pu\u00f2 essere un fattore determinante.<\/p>\n<p>Separate i gatti positivi alla FIP dagli altri gatti e lavatevi spesso le mani, soprattutto dopo aver spazzato o pulito la lettiera del gatto malato. I veterinari consigliano ai proprietari di aspettare circa un mese dopo la morte di un gatto positivo alla FIP prima di portare a casa un nuovo gatto, per ridurre il rischio di esposizione al FCoV.<\/p>\n<p>I veterinari consigliano di aspettare almeno tre mesi dopo la morte di un gatto positivo alla FIP in una famiglia con pi\u00f9 gatti per vedere se altri gatti in casa presentano i sintomi della FIP. Questi gatti sono stati esposti alla FCoV e possono essere portatori del virus, il che li rende un rischio per i nuovi gatti che entrano in casa.<\/p>\n<p>Il FCoV pu\u00f2 essere eliminato pulendo con candeggina diluita (1 parte di candeggina per 32 parti di acqua). Tenete sempre in casa una lettiera in pi\u00f9 per ogni gatto. Se avete tre gatti, ad esempio, dovete avere a disposizione almeno quattro lettiere.<\/p>\n<p>\u00c8 stato dimostrato che migliorare l&#8217;habitat del gatto pu\u00f2 ridurre lo stress. Sono inclusi i catios, gli alberi e i posatoi per gatti da interno, i posatoi da finestra, l&#8217;uso di feromoni come il Feliway, le fontanelle d&#8217;acqua, i giocattoli per gatti, i puzzle per il cibo e altro ancora.<\/p>\n<h2><\/h2>\n<h2>Conclusione<\/h2>\n<p>Non tutti i gatti esposti al coronavirus della FIP contraggono la malattia. Secondo le stime, dall&#8217;8 al 20% dei gatti esposti al virus e nelle colonie di gatti in cui \u00e8 nota la presenza di questa malattia manifesterebbe i sintomi clinici della FIP. I gatti rimanenti potrebbero sviluppare un&#8217;immunit\u00e0 alla malattia o semplicemente non rispondere ad essa. Non si sa perch\u00e9 solo una piccola percentuale di gatti esposti al virus si ammali.<\/p>\n<p>\u00c8 risaputo che la principale difesa dell&#8217;organismo del gatto contro la FIP \u00e8 la risposta immunitaria cellulo-mediata. I gatti con una scarsa immunit\u00e0 cellulo-mediata possono essere pi\u00f9 inclini a questa condizione. Il meccanismo di difesa umorale (anticorpi) sembra avere un ruolo in alcune morti feline, amplificando di fatto i danni causati dal virus della FIP.<\/p>\n<p>L&#8217;unico vaccino disponibile contro la FIP \u00e8 risultato meno efficace del 100% e generalmente non \u00e8 raccomandato per i gatti come misura preventiva. Pertanto, la prevenzione della FIP dovrebbe comportare la riduzione dello stress e l&#8217;adozione di pratiche igieniche corrette sia in casa che in pensione\/viaggio con i gatti.<\/p>\n<p>Sebbene le scoperte mediche abbiano creato nuove opzioni che offrono speranza nella lotta alla FIP, i proprietari di animali domestici responsabili dovrebbero rimanere vigili nel limitare l&#8217;esposizione dei loro animali ai rischi associati a questo virus.<\/p>\n<p>&nbsp;<\/p>\n","protected":false},"excerpt":{"rendered":"<p>La peritonite infettiva felina (FIP) \u00e8 un virus incurabile e spesso fatale che colpisce meno dell&#8217;1% dei gatti. Attualmente non esiste un trattamento efficace per la malattia, quindi \u00e8 fondamentale prevenirla prima che si manifestino i sintomi. Attualmente non esiste un vaccino contro la FIP che funzioni in modo costante. Per questo motivo, prevenire che [&hellip;]<\/p>\n","protected":false},"author":11,"featured_media":2280,"parent":0,"menu_order":0,"comment_status":"closed","ping_status":"closed","template":"","meta":{"_glsr_average":0,"_glsr_ranking":0,"_glsr_reviews":0,"footnotes":""},"categories":[650],"tags":[481,447,448,482],"_links":{"self":[{"href":"https:\/\/fipmed.co\/it\/wp-json\/wp\/v2\/pages\/15278"}],"collection":[{"href":"https:\/\/fipmed.co\/it\/wp-json\/wp\/v2\/pages"}],"about":[{"href":"https:\/\/fipmed.co\/it\/wp-json\/wp\/v2\/types\/page"}],"author":[{"embeddable":true,"href":"https:\/\/fipmed.co\/it\/wp-json\/wp\/v2\/users\/11"}],"replies":[{"embeddable":true,"href":"https:\/\/fipmed.co\/it\/wp-json\/wp\/v2\/comments?post=15278"}],"version-history":[{"count":0,"href":"https:\/\/fipmed.co\/it\/wp-json\/wp\/v2\/pages\/15278\/revisions"}],"wp:featuredmedia":[{"embeddable":true,"href":"https:\/\/fipmed.co\/it\/wp-json\/wp\/v2\/media\/2280"}],"wp:attachment":[{"href":"https:\/\/fipmed.co\/it\/wp-json\/wp\/v2\/media?parent=15278"}],"wp:term":[{"taxonomy":"category","embeddable":true,"href":"https:\/\/fipmed.co\/it\/wp-json\/wp\/v2\/categories?post=15278"},{"taxonomy":"post_tag","embeddable":true,"href":"https:\/\/fipmed.co\/it\/wp-json\/wp\/v2\/tags?post=15278"}],"curies":[{"name":"wp","href":"https:\/\/api.w.org\/{rel}","templated":true}]}}