{"id":15284,"date":"2022-12-02T08:10:56","date_gmt":"2022-12-02T08:10:56","guid":{"rendered":"https:\/\/fipmed.co\/tipi-di-fip-del-gatto\/"},"modified":"2024-04-27T09:55:06","modified_gmt":"2024-04-27T09:55:06","slug":"tipi-di-fip-del-gatto","status":"publish","type":"page","link":"https:\/\/fipmed.co\/it\/tipi-di-fip-del-gatto\/","title":{"rendered":"4 Tipi di FIP del gatto: FIP umido, FIP secco, FIP Oculare, FIP Neurologica"},"content":{"rendered":"<p>La peritonite infettiva felina (FIP) \u00e8 una malattia comune e fatale dei gatti. Non solo, ma ha anche pi\u00f9 di una variante e pu\u00f2 colpire il gatto in modi diversi. In questo articolo parleremo dei diversi tipi di FIP che possono manifestarsi.<\/p>\n<h2>Tipi di FIP nei gatti<\/h2>\n<p>La FIP pu\u00f2 manifestarsi in tre modi diversi: una forma umida, effusiva, essudativa; una forma secca, granulomatosa, parenchimatosa, non effusiva; una forma mista. Peritonite fibrinosa, pleurite o pericardite con versamenti rispettivamente nell&#8217;addome, nel torace e\/o nel pericardio sono caratteristiche del primo tipo. Il SNC e altri organi, compresi gli occhi, presentano alterazioni granulomatose nella seconda variante, che non presenta effusioni evidenti. Poich\u00e9 ogni gatto con FIP presenta un versamento di grado variabile insieme ad alterazioni d&#8217;organo pi\u00f9 o meno granulomatose, \u00e8 stato stabilito che la differenziazione tra questi tipi non \u00e8 utile (e giova solo al metodo diagnostico). Le forme possono anche trasformarsi l&#8217;una nell&#8217;altra. Pertanto, la FIP pu\u00f2 semplicemente essere pi\u00f9 o meno produttiva o essudativa in un particolare gatto in un momento specifico.<\/p>\n<h2>Differenze tra FIP secco e umido<\/h2>\n<p><strong>FIP \u201csecca\u201d non effusiva<\/strong><\/p>\n<p>In alcuni felini, la FIP \u201csecca\u201d o non effusiva presenta un accumulo di liquidi minimo o nullo. Nella forma secca, gli occhi, il cervello, il fegato, l&#8217;intestino o altri organi del corpo sono spesso gravemente infiammati, il che pu\u00f2 causare una serie di sintomi clinici. Per molti gatti con FIP non effusiva, i problemi agli occhi sono l&#8217;unico sintomo clinico.<\/p>\n<p>Quando la malattia prende piede, la maggior parte dei soggetti colpiti si deteriora rapidamente, ma alcuni gatti possono funzionare normalmente per alcune settimane. Purtroppo, quasi tutti i casi di questa malattia portano alla morte.<\/p>\n<p>Solo una piccola parte dei gatti esposti al coronavirus felino, sebbene potenzialmente in grado di causare la FIP, \u00e8 in grado di difendersi da esso, il che porta alla malattia clinica nella maggior parte dei gatti infetti. Tuttavia, come gi\u00e0 detto, quelli che si ammalano quasi sempre muoiono.<\/p>\n<p><strong>FIP effusiva \u201cumida<\/strong><\/p>\n<p>La raccolta di liquido nel petto o nella pancia, che pu\u00f2 rendere difficile la respirazione, \u00e8 il sintomo clinico caratteristico della FIP effusiva. Altri sintomi sono l&#8217;inappetenza, la febbre, la perdita di peso, l&#8217;ittero e la diarrea.<\/p>\n<h1>DIAGNOSI DI FIP UMIDA E SECCA<\/h1>\n<h2>Diagnosi della FIP effusiva<\/h2>\n<p>Il tipo effusivo della malattia \u00e8 oggi pi\u00f9 facile da diagnosticare rispetto al passato. La FIP effusiva pu\u00f2 essere diagnosticata se si trova l&#8217;RNA virale in un campione di effusione (liquido drenato dal corpo), ad esempio, utilizzando una reazione a catena della polimerasi a trascrizione inversa (RT-PCR). Tuttavia, per fare questo \u00e8 necessario inviare un campione a un laboratorio veterinario esterno. Diversi test diagnostici disponibili presso l&#8217;ospedale veterinario possono escludere rapidamente una diagnosi di FIP esuberante, tra cui:<\/p>\n<ol>\n<li>Controllare il contenuto proteico totale dell&#8217;effusione; se \u00e8 inferiore a 35g\/L, la FIP \u00e8 incredibilmente improbabile.<\/li>\n<li>Determinare il rapporto albumina\/globulina nell&#8217;effusione; se \u00e8 superiore a 0,8, la FIP \u00e8 esclusa; se \u00e8 inferiore a 0,4, la FIP \u00e8 una condizione potenzialmente diagnosticabile ma incerta.<\/li>\n<li>Ispezionare le cellule presenti nel versamento; se la maggior parte di esse sono linfociti (un tipo di globuli bianchi), la FIP \u00e8 esclusa come diagnosi.<\/li>\n<\/ol>\n<h2>Diagnosi di FIP non effusiva<\/h2>\n<p>Poich\u00e9 le indicazioni cliniche della FIP non effusiva tendono a essere pi\u00f9 ambigue e variabili rispetto a quelle della FIP effusiva, l&#8217;elenco delle diagnosi differenziali \u00e8 sostanzialmente pi\u00f9 lungo. Quando le seguenti condizioni sono soddisfatte, la diagnosi di FIP non effusiva deve essere presa in considerazione&#8230;:<\/p>\n<p>Antefatto: Il gatto \u00e8 giovane (meno di 2 anni) e di razza pura; i gattini di razza pura rappresentano quasi il 70% dei casi di FIP.<\/p>\n<p>Eventi precedenti: Il gatto era sotto stress a causa di una recente sterilizzazione o vaccinazione.<\/p>\n<p>Anamnesi: Il gatto pu\u00f2 aver avuto l&#8217;opportunit\u00e0 di contrarre la FCoV a causa di fattori quali la provenienza da un gattile o da un rifugio di salvataggio o la recente introduzione di un gattino o gatto di razza. Gli indicatori clinici includono segni intra-oculari, anoressia, mangiare meno del solito, non aumentare di peso, non aumentare di peso, diventare anoressico e ittero.<\/p>\n<p>Ipergammaglobulinemia; bilirubina elevata senza enzimi epatici elevati.<\/p>\n<p>Linfopenia con anemia non rigenerativa, tipicamente moderata.<\/p>\n<p>Sierologia: A causa dell&#8217;elevata incidenza della FCoV nei gattili di allevamento e di soccorso, questo parametro deve essere utilizzato con cautela. Il gatto ha un alto titolo di anticorpi contro la FCoV.<\/p>\n<p>Se il gatto \u00e8 sieronegativo, la FIP non effusiva pu\u00f2 essere esclusa come diagnosi se il test anticorpale ha un&#8217;alta sensibilit\u00e0. Il test FCoV Immunocomb (Biogal), il test rapido immunocromatografico (RIM) Speed F-Corona (Virbac) e il test RIM pi\u00f9 rapido per la peritonite infettiva felina (MegaCor Diagnostic) si sono dimostrati tutti sensibili al 100% in uno studio che ha esaminato diversi test anticorpali FCoV disponibili in commercio.<\/p>\n<p>Con due diversi tipi principali di FIP, i proprietari di gatti dovrebbero essere pi\u00f9 informati su questo argomento, in modo da sapere come trattare al meglio i loro gatti nel peggiore dei casi. Se non si informano adeguatamente sui diversi tipi di FIP, possono contattare il loro veterinario per trovare un modo corretto di trattare la FIP nel loro gatto.<\/p>\n<p>&nbsp;<\/p>\n<h2>FIP oculare<\/h2>\n<p>Questo tipo di FIP pu\u00f2 causare gravi complicazioni nei gatti, poich\u00e9 penetra anche attraverso la barriera emato-oculare.<\/p>\n<p><strong>Barriera emato-oculare<\/strong><\/p>\n<p>La barriera emato-oculare nei gatti \u00e8 un&#8217;importante barriera protettiva contro la diffusione della FIP. Questa barriera \u00e8 composta da cellule che rivestono la camera anteriore dell&#8217;occhio e che agiscono per impedire agli agenti patogeni di penetrare e causare infiammazioni in quest&#8217;area sensibile.<\/p>\n<p>Sebbene ci\u00f2 renda difficile per un virus come il FCoV accedere alle strutture oculari, le lesioni possono verificarsi a causa della rottura delle barriere quando si verifica un&#8217;infiammazione cronica.<\/p>\n<p>\u00c8 stato inoltre dimostrato che gli inibitori delle proteasi come il GC376 non sono efficaci nell&#8217;attraversare la barriera emato-oculare, il che li rende meno utili nel trattamento dei casi in cui le strutture oculari possono essere colpite dalla FIP.<\/p>\n<p>Affinch\u00e9 i macrofagi carichi di particelle virali possano entrare nelle strutture oculari, devono prima superare questo strato; senza un passaggio riuscito attraverso ogni strato successivo, la trasmissione della malattia non pu\u00f2 avvenire.<\/p>\n<p><strong>Come la FIP secca si sviluppa in FIP oculare<\/strong><\/p>\n<p>La FIP secca \u00e8 la forma pi\u00f9 letale della malattia e pu\u00f2 potenzialmente progredire in FIP oculare in circa un terzo dei gatti affetti da questo tipo. Nella FIP Oculare, o uveite, le lesioni oculari si sviluppano come risultato dell&#8217;indebolimento della barriera sangue-occhio dovuto al virus. Questo porta a un aumento dei livelli di glucosio che provoca gonfiore e infiammazione negli occhi.<\/p>\n<h2>FIP neurologica<\/h2>\n<p>La FIP secca pu\u00f2 anche evolvere nella forma pi\u00f9 pericolosa di FIP, la FIP neurologica.<\/p>\n<p><strong>La barriera ematoencefalica<\/strong><\/p>\n<p>La barriera ematoencefalica (BBB) \u00e8 un importante strato protettivo formato da cellule speciali che rivestono le pareti dei piccoli vasi all&#8217;interno e intorno al cervello. Questa barriera estremamente stretta svolge un ruolo essenziale nel proteggere il nostro sistema nervoso centrale dai danni, bloccando i materiali potenzialmente tossici che circolano nel flusso sanguigno, comprese le tossine sistemiche.<\/p>\n<p>Non sorprende quindi che quando questa barriera viene compromessa a causa di varie condizioni o agenti infettivi, si possano verificare disturbi neurologici come quelli che possono verificarsi in seguito alla FIP.<\/p>\n<p>La FIPV, che provoca un&#8217;intensa reazione infiammatoria intorno ai vasi di vari tessuti, compreso il cervello, \u00e8 una causa comune responsabile del 45-50% di tutti i casi di malattie neurologiche indotte da infezioni nei gatti.<\/p>\n<p>In altre parole, la perdita di questo importante scudo pu\u00f2 aumentare notevolmente il rischio di sviluppare complicazioni neurologiche derivanti dall&#8217;infezione da FIPV e avrebbe serie implicazioni sugli interventi terapeutici.<\/p>\n<p><strong>Come la FIP secca si sviluppa in FIP neurologica<\/strong><\/p>\n<p>In alcuni casi, la FIP secca pu\u00f2 passare allo stadio successivo di FIP neurologica. La densit\u00e0 e la proliferazione dei globuli bianchi e dei monociti circolanti aumentano con il progredire della FIP secca. Queste cellule penetrano in modo persistente nel liquido cerebrospinale fino a generare uno stato infiammatorio che provoca danni neurologici.<\/p>\n<p>La FIP neurologica colpisce principalmente il sistema nervoso del gatto, con sintomi pi\u00f9 comuni come tremori, difficolt\u00e0 di deambulazione (atassia), confusione mentale e comportamento aggressivo.<\/p>\n","protected":false},"excerpt":{"rendered":"<p>La peritonite infettiva felina (FIP) \u00e8 una malattia comune e fatale dei gatti. Non solo, ma ha anche pi\u00f9 di una variante e pu\u00f2 colpire il gatto in modi diversi. In questo articolo parleremo dei diversi tipi di FIP che possono manifestarsi. Tipi di FIP nei gatti La FIP pu\u00f2 manifestarsi in tre modi diversi: [&hellip;]<\/p>\n","protected":false},"author":11,"featured_media":2413,"parent":0,"menu_order":0,"comment_status":"closed","ping_status":"closed","template":"","meta":{"_glsr_average":0,"_glsr_ranking":0,"_glsr_reviews":0,"footnotes":""},"categories":[650],"tags":[447,591],"_links":{"self":[{"href":"https:\/\/fipmed.co\/it\/wp-json\/wp\/v2\/pages\/15284"}],"collection":[{"href":"https:\/\/fipmed.co\/it\/wp-json\/wp\/v2\/pages"}],"about":[{"href":"https:\/\/fipmed.co\/it\/wp-json\/wp\/v2\/types\/page"}],"author":[{"embeddable":true,"href":"https:\/\/fipmed.co\/it\/wp-json\/wp\/v2\/users\/11"}],"replies":[{"embeddable":true,"href":"https:\/\/fipmed.co\/it\/wp-json\/wp\/v2\/comments?post=15284"}],"version-history":[{"count":0,"href":"https:\/\/fipmed.co\/it\/wp-json\/wp\/v2\/pages\/15284\/revisions"}],"wp:featuredmedia":[{"embeddable":true,"href":"https:\/\/fipmed.co\/it\/wp-json\/wp\/v2\/media\/2413"}],"wp:attachment":[{"href":"https:\/\/fipmed.co\/it\/wp-json\/wp\/v2\/media?parent=15284"}],"wp:term":[{"taxonomy":"category","embeddable":true,"href":"https:\/\/fipmed.co\/it\/wp-json\/wp\/v2\/categories?post=15284"},{"taxonomy":"post_tag","embeddable":true,"href":"https:\/\/fipmed.co\/it\/wp-json\/wp\/v2\/tags?post=15284"}],"curies":[{"name":"wp","href":"https:\/\/api.w.org\/{rel}","templated":true}]}}