{"id":15290,"date":"2023-11-06T06:56:11","date_gmt":"2023-11-06T06:56:11","guid":{"rendered":"https:\/\/fipmed.co\/la-pip-e-contagiosa-come-si-trasmette-la-pip\/"},"modified":"2024-04-27T08:26:34","modified_gmt":"2024-04-27T08:26:34","slug":"la-fip-e-contagiosa-come-si-fip-gatto-contagio-trasmette","status":"publish","type":"page","link":"https:\/\/fipmed.co\/it\/la-fip-e-contagiosa-come-si-fip-gatto-contagio-trasmette\/","title":{"rendered":"La FIP \u00e8 contagiosa: come si FIP gatto contagio trasmette?"},"content":{"rendered":"<p>La FIP \u00e8 contagiosa? Anche se non \u00e8 contagiosa come altre malattie feline, la FIP \u00e8 comunque un virus infettivo e ogni proprietario di gatto dovrebbe essere consapevole dei potenziali rischi.<\/p>\n<h3>La peritonite infettiva felina (FIP) \u00e8 generalmente considerata meno contagiosa di altre comuni malattie infettive feline.<\/h3>\n<p>Rispetto ad altre malattie infettive a cui i gatti possono essere vulnerabili, la FIP ha una minore probabilit\u00e0 di trasmissione. La peritonite infettiva felina (FIP) \u00e8 causata dall&#8217;infezione da coronavirus felino (FCoV).<\/p>\n<p>Sebbene questo virus sia contagioso e possa diffondersi da gatto a gatto, \u00e8 generalmente considerato meno contagioso di quelli legati alle infezioni delle vie respiratorie superiori o alla panleucopenia, particolarmente letale.<\/p>\n<p>Va inoltre sottolineato che la FIP non colpisce tutti i gatti anche se esposti; fattori come l&#8217;et\u00e0, la razza, la genetica, i livelli di stress e molti altri influenzano la probabilit\u00e0 di sviluppare la malattia dopo l&#8217;esposizione.<\/p>\n<h2>Tipi di virus della FIP gatto contagio<\/h2>\n<p>La peritonite infettiva felina (FIP) \u00e8 causata da due virus distinti, il coronavirus enterico felino (FECV) e il coronavirus felino di tipo 2 (FCoV).<\/p>\n<h3>FECV<\/h3>\n<p>Il coronavirus felino (FCoV) \u00e8 un virus altamente infettivo associato alla peritonite infettiva felina (FIP). Pu\u00f2 essere diffusa nelle feci dei gatti infetti e la trasmissione avviene per lo pi\u00f9 attraverso il contatto diretto con queste secrezioni o con le superfici che le contengono.<\/p>\n<p>Questo fa s\u00ec che si diffonda attraverso la trasmissione fomite, ovvero il trasferimento di microbi tra le superfici e le dita alla bocca. Per ridurre la vulnerabilit\u00e0 del gatto all&#8217;infezione da FCoV, \u00e8 bene che il gatto mantenga sempre buone abitudini igieniche.<\/p>\n<p>Se possibile, cercate anche di ridurre al minimo i livelli di stress &#8211; se necessario, tenete pi\u00f9 gatti in stanze separate &#8211; poich\u00e9 alcuni studi hanno dimostrato che i gatti sottoposti a livelli di stress pi\u00f9 elevati hanno maggiori probabilit\u00e0 di contrarre malattie come la FIP a causa della compromissione del loro sistema immunitario.<\/p>\n<h3>FCoV<\/h3>\n<p>Il coronavirus felino, comunemente indicato come FCoV, \u00e8 un agente patogeno virale infettivo appartenente alla famiglia dei Coronaviridae. Sebbene l&#8217;FCoV sia una causa relativamente comune di malattie gastrointestinali lievi e autolimitanti nei gatti, pu\u00f2 essere diffuso in modo intermittente dai gatti infetti per diversi mesi o addirittura anni.<\/p>\n<p>Il virus ha una bassa specificit\u00e0 di specie, il che significa che anche altri animali, come i cani o gli animali selvatici, possono essere suscettibili di infezione da questo virus.<\/p>\n<p>Il FCoV si diffonde pi\u00f9 spesso attraverso il contatto diretto tra due gatti, con il portatore asintomatico che trasmette la malattia inconsapevolmente a un altro gatto. Il virus pu\u00f2 anche entrare indirettamente attraverso oggetti contaminati, come i piatti per il cibo e l&#8217;acqua o i giocattoli condivisi da pi\u00f9 gatti che vivono sotto lo stesso tetto.<\/p>\n<p>\u00c8 persino possibile che particelle respiratorie come la forfora del pelo e i fluidi respiratori contenenti elevate quantit\u00e0 di particelle virali diffondano agenti contagiosi se inalati dai felini circostanti.<\/p>\n<p>&nbsp;<\/p>\n<h2>Ecco un confronto generale della contagiosit\u00e0 della FIP con altre malattie infettive dei gatti:<\/h2>\n<p>La FIP \u00e8 considerata generalmente meno contagiosa della panleucopenia, delle infezioni delle vie respiratorie superiori, della FIV e della FeLV.<\/p>\n<h3>Panleucopenia felina (cimurro felino)<\/h3>\n<p>La panleucopenia felina, nota anche come cimurro felino, \u00e8 un&#8217;infezione virale contagiosa dei gatti causata dal Parvovirus felino. Colpisce soprattutto i gattini e i gatti non vaccinati, ma \u00e8 in grado di infettare felini di ogni et\u00e0 e razza.<\/p>\n<p>Il virus \u00e8 presente in tutte le escrezioni, in particolare nelle feci, il che significa che pu\u00f2 essere trasmesso da gatto a gatto attraverso il contatto diretto o indiretto con estrema facilit\u00e0.<\/p>\n<p>I segni clinici variano a seconda del ceppo del virus e dell&#8217;et\u00e0 del gatto colpito; tuttavia i sintomi possono includere: febbre o bassa temperatura, letargia\/depressione, perdita di appetito e vomito con diarrea contenente sangue, indicatori comuni di infezioni da FPlV.<\/p>\n<p>In alcuni casi pu\u00f2 essere addirittura fatale se non viene diagnosticata e trattata immediatamente. Questa patologia non deve essere confusa con la peritonite infettiva felina (FIP): sebbene i sintomi siano simili, si tratta di due virus diversi che colpiscono i gatti in modo diverso.<\/p>\n<h3>Infezioni dell&#8217;apparato respiratorio superiore<\/h3>\n<p>Le infezioni delle vie respiratorie superiori (URI) sono la malattia infettiva pi\u00f9 comune nei gatti. Come altre malattie, le URI possono essere causate da diversi virus e batteri, tra cui calicivirus, herpesvirus, adenovirus, Bordetella bronchiseptica e Chlamydophila felis.<\/p>\n<p>I sintomi possono includere starnuti o tosse, congestione o secrezione nasale, arrossamento o secrezione oculare, inappetenza, febbre, letargia, ulcerazioni nelle aree della bocca e della gola e disidratazione.<\/p>\n<p>Sebbene sia pi\u00f9 raro rispetto ad altre infezioni delle vie respiratorie superiori, anche il virus della leucemia felina (FeLV) \u00e8 talvolta associato a questa infezione, sebbene non causi alcun sintomo.<\/p>\n<p>Il modo pi\u00f9 comune in cui i gatti contraggono un&#8217;infezione delle vie respiratorie superiori \u00e8 il contatto con un altro gatto infetto, direttamente o indirettamente, ad esempio facendosi la toeletta a vicenda mentre giocano o condividendo le ciotole del cibo o la lettiera.<\/p>\n<h3>Virus dell&#8217;immunodeficienza felina (FIV) e virus della leucemia felina (FeLV)<\/h3>\n<p>Si tratta di due retrovirus che attaccano le cellule del gatto coinvolte nella risposta immunitaria, rendendo i gatti pi\u00f9 suscettibili ad altre infezioni. La FIV si diffonde pi\u00f9 comunemente attraverso ferite profonde da morso, mentre la FeLV si trasmette principalmente da madre a gattino o attraverso la saliva e le secrezioni nasali.<\/p>\n<p>Entrambi i virus possono causare una diminuzione dell&#8217;immunit\u00e0, con conseguente aumento del rischio di infezioni opportunistiche persistenti e ricorrenti, come la S kinneria turicensis, la Bartonella henselae, il virus della stomatite (FHV) e la calcemia.<\/p>\n<p>Entrambi sono noti per causare la sindrome da immunodeficienza (simile all&#8217;HIV\/Aids negli esseri umani), che riduce l&#8217;immunit\u00e0 naturale dei gatti contro malattie come il cancro e le malattie batteriche.<\/p>\n<p>&nbsp;<\/p>\n<h2>Come si trasmette la FIP gatto contagio?<\/h2>\n<p>La FIP si diffonde tipicamente attraverso il contatto diretto, il contatto indiretto, la via fecale-orale e le goccioline respiratorie. Scoprite di pi\u00f9 per capire meglio come il vostro gatto pu\u00f2 essere colpito e prendere le dovute precauzioni!<\/p>\n<h3>Contatto diretto<\/h3>\n<p>Il contatto diretto \u00e8 il modo pi\u00f9 semplice e comune in cui i gatti possono contrarre la FIP. Attraverso il contatto diretto, come la toelettatura reciproca e la condivisione della ciotola del cibo o della lettiera, un gatto infetto pu\u00f2 trasmettere il virus direttamente a un altro.<\/p>\n<p>Inoltre, potrebbe essere contattata anche attraverso interazioni fisiche pi\u00f9 strette, come le coccole con proprietari che sono stati recentemente a contatto con gatti noti per essere portatori di FCoV.<\/p>\n<p>Un altro fattore importante sono le goccioline starnutite che diffondono l&#8217;FCoV da un gatto all&#8217;altro. Sebbene questa forma di trasmissione sia meno comune rispetto ad altre infezioni, rimane comunque una delle modalit\u00e0 di diffusione dell&#8217;infezione tra gli animali.<\/p>\n<p>\u00c8 quindi essenziale che i proprietari degli animali domestici li istruiscano sulle corrette abitudini igieniche e che prestino sempre molta attenzione quando si accoccolano con i gattini.<\/p>\n<h3>Contatto indiretto<\/h3>\n<p>Il contatto indiretto pu\u00f2 svolgere un ruolo importante nella trasmissione della peritonite infettiva felina (FIP). Si tratta del contatto con superfici o oggetti contaminati che sono stati toccati da un gatto infetto, noti come fomiti.<\/p>\n<p>I fomiti come vestiti, giocattoli e attrezzature per la toelettatura possono contaminare la pelliccia del gatto e trasportare il virus per un breve periodo di tempo prima che venga perso da queste superfici. Poich\u00e9 i gatti si puliscono spesso da soli e con altri gatti, sono a rischio di infezione anche se non c&#8217;\u00e8 stato un contatto diretto tra loro.<\/p>\n<p>Non solo il virus pu\u00f2 essere trasmesso indirettamente attraverso il contatto con materiali umidi come le ciotole dell&#8217;acqua, ma anche i materiali secchi come le lettiere possono fungere da vettore se la saliva o le feci contenenti particelle sono entrate in contatto con una superficie che viene poi toccata da un altro gatto.<\/p>\n<p>Le famiglie con pi\u00f9 gatti o gli ambienti affollati possono essere particolarmente inclini alla trasmissione indiretta del virus, in quanto vi sono molte superfici su cui la contaminazione pu\u00f2 avvenire frequentemente.<\/p>\n<h3>Via fecale-orale<\/h3>\n<p>La via fecale-orale \u00e8 una delle modalit\u00e0 pi\u00f9 comuni di trasmissione della FIP nei gatti. Il coronavirus felino (FCoV) pu\u00f2 essere trovato nella saliva dei gatti infetti, ma si diffonde principalmente attraverso il contatto con le feci contaminate da un gatto infetto.<\/p>\n<p>Questo tipo di trasmissione avviene quando un gatto non infetto consuma materiale che \u00e8 entrato in contatto con il complesso virale da una lettiera o da un&#8217;altra superficie, come le ciotole del cibo e le lettiere.<\/p>\n<p>A causa della sua natura trasmissibile, le condizioni di vita affollate aumentano il rischio di trasmissione a causa degli alti livelli di contaminazione fecale. Nelle famiglie con pi\u00f9 gatti, i proprietari dovrebbero separare i gatti e fornire loro cure e attenzioni individuali quando possibile.<\/p>\n<p>Questo significa dare a ogni gatto la propria lettiera, con un accesso facile per pulirla dopo l&#8217;uso.<\/p>\n<p>\u00c8 inoltre importante non solo pulire regolarmente, ma anche disinfettare settimanalmente le superfici utilizzate da tutti i gatti nelle famiglie con pi\u00f9 gatti per ridurre ulteriormente la possibilit\u00e0 di trasmissione.<\/p>\n<h3>Gocce respiratorie<\/h3>\n<p>La FIP si diffonde raramente attraverso le goccioline respiratorie starnutite o tossite. Il virus pu\u00f2 diffondersi nell&#8217;aria e contaminare l&#8217;ambiente circostante al gatto, ma per la trasmissione da un animale all&#8217;altro \u00e8 necessario un contatto ravvicinato.<\/p>\n<p>I gatti che vivono in condizioni di affollamento, come rifugi o colonie, sono pi\u00f9 a rischio di contrarre la FIP a causa della stretta vicinanza tra gli animali.<\/p>\n<p>Quando gli esseri umani maneggiano gatti infetti devono praticare una buona igiene personale, soprattutto quando starnutiscono e tossiscono in prossimit\u00e0 di altri gatti che hanno livelli di immunit\u00e0 pi\u00f9 bassi e possono essere pi\u00f9 inclini a contrarre la FIP.<\/p>\n<p>In alternativa, anche l&#8217;utilizzo di tecniche di disinfezione efficaci e la sterilizzazione regolare delle aree esposte a materiale infetto, come lettiere, stoviglie, materiali di scarto ecc. possono contribuire a ridurre la diffusione del contagio.<\/p>\n<h2>Fattori che influenzano la propensione del gatto alla FIP<\/h2>\n<p>Et\u00e0, razza, condizioni di vita, genetica, stress e stato del sistema immunitario possono influenzare il rischio di FIP nei gatti.<\/p>\n<h3>Et\u00e0<\/h3>\n<p>I gatti di et\u00e0 inferiore ai due anni sono i pi\u00f9 frequentemente colpiti dalla FIP, con circa l&#8217;80% di tutti i casi che compaiono in gatti di questa fascia di et\u00e0. I gattini di et\u00e0 compresa tra i 4 e i 12 mesi presentano il rischio pi\u00f9 elevato di contrarre la FIP; quasi la met\u00e0 di tutti i gatti diagnosticati rientra in questa fascia di et\u00e0.<\/p>\n<p>Anche i gattini pi\u00f9 giovani possono essere vulnerabili alla trasmissione del virus a causa del loro sistema immunitario non ancora sviluppato e della loro suscettibilit\u00e0 ai fattori di stress ambientale.<\/p>\n<p>Inoltre, alcune razze come i gatti siamesi o birmani possono essere pi\u00f9 inclini alla FIP a causa di una disposizione genetica, anche se non \u00e8 determinata esclusivamente dalla razza. I ghepardi hanno anche una maggiore probabilit\u00e0 di sviluppare la peritonite infettiva felina rispetto ad altre razze di gatti, a causa di una carenza nell&#8217;immunit\u00e0 cellulare che li rende altamente suscettibili.<\/p>\n<h3>Razza<\/h3>\n<p>I proprietari di gatti di razza devono essere particolarmente consapevoli della loro suscettibilit\u00e0 alla FIP. I gatti di razza pura hanno maggiori probabilit\u00e0 di sviluppare la FIP rispetto ai gatti di razza mista a causa di una carenza genetica nell&#8217;immunit\u00e0 cellulare e alcune razze come i ghepardi, i persiani, i bengala e gli Scottish Fold sono particolarmente inclini.<\/p>\n<p>Questo rischio pi\u00f9 elevato pu\u00f2 essere attribuito in parte al modo in cui queste razze particolari sono state sviluppate attraverso pratiche di consanguineit\u00e0 con una diversit\u00e0 genetica limitata o cicli di riproduzione accelerati, che causano una maggiore vulnerabilit\u00e0 a malattie gravi a causa dell&#8217;aumento della duplicazione genica presente quando coppie di geni omozigoti si trovano insieme all&#8217;interno di singoli animali.<\/p>\n<p>A causa dell&#8217;aumento del rischio associato ai gatti di razza, \u00e8 importante che i proprietari di questi gatti &#8211; cos\u00ec come coloro che si occupano di gatti di altre razze &#8211; comprendano la suscettibilit\u00e0 del loro animale domestico, in modo da poter prendere le dovute precauzioni e gestire la loro salute in modo pi\u00f9 efficace.<\/p>\n<p>Vaccinare il gatto contro le malattie infettive comuni, come il cimurro felino o le infezioni delle vie respiratorie superiori, ridurr\u00e0 le possibilit\u00e0 di contagio; adattare le esigenze alimentari in base ai livelli di resilienza, fare esercizio fisico in base alle caratteristiche fisiche; limitare l&#8217;esposizione tenendo sotto controllo le situazioni di affollamento, ecc.<\/p>\n<h3>Condizioni di vita affollate<\/h3>\n<p>Le condizioni di vita affollate possono avere un impatto enorme sui gatti e sulla loro salute. L&#8217;affollamento comporta un ulteriore stress per i gatti, che pu\u00f2 essere dannoso in quanto indebolisce il sistema immunitario nel tempo e aumenta la probabilit\u00e0 di contrarre o trasmettere infezioni, tra cui la peritonite infettiva felina (FIP).<\/p>\n<p>Lo stress \u00e8 particolarmente pericoloso nei gattini giovani, che potrebbero non aver ancora sviluppato un&#8217;immunit\u00e0 ottimale. Oltre alle conseguenze psicologiche dovute al sovraffollamento, la vicinanza fisica tra gli individui pu\u00f2 facilitare la trasmissione diretta tra i gatti attraverso la saliva, il leccamento o la tosse di secrezioni respiratorie contaminate.<\/p>\n<p>Inoltre, il contatto indiretto con materiale infettivo, come le feci di un gatto infetto su piatti o tiragraffi utilizzati successivamente da gatti non infetti, aumenta il rischio di un&#8217;ulteriore diffusione della FIP in ambienti affollati come rifugi e gattili.<\/p>\n<p>Pertanto, disporre di un ampio spazio per i vostri gatti domestici \u00e8 fondamentale per migliorare il loro benessere generale e per aumentare la loro resistenza alle malattie pi\u00f9 comuni, tra cui l&#8217;infezione da FIP.<\/p>\n<h3>Genetica<\/h3>\n<p>La genetica gioca un ruolo nella peritonite infettiva felina (FIP) e pu\u00f2 diventare un indicatore importante nel determinare la sua diffusione. Gli studi hanno indicato che i gatti maschi sono pi\u00f9 frequentemente colpiti rispetto alle femmine, evidenziando la potenziale influenza del genere sullo sviluppo della FIP e sul rischio di infezione.<\/p>\n<p>I gatti Birman, ad esempio, sono stati fortemente associati ad alcuni fattori genetici legati alla FIP. Sia i gatti di razza pura che quelli di razza casuale possono essere suscettibili di contrarre il virus attraverso il coronavirus o la trasmissione da un altro gatto affetto, ma quelli che possiedono geni talvolta presenti in razze specifiche possono trasmettere il loro rischio pi\u00f9 elevato alla prole.<\/p>\n<p>Quando si tratta di allevamento, se uno dei genitori \u00e8 infetto da un tipo appropriato di virus virale, come il coronavirus enterico felino (FeCV), i gattini potrebbero potenzialmente ricevere un filamento che pu\u00f2 in seguito causare lo sviluppo della FIP anche senza contatto con altri animali infetti.<\/p>\n<p>Sfortunatamente, poich\u00e9 questo trasferimento avviene al momento del concepimento, ci sono poche possibilit\u00e0 di inibire i danni causati da un gene ereditario, il che induce i proprietari a prendere in considerazione mezzi alternativi quando si tratta di mantenere il proprio animale domestico al sicuro da questo tipo di malattie.<\/p>\n<h3>Lo stress<\/h3>\n<p>Come proprietari di gatti, \u00e8 importante sapere che lo stress pu\u00f2 contribuire allo sviluppo della peritonite infettiva felina (FIP gatto contagio). Quando i gatti sono stressati a causa di un nuovo arrivo, di un recente intervento chirurgico o di infezioni concomitanti, la loro risposta immunitaria \u00e8 compromessa e diventano pi\u00f9 inclini a contrarre la FIP.<\/p>\n<p>In un ambiente di vita affollato, con pi\u00f9 gatti vicini, i livelli di stress possono aumentare rapidamente, indebolendo ulteriormente le difese immunitarie e aumentando la suscettibilit\u00e0 all&#8217;infezione da FIP.<\/p>\n<p>Ci sono misure che possono essere adottate come genitori responsabili di gatti per ridurre il rischio che il vostro animale sviluppi la FIP: assicuratevi che i membri pacifici della famiglia abbiano uno spazio adeguato lontano l&#8217;uno dall&#8217;altro, in modo che non ci sia competizione per le risorse; create una routine quotidiana affidabile &#8211; questo aiuta a tenere a bada lo stress; fornite molte attivit\u00e0 di arricchimento come tiragraffi e giocattoli &#8211; non solo mantengono i gatti attivi fisicamente, ma anche mentalmente; offrite ricompense regolari come croccantini e crocchette per mostrare apprezzamento tra gli individui.<\/p>\n<p>Infine, assicuratevi di impegnarvi regolarmente con il vostro animale domestico: fornire amore e attenzioni favorisce il legame, riducendo il senso di abbandono e diminuendo le preoccupazioni che si manifestano con i sintomi dello stress.<\/p>\n<h3>Stato del sistema immunitario<\/h3>\n<p>L&#8217;immunit\u00e0 del gatto gioca un ruolo importante nello sviluppo della FIP gatto contagio. I gatti con un sistema immunitario indebolito hanno maggiori probabilit\u00e0 di contrarre questo virus, mentre quelli con un sistema immunitario forte e funzionante possono avere una resistenza naturale.<\/p>\n<p>L&#8217;et\u00e0 \u00e8 un fattore che influisce sull&#8217;immunit\u00e0 del gatto e sul rischio di sviluppare la FIP, in quanto i gatti pi\u00f9 anziani hanno generalmente un&#8217;immunit\u00e0 pi\u00f9 debole rispetto ai gatti pi\u00f9 giovani, aumentando cos\u00ec la loro suscettibilit\u00e0.<\/p>\n<p>Alcune razze sono inoltre dotate di una forza intrinseca variabile contro agenti che causano malattie come la FIP. I gatti di razza sono spesso geneticamente predisposti a determinate malattie, tra cui la FIP; tuttavia, anche alcuni gatti domestici possono essere resistenti a causa della genetica.<\/p>\n<p>Lo stress pu\u00f2 anche abbassare le difese immunitarie, rendendo pi\u00f9 difficile per l&#8217;organismo del micio combattere infezioni come la peritonite infettiva felina; quelli che possono sembrare piccoli inconvenienti o cambiamenti possono sconvolgere notevolmente le routine domestiche e innescare delle crisi nel sistema di difesa immunitaria del vostro peloso, che pu\u00f2 lasciarlo vulnerabile.<\/p>\n<p>Anche i ghepardi tenuti in cattivit\u00e0 sono stati trovati soggetti alla FIP a causa di una carenza genetica che inibisce componenti specifici della loro immunit\u00e0 cellulare, rendendoli altamente suscettibili.<\/p>\n<h2>Conclusione<\/h2>\n<p>La peritonite infettiva felina (FIP) non \u00e8 generalmente considerata una malattia altamente contagiosa, anche se pu\u00f2 essere diffusa attraverso il contatto con le feci e la trasmissione respiratoria. Le buone pratiche igieniche sono importanti per ridurre il rischio di FIP, mentre la riduzione dello stress per i gatti \u00e8 fondamentale per prevenire la mutazione del virus.<\/p>\n<p>Anche se la FIP non \u00e8 cos\u00ec comune o facile da diffondere come altre malattie dei gatti, \u00e8 comunque qualcosa che vale la pena di prendere in considerazione per tutti i proprietari di animali domestici che vogliono conoscere l&#8217;infezione e i suoi potenziali rischi.<\/p>\n","protected":false},"excerpt":{"rendered":"<p>La FIP \u00e8 contagiosa? Anche se non \u00e8 contagiosa come altre malattie feline, la FIP \u00e8 comunque un virus infettivo e ogni proprietario di gatto dovrebbe essere consapevole dei potenziali rischi. La peritonite infettiva felina (FIP) \u00e8 generalmente considerata meno contagiosa di altre comuni malattie infettive feline. Rispetto ad altre malattie infettive a cui i [&hellip;]<\/p>\n","protected":false},"author":1,"featured_media":14046,"parent":0,"menu_order":0,"comment_status":"closed","ping_status":"closed","template":"","meta":{"_glsr_average":0,"_glsr_ranking":0,"_glsr_reviews":0,"footnotes":""},"categories":[650],"tags":[],"_links":{"self":[{"href":"https:\/\/fipmed.co\/it\/wp-json\/wp\/v2\/pages\/15290"}],"collection":[{"href":"https:\/\/fipmed.co\/it\/wp-json\/wp\/v2\/pages"}],"about":[{"href":"https:\/\/fipmed.co\/it\/wp-json\/wp\/v2\/types\/page"}],"author":[{"embeddable":true,"href":"https:\/\/fipmed.co\/it\/wp-json\/wp\/v2\/users\/1"}],"replies":[{"embeddable":true,"href":"https:\/\/fipmed.co\/it\/wp-json\/wp\/v2\/comments?post=15290"}],"version-history":[{"count":0,"href":"https:\/\/fipmed.co\/it\/wp-json\/wp\/v2\/pages\/15290\/revisions"}],"wp:featuredmedia":[{"embeddable":true,"href":"https:\/\/fipmed.co\/it\/wp-json\/wp\/v2\/media\/14046"}],"wp:attachment":[{"href":"https:\/\/fipmed.co\/it\/wp-json\/wp\/v2\/media?parent=15290"}],"wp:term":[{"taxonomy":"category","embeddable":true,"href":"https:\/\/fipmed.co\/it\/wp-json\/wp\/v2\/categories?post=15290"},{"taxonomy":"post_tag","embeddable":true,"href":"https:\/\/fipmed.co\/it\/wp-json\/wp\/v2\/tags?post=15290"}],"curies":[{"name":"wp","href":"https:\/\/api.w.org\/{rel}","templated":true}]}}