{"id":15292,"date":"2022-12-02T07:50:40","date_gmt":"2022-12-02T07:50:40","guid":{"rendered":"https:\/\/fipmed.co\/integratori-alimentari-per-gatti-con-fip\/"},"modified":"2024-01-09T04:09:24","modified_gmt":"2024-01-09T04:09:24","slug":"integratori-alimentari-per-gatti-con-fip","status":"publish","type":"page","link":"https:\/\/fipmed.co\/it\/integratori-alimentari-per-gatti-con-fip\/","title":{"rendered":"Integratori alimentari per gatti con FIP"},"content":{"rendered":"<p>Si raccomanda di somministrare al gatto vitamine e integratori per mantenere sani e forti i reni e il fegato durante il trattamento della FIP. Organi interni sani aumentano la capacit\u00e0 dell&#8217;organismo di resistere alle infezioni e di riprendersi dalle malattie. Attualmente non sono noti effetti collaterali negativi quando vitamine e integratori vengono somministrati insieme a GS-441524 durante il trattamento della FIP.<\/p>\n<h2><strong>Vitamine<\/strong><\/h2>\n<p>Vitamina B12: estremamente sicure da somministrare, le iniezioni sottocutanee di B12 possono essere somministrate ai gatti settimanalmente per aiutare a combattere l&#8217;anemia e sostenere il sistema immunitario.<\/p>\n<p>Con Pet Tinic o un prodotto analogo, \u00e8 possibile fornire un&#8217;assistenza vitaminica quotidiana.<\/p>\n<p>La B12 si trova tipicamente negli alimenti di origine animale, come carne, pesce, uova e fegato.<\/p>\n<p>Tuttavia, un gatto affetto da FIP esaurisce rapidamente le sue scorte, rendendo necessario un rifornimento.<\/p>\n<p>La produzione e il mantenimento dei globuli rossi sono favoriti dalla vitamina B12.<\/p>\n<ul>\n<li>La B12 preserva la salute del sistema neurologico (cellule nervose e mielinizzazione normale &#8211; le guaine grasse che rivestono e proteggono le terminazioni nervose). Per i processi nervosi e cognitivi \u00e8 fondamentale.<\/li>\n<li>La B12 mantiene la salute dell&#8217;intestino per garantire un&#8217;adeguata digestione e assorbimento degli alimenti e il metabolismo di grassi e carboidrati.<\/li>\n<\/ul>\n<h2><strong>FIP<\/strong><\/h2>\n<p><strong>Gabapentin<\/strong>: Un leggero analgesico che pu\u00f2 essere assunto per via orale da 60 a 90 minuti prima delle iniezioni. Se somministrato correttamente, questo riduce solo temporaneamente il disagio dell&#8217;iniezione, senza far sentire il gatto assonnato o sedato.<\/p>\n<p><strong>Crema alla lidocaina<\/strong>: Si pu\u00f2 spalmare sulla pelle del gatto 30 minuti prima dell&#8217;iniezione di GS441 per attenuare la puntura. Utilizzare solo la lozione senza aloe, poich\u00e9 i gatti sono estremamente tossici per l&#8217;aloe.<\/p>\n<p><strong>Corteccia di olmo scivoloso<\/strong>: Lo sciroppo a base di corteccia di olmo \u00e8 una cura completamente naturale per la nausea, il vomito e altre condizioni.<\/p>\n<p><strong>Denamarin<\/strong>: l&#8217;integratore per fegato di gatto Denamarin Compresse aumenta i livelli di antiossidanti.<\/p>\n<p><strong>Silimarina (cardo mariano):<\/strong> Utilizzare questo integratore naturale, noto per la sua capacit\u00e0 di rafforzare e preservare il fegato, per migliorare la salute epatica del gatto.<\/p>\n<p><u>Nel trattamento della FIP con GS411, si raccomanda di somministrare al gatto Denamarin o Silimarina per fornire il massimo supporto al fegato.<\/u><\/p>\n<h2><strong>Non somministrare L-lisina ai gatti con FIP<\/strong><\/h2>\n<p>Sebbene la L-lisina sia spesso utilizzata per l&#8217;herpesvirus felino e come rinforzo del sistema immunitario, nuove ricerche hanno dimostrato che non presenta chiari vantaggi. Inoltre, i gatti FCoV+, i gatti a rischio di sviluppare la FIP e i gatti affetti da FIP non devono assumere L-lisina.<\/p>\n<h2><strong>Moducare e il sistema immunitario<\/strong><\/h2>\n<p>L&#8217;immunit\u00e0 \u00e8 fondamentale. La migliore linea di protezione contro qualsiasi malattia \u00e8 un sistema immunitario forte. \u00c8 fondamentale costruire e mantenere un sistema immunitario forte. Quando necessario, Moducare aiuta a regolare la risposta del sistema immunitario.<\/p>\n<h2><strong>Alimentazione per il gatto con FIP<\/strong><\/h2>\n<p>Somministrare ai gatti FIP alcune sardine, salmone, sardine o altri pesci ricchi di omega 3 Aumentare l&#8217;apporto di acidi grassi antinfiammatori omega 3 nella dieta del gatto. Il vero pesce \u00e8 disponibile nelle conserve di Applaws e Almo Nature. Tuttavia, \u00e8 bene tenere presente il potenziale di ipervitaminosi A (eccessiva deposizione di ossa a livello delle articolazioni) e riesaminare la situazione dopo 6 settimane se si somministra troppo pesce genuino.<\/p>\n<p>Ricordate di fornire al tutore del gatto le istruzioni su come cambiare gradualmente il cibo nell&#8217;arco di settimane; altrimenti il gatto si ingozzer\u00e0 del nuovo cibo per qualche giorno prima di stufarsi e non toccarlo pi\u00f9! Dare un nuovo alimento per un pasto, tornare alla dieta abituale del gatto per i pasti successivi, quindi offrire ancora una volta una piccola quantit\u00e0 del nuovo alimento e cos\u00ec via, aumentando gradualmente la frequenza dei nuovi alimenti, fino a quando servire un alimento diverso a ogni pasto diventa una routine per il gatto. Ci vorr\u00e0 almeno un mese per introdurre efficacemente i nuovi pasti.<\/p>\n<p>La dieta cruda, come il manzo crudo, \u00e8 anche ricca di sostanze nutritive di cui il gatto ha bisogno. Fornite carne cruda (il manzo \u00e8 il migliore) a ogni pasto. Contiene molte propriet\u00e0 antinfiammatorie e rafforza il sistema immunitario del gatto.<\/p>\n<h2><strong>VITAMINE extra che possono essere somministrate al gatto con FIP<\/strong><\/h2>\n<p><strong>Vitamina A (facoltativa)  <\/strong><\/p>\n<p>La vitamina A \u00e8 un antiossidante. L&#8217;integrazione di vitamina A non \u00e8 necessaria per i gatti che ricevono spesso pasti a base di pesce. Il betacarotene non pu\u00f2 essere metabolizzato dai gatti, per cui \u00e8 necessario somministrare loro la vitamina A sotto forma di pesce o olio di pesce, come l&#8217;olio di fegato di ippoglosso. \u00c8 preferibile includere nella dieta pesce vero e proprio piuttosto che semplici integratori. L&#8217;ipervitaminosi A, tuttavia, provoca un&#8217;eccessiva distensione delle ossa a livello delle articolazioni; evitate quindi di utilizzarla in modo costante per pi\u00f9 di 4-6 settimane.<\/p>\n<p><strong>Complesso vitaminico B (facoltativo)  <\/strong><\/p>\n<p>La multivitamina B \u00e8 un buon stimolante dell&#8217;appetito, disponibile in farmacia o nei negozi di alimenti naturali. Tiamina, vitamina B1 (facoltativa &#8211; se non si somministra il complesso B) somministrata per via orale (cio\u00e8 per bocca o nel cibo).<\/p>\n<p><strong>Vitamina C (acido ascorbico) (facoltativo)  <\/strong><\/p>\n<p>La vitamina C \u00e8 un antiossidante. La vitamina C deve essere utilizzata solo per poche settimane perch\u00e9, se assunta per un periodo prolungato, pu\u00f2 provocare la formazione di cristalli di ossalato nelle urine. Dose: 125 milligrammi somministrati per via orale o attraverso il cibo due volte al giorno.<\/p>\n<p>Tenendo presente tutto ci\u00f2, i proprietari di gatti dovrebbero essere pi\u00f9 aperti all&#8217;idea di somministrare integratori ai loro gatti per aiutarli nel processo di trattamento della FIP, in quanto questi diversi integratori possono aiutare la salute dei loro gatti. Tuttavia, \u00e8 bene tenere presente che non tutti gli integratori sono totalmente privi di rischi, in quanto possono avere risultati diversi a seconda del dosaggio dell&#8217;integratore e del fisico del singolo gatto.<\/p>\n","protected":false},"excerpt":{"rendered":"<p>Si raccomanda di somministrare al gatto vitamine e integratori per mantenere sani e forti i reni e il fegato durante il trattamento della FIP. Organi interni sani aumentano la capacit\u00e0 dell&#8217;organismo di resistere alle infezioni e di riprendersi dalle malattie. Attualmente non sono noti effetti collaterali negativi quando vitamine e integratori vengono somministrati insieme a [&hellip;]<\/p>\n","protected":false},"author":11,"featured_media":2299,"parent":0,"menu_order":0,"comment_status":"closed","ping_status":"closed","template":"","meta":{"_glsr_average":0,"_glsr_ranking":0,"_glsr_reviews":0,"footnotes":""},"categories":[650],"tags":[447,472],"_links":{"self":[{"href":"https:\/\/fipmed.co\/it\/wp-json\/wp\/v2\/pages\/15292"}],"collection":[{"href":"https:\/\/fipmed.co\/it\/wp-json\/wp\/v2\/pages"}],"about":[{"href":"https:\/\/fipmed.co\/it\/wp-json\/wp\/v2\/types\/page"}],"author":[{"embeddable":true,"href":"https:\/\/fipmed.co\/it\/wp-json\/wp\/v2\/users\/11"}],"replies":[{"embeddable":true,"href":"https:\/\/fipmed.co\/it\/wp-json\/wp\/v2\/comments?post=15292"}],"version-history":[{"count":0,"href":"https:\/\/fipmed.co\/it\/wp-json\/wp\/v2\/pages\/15292\/revisions"}],"wp:featuredmedia":[{"embeddable":true,"href":"https:\/\/fipmed.co\/it\/wp-json\/wp\/v2\/media\/2299"}],"wp:attachment":[{"href":"https:\/\/fipmed.co\/it\/wp-json\/wp\/v2\/media?parent=15292"}],"wp:term":[{"taxonomy":"category","embeddable":true,"href":"https:\/\/fipmed.co\/it\/wp-json\/wp\/v2\/categories?post=15292"},{"taxonomy":"post_tag","embeddable":true,"href":"https:\/\/fipmed.co\/it\/wp-json\/wp\/v2\/tags?post=15292"}],"curies":[{"name":"wp","href":"https:\/\/api.w.org\/{rel}","templated":true}]}}