{"id":17088,"date":"2024-03-25T06:01:34","date_gmt":"2024-03-25T06:01:34","guid":{"rendered":"https:\/\/fipmed.co\/8-malattie-simili-alla-fip-che-potrebbero-essere-scambiate-come-feline-infettive-peritonite-fip\/"},"modified":"2024-04-27T05:38:28","modified_gmt":"2024-04-27T05:38:28","slug":"8-malattie-simili-alla-fip-che-potrebbero-essere-scambiate-per-fip-malattia-gatti","status":"publish","type":"page","link":"https:\/\/fipmed.co\/it\/8-malattie-simili-alla-fip-che-potrebbero-essere-scambiate-per-fip-malattia-gatti\/","title":{"rendered":"8 Malattie simili alla FIP che potrebbero essere scambiate per FIP Malattia Gatti"},"content":{"rendered":"<p><strong>La FIP malattia gatti presenta sintomi molto simili a quelli di molte malattie<\/strong><\/p>\n<p>La diagnosi di peritonite infettiva felina (FIP) pu\u00f2 essere molto impegnativa, poich\u00e9 molti dei suoi sintomi sono condivisi con malattie simili alla FIP che potrebbero essere scambiate per peritonite infettiva felina. Questo comprende perdita di peso, debolezza, letargia, febbre, anoressia e lesioni oculari.<\/p>\n<p>Poich\u00e9 queste condizioni sono di natura cos\u00ec simile, \u00e8 importante consultare un veterinario per una diagnosi corretta. Inoltre, il Coronavirus felino (FCoV), che \u00e8 stato collegato alla FIP, \u00e8 generalmente presente nei gatti, anche in quelli sani.<\/p>\n<p>Un&#8217;altra sfida diagnostica \u00e8 rappresentata dagli effetti sistemici del virus. Pu\u00f2 provocare infiammazioni in tutto il corpo e colpire pi\u00f9 organi. Il virus colpisce varie parti del sistema immunitario del gatto, tra cui il tessuto linfatico, i vasi sanguigni e le cellule di diversi organi. Questo porta a un&#8217;infiammazione sistemica che colpisce numerose aree del corpo.<\/p>\n<p>Questo coinvolgimento multiorgano pu\u00f2 causare molti segni e sintomi, come l&#8217;ingrossamento dei linfonodi o dell&#8217;addome, la perdita di appetito, la riduzione del livello di attivit\u00e0 o la febbre, rendendo estremamente difficile una diagnosi accurata.<\/p>\n<p>Una diagnosi sbagliata pu\u00f2 portare a un trattamento errato che causa ulteriori complicazioni per la salute. In alcuni casi, i gatti possono anche non mostrare alcun segno clinico prima di entrare negli stadi pi\u00f9 avanzati della FIP, quindi l&#8217;esame fisico di routine non \u00e8 sufficiente per l&#8217;identificazione durante gli stadi iniziali.<\/p>\n<p>&nbsp;<\/p>\n<p><strong>Il virus FCoV \u00e8 presente in quasi tutti i gatti.<\/strong><\/p>\n<p>Il Coronavirus felino (FCoV) \u00e8 un virus comune nei gatti di tutto il mondo, anche se pu\u00f2 manifestarsi a ritmi diversi a seconda dell&#8217;ambiente. Si stima che fino all&#8217;80% dei gatti sia stato esposto all&#8217;FCoV e possa essere portatore del virus senza manifestare alcun segno o sintomo clinico.<\/p>\n<p>Tuttavia, se presente in gran numero, pu\u00f2 causare infezioni come la FIP. Per questo motivo gli esperti concordano sull&#8217;importanza di un attento monitoraggio e tracciamento di questo virus per i proprietari di gatti multipli, in particolare quelli di gattili o rifugi, dove il tasso di trasmissione della malattia pu\u00f2 diventare rapidamente elevato.<\/p>\n<p>Inoltre, anche i gatti selvatici sono portatori di FCoV, il che suggerisce che la sua diffusione globale sia dovuta a un contatto diretto tra le specie o a un contagio ambientale da feci o particelle di polvere infetta tracciate da uccelli e piccoli mammiferi che abitano territori simili.<\/p>\n<p>&nbsp;<\/p>\n<p><strong>Anche le comorbilit\u00e0 con la FIP malattia gatti sono molto comuni.<\/strong><\/p>\n<p>Le comuni comorbilit\u00e0 della FIP malattia gatti includono Toxoplasmosi, FELV, FIV, FPV, malattie infiammatorie intestinali, cancro, infezione da micoplasma emotrofico felino, linfoma, problemi cardiaci e infiammazione epatica.<\/p>\n<p>Poich\u00e9 la FIP pu\u00f2 essere associata ad altre malattie infettive, ci\u00f2 complica ulteriormente la possibilit\u00e0 di giungere a una diagnosi accurata.<\/p>\n<p>Ecco le malattie che presentano sintomi simili alla FIP e che spesso vengono scambiate per tale.<\/p>\n<h3><\/h3>\n<h3>Malattia simile alla FIP Mallatia Gatti<\/h3>\n<h3><\/h3>\n<h3>Toxoplasmosi<\/h3>\n<p>La toxoplasmosi \u00e8 causata dal parassita Toxoplasma gondii, che pu\u00f2 infettare sia gli esseri umani che i gatti. Questo virus \u00e8 altrettanto comune del FCoV nei gatti. Questa malattia pu\u00f2 causare sintomi generali come febbre, perdita di appetito e letargia, che si manifestano anche nella FIP. I gatti possono anche presentare manifestazioni neurologiche simili alla FIP malattia gatti.<\/p>\n<p>La toxoplasmosi viene spesso diagnosticata erroneamente come FIP a causa della somiglianza dei sintomi. La riattivazione del toxoplasma latente nei gatti pu\u00f2 complicare ulteriormente la diagnosi.<\/p>\n<h3><\/h3>\n<h3>FELV<\/h3>\n<p>Il virus della leucemia felina \u00e8 un retrovirus che pu\u00f2 portare all&#8217;immunosoppressione nei gatti, mentre la FIP \u00e8 una malattia immunomediata causata da una forma mutante del Coronavirus felino. La FeLV pu\u00f2 predisporre i gatti a molte altre malattie, tra cui la FIP.<\/p>\n<p>Per entrambe le malattie, i virus vengono diffusi nella saliva, nelle secrezioni nasali, nell&#8217;urina, nelle feci e nel latte dei gatti infetti. Il trasferimento del virus da gatto a gatto pu\u00f2 avvenire da una ferita da morso, durante la toelettatura reciproca e attraverso l&#8217;uso condiviso di lettiere e piatti per l&#8217;alimentazione.<\/p>\n<p>I gatti affetti da FeLV possono vivere una vita normale per periodi prolungati. Il tempo di sopravvivenza mediano per i gatti dopo la diagnosi di FeLV \u00e8 di 2,5 anni, mentre la FIP progredisce molto pi\u00f9 rapidamente senza trattamento.<\/p>\n<h3><\/h3>\n<h3>FIV<\/h3>\n<p>La FIV \u00e8 causata dal virus dell&#8217;immunodeficienza felina, che colpisce il sistema immunitario del gatto. \u00c8 simile all&#8217;HIV umano per molti aspetti.<\/p>\n<p>La FIV li rende pi\u00f9 suscettibili ad altre infezioni e si trasmette principalmente attraverso i morsi e il contatto ravvicinato con gatti infetti. Entrambe le malattie colpiscono il gatto a livello sistemico. La FIV compromette il sistema immunitario dei gatti, mentre la FIP attacca il corpo attraverso l&#8217;infiammazione.<\/p>\n<p>Entrambe le malattie sono anche contagiose. Mentre la FIV non \u00e8 curabile, la FIP pu\u00f2 essere curata con GS441524.<\/p>\n<h3><\/h3>\n<h3>FPV<\/h3>\n<p>Il virus della panleucopenia felina (FPV) e la peritonite infettiva felina (FIP) sono entrambe malattie virali che possono colpire i gatti. Pertanto, anche le loro presentazioni cliniche possono essere simili.<\/p>\n<p>I sintomi associati a un&#8217;infezione da FPV possono includere febbre, letargia, vomito o diarrea, come nel caso della FIP malattia gatti. Tuttavia, la modalit\u00e0 di trasmissione di ciascun virus \u00e8 diversa.<\/p>\n<p>L&#8217;FPV pu\u00f2 essere trasmesso solo attraverso il contatto con le feci contaminate, mentre le infezioni legate alla FIP sembrano richiedere il contatto diretto tra gatti o il trasferimento indiretto attraverso le lettiere o i piatti del cibo.<\/p>\n<h3><\/h3>\n<h3>Malattie infiammatorie intestinali<\/h3>\n<p>La malattia infiammatoria intestinale (IBD) e la FIP sono entrambe patologie feline gravi che possono avere sintomi simili ma differiscono in termini di cause, diagnosi e trattamento.<\/p>\n<p>L&#8217;IBD \u00e8 una malattia cronica con infiammazione del tratto digestivo causata da un processo immunomediato. Provoca malassorbimento, vomito, diarrea e perdita di peso a causa del danneggiamento o dell&#8217;irritazione del rivestimento dell&#8217;intestino tenue.<\/p>\n<p>La FIP, invece, \u00e8 causata dall&#8217;infezione di alcuni ceppi di coronavirus felino, come il FeCV. La FIP malattia gatti causa anche problemi digestivi lungo l&#8217;area intestinale, producendo quindi sintomi simili a quelli dell&#8217;IBD.<\/p>\n<h3><\/h3>\n<h3>Cancro<\/h3>\n<p>Il cancro nei gatti \u00e8 causato dalla crescita incontrollata di cellule anomale, a differenza della FIP che \u00e8 causata da una mutazione del coronavirus felino. I sintomi del cancro possono variare da un tipo all&#8217;altro e possono causare noduli, lesioni o scariche visibili; mentre la FIP colpisce pi\u00f9 parti a causa dell&#8217;infiammazione in tutto il corpo, causando anoressia, febbre, problemi respiratori e accumulo di liquidi in alcuni casi.<\/p>\n<h3><\/h3>\n<h3>Micoplasmosi emotrofica felina<\/h3>\n<p>La micoplasmosi emotrofica felina (FHM) e la FIP sono due malattie che colpiscono i gatti in condizioni simili. Entrambi possono causare infiammazioni nell&#8217;organismo, con conseguente debolezza, perdita di peso, febbre, ittero, disidratazione e malessere generale.<\/p>\n<p>Tuttavia, la FIP \u00e8 causata da un&#8217;infezione da coronavirus felino nota come FCoV, mentre la FHM deriva da un batterio infettivo noto come micoplasma che risiede naturalmente nella gola di molti gatti.<\/p>\n<h3><\/h3>\n<h3>Linfoma<\/h3>\n<p>Il linfoma e la FIP sono due malattie comunemente riscontrate nei gatti, che possono apparire molto simili in termini di sintomi: entrambe causano l&#8217;infiammazione di pi\u00f9 parti del corpo.<\/p>\n<p>Il linfoma \u00e8 un tipo di cancro che nasce dal sistema linfatico e che \u00e8 causato da una mutazione maligna, mentre la FIP \u00e8 una malattia immunologica associata al virus Corona che provoca una perdita della membrana peritoneale.<\/p>\n<p>I trattamenti variano molto a seconda che si tratti di linfoma o di FIP malattia gatti.<\/p>\n<h3><\/h3>\n<h3>Problemi cardiaci<\/h3>\n<p>Quando si tratta di gatti, la salute del cuore non deve essere ignorata, poich\u00e9 questi animali possono soffrire di diversi problemi cardiovascolari. Poich\u00e9 la FIP causa tipicamente un&#8217;infiammazione sistemica nell&#8217;organismo, pu\u00f2 influire indirettamente sul cuore, come fanno altre patologie cardiache, come la cardiomiopatia ipertrofica o l&#8217;insufficienza cardiaca congestizia.<\/p>\n<p>\u00c8 importante riconoscere che, sebbene entrambe le malattie presentino alcuni sintomi comuni &#8211; tra cui perdita di appetito, perdita di peso e febbre &#8211; il loro funzionamento \u00e8 abbastanza diverso da richiedere esami diagnostici differenti per garantire una diagnosi definitiva di una delle due patologie.<\/p>\n<p>Quando si tratta di un potenziale problema cardiaco, possono essere necessari anche altri esami, come radiografie ed elettrocardiogrammi.<\/p>\n<h3><\/h3>\n<h3>Infiammazione del fegato<\/h3>\n<p>L&#8217;infiammazione del fegato \u00e8 un meccanismo di difesa naturale dell&#8217;organismo contro malattie e virus che possono portare a complicazioni a lungo termine.<\/p>\n<p>\u00c8 importante che i proprietari dei gatti siano consapevoli dell&#8217;infiammazione epatica rispetto alla FIP, poich\u00e9 spesso si presentano con sintomi simili, tra cui scarso appetito, letargia, ittero e diminuzione dei livelli di energia.<\/p>\n<p>La FIP provoca anche l&#8217;infiammazione del fegato, oltre a causare problemi epatici. \u00c8 troppo facile pensare che sia solo un problema di fegato, quando non \u00e8 cos\u00ec.<\/p>\n<h3><\/h3>\n<h3>Peritonite batterica<\/h3>\n<p>Come la FIP, la peritonite batterica \u00e8 una condizione grave e potenzialmente letale nei gatti. Si tratta di un&#8217;infiammazione del rivestimento dell&#8217;addome causata da batteri, con sintomi che possono essere molto simili a quelli della FIP, a seconda del grado di avanzamento della malattia.<\/p>\n<p>La peritonite batterica \u00e8 pi\u00f9 comunemente causata da batteri intestinali come l&#8217;E. coli o la salmonella che entrano nell&#8217;intestino o nel flusso sanguigno a causa di tumori, malattie del fegato, danni agli strati protettivi dell&#8217;organismo come quelli dovuti a traumi (ad esempio incidenti automobilistici), parassiti, problemi dietetici come allergie o intolleranze alimentari e altre infezioni da virus (tra cui il virus dell&#8217;immunodeficienza felina) che possono aver precedentemente indebolito il sistema immunitario dei gatti.<\/p>\n<h3><\/h3>\n<h3>Pleurite batterica<\/h3>\n<p>La pleurite batterica \u00e8 un&#8217;infezione della pleura, un sottile strato di tessuto che forma una sacca attorno a ciascun polmone. Pu\u00f2 produrre sintomi simili alla FIP. Entrambe le malattie causano tosse, difficolt\u00e0 respiratorie o addirittura collasso se non trattate.<\/p>\n<p>Tuttavia, mentre la FIP generalmente porta all&#8217;infiammazione di pi\u00f9 organi contemporaneamente, la pleurite batterica colpisce specificamente le basse vie respiratorie e pu\u00f2 essere complessivamente molto localizzata, sebbene richieda un trattamento tempestivo a causa della sua natura aggressiva.<\/p>\n<p>La diagnosi di questa infezione prevede solitamente la raccolta di un campione di fluido dal punto in cui i polmoni si incontrano con le cavit\u00e0 del corpo o l&#8217;esame di campioni di tessuto prelevati durante un intervento chirurgico.<\/p>\n<p>Il trattamento della pleurite batterica consiste spesso in antibiotici somministrati per via endovenosa, se possibile, nonch\u00e9 nell&#8217;ossigenoterapia supplementare e in altri trattamenti di supporto a seconda della gravit\u00e0 del paziente.<\/p>\n<h3><\/h3>\n<h3>Criptococcosi<\/h3>\n<p>La criptococcosi, o malattia criptococcica, \u00e8 un&#8217;infezione fungina causata dalla specie di fungo Cryptococcus neoformans, che si trova nel terreno e negli escrementi degli uccelli. I sintomi di entrambe le malattie sono abbastanza simili, tra cui perdita di peso, febbre, anoressia e letargia.<\/p>\n<p>Con la criptococcosi possono comparire anche segni di problemi neurologici, come inclinazione della testa e atassia.<\/p>\n","protected":false},"excerpt":{"rendered":"<p>La FIP malattia gatti presenta sintomi molto simili a quelli di molte malattie La diagnosi di peritonite infettiva felina (FIP) pu\u00f2 essere molto impegnativa, poich\u00e9 molti dei suoi sintomi sono condivisi con malattie simili alla FIP che potrebbero essere scambiate per peritonite infettiva felina. Questo comprende perdita di peso, debolezza, letargia, febbre, anoressia e lesioni [&hellip;]<\/p>\n","protected":false},"author":1,"featured_media":16808,"parent":0,"menu_order":0,"comment_status":"closed","ping_status":"closed","template":"","meta":{"_glsr_average":0,"_glsr_ranking":0,"_glsr_reviews":0,"footnotes":""},"categories":[678],"tags":[],"_links":{"self":[{"href":"https:\/\/fipmed.co\/it\/wp-json\/wp\/v2\/pages\/17088"}],"collection":[{"href":"https:\/\/fipmed.co\/it\/wp-json\/wp\/v2\/pages"}],"about":[{"href":"https:\/\/fipmed.co\/it\/wp-json\/wp\/v2\/types\/page"}],"author":[{"embeddable":true,"href":"https:\/\/fipmed.co\/it\/wp-json\/wp\/v2\/users\/1"}],"replies":[{"embeddable":true,"href":"https:\/\/fipmed.co\/it\/wp-json\/wp\/v2\/comments?post=17088"}],"version-history":[{"count":0,"href":"https:\/\/fipmed.co\/it\/wp-json\/wp\/v2\/pages\/17088\/revisions"}],"wp:featuredmedia":[{"embeddable":true,"href":"https:\/\/fipmed.co\/it\/wp-json\/wp\/v2\/media\/16808"}],"wp:attachment":[{"href":"https:\/\/fipmed.co\/it\/wp-json\/wp\/v2\/media?parent=17088"}],"wp:term":[{"taxonomy":"category","embeddable":true,"href":"https:\/\/fipmed.co\/it\/wp-json\/wp\/v2\/categories?post=17088"},{"taxonomy":"post_tag","embeddable":true,"href":"https:\/\/fipmed.co\/it\/wp-json\/wp\/v2\/tags?post=17088"}],"curies":[{"name":"wp","href":"https:\/\/api.w.org\/{rel}","templated":true}]}}