{"id":17111,"date":"2024-03-25T07:19:57","date_gmt":"2024-03-25T07:19:57","guid":{"rendered":"https:\/\/fipmed.co\/fip-nei-gatti-sintomi-basati-sui-tipi-di-fip\/"},"modified":"2024-04-27T06:26:44","modified_gmt":"2024-04-27T06:26:44","slug":"sintomi-fip-gatto-in-base-ai-tipi-di-fip","status":"publish","type":"page","link":"https:\/\/fipmed.co\/it\/sintomi-fip-gatto-in-base-ai-tipi-di-fip\/","title":{"rendered":"Sintomi FIP gatto in base ai tipi di FIP"},"content":{"rendered":"<p>\u00c8 opportuno esaminare i sintomi FIP gatto in base ai tipi di FIP. Sono inclusi per una diagnosi pi\u00f9 accurata. Conoscere il tipo di FIP pu\u00f2 aiutare a prevedere la gravit\u00e0 e le diverse forme di FIP che potrebbero manifestarsi, in modo da non perdere alcun sintomo.<\/p>\n<p>&nbsp;<\/p>\n<h1><strong>Segni clinici della FIP secca non effusiva<\/strong><\/h1>\n<p>I sintomi tipici di questa forma di FIP sono letargia, febbre, anoressia, perdita di peso e ittero.<\/p>\n<p>&nbsp;<\/p>\n<h2><strong>Letargia<\/strong><\/h2>\n<p>La letargia \u00e8 comunemente riportata come uno dei segni clinici associati alla peritonite infettiva felina. Pu\u00f2 comparire nei gatti in modo non effusivo, effusivo o oculare e pu\u00f2 essere un segnale di qualcosa di pi\u00f9 grave.<\/p>\n<p>Molti gatti manifestano questo sintomo di apatia prima che si manifestino altri sintomi, il che spiega perch\u00e9 \u00e8 importante osservare la letargia il prima possibile, prima che si sviluppino altri stadi avanzati.<\/p>\n<p>Un sintomo che si manifesta nella maggior parte dei casi \u00e8 l&#8217;eccessiva stanchezza o svogliatezza, che pu\u00f2 comportare il rimanere fermi per lunghi periodi o un comportamento di sonno prolungato al di fuori delle abitudini abituali.<\/p>\n<p>Questa mancanza di energia nelle attivit\u00e0 del gatto pu\u00f2 portare alla perdita di peso, nonostante l&#8217;aumento dell&#8217;appetito dovuto al suo stato di debolezza, limitando ulteriormente i suoi livelli di attivit\u00e0 e portando a un maggiore affaticamento nel tempo.<\/p>\n<p>Un altro indicatore comune della FIP sono i cambiamenti comportamentali, come il diventare antisociali evitando completamente le persone (anche se in precedenza erano state amichevoli).<\/p>\n<p>&nbsp;<\/p>\n<h2><strong>Febbre<\/strong><\/h2>\n<p>La febbre \u00e8 un segno clinico comune associato alla FIP, ma \u00e8 aspecifica e pu\u00f2 essere presente in gatti affetti da varie malattie. \u00c8 importante ricordare che la febbre pu\u00f2 essere l&#8217;unico segno clinico esibito dai gatti con FIP secca non effusiva, il che la rende un sintomo importante da considerare per i veterinari quando valutano i gatti per questa malattia.<\/p>\n<p>Una volta che un gatto sviluppa la febbre causata dalla FIP, la malattia progredisce rapidamente ed \u00e8 quasi sempre fatale. La diagnosi di FIP pu\u00f2 essere difficile anche a causa dei suoi sintomi vaghi, poich\u00e9 molte altre malattie hanno manifestazioni simili, tra cui infezioni respiratorie e disturbi infiammatori.<\/p>\n<p>&nbsp;<\/p>\n<h2><strong>Anoressia<\/strong><\/h2>\n<p>L&#8217;anoressia \u00e8 comunemente riconosciuta come uno dei segni aspecifici e non localizzabili della FIP osservati nei gatti. L&#8217;anoressia si riferisce alla mancanza o alla perdita di appetito, che pu\u00f2 derivare da una diminuzione della voglia di mangiare dovuta a dolore, malattia o lesione.<\/p>\n<p>I gatti affetti da FIP soffrono di scarso appetito e sviluppano anemia a causa delle conseguenti carenze di nutrienti che influiscono sulla loro salute generale e ostacolano il normale funzionamento. Sintomi come svogliatezza, letargia, perdita di peso e febbre sono spesso accompagnati da anoressia nei gatti colpiti da virus potenzialmente letali come la FIP.<\/p>\n<p>&nbsp;<\/p>\n<h2><strong>Perdita di peso<\/strong><\/h2>\n<p>La perdita di peso \u00e8 un segno clinico comune della FIP, soprattutto nei casi di FIP secca. I sintomi associati alla perdita di peso possono variare a seconda della gravit\u00e0 della malattia. I primi segni possono essere rappresentati da una diminuzione dell&#8217;assunzione di cibo e da un tasso di crescita pi\u00f9 lento del normale, mentre gli stadi pi\u00f9 avanzati possono includere una significativa diminuzione della massa corporea in un breve lasso di tempo, nonch\u00e9 una riduzione dei livelli di energia e un deperimento muscolare.<\/p>\n<p>La presenza di una perdita di peso inspiegabile o rapida non deve essere ignorata quando si tratta di gatti che mostrano segni compatibili con la FIP. Se il vostro gatto appare pi\u00f9 magro del solito senza una spiegazione o sembra perdere una quantit\u00e0 eccessiva di pelo senza una ragione precisa, \u00e8 importante che vi rivolgiate immediatamente a un veterinario professionista.<\/p>\n<p>&nbsp;<\/p>\n<h2><strong>Ittero<\/strong><\/h2>\n<p>L&#8217;ittero \u00e8 un segno osservato nei gatti con FIP, tipicamente insieme ad altri segni di insufficienza epatica o epatomegalia (fegato ingrossato) come letargia e perdita di peso. All&#8217;esame fisico, la pelle del gatto pu\u00f2 presentare un colore giallastro, visibile soprattutto sulla pancia e sugli occhi.<\/p>\n<p>In alcuni casi, l&#8217;ittero pu\u00f2 coprire tutto il corpo del gatto. L&#8217;ittero deriva da un aumento dei livelli di bilirubina (molecole pigmentate rilasciate in circolo dai globuli rossi che si sono rotti), con conseguente accumulo.<\/p>\n<p>Indica un&#8217;interruzione in qualche punto dell&#8217;albero biliare, che comprende la cistifellea e le strutture collegate tra il fegato e l&#8217;intestino tenue necessarie per la digestione.<\/p>\n<p>&nbsp;<\/p>\n<h1><strong>Segni clinici della FIP umida effusiva<\/strong><\/h1>\n<p>Il gonfiore toracico, addominale e scrotale \u00e8 uno dei segni associati alla FIP umida effusiva.<\/p>\n<p>&nbsp;<\/p>\n<h2><strong>Gonfiore toracico<\/strong><\/h2>\n<p>Il gonfiore toracico \u00e8 un segno clinico associato alla FIP effusiva umida, in cui si verifica un accumulo di liquido nel torace. Ci\u00f2 pu\u00f2 comportare difficolt\u00e0 respiratorie e influire sul normale funzionamento di organi quali la frequenza cardiaca, la regolazione della temperatura e lo scambio di gas.<\/p>\n<p>Pertanto, questo \u00e8 uno dei versamenti che si consiglia di drenare, se possibile.<\/p>\n<p>Il gonfiore toracico \u00e8 indice di uno stadio avanzato della FIP e si manifesta comunemente con un aumento della frequenza respiratoria o con rumori di gorgoglio quando il gatto respira. Se il gonfiore toracico si protrae per lunghi periodi di tempo, pu\u00f2 provocare un aumento della pressione sugli organi interni, causandone la malnutrizione a causa della diminuzione del flusso sanguigno e dell&#8217;apporto di ossigeno.<\/p>\n<p>Inoltre, se non trattato, il gonfiore toracico persistente pu\u00f2 causare danni permanenti agli organi vitali, portando infine alla morte se non viene controllato per un periodo di tempo prolungato.<\/p>\n<p>&nbsp;<\/p>\n<h2><strong>Gonfiore addominale<\/strong><\/h2>\n<p>Anche il gonfiore addominale \u00e8 un segno clinico associato alla FIP effusiva. Questa forma di FIP \u00e8 caratterizzata dallo sviluppo di liquido nell&#8217;addome, noto anche come versamento addominale.<\/p>\n<p>L&#8217;apparato gastrointestinale e i suoi organi vengono circondati da questo liquido extra e anomalo. La radiografia, l&#8217;ecografia e l&#8217;addominocentesi sono procedure diagnostiche utilizzate per accertare la presenza di un versamento addominale nei gatti con sospetta FIP.<\/p>\n<p>Inoltre, l&#8217;analisi dei fluidi pu\u00f2 fornire risultati altamente indicativi per diagnosticare accuratamente il versamento addominale causato dalla FIP.<\/p>\n<p>Il gonfiore addominale \u00e8 meno minaccioso per il gatto, anche se pu\u00f2 creare disagio. Se si sceglie di drenare questo versamento, si deve scegliere di drenare non pi\u00f9 del 30% del liquido.<\/p>\n<p>&nbsp;<\/p>\n<h2><strong>Gonfiore scrotale<\/strong><\/h2>\n<p>Il gonfiore scrotale nei gatti maschi pu\u00f2 essere identificato dai proprietari quando si verifica un cambiamento inspiegabile delle dimensioni dello scroto, in particolare se si verifica rapidamente o se \u00e8 accompagnato da altri segni come letargia e febbre.<\/p>\n<p>Questa forma di FIP colpisce pi\u00f9 comunemente i gatti giovani e ha un esordio rapido con sintomi quali accumulo di liquidi addominali, ingrossamento toracico, perdita di peso, ittero e febbre alta persistente.<\/p>\n<p>Il gonfiore scrotale \u00e8 uno dei principali sintomi clinici che i veterinari utilizzano per identificare precocemente questa condizione, di solito prima che compaiano altri segni.<\/p>\n<p>&nbsp;<\/p>\n<h1><strong>Segni clinici della FIP oculare<\/strong><\/h1>\n<p>Tenete d&#8217;occhio i sintomi FIP gatto, come lo scolorimento dell&#8217;iride, la perdita della vista, l&#8217;ispessimento della cornea e l&#8217;ipopione.<\/p>\n<p>&nbsp;<\/p>\n<h2><strong>Decolorazione dell&#8217;iride<\/strong><\/h2>\n<p>La colorazione dell&#8217;iride \u00e8 un segno clinico che pu\u00f2 essere considerato indicativo della forma oculare della FIP. In genere si manifesta con un cambiamento del colore dell&#8217;iride, un anormale annebbiamento dell&#8217;occhio o un aspetto flocculante (puntini bianchi) all&#8217;interno dell&#8217;area pupillare a causa dell&#8217;infiammazione dovuta a un&#8217;infezione causata dal virus della FIP.<\/p>\n<p>Anche l&#8217;ispessimento corneale e l&#8217;ipopione possono accompagnare questo segno che di solito, se non trattato, pu\u00f2 portare alla perdita permanente della vista. L&#8217;individuazione e la diagnosi precoce di questa condizione \u00e8 importante per iniziare un trattamento tempestivo con agenti antiprotozoari come il cloramfenicolo e il tiamfenicolo per ridurre gli ulteriori rischi associati.<\/p>\n<p>&nbsp;<\/p>\n<h2><strong>Perdita della vista<\/strong><\/h2>\n<p>La perdita della vista \u00e8 uno dei segni pi\u00f9 evidenti del fatto che il gatto potrebbe essere affetto da FIP oculare. \u00c8 un sintomo avanzato e pu\u00f2 indicare che una forma pi\u00f9 grave del virus \u00e8 gi\u00e0 attiva nel vostro animale domestico.<\/p>\n<p>L&#8217;uveite anteriore piogranulomatosa (infiammazione) \u00e8 una di queste manifestazioni che presenta segni come l&#8217;Handlight Sign (dispersione giallastra quando gli occhi sono esposti a un fascio di luce focalizzato come la luce di una torcia).<\/p>\n<p>Questa sindrome \u00e8 correlata a una significativa riduzione della vista e a insufficienti strutture cistiche di afflusso\/deflusso e lesioni nell&#8217;iride che, se non trattate nel tempo, causano la distruzione anche della cavit\u00e0 orbitale.<\/p>\n<p>&nbsp;<\/p>\n<h2><strong>Ispessimento corneale<\/strong><\/h2>\n<p>Questa condizione si verifica quando la parte esterna dell&#8217;occhio, nota come cornea, diventa pi\u00f9 spessa del normale a causa di un&#8217;infiammazione.<\/p>\n<p>Nei gatti, questo problema pu\u00f2 essere causato da un virus o da un batterio e possono passare settimane prima che i suoi effetti diventino evidenti. Di solito, questo sintomo \u00e8 pi\u00f9 facile da identificare se sono presenti contemporaneamente altri segni come annebbiamento della vista o dolore.<\/p>\n<p>Un gatto affetto da ispessimento corneale pu\u00f2 manifestare difficolt\u00e0 a vedere chiaramente ed eventualmente provare fastidio o dolore a causa della diminuzione della qualit\u00e0 della visione.<\/p>\n<p>&nbsp;<\/p>\n<h2><strong>Ipopione<\/strong><\/h2>\n<p>L&#8217;ipopione \u00e8 un termine medico utilizzato per descrivere un accumulo di globuli bianchi alla base della cornea, che spesso compare quando un&#8217;infiammazione o un&#8217;infezione colpisce l&#8217;occhio. \u00c8 pi\u00f9 comunemente associata all&#8217;uveite, un&#8217;infiammazione all&#8217;interno dell&#8217;occhio che si verifica come conseguenza della FIP nei gatti.<\/p>\n<p>L&#8217;ipopione \u00e8 causata dai leucociti (globuli bianchi) che entrano attraverso l&#8217;iride e si accumulano nella camera interna dell&#8217;occhio. Questo porta a osservazioni dirette dall&#8217;esame fisico, come l&#8217;annebbiamento visibile in una o pi\u00f9 parti del bulbo oculare o le alterazioni pupillari durante i test di esposizione alla luce eseguiti dai veterinari.<\/p>\n<p>&nbsp;<\/p>\n<h2><strong>Distacco della retina<\/strong><\/h2>\n<p>Si tratta di una condizione che si verifica quando la retina si stacca dal tessuto di supporto sottostante e dall&#8217;apporto di sangue. Pu\u00f2 essere causata da diverse condizioni mediche, come l&#8217;ipertensione arteriosa, una tiroide iperattiva o una malattia renale.<\/p>\n<p>Nei gatti con FIP, oltre all&#8217;emorragia retinica e al distacco, possono verificarsi alterazioni granulomatose.<\/p>\n<p>Il principale sintomo associato al distacco della retina \u00e8 la perdita della vista, che pu\u00f2 verificarsi improvvisamente o gradualmente, a seconda dell&#8217;entit\u00e0 del danno e della gravit\u00e0 dell&#8217;infezione.<\/p>\n<p>Altri segni sono la velatura o l&#8217;annebbiamento degli occhi, l&#8217;alterazione o la distorsione del campo visivo esistente e la difficolt\u00e0 di adattamento ad ambienti con luce intensa, compresa la cecit\u00e0 notturna.<\/p>\n<p>Alcuni gatti possono anche presentare floaters dovuti a perdite di liquido vitreo in qualsiasi parte della struttura oculare, che causano immagini distorte a causa dell&#8217;interferenza con le normali prestazioni della linea visiva.<\/p>\n<p>&nbsp;<\/p>\n<h1><strong>Sintomi FIP gatto neurologica<\/strong><\/h1>\n<p>Fate attenzione a segni come squilibrio, inclinazione della testa, convulsioni e cambiamenti comportamentali.<\/p>\n<p>&nbsp;<\/p>\n<h2><strong>Squilibrio<\/strong><\/h2>\n<p>Lo squilibrio \u00e8 un sintomo comune della FIP e spesso \u00e8 la prima indicazione che qualcosa non va. Nei gatti affetti da FIP, lo squilibrio pu\u00f2 manifestarsi come difficolt\u00e0 a camminare o perdita di coordinazione, a seconda della gravit\u00e0 della condizione.<\/p>\n<p>Quando si passa dalla posizione sdraiata a quella eretta, alcuni gatti possono ondeggiare avanti e indietro a causa dell&#8217;incapacit\u00e0 di recuperare rapidamente l&#8217;equilibrio. La causa di questo sintomo pu\u00f2 variare a seconda del tipo di FIP sviluppata dal gatto. Potrebbe essere dovuto a danni neurologici o all&#8217;accumulo di liquidi nell&#8217;addome o nella cavit\u00e0 toracica.<\/p>\n<p>Lo squilibrio nei gatti non deve essere preso alla leggera e deve essere affrontato con il veterinario, poich\u00e9 la diagnosi precoce migliora notevolmente la prognosi quando si tratta di trattare questa condizione. Il veterinario inizier\u00e0 con l&#8217;esecuzione di esami fisici, come l&#8217;esame della funzione motoria e dei riflessi, per valutare se la camminata del gatto appare coordinata.<\/p>\n<p>&nbsp;<\/p>\n<h2><strong>Inclinazione della testa<\/strong><\/h2>\n<p>L&#8217;inclinazione della testa \u00e8 un segno clinico importante della FIP neurologica, poich\u00e9 \u00e8 spesso indicativo di una sindrome vestibolare. La sindrome vestibolare si verifica quando la parte del cervello responsabile dell&#8217;equilibrio non funziona correttamente, causando squilibri e difficolt\u00e0 di coordinamento.<\/p>\n<p>Nei gatti, questo si manifesta con una marcata inclinazione della testa da un lato o dall&#8217;altro. Questo pu\u00f2 essere accompagnato da occhi che non sembrano muoversi normalmente. Uno dei due pu\u00f2 sfrecciare velocemente avanti e indietro mentre l&#8217;altro rimane fermo, oltre a movimenti di rotolamento causati dalla gravit\u00e0 che rendono difficile per il gatto rimanere in posizione eretta.<\/p>\n<p>&nbsp;<\/p>\n<h2><strong>Convulsioni<\/strong><\/h2>\n<p>Le crisi epilettiche possono essere un sintomi FIP gatto quando \u00e8 presente un coinvolgimento neurologico. Alcuni segni rivelatori del fatto che il gatto potrebbe avere una crisi epilettica dovuta alla FIP sono l&#8217;eliminazione inappropriata, comportamenti simili alla demenza, come il girare intorno o l&#8217;aggressivit\u00e0, la diminuzione della coordinazione e dell&#8217;equilibrio e strane vocalizzazioni o la perdita di coscienza.<\/p>\n<p>Ogni volta che il vostro gatto ha una crisi epilettica, dovete portarlo subito dal veterinario per un&#8217;ulteriore valutazione e diagnosi.<\/p>\n<p>&nbsp;<\/p>\n<h2><strong>Cambiamento di comportamento<\/strong><\/h2>\n<p>I cambiamenti di comportamento possono essere un indicatore precoce di FIP. Un sintomo comune che preoccupa i proprietari \u00e8 il cambiamento improvviso del comportamento del gatto. I gatti potrebbero nascondersi pi\u00f9 spesso del solito o mostrare aggressivit\u00e0 quando normalmente non lo farebbero.<\/p>\n","protected":false},"excerpt":{"rendered":"<p>\u00c8 opportuno esaminare i sintomi FIP gatto in base ai tipi di FIP. Sono inclusi per una diagnosi pi\u00f9 accurata. Conoscere il tipo di FIP pu\u00f2 aiutare a prevedere la gravit\u00e0 e le diverse forme di FIP che potrebbero manifestarsi, in modo da non perdere alcun sintomo. &nbsp; Segni clinici della FIP secca non effusiva [&hellip;]<\/p>\n","protected":false},"author":1,"featured_media":16848,"parent":0,"menu_order":0,"comment_status":"closed","ping_status":"closed","template":"","meta":{"_glsr_average":0,"_glsr_ranking":0,"_glsr_reviews":0,"footnotes":""},"categories":[678],"tags":[],"_links":{"self":[{"href":"https:\/\/fipmed.co\/it\/wp-json\/wp\/v2\/pages\/17111"}],"collection":[{"href":"https:\/\/fipmed.co\/it\/wp-json\/wp\/v2\/pages"}],"about":[{"href":"https:\/\/fipmed.co\/it\/wp-json\/wp\/v2\/types\/page"}],"author":[{"embeddable":true,"href":"https:\/\/fipmed.co\/it\/wp-json\/wp\/v2\/users\/1"}],"replies":[{"embeddable":true,"href":"https:\/\/fipmed.co\/it\/wp-json\/wp\/v2\/comments?post=17111"}],"version-history":[{"count":0,"href":"https:\/\/fipmed.co\/it\/wp-json\/wp\/v2\/pages\/17111\/revisions"}],"wp:featuredmedia":[{"embeddable":true,"href":"https:\/\/fipmed.co\/it\/wp-json\/wp\/v2\/media\/16848"}],"wp:attachment":[{"href":"https:\/\/fipmed.co\/it\/wp-json\/wp\/v2\/media?parent=17111"}],"wp:term":[{"taxonomy":"category","embeddable":true,"href":"https:\/\/fipmed.co\/it\/wp-json\/wp\/v2\/categories?post=17111"},{"taxonomy":"post_tag","embeddable":true,"href":"https:\/\/fipmed.co\/it\/wp-json\/wp\/v2\/tags?post=17111"}],"curies":[{"name":"wp","href":"https:\/\/api.w.org\/{rel}","templated":true}]}}