{"id":17123,"date":"2024-03-25T07:02:30","date_gmt":"2024-03-25T07:02:30","guid":{"rendered":"https:\/\/fipmed.co\/stadi-della-fip-e-sintomi-basati-sugli-stadi-della-fip\/"},"modified":"2024-04-27T06:39:25","modified_gmt":"2024-04-27T06:39:25","slug":"stadi-della-fip-gatti-e-sintomi-basati-sugli-stadi-della-fip","status":"publish","type":"page","link":"https:\/\/fipmed.co\/it\/stadi-della-fip-gatti-e-sintomi-basati-sugli-stadi-della-fip\/","title":{"rendered":"Stadi della FIP gatti e sintomi basati sugli stadi della FIP"},"content":{"rendered":"<p>L&#8217;infezione da questo virus comporta quattro fasi distinte della FIP gatti: esposizione iniziale e incubazione, viremia primaria, viremia secondaria e FIP clinica.<\/p>\n<p>&nbsp;<\/p>\n<h1><strong>Fase della FIP gatti: esposizione iniziale e incubazione<\/strong><\/h1>\n<p>Il coronavirus felino (FCoV) \u00e8 presente in molti ambienti, quindi \u00e8 molto probabile che i gatti siano esposti a un certo punto della loro vita. L&#8217;infezione iniziale \u00e8 solitamente benigna, ma purtroppo esiste il rischio che il virus muti e causi la FIP in alcuni gatti.<\/p>\n<p>Il periodo di incubazione di questa mutazione pu\u00f2 variare da poche settimane a diversi anni, ma i gatti sono pi\u00f9 a rischio di sviluppare la FIP clinica entro le prime 6 settimane dall&#8217;infezione iniziale del virus. Gli esperimenti hanno concluso che anche solo sei settimane possono essere sufficienti per un gatto infetto per sviluppare la malattia vera e propria.<\/p>\n<p>Durante i periodi di esposizione iniziale e di incubazione, \u00e8 importante notare che i gatti infetti rilasciano un volume insolitamente elevato di particelle virali che possono portare rapidamente all&#8217;infezione anche altri animali domestici.<\/p>\n<p>&nbsp;<\/p>\n<h1><strong>Stadio della FIP: <\/strong>Viremia primaria<\/h1>\n<p>La viremia primaria \u00e8 la fase dell&#8217;infezione da virus della peritonite infettiva felina (FIP) in cui il sistema immunitario del gatto inizia a rispondere all&#8217;invasore estraneo. In questa fase, si possono trovare alti livelli di FCoV nel sangue.<\/p>\n<p>Questo segna l&#8217;inizio di una battaglia tra l&#8217;organismo del gatto e il virus e segna anche il momento in cui \u00e8 pi\u00f9 probabile che si verifichino mutazioni a causa della diminuzione della resistenza.<\/p>\n<p>I gatti con viremia primaria mostrano una risposta pi\u00f9 intensa da parte del loro sistema immunitario che cerca di proteggerli da qualsiasi danno causato dall&#8217;ingresso del patogeno nel loro corpo. Alcuni gatti saranno in grado di liberare il proprio corpo dal virus grazie a una forte risposta immunitaria.<\/p>\n<p>&nbsp;<\/p>\n<h1><strong>Stadio della FIP: <\/strong><strong>Viremia secondaria<\/strong><\/h1>\n<p>La viremia secondaria si riferisce a una fase successiva che colpisce i gatti che non sono stati in grado di combattere il virus durante la fase primaria.<\/p>\n<p>In questa fase, il midollo osseo e altri tessuti sono stati invasi dal virus. Il virus pu\u00f2 rimanere in uno stato passivo nel midollo osseo per diverso tempo. Ma oltre a questo, i livelli di FIPV nel sangue iniziano ad aumentare e alla fine raggiungono un punto in cui i gatti non sono pi\u00f9 in grado di tenerlo sotto controllo.<\/p>\n<p>Purtroppo, a questo punto sono gi\u00e0 in atto molti processi infiammatori sistemici, poich\u00e9 la FIPV si \u00e8 impossessata di organi e tessuti vitali. Come suggerisce il nome, durante la viremia secondaria il virus inizia a diffondersi in altri organi, provocando segni pi\u00f9 gravi che, se non affrontati tempestivamente, possono diventare pericolosi per la vita.<\/p>\n<p>La gravit\u00e0 della risposta immunitaria primaria o quanto l&#8217;organismo del gatto sia in grado di controllare l&#8217;infezione gioca un ruolo importante nel determinare a che livello il virus inizier\u00e0 a diffondersi oltre un solo sistema di organi.<\/p>\n<p>Durante questo periodo cruciale, i gatti possono manifestare febbre persistente (oltre i 103\u00b0F), diminuzione dell&#8217;appetito e peggioramento generale delle condizioni a causa del loro sistema immunitario che sta cercando in tutti i modi di controllare i virus mutati, ma non ci riesce e deve quindi affidarsi a piani di trattamento con antivirali e altri farmaci.<\/p>\n<p>&nbsp;<\/p>\n<h1><strong>Stadio della FIP gatti: <\/strong><strong>FIP clinica<\/strong><\/h1>\n<p>Nella fase clinica della FIP, i gatti non sono pi\u00f9 in grado di contenere il virus.<\/p>\n<p>Ci\u00f2 \u00e8 in parte dovuto a un&#8217;alterazione di una delle proteine presenti in alcuni tipi di FCoV, chiamata FIPV. Il FIPV provoca la vasculite, ovvero l&#8217;infiammazione e il gonfiore intorno a un gruppo di cellule o organi.<\/p>\n<p>In questa fase pu\u00f2 verificarsi anche un accumulo di liquidi all&#8217;interno delle cavit\u00e0 corporee, con conseguente accumulo di liquidi e pressione eccessiva sugli organi vitali. I gatti affetti da FIP possono presentare sintomi quali perdita di peso, febbre, disidratazione, gonfiore dell&#8217;addome o della testa e difficolt\u00e0 respiratorie dovute alla congestione del torace.<\/p>\n<p>A questo punto iniziano le distruzioni dovute alle infezioni all&#8217;interno degli organi vitali, che possono portare a un&#8217;insufficienza sistemica degli organi. Di solito questo si manifesta in seguito con malattie renali o danni neurologici causati dall&#8217;infiammazione del tessuto cerebrale.<\/p>\n<p>&nbsp;<\/p>\n<h1><strong>Stadio della FIP gatti: <\/strong><strong>Danno agli organi <\/strong><\/h1>\n<p>Questo \u00e8 l&#8217;ultimo stadio della FIP in cui l&#8217;infiammazione sta gi\u00e0 causando danni agli organi e il gatto presenta altri problemi successivi. Alcuni degli organi comunemente colpiti sono:<\/p>\n<p><strong>Organi addominali:<\/strong> La FIP spesso porta alla formazione di granulomi (piccoli noduli di tessuto infiammatorio) negli organi addominali, come fegato, milza e reni.<br \/>\nQuesto pu\u00f2 portare alla disfunzione e all&#8217;insufficienza di questi organi.<\/p>\n<p><strong>Reni:<\/strong> I reni possono essere colpiti da lesioni granulomatose, con conseguente insufficienza renale.<\/p>\n<p><strong>Sistema nervoso centrale (SNC):<\/strong> La FIP pu\u00f2 causare sintomi neurologici quando colpisce il sistema nervoso centrale.<br \/>\nI gatti affetti da FIP neurologica possono presentare alterazioni del comportamento, convulsioni e difficolt\u00e0 a camminare.<\/p>\n<p><strong>Occhi<\/strong>: l&#8217;interessamento oculare \u00e8 comune nella FIP e provoca infiammazione, annebbiamento e talvolta cecit\u00e0.<br \/>\nQuesto fenomeno \u00e8 noto come FIP oculare o secca.<\/p>\n<p><strong>Sistema cardiovascolare:<\/strong> In alcuni casi, la FIP pu\u00f2 colpire il cuore e i vasi sanguigni, causando problemi cardiovascolari.<br \/>\nIl continuo deterioramento del gatto pu\u00f2 portare alla paralisi e infine alla morte.<\/p>\n<p>&nbsp;<\/p>\n<h1><strong>Sintomi basati sugli stadi della FIP gatti<\/strong><\/h1>\n<h2><\/h2>\n<h2><strong>Segni durante le prime fasi della FIP<\/strong><\/h2>\n<p>I gatti possono presentare sintomi iniziali non specifici, come alterazioni del comportamento, perdita di peso e di appetito, nonch\u00e9 febbre fluttuante.<\/p>\n<p>&nbsp;<\/p>\n<p><strong>Sintomi non specifici<\/strong><\/p>\n<p>La FIP presenta un&#8217;ampia gamma di sintomi aspecifici che possono essere facilmente scambiati per altre malattie. Questi segni iniziali sono solitamente vaghi e includono svogliatezza, letargia, diminuzione dell&#8217;appetito, perdita di peso e febbre fluttuante.<\/p>\n<p>In alcuni casi, i gatti mostrano cambiamenti comportamentali che accompagnano questi sintomi fisici. \u00c8 fondamentale prestare attenzione ai piccoli cambiamenti nel regime di salute del tuo gatto, come l&#8217;aumento o la diminuzione dei livelli di energia, perch\u00e9 potrebbero essere il primo segno della FIP gatti.<\/p>\n<p>Nonostante sia cos\u00ec comune nei gatti, la causa sottile rende difficile individuarla nelle fasi iniziali, a meno che non si presti attenzione a segni aggiuntivi come l&#8217;anoressia o la pica (una condizione in cui il gatto mangia cose che non dovrebbe mangiare), che si manifestano spesso durante l&#8217;infezione da FIP.<\/p>\n<p>Anche le febbri fluttuanti potrebbero indicare che il tuo gatto ha qualcosa che non va, quindi ti invitiamo a prestare attenzione a eventuali sbalzi di temperatura quando lo controlli periodicamente durante il giorno, come ad esempio una febbre documentata che dura pi\u00f9 di 24 ore nonostante le cure del veterinario.<\/p>\n<p>&nbsp;<\/p>\n<p><strong>Diarrea<\/strong><\/p>\n<p>Quando il Coronavirus felino (FCoV) entra per la prima volta in un gatto, infetta l&#8217;intestino tenue, causando talvolta diarrea. Il virus viene rilasciato nelle feci gi\u00e0 due giorni dopo l&#8217;infezione e poi per alcune settimane o mesi.<\/p>\n<p>Dall&#8217;intestino, il virus passa nel flusso sanguigno, provocando la FIP in alcuni gatti sfortunati, ma la maggior parte dei gatti riesce a reagire con successo e a liberarsi del virus, continuando a condurre una vita perfettamente sana e normale.<\/p>\n<p>L&#8217;infezione iniziale da FCoV a qualsiasi et\u00e0, non solo nei gattini, pu\u00f2 causare diarrea e la gravit\u00e0 pu\u00f2 variare da lieve, a cronica, a grave e pericolosa per la vita. Il virus danneggia inizialmente il rivestimento dell&#8217;intestino tenue.<\/p>\n<p>Purtroppo, in alcuni gatti l&#8217;FCoV pu\u00f2 danneggiare l&#8217;intestino tenue in modo molto grave, causando una tendenza permanente al vomito o alla diarrea e la cosiddetta &#8220;sindrome da malassorbimento&#8221;, in cui il gatto colpito non \u00e8 in grado di trarre beneficio dalle sostanze nutritive che ha mangiato e quindi non riesce ad aumentare di peso in modo adeguato e a prosperare.<\/p>\n<p>&nbsp;<\/p>\n<p><strong>Cambiamenti comportamentali<\/strong><\/p>\n<p>Nei gatti affetti da FIP, i proprietari possono notare dapprima sintomi meno evidenti come diminuzione dell&#8217;attivit\u00e0, svogliatezza e mancanza di appetito. Il tuo gatto potrebbe diventare molto meno interattivo di prima, preferendo rimanere in luoghi solitari o dormire tutto il giorno.<\/p>\n<p>Potrebbe anche iniziare a evitare le interazioni con altri animali domestici o con gli esseri umani. La pica \u00e8 un altro cambiamento comportamentale associato al virus: quando il tuo animale inizia a mangiare oggetti non alimentari, potrebbe essere un segno che ha la FIP.<\/p>\n<p>Oltre all&#8217;anoressia (perdita totale dell&#8217;appetito), potresti osservare il tuo gatto che si sforza di autoalimentarsi o che mostra disinteresse per il cibo quando gli viene offerto: entrambi possono essere indicatori di qualcosa che non va.<\/p>\n<p>&nbsp;<\/p>\n<p><strong>Perdita di peso e inappetenza<\/strong><\/p>\n<p>La perdita di peso e l&#8217;inappetenza sono due dei primi segni della FIP. Quando i gatti vengono infettati per la prima volta, potrebbero non mostrare alcun sintomo fino a settimane o mesi dopo.<\/p>\n<p>Tuttavia, una lenta perdita di peso e una diminuzione dell&#8217;appetito possono indicare che qualcosa non va. La perdita di peso nei gatti \u00e8 di solito impercettibile, ma non dovrebbe passare inosservata ai proprietari: un&#8217;improvvisa diminuzione del 15-20% del peso nell&#8217;arco di pochi giorni potrebbe indicare la presenza della FIP gatti.<\/p>\n<p>Allo stesso modo, una diminuzione dell&#8217;appetito anche in presenza di cibo favorevole potrebbe indicare l&#8217;insorgere della malattia. Questo tipo di complesso di sintomi pu\u00f2 indicare un&#8217;insufficienza d&#8217;organo causata dalla FIP o da altre gravi patologie come la malattia renale cronica che, se non trattata, pu\u00f2 progredire rapidamente e diventare pericolosa per la vita del gatto se non individuata tempestivamente.<\/p>\n<p>Molti proprietari di gatti hanno riferito di aver osservato cambiamenti drastici nei livelli di energia e di attivit\u00e0 associati a questi sintomi, che sottolineano ulteriormente la loro importanza nella diagnosi e nelle decisioni terapeutiche prese sia dai veterinari che dai proprietari.<\/p>\n<p>&nbsp;<\/p>\n<p><strong>Febbre fluttuante<\/strong><\/p>\n<p>La febbre fluttuante nei gatti \u00e8 tipicamente definita come un&#8217;alternanza di episodi di temperatura alta e bassa. \u00c8 uno dei primi segni clinici associati alla FIP.<\/p>\n<p>Questo tipo di febbre pu\u00f2 variare ogni giorno, oscillando tra la normale temperatura corporea e temperature pericolosamente elevate. Poich\u00e9 questo pu\u00f2 accadere all&#8217;improvviso, \u00e8 importante che i proprietari dei gatti controllino regolarmente la temperatura del loro animale, poich\u00e9 qualsiasi cambiamento improvviso potrebbe essere un segno di FIP o di un altro grave problema di salute.<\/p>\n<p>\u00c8 facile confondere una febbre fluttuante con la febbre alta persistente che i gatti possono avere quando sono malati, ma si tratta di due malattie molto diverse che richiedono forme di trattamento distinte.<\/p>\n<p>&nbsp;<\/p>\n<h2><strong>Segni durante gli stadi avanzati della FIP gatti<\/strong><\/h2>\n<p>&nbsp;<\/p>\n<p>I sintomi possono evolvere in effetti pi\u00f9 gravi, come l&#8217;insufficienza degli organi e l&#8217;accumulo di liquidi.<br \/>\nContinua a leggere per saperne di pi\u00f9!<\/p>\n<p>&nbsp;<\/p>\n<p><strong>Insufficienza d&#8217;organo<\/strong><\/p>\n<p>L&#8217;insufficienza d&#8217;organo \u00e8 una delle conseguenze pi\u00f9 gravi associate alla FIP gatti. Pu\u00f2 colpire diversi organi, come i reni, il fegato e molti altri.<\/p>\n<p>Quando raggiunge lo stadio pi\u00f9 avanzato, pu\u00f2 verificarsi una disfunzione o un&#8217;insufficienza degli organi. Il danno agli organi pu\u00f2 causare un&#8217;ampia variet\u00e0 di sintomi che variano a seconda delle specifiche zone dell&#8217;organismo colpite.<\/p>\n<p>Se non viene trattata per troppo tempo, la malattia comporta un&#8217;immensa fatica per la salute fisica generale dell&#8217;animale colpito, fino a trasformarsi in una malattia catastrofica o a provocare la morte se non viene presa in tempo e trattata di conseguenza.<\/p>\n<p>&nbsp;<\/p>\n<p><strong>Febbre alta persistente<\/strong><\/p>\n<p>La febbre continua \u00e8 un segno clinico comune associato agli stadi avanzati della peritonite infettiva felina (FIP). La febbre pu\u00f2 raggiungere una temperatura compresa tra i 102\u00b0F e i 105\u00b0F e durare per settimane o mesi.<\/p>\n<p>\u00c8 importante fare una diagnosi precoce perch\u00e9 aiuta a escludere altre malattie e a iniziare il trattamento. La febbre \u00e8 causata dall&#8217;infiammazione derivante da un&#8217;infezione diffusa, che pu\u00f2 essere accompagnata da segni come letargia, gonfiore addominale, perdita di appetito, perdita di peso e ittero.<\/p>\n<p>Se la febbre persiste nonostante la terapia antibiotica o i farmaci antinfiammatori, potrebbe essere indicativa della FIP gatti. La temperatura elevata spesso si normalizza una volta iniziato il trattamento adeguato.<\/p>\n<p>&nbsp;<\/p>\n<p><strong>Accumulo di fluidi<\/strong><\/p>\n<p>L&#8217;accumulo di fluidi \u00e8 un segno fondamentale della FIP nei gatti e pu\u00f2 verificarsi in diverse aree del corpo. Nel torace, il liquido si accumula intorno al cuore e ai polmoni, causando limitazioni di movimento e difficolt\u00e0 respiratorie.<\/p>\n<p>Inoltre, i linfonodi possono ingrossarsi a causa dell&#8217;ostruzione provocata da un&#8217;eccessiva formazione di cellule fluide ricche di proteine, chiamate versamenti pleurici. Il liquido pu\u00f2 accumularsi anche in altri organi, come l&#8217;addome o lo scroto, causando il rigonfiamento di queste aree e il dolore del gatto.<\/p>\n<p>Inoltre, gli occhi del tuo gatto possono mostrare segni di questo accumulo al loro interno, come cambiamenti di colorazione o opacit\u00e0, ispessimento della cornea (edema corneale), ipopione (una schiuma bianca nella parte posteriore dell&#8217;occhio) o distacco della retina a causa dell&#8217;aumento della pressione intraoculare causato dall&#8217;infezione da FIP gatti.<\/p>\n<p>&nbsp;<\/p>\n<p><strong>Problemi agli occhi<\/strong><\/p>\n<p>I problemi agli occhi sono un indicatore comune della FIP gatti. Nei gatti affetti da FIP possono verificarsi lesioni oculari caratterizzate da Uveite anteriore piogranulomatosa. I sintomi possono includere l&#8217;infiammazione del bulbo oculare, lo strabismo, il rigonfiamento delle terze palpebre e l&#8217;ingrossamento degli occhi che, se non trattati, possono compromettere la vista o addirittura portare alla cecit\u00e0.<\/p>\n<p>Gli animali che presentano questo tipo di manifestazione oculare possono manifestare un aumento della produzione di lacrime e sanguinare dall&#8217;occhio a causa dell&#8217;ulcerazione provocata dall&#8217;infezione.<\/p>\n<p>Inoltre, i sintomi neurologici legati alla FIP possono colpire il sistema nervoso, compresi problemi alla vista e agli occhi come pupille contratte che non rispondono in modo appropriato ai cambiamenti di luce.<\/p>\n<p>Infine, in alcuni casi di FIP gatti effusiva umida \u00e8 stato riscontrato un aumento della pressione intraoculare accompagnato da un ispessimento corneale che, se non viene trattato adeguatamente o tempestivamente, porta alla potenziale perdita della vista.<\/p>\n","protected":false},"excerpt":{"rendered":"<p>L&#8217;infezione da questo virus comporta quattro fasi distinte della FIP gatti: esposizione iniziale e incubazione, viremia primaria, viremia secondaria e FIP clinica. &nbsp; Fase della FIP gatti: esposizione iniziale e incubazione Il coronavirus felino (FCoV) \u00e8 presente in molti ambienti, quindi \u00e8 molto probabile che i gatti siano esposti a un certo punto della loro [&hellip;]<\/p>\n","protected":false},"author":1,"featured_media":16833,"parent":0,"menu_order":0,"comment_status":"closed","ping_status":"closed","template":"","meta":{"_glsr_average":0,"_glsr_ranking":0,"_glsr_reviews":0,"footnotes":""},"categories":[678],"tags":[],"_links":{"self":[{"href":"https:\/\/fipmed.co\/it\/wp-json\/wp\/v2\/pages\/17123"}],"collection":[{"href":"https:\/\/fipmed.co\/it\/wp-json\/wp\/v2\/pages"}],"about":[{"href":"https:\/\/fipmed.co\/it\/wp-json\/wp\/v2\/types\/page"}],"author":[{"embeddable":true,"href":"https:\/\/fipmed.co\/it\/wp-json\/wp\/v2\/users\/1"}],"replies":[{"embeddable":true,"href":"https:\/\/fipmed.co\/it\/wp-json\/wp\/v2\/comments?post=17123"}],"version-history":[{"count":0,"href":"https:\/\/fipmed.co\/it\/wp-json\/wp\/v2\/pages\/17123\/revisions"}],"wp:featuredmedia":[{"embeddable":true,"href":"https:\/\/fipmed.co\/it\/wp-json\/wp\/v2\/media\/16833"}],"wp:attachment":[{"href":"https:\/\/fipmed.co\/it\/wp-json\/wp\/v2\/media?parent=17123"}],"wp:term":[{"taxonomy":"category","embeddable":true,"href":"https:\/\/fipmed.co\/it\/wp-json\/wp\/v2\/categories?post=17123"},{"taxonomy":"post_tag","embeddable":true,"href":"https:\/\/fipmed.co\/it\/wp-json\/wp\/v2\/tags?post=17123"}],"curies":[{"name":"wp","href":"https:\/\/api.w.org\/{rel}","templated":true}]}}