{"id":17165,"date":"2024-03-25T05:50:49","date_gmt":"2024-03-25T05:50:49","guid":{"rendered":"https:\/\/fipmed.co\/felino-infettivo-peritonite-fip-fattori-di-rischio\/"},"modified":"2024-04-27T05:57:41","modified_gmt":"2024-04-27T05:57:41","slug":"peritonite-infettiva-felina-fip-fattori-di-rischio","status":"publish","type":"page","link":"https:\/\/fipmed.co\/it\/peritonite-infettiva-felina-fip-fattori-di-rischio\/","title":{"rendered":"Peritonite infettiva felina: Fattori di rischio della FIP"},"content":{"rendered":"<h1><strong>Quali sono i fattori di rischio della Peritonite Infettiva Felina (FIP)?<\/strong><\/h1>\n<p>Alcuni gatti sono pi\u00f9 inclini a contrarre la FIP rispetto ad altri, anche se il Coronavirus responsabile di questa malattia si trova ovunque. Di seguito sono elencati alcuni dei fattori di rischio che aumentano il rischio che un gatto si ammali di Peritonite Infettiva Felina.<\/p>\n<p>&nbsp;<\/p>\n<p><strong>Et\u00e0<\/strong><\/p>\n<p>Il 50% dei gatti che sviluppano la FIP hanno meno di 2 anni, quindi probabilmente sono stati infettati da gattini quando il loro sistema immunitario era troppo giovane per affrontare l&#8217;infezione da FCoV.<\/p>\n<p>I gatti giovani e quelli anziani hanno spesso un sistema immunitario immaturo o indebolito che pu\u00f2 metterli a maggior rischio di sviluppare la FIP. Anche i gattini giovani potrebbero essere esposti al virus quando si trovano in gattili o rifugi.<\/p>\n<p>&nbsp;<\/p>\n<p><strong>Razza come fattori di rischio per la FIP<\/strong><\/p>\n<p>Alcune razze, come i gatti di razza o quelli provenienti dai gattili, possono essere pi\u00f9 a rischio di Peritonite Infettiva Felina. I gatti persiani e le razze affini sembrano essere pi\u00f9 suscettibili. Ci sono prove che suggeriscono che i gatti persiani sono portatori di &#8220;alleli predisponenti&#8221; per questa condizione che li rende vulnerabili quando vengono esposti al virus che causa la FIP.<\/p>\n<p>I gatti provenienti da gattili o da linee di razza pura possono essere particolarmente inclini a sviluppare la FIP. Abissini, Bengala, Birmani, Himalayani, Ragdoll e Rex hanno un rischio significativamente pi\u00f9 elevato di contrarre la malattia rispetto agli altri gatti.<\/p>\n<p>Anche altre razze di gatti, come i Burmesi, gli Exotic Shorthairs, i Manx, i Persiani e i Blu di Russia, risultano essere pi\u00f9 suscettibili alla FIP a causa della genetica e della loro maggiore esposizione nei programmi di allevamento.<\/p>\n<p>Si ritiene che alcuni fattori genetici associati ai gatti persiani (e alle razze ad essi associate) li rendano leggermente meno abili di altre specie feline nel controllare il virus che causa la FIP, rendendoli pi\u00f9 inclini a contrarre l&#8217;infezione in caso di contatto con esso.<\/p>\n<p>&nbsp;<\/p>\n<p><strong>Condizioni di vita affollate<\/strong><\/p>\n<p>I gatti che vivono in ambienti affollati o stressanti, come le famiglie con pi\u00f9 gatti o i rifugi, possono avere un rischio maggiore di esposizione al coronavirus felino, che pu\u00f2 aumentare la probabilit\u00e0 di sviluppare la FIP.<\/p>\n<p>Alcuni fattori di rischio della FIP legati al vivere in condizioni di affollamento includono la vicinanza con altri gatti, la condivisione di risorse (come piatti per il cibo, lettiere e lettiere) e l&#8217;indebolimento del sistema immunitario dovuto allo stress.<\/p>\n<p>L&#8217;esposizione ad altri gatti \u00e8 un fattore importante per la trasmissione, poich\u00e9 i gatti infetti diffondono il virus nella loro saliva o nelle loro feci. Lo stretto contatto tra i gatti permette al virus di diffondersi pi\u00f9 facilmente.<\/p>\n<p>Nelle famiglie con pi\u00f9 gatti e nei rifugi \u00e8 importante ridurre le possibilit\u00e0 di trasmissione promuovendo buone pratiche igieniche, come la disinfezione delle superfici con detergenti domestici e il lavaggio regolare delle mani tra un accarezzamento e l&#8217;altro dei diversi felini.<\/p>\n<p>\u00c8 anche importante incoraggiare comportamenti sani tra i gatti, tra cui fornire un ampio spazio per ogni gatto in modo che non litighino per il territorio. Utilizza misure di controllo dei parassiti come trattamenti antipulci, se necessario, e offri attivit\u00e0 di arricchimento come giocattoli\/dinette\/torri di arrampicata, ecc.<\/p>\n<p>Assicurati che i gatti siano nutriti in modo equo, senza che debbano &#8220;lottare&#8221; per il cibo, e fornisci dei luoghi di riposo confortevoli.<\/p>\n<p>&nbsp;<\/p>\n<p><strong>Genetica<\/strong><\/p>\n<p>Alcuni gatti possono avere una predisposizione genetica che li rende pi\u00f9 suscettibili di sviluppare la Peritonite Infettiva Felina. Questo pu\u00f2 essere legato al loro sistema immunitario o alla loro capacit\u00e0 di controllare il coronavirus felino.<\/p>\n<p>Il patrimonio genetico di un gatto pu\u00f2 renderlo pi\u00f9 vulnerabile all&#8217;infezione, rendendolo incapace di riconoscere e combattere le particelle virali che lo invadono o rendendo le sue membrane cellulari meno resistenti al virus.<\/p>\n<p>Possono anche rendere alcune cellule del gatto suscettibili di una risposta immunitaria che scatena un&#8217;infiammazione che porta a ulteriori danni ai tessuti. Inoltre, alcuni gatti potrebbero non avere la capacit\u00e0 di controllare la replicazione del pericoloso ceppo di coronavirus felino associato alla FIP, aumentando cos\u00ec la loro suscettibilit\u00e0 a sviluppare questa patologia.<\/p>\n<p>&nbsp;<\/p>\n<p><strong>Lo stress<\/strong><\/p>\n<p>Lo stress influisce negativamente sul sistema immunitario dei gatti, riducendo la loro capacit\u00e0 di combattere le infezioni. I gatti possono diventare stressati quando subiscono un cambiamento significativo nel loro ambiente o nella loro routine, come un trasloco o l&#8217;introduzione di un nuovo animale domestico.<\/p>\n<p>Quando un gatto \u00e8 esposto a fattori di stress, il suo corpo rilascia ormoni che sopprimono la produzione e la funzione di alcune cellule immunitarie. Questo fa s\u00ec che le prestazioni complessive del sistema immunitario del gatto diminuiscano, rendendolo pi\u00f9 suscettibile non solo alla FIP ma anche ad altre malattie o patologie, come quelle causate da parassiti e batteri.<\/p>\n<p>La maggior parte dei gatti che sviluppano la Peritonite Infettiva Felina hanno una storia di stress da settimane a mesi prima della comparsa della FIP.<\/p>\n<p>Per questo motivo, fornire ai tuoi animali domestici attivit\u00e0 di arricchimento ambientale e ridurre al minimo le potenziali fonti di stress pu\u00f2 aiutare a ridurre la loro vulnerabilit\u00e0 a questa malattia.<\/p>\n<p>&nbsp;<\/p>\n<p><strong>Stato del sistema immunitario<\/strong><\/p>\n<p>I gatti con un sistema immunitario compromesso, come quelli affetti dal virus della leucemia felina (FeLV) o dal virus dell&#8217;immunodeficienza felina (FIV), hanno un rischio maggiore di sviluppare la FIP.<\/p>\n<p>La FeLV e la FIV sono infezioni virali che colpiscono i gatti, entrambe attaccano il sistema immunitario del gatto. Di conseguenza, i gatti con un sistema immunitario indebolito a causa di uno dei due virus hanno spesso difficolt\u00e0 a combattere altre malattie o patologie, tra cui la FIP.<\/p>\n<p>I gatti con malattie di base come la FeLV o la FIV possono essere meno capaci di organizzare una risposta efficace contro l&#8217;infezione da coronavirus quando vi sono esposti e hanno maggiori probabilit\u00e0 di sviluppare la malattia.<\/p>\n<p>Il modo migliore per i genitori di animali domestici di ridurre al minimo il rischio di sviluppare la FIP \u00e8 conoscere la storia sanitaria del gatto. Le visite regolari dal veterinario dovrebbero includere controlli approfonditi della salute generale del tuo animale, compresi i test per la ricerca di questi virus, in modo da poter individuare tempestivamente eventuali segnali e fornire al tuo gatto le cure e i trattamenti adeguati, se necessario.<\/p>\n","protected":false},"excerpt":{"rendered":"<p>Quali sono i fattori di rischio della Peritonite Infettiva Felina (FIP)? Alcuni gatti sono pi\u00f9 inclini a contrarre la FIP rispetto ad altri, anche se il Coronavirus responsabile di questa malattia si trova ovunque. Di seguito sono elencati alcuni dei fattori di rischio che aumentano il rischio che un gatto si ammali di Peritonite Infettiva [&hellip;]<\/p>\n","protected":false},"author":1,"featured_media":16820,"parent":0,"menu_order":0,"comment_status":"closed","ping_status":"closed","template":"","meta":{"_glsr_average":0,"_glsr_ranking":0,"_glsr_reviews":0,"footnotes":""},"categories":[678],"tags":[],"_links":{"self":[{"href":"https:\/\/fipmed.co\/it\/wp-json\/wp\/v2\/pages\/17165"}],"collection":[{"href":"https:\/\/fipmed.co\/it\/wp-json\/wp\/v2\/pages"}],"about":[{"href":"https:\/\/fipmed.co\/it\/wp-json\/wp\/v2\/types\/page"}],"author":[{"embeddable":true,"href":"https:\/\/fipmed.co\/it\/wp-json\/wp\/v2\/users\/1"}],"replies":[{"embeddable":true,"href":"https:\/\/fipmed.co\/it\/wp-json\/wp\/v2\/comments?post=17165"}],"version-history":[{"count":0,"href":"https:\/\/fipmed.co\/it\/wp-json\/wp\/v2\/pages\/17165\/revisions"}],"wp:featuredmedia":[{"embeddable":true,"href":"https:\/\/fipmed.co\/it\/wp-json\/wp\/v2\/media\/16820"}],"wp:attachment":[{"href":"https:\/\/fipmed.co\/it\/wp-json\/wp\/v2\/media?parent=17165"}],"wp:term":[{"taxonomy":"category","embeddable":true,"href":"https:\/\/fipmed.co\/it\/wp-json\/wp\/v2\/categories?post=17165"},{"taxonomy":"post_tag","embeddable":true,"href":"https:\/\/fipmed.co\/it\/wp-json\/wp\/v2\/tags?post=17165"}],"curies":[{"name":"wp","href":"https:\/\/api.w.org\/{rel}","templated":true}]}}