{"id":17190,"date":"2024-03-28T06:05:43","date_gmt":"2024-03-28T06:05:43","guid":{"rendered":"https:\/\/fipmed.co\/fip-trattamento-monitoraggio-cosa-devo-aspettarmi-di-vedere-e-cosa-monitorare-durante-il-fip-trattamento\/"},"modified":"2024-03-28T06:05:43","modified_gmt":"2024-03-28T06:05:43","slug":"fip-trattamento-monitoraggio-cosa-devo-aspettarmi-di-vedere-e-cosa-monitorare-durante-il-fip-trattamento","status":"publish","type":"page","link":"https:\/\/fipmed.co\/it\/fip-trattamento-monitoraggio-cosa-devo-aspettarmi-di-vedere-e-cosa-monitorare-durante-il-fip-trattamento\/","title":{"rendered":"Monitoraggio del trattamento FIP: Cosa devo aspettarmi di vedere e cosa monitorare durante il trattamento della FIP?"},"content":{"rendered":"<h1>A cosa devo prestare attenzione durante il trattamento della FIP?<\/h1>\n<p>\u00c8 fondamentale valutare la risposta clinica; se non migliora, potrebbe essere necessario un dosaggio maggiore. In particolare, quando il gatto sta bene, \u00e8 meglio sottoporlo a regolari esami del sangue, ma \u00e8 bene ricordare che le visite in clinica potrebbero essere stressanti e costose. Monitoraggio del trattamento FIP: dovrebbe essere sufficiente per valutare la risposta in questi casi. \u00c8 consigliabile invitare i proprietari di gatti a pesare i loro animali a casa utilizzando bilance per bambini a prezzi accessibili e a registrare la loro fame, il loro comportamento, il tasso di respirazione e altri fattori rilevanti in un diario.<\/p>\n<p>I consigli che seguono sono soggetti a modifiche in base alla reazione del gatto al trattamento:<\/p>\n<p>&#8211; Si prevede che la normotermia e il contegno miglioreranno entro 48 ore. A questo punto, dovresti ricevere un aggiornamento verbale sullo sviluppo del gatto e sulla facilit\u00e0 di somministrazione dei farmaci.<\/p>\n<p>&#8211; Dopo due settimane, \u00e8 importante valutare il peso, il contegno e le effusioni (scansione interna, misurazione della circonferenza della pancia). Si possono valutare anche la biochimica sierica e l&#8217;ematologia, apportando le dovute modifiche in base ai vincoli finanziari (ad esempio, si pu\u00f2 pensare di utilizzare le proteine totali, il PCV e la valutazione del colore del plasma misurata con una provetta di microematocrito centrifugato come uno screening iniziale efficiente e veloce per determinare se sono necessari ulteriori test). La normalizzazione dell&#8217;AGP sierica (se aumentata prima del trattamento) pu\u00f2 essere utile per prevedere la remissione; &#8211; Il gatto deve essere rivalutato e i test sopra citati devono essere eseguiti nuovamente dopo sei settimane.<\/p>\n<p>&#8211; Il gatto dovrebbe essere sottoposto a esami dopo 12 settimane e, idealmente, tutte le valutazioni dovrebbero essere normali prima di interrompere la terapia. A volte si notano, anche se non correlate alla recidiva, una moderata iperglobulinemia cronica e una lieve linfoadenomegalia addominale. \u00c8 ancora possibile interrompere la terapia se tutti gli altri parametri, compreso l&#8217;AGP, sono normali.<\/p>\n<p>Nel caso in cui sia accessibile e a un prezzo ragionevole, \u00e8 utile l&#8217;ecografia point-of-care (POCUS) per valutare le dimensioni dei linfonodi e\/o la risoluzione del versamento.<\/p>\n<h1><\/h1>\n<h1>Cosa posso aspettarmi dal trattamento della FIP?<\/h1>\n<p>&#8211; Dovresti notare un cambiamento di umore, di appetito, la risoluzione della piressia e, se presente, una diminuzione del liquido addominale o pleurico nei primi due-cinque giorni.<\/p>\n<p>&#8211; Durante i primi giorni di terapia, cio\u00e8 prima che il farmaco abbia avuto la possibilit\u00e0 di agire, potrebbero esserci pi\u00f9 indicazioni cliniche dovute alla FIP. Ad esempio, se il gatto \u00e8 in casa, invita il proprietario a valutare la frequenza respiratoria a riposo e lo sforzo del gatto. Questo pu\u00f2 anche comportare la formazione o il ritorno di un versamento pleurico, che pu\u00f2 richiedere un drenaggio. Potrebbero esserci anche sintomi neurologici o di uveite (i proprietari notano un cambiamento nel colore dell&#8217;iride, per esempio). I cambiamenti nella funzione neurologica o oculare devono indurre a valutare la dose del farmaco per determinare se \u00e8 necessario un aumento.<\/p>\n<p>&#8211; Di solito le effusioni scompaiono in due settimane. Se l&#8217;effusione persiste dopo due settimane, \u00e8 consigliabile aumentare il dosaggio (idealmente di 2-3 mg\/mg due volte al giorno, o ogni 12 ore), ad esempio a un livello superiore a quello raccomandato per i gatti che presentano solo effusioni.<\/p>\n<p>&#8211; Potrebbero essere necessarie diverse settimane perch\u00e9 l&#8217;albumina sierica aumenti e le globuline diminuiscano (cio\u00e8 si normalizzino); tuttavia, tieni presente che le globuline possono inizialmente aumentare quando viene assorbito un volume significativo di effusione. Quando tutti gli altri parametri sono tornati alla normalit\u00e0, \u00e8 possibile che le globuline siano ancora leggermente elevate al termine del ciclo di trattamento. Questo non \u00e8 stato collegato a recidive.<\/p>\n<p>&#8211; L&#8217;anemia e la linfopenia possono richiedere fino a 10 settimane per risolversi e una terapia efficace pu\u00f2 provocare linfocitosi ed eosinofilia.<\/p>\n<p>&#8211; I linfonodi ingrossati di solito si riducono nell&#8217;arco di qualche settimana, ma occasionalmente, anche dopo la conclusione del trattamento, possono non riacquistare le loro dimensioni normali o la loro ecogenicit\u00e0. Se tutti gli altri indicatori sono tornati alla normalit\u00e0, tuttavia, questo non sembra indicare una ricaduta della FIP; la terapia deve essere interrotta come previsto e il paziente pu\u00f2 essere tenuto sotto stretta osservazione.<\/p>\n<p>Se dovessi notare progressi inferiori al previsto, potresti voler riconsiderare la diagnosi e\/o aumentare il dosaggio.<\/p>\n<h1><\/h1>\n<h1>Dopo il trattamento della FIP, cosa devo tenere d&#8217;occhio?<\/h1>\n<p>Dopo la terapia, che in genere dura 12 settimane, i proprietari di gatti devono tenere d&#8217;occhio eventuali indicatori clinici di recidiva, come la riduzione dell&#8217;appetito, le fluttuazioni di peso o altri sintomi. Gli indicatori clinici della ricaduta potrebbero essere diversi dai segni diagnostici originali (segnali neurodiffusivi in gatti con precedenti effusioni, per esempio). Esaminare il gatto circa quattro settimane dopo l&#8217;interruzione della terapia \u00e8 l&#8217;ideale. Se l&#8217;AGP rimane normale, il monitoraggio potrebbe essere di conforto. \u00c8 importante esaminare subito eventuali sintomi clinici.<\/p>\n<h1>\nPosso utilizzare terapie complementari durante il trattamento della FIP?<\/h1>\n<p>Diverse forme di cure di supporto possono essere utili per i gatti affetti da FIP. Gli antivirali non sono stati esaminati con nessun integratore in particolare e l&#8217;utilizzo di numerosi farmaci orali potrebbe non essere l&#8217;opzione migliore a causa dei problemi di compliance del paziente e delle spese associate. I gatti malati e disidratati, invece, possono aver bisogno di un trattamento di idratazione per via endovenosa. A seconda della situazione, si possono prendere in considerazione i seguenti interventi:<\/p>\n<p>&#8211; Le lesioni neurali, l&#8217;uveite, l&#8217;infiammazione peritoneale e pleurica e la distensione delle masse possono causare disagio nei gatti affetti. Come parte dell&#8217;analgesia multimodale, la terapia con oppioidi, come la buprenorfina, e altri farmaci, come i FANS, pu\u00f2 essere utile se il gatto mangia e i suoi parametri renali e lo stato di idratazione sono normali;<\/p>\n<p>&#8211; Potrebbe essere necessario ripetere il drenaggio dei versamenti pleurici durante il primo periodo di trattamento;<\/p>\n<p>&#8211; Il normale drenaggio dei versamenti addominali avviene solo quando la pressione compromette la respirazione;<\/p>\n<p>&#8211; L&#8217;alimentazione \u00e8 fondamentale perch\u00e9 i gatti affetti da FIP perdono spesso peso e cambiano aspetto fisico. A causa della scarsa tolleranza dei tubi nasali e del potenziale di depressione, i gatti affetti da anoressia profonda che non rispondono ai farmaci sopra citati possono trarre beneficio dal posizionamento di un tubo per esofagostomia (O).<\/p>\n<p>&#8211; Inoltre, alcuni gatti malati possono trarre beneficio dal posizionamento a breve termine di tubi di alimentazione, che possono facilitare la somministrazione di farmaci. Farmaci come il maropitant possono aiutare i gatti a sentirsi meglio quando hanno la nausea e li stimolano a mangiare;<\/p>\n<p>&#8211; La trasfusione di sangue pu\u00f2 essere necessaria in aggiunta agli antivirali in alcuni casi di anemia grave (e occasionalmente emolitica) causata dalla FIP; gli epatoprotettori, come la S-adenosil metionina (SAME), con o senza silibina, non sono generalmente necessari, anche nei gatti la cui attivit\u00e0 enzimatica ALT \u00e8 elevata;<\/p>\n<p>&#8211; e i corticosteroidi sono generalmente controindicati nel trattamento della FIP con antivirali per evitare effetti collaterali e immunosoppressione. D&#8217;altra parte, i gatti con sintomi neurologici gravi possono occasionalmente aver bisogno di corticosteroidi sistemici a breve termine (1-5 giorni) per ridurre l&#8217;infiammazione. I gatti con uveite possono trarre beneficio anche dai corticosteroidi topici. L&#8217;anemia emolitica immunomediata (IMHA) \u00e8 un raro effetto collaterale dell&#8217;immunopatia felina (FIP) che spesso richiede una terapia corticosteroidea sistemica per un periodo di tempo prolungato in aggiunta alla terapia antivirale per aiutare ad alleviare l&#8217;anemia. Considera la possibilit\u00e0 di somministrare un FANS ai gatti in terapia per la FIP se \u00e8 necessario un farmaco antinfiammatorio (a condizione che il gatto mangi e che i suoi parametri renali e di idratazione siano normali).<\/p>\n<p>&nbsp;<\/p>\n<p>&nbsp;<\/p>\n","protected":false},"excerpt":{"rendered":"<p>A cosa devo prestare attenzione durante il trattamento della FIP? \u00c8 fondamentale valutare la risposta clinica; se non migliora, potrebbe essere necessario un dosaggio maggiore. In particolare, quando il gatto sta bene, \u00e8 meglio sottoporlo a regolari esami del sangue, ma \u00e8 bene ricordare che le visite in clinica potrebbero essere stressanti e costose. Monitoraggio [&hellip;]<\/p>\n","protected":false},"author":1,"featured_media":16970,"parent":0,"menu_order":0,"comment_status":"closed","ping_status":"closed","template":"","meta":{"_glsr_average":0,"_glsr_ranking":0,"_glsr_reviews":0,"footnotes":""},"categories":[650],"tags":[],"_links":{"self":[{"href":"https:\/\/fipmed.co\/it\/wp-json\/wp\/v2\/pages\/17190"}],"collection":[{"href":"https:\/\/fipmed.co\/it\/wp-json\/wp\/v2\/pages"}],"about":[{"href":"https:\/\/fipmed.co\/it\/wp-json\/wp\/v2\/types\/page"}],"author":[{"embeddable":true,"href":"https:\/\/fipmed.co\/it\/wp-json\/wp\/v2\/users\/1"}],"replies":[{"embeddable":true,"href":"https:\/\/fipmed.co\/it\/wp-json\/wp\/v2\/comments?post=17190"}],"version-history":[{"count":0,"href":"https:\/\/fipmed.co\/it\/wp-json\/wp\/v2\/pages\/17190\/revisions"}],"wp:featuredmedia":[{"embeddable":true,"href":"https:\/\/fipmed.co\/it\/wp-json\/wp\/v2\/media\/16970"}],"wp:attachment":[{"href":"https:\/\/fipmed.co\/it\/wp-json\/wp\/v2\/media?parent=17190"}],"wp:term":[{"taxonomy":"category","embeddable":true,"href":"https:\/\/fipmed.co\/it\/wp-json\/wp\/v2\/categories?post=17190"},{"taxonomy":"post_tag","embeddable":true,"href":"https:\/\/fipmed.co\/it\/wp-json\/wp\/v2\/tags?post=17190"}],"curies":[{"name":"wp","href":"https:\/\/api.w.org\/{rel}","templated":true}]}}