{"id":22116,"date":"2022-11-25T09:19:05","date_gmt":"2022-11-25T09:19:05","guid":{"rendered":"https:\/\/fipmed.co\/politica-sulla-privacy\/"},"modified":"2024-07-24T09:30:09","modified_gmt":"2024-07-24T09:30:09","slug":"politica-sulla-privacy","status":"publish","type":"page","link":"https:\/\/fipmed.co\/it\/politica-sulla-privacy\/","title":{"rendered":"Informativa sulla privacy"},"content":{"rendered":"\t\t<div data-elementor-type=\"wp-page\" data-elementor-id=\"22116\" class=\"elementor elementor-22116 elementor-3\">\n\t\t\t\t\t\t<section class=\"elementor-section elementor-top-section elementor-element elementor-element-8b2513f elementor-section-boxed elementor-section-height-default elementor-section-height-default\" data-id=\"8b2513f\" data-element_type=\"section\">\n\t\t\t\t\t\t<div class=\"elementor-container elementor-column-gap-default\">\n\t\t\t\t\t<div class=\"elementor-column elementor-col-100 elementor-top-column elementor-element elementor-element-cb4fbe6\" data-id=\"cb4fbe6\" data-element_type=\"column\">\n\t\t\t<div class=\"elementor-widget-wrap elementor-element-populated\">\n\t\t\t\t\t\t<div class=\"elementor-element elementor-element-4603e09 elementor-widget elementor-widget-text-editor\" data-id=\"4603e09\" data-element_type=\"widget\" data-widget_type=\"text-editor.default\">\n\t\t\t\t<div class=\"elementor-widget-container\">\n\t\t\t\t\t\t\t\t\t<p class=\"p1\"><span class=\"s1\">La privacy dei dati \u00e8 di grande importanza per FipMed.co e vogliamo essere aperti e trasparenti nel modo in cui trattiamo i tuoi dati personali.<br \/>\nCi impegniamo a proteggere la privacy e la sicurezza dei nostri clienti e dei visitatori del sito. <span class=\"Apple-converted-space\">  <\/span>Pertanto, abbiamo una politica che definisce lo scopo per cui i tuoi dati personali saranno raccolti, nonch\u00e9 le modalit\u00e0 di trattamento e protezione degli stessi.<span class=\"Apple-converted-space\">  <\/span>Avrai inoltre la possibilit\u00e0 di monitorare il processo di raccolta dei dati e di gestire il livello di comunicazione che desideri con noi.<\/span><\/p>\n<p class=\"p1\">\n<p class=\"p1\"><span class=\"s1\">&#8211; I tuoi dati saranno utilizzati solo per migliorare il nostro servizio e la tua esperienza con noi.<\/span><\/p>\n<p class=\"p1\"><span class=\"s1\">&#8211; La protezione dei tuoi dati da accessi non autorizzati \u00e8 la nostra priorit\u00e0 numero uno; ci\u00f2 include la prevenzione di accessi non autorizzati, la modifica o la condivisione dei dati.<\/span><\/p>\n<p class=\"p1\"><span class=\"s1\">&#8211; Ci impegneremo a comunicare tutte le informazioni necessarie nel modo pi\u00f9 chiaro e conciso possibile.<\/span><\/p>\n<p class=\"p1\"><span class=\"s1\">&#8211; Hai la possibilit\u00e0 di decidere cosa e come ricevere le nostre notizie.<\/span><\/p>\n<p class=\"p1\"><span class=\"s1\">&#8211; Tutti i dati personali, se non essenziali per la nostra analisi, saranno cancellati in modo da evitare che le informazioni in eccesso siano conservate nel nostro sistema.<\/span><\/p>\n<\/p>\n<h3 class=\"p1\"><span class=\"s1\">Base giuridica del trattamento<\/span><\/h3>\n<p class=\"p1\"><span class=\"s1\">Tratteremo i tuoi dati personali per i seguenti motivi:<\/span><\/p>\n<p class=\"p1\"><span class=\"s1\">&#8211; L&#8217;esecuzione di contratti di cui sei parte<\/span><\/p>\n<p class=\"p1\"><span class=\"s1\">&#8211; Adempiere ai nostri obblighi legali<\/span><\/p>\n<p class=\"p1\"><span class=\"s1\">&#8211; Marketing e altri interessi legittimi perseguiti<\/span><\/p>\n<p class=\"p2\">\n<h3 class=\"p1\"><span class=\"s1\">Interessi legittimi<\/span><\/h3>\n<p class=\"p1\"><span class=\"s1\">Questi includono i seguenti aspetti:  <\/span><\/p>\n<p class=\"p1\"><span class=\"s1\">&#8211; Raccolta di informazioni personali al fine di fornire all&#8217;utente la migliore esperienza possibile.<\/span><\/p>\n<p class=\"p1\"><span class=\"s1\">&#8211; Requisiti operativi necessari per i processi interni<\/span><\/p>\n<p class=\"p1\"><span class=\"s1\">&#8211; Soddisfare le tue richieste in merito ai nostri servizi e prodotti<\/span><\/p>\n<p class=\"p1\"><span class=\"s1\">&#8211; Prevenzione delle frodi<\/span><\/p>\n<p class=\"p1\"><span class=\"s1\">&#8211; Esclusivamente per il nostro marketing interno, la ricerca e lo sviluppo dei prodotti.<\/span><\/p>\n<p class=\"p2\">\n<h3 class=\"p1\"><span class=\"s1\">  Come raccogliamo le informazioni su di te  <\/span><\/h3>\n<p class=\"p1\"><span class=\"s1\">&#8211; Attraverso gli acquisti online (quando effettui un ordine)  <\/span><\/p>\n<p class=\"p1\"><span class=\"s1\">&#8211; Attraverso il marketing diretto (quando ti iscrivi alla nostra newsletter)<\/span><\/p>\n<p class=\"p1\"><span class=\"s1\">&#8211; Quando ti registri per un account FipMed.co<\/span><\/p>\n<p class=\"p1\"><span class=\"s1\">&#8211; Attraverso la comunicazione con il nostro Servizio Clienti<\/span><\/p>\n<p class=\"p1\"><span class=\"s1\">&#8211; I tuoi dati possono anche essere raccolti automaticamente durante le visite al nostro sito web; questi includono informazioni sui tuoi dispositivi e sulla tua navigazione.<br \/>\nQueste informazioni vengono raccolte attraverso l&#8217;uso di cookie e tecnologie simili.   <\/span><\/p>\n<p class=\"p2\">\n<h3 class=\"p1\"><span class=\"s1\">Perch\u00e9 utilizziamo i tuoi dati personali:<\/span><\/h3>\n<p class=\"p1\"><span class=\"s1\">&#8211; Elaborazione e consegna dei tuoi acquisti<\/span><\/p>\n<p class=\"p1\"><span class=\"s1\">&#8211; Accettazione di pagamenti e rimborsi<\/span><\/p>\n<p class=\"p1\"><span class=\"s1\">&#8211; Inviarti messaggi di servizio tramite SMS, e-mail o altro.<\/span><\/p>\n<p class=\"p1\"><span class=\"s1\">&#8211; Fornire servizi di assistenza e supporto ai clienti, gestire i resi e le richieste di garanzia<\/span><\/p>\n<p class=\"p1\"><span class=\"s1\">&#8211; Tutte le forme di rilevamento e prevenzione delle frodi<\/span><\/p>\n<p class=\"p1\"><span class=\"s1\">&#8211; Sicurezza e protezione del nostro sito web<\/span><\/p>\n<p class=\"p1\"><span class=\"s1\">&#8211; Mostrandoti le nostre pubblicit\u00e0 mentre navighi sul web<\/span><\/p>\n<p class=\"p1\"><span class=\"s1\">&#8211; fornirti informazioni sui nostri prodotti e servizi, promozioni, sconti e novit\u00e0 in base alle tue preferenze e ai tuoi desideri<\/span><\/p>\n<p class=\"p1\"><span class=\"s1\">&#8211; Migliorare il nostro sito web<\/span><\/p>\n<p class=\"p2\">\n<h3 class=\"p1\"><span class=\"s1\">Quali tipi di dati raccogliamo<\/span><\/h3>\n<p class=\"p1\"><span class=\"s1\">&#8211; Identit\u00e0 e informazioni di contatto (indirizzo e-mail, nome, cognome, indirizzo, telefono)<\/span><\/p>\n<p class=\"p1\"><span class=\"s1\">&#8211; Informazioni finanziarie e sulle transazioni (dati delle carte di credito, dettagli sui pagamenti forniti da processori di pagamento di terze parti)<\/span><\/p>\n<p class=\"p1\"><span class=\"s1\">&#8211; Informazioni sul profilo (nome, cognome, indirizzo e-mail, password e come informazioni aggiuntive non obbligatorie per l&#8217;utente: sesso, fuso orario, data di nascita)<\/span><\/p>\n<p class=\"p1\"><span class=\"s1\">&#8211; Informazioni tecniche (indirizzo IP, dati di accesso, informazioni sul browser, fuso orario, lingua, tipi e versioni di plug-in del browser, sistema operativo e altre tecnologie sui dispositivi utilizzati per accedere al sito web o all&#8217;applicazione mobile di FipMed.it)<\/span><\/p>\n<p class=\"p1\"><span class=\"s1\">&#8211; Informazioni di marketing e comunicazione (indirizzo e-mail, nome, cognome, sesso, fuso orario, regione, paese, data di acquisto, indirizzo IP, data dell&#8217;ordine, prodotto acquistato, fonte dell&#8217;abbonamento, lingua, ID dell&#8217;ordine, ID dell&#8217;utente, data dell&#8217;abbonamento, data dell&#8217;ultima modifica)<\/span><\/p>\n<p class=\"p2\">\n<h3 class=\"p1\"><span class=\"s1\">Per quanto tempo conserviamo i tuoi dati personali<\/span><\/h3>\n<p class=\"p1\"><span class=\"s1\">Conserveremo i tuoi dati per tutto il tempo in cui avrai un account, o per tutto il tempo necessario a fornirti i servizi, compresa la garanzia del prodotto che pu\u00f2 durare fino a 10 anni, o (nel caso di qualsiasi contatto con il nostro team di assistenza clienti) per tutto il tempo necessario a fornire rapporti di assistenza e analisi delle tendenze.<\/span><\/p>\n<p class=\"p1\"><span class=\"s1\">Potremmo conservare alcune delle tue informazioni, se richiesto dalla legge, anche dopo che il tuo account \u00e8 stato chiuso e non abbiamo pi\u00f9 bisogno di fornirti alcun servizio.<\/span><\/p>\n<p class=\"p1\"><span class=\"s1\">I dati utilizzati per il marketing diretto saranno salvati fino a quando l&#8217;utente non si cancella o non diventa inattivo per pi\u00f9 di un anno.<\/span><\/p>\n<p class=\"p2\">\n<p class=\"p1\"><span class=\"s1\">Non vendiamo e non venderemo a terzi i tuoi dati personali, compresi nome, indirizzo, indirizzo e-mail o informazioni sulla carta di credito.<span class=\"Apple-converted-space\">  <\/span>Vogliamo guadagnare e mantenere la tua fiducia e crediamo che questo sia assolutamente essenziale per farlo.<\/span><\/p>\n<p class=\"p1\"><span class=\"s1\">Tuttavia, condividiamo i tuoi dati con le seguenti categorie di aziende come parte essenziale per poterti fornire i nostri servizi, come indicato nella presente informativa:<\/span><\/p>\n<p class=\"p1\"><span class=\"s1\">&#8211; Societ\u00e0 affiliate e responsabili del trattamento per l&#8217;adempimento del contratto di acquisto o per l&#8217;esecuzione di processi e procedure interne.<\/span><\/p>\n<p class=\"p1\"><span class=\"s1\">&#8211; Societ\u00e0 che emettono carte di credito, fornitori di servizi di pagamento per elaborare i pagamenti e banche, sulla base del tuo ordine, per adempiere a un contratto di acquisto<\/span><\/p>\n<p class=\"p1\"><span class=\"s1\">&#8211; Vettori per la consegna del tuo ordine o dei tuoi servizi  <\/span><\/p>\n<p class=\"p1\"><span class=\"s1\">&#8211; Altri fornitori di servizi e terze parti coinvolte nell&#8217;elaborazione dei dati<\/span><\/p>\n<p class=\"p1\"><span class=\"s1\">&#8211; Terze parti, come le forze dell&#8217;ordine, altre agenzie governative e parti correlate, se ci viene richiesto dalla legge<\/span><\/p>\n<\/p>\n<p class=\"p1\"><span class=\"s1\">Possiamo fornire a terzi informazioni aggregate ma anonimizzate e analisi sui nostri clienti e, prima di farlo, ci assicureremo che non ti identifichino.<\/span><\/p>\n<p class=\"p2\">\n<p class=\"p2\">\n<h3 class=\"p1\"><span class=\"s1\">Quali sono i tuoi diritti<\/span><\/h3>\n<p class=\"p1\"><span class=\"s1\">&#8211; Il diritto di accedere alle informazioni personali in nostro possesso.<span class=\"Apple-converted-space\">  <\/span>Hai il diritto di richiedere informazioni sui tuoi dati personali in nostro possesso in qualsiasi momento.<br \/>\nQuando ci contatti, ti forniremo i tuoi dati personali via e-mail. <\/span><\/p>\n<p class=\"p1\"><span class=\"s1\">&#8211; Il diritto alla portabilit\u00e0.<span class=\"Apple-converted-space\">  <\/span>Hai il diritto di ottenere una copia dei tuoi dati in un formato strutturato, comunemente utilizzato e leggibile da una macchina, da trasferire a te o a un&#8217;altra parte.<span class=\"Apple-converted-space\">  <\/span>Questo include solo i dati personali che ci hai fornito.<span class=\"Apple-converted-space\">  <\/span>Hai inoltre il diritto di richiedere il trasferimento o la portabilit\u00e0 di elementi dei tuoi dati a te o a un altro fornitore di servizi.<\/span><\/p>\n<p class=\"p1\"><span class=\"s1\">&#8211; Il diritto alla rettifica.<span class=\"Apple-converted-space\">  <\/span>Hai il diritto di richiedere la rettifica dei tuoi dati personali se non sono corretti, compreso il diritto di far completare i dati personali incompleti.<\/span><\/p>\n<p class=\"p1\"><span class=\"s1\">&#8211; Il diritto alla cancellazione.<span class=\"Apple-converted-space\">  <\/span>Hai il diritto di richiedere la cancellazione, l&#8217;interruzione dell&#8217;elaborazione o la raccolta di qualsiasi dato personale in qualsiasi momento.<\/span><\/p>\n<p class=\"p1\"><span class=\"s1\">&#8211; Il diritto di opporsi al trattamento dei dati personali basato sul legittimo interesse.<span class=\"Apple-converted-space\">  <\/span>Su tua richiesta, FipMed.co non continuer\u00e0 a trattare i tuoi dati personali a meno che non dimostri di avere un motivo legittimo per farlo, che prevalga sui tuoi interessi e diritti, o a causa di obblighi o rivendicazioni legali.<\/span><\/p>\n<p class=\"p1\"><span class=\"s1\">&#8211; Il diritto di opporsi al marketing diretto.<span class=\"Apple-converted-space\">  <\/span>Hai il diritto di opporti al marketing diretto, compresa l&#8217;analisi della profilazione effettuata per finalit\u00e0 di marketing diretto.<\/span><\/p>\n<p class=\"p1\"><span class=\"s1\">In generale, in quanto nostro cliente o visitatore del sito, hai diritto a ricevere informazioni complete sulla raccolta e sul trattamento dei tuoi dati personali.<span class=\"Apple-converted-space\">  <\/span>Se desideri esercitare i tuoi diritti, hai bisogno di assistenza, hai un reclamo o semplicemente hai delle domande, non esitare a contattarci.<\/span><\/p>\n<p class=\"p2\">\n<h3 class=\"p1\"><span class=\"s1\">Informazioni sui cookie<\/span><\/h3>\n<p class=\"p1\"><span class=\"s1\">I cookie sono piccoli file di testo inviati da un sito web e memorizzati nel browser dell&#8217;utente durante la navigazione del sito.<span class=\"Apple-converted-space\">  <\/span>Quando l&#8217;utente naviga sullo stesso sito web in futuro, i dati memorizzati nel cookie possono essere recuperati dal sito web per notificare l&#8217;attivit\u00e0 precedente dell&#8217;utente, distinguendo cos\u00ec l&#8217;utente dagli altri che utilizzano il sito.<\/span><\/p>\n<p class=\"p2\">\n<p class=\"p1\"><span class=\"s1\">Utilizziamo i cookie per aiutarti a navigare nel nostro sito web in modo efficiente e per svolgere alcune funzioni, tra cui l&#8217;analisi del traffico del sito.<br \/>\nI cookie possono anche riconoscerti al tuo prossimo accesso e offrirti contenuti personalizzati in base alle tue preferenze e ai tuoi interessi. <\/span><\/p>\n<p class=\"p1\"><span class=\"s1\">Possiamo memorizzare i cookie sul tuo dispositivo se sono strettamente necessari per il funzionamento di questo sito.<br \/>\nPer tutti gli altri tipi di cookie abbiamo bisogno del tuo consenso.<br \/>\nQuesto sito utilizza diversi tipi di cookie.<br \/>\nAlcuni cookie sono inseriti da servizi di terze parti che appaiono sulle nostre pagine.<br \/>\nPuoi modificare o revocare il tuo consenso in qualsiasi momento dal *Cookie Manager del nostro sito web.    <\/span><\/p>\n<p class=\"p2\">\n<p class=\"p1\"><span class=\"s1\">Tipi di cookie che utilizziamo:<\/span><\/p>\n<p class=\"p1\"><span class=\"s1\">&#8211; I cookie necessari aiutano a rendere utilizzabile un sito web consentendo funzioni di base come la navigazione delle pagine e l&#8217;accesso alle aree sicure del sito.<br \/>\nIl sito web non pu\u00f2 funzionare correttamente senza questi cookie. <\/span><\/p>\n<p class=\"p1\"><span class=\"s1\">&#8211; I cookie di preferenza consentono a un sito web di ricordare informazioni che modificano il comportamento o l&#8217;aspetto del sito, come la lingua preferita o la regione in cui ti trovi.<\/span><\/p>\n<p class=\"p1\"><span class=\"s1\">&#8211; I cookie statistici aiutano i proprietari dei siti web a capire come i visitatori interagiscono con i siti web raccogliendo e riportando informazioni in forma anonima.<\/span><\/p>\n<p class=\"p1\"><span class=\"s1\">&#8211; I cookie di marketing vengono utilizzati per tracciare i visitatori dei siti web.<br \/>\nL&#8217;intento \u00e8 quello di mostrare annunci pertinenti e coinvolgenti per il singolo utente e quindi di maggior valore per gli editori e gli inserzionisti di terze parti. <\/span><\/p>\n\t\t\t\t\t\t\t\t<\/div>\n\t\t\t\t<\/div>\n\t\t\t\t\t<\/div>\n\t\t<\/div>\n\t\t\t\t\t<\/div>\n\t\t<\/section>\n\t\t\t\t<\/div>\n\t\t","protected":false},"excerpt":{"rendered":"<p>La privacy dei dati \u00e8 di grande importanza per FipMed.co e vogliamo essere aperti e trasparenti nel modo in cui trattiamo i tuoi dati personali. Ci impegniamo a proteggere la privacy e la sicurezza dei nostri clienti e dei visitatori del sito. Pertanto, abbiamo una politica che definisce lo scopo per cui i tuoi dati [&hellip;]<\/p>\n","protected":false},"author":1,"featured_media":0,"parent":0,"menu_order":0,"comment_status":"closed","ping_status":"open","template":"","meta":{"_glsr_average":0,"_glsr_ranking":0,"_glsr_reviews":0,"footnotes":""},"categories":[],"tags":[],"_links":{"self":[{"href":"https:\/\/fipmed.co\/it\/wp-json\/wp\/v2\/pages\/22116"}],"collection":[{"href":"https:\/\/fipmed.co\/it\/wp-json\/wp\/v2\/pages"}],"about":[{"href":"https:\/\/fipmed.co\/it\/wp-json\/wp\/v2\/types\/page"}],"author":[{"embeddable":true,"href":"https:\/\/fipmed.co\/it\/wp-json\/wp\/v2\/users\/1"}],"replies":[{"embeddable":true,"href":"https:\/\/fipmed.co\/it\/wp-json\/wp\/v2\/comments?post=22116"}],"version-history":[{"count":1,"href":"https:\/\/fipmed.co\/it\/wp-json\/wp\/v2\/pages\/22116\/revisions"}],"predecessor-version":[{"id":22121,"href":"https:\/\/fipmed.co\/it\/wp-json\/wp\/v2\/pages\/22116\/revisions\/22121"}],"wp:attachment":[{"href":"https:\/\/fipmed.co\/it\/wp-json\/wp\/v2\/media?parent=22116"}],"wp:term":[{"taxonomy":"category","embeddable":true,"href":"https:\/\/fipmed.co\/it\/wp-json\/wp\/v2\/categories?post=22116"},{"taxonomy":"post_tag","embeddable":true,"href":"https:\/\/fipmed.co\/it\/wp-json\/wp\/v2\/tags?post=22116"}],"curies":[{"name":"wp","href":"https:\/\/api.w.org\/{rel}","templated":true}]}}