{"id":3859,"date":"2022-11-25T15:15:32","date_gmt":"2022-11-25T15:15:32","guid":{"rendered":"https:\/\/fipmed.co\/fip-informazioni\/"},"modified":"2024-01-22T18:45:20","modified_gmt":"2024-01-22T18:45:20","slug":"fip-informazioni","status":"publish","type":"page","link":"https:\/\/fipmed.co\/it\/fip-informazioni\/","title":{"rendered":"Informazioni sulla FIP"},"content":{"rendered":"\t\t<div data-elementor-type=\"wp-page\" data-elementor-id=\"3859\" class=\"elementor elementor-3859 elementor-27\">\n\t\t\t\t\t\t<section class=\"elementor-section elementor-top-section elementor-element elementor-element-c6e8339 elementor-section-boxed elementor-section-height-default elementor-section-height-default\" data-id=\"c6e8339\" data-element_type=\"section\" data-settings=\"{&quot;background_background&quot;:&quot;classic&quot;}\">\n\t\t\t\t\t\t<div class=\"elementor-container elementor-column-gap-default\">\n\t\t\t\t\t<div class=\"elementor-column elementor-col-100 elementor-top-column elementor-element elementor-element-20903e9\" data-id=\"20903e9\" data-element_type=\"column\">\n\t\t\t<div class=\"elementor-widget-wrap elementor-element-populated\">\n\t\t\t\t\t\t<div class=\"elementor-element elementor-element-61718f0 elementor-widget elementor-widget-heading\" data-id=\"61718f0\" data-element_type=\"widget\" data-widget_type=\"heading.default\">\n\t\t\t\t<div class=\"elementor-widget-container\">\n\t\t\t\t\t<h2 class=\"elementor-heading-title elementor-size-default\">La conoscenza \u00e8 potere.\nLeggete per saperne di pi\u00f9 sulla FIP. \n<\/h2>\t\t\t\t<\/div>\n\t\t\t\t<\/div>\n\t\t\t\t<div class=\"elementor-element elementor-element-05a63aa elementor-widget elementor-widget-text-editor\" data-id=\"05a63aa\" data-element_type=\"widget\" data-widget_type=\"text-editor.default\">\n\t\t\t\t<div class=\"elementor-widget-container\">\n\t\t\t\t\t\t\t\t\t<p>Ci auguriamo che questi articoli che abbiamo scritto vi siano utili. In essi sono contenute alcune informazioni FIP che \u00e8 bene conoscere.<\/p>\n\t\t\t\t\t\t\t\t<\/div>\n\t\t\t\t<\/div>\n\t\t\t\t<div class=\"elementor-element elementor-element-4d9c521 elementor-widget elementor-widget-shortcode\" data-id=\"4d9c521\" data-element_type=\"widget\" data-widget_type=\"shortcode.default\">\n\t\t\t\t<div class=\"elementor-widget-container\">\n\t\t\t\t\t\t\t<div class=\"elementor-shortcode\"><div class=\"pages-grid-container\"><div class=\"pages-grid\"><div class=\"pages-grid-post\"><div class=\"pages-grid-thumb\"><img data-opt-id=594676602  fetchpriority=\"high\" decoding=\"async\" width=\"340\" height=\"240\" src=\"https:\/\/ml9txs9ouv9q.i.optimole.com\/w:340\/h:240\/q:mauto\/rt:fill\/g:ce\/f:best\/https:\/\/fipmed.co\/wp-content\/uploads\/2024\/03\/fip-treatment-monitoring.jpg\" class=\"attachment-post-thumbnail size-post-thumbnail wp-post-image\" alt=\"fip treatment monitoring\" \/><\/div><h2><a href=\"https:\/\/fipmed.co\/it\/fip-trattamento-monitoraggio-cosa-devo-aspettarmi-di-vedere-e-cosa-monitorare-durante-il-fip-trattamento\/\">Monitoraggio del trattamento FIP: Cosa devo aspettarmi di vedere e cosa monitorare durante il trattamento della FIP?<\/a><\/h2><p>A cosa devo prestare attenzione durante il trattamento della FIP? \u00c8 fondamentale valutare la rispos...<\/p><\/div><div class=\"pages-grid-post\"><div class=\"pages-grid-thumb\"><img data-opt-id=1794834948  data-opt-src=\"https:\/\/ml9txs9ouv9q.i.optimole.com\/w:340\/h:240\/q:mauto\/rt:fill\/g:ce\/f:best\/https:\/\/fipmed.co\/wp-content\/uploads\/2024\/03\/fip-tablets.jpg\"  decoding=\"async\" width=\"340\" height=\"240\" src=\"data:image/svg+xml,%3Csvg%20viewBox%3D%220%200%20340%20240%22%20width%3D%22340%22%20height%3D%22240%22%20xmlns%3D%22http%3A%2F%2Fwww.w3.org%2F2000%2Fsvg%22%3E%3Crect%20width%3D%22340%22%20height%3D%22240%22%20fill%3D%22transparent%22%2F%3E%3C%2Fsvg%3E\" class=\"attachment-post-thumbnail size-post-thumbnail wp-post-image\" alt=\"fip tablets\" \/><noscript><img data-opt-id=1794834948  decoding=\"async\" width=\"340\" height=\"240\" src=\"https:\/\/ml9txs9ouv9q.i.optimole.com\/w:340\/h:240\/q:mauto\/rt:fill\/g:ce\/f:best\/https:\/\/fipmed.co\/wp-content\/uploads\/2024\/03\/fip-tablets.jpg\" class=\"attachment-post-thumbnail size-post-thumbnail wp-post-image\" alt=\"fip tablets\" \/></noscript><\/div><h2><a href=\"https:\/\/fipmed.co\/it\/il-miglior-medicinale-orale-per-la-fip-fip-compresse-e-capsule\/\">I migliori farmaci orali per la FIP &#8211; Compresse e capsule per la FIP<\/a><\/h2><p>Sebbene le iniezioni siano generalmente considerate pi\u00f9 affidabili della forma orale del GS-441524 ...<\/p><\/div><div class=\"pages-grid-post\"><div class=\"pages-grid-thumb\"><img data-opt-id=1676285181  data-opt-src=\"https:\/\/ml9txs9ouv9q.i.optimole.com\/w:340\/h:240\/q:mauto\/rt:fill\/g:ce\/f:best\/https:\/\/fipmed.co\/wp-content\/uploads\/2023\/11\/is-fip-contagious.jpg\"  decoding=\"async\" width=\"340\" height=\"240\" src=\"data:image/svg+xml,%3Csvg%20viewBox%3D%220%200%20340%20240%22%20width%3D%22340%22%20height%3D%22240%22%20xmlns%3D%22http%3A%2F%2Fwww.w3.org%2F2000%2Fsvg%22%3E%3Crect%20width%3D%22340%22%20height%3D%22240%22%20fill%3D%22transparent%22%2F%3E%3C%2Fsvg%3E\" class=\"attachment-post-thumbnail size-post-thumbnail wp-post-image\" alt=\"\" \/><noscript><img data-opt-id=1676285181  decoding=\"async\" width=\"340\" height=\"240\" src=\"https:\/\/ml9txs9ouv9q.i.optimole.com\/w:340\/h:240\/q:mauto\/rt:fill\/g:ce\/f:best\/https:\/\/fipmed.co\/wp-content\/uploads\/2023\/11\/is-fip-contagious.jpg\" class=\"attachment-post-thumbnail size-post-thumbnail wp-post-image\" alt=\"\" \/></noscript><\/div><h2><a href=\"https:\/\/fipmed.co\/it\/la-fip-e-contagiosa-come-si-fip-gatto-contagio-trasmette\/\">La FIP \u00e8 contagiosa: come si FIP gatto contagio trasmette?<\/a><\/h2><p>La FIP \u00e8 contagiosa? Anche se non \u00e8 contagiosa come altre malattie feline, la FIP \u00e8 comunque un v...<\/p><\/div><\/div><div class=\"pages-grid\"><div class=\"pages-grid-post\"><div class=\"pages-grid-thumb\"><img data-opt-id=16614490  data-opt-src=\"https:\/\/ml9txs9ouv9q.i.optimole.com\/w:340\/h:240\/q:mauto\/rt:fill\/g:ce\/f:best\/https:\/\/fipmed.co\/wp-content\/uploads\/2023\/11\/how-do-cats-get-fip.jpg\"  loading=\"lazy\" decoding=\"async\" width=\"340\" height=\"240\" src=\"data:image/svg+xml,%3Csvg%20viewBox%3D%220%200%20340%20240%22%20width%3D%22340%22%20height%3D%22240%22%20xmlns%3D%22http%3A%2F%2Fwww.w3.org%2F2000%2Fsvg%22%3E%3Crect%20width%3D%22340%22%20height%3D%22240%22%20fill%3D%22transparent%22%2F%3E%3C%2Fsvg%3E\" class=\"attachment-post-thumbnail size-post-thumbnail wp-post-image\" alt=\"\" \/><noscript><img data-opt-id=16614490  loading=\"lazy\" decoding=\"async\" width=\"340\" height=\"240\" src=\"https:\/\/ml9txs9ouv9q.i.optimole.com\/w:340\/h:240\/q:mauto\/rt:fill\/g:ce\/f:best\/https:\/\/fipmed.co\/wp-content\/uploads\/2023\/11\/how-do-cats-get-fip.jpg\" class=\"attachment-post-thumbnail size-post-thumbnail wp-post-image\" alt=\"\" \/></noscript><\/div><h2><a href=\"https:\/\/fipmed.co\/it\/come-si-ammalano-i-gatti-di-fip-quali-sono-le-cause-della-gatto-fip\/\">Come si ammalano i gatti di FIP: quali sono le cause della gatto FIP?<\/a><\/h2><p>Come si ammalano i gatti di FIP? Quali sono le cause della gatto FIP? Il Coronavirus felino (FCoV) ?...<\/p><\/div><div class=\"pages-grid-post\"><div class=\"pages-grid-thumb\"><img data-opt-id=271799625  data-opt-src=\"https:\/\/ml9txs9ouv9q.i.optimole.com\/w:auto\/h:auto\/q:mauto\/f:best\/https:\/\/fipmed.co\/wp-content\/uploads\/thumbnail-default.jpg\"  decoding=\"async\" alt=\"\" src=\"data:image/svg+xml,%3Csvg%20viewBox%3D%220%200%20100%%20100%%22%20width%3D%22100%%22%20height%3D%22100%%22%20xmlns%3D%22http%3A%2F%2Fwww.w3.org%2F2000%2Fsvg%22%3E%3Crect%20width%3D%22100%%22%20height%3D%22100%%22%20fill%3D%22transparent%22%2F%3E%3C%2Fsvg%3E\" \/><noscript><img data-opt-id=271799625  decoding=\"async\" alt=\"\" src=\"https:\/\/ml9txs9ouv9q.i.optimole.com\/w:auto\/h:auto\/q:mauto\/f:best\/https:\/\/fipmed.co\/wp-content\/uploads\/thumbnail-default.jpg\" \/></noscript><\/div><h2><a href=\"https:\/\/fipmed.co\/it\/gs-441524-gs441524\/\">GS 441524<\/a><\/h2><p>Cos&#8217;\u00e8 GS 441524? GS 441524 \u00e8 un rivoluzionario analogo nucleosidico che \u00e8 diventato un punt...<\/p><\/div><div class=\"pages-grid-post\"><div class=\"pages-grid-thumb\"><img data-opt-id=271799625  data-opt-src=\"https:\/\/ml9txs9ouv9q.i.optimole.com\/w:auto\/h:auto\/q:mauto\/f:best\/https:\/\/fipmed.co\/wp-content\/uploads\/thumbnail-default.jpg\"  decoding=\"async\" alt=\"\" src=\"data:image/svg+xml,%3Csvg%20viewBox%3D%220%200%20100%%20100%%22%20width%3D%22100%%22%20height%3D%22100%%22%20xmlns%3D%22http%3A%2F%2Fwww.w3.org%2F2000%2Fsvg%22%3E%3Crect%20width%3D%22100%%22%20height%3D%22100%%22%20fill%3D%22transparent%22%2F%3E%3C%2Fsvg%3E\" \/><noscript><img data-opt-id=271799625  decoding=\"async\" alt=\"\" src=\"https:\/\/ml9txs9ouv9q.i.optimole.com\/w:auto\/h:auto\/q:mauto\/f:best\/https:\/\/fipmed.co\/wp-content\/uploads\/thumbnail-default.jpg\" \/></noscript><\/div><h2><a href=\"https:\/\/fipmed.co\/it\/fip-nei-gatti\/\">FIP nei gatti: Tutto quello che c&#8217;\u00e8 da sapere su questa malattia curabile<\/a><\/h2><p>Cos&#8217;\u00e8 la FIP nei gatti La FIP, o Peritonite Infettiva Felina, \u00e8 una malattia virale grave e ...<\/p><\/div><\/div><div class=\"pages-grid\"><div class=\"pages-grid-post\"><div class=\"pages-grid-thumb\"><img data-opt-id=1309440420  data-opt-src=\"https:\/\/ml9txs9ouv9q.i.optimole.com\/w:340\/h:240\/q:mauto\/rt:fill\/g:ce\/f:best\/https:\/\/fipmed.co\/wp-content\/uploads\/2022\/12\/18.jpg\"  loading=\"lazy\" decoding=\"async\" width=\"340\" height=\"240\" src=\"data:image/svg+xml,%3Csvg%20viewBox%3D%220%200%20340%20240%22%20width%3D%22340%22%20height%3D%22240%22%20xmlns%3D%22http%3A%2F%2Fwww.w3.org%2F2000%2Fsvg%22%3E%3Crect%20width%3D%22340%22%20height%3D%22240%22%20fill%3D%22transparent%22%2F%3E%3C%2Fsvg%3E\" class=\"attachment-post-thumbnail size-post-thumbnail wp-post-image\" alt=\"vitamins for cats\" \/><noscript><img data-opt-id=1309440420  loading=\"lazy\" decoding=\"async\" width=\"340\" height=\"240\" src=\"https:\/\/ml9txs9ouv9q.i.optimole.com\/w:340\/h:240\/q:mauto\/rt:fill\/g:ce\/f:best\/https:\/\/fipmed.co\/wp-content\/uploads\/2022\/12\/18.jpg\" class=\"attachment-post-thumbnail size-post-thumbnail wp-post-image\" alt=\"vitamins for cats\" \/></noscript><\/div><h2><a href=\"https:\/\/fipmed.co\/it\/le-vitamine-b12-per-i-gatti-con-fip-sono-importanti-per-la-guarigione\/\">Le vitamine B12 per i gatti con FIP sono importanti per la guarigione<\/a><\/h2><p>Quando ci si prende cura di un gatto affetto da peritonite infettiva felina (FIP), il mantenimento d...<\/p><\/div><div class=\"pages-grid-post\"><div class=\"pages-grid-thumb\"><img data-opt-id=1145295304  data-opt-src=\"https:\/\/ml9txs9ouv9q.i.optimole.com\/w:340\/h:240\/q:mauto\/rt:fill\/g:ce\/f:best\/https:\/\/fipmed.co\/wp-content\/uploads\/2022\/12\/16.jpg\"  loading=\"lazy\" decoding=\"async\" width=\"340\" height=\"240\" src=\"data:image/svg+xml,%3Csvg%20viewBox%3D%220%200%20340%20240%22%20width%3D%22340%22%20height%3D%22240%22%20xmlns%3D%22http%3A%2F%2Fwww.w3.org%2F2000%2Fsvg%22%3E%3Crect%20width%3D%22340%22%20height%3D%22240%22%20fill%3D%22transparent%22%2F%3E%3C%2Fsvg%3E\" class=\"attachment-post-thumbnail size-post-thumbnail wp-post-image\" alt=\"\" \/><noscript><img data-opt-id=1145295304  loading=\"lazy\" decoding=\"async\" width=\"340\" height=\"240\" src=\"https:\/\/ml9txs9ouv9q.i.optimole.com\/w:340\/h:240\/q:mauto\/rt:fill\/g:ce\/f:best\/https:\/\/fipmed.co\/wp-content\/uploads\/2022\/12\/16.jpg\" class=\"attachment-post-thumbnail size-post-thumbnail wp-post-image\" alt=\"\" \/></noscript><\/div><h2><a href=\"https:\/\/fipmed.co\/it\/tipi-di-fip-del-gatto\/\">4 Tipi di FIP del gatto: FIP umido, FIP secco, FIP Oculare, FIP Neurologica<\/a><\/h2><p>La peritonite infettiva felina (FIP) \u00e8 una malattia comune e fatale dei gatti. Non solo, ma ha anch...<\/p><\/div><div class=\"pages-grid-post\"><div class=\"pages-grid-thumb\"><img data-opt-id=839967258  data-opt-src=\"https:\/\/ml9txs9ouv9q.i.optimole.com\/w:340\/h:240\/q:mauto\/rt:fill\/g:ce\/f:best\/https:\/\/fipmed.co\/wp-content\/uploads\/2022\/12\/15.jpg\"  loading=\"lazy\" decoding=\"async\" width=\"340\" height=\"240\" src=\"data:image/svg+xml,%3Csvg%20viewBox%3D%220%200%20340%20240%22%20width%3D%22340%22%20height%3D%22240%22%20xmlns%3D%22http%3A%2F%2Fwww.w3.org%2F2000%2Fsvg%22%3E%3Crect%20width%3D%22340%22%20height%3D%22240%22%20fill%3D%22transparent%22%2F%3E%3C%2Fsvg%3E\" class=\"attachment-post-thumbnail size-post-thumbnail wp-post-image\" alt=\"\" \/><noscript><img data-opt-id=839967258  loading=\"lazy\" decoding=\"async\" width=\"340\" height=\"240\" src=\"https:\/\/ml9txs9ouv9q.i.optimole.com\/w:340\/h:240\/q:mauto\/rt:fill\/g:ce\/f:best\/https:\/\/fipmed.co\/wp-content\/uploads\/2022\/12\/15.jpg\" class=\"attachment-post-thumbnail size-post-thumbnail wp-post-image\" alt=\"\" \/></noscript><\/div><h2><a href=\"https:\/\/fipmed.co\/it\/trattamento-della-fip-nei-gatti-i-progressi-della-medicina-per-la-fip-salvano-i-gatti\/\">Trattamento della FIP nei gatti: I progressi della medicina per la FIP salvano i gatti<\/a><\/h2><p>Per i gatti \u00e8 gi\u00e0 disponibile un trattamento di provata efficacia contro la FIP. Tuttavia, a causa...<\/p><\/div><\/div><div class=\"pages-grid\"><div class=\"pages-grid-post\"><div class=\"pages-grid-thumb\"><img data-opt-id=988384800  data-opt-src=\"https:\/\/ml9txs9ouv9q.i.optimole.com\/w:340\/h:240\/q:mauto\/rt:fill\/g:ce\/f:best\/https:\/\/fipmed.co\/wp-content\/uploads\/2022\/12\/13.jpg\"  loading=\"lazy\" decoding=\"async\" width=\"340\" height=\"240\" src=\"data:image/svg+xml,%3Csvg%20viewBox%3D%220%200%20340%20240%22%20width%3D%22340%22%20height%3D%22240%22%20xmlns%3D%22http%3A%2F%2Fwww.w3.org%2F2000%2Fsvg%22%3E%3Crect%20width%3D%22340%22%20height%3D%22240%22%20fill%3D%22transparent%22%2F%3E%3C%2Fsvg%3E\" class=\"attachment-post-thumbnail size-post-thumbnail wp-post-image\" alt=\"cat fip\" \/><noscript><img data-opt-id=988384800  loading=\"lazy\" decoding=\"async\" width=\"340\" height=\"240\" src=\"https:\/\/ml9txs9ouv9q.i.optimole.com\/w:340\/h:240\/q:mauto\/rt:fill\/g:ce\/f:best\/https:\/\/fipmed.co\/wp-content\/uploads\/2022\/12\/13.jpg\" class=\"attachment-post-thumbnail size-post-thumbnail wp-post-image\" alt=\"cat fip\" \/></noscript><\/div><h2><a href=\"https:\/\/fipmed.co\/it\/fip-felina-10-cose-da-fare-nel-momento-in-cui-al-vostro-felino-viene-diagnosticata-la-fip-felina\/\">FIP felina: 10 cose da fare nel momento in cui al vostro felino viene diagnosticata la FIP felina<\/a><\/h2><p>Pu\u00f2 essere snervante se avete appena scoperto che il vostro gatto ha la FIP. Se questo \u00e8 il vostro...<\/p><\/div><div class=\"pages-grid-post\"><div class=\"pages-grid-thumb\"><img data-opt-id=1545105702  data-opt-src=\"https:\/\/ml9txs9ouv9q.i.optimole.com\/w:340\/h:240\/q:mauto\/rt:fill\/g:ce\/f:best\/https:\/\/fipmed.co\/wp-content\/uploads\/2022\/12\/12.jpg\"  loading=\"lazy\" decoding=\"async\" width=\"340\" height=\"240\" src=\"data:image/svg+xml,%3Csvg%20viewBox%3D%220%200%20340%20240%22%20width%3D%22340%22%20height%3D%22240%22%20xmlns%3D%22http%3A%2F%2Fwww.w3.org%2F2000%2Fsvg%22%3E%3Crect%20width%3D%22340%22%20height%3D%22240%22%20fill%3D%22transparent%22%2F%3E%3C%2Fsvg%3E\" class=\"attachment-post-thumbnail size-post-thumbnail wp-post-image\" alt=\"sintomi della fip\" \/><noscript><img data-opt-id=1545105702  loading=\"lazy\" decoding=\"async\" width=\"340\" height=\"240\" src=\"https:\/\/ml9txs9ouv9q.i.optimole.com\/w:340\/h:240\/q:mauto\/rt:fill\/g:ce\/f:best\/https:\/\/fipmed.co\/wp-content\/uploads\/2022\/12\/12.jpg\" class=\"attachment-post-thumbnail size-post-thumbnail wp-post-image\" alt=\"sintomi della fip\" \/></noscript><\/div><h2><a href=\"https:\/\/fipmed.co\/it\/fip-gatto-sintomi-segni-di-gatti-infetti\/\">FIP Gatto Sintomi: Segni di Gatti Infetti<\/a><\/h2><p>FIP Gatto Sintomi Il coronavirus felino (FCoV) pu\u00f2 causare la peritonite infettiva felina, o FIP, u...<\/p><\/div><div class=\"pages-grid-post\"><div class=\"pages-grid-thumb\"><img data-opt-id=1416345956  data-opt-src=\"https:\/\/ml9txs9ouv9q.i.optimole.com\/w:340\/h:240\/q:mauto\/rt:fill\/g:ce\/f:best\/https:\/\/fipmed.co\/wp-content\/uploads\/2022\/12\/11.jpg\"  loading=\"lazy\" decoding=\"async\" width=\"340\" height=\"240\" src=\"data:image/svg+xml,%3Csvg%20viewBox%3D%220%200%20340%20240%22%20width%3D%22340%22%20height%3D%22240%22%20xmlns%3D%22http%3A%2F%2Fwww.w3.org%2F2000%2Fsvg%22%3E%3Crect%20width%3D%22340%22%20height%3D%22240%22%20fill%3D%22transparent%22%2F%3E%3C%2Fsvg%3E\" class=\"attachment-post-thumbnail size-post-thumbnail wp-post-image\" alt=\"\" \/><noscript><img data-opt-id=1416345956  loading=\"lazy\" decoding=\"async\" width=\"340\" height=\"240\" src=\"https:\/\/ml9txs9ouv9q.i.optimole.com\/w:340\/h:240\/q:mauto\/rt:fill\/g:ce\/f:best\/https:\/\/fipmed.co\/wp-content\/uploads\/2022\/12\/11.jpg\" class=\"attachment-post-thumbnail size-post-thumbnail wp-post-image\" alt=\"\" \/></noscript><\/div><h2><a href=\"https:\/\/fipmed.co\/it\/integratori-alimentari-per-gatti-con-fip\/\">Integratori alimentari per gatti con FIP<\/a><\/h2><p>Si raccomanda di somministrare al gatto vitamine e integratori per mantenere sani e forti i reni e i...<\/p><\/div><\/div><div class=\"pages-grid\"><div class=\"pages-grid-post\"><div class=\"pages-grid-thumb\"><img data-opt-id=1030769726  data-opt-src=\"https:\/\/ml9txs9ouv9q.i.optimole.com\/w:340\/h:240\/q:mauto\/rt:fill\/g:ce\/f:best\/https:\/\/fipmed.co\/wp-content\/uploads\/2022\/12\/10.jpg\"  loading=\"lazy\" decoding=\"async\" width=\"340\" height=\"240\" src=\"data:image/svg+xml,%3Csvg%20viewBox%3D%220%200%20340%20240%22%20width%3D%22340%22%20height%3D%22240%22%20xmlns%3D%22http%3A%2F%2Fwww.w3.org%2F2000%2Fsvg%22%3E%3Crect%20width%3D%22340%22%20height%3D%22240%22%20fill%3D%22transparent%22%2F%3E%3C%2Fsvg%3E\" class=\"attachment-post-thumbnail size-post-thumbnail wp-post-image\" alt=\"FIP Vaccine\" \/><noscript><img data-opt-id=1030769726  loading=\"lazy\" decoding=\"async\" width=\"340\" height=\"240\" src=\"https:\/\/ml9txs9ouv9q.i.optimole.com\/w:340\/h:240\/q:mauto\/rt:fill\/g:ce\/f:best\/https:\/\/fipmed.co\/wp-content\/uploads\/2022\/12\/10.jpg\" class=\"attachment-post-thumbnail size-post-thumbnail wp-post-image\" alt=\"FIP Vaccine\" \/></noscript><\/div><h2><a href=\"https:\/\/fipmed.co\/it\/vaccino-fip-e-altri-modi-per-prevenire-la-fip-nei-gatti\/\">Vaccino FIP e altri modi per prevenire la FIP nei gatti<\/a><\/h2><p>La peritonite infettiva felina (FIP) \u00e8 un virus incurabile e spesso fatale che colpisce meno dell&#...<\/p><\/div><div class=\"pages-grid-post\"><div class=\"pages-grid-thumb\"><img data-opt-id=27672458  data-opt-src=\"https:\/\/ml9txs9ouv9q.i.optimole.com\/w:340\/h:240\/q:mauto\/rt:fill\/g:ce\/f:best\/https:\/\/fipmed.co\/wp-content\/uploads\/2022\/12\/9.jpg\"  loading=\"lazy\" decoding=\"async\" width=\"340\" height=\"240\" src=\"data:image/svg+xml,%3Csvg%20viewBox%3D%220%200%20340%20240%22%20width%3D%22340%22%20height%3D%22240%22%20xmlns%3D%22http%3A%2F%2Fwww.w3.org%2F2000%2Fsvg%22%3E%3Crect%20width%3D%22340%22%20height%3D%22240%22%20fill%3D%22transparent%22%2F%3E%3C%2Fsvg%3E\" class=\"attachment-post-thumbnail size-post-thumbnail wp-post-image\" alt=\"fip treatments\" \/><noscript><img data-opt-id=27672458  loading=\"lazy\" decoding=\"async\" width=\"340\" height=\"240\" src=\"https:\/\/ml9txs9ouv9q.i.optimole.com\/w:340\/h:240\/q:mauto\/rt:fill\/g:ce\/f:best\/https:\/\/fipmed.co\/wp-content\/uploads\/2022\/12\/9.jpg\" class=\"attachment-post-thumbnail size-post-thumbnail wp-post-image\" alt=\"fip treatments\" \/></noscript><\/div><h2><a href=\"https:\/\/fipmed.co\/it\/trattamenti-fip-iniezioni-di-fip-vs-compresse-o-pillole-di-fip\/\">Trattamenti FIP: Iniezioni di FIP vs compresse o pillole di FIP<\/a><\/h2><p>Quando si sceglie un farmaco antivirale GS-441524 per il trattamento della FIP, si possono avere due...<\/p><\/div><div class=\"pages-grid-post\"><div class=\"pages-grid-thumb\"><img data-opt-id=1829205392  data-opt-src=\"https:\/\/ml9txs9ouv9q.i.optimole.com\/w:340\/h:240\/q:mauto\/rt:fill\/g:ce\/f:best\/https:\/\/fipmed.co\/wp-content\/uploads\/2022\/12\/8.jpg\"  loading=\"lazy\" decoding=\"async\" width=\"340\" height=\"240\" src=\"data:image/svg+xml,%3Csvg%20viewBox%3D%220%200%20340%20240%22%20width%3D%22340%22%20height%3D%22240%22%20xmlns%3D%22http%3A%2F%2Fwww.w3.org%2F2000%2Fsvg%22%3E%3Crect%20width%3D%22340%22%20height%3D%22240%22%20fill%3D%22transparent%22%2F%3E%3C%2Fsvg%3E\" class=\"attachment-post-thumbnail size-post-thumbnail wp-post-image\" alt=\"healthy cat weight\" \/><noscript><img data-opt-id=1829205392  loading=\"lazy\" decoding=\"async\" width=\"340\" height=\"240\" src=\"https:\/\/ml9txs9ouv9q.i.optimole.com\/w:340\/h:240\/q:mauto\/rt:fill\/g:ce\/f:best\/https:\/\/fipmed.co\/wp-content\/uploads\/2022\/12\/8.jpg\" class=\"attachment-post-thumbnail size-post-thumbnail wp-post-image\" alt=\"healthy cat weight\" \/></noscript><\/div><h2><a href=\"https:\/\/fipmed.co\/it\/peso-del-gatto-sano-e-altri-segni-di-gatti-sani-e-non-sani\/\">Peso del gatto sano e altri segni di gatti sani e non sani<\/a><\/h2><p>Oltre a conoscere il peso sano del gatto, altri segnali che indicano se il vostro gatto non \u00e8 in sa...<\/p><\/div><\/div><div class=\"pages-grid\"><div class=\"pages-grid-post\"><div class=\"pages-grid-thumb\"><img data-opt-id=1224736368  data-opt-src=\"https:\/\/ml9txs9ouv9q.i.optimole.com\/w:340\/h:240\/q:mauto\/rt:fill\/g:ce\/f:best\/https:\/\/fipmed.co\/wp-content\/uploads\/2022\/12\/7.jpg\"  loading=\"lazy\" decoding=\"async\" width=\"340\" height=\"240\" src=\"data:image/svg+xml,%3Csvg%20viewBox%3D%220%200%20340%20240%22%20width%3D%22340%22%20height%3D%22240%22%20xmlns%3D%22http%3A%2F%2Fwww.w3.org%2F2000%2Fsvg%22%3E%3Crect%20width%3D%22340%22%20height%3D%22240%22%20fill%3D%22transparent%22%2F%3E%3C%2Fsvg%3E\" class=\"attachment-post-thumbnail size-post-thumbnail wp-post-image\" alt=\"Final Stages of FIP in Cat\" \/><noscript><img data-opt-id=1224736368  loading=\"lazy\" decoding=\"async\" width=\"340\" height=\"240\" src=\"https:\/\/ml9txs9ouv9q.i.optimole.com\/w:340\/h:240\/q:mauto\/rt:fill\/g:ce\/f:best\/https:\/\/fipmed.co\/wp-content\/uploads\/2022\/12\/7.jpg\" class=\"attachment-post-thumbnail size-post-thumbnail wp-post-image\" alt=\"Final Stages of FIP in Cat\" \/></noscript><\/div><h2><a href=\"https:\/\/fipmed.co\/it\/che-cosa-succede-durante-le-fasi-finali-della-fip-nel-gatto\/\">Che cosa succede durante le fasi finali della FIP nel gatto?<\/a><\/h2><p>La diagnosi di peritonite infettiva felina (FIP) nei gatti \u00e8 spesso straziante per i proprietari. ?...<\/p><\/div><div class=\"pages-grid-post\"><div class=\"pages-grid-thumb\"><img data-opt-id=887609815  data-opt-src=\"https:\/\/ml9txs9ouv9q.i.optimole.com\/w:340\/h:240\/q:mauto\/rt:fill\/g:ce\/f:best\/https:\/\/fipmed.co\/wp-content\/uploads\/2022\/12\/1.jpg\"  loading=\"lazy\" decoding=\"async\" width=\"340\" height=\"240\" src=\"data:image/svg+xml,%3Csvg%20viewBox%3D%220%200%20340%20240%22%20width%3D%22340%22%20height%3D%22240%22%20xmlns%3D%22http%3A%2F%2Fwww.w3.org%2F2000%2Fsvg%22%3E%3Crect%20width%3D%22340%22%20height%3D%22240%22%20fill%3D%22transparent%22%2F%3E%3C%2Fsvg%3E\" class=\"attachment-post-thumbnail size-post-thumbnail wp-post-image\" alt=\"\" \/><noscript><img data-opt-id=887609815  loading=\"lazy\" decoding=\"async\" width=\"340\" height=\"240\" src=\"https:\/\/ml9txs9ouv9q.i.optimole.com\/w:340\/h:240\/q:mauto\/rt:fill\/g:ce\/f:best\/https:\/\/fipmed.co\/wp-content\/uploads\/2022\/12\/1.jpg\" class=\"attachment-post-thumbnail size-post-thumbnail wp-post-image\" alt=\"\" \/></noscript><\/div><h2><a href=\"https:\/\/fipmed.co\/it\/elenco-completo-di-tutti-i-analisi-per-fip-gatto-diagnosi-se-il-gatto-ha-la-peritonite-infettiva-felina\/\">Elenco completo di tutti i analisi per FIP gatto diagnosi se il gatto ha la Peritonite Infettiva Felina<\/a><\/h2><p>Che cos&#8217;\u00e8 il FIP gatto diagnosi? Il test FIP \u00e8 il processo di diagnosi della peritonite infe...<\/p><\/div><div class=\"pages-grid-post\"><div class=\"pages-grid-thumb\"><img data-opt-id=1291403922  data-opt-src=\"https:\/\/ml9txs9ouv9q.i.optimole.com\/w:340\/h:240\/q:mauto\/rt:fill\/g:ce\/f:best\/https:\/\/fipmed.co\/wp-content\/uploads\/2022\/12\/2.jpg\"  loading=\"lazy\" decoding=\"async\" width=\"340\" height=\"240\" src=\"data:image/svg+xml,%3Csvg%20viewBox%3D%220%200%20340%20240%22%20width%3D%22340%22%20height%3D%22240%22%20xmlns%3D%22http%3A%2F%2Fwww.w3.org%2F2000%2Fsvg%22%3E%3Crect%20width%3D%22340%22%20height%3D%22240%22%20fill%3D%22transparent%22%2F%3E%3C%2Fsvg%3E\" class=\"attachment-post-thumbnail size-post-thumbnail wp-post-image\" alt=\"\" \/><noscript><img data-opt-id=1291403922  loading=\"lazy\" decoding=\"async\" width=\"340\" height=\"240\" src=\"https:\/\/ml9txs9ouv9q.i.optimole.com\/w:340\/h:240\/q:mauto\/rt:fill\/g:ce\/f:best\/https:\/\/fipmed.co\/wp-content\/uploads\/2022\/12\/2.jpg\" class=\"attachment-post-thumbnail size-post-thumbnail wp-post-image\" alt=\"\" \/></noscript><\/div><h2><a href=\"https:\/\/fipmed.co\/it\/cosa-fare-per-il-fluido-addominale-del-gatto-causato-da-fip-umida-o-effusiva\/\">Cosa fare per il fluido addominale del gatto causato da FIP umida o effusiva<\/a><\/h2><p>Il legame tra la FIP e il fluido addominale del gatto La FIP provoca l&#8217;accumulo di liquidi nel...<\/p><\/div><\/div><div class=\"pages-grid\"><\/div><\/div><\/div>\n\t\t\t\t\t\t<\/div>\n\t\t\t\t<\/div>\n\t\t\t\t\t<\/div>\n\t\t<\/div>\n\t\t\t\t\t<\/div>\n\t\t<\/section>\n\t\t\t\t<\/div>\n\t\t","protected":false},"excerpt":{"rendered":"<p>La conoscenza \u00e8 potere. Leggete per saperne di pi\u00f9 sulla FIP. Ci auguriamo che questi articoli che abbiamo scritto vi siano utili. In essi sono contenute alcune informazioni FIP che \u00e8 bene conoscere.<\/p>\n","protected":false},"author":1,"featured_media":0,"parent":0,"menu_order":0,"comment_status":"closed","ping_status":"closed","template":"elementor_header_footer","meta":{"_glsr_average":0,"_glsr_ranking":0,"_glsr_reviews":0,"footnotes":""},"categories":[],"tags":[],"_links":{"self":[{"href":"https:\/\/fipmed.co\/it\/wp-json\/wp\/v2\/pages\/3859"}],"collection":[{"href":"https:\/\/fipmed.co\/it\/wp-json\/wp\/v2\/pages"}],"about":[{"href":"https:\/\/fipmed.co\/it\/wp-json\/wp\/v2\/types\/page"}],"author":[{"embeddable":true,"href":"https:\/\/fipmed.co\/it\/wp-json\/wp\/v2\/users\/1"}],"replies":[{"embeddable":true,"href":"https:\/\/fipmed.co\/it\/wp-json\/wp\/v2\/comments?post=3859"}],"version-history":[{"count":0,"href":"https:\/\/fipmed.co\/it\/wp-json\/wp\/v2\/pages\/3859\/revisions"}],"wp:attachment":[{"href":"https:\/\/fipmed.co\/it\/wp-json\/wp\/v2\/media?parent=3859"}],"wp:term":[{"taxonomy":"category","embeddable":true,"href":"https:\/\/fipmed.co\/it\/wp-json\/wp\/v2\/categories?post=3859"},{"taxonomy":"post_tag","embeddable":true,"href":"https:\/\/fipmed.co\/it\/wp-json\/wp\/v2\/tags?post=3859"}],"curies":[{"name":"wp","href":"https:\/\/api.w.org\/{rel}","templated":true}]}}