{"id":4028,"date":"2022-11-25T15:16:30","date_gmt":"2022-11-25T15:16:30","guid":{"rendered":"https:\/\/fipmed.co\/politica-di-ritorno\/"},"modified":"2024-03-07T04:07:41","modified_gmt":"2024-03-07T04:07:41","slug":"politica-di-restituzione-fip","status":"publish","type":"page","link":"https:\/\/fipmed.co\/it\/politica-di-restituzione-fip\/","title":{"rendered":"Politica di restituzione FIP"},"content":{"rendered":"\t\t<div data-elementor-type=\"wp-page\" data-elementor-id=\"4028\" class=\"elementor elementor-4028 elementor-34\">\n\t\t\t\t\t\t<section class=\"elementor-section elementor-top-section elementor-element elementor-element-c3897a7 elementor-section-boxed elementor-section-height-default elementor-section-height-default\" data-id=\"c3897a7\" data-element_type=\"section\">\n\t\t\t\t\t\t<div class=\"elementor-container elementor-column-gap-default\">\n\t\t\t\t\t<div class=\"elementor-column elementor-col-100 elementor-top-column elementor-element elementor-element-32e3bf0\" data-id=\"32e3bf0\" data-element_type=\"column\">\n\t\t\t<div class=\"elementor-widget-wrap elementor-element-populated\">\n\t\t\t\t\t\t<div class=\"elementor-element elementor-element-c7b81b6 elementor-widget elementor-widget-text-editor\" data-id=\"c7b81b6\" data-element_type=\"widget\" data-widget_type=\"text-editor.default\">\n\t\t\t\t<div class=\"elementor-widget-container\">\n\t\t\t\t\t\t\t\t\t<p><span style=\"font-kerning: none;\">Questa \u00e8 la nostra politica di restituzione FIP. Siamo sicuri dell&#8217;efficacia della nostra terapia con GS-441524. Se la nostra terapia GS-441524 non \u00e8 in grado di salvare il vostro gatto dalla FIP, vi rimborseremo il 50% di tutte le fiale non utilizzate e delle strisce di compresse non aperte. Non possiamo rivendere i prodotti, ma saranno donati ai rifugi per gatti. <\/span><\/p>\n<p><span style=\"font-kerning: none;\">Si prega di notare che questo rimborso \u00e8 riservato al proprietario il cui gatto \u00e8 morto e non si \u00e8 salvato nonostante sia stato trattato correttamente con i prodotti Fipmed per un minimo di 14 giorni. <\/span><\/p>\n<p><span style=\"font-kerning: none;\">L&#8217;articolo acquistato deve essere inutilizzato e nelle stesse condizioni in cui \u00e8 stato ricevuto. Inoltre, deve essere nella sua confezione originale.<\/span><\/p>\n<p><span style=\"font-kerning: none;\">Questa garanzia si applica alle fiale o alle pillole acquistate entro 21 giorni dalla presentazione del reclamo. Per coprire le spese di spedizione, i materiali di spedizione, la manodopera e i costi di transazione, come le commissioni per i gateway di pagamento, addebitiamo un costo di 80 dollari USA.<\/span><\/p>\n<p><span style=\"font-kerning: none;\">I flaconi non aperti devono essere conservati a 3-8\u00b0 C o a temperatura ambiente per le capsule, al riparo dalla luce solare diretta, finch\u00e9 non ci vengono restituiti.<\/span><\/p>\n<p><span style=\"color: var( --e-global-color-text ); font-weight: var( --e-global-typography-text-font-weight );\">Per evitare abusi, la compagnia ha bisogno dei seguenti documenti (come minimo) per elaborare la richiesta di risarcimento:<\/span><\/p>\n<ol>\n<li>Allegare il rapporto di diagnosi della FIP del vostro animale e gli esami del sangue per la conferma della FIP.<\/li>\n<\/ol>\n<ol start=\"2\">\n<li>La documentazione clinica del veterinario che ha curato il vostro animale e la certificazione del medico che attesta la morte del gatto a causa della FIP.<\/li>\n<\/ol>\n<ol start=\"3\">\n<li>Ricevute datate dallo stesso veterinario.<\/li>\n<\/ol>\n<ol start=\"4\">\n<li>Modulo di restituzione compilato (da scaricare <a href=\"http:\/\/fipmed.co\/wp-content\/uploads\/2023\/11\/FIPMed_Returns-Form.pdf\">qui<\/a>)<\/li>\n<li>Coordinate bancarie &#8211; il pagamento pu\u00f2 essere effettuato solo a voi o al veterinario curante.<\/li>\n<\/ol>\n<p>Fornire i documenti di cui sopra a sostegno della richiesta ci aiuter\u00e0 a elaborare ed emettere il rimborso senza ritardi. La compagnia pu\u00f2 contattare il veterinario o l&#8217;assicurato se ha bisogno di ulteriori informazioni a sostegno della richiesta di indennizzo.<\/p>\n<p><span style=\"font-kerning: none;\"> In caso contrario, la richiesta di risarcimento non sar\u00e0 pagata, a meno che non si verifichino circostanze eccezionali.<\/span><\/p>\n<p><span style=\"font-kerning: none;\"><b>NOTA:<\/b><\/span><\/p>\n<p><span style=\"font-kerning: none;\">&#8211; Questa garanzia non si applica agli acquisti effettuati tramite programmi di donazione.<\/span><\/p>\n<p><span style=\"color: var( --e-global-color-text ); font-weight: var( --e-global-typography-text-font-weight );\">&#8211; I clienti saranno responsabili del costo della spedizione di ritorno, oltre che della spedizione iniziale.<\/span><\/p>\n<p><span style=\"font-kerning: none;\">&#8211; Verificheremo il vostro articolo al momento della ricezione e vi comunicheremo che abbiamo ricevuto il vostro articolo restituito. Dopo aver controllato l&#8217;articolo, vi informeremo rapidamente sullo stato del vostro rimborso.<\/span><\/p>\n<p>&#8211; Per il rimborso del vostro conto sono necessari fino a 14 giorni lavorativi da quando riceviamo gli articoli nel nostro magazzino.<\/p>\n<p>&#8211; Vi invieremo un&#8217;e-mail una volta completato il processo di rimborso.<\/p>\n<p><span style=\"font-kerning: none;\">&#8211; Se il reso viene accettato, avvieremo un rimborso sulla carta di credito o sul conto corrente. <\/span><\/p>\n<p><span style=\"font-kerning: none;\">&#8211; A seconda delle restrizioni imposte dall&#8217;emittente della carta, il rimborso verr\u00e0 effettuato entro un determinato numero di giorni.<\/span><\/p>\n<p><span style=\"font-kerning: none;\">&#8211; Le spese di spedizione saranno a carico del cliente al momento della restituzione dell&#8217;articolo. Il costo della spedizione non \u00e8 rimborsabile.<\/span><\/p>\n<p>&#8211; La compagnia non pu\u00f2 autorizzare o garantire il pagamento della richiesta di indennizzo finch\u00e9 non riceve il modulo di richiesta di indennizzo compilato in ogni sua parte e non ha terminato la sua valutazione.<\/p>\n<p>&#8211; Gli articoli che non soddisfano le nostre linee guida per la restituzione o che vengono restituiti senza la ricevuta di ritorno non saranno rimborsati.<\/p>\n<p><span style=\"font-kerning: none;\">Per qualsiasi domanda sulle modalit\u00e0 di restituzione dei vostri acquisti, contattateci.<\/span><\/p>\n\t\t\t\t\t\t\t\t<\/div>\n\t\t\t\t<\/div>\n\t\t\t\t\t<\/div>\n\t\t<\/div>\n\t\t\t\t\t<\/div>\n\t\t<\/section>\n\t\t\t\t<\/div>\n\t\t","protected":false},"excerpt":{"rendered":"<p>Questa \u00e8 la nostra politica di restituzione FIP. Siamo sicuri dell&#8217;efficacia della nostra terapia con GS-441524. Se la nostra terapia GS-441524 non \u00e8 in grado di salvare il vostro gatto dalla FIP, vi rimborseremo il 50% di tutte le fiale non utilizzate e delle strisce di compresse non aperte. Non possiamo rivendere i prodotti, ma [&hellip;]<\/p>\n","protected":false},"author":1,"featured_media":0,"parent":0,"menu_order":0,"comment_status":"closed","ping_status":"closed","template":"","meta":{"_glsr_average":0,"_glsr_ranking":0,"_glsr_reviews":0,"footnotes":""},"categories":[],"tags":[],"_links":{"self":[{"href":"https:\/\/fipmed.co\/it\/wp-json\/wp\/v2\/pages\/4028"}],"collection":[{"href":"https:\/\/fipmed.co\/it\/wp-json\/wp\/v2\/pages"}],"about":[{"href":"https:\/\/fipmed.co\/it\/wp-json\/wp\/v2\/types\/page"}],"author":[{"embeddable":true,"href":"https:\/\/fipmed.co\/it\/wp-json\/wp\/v2\/users\/1"}],"replies":[{"embeddable":true,"href":"https:\/\/fipmed.co\/it\/wp-json\/wp\/v2\/comments?post=4028"}],"version-history":[{"count":0,"href":"https:\/\/fipmed.co\/it\/wp-json\/wp\/v2\/pages\/4028\/revisions"}],"wp:attachment":[{"href":"https:\/\/fipmed.co\/it\/wp-json\/wp\/v2\/media?parent=4028"}],"wp:term":[{"taxonomy":"category","embeddable":true,"href":"https:\/\/fipmed.co\/it\/wp-json\/wp\/v2\/categories?post=4028"},{"taxonomy":"post_tag","embeddable":true,"href":"https:\/\/fipmed.co\/it\/wp-json\/wp\/v2\/tags?post=4028"}],"curies":[{"name":"wp","href":"https:\/\/api.w.org\/{rel}","templated":true}]}}