{"id":27494,"date":"2024-12-19T13:19:45","date_gmt":"2024-12-19T13:19:45","guid":{"rendered":"https:\/\/fipmed.co\/product\/1x-bottle-fipmed-eidd2801-30x-capsules-for-5kg-cats\/"},"modified":"2025-06-14T06:01:26","modified_gmt":"2025-06-14T06:01:26","slug":"1x-bottle-fipmed-eidd2801-30x-capsules-for-5kg-cats","status":"publish","type":"product","link":"https:\/\/fipmed.co\/it\/prodotto\/1x-bottle-fipmed-eidd2801-30x-capsules-for-5kg-cats\/","title":{"rendered":"FIPMed EIDD2801 30x Capsule (5kg gatti) Alta tossicit\u00e0. Solo per gatti resistenti al GS441525."},"content":{"rendered":"<p>Offriamo le capsule FIPMed EIDD2801 per i gatti che hanno sviluppato una resistenza al GS441524 e che non funzionano pi\u00f9. In questo caso, l&#8217;EIDD2801 pu\u00f2 essere l&#8217;ultima risorsa. Il molnupiravir (EIDD-2801) presenta un&#8217;elevata tossicit\u00e0 che lo rende inadatto all&#8217;uso a lungo termine richiesto dal trattamento della FIP. L&#8217;uso prolungato pu\u00f2 portare a mutazioni dell&#8217;RNA, aumentando il rischio di cancro. <\/p>\n<p>Il molnupiravir \u00e8 adatto solo per trattamenti a breve termine come il COVID-19, dove un ciclo di 5 giorni non \u00e8 abbastanza lungo da causare effetti mutageni dannosi.<\/p>\n<p><strong>I gatti affetti da FIP trattati con Molnupiravir o EIDD2801 potrebbero avere maggiori probabilit\u00e0 di ammalarsi di cancro entro 3 anni. Non \u00e8 consigliabile trattare la FIP con l&#8217;EIDD2801, soprattutto per i gatti giovani. <\/strong><\/p>\n<p>\u00c8 un&#8217;alternativa solo se il tuo gatto non risponde pi\u00f9 al GS441524.<\/p>\n<p>Perch\u00e9 il trattamento della FIP deve durare 84 giorni? Il virus della FIPV rimane nel corpo del gatto fino a 90 giorni. Gli antivirali come GS-441524, Molnupiravir e GC376 inibiscono la replicazione del virus piuttosto che ucciderlo direttamente, quindi dobbiamo aspettare che il virus muoia naturalmente. Attualmente non esiste alcun farmaco in commercio in grado di uccidere il virus con successo e di abbreviare i tempi di trattamento. &#8211; Indicazioni: 1 capsula al giorno &#8211; Ogni capsula contiene 100 mg di Molnupiravir (EIDD2801) per gatti di 5 kg &#8211; Ogni flacone contiene 30 capsule   <\/p>\n<p><strong>Come riconoscere l&#8217;EIDD2801 venduto come GS441524?<\/strong><\/p>\n<p><span style=\"font-size: 12pt;\">&#8211; Se il prezzo \u00e8 molto pi\u00f9 basso rispetto agli standard del settore per GS441524<\/span><\/p>\n<p><span style=\"font-size: 12pt;\">&#8211; Se viene venduto sotto forma di capsule. Nessun produttore produce GS-441524 sotto forma di capsule. Ma tutti i trattamenti EIDD2801 sono prodotti in forma di capsule.  <\/span><\/p>\n<p><span style=\"font-size: 12pt;\">&#8211; Se il dosaggio o la durata del trattamento sono diversi da quelli consigliati dal Dr. Niels Pedersen<\/span><\/p>\n","protected":false},"excerpt":{"rendered":"<p>Offriamo le capsule FIPMed EIDD2801 per i gatti che hanno sviluppato una resistenza al GS441524 e che non funzionano pi\u00f9. In questo caso, l&#8217;EIDD2801 pu\u00f2 essere l&#8217;ultima risorsa. Il molnupiravir (EIDD-2801) presenta un&#8217;elevata tossicit\u00e0 che lo rende inadatto all&#8217;uso a lungo termine richiesto dal trattamento della FIP. L&#8217;uso prolungato pu\u00f2 portare a mutazioni dell&#8217;RNA, aumentando il rischio di cancro. <\/p>\n<p>Il molnupiravir \u00e8 adatto solo per trattamenti a breve termine come il COVID-19, dove un ciclo di 5 giorni non \u00e8 abbastanza lungo da causare effetti mutageni dannosi.<\/p>\n<p>I gatti affetti da FIP trattati con Molnupiravir o EIDD2801 potrebbero avere maggiori probabilit\u00e0 di ammalarsi di cancro entro 3 anni. Non \u00e8 consigliabile trattare la FIP con l&#8217;EIDD2801, soprattutto per i gatti giovani. <\/p>\n<p>\u00c8 un&#8217;alternativa solo se il tuo gatto non risponde pi\u00f9 al GS441524.<\/p>\n<p>Perch\u00e9 il trattamento della FIP deve durare 84 giorni? Il virus della FIPV rimane nel corpo del gatto fino a 90 giorni. Gli antivirali come GS-441524, Molnupiravir e GC376 inibiscono la replicazione del virus piuttosto che ucciderlo direttamente, quindi dobbiamo aspettare che il virus muoia naturalmente. Attualmente non esiste alcun farmaco in commercio in grado di uccidere il virus con successo e di abbreviare i tempi di trattamento.   <\/p>\n","protected":false},"featured_media":27077,"template":"","meta":{"_glsr_average":0,"_glsr_ranking":0,"_glsr_reviews":0},"product_cat":[1142],"product_tag":[],"_links":{"self":[{"href":"https:\/\/fipmed.co\/it\/wp-json\/wp\/v2\/product\/27494"}],"collection":[{"href":"https:\/\/fipmed.co\/it\/wp-json\/wp\/v2\/product"}],"about":[{"href":"https:\/\/fipmed.co\/it\/wp-json\/wp\/v2\/types\/product"}],"wp:featuredmedia":[{"embeddable":true,"href":"https:\/\/fipmed.co\/it\/wp-json\/wp\/v2\/media\/27077"}],"wp:attachment":[{"href":"https:\/\/fipmed.co\/it\/wp-json\/wp\/v2\/media?parent=27494"}],"wp:term":[{"taxonomy":"product_cat","embeddable":true,"href":"https:\/\/fipmed.co\/it\/wp-json\/wp\/v2\/product_cat?post=27494"},{"taxonomy":"product_tag","embeddable":true,"href":"https:\/\/fipmed.co\/it\/wp-json\/wp\/v2\/product_tag?post=27494"}],"curies":[{"name":"wp","href":"https:\/\/api.w.org\/{rel}","templated":true}]}}