{"id":8536,"date":"2023-08-07T13:23:51","date_gmt":"2023-08-07T13:23:51","guid":{"rendered":"https:\/\/fipmed.co\/?post_type=product&#038;p=8536"},"modified":"2024-05-18T06:08:28","modified_gmt":"2024-05-18T06:08:28","slug":"50x-striscia-fipmed-compresse-40mg-x-10-giorni","status":"publish","type":"product","link":"https:\/\/fipmed.co\/it\/prodotto\/50x-striscia-fipmed-compresse-40mg-x-10-giorni\/","title":{"rendered":"USO DEL VET: 50x strisce FipMed Compresse x 10 giorni (per gatti di 4 kg)"},"content":{"rendered":"<p class=\"p1\"><span class=\"s1\">FipMed GS-441524 compresse \u00e8 un trattamento efficace per la peritonite infettiva felina (FIP).<\/span><\/p>\n<p class=\"p1\"><span class=\"s1\">Ogni compressa di FipMed per gatti di 4 kg contiene 60 mg di GS-441524. \u00c8 formulato per gatti di peso non superiore a 4 kg.<\/span><\/p>\n<p class=\"p1\"><span class=\"s1\">GS-441524 \u00e8 metabolicamente stabile. Tuttavia, la quantit\u00e0 assorbita non sar\u00e0 completamente metabolizzata dopo la digestione. La quantit\u00e0 metabolizzata stimata \u00e8 sufficiente sia per la FIP umida che per quella secca. Raddoppia il dosaggio per la FIP oculare e la FIP neurologica. Prendi due compresse invece di una.<\/span><\/p>\n<p class=\"p1\"><span class=\"s1\">Ogni striscia contiene 10 compresse orali (10 giorni di trattamento)<\/span><\/p>\n<p>Quantit\u00e0: 50x striscia<\/p>\n","protected":false},"excerpt":{"rendered":"<p class=\"p1\"><span class=\"s1\">FipMed GS-441524 compresse \u00e8 un trattamento efficace per la peritonite infettiva felina (FIP).<\/span><\/p>\n<p class=\"p1\"><span class=\"s1\">Ogni compressa di FipMed per gatti di 4 kg contiene 60 mg di GS-441524. \u00c8 formulato per gatti di peso non superiore a 4 kg.<\/span><\/p>\n<p class=\"p1\"><span class=\"s1\">GS-441524 \u00e8 metabolicamente stabile. Tuttavia, la quantit\u00e0 assorbita non sar\u00e0 completamente metabolizzata dopo la digestione. La quantit\u00e0 metabolizzata stimata \u00e8 sufficiente sia per la FIP umida che per quella secca. Raddoppia il dosaggio per la FIP oculare e la FIP neurologica. Prendi due compresse invece di una.<\/span><\/p>\n<p class=\"p1\"><span class=\"s1\">Ogni striscia contiene 10 compresse orali (10 giorni di trattamento)<\/span><\/p>\n<p>Quantit\u00e0: 50x striscia<\/p>\n","protected":false},"featured_media":20135,"template":"","meta":{"_glsr_average":0,"_glsr_ranking":0,"_glsr_reviews":0},"product_cat":[674],"product_tag":[],"_links":{"self":[{"href":"https:\/\/fipmed.co\/it\/wp-json\/wp\/v2\/product\/8536"}],"collection":[{"href":"https:\/\/fipmed.co\/it\/wp-json\/wp\/v2\/product"}],"about":[{"href":"https:\/\/fipmed.co\/it\/wp-json\/wp\/v2\/types\/product"}],"wp:featuredmedia":[{"embeddable":true,"href":"https:\/\/fipmed.co\/it\/wp-json\/wp\/v2\/media\/20135"}],"wp:attachment":[{"href":"https:\/\/fipmed.co\/it\/wp-json\/wp\/v2\/media?parent=8536"}],"wp:term":[{"taxonomy":"product_cat","embeddable":true,"href":"https:\/\/fipmed.co\/it\/wp-json\/wp\/v2\/product_cat?post=8536"},{"taxonomy":"product_tag","embeddable":true,"href":"https:\/\/fipmed.co\/it\/wp-json\/wp\/v2\/product_tag?post=8536"}],"curies":[{"name":"wp","href":"https:\/\/api.w.org\/{rel}","templated":true}]}}