{"id":8586,"date":"2023-08-15T04:34:08","date_gmt":"2023-08-15T04:34:08","guid":{"rendered":"https:\/\/fipmed.co\/?post_type=product&#038;p=8586"},"modified":"2025-11-15T12:26:07","modified_gmt":"2025-11-15T12:26:07","slug":"6x-striscia-fipmed-compresse-30-mg-x-10-giorni-per-gatti-di-3-kg","status":"publish","type":"product","link":"https:\/\/fipmed.co\/it\/prodotto\/6x-striscia-fipmed-compresse-30-mg-x-10-giorni-per-gatti-di-3-kg\/","title":{"rendered":"6x Strips FipMed Compresse x 10 giorni (per gatti di 3 kg)"},"content":{"rendered":"<p class=\"p1\"><span class=\"s1\">FipMed GS-441524 compresse \u00e8 un trattamento efficace per la peritonite infettiva felina (FIP).<\/span><\/p>\n<p class=\"p1\"><span class=\"s1\">Ogni compressa di FipMed per gatto di 3 kg contiene 45 mg di GS-441524. \u00c8 formulato per gatti di peso non superiore a 3 kg.<\/span><\/p>\n<p class=\"p1\"><span class=\"s1\">GS-441524 \u00e8 metabolicamente stabile. Tuttavia, la quantit\u00e0 assorbita non sar\u00e0 completamente metabolizzata dopo la digestione. La quantit\u00e0 metabolizzata stimata \u00e8 sufficiente sia per la FIP umida che per quella secca. Raddoppia il dosaggio per la FIP oculare e la FIP neurologica. Prendi due compresse invece di una.<\/span><\/p>\n<p>&nbsp;<\/p>\n<p class=\"p1\"><span class=\"s1\">Le compresse e il dosaggio di FIPMed sono stati formulati sulla base delle raccomandazioni del Dr. Niels Pedersen:<\/span><\/p>\n<p><strong>Dosaggio FIP umido\/asciutto per compresse:<\/strong><\/p>\n<p>Contenuto effettivo della compressa GS441524: 15mg\/kg<\/p>\n<p>Dopo una perdita del 60% dovuta a digestione e metabolizzazione*: 6mg\/kg<\/p>\n<p><strong>Dosaggio della FIP oculare\/neurologica per le compresse:<\/strong><\/p>\n<p>Contenuto effettivo della compressa GS441524: 30mg\/kg<\/p>\n<p>Dopo una perdita del 60% dovuta a digestione e metabolizzazione*: 12mg\/kg<\/p>\n<p>&nbsp;<\/p>\n<p>* Anche la somministrazione orale \u00e8 risultata in grado di fornire livelli ematici, ma con un certo ritardo e solo al 40% circa dei livelli di picco delle vie sottocutanee ed endovenose. GS-441424 viene assorbito dall&#8217;intestino con un&#8217;efficienza di circa il 50% rispetto alla somministrazione sottocutanea o endovenosa. Dati i limiti di assorbimento del GS-441524 per via orale, ci si aspetta che il dosaggio orale sia circa il doppio di quello delle iniezioni. (Niels Pedersen NC, 2018).<\/p>\n<p><a href=\"https:\/\/www.vetmed.ucdavis.edu\/sites\/g\/files\/dgvnsk4586\/files\/inline-files\/Use%20of%20oral%20GS-441524%20for%20FIP%20treatmemt_0.pdf\" rel=\"nofollow noopener\" target=\"_blank\">https:\/\/www.vetmed.ucdavis.edu\/sites\/g\/files\/dgvnsk4586\/files\/inline-files\/Use%20of%20oral%20GS-441524%20for%20FIP%20treatmemt_0.pdf<\/a><\/p>\n<p>&nbsp;<\/p>\n<p class=\"p1\"><span class=\"s1\">Ogni striscia contiene 10 compresse orali (10 giorni di trattamento)<\/span><\/p>\n","protected":false},"excerpt":{"rendered":"<p class=\"p1\"><span class=\"s1\">FipMed GS-441524 compresse \u00e8 un trattamento efficace per la peritonite infettiva felina (FIP).<\/span><\/p>\n<p class=\"p1\"><span class=\"s1\">Ogni compressa di FipMed per gatto di 3 kg contiene 45 mg di GS-441524. \u00c8 formulato per gatti di peso non superiore a 3 kg.<\/span><\/p>\n<p class=\"p1\"><span class=\"s1\">GS-441524 \u00e8 metabolicamente stabile. Tuttavia, la quantit\u00e0 assorbita non sar\u00e0 completamente metabolizzata dopo la digestione. La quantit\u00e0 metabolizzata stimata \u00e8 sufficiente sia per la FIP umida che per quella secca. Raddoppia il dosaggio per la FIP oculare e la FIP neurologica. Prendi due compresse invece di una.<\/span><\/p>\n<p class=\"p1\"><span class=\"s1\">Ogni striscia contiene 10 compresse orali (10 giorni di trattamento)<\/span><\/p>\n","protected":false},"featured_media":25214,"template":"","meta":{"_glsr_average":4.9,"_glsr_ranking":4.7914728682171,"_glsr_reviews":119},"product_cat":[387],"product_tag":[],"_links":{"self":[{"href":"https:\/\/fipmed.co\/it\/wp-json\/wp\/v2\/product\/8586"}],"collection":[{"href":"https:\/\/fipmed.co\/it\/wp-json\/wp\/v2\/product"}],"about":[{"href":"https:\/\/fipmed.co\/it\/wp-json\/wp\/v2\/types\/product"}],"wp:featuredmedia":[{"embeddable":true,"href":"https:\/\/fipmed.co\/it\/wp-json\/wp\/v2\/media\/25214"}],"wp:attachment":[{"href":"https:\/\/fipmed.co\/it\/wp-json\/wp\/v2\/media?parent=8586"}],"wp:term":[{"taxonomy":"product_cat","embeddable":true,"href":"https:\/\/fipmed.co\/it\/wp-json\/wp\/v2\/product_cat?post=8586"},{"taxonomy":"product_tag","embeddable":true,"href":"https:\/\/fipmed.co\/it\/wp-json\/wp\/v2\/product_tag?post=8586"}],"curies":[{"name":"wp","href":"https:\/\/api.w.org\/{rel}","templated":true}]}}