{"id":21538,"date":"2022-11-25T15:14:53","date_gmt":"2022-11-25T15:14:53","guid":{"rendered":"https:\/\/fipmed.co\/doseringscalculator\/"},"modified":"2024-11-22T08:59:10","modified_gmt":"2024-11-22T08:59:10","slug":"doseringscalculator","status":"publish","type":"page","link":"https:\/\/fipmed.co\/nl\/doseringscalculator\/","title":{"rendered":"Dosering berekenen"},"content":{"rendered":"\t\t<div data-elementor-type=\"wp-page\" data-elementor-id=\"21538\" class=\"elementor elementor-21538 elementor-23\">\n\t\t\t\t\t\t<section class=\"elementor-section elementor-top-section elementor-element elementor-element-eb8087c elementor-section-boxed elementor-section-height-default elementor-section-height-default\" data-id=\"eb8087c\" data-element_type=\"section\">\n\t\t\t\t\t\t<div class=\"elementor-container elementor-column-gap-default\">\n\t\t\t\t\t<div class=\"elementor-column elementor-col-100 elementor-top-column elementor-element elementor-element-f6193ee\" data-id=\"f6193ee\" data-element_type=\"column\">\n\t\t\t<div class=\"elementor-widget-wrap elementor-element-populated\">\n\t\t\t\t\t\t<div class=\"elementor-element elementor-element-e1cee53 elementor-widget elementor-widget-heading\" data-id=\"e1cee53\" data-element_type=\"widget\" data-widget_type=\"heading.default\">\n\t\t\t\t<div class=\"elementor-widget-container\">\n\t\t\t\t\t<h2 class=\"elementor-heading-title elementor-size-default\">Dosering berekenen<\/h2>\t\t\t\t<\/div>\n\t\t\t\t<\/div>\n\t\t\t\t<div class=\"elementor-element elementor-element-717f075 elementor-widget elementor-widget-text-editor\" data-id=\"717f075\" data-element_type=\"widget\" data-widget_type=\"text-editor.default\">\n\t\t\t\t<div class=\"elementor-widget-container\">\n\t\t\t\t\t\t\t\t\t<p>We raden aan om een spuit van 3 ml of 5 ml te gebruiken, afhankelijk van het vereiste volume, en een naald van 21 gauge met een lengte van 2,5 cm.<br \/>\nJe kat<br \/>zal in gewicht toenemen naarmate de behandeling vordert.  Weeg je kat wekelijks en pas de dosering hierop aan. BELANGRIJKE OPMERKING: Verminder de dosering niet als de kat<br \/>beter wordt, omdat dit kan leiden tot een terugval.<\/p>\n\t\t\t\t\t\t\t\t<\/div>\n\t\t\t\t<\/div>\n\t\t\t\t\t<\/div>\n\t\t<\/div>\n\t\t\t\t\t<\/div>\n\t\t<\/section>\n\t\t\t\t<section class=\"elementor-section elementor-top-section elementor-element elementor-element-596af40 elementor-section-boxed elementor-section-height-default elementor-section-height-default\" data-id=\"596af40\" data-element_type=\"section\">\n\t\t\t\t\t\t<div class=\"elementor-container elementor-column-gap-default\">\n\t\t\t\t\t<div class=\"elementor-column elementor-col-100 elementor-top-column elementor-element elementor-element-3b1768a\" data-id=\"3b1768a\" data-element_type=\"column\">\n\t\t\t<div class=\"elementor-widget-wrap elementor-element-populated\">\n\t\t\t\t\t\t<div class=\"elementor-element elementor-element-d310386 elementor-widget elementor-widget-shortcode\" data-id=\"d310386\" data-element_type=\"widget\" data-widget_type=\"shortcode.default\">\n\t\t\t\t<div class=\"elementor-widget-container\">\n\t\t\t\t\t\t\t<div class=\"elementor-shortcode\">\t<div class=\"cwc-container\">\r\n\t\t<div class=\"cwc-wrapper\">\r\n\t\t\t<div class=\"select-section\">\r\n\t\t\t\t<h2 class=\"select-section__title\">Selecteer injecties of tabletten<\/h2>\r\n\t\t\t\t<div class=\"select-section__button-group\">\r\n\t\t\t\t\t<button class=\"select-section__button active\" id=\"injection-btn\">\r\n\t\t\t\t\t\t<p class=\"kind\">injecties<\/p>\r\n\t\t\t\t\t\t<img data-opt-id=742975361  fetchpriority=\"high\" decoding=\"async\" src=\"https:\/\/ml9txs9ouv9q.i.optimole.com\/w:auto\/h:auto\/q:mauto\/f:best\/http:\/\/fipmed.co\/wp-content\/uploads\/2023\/10\/injections.png\" alt=\"injection\" class=\"dosage\" \/>\r\n\t\t\t\t\t\t<img data-opt-id=1133396674  data-opt-src=\"https:\/\/ml9txs9ouv9q.i.optimole.com\/w:auto\/h:auto\/q:mauto\/f:best\/http:\/\/fipmed.co\/wp-content\/uploads\/2023\/10\/check_mark.png\"  decoding=\"async\" src=\"data:image/svg+xml,%3Csvg%20viewBox%3D%220%200%20100%%20100%%22%20width%3D%22100%%22%20height%3D%22100%%22%20xmlns%3D%22http%3A%2F%2Fwww.w3.org%2F2000%2Fsvg%22%3E%3Crect%20width%3D%22100%%22%20height%3D%22100%%22%20fill%3D%22transparent%22%2F%3E%3C%2Fsvg%3E\" alt=\"check-mark\" class=\"check-mark\" \/><noscript><img data-opt-id=1133396674  decoding=\"async\" src=\"https:\/\/ml9txs9ouv9q.i.optimole.com\/w:auto\/h:auto\/q:mauto\/f:best\/http:\/\/fipmed.co\/wp-content\/uploads\/2023\/10\/check_mark.png\" alt=\"check-mark\" class=\"check-mark\" \/></noscript>\r\n\t\t\t\t\t\t<p class=\"case\">gevorderde gevallen<\/p>\r\n\t\t\t\t\t<\/button>\r\n\t\r\n\t\t\t\t\t<button class=\"select-section__button\" id=\"tablets-btn\">\r\n\t\t\t\t\t\t<p class=\"kind\">tabletten<\/p>\r\n\t\t\t\t\t\t<img data-opt-id=687681235  data-opt-src=\"https:\/\/ml9txs9ouv9q.i.optimole.com\/w:auto\/h:auto\/q:mauto\/f:best\/http:\/\/fipmed.co\/wp-content\/uploads\/2023\/10\/tablets.png\"  decoding=\"async\" src=\"data:image/svg+xml,%3Csvg%20viewBox%3D%220%200%20100%%20100%%22%20width%3D%22100%%22%20height%3D%22100%%22%20xmlns%3D%22http%3A%2F%2Fwww.w3.org%2F2000%2Fsvg%22%3E%3Crect%20width%3D%22100%%22%20height%3D%22100%%22%20fill%3D%22transparent%22%2F%3E%3C%2Fsvg%3E\" alt=\"tablet\" class=\"dosage\" \/><noscript><img data-opt-id=687681235  decoding=\"async\" src=\"https:\/\/ml9txs9ouv9q.i.optimole.com\/w:auto\/h:auto\/q:mauto\/f:best\/http:\/\/fipmed.co\/wp-content\/uploads\/2023\/10\/tablets.png\" alt=\"tablet\" class=\"dosage\" \/></noscript>\r\n\t\t\t\t\t\t<img data-opt-id=1133396674  data-opt-src=\"https:\/\/ml9txs9ouv9q.i.optimole.com\/w:auto\/h:auto\/q:mauto\/f:best\/http:\/\/fipmed.co\/wp-content\/uploads\/2023\/10\/check_mark.png\"  decoding=\"async\" src=\"data:image/svg+xml,%3Csvg%20viewBox%3D%220%200%20100%%20100%%22%20width%3D%22100%%22%20height%3D%22100%%22%20xmlns%3D%22http%3A%2F%2Fwww.w3.org%2F2000%2Fsvg%22%3E%3Crect%20width%3D%22100%%22%20height%3D%22100%%22%20fill%3D%22transparent%22%2F%3E%3C%2Fsvg%3E\" alt=\"check-mark\" class=\"check-mark d-none\" \/><noscript><img data-opt-id=1133396674  decoding=\"async\" src=\"https:\/\/ml9txs9ouv9q.i.optimole.com\/w:auto\/h:auto\/q:mauto\/f:best\/http:\/\/fipmed.co\/wp-content\/uploads\/2023\/10\/check_mark.png\" alt=\"check-mark\" class=\"check-mark d-none\" \/></noscript>\r\n\t\t\t\t\t\t<p class=\"case\">milde gevallen<\/p>\r\n\t\t\t\t\t<\/button>\r\n\t\t\t\t<\/div>\r\n\t\t\t<\/div>\r\n\r\n\t\t\t<div class=\"calculator\" id=\"injection-calculator\">\r\n\t\t\t\t<h2 class=\"calculator__title\">injecties<\/h2>\r\n\t\t\t\t<p class=\"calculator__subtitle\">voor gevorderde gevallen<\/p>\r\n\r\n\t\t\t\t<div class=\"cwc-slider-container\">\r\n\t\t\t\t\t<h3 class=\"cwc-slider__title\">Het gewicht van uw kat (kg)<\/h3>\r\n\t\t\t\t\t<div class=\"slider-container\">\r\n\t\t\t\t\t\t<button class=\"slider-btn prev-btn\">-<\/button>\r\n\t\t\t\t\t\t<div class=\"slider-wrapper\">\r\n\t\t\t\t\t\t\t<input type=\"range\" min=\"1\" max=\"8\" step=\"1\" value=\"1\" class=\"slider\" id=\"injection-slider\" \/>\r\n\t\t\t\t\t\t\t<div class=\"slider-values\">\r\n\t\t\t\t\t\t\t\t<span>1<\/span>\r\n\t\t\t\t\t\t\t\t<span>2<\/span>\r\n\t\t\t\t\t\t\t\t<span>3<\/span>\r\n\t\t\t\t\t\t\t\t<span>4<\/span>\r\n\t\t\t\t\t\t\t\t<span>5<\/span>\r\n\t\t\t\t\t\t\t\t<span>6<\/span>\r\n\t\t\t\t\t\t\t\t<span>7<\/span>\r\n\t\t\t\t\t\t\t\t<span>8<\/span>\r\n\t\t\t\t\t\t\t<\/div>\r\n\t\t\t\t\t\t\t<div id=\"injection-tooltip\" class=\"tooltip\"><span>1 kg<\/span><\/div>\r\n\t\t\t\t\t\t<\/div>\r\n\t\t\t\t\t\t<button class=\"slider-btn next-btn\">+<\/button>\r\n\t\t\t\t\t<\/div>\r\n\t\t\t\t\t<p class=\"cwc-slider__comment\">Rond het getal naar boven af \u200b\u200bnaar het grotere getal<\/p>\r\n\t\t\t\t<\/div>\r\n\r\n\t\t\t\t<div class=\"cwc-result-container\">\r\n\t\t\t\t\t<div class=\"cwc-input-wrapper\">\r\n\t\t\t\t\t\t<input type=\"text\" id=\"volume-of-product\" readonly \/>\r\n\t\t\t\t\t\t<label for=\"volume-of-product\">mg\/ml 7ml vial<\/label>\r\n\t\t\t\t\t<\/div>\r\n\t\t\t\t\t<div class=\"cwc-input-wrapper\">\r\n\t\t\t\t\t\t<input type=\"text\" id=\"volume\" readonly \/>\r\n\t\t\t\t\t\t<label for=\"volume\">ml per dag<\/label>\r\n\t\t\t\t\t<\/div>\r\n\t\t\t\t\t<div class=\"cwc-input-wrapper\">\r\n\t\t\t\t\t\t<input type=\"text\" id=\"vials\" readonly \/>\r\n\t\t\t\t\t\t<label for=\"vials\">injectieflacons gedurende 30 dagen<\/label>\r\n\t\t\t\t\t<\/div>\r\n\t\t\t\t<\/div>\r\n\t\t\t<\/div>\r\n\r\n\t\t\t<div class=\"calculator d-none\" id=\"tablet-calculator\">\r\n\t\t\t\t<h2 class=\"calculator__title\">tabletten<\/h2>\r\n\t\t\t\t<p class=\"calculator__subtitle\">voor milde gevallen<\/p>\r\n\r\n\t\t\t\t<div class=\"cwc-slider-container\">\r\n\t\t\t\t\t<h3 class=\"cwc-slider__title\">Het gewicht van uw kat (kg)<\/h3>\r\n\t\t\t\t\t<div class=\"slider-container\">\r\n\t\t\t\t\t\t<button class=\"slider-btn prev-btn\">-<\/button>\r\n\t\t\t\t\t\t<div class=\"slider-wrapper\">\r\n\t\t\t\t\t\t\t<input type=\"range\" min=\"1\" max=\"8\" step=\"1\" value=\"1\" class=\"slider\" id=\"tablet-slider\" \/>\r\n\t\t\t\t\t\t\t<div class=\"slider-values\">\r\n\t\t\t\t\t\t\t\t<span>1<\/span>\r\n\t\t\t\t\t\t\t\t<span>2<\/span>\r\n\t\t\t\t\t\t\t\t<span>3<\/span>\r\n\t\t\t\t\t\t\t\t<span>4<\/span>\r\n\t\t\t\t\t\t\t\t<span>5<\/span>\r\n\t\t\t\t\t\t\t\t<span>6<\/span>\r\n\t\t\t\t\t\t\t\t<span>7<\/span>\r\n\t\t\t\t\t\t\t\t<span>8<\/span>\r\n\t\t\t\t\t\t\t<\/div>\r\n\t\t\t\t\t\t\t<div id=\"tablet-tooltip\" class=\"tooltip\"><span>1 kg<\/span><\/div>\r\n\t\t\t\t\t\t<\/div>\r\n\t\t\t\t\t\t<button class=\"slider-btn next-btn\">+<\/button>\r\n\t\t\t\t\t<\/div>\r\n\t\t\t\t\t<p class=\"cwc-slider__comment\">Rond het getal naar boven af \u200b\u200bnaar het grotere getal<\/p>\r\n\t\t\t\t<\/div>\r\n\r\n\t\t\t\t<div class=\"cwc-result-container\">\r\n\t\t\t\t\t<div class=\"cwc-input-wrapper\">\r\n\t\t\t\t\t\t<input type=\"text\" id=\"mass-per-tablet\" readonly \/>\r\n\t\t\t\t\t\t<label for=\"mass-per-tablet\">mg tablet<\/label>\r\n\t\t\t\t\t<\/div>\r\n\t\t\t\t\t<div class=\"cwc-input-wrapper\">\r\n\t\t\t\t\t\t<input type=\"text\" id=\"tablets-num-per-day\" readonly \/>\r\n\t\t\t\t\t\t<label for=\"tablets-num-per-day\">tablet elke dag<\/label>\r\n\t\t\t\t\t<\/div>\r\n\t\t\t\t\t<div class=\"cwc-input-wrapper\">\r\n\t\t\t\t\t\t<input type=\"text\" id=\"strips-num-to-purchase\" readonly \/>\r\n\t\t\t\t\t\t<label for=\"strips-num-to-purchase\">strips voor 84 dagen<\/label>\r\n\t\t\t\t\t<\/div>\r\n\t\t\t\t<\/div>\r\n\t\t\t<\/div>\r\n\t\t\t\r\n\t\t\t<div class=\"cwc-buy-container\">\r\n\t\t\t\t<div class=\"cwc-buy-container__info\" id=\"injection-info\">\r\n\t\t\t\t\t<span>Behandel de pati\u00ebnt minimaal 30 dagen met injecties voordat u de rest van de 54 dagen tabletten gebruikt.\n<\/span>\r\n\t\t\t\t<\/div>\r\n\t\t\t\t<div class=\"cwc-buy-container__info d-none\" id=\"tablet-info\">\r\n\t\t\t\t\t<span>Verdubbel de dosering voor Neuro en Oculaire FIP. Behandel gedurende minimaal 84 dagen om toekomstige terugvallen te voorkomen.\n<\/span>\r\n\t\t\t\t<\/div>\r\n\t\t\t\t<p class=\"cwc-buy-container__subinfo\">Bij terugval: verhoog de dosering met 50%<\/p>\r\n\t\t\t\t<p class=\"cwc-buy-container__subinfo_1\">Bij ernstige gevallen de dosering met 20% verhogen<\/p>\r\n\t\t\t\t<a href=\"https:\/\/www.fipmed.co\/fip-treatment\" class=\"cwc-buy-button\">Klik om te kopen<\/a>\r\n\t\t\t<\/div>\r\n\t\t<\/div>\r\n\t<\/div>\r\n\t <\/div>\n\t\t\t\t\t\t<\/div>\n\t\t\t\t<\/div>\n\t\t\t\t\t<\/div>\n\t\t<\/div>\n\t\t\t\t\t<\/div>\n\t\t<\/section>\n\t\t\t\t<section class=\"elementor-section elementor-top-section elementor-element elementor-element-4ba666e elementor-section-boxed elementor-section-height-default elementor-section-height-default\" data-id=\"4ba666e\" data-element_type=\"section\">\n\t\t\t\t\t\t<div class=\"elementor-container elementor-column-gap-default\">\n\t\t\t\t\t<div class=\"elementor-column elementor-col-100 elementor-top-column elementor-element elementor-element-a8592f3\" data-id=\"a8592f3\" data-element_type=\"column\">\n\t\t\t<div class=\"elementor-widget-wrap elementor-element-populated\">\n\t\t\t\t\t\t<div class=\"elementor-element elementor-element-ca7587e elementor-widget__width-initial elementor-widget elementor-widget-text-editor\" data-id=\"ca7587e\" data-element_type=\"widget\" data-widget_type=\"text-editor.default\">\n\t\t\t\t<div class=\"elementor-widget-container\">\n\t\t\t\t\t\t\t\t\t<p>De juiste dosering is cruciaal bij de behandeling van FIP.  <span style=\"color: var( --e-global-color-text ); font-weight: var( --e-global-typography-text-font-weight );\">Het is belangrijk om de voorgeschreven dosering strikt op te volgen en niet aan te passen zonder een dierenarts te raadplegen.<br \/>\nOnnauwkeurige dosering kan leiden tot ineffectieve behandeling of zelfs nadelige effecten op de gezondheid van de kat. <\/span><\/p>\n<p>Dit is de meest gebruikte en meest gedocumenteerde <a href=\"https:\/\/fipmed.co\/fip-treatment\/\" target=\"_blank\" rel=\"noopener\">behandeling voor FIP<\/a>. Het is effectief voor alle vormen van FIP (met de juiste dosering).<\/p>\n<p><b style=\"color: #202020; font-size: 32px; letter-spacing: 0px;\"> <\/b><\/p>\n<p><b style=\"color: #202020; font-size: 32px; letter-spacing: 0px;\">Het typische protocol is 12 weken (84 dagen) onafgebroken behandeling:<\/b><\/p>\n<h5> <\/h5>\n<h5><strong>Dosering voor injecties:<\/strong><\/h5>\n<p><span style=\"color: var( --e-global-color-text ); font-weight: var( --e-global-typography-text-font-weight );\">6 mg\/kg voor <a href=\"https:\/\/fipmed.co\/nl\/nat-fip-of-droog-fip-types-van-kat-fip\/\" target=\"_blank\" rel=\"noopener\">natte en droge FIP<\/a><\/span><\/p>\n<p><span style=\"color: var( --e-global-color-text ); font-weight: var( --e-global-typography-text-font-weight );\">8 mg\/kg voor FIP voor de ogen<\/span><\/p>\n<p><span style=\"color: var( --e-global-color-text ); font-weight: var( --e-global-typography-text-font-weight );\">10 mg\/kg voor neurologische FIP<\/span><\/p>\n<p><span style=\"color: var( --e-global-color-text ); font-weight: var( --e-global-typography-text-font-weight );\">Onze calculator is ontwikkeld om je te helpen de berekeningen te vereenvoudigen. Voor een nauwkeurigere dosering kun je de bovenstaande hoeveelheden gebruiken, of je dierenarts vragen een geschikte dosering te bepalen.  <\/span><\/p>\n<h3><b> <\/b><\/h3>\n<h5><strong>Dosering voor tabletten:<\/strong><\/h5>\n<h6> <\/h6>\n<h6><span style=\"text-decoration: underline;\"><strong>* Voor natte FIP en droge FIP<\/strong><\/span><\/h6>\n<h6> <\/h6>\n<h6><strong>3kg<\/strong><\/h6>\n<p>1x 30mg Fipmed tablet (Met werkelijke hoeveelheid van 45mg GS441524. Ongeveer 75% opname na vertering)<\/p>\n<h6><strong>4kg<\/strong><\/h6>\n<p>1x 40mg Fipmed tablet (Met werkelijke hoeveelheid van 60mg GS441524. Ongeveer 75% opname na vertering)<\/p>\n<h6><strong>5 kg<\/strong><\/h6>\n<p>1x 50mg Fipmed tablet (Met werkelijke hoeveelheid van 75mg GS441524. Ongeveer 75% opname na vertering)<\/p>\n<h6> <\/h6>\n<h6><span style=\"text-decoration: underline;\"><strong>* Voor Oculaire FIP en Neurologische FIP, verdubbel de dosis. Neem twee tabletten in plaats van \u00e9\u00e9n.  <\/strong><\/span><\/h6>\n<h6> <\/h6>\n<h6><strong>* Let op: dit is de offici\u00eble aanbevolen dosering voor GS441524.<br \/>\nPas op voor andere doseringsinstructies.<br \/>\nAls een hogere dosering wordt aanbevolen, kan het zijn dat het geneesmiddel niet GS441524 is maar EIDD 2801.<br \/>\nEIDD2801 heeft een hoge toxiciteit en mutagene eigenschappen.<br \/>\nHet veroorzaakt kanker bij katten op latere leeftijd.    <span style=\"color: #000000;\">  EIDD2801 wordt voornamelijk geproduceerd in capsulevorm.  <\/span><\/strong><\/h6>\n<h3> <\/h3>\n<h3><b>Aanpassingen van de dosering tijdens het behandeltraject<\/b><\/h3>\n<p>We raden aan om de dosis aan te passen met wekelijkse gewichtscontroles.<br \/>\nVeel van deze katten kunnen veel aankomen, omdat ze in het begin zo mager zijn of omdat ze groeien, of allebei.<br \/>\nAls er wat gewichtsverlies optreedt tijdens de eerste paar weken van de therapie, verlaag de dosering dan niet.<br \/>\nAls je tijdens de behandeling niet voldoende aankomt, is dat een slecht teken.   <\/p>\n<p>Verhoog de dosering niet tenzij er dwingende redenen zijn om dit te doen, zoals falen, trage vooruitgang, lage activiteitsniveaus, falen van initi\u00eble klinische indicatoren om op te lossen, of een verandering in de vorm van de ziekte met oogheelkundige of neurologische symptomen.<\/p>\n<p>Hier komt de kunst om de hoek kijken, want je wilt niet te gefocust raken op bepaalde bloedwaarden die niet helemaal typisch zijn en de algemene gezondheid van de kat over het hoofd zien.<\/p>\n<p>De globuline kan bijvoorbeeld nog steeds een beetje hoog zijn, maar andere essenti\u00eble bloedtestwaarden en gezondheidsstatus zijn in orde.<br \/>\nAls er een significante reden is om de dosering te verhogen, moet dit altijd van +2 tot +5 mg\/kg per dag zijn en gedurende minimaal 4 weken.<br \/>\nAls 4 weken de behandeltijd van 12 weken verlengt, wordt de behandeltijd verlengd.  <\/p>\n<p>Als er geen verbetering optreedt, betekent dit dat de dosering nog steeds onvoldoende is, dat er resistentie tegen het medicijn optreedt, dat de kat geen FIP heeft of dat er andere ziekten zijn die de behandeling bemoeilijken.<\/p>\n<h3><b> <\/b><\/h3>\n<div>\n<h3 style=\"letter-spacing: normal;\"><span style=\"letter-spacing: 0px;\"><span style=\"font-family: Montserrat;\">Waarom duurt de behandeling 84 dagen?<\/span><\/span><\/h3>\n<h3 style=\"letter-spacing: normal;\"><span style=\"color: #7a7a7a; font-size: 17px; font-weight: 400; letter-spacing: 0px;\">FIPMed is bedoeld om de replicatie van het virus te stoppen. Het doodt geen bestaand virus in het lichaam. Het Coronavirus kan 90 dagen in een kat leven. Daarom is het belangrijk om de kat 84 dagen te behandelen en te wachten tot al het bestaande virus op natuurlijke wijze is afgestorven voordat de behandeling wordt gestopt.  <\/span><\/h3>\n<p><span style=\"color: #7a7a7a; font-size: 17px; font-weight: 400; letter-spacing: 0px;\"> <\/span><\/p>\n<\/div>\n<h3><b>Weten wanneer je kat volledig hersteld is van FIP  <\/b><\/h3>\n<p>Een van de moeilijkste beslissingen is om te bepalen wanneer de behandeling moet worden gestaakt.<br \/>\nHoewel sommige katten, vaak jongere katten met natte FIP, kunnen genezen in slechts 8 weken en mogelijk eerder, is de gebruikelijke behandelingstijd 12 weken.<br \/>\nBij sommige katten kan het zelfs nodig zijn om de dosis aan te passen of de therapie langer te laten duren.  <\/p>\n<p>Kritische bloedwaarden zoals hematocriet, totaal eiwit, albumine en globuline niveaus, evenals totale WBC en absolute lymfocytentellingen, normaliseren meestal bij katten op 8-10 weken, wanneer er vaak een onverwachte toename in activiteitsniveaus is.<br \/>\nEr wordt gedacht, maar niet bevestigd, dat de kat zijn eigen immuniteit tegen het virus ontwikkelt tussen 8 en 10 weken. <\/p>\n<p>Helaas is er geen gemakkelijke test om te bepalen of er genezing is opgetreden en de angst voor terugval zet eigenaren, behandelaars en dierenartsen er soms toe aan om de therapie na 84 dagen voort te zetten.<\/p>\n<p>Angst voor terugvallen zal de personen die deelnemen aan het besluitvormingsproces ook aanmoedigen om te voorzichtig te zijn met enkele bloedwaarden die een beetje afwijkend zijn, zoals een beetje hoge globuline of een beetje lage A:G ratio.<\/p>\n<p>Er moet aan herinnerd worden dat een normaal bereik voor een bloedwaarde de meerderheid van de dieren omvat, maar dat het een klokvormige curve is en dat een paar uitzonderlijke gevallen waarden zullen hebben aan de rand van deze curves.<br \/>\nDenk aan de mate van pathologie die kan ontstaan in een FIP zieke buik, maar ook aan hoe littekenvorming en andere blijvende effecten het normale uiterlijk kunnen be\u00efnvloeden bij katten die goed behandeld zijn.<br \/>\nWanneer dergelijke zorgen naar voren komen, is het beter om het hele plaatje te bekijken in plaats van slechts \u00e9\u00e9n klein aspect.  <\/p>\n<p>Het belangrijkste resultaat van de behandeling is de terugkeer naar een normale gezondheid, die uit twee componenten bestaat &#8211; uiterlijke tekenen van gezondheid en innerlijke tekenen van gezondheid.<br \/>\nUiterlijke tekenen van gezondheid zijn een terugkeer naar normale activiteitsniveaus, eetlust, passende gewichtstoename en\/of groei en vachtkwaliteit.<br \/>\nDit laatste is vaak een van de beste indicatoren voor de gezondheid van een kat.  <\/p>\n<p>De terugkeer naar normale waarden van bepaalde essenti\u00eble waarden op basis van periodieke volledige bloedtellingen (CBC) en chemische serumprofielen is een van de interne markers van gezondheid.<br \/>\nHet hematocriet en het relatieve en absolute totaal aantal witte bloedcellen, neutrofielen en lymfocyten zijn de meest relevante variabelen in de CBC.<br \/>\nDe relevante waarden van het panel voor serumchemie (of serumelektroforese) zijn totaal eiwit, globuline, albumine en de A:G-verhouding.<br \/>\nBilirubinespiegels zijn vaak verhoogd bij katten met uitbundige FIP en kunnen worden gebruikt om de mate en duur van de ontsteking te volgen.   <\/p>\n<p>Wanneer we geconfronteerd worden met dubbelzinnige onzekerheden van verschillende testmethoden, moet de uiteindelijke keuze om een behandeling te staken of uit te breiden altijd gebaseerd zijn op de uiterlijke tekenen van gezondheid in plaats van op de resultaten van een enkele test.<\/p>\n<h3> <\/h3>\n<h3><b>Administratiemethode<\/b><\/h3>\n<p>De optimale dosis van FIP-medicatie is cruciaal voor het verhogen van de effectiviteit.<br \/>\nSubcutane, of onder de huid, toediening is de aanbevolen route voor GS-441524 injecties.<br \/>\nOrale formuleringen daarentegen worden aan katten gegeven door ze door hun voedsel te mengen of rechtstreeks via een orale spuit.  <\/p>\n<h3><b> <\/b><\/h3>\n<h3><b>Drugs die je moet vermijden<\/b><\/h3>\n<p><b>L-lysine: <\/b>Dien nooit L-lysine toe aan een kat met Fe-CoV infectie of FIP omdat het vijandig staat tegenover arginine, dat nodig is voor de immunologische functie.<\/p>\n<p><b>Stero\u00efden na stabilisatie: <\/b>Tijdens de vroege ziekte kan ondersteunende (symptomatische) medicatie nodig zijn om katten lang genoeg in leven te houden om antivirale middelen hun werk te laten doen. Ontstekingsremmers maken vaak deel uit van de medicatie (corticostero\u00efden, NSAIDS). Het verdient de voorkeur om overmatig gebruik van deze medicijnen te vermijden, tenzij op korte basis en alleen als er een dwingende reden is om dit te doen, vooral bij extreem zieke katten gedurende de eerste paar dagen.<\/p>\n<p>Het primaire doel van de behandeling van FIP is het voorkomen van virale replicatie in macrofagen, waardoor de aanmaak van de verschillende ontstekings- en immuunsuppressieve cytokinen die <a href=\"https:\/\/fipmed.co\/nl\/fip-symptomen-tekenen-van-besmette-katten\/\" target=\"_blank\" rel=\"noopener\">de symptomen van FIP<\/a> veroorzaken, onmiddellijk stopt. Terwijl bepaalde medicijnen, zoals corticostero\u00efden en NSAIDS, ontstekingsbevorderende cytokinen kunnen verminderen, blokkeert GS-441524 deze schadelijke cytokinen volledig. Binnen 24-48 uur zorgt FipMed voor significante verbeteringen in temperatuur, activiteit, honger en andere symptomen. Deze verbetering zal aanzienlijk groter zijn dan welk ander medicijn ook. Tenzij er een dwingende reden is om andere medicijnen te blijven gebruiken, moeten deze worden gestaakt zodra er een merkbare en consistente verbetering van de FIP-symptomen optreedt.<\/p>\n<p>Naast het maskeren van FIP-gerelateerde symptomen, kunnen stero\u00efden de distributie van GS-441524 door de bloed-hersenbarri\u00e8re verstoren.<br \/>\nVerschillende onderzoeken hebben aangetoond dat stero\u00efden de permeabiliteit door de bloed-hersenbarri\u00e8re kunnen verminderen.<br \/>\nBij katten kan een verminderde permeabiliteit de effici\u00ebntie van GS-441524 verminderen en de kans op terugval verhogen.  <\/p>\n<p><b>Sommige antibiotica: <\/b>Fluoroquinolone antibiotica bevatten fluor en kunnen de hersenen\/het zenuwstelsel binnendringen. Daardoor kunnen hun bijwerkingen neurologische symptomen veroorzaken. Omdat we erg zieke kittens behandelen, willen we proberen geen nieuwe symptomen toe te voegen die de behandeling in de war kunnen sturen. Als je dierenarts denkt dat een antibioticum met fluoroquinolonen nodig is, volg dan hun advies op, want er zijn een aantal ziektes waarvoor deze klasse medicijnen nodig is.<\/p>\n<p><b>Geneesmiddelen die het CZS kunnen be\u00efnvloeden: <\/b>FIP kan de bloed-hersenbarri\u00e8re passeren. Als het zich eenmaal ontwikkelt, kan het heel moeilijk zijn om katten met neurologische en oculaire aandoeningen te genezen. Katten die langere tijd besmet zijn geweest, hebben een grotere kans om neurologische symptomen te ontwikkelen, wat erop wijst dat het virus de hersenen is binnengedrongen. Dit geldt voor de overgrote meerderheid van de Dry-FIP-pati\u00ebnten. Geneesmiddelen die invloed hebben op het centrale zenuwstelsel kunnen de permeabiliteit door de bloed-hersenbarri\u00e8re be\u00efnvloeden, wat de effectiviteit van de behandeling van FIP zou kunnen verminderen.<\/p>\n<p>Als je weet hoe je een FIP-behandeling op de juiste manier moet toedienen, kun je de genezingskansen van je kat vergroten en zijn leven verlengen.<br \/>\nNeem contact op met ons of je dierenarts over de aanbevolen dosering en frequentie, en eventuele vragen over toedieningstechnieken. <\/p>\n\t\t\t\t\t\t\t\t<\/div>\n\t\t\t\t<\/div>\n\t\t\t\t\t<\/div>\n\t\t<\/div>\n\t\t\t\t\t<\/div>\n\t\t<\/section>\n\t\t\t\t<\/div>\n\t\t","protected":false},"excerpt":{"rendered":"<p>Dosering berekenen We raden aan om een spuit van 3 ml of 5 ml te gebruiken, afhankelijk van het vereiste volume, en een naald van 21 gauge met een lengte van 2,5 cm. Je katzal in gewicht toenemen naarmate de behandeling vordert. Weeg je kat wekelijks en pas de dosering hierop aan. BELANGRIJKE OPMERKING: Verminder [&hellip;]<\/p>\n","protected":false},"author":1,"featured_media":0,"parent":0,"menu_order":0,"comment_status":"closed","ping_status":"closed","template":"elementor_header_footer","meta":{"_glsr_average":0,"_glsr_ranking":0,"_glsr_reviews":0,"footnotes":""},"categories":[],"tags":[],"_links":{"self":[{"href":"https:\/\/fipmed.co\/nl\/wp-json\/wp\/v2\/pages\/21538"}],"collection":[{"href":"https:\/\/fipmed.co\/nl\/wp-json\/wp\/v2\/pages"}],"about":[{"href":"https:\/\/fipmed.co\/nl\/wp-json\/wp\/v2\/types\/page"}],"author":[{"embeddable":true,"href":"https:\/\/fipmed.co\/nl\/wp-json\/wp\/v2\/users\/1"}],"replies":[{"embeddable":true,"href":"https:\/\/fipmed.co\/nl\/wp-json\/wp\/v2\/comments?post=21538"}],"version-history":[{"count":24,"href":"https:\/\/fipmed.co\/nl\/wp-json\/wp\/v2\/pages\/21538\/revisions"}],"predecessor-version":[{"id":24997,"href":"https:\/\/fipmed.co\/nl\/wp-json\/wp\/v2\/pages\/21538\/revisions\/24997"}],"wp:attachment":[{"href":"https:\/\/fipmed.co\/nl\/wp-json\/wp\/v2\/media?parent=21538"}],"wp:term":[{"taxonomy":"category","embeddable":true,"href":"https:\/\/fipmed.co\/nl\/wp-json\/wp\/v2\/categories?post=21538"},{"taxonomy":"post_tag","embeddable":true,"href":"https:\/\/fipmed.co\/nl\/wp-json\/wp\/v2\/tags?post=21538"}],"curies":[{"name":"wp","href":"https:\/\/api.w.org\/{rel}","templated":true}]}}