{"id":21934,"date":"2022-12-02T08:05:01","date_gmt":"2022-12-02T08:05:01","guid":{"rendered":"https:\/\/fipmed.co\/cat-fip-behandeling-medische-vooruitgang-voor-fip-reddt-katten\/"},"modified":"2022-12-02T08:05:01","modified_gmt":"2022-12-02T08:05:01","slug":"cat-fip-behandeling-medische-vooruitgang-voor-fip-reddt-katten","status":"publish","type":"page","link":"https:\/\/fipmed.co\/nl\/cat-fip-behandeling-medische-vooruitgang-voor-fip-reddt-katten\/","title":{"rendered":"Behandeling van FIP bij katten: Medische vooruitgang voor FIP redt katten"},"content":{"rendered":"<p>Er is al een bewezen FIP-behandeling voor katten beschikbaar. Door een gebrek aan financi\u00eble motivatie is er momenteel echter geen medicijn voor <a href=\"\/?page_id=883\" target=\"_blank\" rel=\"noopener\">FIP bij katten<\/a> dat officieel is goedgekeurd. Ondersteunende therapie kan het ongemak verlichten maar verhoogt de overlevingskans niet, zoals ontstekingsremmers en vochtafvoer uit de borst en buik. Euthanasie was in het verleden de beste optie gezien het snelle en hoge sterftecijfer van de ziekte, maar vandaag de dag kan behandeling worden geboden met een hoge mate van succes.<\/p>\n<p>Er worden op dit moment een paar medicijnen onderzocht, waaronder GS441524, GC376, CL-Pro en Remdesivir. Deze medicijnen zijn momenteel niet wettelijk toegankelijk voor klinisch gebruik bij katten.<\/p>\n<h2><\/h2>\n<p><strong>ANTIVIRALEN (proteaseremmers, polymeraseremmers, nucleosideanalogen)<\/strong><\/p>\n<p>De enige <a href=\"https:\/\/fipmed.co\/\" target=\"_blank\" rel=\"noopener\">behandelingen die nu hoop geven aan katten met FIP<\/a> zijn GS441524, een nucleoside-analoog, en GC376, een proteaseremmer.<\/p>\n<p>GS441524 blijft de beste optie voor de behandeling van FIP vanwege de lagere recidiefpercentages in vergelijking met GC376. Het werkt ook sneller in vergelijking met Remdesivir. Remdesivir is in feite een voorloper van GS441524, dus er is een extra stap nodig om Remdesivir om te zetten in GS441524.<\/p>\n<p>&nbsp;<\/p>\n<p><strong>GS-441524<\/strong><\/p>\n<p>Er is bewijs geleverd dat deze medicatie in veel situaties goed werkt. Het was moeilijk om het te krijgen. Remdesivir is, zoals eerder gezegd, de protide of prodrug die het lichaam vervolgens omzet in GS-441524. Het geven van de medicatie in zijn protide of prodrug vorm helpt om het in de cellen van het immuunsysteem te krijgen die immunosuppressieve coronavirussen bevatten. In sommige tests met medicijnkatten werd GS-441524 in de originele formulering gegeven, waarbij geen succesvolle genezing van FIP werd gezien.<\/p>\n<p>&nbsp;<\/p>\n<p>GS441524 is momenteel nog steeds onze beste optie voor behandeling. Maar door de hoge kosten en het gebrek aan toegang tot deze medicatie, zouden katteneigenaren zich meer moeten inspannen om te voorkomen dat hun kat de ziekte oploopt.<\/p>\n<p>&nbsp;<\/p>\n<p><strong>GC376<\/strong><\/p>\n<p>GC376 kan worden beschouwd als een breedspectrum antiviraal geneesmiddel dat <sup>Mpro<\/sup> van verschillende virussen remt, waaronder de coronavirussen zoals FCoV, porcine epidemic diarrhoea virus (PEDV), SARS-CoV, MERS-CoV, SARS-CoV-2, fretten- en nertsencoronavirus. GC376 is de prodrug van GC373, een andere proteaseremmer op basis van dipeptiden.<\/p>\n<p>Behandeling van FIP bij katten met GC376 werd in verband gebracht met bijwerkingen zoals voorbijgaand prikken op de injectieplaatsen, subcutane fibrose, haaruitval en abnormale eruptie van permanente tanden bij jonge katten<span class=\"anchor-text\">[4<\/span>]. Daarom zijn verdere studies nodig om de mogelijke bijwerkingen geassocieerd met het gebruik van GC376 in diermodellen te evalueren, voordat het in klinische studies wordt gebruikt.<\/p>\n<p>GC376 voorkomt de replicatie van FCoV-virus met een ander mechanisme. Het recidiefpercentage bij katten behandeld met GC376 is echter significant hoger dan GS441524. Waar GC376 schittert is wanneer katten een resistentie ontwikkelden tegen GS441524, vooral in gevallen van terugval. Dan is het aan te raden om in plaats daarvan GC376 te gebruiken.<\/p>\n<p>Er zijn ook onderzoeken die aantonen dat een combinatie van zowel GS441524 als GC376 betere resultaten oplevert en ook een kortere behandelingsduur van 6 weken mogelijk maakte in plaats van de gebruikelijke 12 weken.<\/p>\n<p>&nbsp;<\/p>\n<p class=\"p1\"><b>Interferon voor katten<\/b><\/p>\n<p>Interferon is wat het lichaam van nature aanmaakt als reactie op een virusinfectie. Er zijn twee soorten interferon beschikbaar voor dierenartsen: interferon omega voor katten (Virbagen Omega,\u00ae gemaakt door Virbac in Frankrijk) en humaan interferon alfa, dat verkrijgbaar is onder een paar merknamen. Het verdient de voorkeur om interferon voor katten te gebruiken, omdat interferonen soortspecifiek zijn: ze werken het best in de diersoort van oorsprong.<\/p>\n<p>Interferon-omega is een injectie die op de markt wordt gebracht voor katten met FIP. Een klein, vroeg onderzoek toonde veelbelovende resultaten en dus werd het voor een korte periode onderdeel van de standaardbehandeling. Het was een van de vroegste <a href=\"\/?page_id=887\" target=\"_blank\" rel=\"noopener\">behandelingen voor FIP<\/a>, maar het succespercentage was laag.<\/p>\n<p>Een groter dubbelblind placebogecontroleerd onderzoek vond geen voordeel voor interferon. Dat had het einde van de zaak moeten zijn, maar het medicijn is nog steeds verkrijgbaar en mensen pushen nog steeds het eerdere artikel zonder naar het latere te verwijzen.<\/p>\n<p>&nbsp;<\/p>\n<p><strong>CORTICOSTERO\u00cfDEN (ALLEEN VOOR PALLIALITIS)<\/strong><\/p>\n<p class=\"p1\"><span class=\"s1\">Tijdens de vroege ziekte kan ondersteunende (symptomatische) medicatie nodig zijn om katten lang genoeg in leven te houden om antivirale middelen te laten werken. Ontstekingsremmers maken vaak deel uit van de medicatie (corticostero\u00efden, NSAIDS). Het verdient de voorkeur om overmatig gebruik van deze medicijnen te vermijden, tenzij op korte basis en alleen als er een dwingende reden is om dit te doen, vooral bij extreem zieke katten gedurende de eerste paar dagen.<\/span><\/p>\n<p class=\"p1\"><span class=\"s1\">Het primaire doel van de behandeling van FIP is het voorkomen van virale replicatie in macrofagen, waardoor de aanmaak van de verschillende ontstekings- en immuunsuppressieve cytokinen die de symptomen van FIP veroorzaken, onmiddellijk stopt. Terwijl bepaalde medicijnen, zoals corticostero\u00efden (prednisolon) en NSAIDS (meloxicam), ontstekingsbevorderende cytokinen kunnen verminderen, blokkeert GS-441524 deze schadelijke cytokinen volledig. Binnen 24-48 uur zorgt FipMed voor significante verbeteringen in temperatuur, activiteit, honger en andere symptomen. Deze verbetering zal aanzienlijk groter zijn dan welk ander medicijn ook. Tenzij er een dwingende reden is om andere medicijnen te blijven gebruiken, moeten deze worden gestaakt zodra er een merkbare en consistente verbetering van de FIP-symptomen optreedt.<\/span><\/p>\n<p class=\"p1\"><span class=\"s1\">Naast het maskeren van FIP-gerelateerde symptomen, kunnen stero\u00efden de distributie van GS-441524 door de bloed-hersenbarri\u00e8re verstoren. Verschillende onderzoeken hebben aangetoond dat stero\u00efden de permeabiliteit door de bloed-hersenbarri\u00e8re kunnen verminderen. Bij katten kan een verminderde permeabiliteit de effici\u00ebntie van GS-441524 verminderen en de kans op terugval verhogen.<\/span><\/p>\n<p>&nbsp;<\/p>\n<p class=\"p1\"><span class=\"s1\"><b>GS 441524 Veiligheid als FIP-behandeling<\/b><\/span><\/p>\n<p class=\"p1\"><span class=\"s1\">GS-441524 is een veilige en effectieve behandelingsoptie gebleken. Het geneesmiddel werd oorspronkelijk ontwikkeld als antivirale behandeling voor mensen, maar is sindsdien aangepast voor gebruik bij katten.<span class=\"Apple-converted-space\"> <\/span><\/span><\/p>\n<p class=\"p1\"><span class=\"s1\">Meerdere onderzoeken hebben aangetoond dat het geneesmiddel geen significante bijwerkingen of toxiciteit veroorzaakt wanneer het volgens voorschrift wordt toegediend.<\/span><\/p>\n<p class=\"p1\"><span class=\"s1\">Sommige katten kunnen tijdens de behandeling last krijgen van milde bijwerkingen zoals misselijkheid of lusteloosheid. Deze symptomen verdwijnen meestal snel en vereisen geen tussenkomst van een dierenarts.<span class=\"Apple-converted-space\"> <\/span><\/span><\/p>\n<p>&nbsp;<\/p>\n","protected":false},"excerpt":{"rendered":"<p>Er is al een bewezen FIP-behandeling voor katten beschikbaar. Door een gebrek aan financi\u00eble motivatie is er momenteel echter geen medicijn voor FIP bij katten dat officieel is goedgekeurd. Ondersteunende therapie kan het ongemak verlichten maar verhoogt de overlevingskans niet, zoals ontstekingsremmers en vochtafvoer uit de borst en buik. Euthanasie was in het verleden de [&hellip;]<\/p>\n","protected":false},"author":11,"featured_media":2389,"parent":0,"menu_order":0,"comment_status":"closed","ping_status":"closed","template":"","meta":{"_glsr_average":0,"_glsr_ranking":0,"_glsr_reviews":0,"footnotes":""},"categories":[723],"tags":[730,731],"_links":{"self":[{"href":"https:\/\/fipmed.co\/nl\/wp-json\/wp\/v2\/pages\/21934"}],"collection":[{"href":"https:\/\/fipmed.co\/nl\/wp-json\/wp\/v2\/pages"}],"about":[{"href":"https:\/\/fipmed.co\/nl\/wp-json\/wp\/v2\/types\/page"}],"author":[{"embeddable":true,"href":"https:\/\/fipmed.co\/nl\/wp-json\/wp\/v2\/users\/11"}],"replies":[{"embeddable":true,"href":"https:\/\/fipmed.co\/nl\/wp-json\/wp\/v2\/comments?post=21934"}],"version-history":[{"count":0,"href":"https:\/\/fipmed.co\/nl\/wp-json\/wp\/v2\/pages\/21934\/revisions"}],"wp:featuredmedia":[{"embeddable":true,"href":"https:\/\/fipmed.co\/nl\/wp-json\/wp\/v2\/media\/2389"}],"wp:attachment":[{"href":"https:\/\/fipmed.co\/nl\/wp-json\/wp\/v2\/media?parent=21934"}],"wp:term":[{"taxonomy":"category","embeddable":true,"href":"https:\/\/fipmed.co\/nl\/wp-json\/wp\/v2\/categories?post=21934"},{"taxonomy":"post_tag","embeddable":true,"href":"https:\/\/fipmed.co\/nl\/wp-json\/wp\/v2\/tags?post=21934"}],"curies":[{"name":"wp","href":"https:\/\/api.w.org\/{rel}","templated":true}]}}